{"id":2061,"date":"2018-03-08T12:01:50","date_gmt":"2018-03-08T12:01:50","guid":{"rendered":"http:\/\/escort-technology.com\/?page_id=2061"},"modified":"2018-03-08T13:33:09","modified_gmt":"2018-03-08T13:33:09","slug":"radar-koden-serii-mdc-5200_-mdc-5500","status":"publish","type":"page","link":"https:\/\/escort-technology.com\/en\/radar-koden-serii-mdc-5200_-mdc-5500\/","title":{"rendered":"Radar KODEN serii MDC-5200_ MDC-5500"},"content":{"rendered":"<p>Radar KODEN serii MDC-5200_ MDC-5500<\/p>\n<p>\nFunkcja wy\u015bwietlania \u015blad\u00f3w <\/p>\n<p> Obraz radarowy przedstawia dok\u0142adne i rzeczywiste ruchy statk\u00f3w w postaci ich \u015blad\u00f3w. Obiekty stacjonarne takie jak p\u0142awy lub l\u0105d przedstawione s\u0105 bez \u015bladu, bez uwzgl\u0119dnienia ruchu w\u0142asnego statku. Pozwala to u\u017cytkownikowi na lepsze rozr\u00f3\u017cnienie obiekt\u00f3w.  <\/p>\n<p>Podw\u00f3jny zakres radarowy <\/p>\n<p>Funkcja podw\u00f3jnego zakresu pozwala na jednoczesn\u0105 prac\u0119 na dw\u00f3ch r\u00f3\u017cnych zakresach. Dzi\u0119ki temu uzyskujemy obraz jak przy pracy dw\u00f3ch radar\u00f3w. \u00a0<\/p>\n<p>P\u0142ynna zmiana wskaza\u0144 <\/p>\n<p>Zmiana obrazu nast\u0119puje w spos\u00f3b p\u0142ynny w zale\u017cno\u015bci od zmieniaj\u0105cego si\u0119 namiaru.<\/p>\n<p>System \u015bledzenia ATA \u00a0do 50 obiekt\u00f3w <\/p>\n<p>Radar jako opcje oferuje\u00a0 system \u015bledzenia obiekt\u00f3w ATA, umo\u017cliwiaj\u0105cy \u015bledzeni do 50 obiekt\u00f3w znajduj\u0105cych si\u0119 w zasi\u0119gu pracy radaru. Wp\u0142ywa to na popraw\u0119 bezpiecze\u0144stwa, przez obliczanie parametr\u00f3w wp\u0142ywaj\u0105cych na wyst\u0105pienie zagro\u017cenia. Podczas przekroczenia bezpiecznej strefy, urz\u0105dzenie automatycznie b\u0119dzie wprowadza\u0107 obiekty do \u015bledzenia.<\/p>\n<p>System AIS do \u015bledzenia 100 obiekt\u00f3w <\/p>\n<p>Przy pod\u0142\u0105czeniu odbiornika AIS do radaru, otrzymujemy mo\u017cliwo\u015b\u0107 \u015bledzenia 100 obiekt\u00f3w. Informacje s\u0105 wy\u015bwietlane na ekranie radaru. S\u0105 to: nazwa statku, kurs, pr\u0119dko\u015b\u0107. \u00a0<\/p>\n<p>Wej\u015bcie kamery CCD <\/p>\n<p>Radar umo\u017cliwia pod\u0142\u0105czenie zewn\u0119trznej kamery do monitora radarowego. W celu obserwacji pok\u0142adu lub maszyny. W zale\u017cno\u015bci od potrzeb u\u017cytkownika.<\/p>\n<p>Czytelny ekran <\/p>\n<p>Ekran LCD zapewnia lepsz\u0105 widzialno\u015b\u0107 podczas pracy w nocy oraz w pe\u0142nym s\u0142o\u0144cu. Wyposa\u017cony zosta\u0142 w filtr do redukcji odbi\u0107.<\/p>\n<p>Wyj\u015bcie RGB <\/p>\n<p>Wyj\u015bcie RGB umo\u017cliwia pod\u0142\u0105czenie do radaru zewn\u0119trznego monitora. W celu obserwacji obrazu radarowego poza mostkiem. <\/p>\n<p>BROSZURA<\/p>\n<p><!-- {\"name\":\"\",\"type\":\"layout\",\"children\":[{\"name\":\"ANTENA\",\"type\":\"section\",\"props\":{\"width\":\"default\",\"padding\":\"xsmall\",\"style\":\"default\",\"text_color\":\"\",\"media\":\"\",\"height_viewport\":false,\"header_overlay\":\"light\",\"animation\":\"slide-top-medium\",\"padding_remove_top\":false,\"image_size\":\"cover\",\"image\":\"\",\"image_position\":\"bottom-center\",\"image_fixed\":false,\"class\":\"\",\"overlap\":true,\"vertical_align\":\"middle\",\"title_position\":\"top-left\",\"title_rotation\":\"left\",\"title_breakpoint\":\"xl\"},\"children\":[{\"name\":\"\",\"type\":\"row\",\"props\":{\"layout\":\"1-1\",\"breakpoint\":\"m\",\"margin\":\"\",\"fixed_width\":\"large\"},\"children\":[{\"name\":\"\",\"type\":\"column\",\"props\":{\"image_position\":\"center-center\",\"widths\":[\"1-1\"]},\"children\":[{\"name\":\"\",\"type\":\"headline\",\"props\":{\"title_element\":\"h2\",\"content\":\"Radar KODEN serii MDC-5200_ MDC-5500\",\"text_align\":\"center\",\"text_align_fallback\":\"center\",\"maxwidth_align\":\"center\",\"maxwidth\":\"\",\"title_style\":\"h2\",\"title_decoration\":\"\",\"margin\":\"\"}},{\"name\":\"\",\"type\":\"divider\",\"props\":{\"divider_element\":\"hr\"}}]}]},{\"name\":\"\",\"type\":\"row\",\"props\":{\"fixed_width\":\"large\",\"breakpoint\":\"m\",\"layout\":\",2-3\",\"margin\":\"medium\"},\"children\":[{\"name\":\"\",\"type\":\"column\",\"props\":{\"widths\":[\"\"],\"image_position\":\"center-center\"},\"children\":[{\"name\":\"\",\"type\":\"image\",\"props\":{\"margin\":\"default\",\"image\":\"wp-content\\\/uploads\\\/Koden-MDC-5500-Radar.jpg\",\"image_width\":\"300\",\"image_box_shadow\":\"\",\"image_border\":\"rounded\"}},{\"name\":\"\",\"type\":\"image\",\"props\":{\"margin\":\"default\",\"image\":\"wp-content\\\/uploads\\\/koden-5500.jpg\",\"image_width\":\"300\",\"image_box_shadow\":\"\",\"image_border\":\"rounded\",\"link\":\"http:\\\/\\\/escort-technology.com\\\/wp-content\\\/uploads\\\/koden-5500.jpg\"}}]},{\"name\":\"\",\"type\":\"column\",\"props\":{\"widths\":[\"2-3\"],\"image_position\":\"center-center\"},\"children\":[{\"name\":\"\",\"type\":\"text\",\"props\":{\"column_breakpoint\":\"m\",\"margin\":\"medium\",\"content\":\"\n\n<div>\\n\n\n<p><strong>Funkcja wy\\u015bwietlania \\u015blad\\u00f3w <\\\/strong><\\\/p>\\n<\\\/div>\\n\n\n<p><br \\\/> Obraz radarowy przedstawia dok\\u0142adne i rzeczywiste ruchy statk\\u00f3w w postaci ich \\u015blad\\u00f3w. Obiekty stacjonarne takie jak p\\u0142awy lub l\\u0105d przedstawione s\\u0105 bez \\u015bladu, bez uwzgl\\u0119dnienia ruchu w\\u0142asnego statku. Pozwala to u\\u017cytkownikowi na lepsze rozr\\u00f3\\u017cnienie obiekt\\u00f3w. <br \\\/> <\\\/p>\\n\n\n<div>\\n\n\n<p><strong>Podw\\u00f3jny zakres radarowy <\\\/strong><\\\/p>\\n<\\\/div>\\n\n\n<p>Funkcja podw\\u00f3jnego zakresu pozwala na jednoczesn\\u0105 prac\\u0119 na dw\\u00f3ch r\\u00f3\\u017cnych zakresach. Dzi\\u0119ki temu uzyskujemy obraz jak przy pracy dw\\u00f3ch radar\\u00f3w. \\u00a0<\\\/p>\\n\n\n<div>\\n\n\n<p><strong>P\\u0142ynna zmiana wskaza\\u0144 <\\\/strong><\\\/p>\\n<\\\/div>\\n\n\n<p>Zmiana obrazu nast\\u0119puje w spos\\u00f3b p\\u0142ynny w zale\\u017cno\\u015bci od zmieniaj\\u0105cego si\\u0119 namiaru.<\\\/p>\\n\n\n<div>\\n\n\n<p><strong>System \\u015bledzenia ATA \\u00a0do 50 obiekt\\u00f3w <\\\/strong><\\\/p>\\n<\\\/div>\\n\n\n<p>Radar jako opcje oferuje\\u00a0 system \\u015bledzenia obiekt\\u00f3w ATA, umo\\u017cliwiaj\\u0105cy \\u015bledzeni do 50 obiekt\\u00f3w znajduj\\u0105cych si\\u0119 w zasi\\u0119gu pracy radaru. Wp\\u0142ywa to na popraw\\u0119 bezpiecze\\u0144stwa, przez obliczanie parametr\\u00f3w wp\\u0142ywaj\\u0105cych na wyst\\u0105pienie zagro\\u017cenia. Podczas przekroczenia bezpiecznej strefy, urz\\u0105dzenie automatycznie b\\u0119dzie wprowadza\\u0107 obiekty do \\u015bledzenia.<\\\/p>\\n\n\n<div>\\n\n\n<p><strong>System AIS do \\u015bledzenia 100 obiekt\\u00f3w <\\\/strong><\\\/p>\\n<\\\/div>\\n\n\n<p>Przy pod\\u0142\\u0105czeniu odbiornika AIS do radaru, otrzymujemy mo\\u017cliwo\\u015b\\u0107 \\u015bledzenia 100 obiekt\\u00f3w. Informacje s\\u0105 wy\\u015bwietlane na ekranie radaru. S\\u0105 to: nazwa statku, kurs, pr\\u0119dko\\u015b\\u0107. \\u00a0<\\\/p>\\n\n\n<div>\\n\n\n<p><strong>Wej\\u015bcie kamery CCD <\\\/strong><\\\/p>\\n<\\\/div>\\n\n\n<p>Radar umo\\u017cliwia pod\\u0142\\u0105czenie zewn\\u0119trznej kamery do monitora radarowego. W celu obserwacji pok\\u0142adu lub maszyny. W zale\\u017cno\\u015bci od potrzeb u\\u017cytkownika.<\\\/p>\\n\n\n<div>\\n\n\n<p><strong>Czytelny ekran <\\\/strong><\\\/p>\\n<\\\/div>\\n\n\n<p>Ekran LCD zapewnia lepsz\\u0105 widzialno\\u015b\\u0107 podczas pracy w nocy oraz w pe\\u0142nym s\\u0142o\\u0144cu. Wyposa\\u017cony zosta\\u0142 w filtr do redukcji odbi\\u0107.<\\\/p>\\n\n\n<div>\\n\n\n<p><strong>Wyj\\u015bcie RGB <\\\/strong><\\\/p>\\n<\\\/div>\\n\n\n<p>Wyj\\u015bcie RGB umo\\u017cliwia pod\\u0142\\u0105czenie do radaru zewn\\u0119trznego monitora. W celu obserwacji obrazu radarowego poza mostkiem. <\\\/p>\",\"animation\":\"slide-left-medium\",\"text_align\":\"justify\",\"text_align_breakpoint\":\"m\",\"text_align_fallback\":\"center\",\"text_size\":\"\",\"maxwidth\":\"xxlarge\"}}]}]},{\"name\":\"\",\"type\":\"row\",\"props\":{\"fixed_width\":\"large\",\"breakpoint\":\"m\",\"layout\":\"1-1\",\"margin\":\"large\"},\"children\":[{\"name\":\"\",\"type\":\"column\",\"props\":{\"image_position\":\"center-center\",\"widths\":[\"1-1\"]},\"children\":[{\"name\":\"\",\"type\":\"button\",\"props\":{\"gutter\":\"small\",\"inline_align\":\"center\",\"margin\":\"\",\"text_align\":\"center\",\"button_size\":\"large\",\"animation\":\"slide-bottom-medium\"},\"children\":[{\"name\":\"\",\"type\":\"button_item\",\"props\":{\"button_style\":\"secondary\",\"content\":\"BROSZURA\",\"link\":\"wp-content\\\/uploads\\\/MDC-5200-55001.pdf\",\"link_title\":\"Explore More\",\"icon_align\":\"left\",\"link_target\":\"blank\"}}]}]}]}]}]} --><\/p>\n","protected":false},"excerpt":{"rendered":"<p>Radar KODEN serii MDC-5200_ MDC-5500 Funkcja wy\u015bwietlania \u015blad\u00f3w Obraz radarowy przedstawia dok\u0142adne i rzeczywiste ruchy statk\u00f3w w postaci ich \u015blad\u00f3w. Obiekty stacjonarne takie jak p\u0142awy lub l\u0105d przedstawione s\u0105 bez \u015bladu, bez uwzgl\u0119dnienia ruchu w\u0142asnego statku. Pozwala to u\u017cytkownikowi na lepsze rozr\u00f3\u017cnienie obiekt\u00f3w. Podw\u00f3jny zakres radarowy Funkcja podw\u00f3jnego zakresu pozwala na jednoczesn\u0105 prac\u0119 na dw\u00f3ch [&hellip;]<\/p>\n","protected":false},"author":6,"featured_media":0,"parent":0,"menu_order":0,"comment_status":"closed","ping_status":"closed","template":"","meta":{"footnotes":""},"class_list":["post-2061","page","type-page","status-publish","hentry"],"yoast_head":"<!-- This site is optimized with the Yoast SEO plugin v27.5 - https:\/\/yoast.com\/product\/yoast-seo-wordpress\/ -->\n<title>Radar KODEN serii MDC-5200_ MDC-5500 - ESCORT TECHNOLOGY<\/title>\n<meta name=\"robots\" content=\"index, follow, max-snippet:-1, max-image-preview:large, max-video-preview:-1\" \/>\n<link rel=\"canonical\" href=\"https:\/\/escort-technology.com\/en\/radar-koden-serii-mdc-5200_-mdc-5500\/\" \/>\n<meta property=\"og:locale\" content=\"en_US\" \/>\n<meta property=\"og:type\" content=\"article\" \/>\n<meta property=\"og:title\" content=\"Radar KODEN serii MDC-5200_ MDC-5500 - ESCORT TECHNOLOGY\" \/>\n<meta property=\"og:description\" content=\"Radar KODEN serii MDC-5200_ MDC-5500 Funkcja wy\u015bwietlania \u015blad\u00f3w Obraz radarowy przedstawia dok\u0142adne i rzeczywiste ruchy statk\u00f3w w postaci ich \u015blad\u00f3w. Obiekty stacjonarne takie jak p\u0142awy lub l\u0105d przedstawione s\u0105 bez \u015bladu, bez uwzgl\u0119dnienia ruchu w\u0142asnego statku. Pozwala to u\u017cytkownikowi na lepsze rozr\u00f3\u017cnienie obiekt\u00f3w. Podw\u00f3jny zakres radarowy Funkcja podw\u00f3jnego zakresu pozwala na jednoczesn\u0105 prac\u0119 na dw\u00f3ch [&hellip;]\" \/>\n<meta property=\"og:url\" content=\"https:\/\/escort-technology.com\/en\/radar-koden-serii-mdc-5200_-mdc-5500\/\" \/>\n<meta property=\"og:site_name\" content=\"ESCORT TECHNOLOGY\" \/>\n<meta property=\"article:publisher\" content=\"https:\/\/www.facebook.com\/elektronika.morska\/\" \/>\n<meta property=\"article:modified_time\" content=\"2018-03-08T13:33:09+00:00\" \/>\n<meta name=\"twitter:card\" content=\"summary_large_image\" \/>\n<meta name=\"twitter:label1\" content=\"Est. reading time\" \/>\n\t<meta name=\"twitter:data1\" content=\"1 minute\" \/>\n<script type=\"application\/ld+json\" class=\"yoast-schema-graph\">{\"@context\":\"https:\\\/\\\/schema.org\",\"@graph\":[{\"@type\":\"WebPage\",\"@id\":\"https:\\\/\\\/escort-technology.com\\\/en\\\/radar-koden-serii-mdc-5200_-mdc-5500\\\/\",\"url\":\"https:\\\/\\\/escort-technology.com\\\/en\\\/radar-koden-serii-mdc-5200_-mdc-5500\\\/\",\"name\":\"Radar KODEN serii MDC-5200_ MDC-5500 - ESCORT TECHNOLOGY\",\"isPartOf\":{\"@id\":\"http:\\\/\\\/escort-technology.com\\\/de\\\/#website\"},\"datePublished\":\"2018-03-08T12:01:50+00:00\",\"dateModified\":\"2018-03-08T13:33:09+00:00\",\"breadcrumb\":{\"@id\":\"https:\\\/\\\/escort-technology.com\\\/en\\\/radar-koden-serii-mdc-5200_-mdc-5500\\\/#breadcrumb\"},\"inLanguage\":\"en-US\",\"potentialAction\":[{\"@type\":\"ReadAction\",\"target\":[\"https:\\\/\\\/escort-technology.com\\\/en\\\/radar-koden-serii-mdc-5200_-mdc-5500\\\/\"]}]},{\"@type\":\"BreadcrumbList\",\"@id\":\"https:\\\/\\\/escort-technology.com\\\/en\\\/radar-koden-serii-mdc-5200_-mdc-5500\\\/#breadcrumb\",\"itemListElement\":[{\"@type\":\"ListItem\",\"position\":1,\"name\":\"Strona g\u0142\u00f3wna\",\"item\":\"https:\\\/\\\/escort-technology.com\\\/\"},{\"@type\":\"ListItem\",\"position\":2,\"name\":\"Radar KODEN serii MDC-5200_ MDC-5500\"}]},{\"@type\":\"WebSite\",\"@id\":\"http:\\\/\\\/escort-technology.com\\\/de\\\/#website\",\"url\":\"http:\\\/\\\/escort-technology.com\\\/de\\\/\",\"name\":\"ESCORT TECHNOLOGY\",\"description\":\"Elektronika morska i l\u0105dowa\",\"publisher\":{\"@id\":\"http:\\\/\\\/escort-technology.com\\\/de\\\/#organization\"},\"potentialAction\":[{\"@type\":\"SearchAction\",\"target\":{\"@type\":\"EntryPoint\",\"urlTemplate\":\"http:\\\/\\\/escort-technology.com\\\/de\\\/?s={search_term_string}\"},\"query-input\":{\"@type\":\"PropertyValueSpecification\",\"valueRequired\":true,\"valueName\":\"search_term_string\"}}],\"inLanguage\":\"en-US\"},{\"@type\":\"Organization\",\"@id\":\"http:\\\/\\\/escort-technology.com\\\/de\\\/#organization\",\"name\":\"ESCORT TECHNOLOGY\",\"url\":\"http:\\\/\\\/escort-technology.com\\\/de\\\/\",\"logo\":{\"@type\":\"ImageObject\",\"inLanguage\":\"en-US\",\"@id\":\"http:\\\/\\\/escort-technology.com\\\/de\\\/#\\\/schema\\\/logo\\\/image\\\/\",\"url\":\"https:\\\/\\\/escort-technology.com\\\/wp-content\\\/uploads\\\/logo-1.jpg\",\"contentUrl\":\"https:\\\/\\\/escort-technology.com\\\/wp-content\\\/uploads\\\/logo-1.jpg\",\"width\":600,\"height\":165,\"caption\":\"ESCORT TECHNOLOGY\"},\"image\":{\"@id\":\"http:\\\/\\\/escort-technology.com\\\/de\\\/#\\\/schema\\\/logo\\\/image\\\/\"},\"sameAs\":[\"https:\\\/\\\/www.facebook.com\\\/elektronika.morska\\\/\",\"https:\\\/\\\/www.linkedin.com\\\/company\\\/escort-sp-z-o-o-\\\/\"]}]}<\/script>\n<!-- \/ Yoast SEO plugin. -->","yoast_head_json":{"title":"Radar KODEN serii MDC-5200_ MDC-5500 - ESCORT TECHNOLOGY","robots":{"index":"index","follow":"follow","max-snippet":"max-snippet:-1","max-image-preview":"max-image-preview:large","max-video-preview":"max-video-preview:-1"},"canonical":"https:\/\/escort-technology.com\/en\/radar-koden-serii-mdc-5200_-mdc-5500\/","og_locale":"en_US","og_type":"article","og_title":"Radar KODEN serii MDC-5200_ MDC-5500 - ESCORT TECHNOLOGY","og_description":"Radar KODEN serii MDC-5200_ MDC-5500 Funkcja wy\u015bwietlania \u015blad\u00f3w Obraz radarowy przedstawia dok\u0142adne i rzeczywiste ruchy statk\u00f3w w postaci ich \u015blad\u00f3w. Obiekty stacjonarne takie jak p\u0142awy lub l\u0105d przedstawione s\u0105 bez \u015bladu, bez uwzgl\u0119dnienia ruchu w\u0142asnego statku. Pozwala to u\u017cytkownikowi na lepsze rozr\u00f3\u017cnienie obiekt\u00f3w. Podw\u00f3jny zakres radarowy Funkcja podw\u00f3jnego zakresu pozwala na jednoczesn\u0105 prac\u0119 na dw\u00f3ch [&hellip;]","og_url":"https:\/\/escort-technology.com\/en\/radar-koden-serii-mdc-5200_-mdc-5500\/","og_site_name":"ESCORT TECHNOLOGY","article_publisher":"https:\/\/www.facebook.com\/elektronika.morska\/","article_modified_time":"2018-03-08T13:33:09+00:00","twitter_card":"summary_large_image","twitter_misc":{"Est. reading time":"1 minute"},"schema":{"@context":"https:\/\/schema.org","@graph":[{"@type":"WebPage","@id":"https:\/\/escort-technology.com\/en\/radar-koden-serii-mdc-5200_-mdc-5500\/","url":"https:\/\/escort-technology.com\/en\/radar-koden-serii-mdc-5200_-mdc-5500\/","name":"Radar KODEN serii MDC-5200_ MDC-5500 - ESCORT TECHNOLOGY","isPartOf":{"@id":"http:\/\/escort-technology.com\/de\/#website"},"datePublished":"2018-03-08T12:01:50+00:00","dateModified":"2018-03-08T13:33:09+00:00","breadcrumb":{"@id":"https:\/\/escort-technology.com\/en\/radar-koden-serii-mdc-5200_-mdc-5500\/#breadcrumb"},"inLanguage":"en-US","potentialAction":[{"@type":"ReadAction","target":["https:\/\/escort-technology.com\/en\/radar-koden-serii-mdc-5200_-mdc-5500\/"]}]},{"@type":"BreadcrumbList","@id":"https:\/\/escort-technology.com\/en\/radar-koden-serii-mdc-5200_-mdc-5500\/#breadcrumb","itemListElement":[{"@type":"ListItem","position":1,"name":"Strona g\u0142\u00f3wna","item":"https:\/\/escort-technology.com\/"},{"@type":"ListItem","position":2,"name":"Radar KODEN serii MDC-5200_ MDC-5500"}]},{"@type":"WebSite","@id":"http:\/\/escort-technology.com\/de\/#website","url":"http:\/\/escort-technology.com\/de\/","name":"ESCORT TECHNOLOGY","description":"Onshore and offshore electronics","publisher":{"@id":"http:\/\/escort-technology.com\/de\/#organization"},"potentialAction":[{"@type":"SearchAction","target":{"@type":"EntryPoint","urlTemplate":"http:\/\/escort-technology.com\/de\/?s={search_term_string}"},"query-input":{"@type":"PropertyValueSpecification","valueRequired":true,"valueName":"search_term_string"}}],"inLanguage":"en-US"},{"@type":"Organization","@id":"http:\/\/escort-technology.com\/de\/#organization","name":"ESCORT TECHNOLOGY","url":"http:\/\/escort-technology.com\/de\/","logo":{"@type":"ImageObject","inLanguage":"en-US","@id":"http:\/\/escort-technology.com\/de\/#\/schema\/logo\/image\/","url":"https:\/\/escort-technology.com\/wp-content\/uploads\/logo-1.jpg","contentUrl":"https:\/\/escort-technology.com\/wp-content\/uploads\/logo-1.jpg","width":600,"height":165,"caption":"ESCORT TECHNOLOGY"},"image":{"@id":"http:\/\/escort-technology.com\/de\/#\/schema\/logo\/image\/"},"sameAs":["https:\/\/www.facebook.com\/elektronika.morska\/","https:\/\/www.linkedin.com\/company\/escort-sp-z-o-o-\/"]}]}},"_links":{"self":[{"href":"https:\/\/escort-technology.com\/en\/wp-json\/wp\/v2\/pages\/2061","targetHints":{"allow":["GET"]}}],"collection":[{"href":"https:\/\/escort-technology.com\/en\/wp-json\/wp\/v2\/pages"}],"about":[{"href":"https:\/\/escort-technology.com\/en\/wp-json\/wp\/v2\/types\/page"}],"author":[{"embeddable":true,"href":"https:\/\/escort-technology.com\/en\/wp-json\/wp\/v2\/users\/6"}],"replies":[{"embeddable":true,"href":"https:\/\/escort-technology.com\/en\/wp-json\/wp\/v2\/comments?post=2061"}],"version-history":[{"count":3,"href":"https:\/\/escort-technology.com\/en\/wp-json\/wp\/v2\/pages\/2061\/revisions"}],"predecessor-version":[{"id":2131,"href":"https:\/\/escort-technology.com\/en\/wp-json\/wp\/v2\/pages\/2061\/revisions\/2131"}],"wp:attachment":[{"href":"https:\/\/escort-technology.com\/en\/wp-json\/wp\/v2\/media?parent=2061"}],"curies":[{"name":"wp","href":"https:\/\/api.w.org\/{rel}","templated":true}]}}