{"id":2179,"date":"2018-03-09T08:44:08","date_gmt":"2018-03-09T08:44:08","guid":{"rendered":"http:\/\/escort-technology.com\/?page_id=2179"},"modified":"2018-03-09T08:46:44","modified_gmt":"2018-03-09T08:46:44","slug":"manetka-sterowania-simrad-s9","status":"publish","type":"page","link":"https:\/\/escort-technology.com\/en\/manetka-sterowania-simrad-s9\/","title":{"rendered":"Manetka sterowania SIMRAD S9"},"content":{"rendered":"<p>Manetka sterowania SIMRAD S9<\/p>\n<p>U\u017cywana do sterowania NFU przez uk\u0142ad J50, gdy autopilot znajduje si\u0119 w trybie STBY i zmienia si\u0119 w trybie AUTO<br \/>\nMo\u017cliwo\u015b\u0107 ponownego w\u0142\u0105czenia autopilota w trybie AUTO na obecnym kursie. Stosowanie wewn\u0105trz lub na zewn\u0105trz mostka.<br \/>\nManetka Simrad S9 mo\u017ce by\u0107 u\u017cywana do sterowania NFU przez uk\u0142ad J50, gdy autopilot znajduje si\u0119 w trybie STBY i zmienia si\u0119 w trybie AUTO. W zale\u017cno\u015bci od tego, jak jest pod\u0142\u0105czona, S9 wy\u0142\u0105czy autopilot i uruchomi elektrozawory poprzez bezpo\u015brednie zadanie. Gdy wci\u015bni\u0119ty jest uchwyt S9, autopilot zostanie uruchomiony w trybie AUTO na aktualnym kursie.<\/p>\n<p><!-- {\"name\":\"\",\"type\":\"layout\",\"children\":[{\"name\":\"ANTENA\",\"type\":\"section\",\"props\":{\"width\":\"default\",\"padding\":\"xsmall\",\"style\":\"default\",\"text_color\":\"\",\"media\":\"\",\"height_viewport\":false,\"header_overlay\":\"light\",\"animation\":\"slide-top-medium\",\"padding_remove_top\":false,\"image_size\":\"cover\",\"image\":\"\",\"image_position\":\"bottom-center\",\"image_fixed\":false,\"class\":\"\",\"overlap\":true,\"vertical_align\":\"middle\",\"title_position\":\"top-left\",\"title_rotation\":\"left\",\"title_breakpoint\":\"xl\"},\"children\":[{\"name\":\"\",\"type\":\"row\",\"props\":{\"layout\":\"1-1\",\"breakpoint\":\"m\",\"margin\":\"\",\"fixed_width\":\"large\"},\"children\":[{\"name\":\"\",\"type\":\"column\",\"props\":{\"image_position\":\"center-center\",\"widths\":[\"1-1\"]},\"children\":[{\"name\":\"\",\"type\":\"headline\",\"props\":{\"title_element\":\"h2\",\"content\":\"Manetka sterowania SIMRAD S9\",\"text_align\":\"center\",\"text_align_fallback\":\"center\",\"maxwidth_align\":\"center\",\"maxwidth\":\"\",\"title_style\":\"h2\",\"title_decoration\":\"\",\"margin\":\"\"}},{\"name\":\"\",\"type\":\"divider\",\"props\":{\"divider_element\":\"hr\"}}]}]},{\"name\":\"\",\"type\":\"row\",\"props\":{\"fixed_width\":\"large\",\"breakpoint\":\"m\",\"layout\":\",2-3\",\"margin\":\"medium\"},\"children\":[{\"name\":\"\",\"type\":\"column\",\"props\":{\"widths\":[\"\"],\"image_position\":\"center-center\"},\"children\":[{\"name\":\"\",\"type\":\"image\",\"props\":{\"margin\":\"default\",\"image\":\"wp-content\\\/uploads\\\/S9_AP_Remote_md.jpg\",\"image_width\":\"300\",\"image_box_shadow\":\"\",\"image_border\":\"rounded\"}}]},{\"name\":\"\",\"type\":\"column\",\"props\":{\"widths\":[\"2-3\"],\"image_position\":\"center-center\"},\"children\":[{\"name\":\"\",\"type\":\"text\",\"props\":{\"column_breakpoint\":\"m\",\"margin\":\"medium\",\"content\":\"\n\n<p>U\\u017cywana do sterowania NFU przez uk\\u0142ad J50, gdy autopilot znajduje si\\u0119 w trybie STBY i zmienia si\\u0119 w trybie AUTO<\\\/p>\\n\n\n<p>Mo\\u017cliwo\\u015b\\u0107 ponownego w\\u0142\\u0105czenia autopilota w trybie AUTO na obecnym kursie. <br \\\/>Stosowanie wewn\\u0105trz lub na zewn\\u0105trz mostka.<\\\/p>\\n\n\n<p>Manetka Simrad S9 mo\\u017ce by\\u0107 u\\u017cywana do sterowania NFU przez uk\\u0142ad J50, gdy autopilot znajduje si\\u0119 w trybie STBY i zmienia si\\u0119 w trybie AUTO. W zale\\u017cno\\u015bci od tego, jak jest pod\\u0142\\u0105czona, S9 wy\\u0142\\u0105czy autopilot i uruchomi elektrozawory poprzez bezpo\\u015brednie zadanie. Gdy wci\\u015bni\\u0119ty jest uchwyt S9, autopilot zostanie uruchomiony w trybie AUTO na aktualnym kursie.<\\\/p>\",\"animation\":\"slide-left-medium\",\"text_align\":\"justify\",\"text_align_breakpoint\":\"m\",\"text_align_fallback\":\"center\",\"text_size\":\"\",\"maxwidth\":\"xxlarge\"}}]}]}]}]} --><\/p>\n","protected":false},"excerpt":{"rendered":"<p>Manetka sterowania SIMRAD S9 U\u017cywana do sterowania NFU przez uk\u0142ad J50, gdy autopilot znajduje si\u0119 w trybie STBY i zmienia si\u0119 w trybie AUTO Mo\u017cliwo\u015b\u0107 ponownego w\u0142\u0105czenia autopilota w trybie AUTO na obecnym kursie. Stosowanie wewn\u0105trz lub na zewn\u0105trz mostka. Manetka Simrad S9 mo\u017ce by\u0107 u\u017cywana do sterowania NFU przez uk\u0142ad J50, gdy autopilot znajduje [&hellip;]<\/p>\n","protected":false},"author":6,"featured_media":0,"parent":0,"menu_order":0,"comment_status":"closed","ping_status":"closed","template":"","meta":{"footnotes":""},"class_list":["post-2179","page","type-page","status-publish","hentry"],"yoast_head":"<!-- This site is optimized with the Yoast SEO plugin v27.6 - https:\/\/yoast.com\/product\/yoast-seo-wordpress\/ -->\n<title>Manetka sterowania SIMRAD S9 - ESCORT TECHNOLOGY<\/title>\n<meta name=\"robots\" content=\"index, follow, max-snippet:-1, max-image-preview:large, max-video-preview:-1\" \/>\n<link rel=\"canonical\" href=\"https:\/\/escort-technology.com\/en\/de\/manetka-sterowania-simrad-s9\/\" \/>\n<meta property=\"og:locale\" content=\"en_US\" \/>\n<meta property=\"og:type\" content=\"article\" \/>\n<meta property=\"og:title\" content=\"Manetka sterowania SIMRAD S9 - ESCORT TECHNOLOGY\" \/>\n<meta property=\"og:description\" content=\"Manetka sterowania SIMRAD S9 U\u017cywana do sterowania NFU przez uk\u0142ad J50, gdy autopilot znajduje si\u0119 w trybie STBY i zmienia si\u0119 w trybie AUTO Mo\u017cliwo\u015b\u0107 ponownego w\u0142\u0105czenia autopilota w trybie AUTO na obecnym kursie. Stosowanie wewn\u0105trz lub na zewn\u0105trz mostka. Manetka Simrad S9 mo\u017ce by\u0107 u\u017cywana do sterowania NFU przez uk\u0142ad J50, gdy autopilot znajduje [&hellip;]\" \/>\n<meta property=\"og:url\" content=\"https:\/\/escort-technology.com\/en\/de\/manetka-sterowania-simrad-s9\/\" \/>\n<meta property=\"og:site_name\" content=\"ESCORT TECHNOLOGY\" \/>\n<meta property=\"article:publisher\" content=\"https:\/\/www.facebook.com\/elektronika.morska\/\" \/>\n<meta property=\"article:modified_time\" content=\"2018-03-09T08:46:44+00:00\" \/>\n<meta name=\"twitter:card\" content=\"summary_large_image\" \/>\n<meta name=\"twitter:label1\" content=\"Est. reading time\" \/>\n\t<meta name=\"twitter:data1\" content=\"1 minute\" \/>\n<script type=\"application\/ld+json\" class=\"yoast-schema-graph\">{\"@context\":\"https:\\\/\\\/schema.org\",\"@graph\":[{\"@type\":\"WebPage\",\"@id\":\"https:\\\/\\\/escort-technology.com\\\/de\\\/manetka-sterowania-simrad-s9\\\/\",\"url\":\"https:\\\/\\\/escort-technology.com\\\/de\\\/manetka-sterowania-simrad-s9\\\/\",\"name\":\"Manetka sterowania SIMRAD S9 - ESCORT TECHNOLOGY\",\"isPartOf\":{\"@id\":\"http:\\\/\\\/escort-technology.com\\\/de\\\/#website\"},\"datePublished\":\"2018-03-09T08:44:08+00:00\",\"dateModified\":\"2018-03-09T08:46:44+00:00\",\"breadcrumb\":{\"@id\":\"https:\\\/\\\/escort-technology.com\\\/de\\\/manetka-sterowania-simrad-s9\\\/#breadcrumb\"},\"inLanguage\":\"en-US\",\"potentialAction\":[{\"@type\":\"ReadAction\",\"target\":[\"https:\\\/\\\/escort-technology.com\\\/de\\\/manetka-sterowania-simrad-s9\\\/\"]}]},{\"@type\":\"BreadcrumbList\",\"@id\":\"https:\\\/\\\/escort-technology.com\\\/de\\\/manetka-sterowania-simrad-s9\\\/#breadcrumb\",\"itemListElement\":[{\"@type\":\"ListItem\",\"position\":1,\"name\":\"Strona g\u0142\u00f3wna\",\"item\":\"https:\\\/\\\/escort-technology.com\\\/\"},{\"@type\":\"ListItem\",\"position\":2,\"name\":\"Manetka sterowania SIMRAD S9\"}]},{\"@type\":\"WebSite\",\"@id\":\"http:\\\/\\\/escort-technology.com\\\/de\\\/#website\",\"url\":\"http:\\\/\\\/escort-technology.com\\\/de\\\/\",\"name\":\"ESCORT TECHNOLOGY\",\"description\":\"Elektronika morska i l\u0105dowa\",\"publisher\":{\"@id\":\"http:\\\/\\\/escort-technology.com\\\/de\\\/#organization\"},\"potentialAction\":[{\"@type\":\"SearchAction\",\"target\":{\"@type\":\"EntryPoint\",\"urlTemplate\":\"http:\\\/\\\/escort-technology.com\\\/de\\\/?s={search_term_string}\"},\"query-input\":{\"@type\":\"PropertyValueSpecification\",\"valueRequired\":true,\"valueName\":\"search_term_string\"}}],\"inLanguage\":\"en-US\"},{\"@type\":\"Organization\",\"@id\":\"http:\\\/\\\/escort-technology.com\\\/de\\\/#organization\",\"name\":\"ESCORT TECHNOLOGY\",\"url\":\"http:\\\/\\\/escort-technology.com\\\/de\\\/\",\"logo\":{\"@type\":\"ImageObject\",\"inLanguage\":\"en-US\",\"@id\":\"http:\\\/\\\/escort-technology.com\\\/de\\\/#\\\/schema\\\/logo\\\/image\\\/\",\"url\":\"https:\\\/\\\/escort-technology.com\\\/wp-content\\\/uploads\\\/logo-1.jpg\",\"contentUrl\":\"https:\\\/\\\/escort-technology.com\\\/wp-content\\\/uploads\\\/logo-1.jpg\",\"width\":600,\"height\":165,\"caption\":\"ESCORT TECHNOLOGY\"},\"image\":{\"@id\":\"http:\\\/\\\/escort-technology.com\\\/de\\\/#\\\/schema\\\/logo\\\/image\\\/\"},\"sameAs\":[\"https:\\\/\\\/www.facebook.com\\\/elektronika.morska\\\/\",\"https:\\\/\\\/www.linkedin.com\\\/company\\\/escort-sp-z-o-o-\\\/\"]}]}<\/script>\n<!-- \/ Yoast SEO plugin. -->","yoast_head_json":{"title":"Manetka sterowania SIMRAD S9 - ESCORT TECHNOLOGY","robots":{"index":"index","follow":"follow","max-snippet":"max-snippet:-1","max-image-preview":"max-image-preview:large","max-video-preview":"max-video-preview:-1"},"canonical":"https:\/\/escort-technology.com\/en\/de\/manetka-sterowania-simrad-s9\/","og_locale":"en_US","og_type":"article","og_title":"Manetka sterowania SIMRAD S9 - ESCORT TECHNOLOGY","og_description":"Manetka sterowania SIMRAD S9 U\u017cywana do sterowania NFU przez uk\u0142ad J50, gdy autopilot znajduje si\u0119 w trybie STBY i zmienia si\u0119 w trybie AUTO Mo\u017cliwo\u015b\u0107 ponownego w\u0142\u0105czenia autopilota w trybie AUTO na obecnym kursie. Stosowanie wewn\u0105trz lub na zewn\u0105trz mostka. Manetka Simrad S9 mo\u017ce by\u0107 u\u017cywana do sterowania NFU przez uk\u0142ad J50, gdy autopilot znajduje [&hellip;]","og_url":"https:\/\/escort-technology.com\/en\/de\/manetka-sterowania-simrad-s9\/","og_site_name":"ESCORT TECHNOLOGY","article_publisher":"https:\/\/www.facebook.com\/elektronika.morska\/","article_modified_time":"2018-03-09T08:46:44+00:00","twitter_card":"summary_large_image","twitter_misc":{"Est. reading time":"1 minute"},"schema":{"@context":"https:\/\/schema.org","@graph":[{"@type":"WebPage","@id":"https:\/\/escort-technology.com\/de\/manetka-sterowania-simrad-s9\/","url":"https:\/\/escort-technology.com\/de\/manetka-sterowania-simrad-s9\/","name":"Manetka sterowania SIMRAD S9 - ESCORT TECHNOLOGY","isPartOf":{"@id":"http:\/\/escort-technology.com\/de\/#website"},"datePublished":"2018-03-09T08:44:08+00:00","dateModified":"2018-03-09T08:46:44+00:00","breadcrumb":{"@id":"https:\/\/escort-technology.com\/de\/manetka-sterowania-simrad-s9\/#breadcrumb"},"inLanguage":"en-US","potentialAction":[{"@type":"ReadAction","target":["https:\/\/escort-technology.com\/de\/manetka-sterowania-simrad-s9\/"]}]},{"@type":"BreadcrumbList","@id":"https:\/\/escort-technology.com\/de\/manetka-sterowania-simrad-s9\/#breadcrumb","itemListElement":[{"@type":"ListItem","position":1,"name":"Strona g\u0142\u00f3wna","item":"https:\/\/escort-technology.com\/"},{"@type":"ListItem","position":2,"name":"Manetka sterowania SIMRAD S9"}]},{"@type":"WebSite","@id":"http:\/\/escort-technology.com\/de\/#website","url":"http:\/\/escort-technology.com\/de\/","name":"ESCORT TECHNOLOGY","description":"Onshore and offshore electronics","publisher":{"@id":"http:\/\/escort-technology.com\/de\/#organization"},"potentialAction":[{"@type":"SearchAction","target":{"@type":"EntryPoint","urlTemplate":"http:\/\/escort-technology.com\/de\/?s={search_term_string}"},"query-input":{"@type":"PropertyValueSpecification","valueRequired":true,"valueName":"search_term_string"}}],"inLanguage":"en-US"},{"@type":"Organization","@id":"http:\/\/escort-technology.com\/de\/#organization","name":"ESCORT TECHNOLOGY","url":"http:\/\/escort-technology.com\/de\/","logo":{"@type":"ImageObject","inLanguage":"en-US","@id":"http:\/\/escort-technology.com\/de\/#\/schema\/logo\/image\/","url":"https:\/\/escort-technology.com\/wp-content\/uploads\/logo-1.jpg","contentUrl":"https:\/\/escort-technology.com\/wp-content\/uploads\/logo-1.jpg","width":600,"height":165,"caption":"ESCORT TECHNOLOGY"},"image":{"@id":"http:\/\/escort-technology.com\/de\/#\/schema\/logo\/image\/"},"sameAs":["https:\/\/www.facebook.com\/elektronika.morska\/","https:\/\/www.linkedin.com\/company\/escort-sp-z-o-o-\/"]}]}},"_links":{"self":[{"href":"https:\/\/escort-technology.com\/en\/wp-json\/wp\/v2\/pages\/2179","targetHints":{"allow":["GET"]}}],"collection":[{"href":"https:\/\/escort-technology.com\/en\/wp-json\/wp\/v2\/pages"}],"about":[{"href":"https:\/\/escort-technology.com\/en\/wp-json\/wp\/v2\/types\/page"}],"author":[{"embeddable":true,"href":"https:\/\/escort-technology.com\/en\/wp-json\/wp\/v2\/users\/6"}],"replies":[{"embeddable":true,"href":"https:\/\/escort-technology.com\/en\/wp-json\/wp\/v2\/comments?post=2179"}],"version-history":[{"count":2,"href":"https:\/\/escort-technology.com\/en\/wp-json\/wp\/v2\/pages\/2179\/revisions"}],"predecessor-version":[{"id":2182,"href":"https:\/\/escort-technology.com\/en\/wp-json\/wp\/v2\/pages\/2179\/revisions\/2182"}],"wp:attachment":[{"href":"https:\/\/escort-technology.com\/en\/wp-json\/wp\/v2\/media?parent=2179"}],"curies":[{"name":"wp","href":"https:\/\/api.w.org\/{rel}","templated":true}]}}