{"id":2199,"date":"2018-03-09T09:08:38","date_gmt":"2018-03-09T09:08:38","guid":{"rendered":"http:\/\/escort-technology.com\/?page_id=2199"},"modified":"2018-03-09T09:57:45","modified_gmt":"2018-03-09T09:57:45","slug":"manetka-sterowania-nadaznego-simrad-fu80","status":"publish","type":"page","link":"https:\/\/escort-technology.com\/en\/manetka-sterowania-nadaznego-simrad-fu80\/","title":{"rendered":"Manetka sterowania nad\u0105\u017cnego SIMRAD FU80"},"content":{"rendered":"<p>Manetka sterowania nad\u0105\u017cnego SIMRAD FU80<\/p>\n<p>Urz\u0105dzenie SIMRAD FU80 to zdalny kontroler, kt\u00f3ry wsp\u00f3\u0142pracuje autopilotem SIMRAD z AP70 i AP80.<\/p>\n<p>Wy\u015bwietlacz 35 mm x 25 mm<br \/>\nTyp zatwierdzony przez IMO<br \/>\nDwie opcje monta\u017cu &#8211; pulpit i panel (kolor)<br \/>\nSie\u0107 oparta na NMEA2000<br \/>\nKompatybilny z urz\u0105dzeniami z AP24, AP28, NSE, NSO\n<\/p>\n<p><!-- {\"name\":\"\",\"type\":\"layout\",\"children\":[{\"name\":\"ANTENA\",\"type\":\"section\",\"props\":{\"width\":\"default\",\"padding\":\"xsmall\",\"style\":\"default\",\"text_color\":\"\",\"media\":\"\",\"height_viewport\":false,\"header_overlay\":\"light\",\"animation\":\"slide-top-medium\",\"padding_remove_top\":false,\"image_size\":\"cover\",\"image\":\"\",\"image_position\":\"bottom-center\",\"image_fixed\":false,\"class\":\"\",\"overlap\":true,\"vertical_align\":\"middle\",\"title_position\":\"top-left\",\"title_rotation\":\"left\",\"title_breakpoint\":\"xl\"},\"children\":[{\"name\":\"\",\"type\":\"row\",\"props\":{\"layout\":\"1-1\",\"breakpoint\":\"m\",\"margin\":\"\",\"fixed_width\":\"large\"},\"children\":[{\"name\":\"\",\"type\":\"column\",\"props\":{\"image_position\":\"center-center\",\"widths\":[\"1-1\"]},\"children\":[{\"name\":\"\",\"type\":\"headline\",\"props\":{\"title_element\":\"h2\",\"content\":\"Manetka sterowania nad\\u0105\\u017cnego SIMRAD FU80\",\"text_align\":\"center\",\"text_align_fallback\":\"center\",\"maxwidth_align\":\"center\",\"maxwidth\":\"\",\"title_style\":\"h2\",\"title_decoration\":\"\",\"margin\":\"\"}},{\"name\":\"\",\"type\":\"divider\",\"props\":{\"divider_element\":\"hr\"}}]}]},{\"name\":\"\",\"type\":\"row\",\"props\":{\"fixed_width\":\"large\",\"breakpoint\":\"m\",\"layout\":\",2-3\",\"margin\":\"medium\"},\"children\":[{\"name\":\"\",\"type\":\"column\",\"props\":{\"widths\":[\"\"],\"image_position\":\"center-center\"},\"children\":[{\"name\":\"\",\"type\":\"image\",\"props\":{\"margin\":\"default\",\"image\":\"wp-content\\\/uploads\\\/FU80_flat_FL_md.jpg\",\"image_width\":\"200\",\"image_box_shadow\":\"\",\"image_border\":\"rounded\",\"text_align\":\"center\"}}]},{\"name\":\"\",\"type\":\"column\",\"props\":{\"widths\":[\"2-3\"],\"image_position\":\"center-center\"},\"children\":[{\"name\":\"\",\"type\":\"text\",\"props\":{\"column_breakpoint\":\"m\",\"margin\":\"medium\",\"content\":\"\n\n<p>Urz\\u0105dzenie SIMRAD FU80 to zdalny kontroler, kt\\u00f3ry wsp\\u00f3\\u0142pracuje autopilotem SIMRAD z AP70 i AP80.<\\\/p>\\n\n\n<ul>\\n\n\n<li>Wy\\u015bwietlacz 35 mm x 25 mm<\\\/li>\\n\n\n<li>Typ zatwierdzony przez IMO<\\\/li>\\n\n\n<li>Dwie opcje monta\\u017cu - pulpit i panel (kolor)<\\\/li>\\n\n\n<li>Sie\\u0107 oparta na NMEA2000<\\\/li>\\n\n\n<li>Kompatybilny z urz\\u0105dzeniami z AP24, AP28, NSE, NSO<\\\/li>\\n<\\\/ul>\",\"animation\":\"slide-left-medium\",\"text_align\":\"justify\",\"text_align_breakpoint\":\"m\",\"text_align_fallback\":\"center\",\"text_size\":\"\",\"maxwidth\":\"xxlarge\"}}]}]}]}]} --><\/p>\n","protected":false},"excerpt":{"rendered":"<p>Manetka sterowania nad\u0105\u017cnego SIMRAD FU80 Urz\u0105dzenie SIMRAD FU80 to zdalny kontroler, kt\u00f3ry wsp\u00f3\u0142pracuje autopilotem SIMRAD z AP70 i AP80. Wy\u015bwietlacz 35 mm x 25 mm Typ zatwierdzony przez IMO Dwie opcje monta\u017cu &#8211; pulpit i panel (kolor) Sie\u0107 oparta na NMEA2000 Kompatybilny z urz\u0105dzeniami z AP24, AP28, NSE, NSO<\/p>","protected":false},"author":6,"featured_media":0,"parent":0,"menu_order":0,"comment_status":"closed","ping_status":"closed","template":"","meta":{"footnotes":""},"class_list":["post-2199","page","type-page","status-publish","hentry"],"yoast_head":"<!-- This site is optimized with the Yoast SEO plugin v27.5 - https:\/\/yoast.com\/product\/yoast-seo-wordpress\/ -->\n<title>Manetka sterowania nad\u0105\u017cnego SIMRAD FU80 - ESCORT TECHNOLOGY<\/title>\n<meta name=\"robots\" content=\"index, follow, max-snippet:-1, max-image-preview:large, max-video-preview:-1\" \/>\n<link rel=\"canonical\" href=\"https:\/\/escort-technology.com\/en\/manetka-sterowania-nadaznego-simrad-fu80\/\" \/>\n<meta property=\"og:locale\" content=\"en_US\" \/>\n<meta property=\"og:type\" content=\"article\" \/>\n<meta property=\"og:title\" content=\"Manetka sterowania nad\u0105\u017cnego SIMRAD FU80 - ESCORT TECHNOLOGY\" \/>\n<meta property=\"og:description\" content=\"Manetka sterowania nad\u0105\u017cnego SIMRAD FU80 Urz\u0105dzenie SIMRAD FU80 to zdalny kontroler, kt\u00f3ry wsp\u00f3\u0142pracuje autopilotem SIMRAD z AP70 i AP80. Wy\u015bwietlacz 35 mm x 25 mm Typ zatwierdzony przez IMO Dwie opcje monta\u017cu &#8211; pulpit i panel (kolor) Sie\u0107 oparta na NMEA2000 Kompatybilny z urz\u0105dzeniami z AP24, AP28, NSE, NSO\" \/>\n<meta property=\"og:url\" content=\"https:\/\/escort-technology.com\/en\/manetka-sterowania-nadaznego-simrad-fu80\/\" \/>\n<meta property=\"og:site_name\" content=\"ESCORT TECHNOLOGY\" \/>\n<meta property=\"article:publisher\" content=\"https:\/\/www.facebook.com\/elektronika.morska\/\" \/>\n<meta property=\"article:modified_time\" content=\"2018-03-09T09:57:45+00:00\" \/>\n<meta name=\"twitter:card\" content=\"summary_large_image\" \/>\n<script type=\"application\/ld+json\" class=\"yoast-schema-graph\">{\"@context\":\"https:\\\/\\\/schema.org\",\"@graph\":[{\"@type\":\"WebPage\",\"@id\":\"https:\\\/\\\/escort-technology.com\\\/pl\\\/manetka-sterowania-nadaznego-simrad-fu80\\\/\",\"url\":\"https:\\\/\\\/escort-technology.com\\\/pl\\\/manetka-sterowania-nadaznego-simrad-fu80\\\/\",\"name\":\"Manetka sterowania nad\u0105\u017cnego SIMRAD FU80 - ESCORT TECHNOLOGY\",\"isPartOf\":{\"@id\":\"http:\\\/\\\/escort-technology.com\\\/de\\\/#website\"},\"datePublished\":\"2018-03-09T09:08:38+00:00\",\"dateModified\":\"2018-03-09T09:57:45+00:00\",\"breadcrumb\":{\"@id\":\"https:\\\/\\\/escort-technology.com\\\/pl\\\/manetka-sterowania-nadaznego-simrad-fu80\\\/#breadcrumb\"},\"inLanguage\":\"en-US\",\"potentialAction\":[{\"@type\":\"ReadAction\",\"target\":[\"https:\\\/\\\/escort-technology.com\\\/pl\\\/manetka-sterowania-nadaznego-simrad-fu80\\\/\"]}]},{\"@type\":\"BreadcrumbList\",\"@id\":\"https:\\\/\\\/escort-technology.com\\\/pl\\\/manetka-sterowania-nadaznego-simrad-fu80\\\/#breadcrumb\",\"itemListElement\":[{\"@type\":\"ListItem\",\"position\":1,\"name\":\"Strona g\u0142\u00f3wna\",\"item\":\"https:\\\/\\\/escort-technology.com\\\/\"},{\"@type\":\"ListItem\",\"position\":2,\"name\":\"Manetka sterowania nad\u0105\u017cnego SIMRAD FU80\"}]},{\"@type\":\"WebSite\",\"@id\":\"http:\\\/\\\/escort-technology.com\\\/de\\\/#website\",\"url\":\"http:\\\/\\\/escort-technology.com\\\/de\\\/\",\"name\":\"ESCORT TECHNOLOGY\",\"description\":\"Elektronika morska i l\u0105dowa\",\"publisher\":{\"@id\":\"http:\\\/\\\/escort-technology.com\\\/de\\\/#organization\"},\"potentialAction\":[{\"@type\":\"SearchAction\",\"target\":{\"@type\":\"EntryPoint\",\"urlTemplate\":\"http:\\\/\\\/escort-technology.com\\\/de\\\/?s={search_term_string}\"},\"query-input\":{\"@type\":\"PropertyValueSpecification\",\"valueRequired\":true,\"valueName\":\"search_term_string\"}}],\"inLanguage\":\"en-US\"},{\"@type\":\"Organization\",\"@id\":\"http:\\\/\\\/escort-technology.com\\\/de\\\/#organization\",\"name\":\"ESCORT TECHNOLOGY\",\"url\":\"http:\\\/\\\/escort-technology.com\\\/de\\\/\",\"logo\":{\"@type\":\"ImageObject\",\"inLanguage\":\"en-US\",\"@id\":\"http:\\\/\\\/escort-technology.com\\\/de\\\/#\\\/schema\\\/logo\\\/image\\\/\",\"url\":\"https:\\\/\\\/escort-technology.com\\\/wp-content\\\/uploads\\\/logo-1.jpg\",\"contentUrl\":\"https:\\\/\\\/escort-technology.com\\\/wp-content\\\/uploads\\\/logo-1.jpg\",\"width\":600,\"height\":165,\"caption\":\"ESCORT TECHNOLOGY\"},\"image\":{\"@id\":\"http:\\\/\\\/escort-technology.com\\\/de\\\/#\\\/schema\\\/logo\\\/image\\\/\"},\"sameAs\":[\"https:\\\/\\\/www.facebook.com\\\/elektronika.morska\\\/\",\"https:\\\/\\\/www.linkedin.com\\\/company\\\/escort-sp-z-o-o-\\\/\"]}]}<\/script>\n<!-- \/ Yoast SEO plugin. -->","yoast_head_json":{"title":"Manetka sterowania nad\u0105\u017cnego SIMRAD FU80 - ESCORT TECHNOLOGY","robots":{"index":"index","follow":"follow","max-snippet":"max-snippet:-1","max-image-preview":"max-image-preview:large","max-video-preview":"max-video-preview:-1"},"canonical":"https:\/\/escort-technology.com\/en\/manetka-sterowania-nadaznego-simrad-fu80\/","og_locale":"en_US","og_type":"article","og_title":"Manetka sterowania nad\u0105\u017cnego SIMRAD FU80 - ESCORT TECHNOLOGY","og_description":"Manetka sterowania nad\u0105\u017cnego SIMRAD FU80 Urz\u0105dzenie SIMRAD FU80 to zdalny kontroler, kt\u00f3ry wsp\u00f3\u0142pracuje autopilotem SIMRAD z AP70 i AP80. Wy\u015bwietlacz 35 mm x 25 mm Typ zatwierdzony przez IMO Dwie opcje monta\u017cu &#8211; pulpit i panel (kolor) Sie\u0107 oparta na NMEA2000 Kompatybilny z urz\u0105dzeniami z AP24, AP28, NSE, NSO","og_url":"https:\/\/escort-technology.com\/en\/manetka-sterowania-nadaznego-simrad-fu80\/","og_site_name":"ESCORT TECHNOLOGY","article_publisher":"https:\/\/www.facebook.com\/elektronika.morska\/","article_modified_time":"2018-03-09T09:57:45+00:00","twitter_card":"summary_large_image","schema":{"@context":"https:\/\/schema.org","@graph":[{"@type":"WebPage","@id":"https:\/\/escort-technology.com\/pl\/manetka-sterowania-nadaznego-simrad-fu80\/","url":"https:\/\/escort-technology.com\/pl\/manetka-sterowania-nadaznego-simrad-fu80\/","name":"Manetka sterowania nad\u0105\u017cnego SIMRAD FU80 - ESCORT TECHNOLOGY","isPartOf":{"@id":"http:\/\/escort-technology.com\/de\/#website"},"datePublished":"2018-03-09T09:08:38+00:00","dateModified":"2018-03-09T09:57:45+00:00","breadcrumb":{"@id":"https:\/\/escort-technology.com\/pl\/manetka-sterowania-nadaznego-simrad-fu80\/#breadcrumb"},"inLanguage":"en-US","potentialAction":[{"@type":"ReadAction","target":["https:\/\/escort-technology.com\/pl\/manetka-sterowania-nadaznego-simrad-fu80\/"]}]},{"@type":"BreadcrumbList","@id":"https:\/\/escort-technology.com\/pl\/manetka-sterowania-nadaznego-simrad-fu80\/#breadcrumb","itemListElement":[{"@type":"ListItem","position":1,"name":"Strona g\u0142\u00f3wna","item":"https:\/\/escort-technology.com\/"},{"@type":"ListItem","position":2,"name":"Manetka sterowania nad\u0105\u017cnego SIMRAD FU80"}]},{"@type":"WebSite","@id":"http:\/\/escort-technology.com\/de\/#website","url":"http:\/\/escort-technology.com\/de\/","name":"ESCORT TECHNOLOGY","description":"Onshore and offshore electronics","publisher":{"@id":"http:\/\/escort-technology.com\/de\/#organization"},"potentialAction":[{"@type":"SearchAction","target":{"@type":"EntryPoint","urlTemplate":"http:\/\/escort-technology.com\/de\/?s={search_term_string}"},"query-input":{"@type":"PropertyValueSpecification","valueRequired":true,"valueName":"search_term_string"}}],"inLanguage":"en-US"},{"@type":"Organization","@id":"http:\/\/escort-technology.com\/de\/#organization","name":"ESCORT TECHNOLOGY","url":"http:\/\/escort-technology.com\/de\/","logo":{"@type":"ImageObject","inLanguage":"en-US","@id":"http:\/\/escort-technology.com\/de\/#\/schema\/logo\/image\/","url":"https:\/\/escort-technology.com\/wp-content\/uploads\/logo-1.jpg","contentUrl":"https:\/\/escort-technology.com\/wp-content\/uploads\/logo-1.jpg","width":600,"height":165,"caption":"ESCORT TECHNOLOGY"},"image":{"@id":"http:\/\/escort-technology.com\/de\/#\/schema\/logo\/image\/"},"sameAs":["https:\/\/www.facebook.com\/elektronika.morska\/","https:\/\/www.linkedin.com\/company\/escort-sp-z-o-o-\/"]}]}},"_links":{"self":[{"href":"https:\/\/escort-technology.com\/en\/wp-json\/wp\/v2\/pages\/2199","targetHints":{"allow":["GET"]}}],"collection":[{"href":"https:\/\/escort-technology.com\/en\/wp-json\/wp\/v2\/pages"}],"about":[{"href":"https:\/\/escort-technology.com\/en\/wp-json\/wp\/v2\/types\/page"}],"author":[{"embeddable":true,"href":"https:\/\/escort-technology.com\/en\/wp-json\/wp\/v2\/users\/6"}],"replies":[{"embeddable":true,"href":"https:\/\/escort-technology.com\/en\/wp-json\/wp\/v2\/comments?post=2199"}],"version-history":[{"count":3,"href":"https:\/\/escort-technology.com\/en\/wp-json\/wp\/v2\/pages\/2199\/revisions"}],"predecessor-version":[{"id":2211,"href":"https:\/\/escort-technology.com\/en\/wp-json\/wp\/v2\/pages\/2199\/revisions\/2211"}],"wp:attachment":[{"href":"https:\/\/escort-technology.com\/en\/wp-json\/wp\/v2\/media?parent=2199"}],"curies":[{"name":"wp","href":"https:\/\/api.w.org\/{rel}","templated":true}]}}