{"id":2441,"date":"2018-03-19T13:26:29","date_gmt":"2018-03-19T13:26:29","guid":{"rendered":"http:\/\/escort-technology.com\/?page_id=2441"},"modified":"2018-03-19T14:47:34","modified_gmt":"2018-03-19T14:47:34","slug":"antena-d-gnss-simrad-mx521b","status":"publish","type":"page","link":"https:\/\/escort-technology.com\/en\/antena-d-gnss-simrad-mx521b\/","title":{"rendered":"SIMRAD MX521B D\/GNSS antenna"},"content":{"rendered":"<p>Antena D\/GNSS SIMRAD MX521B<\/p>\n<p>D\/GNSS(GPS + GLONSS) SMART<\/p>\n<p>Czujnik GPS \/ DGPS i GLONASS zgodny z IMO<br \/>\nIntegracja z interfejsem NMEA 0183<br \/>\nSystem RAIM<br \/>\nSpe\u0142nia wymogi dla anteny Smart DGPS<br \/>\nBezpo\u015brednie pod\u0142\u0105czenie do wska\u017anika SIMRAD<br \/>\nLepsza ni\u017c 1 metr dok\u0142adno\u015b\u0107 pozycji \u00a0DGPS<br \/>\nLepsza ni\u017c 3 metry dok\u0142adno\u015b\u0107 pozycji GPS<br \/>\nWbudowane \u017ar\u00f3d\u0142o poprawek DGPS\u00a0 SBAS<br \/>\nKompatybilno\u015b\u0107 ze wska\u017anikami CDU MX420 \/ MX510 i MX512<\/p>\n<p>Antena SMART DGPS<\/p>\n<p>Antena Simrad MX521B zapewnia dok\u0142adno\u015b\u0107 pozycji lepsz\u0105 ni\u017c 1 metr<br \/>\nTryb DGPS \/ DGNSS przy korektach RTCM.<\/p>\n<p>ODBIORNIK POPRAWEK R\u00d3\u017bNICOWYCH<br \/>\nNa ca\u0142ym \u015bwiecie znajduje si\u0119 sie\u0107 nadajnik\u00f3w poprawek r\u00f3\u017cnicowych, przesy\u0142anych za po\u015brednictwem standardu RTCM. Antena SIMRAD MX521B posiada wbudowany demodulator u\u017cywany do uzyskania poprawek pozycji, b\u0119d\u0105c w zasi\u0119gu stacji referencyjnej.\u00a0<\/p>\n<p>BROSZURA<\/p>\n<p><!-- {\"name\":\"\",\"type\":\"layout\",\"children\":[{\"name\":\"ANTENA\",\"type\":\"section\",\"props\":{\"width\":\"default\",\"padding\":\"xsmall\",\"style\":\"default\",\"text_color\":\"\",\"media\":\"\",\"height_viewport\":false,\"header_overlay\":\"light\",\"animation\":\"slide-top-medium\",\"padding_remove_top\":false,\"image_size\":\"cover\",\"image\":\"\",\"image_position\":\"bottom-center\",\"image_fixed\":false,\"class\":\"\",\"overlap\":true,\"vertical_align\":\"middle\",\"title_position\":\"top-left\",\"title_rotation\":\"left\",\"title_breakpoint\":\"xl\"},\"children\":[{\"name\":\"\",\"type\":\"row\",\"props\":{\"layout\":\"1-1\",\"breakpoint\":\"m\",\"margin\":\"\",\"fixed_width\":\"large\"},\"children\":[{\"name\":\"\",\"type\":\"column\",\"props\":{\"image_position\":\"center-center\",\"widths\":[\"1-1\"]},\"children\":[{\"name\":\"\",\"type\":\"headline\",\"props\":{\"title_element\":\"h2\",\"content\":\"Antena D\\\/GNSS SIMRAD MX521B\",\"text_align\":\"center\",\"text_align_fallback\":\"center\",\"maxwidth_align\":\"center\",\"maxwidth\":\"\",\"title_style\":\"h2\",\"title_decoration\":\"\",\"margin\":\"\"}},{\"name\":\"\",\"type\":\"divider\",\"props\":{\"divider_element\":\"hr\"}}]}]},{\"name\":\"\",\"type\":\"row\",\"props\":{\"fixed_width\":\"large\",\"breakpoint\":\"m\",\"layout\":\",2-3\",\"margin\":\"medium\"},\"children\":[{\"name\":\"\",\"type\":\"column\",\"props\":{\"widths\":[\"\"],\"image_position\":\"center-center\"},\"children\":[{\"name\":\"\",\"type\":\"image\",\"props\":{\"margin\":\"default\",\"image\":\"wp-content\\\/uploads\\\/MX421_Ant1_shp_md.jpg\",\"image_width\":\"300\",\"image_box_shadow\":\"\",\"image_border\":\"rounded\"}}]},{\"name\":\"\",\"type\":\"column\",\"props\":{\"widths\":[\"2-3\"],\"image_position\":\"center-center\"},\"children\":[{\"name\":\"\",\"type\":\"text\",\"props\":{\"column_breakpoint\":\"m\",\"margin\":\"medium\",\"content\":\"\n\n<p><strong>D\\\/GNSS(GPS + GLONSS) SMART<\\\/strong><\\\/p>\\n\n\n<ul>\\n\n\n<li>Czujnik GPS \\\/ DGPS i GLONASS zgodny z IMO<\\\/li>\\n\n\n<li>Integracja z interfejsem NMEA 0183<\\\/li>\\n\n\n<li>System RAIM<\\\/li>\\n\n\n<li>Spe\\u0142nia wymogi dla anteny Smart DGPS<\\\/li>\\n\n\n<li>Bezpo\\u015brednie pod\\u0142\\u0105czenie do wska\\u017anika SIMRAD<\\\/li>\\n\n\n<li>Lepsza ni\\u017c 1 metr dok\\u0142adno\\u015b\\u0107 pozycji \\u00a0DGPS<\\\/li>\\n\n\n<li>Lepsza ni\\u017c 3 metry dok\\u0142adno\\u015b\\u0107 pozycji GPS<\\\/li>\\n\n\n<li>Wbudowane \\u017ar\\u00f3d\\u0142o poprawek DGPS\\u00a0 SBAS<\\\/li>\\n\n\n<li>Kompatybilno\\u015b\\u0107 ze wska\\u017anikami CDU MX420 \\\/ MX510 i MX512<\\\/li>\\n<\\\/ul>\\n\n\n<p><strong>Antena SMART DGPS<\\\/strong><\\\/p>\\n\n\n<ul>\\n\n\n<li>Antena Simrad MX521B zapewnia dok\\u0142adno\\u015b\\u0107 pozycji lepsz\\u0105 ni\\u017c 1 metr<\\\/li>\\n\n\n<li>Tryb DGPS \\\/ DGNSS przy korektach RTCM.<\\\/li>\\n<\\\/ul>\\n\n\n<p><strong>ODBIORNIK POPRAWEK R\\u00d3\\u017bNICOWYCH<\\\/strong><\\\/p>\\n\n\n<p>Na ca\\u0142ym \\u015bwiecie znajduje si\\u0119 sie\\u0107 nadajnik\\u00f3w poprawek r\\u00f3\\u017cnicowych, przesy\\u0142anych za po\\u015brednictwem standardu RTCM. Antena SIMRAD MX521B posiada wbudowany demodulator u\\u017cywany do uzyskania poprawek pozycji, b\\u0119d\\u0105c w zasi\\u0119gu stacji referencyjnej.\\u00a0<\\\/p>\",\"animation\":\"slide-left-medium\",\"text_align\":\"justify\",\"text_align_breakpoint\":\"m\",\"text_align_fallback\":\"center\",\"text_size\":\"\",\"maxwidth\":\"xxlarge\"}}]}]},{\"name\":\"\",\"type\":\"row\",\"props\":{\"fixed_width\":\"large\",\"breakpoint\":\"m\",\"layout\":\"1-1\",\"margin\":\"large\"},\"children\":[{\"name\":\"\",\"type\":\"column\",\"props\":{\"image_position\":\"center-center\",\"widths\":[\"1-1\"]},\"children\":[{\"name\":\"\",\"type\":\"button\",\"props\":{\"gutter\":\"small\",\"inline_align\":\"center\",\"margin\":\"\",\"text_align\":\"center\",\"button_size\":\"large\",\"animation\":\"slide-bottom-medium\"},\"children\":[{\"name\":\"\",\"type\":\"button_item\",\"props\":{\"button_style\":\"secondary\",\"content\":\"BROSZURA\",\"link\":\"wp-content\\\/uploads\\\/SIMRAD_MX521.pdf\",\"link_title\":\"Explore More\",\"icon_align\":\"left\",\"link_target\":\"blank\"}}]}]}]}]}]} --><\/p>\n","protected":false},"excerpt":{"rendered":"<p>Antena D\/GNSS SIMRAD MX521B D\/GNSS(GPS + GLONSS) SMART Czujnik GPS \/ DGPS i GLONASS zgodny z IMO Integracja z interfejsem NMEA 0183 System RAIM Spe\u0142nia wymogi dla anteny Smart DGPS Bezpo\u015brednie pod\u0142\u0105czenie do wska\u017anika SIMRAD Lepsza ni\u017c 1 metr dok\u0142adno\u015b\u0107 pozycji \u00a0DGPS Lepsza ni\u017c 3 metry dok\u0142adno\u015b\u0107 pozycji GPS Wbudowane \u017ar\u00f3d\u0142o poprawek DGPS\u00a0 SBAS Kompatybilno\u015b\u0107 [&hellip;]<\/p>\n","protected":false},"author":6,"featured_media":0,"parent":0,"menu_order":0,"comment_status":"closed","ping_status":"closed","template":"","meta":{"footnotes":""},"class_list":["post-2441","page","type-page","status-publish","hentry"],"yoast_head":"<!-- This site is optimized with the Yoast SEO plugin v27.5 - https:\/\/yoast.com\/product\/yoast-seo-wordpress\/ -->\n<title>Antena D\/GNSS SIMRAD MX521B - ESCORT TECHNOLOGY<\/title>\n<meta name=\"robots\" content=\"index, follow, max-snippet:-1, max-image-preview:large, max-video-preview:-1\" \/>\n<link rel=\"canonical\" href=\"https:\/\/escort-technology.com\/en\/antena-d-gnss-simrad-mx521b\/\" \/>\n<meta property=\"og:locale\" content=\"en_US\" \/>\n<meta property=\"og:type\" content=\"article\" \/>\n<meta property=\"og:title\" content=\"Antena D\/GNSS SIMRAD MX521B - ESCORT TECHNOLOGY\" \/>\n<meta property=\"og:description\" content=\"Antena D\/GNSS SIMRAD MX521B D\/GNSS(GPS + GLONSS) SMART Czujnik GPS \/ DGPS i GLONASS zgodny z IMO Integracja z interfejsem NMEA 0183 System RAIM Spe\u0142nia wymogi dla anteny Smart DGPS Bezpo\u015brednie pod\u0142\u0105czenie do wska\u017anika SIMRAD Lepsza ni\u017c 1 metr dok\u0142adno\u015b\u0107 pozycji \u00a0DGPS Lepsza ni\u017c 3 metry dok\u0142adno\u015b\u0107 pozycji GPS Wbudowane \u017ar\u00f3d\u0142o poprawek DGPS\u00a0 SBAS Kompatybilno\u015b\u0107 [&hellip;]\" \/>\n<meta property=\"og:url\" content=\"https:\/\/escort-technology.com\/en\/antena-d-gnss-simrad-mx521b\/\" \/>\n<meta property=\"og:site_name\" content=\"ESCORT TECHNOLOGY\" \/>\n<meta property=\"article:publisher\" content=\"https:\/\/www.facebook.com\/elektronika.morska\/\" \/>\n<meta property=\"article:modified_time\" content=\"2018-03-19T14:47:34+00:00\" \/>\n<meta name=\"twitter:card\" content=\"summary_large_image\" \/>\n<meta name=\"twitter:label1\" content=\"Est. reading time\" \/>\n\t<meta name=\"twitter:data1\" content=\"1 minute\" \/>\n<script type=\"application\/ld+json\" class=\"yoast-schema-graph\">{\"@context\":\"https:\\\/\\\/schema.org\",\"@graph\":[{\"@type\":\"WebPage\",\"@id\":\"https:\\\/\\\/escort-technology.com\\\/antena-d-gnss-simrad-mx521b\\\/\",\"url\":\"https:\\\/\\\/escort-technology.com\\\/antena-d-gnss-simrad-mx521b\\\/\",\"name\":\"Antena D\\\/GNSS SIMRAD MX521B - ESCORT TECHNOLOGY\",\"isPartOf\":{\"@id\":\"http:\\\/\\\/escort-technology.com\\\/de\\\/#website\"},\"datePublished\":\"2018-03-19T13:26:29+00:00\",\"dateModified\":\"2018-03-19T14:47:34+00:00\",\"breadcrumb\":{\"@id\":\"https:\\\/\\\/escort-technology.com\\\/antena-d-gnss-simrad-mx521b\\\/#breadcrumb\"},\"inLanguage\":\"en-US\",\"potentialAction\":[{\"@type\":\"ReadAction\",\"target\":[\"https:\\\/\\\/escort-technology.com\\\/antena-d-gnss-simrad-mx521b\\\/\"]}]},{\"@type\":\"BreadcrumbList\",\"@id\":\"https:\\\/\\\/escort-technology.com\\\/antena-d-gnss-simrad-mx521b\\\/#breadcrumb\",\"itemListElement\":[{\"@type\":\"ListItem\",\"position\":1,\"name\":\"Strona g\u0142\u00f3wna\",\"item\":\"https:\\\/\\\/escort-technology.com\\\/\"},{\"@type\":\"ListItem\",\"position\":2,\"name\":\"Antena D\\\/GNSS SIMRAD MX521B\"}]},{\"@type\":\"WebSite\",\"@id\":\"http:\\\/\\\/escort-technology.com\\\/de\\\/#website\",\"url\":\"http:\\\/\\\/escort-technology.com\\\/de\\\/\",\"name\":\"ESCORT TECHNOLOGY\",\"description\":\"Elektronika morska i l\u0105dowa\",\"publisher\":{\"@id\":\"http:\\\/\\\/escort-technology.com\\\/de\\\/#organization\"},\"potentialAction\":[{\"@type\":\"SearchAction\",\"target\":{\"@type\":\"EntryPoint\",\"urlTemplate\":\"http:\\\/\\\/escort-technology.com\\\/de\\\/?s={search_term_string}\"},\"query-input\":{\"@type\":\"PropertyValueSpecification\",\"valueRequired\":true,\"valueName\":\"search_term_string\"}}],\"inLanguage\":\"en-US\"},{\"@type\":\"Organization\",\"@id\":\"http:\\\/\\\/escort-technology.com\\\/de\\\/#organization\",\"name\":\"ESCORT TECHNOLOGY\",\"url\":\"http:\\\/\\\/escort-technology.com\\\/de\\\/\",\"logo\":{\"@type\":\"ImageObject\",\"inLanguage\":\"en-US\",\"@id\":\"http:\\\/\\\/escort-technology.com\\\/de\\\/#\\\/schema\\\/logo\\\/image\\\/\",\"url\":\"https:\\\/\\\/escort-technology.com\\\/wp-content\\\/uploads\\\/logo-1.jpg\",\"contentUrl\":\"https:\\\/\\\/escort-technology.com\\\/wp-content\\\/uploads\\\/logo-1.jpg\",\"width\":600,\"height\":165,\"caption\":\"ESCORT TECHNOLOGY\"},\"image\":{\"@id\":\"http:\\\/\\\/escort-technology.com\\\/de\\\/#\\\/schema\\\/logo\\\/image\\\/\"},\"sameAs\":[\"https:\\\/\\\/www.facebook.com\\\/elektronika.morska\\\/\",\"https:\\\/\\\/www.linkedin.com\\\/company\\\/escort-sp-z-o-o-\\\/\"]}]}<\/script>\n<!-- \/ Yoast SEO plugin. -->","yoast_head_json":{"title":"Antena D\/GNSS SIMRAD MX521B - ESCORT TECHNOLOGY","robots":{"index":"index","follow":"follow","max-snippet":"max-snippet:-1","max-image-preview":"max-image-preview:large","max-video-preview":"max-video-preview:-1"},"canonical":"https:\/\/escort-technology.com\/en\/antena-d-gnss-simrad-mx521b\/","og_locale":"en_US","og_type":"article","og_title":"Antena D\/GNSS SIMRAD MX521B - ESCORT TECHNOLOGY","og_description":"Antena D\/GNSS SIMRAD MX521B D\/GNSS(GPS + GLONSS) SMART Czujnik GPS \/ DGPS i GLONASS zgodny z IMO Integracja z interfejsem NMEA 0183 System RAIM Spe\u0142nia wymogi dla anteny Smart DGPS Bezpo\u015brednie pod\u0142\u0105czenie do wska\u017anika SIMRAD Lepsza ni\u017c 1 metr dok\u0142adno\u015b\u0107 pozycji \u00a0DGPS Lepsza ni\u017c 3 metry dok\u0142adno\u015b\u0107 pozycji GPS Wbudowane \u017ar\u00f3d\u0142o poprawek DGPS\u00a0 SBAS Kompatybilno\u015b\u0107 [&hellip;]","og_url":"https:\/\/escort-technology.com\/en\/antena-d-gnss-simrad-mx521b\/","og_site_name":"ESCORT TECHNOLOGY","article_publisher":"https:\/\/www.facebook.com\/elektronika.morska\/","article_modified_time":"2018-03-19T14:47:34+00:00","twitter_card":"summary_large_image","twitter_misc":{"Est. reading time":"1 minute"},"schema":{"@context":"https:\/\/schema.org","@graph":[{"@type":"WebPage","@id":"https:\/\/escort-technology.com\/antena-d-gnss-simrad-mx521b\/","url":"https:\/\/escort-technology.com\/antena-d-gnss-simrad-mx521b\/","name":"Antena D\/GNSS SIMRAD MX521B - ESCORT TECHNOLOGY","isPartOf":{"@id":"http:\/\/escort-technology.com\/de\/#website"},"datePublished":"2018-03-19T13:26:29+00:00","dateModified":"2018-03-19T14:47:34+00:00","breadcrumb":{"@id":"https:\/\/escort-technology.com\/antena-d-gnss-simrad-mx521b\/#breadcrumb"},"inLanguage":"en-US","potentialAction":[{"@type":"ReadAction","target":["https:\/\/escort-technology.com\/antena-d-gnss-simrad-mx521b\/"]}]},{"@type":"BreadcrumbList","@id":"https:\/\/escort-technology.com\/antena-d-gnss-simrad-mx521b\/#breadcrumb","itemListElement":[{"@type":"ListItem","position":1,"name":"Strona g\u0142\u00f3wna","item":"https:\/\/escort-technology.com\/"},{"@type":"ListItem","position":2,"name":"Antena D\/GNSS SIMRAD MX521B"}]},{"@type":"WebSite","@id":"http:\/\/escort-technology.com\/de\/#website","url":"http:\/\/escort-technology.com\/de\/","name":"ESCORT TECHNOLOGY","description":"Onshore and offshore electronics","publisher":{"@id":"http:\/\/escort-technology.com\/de\/#organization"},"potentialAction":[{"@type":"SearchAction","target":{"@type":"EntryPoint","urlTemplate":"http:\/\/escort-technology.com\/de\/?s={search_term_string}"},"query-input":{"@type":"PropertyValueSpecification","valueRequired":true,"valueName":"search_term_string"}}],"inLanguage":"en-US"},{"@type":"Organization","@id":"http:\/\/escort-technology.com\/de\/#organization","name":"ESCORT TECHNOLOGY","url":"http:\/\/escort-technology.com\/de\/","logo":{"@type":"ImageObject","inLanguage":"en-US","@id":"http:\/\/escort-technology.com\/de\/#\/schema\/logo\/image\/","url":"https:\/\/escort-technology.com\/wp-content\/uploads\/logo-1.jpg","contentUrl":"https:\/\/escort-technology.com\/wp-content\/uploads\/logo-1.jpg","width":600,"height":165,"caption":"ESCORT TECHNOLOGY"},"image":{"@id":"http:\/\/escort-technology.com\/de\/#\/schema\/logo\/image\/"},"sameAs":["https:\/\/www.facebook.com\/elektronika.morska\/","https:\/\/www.linkedin.com\/company\/escort-sp-z-o-o-\/"]}]}},"_links":{"self":[{"href":"https:\/\/escort-technology.com\/en\/wp-json\/wp\/v2\/pages\/2441","targetHints":{"allow":["GET"]}}],"collection":[{"href":"https:\/\/escort-technology.com\/en\/wp-json\/wp\/v2\/pages"}],"about":[{"href":"https:\/\/escort-technology.com\/en\/wp-json\/wp\/v2\/types\/page"}],"author":[{"embeddable":true,"href":"https:\/\/escort-technology.com\/en\/wp-json\/wp\/v2\/users\/6"}],"replies":[{"embeddable":true,"href":"https:\/\/escort-technology.com\/en\/wp-json\/wp\/v2\/comments?post=2441"}],"version-history":[{"count":2,"href":"https:\/\/escort-technology.com\/en\/wp-json\/wp\/v2\/pages\/2441\/revisions"}],"predecessor-version":[{"id":2487,"href":"https:\/\/escort-technology.com\/en\/wp-json\/wp\/v2\/pages\/2441\/revisions\/2487"}],"wp:attachment":[{"href":"https:\/\/escort-technology.com\/en\/wp-json\/wp\/v2\/media?parent=2441"}],"curies":[{"name":"wp","href":"https:\/\/api.w.org\/{rel}","templated":true}]}}