{"id":2467,"date":"2018-03-19T13:33:09","date_gmt":"2018-03-19T13:33:09","guid":{"rendered":"http:\/\/escort-technology.com\/?page_id=2467"},"modified":"2018-03-20T11:15:12","modified_gmt":"2018-03-20T11:15:12","slug":"antena-dgps-hemisphere-a101","status":"publish","type":"page","link":"https:\/\/escort-technology.com\/en\/antena-dgps-hemisphere-a101\/","title":{"rendered":"Antena DGPS Hemisphere A101"},"content":{"rendered":"<p>Antena DGPS Hemisphere A101<\/p>\n<p>Radar szerokopasmowy Simrad 4G, posiada wszystkie cechy radaru Simrad 3G.<br \/>\nDodatkowo posiadaj\u0105c funkcj\u0119 zw\u0119\u017cania wi\u0105zki dla lepszej kontroli separacji ech, prac\u0119 na dw\u00f3ch zakresach jednocze\u015bnie oraz zwi\u0119kszenie zdolno\u015bci wykrycia obiekt\u00f3w.<br \/>\nG\u0142\u00f3wne cechy:<\/p>\n<p>Zw\u0119\u017cenie wi\u0105zki. Funkcja ta pozwala na kontrol\u0119 poziomu separacji obiekt\u00f3w, uzyskuj\u0105c bardzo \u00a0ostry obraz.<\/p>\n<p>Zakres 0-36 Mm. Radar w przeciwie\u0144stwie do konwencjonalnych radar\u00f3w, umo\u017cliwia obserwacj\u0119 radarow\u0105 od dziobu statku a\u017c do 36 Mm.<\/p>\n<p>Podw\u00f3jny zakres pracy. Umo\u017cliwia prowadzenie obserwacji na dw\u00f3ch zakresach radarowych jednocze\u015bnie.<\/p>\n<p>Tryb High Speed. Pr\u0119dko\u015b\u0107 obrot\u00f3w anteny 48rpm, umo\u017cliwia od\u015bwie\u017canie danych co mniej ni\u017c 1nm.<\/p>\n<p>Zaawansowana detekcja obiekt\u00f3w. Zwi\u0119kszenie wykrywalno\u015bci obiekt\u00f3w dzi\u0119ki kierunkowej regulacji zak\u0142\u00f3ce\u0144 oraz zmniejszeniu ech od listk\u00f3w bocznych.<\/p>\n<p>Czytelne przedstawienie obiekt\u00f3w. Radar idealnie sprawdza si\u0119 w warunkach z\u0142ej widoczno\u015bci lub w miejscach o du\u017cym\u00a0 ruchu.<\/p>\n<p>System \u015bledzenia MARPA. \u015aledzenie do 20 obiekt\u00f3w na dw\u00f3ch zakresach<\/p>\n<p>Podw\u00f3jna strefa ochrony. Ochrona przed kolizj\u0105.<\/p>\n<p>InstantOn&#x2122;. Dzi\u0119ki zastosowaniu specjalnej technologii, radar nie wymaga czasu do przygotowania si\u0119 do pracy. Jest gotowy natychmiast po uruchomieniu.<\/p>\n<p>Niski pob\u00f3r mocy. Radar jest idealnym rozwi\u0105zaniem na wszystkiego typu \u0142odzie.<\/p>\n<p>Brak szkodliwego promieniowania. Radar jest w pe\u0142ni bezpieczny. Emituj\u0105c promieniowanie na poziomie mniejszym ni\u017c telefon kom\u00f3rkowy.<\/p>\n<p>Szybka instalacja. Monta\u017c nie wymaga posiadania kwalifikowanego specjalisty.<\/p>\n<p>Pod\u0142\u0105czenie do sieci Ethernet. Pod\u0142\u0105czenie do innych urz\u0105dze\u0144 takich jak stacje nawigacyjne lub monitory radarowe marki Simrad.\n<\/p>\n<p><!-- {\"name\":\"\",\"type\":\"layout\",\"children\":[{\"name\":\"ANTENA\",\"type\":\"section\",\"props\":{\"width\":\"default\",\"padding\":\"xsmall\",\"style\":\"default\",\"text_color\":\"\",\"media\":\"\",\"height_viewport\":false,\"header_overlay\":\"light\",\"animation\":\"slide-top-medium\",\"padding_remove_top\":false,\"image_size\":\"cover\",\"image\":\"\",\"image_position\":\"bottom-center\",\"image_fixed\":false,\"class\":\"\",\"overlap\":true,\"vertical_align\":\"middle\",\"title_position\":\"top-left\",\"title_rotation\":\"left\",\"title_breakpoint\":\"xl\"},\"children\":[{\"name\":\"\",\"type\":\"row\",\"props\":{\"layout\":\"1-1\",\"breakpoint\":\"m\",\"margin\":\"\",\"fixed_width\":\"large\"},\"children\":[{\"name\":\"\",\"type\":\"column\",\"props\":{\"image_position\":\"center-center\",\"widths\":[\"1-1\"]},\"children\":[{\"name\":\"\",\"type\":\"headline\",\"props\":{\"title_element\":\"h2\",\"content\":\"Antena DGPS Hemisphere A101\",\"text_align\":\"center\",\"text_align_fallback\":\"center\",\"maxwidth_align\":\"center\",\"maxwidth\":\"\",\"title_style\":\"h2\",\"title_decoration\":\"\",\"margin\":\"\"}},{\"name\":\"\",\"type\":\"divider\",\"props\":{\"divider_element\":\"hr\"}}]}]},{\"name\":\"\",\"type\":\"row\",\"props\":{\"fixed_width\":\"large\",\"breakpoint\":\"m\",\"layout\":\",2-3\",\"margin\":\"medium\"},\"children\":[{\"name\":\"\",\"type\":\"column\",\"props\":{\"widths\":[\"\"],\"image_position\":\"center-center\"},\"children\":[{\"name\":\"\",\"type\":\"image\",\"props\":{\"margin\":\"default\",\"image\":\"wp-content\\\/uploads\\\/a101.jpg\",\"image_width\":\"300\",\"image_box_shadow\":\"\",\"image_border\":\"rounded\",\"text_align\":\"center\"}}]},{\"name\":\"\",\"type\":\"column\",\"props\":{\"widths\":[\"2-3\"],\"image_position\":\"center-center\"},\"children\":[{\"name\":\"\",\"type\":\"text\",\"props\":{\"column_breakpoint\":\"m\",\"margin\":\"medium\",\"content\":\"\n\n<p>Radar szerokopasmowy Simrad 4G, posiada wszystkie cechy radaru Simrad 3G.<\\\/p>\\n\n\n<p>Dodatkowo posiadaj\\u0105c funkcj\\u0119 zw\\u0119\\u017cania wi\\u0105zki dla lepszej kontroli separacji ech, prac\\u0119 na dw\\u00f3ch zakresach jednocze\\u015bnie oraz zwi\\u0119kszenie zdolno\\u015bci wykrycia obiekt\\u00f3w.<\\\/p>\\n\n\n<p>G\\u0142\\u00f3wne cechy:<\\\/p>\\n\n\n<ul>\\n\n\n<li style=\\\"text-align: left;\\\"><strong>Zw\\u0119\\u017cenie wi\\u0105zki<\\\/strong>. Funkcja ta pozwala na kontrol\\u0119 poziomu separacji obiekt\\u00f3w, uzyskuj\\u0105c bardzo \\u00a0ostry obraz.<\\\/li>\\n<\\\/ul>\\n\n\n<ul style=\\\"text-align: left;\\\">\\n\n\n<li><strong>Zakres 0-36 Mm<\\\/strong>. Radar w przeciwie\\u0144stwie do konwencjonalnych radar\\u00f3w, umo\\u017cliwia obserwacj\\u0119 radarow\\u0105 od dziobu statku a\\u017c do 36 Mm.<\\\/li>\\n<\\\/ul>\\n\n\n<ul style=\\\"text-align: left;\\\">\\n\n\n<li><strong>Podw\\u00f3jny zakres pracy<\\\/strong>. Umo\\u017cliwia prowadzenie obserwacji na dw\\u00f3ch zakresach radarowych jednocze\\u015bnie.<\\\/li>\\n<\\\/ul>\\n\n\n<ul style=\\\"text-align: left;\\\">\\n\n\n<li><strong>Tryb High Speed<\\\/strong>. Pr\\u0119dko\\u015b\\u0107 obrot\\u00f3w anteny 48rpm, umo\\u017cliwia od\\u015bwie\\u017canie danych co mniej ni\\u017c 1nm.<\\\/li>\\n<\\\/ul>\\n\n\n<ul style=\\\"text-align: left;\\\">\\n\n\n<li><strong>Zaawansowana detekcja obiekt\\u00f3w<\\\/strong>. Zwi\\u0119kszenie wykrywalno\\u015bci obiekt\\u00f3w dzi\\u0119ki kierunkowej regulacji zak\\u0142\\u00f3ce\\u0144 oraz zmniejszeniu ech od listk\\u00f3w bocznych.<\\\/li>\\n<\\\/ul>\\n\n\n<ul style=\\\"text-align: left;\\\">\\n\n\n<li><strong>Czytelne przedstawienie obiekt\\u00f3w<\\\/strong>. Radar idealnie sprawdza si\\u0119 w warunkach z\\u0142ej widoczno\\u015bci lub w miejscach o du\\u017cym\\u00a0 ruchu.<\\\/li>\\n<\\\/ul>\\n\n\n<ul style=\\\"text-align: left;\\\">\\n\n\n<li><strong>System \\u015bledzenia MARPA<\\\/strong>. \\u015aledzenie do 20 obiekt\\u00f3w na dw\\u00f3ch zakresach<\\\/li>\\n<\\\/ul>\\n\n\n<ul style=\\\"text-align: left;\\\">\\n\n\n<li><strong>Podw\\u00f3jna strefa ochrony<\\\/strong>. Ochrona przed kolizj\\u0105.<\\\/li>\\n<\\\/ul>\\n\n\n<ul style=\\\"text-align: left;\\\">\\n\n\n<li><strong>InstantOn\\u2122<\\\/strong>. Dzi\\u0119ki zastosowaniu specjalnej technologii, radar nie wymaga czasu do przygotowania si\\u0119 do pracy. Jest gotowy natychmiast po uruchomieniu.<\\\/li>\\n<\\\/ul>\\n\n\n<ul style=\\\"text-align: left;\\\">\\n\n\n<li><strong>Niski pob\\u00f3r mocy<\\\/strong>. Radar jest idealnym rozwi\\u0105zaniem na wszystkiego typu \\u0142odzie.<\\\/li>\\n<\\\/ul>\\n\n\n<ul style=\\\"text-align: left;\\\">\\n\n\n<li><strong>Brak szkodliwego promieniowania<\\\/strong>. Radar jest w pe\\u0142ni bezpieczny. Emituj\\u0105c promieniowanie na poziomie mniejszym ni\\u017c telefon kom\\u00f3rkowy.<\\\/li>\\n<\\\/ul>\\n\n\n<ul style=\\\"text-align: left;\\\">\\n\n\n<li><strong>Szybka instalacja<\\\/strong>. Monta\\u017c nie wymaga posiadania kwalifikowanego specjalisty.<\\\/li>\\n<\\\/ul>\\n\n\n<ul style=\\\"text-align: left;\\\">\\n\n\n<li style=\\\"text-align: justify;\\\"><strong>Pod\\u0142\\u0105czenie do sieci Ethernet<\\\/strong>. Pod\\u0142\\u0105czenie do innych urz\\u0105dze\\u0144 takich jak stacje nawigacyjne lub monitory radarowe marki Simrad.<\\\/li>\\n<\\\/ul>\",\"animation\":\"slide-left-medium\",\"text_align\":\"justify\",\"text_align_breakpoint\":\"m\",\"text_align_fallback\":\"center\",\"text_size\":\"\",\"maxwidth\":\"xxlarge\"}}]}]}]}]} --><\/p>\n","protected":false},"excerpt":{"rendered":"<p>Antena DGPS Hemisphere A101 Radar szerokopasmowy Simrad 4G, posiada wszystkie cechy radaru Simrad 3G. Dodatkowo posiadaj\u0105c funkcj\u0119 zw\u0119\u017cania wi\u0105zki dla lepszej kontroli separacji ech, prac\u0119 na dw\u00f3ch zakresach jednocze\u015bnie oraz zwi\u0119kszenie zdolno\u015bci wykrycia obiekt\u00f3w. G\u0142\u00f3wne cechy: Zw\u0119\u017cenie wi\u0105zki. Funkcja ta pozwala na kontrol\u0119 poziomu separacji obiekt\u00f3w, uzyskuj\u0105c bardzo \u00a0ostry obraz. Zakres 0-36 Mm. Radar w [&hellip;]<\/p>\n","protected":false},"author":6,"featured_media":0,"parent":0,"menu_order":0,"comment_status":"closed","ping_status":"closed","template":"","meta":{"footnotes":""},"class_list":["post-2467","page","type-page","status-publish","hentry"],"yoast_head":"<!-- This site is optimized with the Yoast SEO plugin v27.4 - https:\/\/yoast.com\/product\/yoast-seo-wordpress\/ -->\n<title>Antena DGPS Hemisphere A101 - ESCORT TECHNOLOGY<\/title>\n<meta name=\"robots\" content=\"index, follow, max-snippet:-1, max-image-preview:large, max-video-preview:-1\" \/>\n<link rel=\"canonical\" href=\"https:\/\/escort-technology.com\/en\/antena-dgps-hemisphere-a101\/\" \/>\n<meta property=\"og:locale\" content=\"en_US\" \/>\n<meta property=\"og:type\" content=\"article\" \/>\n<meta property=\"og:title\" content=\"Antena DGPS Hemisphere A101 - ESCORT TECHNOLOGY\" \/>\n<meta property=\"og:description\" content=\"Antena DGPS Hemisphere A101 Radar szerokopasmowy Simrad 4G, posiada wszystkie cechy radaru Simrad 3G. Dodatkowo posiadaj\u0105c funkcj\u0119 zw\u0119\u017cania wi\u0105zki dla lepszej kontroli separacji ech, prac\u0119 na dw\u00f3ch zakresach jednocze\u015bnie oraz zwi\u0119kszenie zdolno\u015bci wykrycia obiekt\u00f3w. G\u0142\u00f3wne cechy: Zw\u0119\u017cenie wi\u0105zki. Funkcja ta pozwala na kontrol\u0119 poziomu separacji obiekt\u00f3w, uzyskuj\u0105c bardzo \u00a0ostry obraz. Zakres 0-36 Mm. Radar w [&hellip;]\" \/>\n<meta property=\"og:url\" content=\"https:\/\/escort-technology.com\/en\/antena-dgps-hemisphere-a101\/\" \/>\n<meta property=\"og:site_name\" content=\"ESCORT TECHNOLOGY\" \/>\n<meta property=\"article:publisher\" content=\"https:\/\/www.facebook.com\/elektronika.morska\/\" \/>\n<meta property=\"article:modified_time\" content=\"2018-03-20T11:15:12+00:00\" \/>\n<meta name=\"twitter:card\" content=\"summary_large_image\" \/>\n<meta name=\"twitter:label1\" content=\"Est. reading time\" \/>\n\t<meta name=\"twitter:data1\" content=\"1 minute\" \/>\n<script type=\"application\/ld+json\" class=\"yoast-schema-graph\">{\"@context\":\"https:\\\/\\\/schema.org\",\"@graph\":[{\"@type\":\"WebPage\",\"@id\":\"https:\\\/\\\/escort-technology.com\\\/antena-dgps-hemisphere-a101\\\/\",\"url\":\"https:\\\/\\\/escort-technology.com\\\/antena-dgps-hemisphere-a101\\\/\",\"name\":\"Antena DGPS Hemisphere A101 - ESCORT TECHNOLOGY\",\"isPartOf\":{\"@id\":\"http:\\\/\\\/escort-technology.com\\\/de\\\/#website\"},\"datePublished\":\"2018-03-19T13:33:09+00:00\",\"dateModified\":\"2018-03-20T11:15:12+00:00\",\"breadcrumb\":{\"@id\":\"https:\\\/\\\/escort-technology.com\\\/antena-dgps-hemisphere-a101\\\/#breadcrumb\"},\"inLanguage\":\"en-US\",\"potentialAction\":[{\"@type\":\"ReadAction\",\"target\":[\"https:\\\/\\\/escort-technology.com\\\/antena-dgps-hemisphere-a101\\\/\"]}]},{\"@type\":\"BreadcrumbList\",\"@id\":\"https:\\\/\\\/escort-technology.com\\\/antena-dgps-hemisphere-a101\\\/#breadcrumb\",\"itemListElement\":[{\"@type\":\"ListItem\",\"position\":1,\"name\":\"Strona g\u0142\u00f3wna\",\"item\":\"https:\\\/\\\/escort-technology.com\\\/\"},{\"@type\":\"ListItem\",\"position\":2,\"name\":\"Antena DGPS Hemisphere A101\"}]},{\"@type\":\"WebSite\",\"@id\":\"http:\\\/\\\/escort-technology.com\\\/de\\\/#website\",\"url\":\"http:\\\/\\\/escort-technology.com\\\/de\\\/\",\"name\":\"ESCORT TECHNOLOGY\",\"description\":\"Elektronika morska i l\u0105dowa\",\"publisher\":{\"@id\":\"http:\\\/\\\/escort-technology.com\\\/de\\\/#organization\"},\"potentialAction\":[{\"@type\":\"SearchAction\",\"target\":{\"@type\":\"EntryPoint\",\"urlTemplate\":\"http:\\\/\\\/escort-technology.com\\\/de\\\/?s={search_term_string}\"},\"query-input\":{\"@type\":\"PropertyValueSpecification\",\"valueRequired\":true,\"valueName\":\"search_term_string\"}}],\"inLanguage\":\"en-US\"},{\"@type\":\"Organization\",\"@id\":\"http:\\\/\\\/escort-technology.com\\\/de\\\/#organization\",\"name\":\"ESCORT TECHNOLOGY\",\"url\":\"http:\\\/\\\/escort-technology.com\\\/de\\\/\",\"logo\":{\"@type\":\"ImageObject\",\"inLanguage\":\"en-US\",\"@id\":\"http:\\\/\\\/escort-technology.com\\\/de\\\/#\\\/schema\\\/logo\\\/image\\\/\",\"url\":\"https:\\\/\\\/escort-technology.com\\\/wp-content\\\/uploads\\\/logo-1.jpg\",\"contentUrl\":\"https:\\\/\\\/escort-technology.com\\\/wp-content\\\/uploads\\\/logo-1.jpg\",\"width\":600,\"height\":165,\"caption\":\"ESCORT TECHNOLOGY\"},\"image\":{\"@id\":\"http:\\\/\\\/escort-technology.com\\\/de\\\/#\\\/schema\\\/logo\\\/image\\\/\"},\"sameAs\":[\"https:\\\/\\\/www.facebook.com\\\/elektronika.morska\\\/\",\"https:\\\/\\\/www.linkedin.com\\\/company\\\/escort-sp-z-o-o-\\\/\"]}]}<\/script>\n<!-- \/ Yoast SEO plugin. -->","yoast_head_json":{"title":"Antena DGPS Hemisphere A101 - ESCORT TECHNOLOGY","robots":{"index":"index","follow":"follow","max-snippet":"max-snippet:-1","max-image-preview":"max-image-preview:large","max-video-preview":"max-video-preview:-1"},"canonical":"https:\/\/escort-technology.com\/en\/antena-dgps-hemisphere-a101\/","og_locale":"en_US","og_type":"article","og_title":"Antena DGPS Hemisphere A101 - ESCORT TECHNOLOGY","og_description":"Antena DGPS Hemisphere A101 Radar szerokopasmowy Simrad 4G, posiada wszystkie cechy radaru Simrad 3G. Dodatkowo posiadaj\u0105c funkcj\u0119 zw\u0119\u017cania wi\u0105zki dla lepszej kontroli separacji ech, prac\u0119 na dw\u00f3ch zakresach jednocze\u015bnie oraz zwi\u0119kszenie zdolno\u015bci wykrycia obiekt\u00f3w. G\u0142\u00f3wne cechy: Zw\u0119\u017cenie wi\u0105zki. Funkcja ta pozwala na kontrol\u0119 poziomu separacji obiekt\u00f3w, uzyskuj\u0105c bardzo \u00a0ostry obraz. Zakres 0-36 Mm. Radar w [&hellip;]","og_url":"https:\/\/escort-technology.com\/en\/antena-dgps-hemisphere-a101\/","og_site_name":"ESCORT TECHNOLOGY","article_publisher":"https:\/\/www.facebook.com\/elektronika.morska\/","article_modified_time":"2018-03-20T11:15:12+00:00","twitter_card":"summary_large_image","twitter_misc":{"Est. reading time":"1 minute"},"schema":{"@context":"https:\/\/schema.org","@graph":[{"@type":"WebPage","@id":"https:\/\/escort-technology.com\/antena-dgps-hemisphere-a101\/","url":"https:\/\/escort-technology.com\/antena-dgps-hemisphere-a101\/","name":"Antena DGPS Hemisphere A101 - ESCORT TECHNOLOGY","isPartOf":{"@id":"http:\/\/escort-technology.com\/de\/#website"},"datePublished":"2018-03-19T13:33:09+00:00","dateModified":"2018-03-20T11:15:12+00:00","breadcrumb":{"@id":"https:\/\/escort-technology.com\/antena-dgps-hemisphere-a101\/#breadcrumb"},"inLanguage":"en-US","potentialAction":[{"@type":"ReadAction","target":["https:\/\/escort-technology.com\/antena-dgps-hemisphere-a101\/"]}]},{"@type":"BreadcrumbList","@id":"https:\/\/escort-technology.com\/antena-dgps-hemisphere-a101\/#breadcrumb","itemListElement":[{"@type":"ListItem","position":1,"name":"Strona g\u0142\u00f3wna","item":"https:\/\/escort-technology.com\/"},{"@type":"ListItem","position":2,"name":"Antena DGPS Hemisphere A101"}]},{"@type":"WebSite","@id":"http:\/\/escort-technology.com\/de\/#website","url":"http:\/\/escort-technology.com\/de\/","name":"ESCORT TECHNOLOGY","description":"Onshore and offshore electronics","publisher":{"@id":"http:\/\/escort-technology.com\/de\/#organization"},"potentialAction":[{"@type":"SearchAction","target":{"@type":"EntryPoint","urlTemplate":"http:\/\/escort-technology.com\/de\/?s={search_term_string}"},"query-input":{"@type":"PropertyValueSpecification","valueRequired":true,"valueName":"search_term_string"}}],"inLanguage":"en-US"},{"@type":"Organization","@id":"http:\/\/escort-technology.com\/de\/#organization","name":"ESCORT TECHNOLOGY","url":"http:\/\/escort-technology.com\/de\/","logo":{"@type":"ImageObject","inLanguage":"en-US","@id":"http:\/\/escort-technology.com\/de\/#\/schema\/logo\/image\/","url":"https:\/\/escort-technology.com\/wp-content\/uploads\/logo-1.jpg","contentUrl":"https:\/\/escort-technology.com\/wp-content\/uploads\/logo-1.jpg","width":600,"height":165,"caption":"ESCORT TECHNOLOGY"},"image":{"@id":"http:\/\/escort-technology.com\/de\/#\/schema\/logo\/image\/"},"sameAs":["https:\/\/www.facebook.com\/elektronika.morska\/","https:\/\/www.linkedin.com\/company\/escort-sp-z-o-o-\/"]}]}},"_links":{"self":[{"href":"https:\/\/escort-technology.com\/en\/wp-json\/wp\/v2\/pages\/2467","targetHints":{"allow":["GET"]}}],"collection":[{"href":"https:\/\/escort-technology.com\/en\/wp-json\/wp\/v2\/pages"}],"about":[{"href":"https:\/\/escort-technology.com\/en\/wp-json\/wp\/v2\/types\/page"}],"author":[{"embeddable":true,"href":"https:\/\/escort-technology.com\/en\/wp-json\/wp\/v2\/users\/6"}],"replies":[{"embeddable":true,"href":"https:\/\/escort-technology.com\/en\/wp-json\/wp\/v2\/comments?post=2467"}],"version-history":[{"count":2,"href":"https:\/\/escort-technology.com\/en\/wp-json\/wp\/v2\/pages\/2467\/revisions"}],"predecessor-version":[{"id":2530,"href":"https:\/\/escort-technology.com\/en\/wp-json\/wp\/v2\/pages\/2467\/revisions\/2530"}],"wp:attachment":[{"href":"https:\/\/escort-technology.com\/en\/wp-json\/wp\/v2\/media?parent=2467"}],"curies":[{"name":"wp","href":"https:\/\/api.w.org\/{rel}","templated":true}]}}