{"id":2589,"date":"2018-03-20T13:03:56","date_gmt":"2018-03-20T13:03:56","guid":{"rendered":"http:\/\/escort-technology.com\/?page_id=2589"},"modified":"2018-03-20T13:55:35","modified_gmt":"2018-03-20T13:55:35","slug":"kompas-satelitarny-simrad-mx575c-d","status":"publish","type":"page","link":"https:\/\/escort-technology.com\/en\/kompas-satelitarny-simrad-mx575c-d\/","title":{"rendered":"SIMRAD MX575C\/D satellite compass"},"content":{"rendered":"<p>Kompas satelitarny SIMRAD MX575C\/D<\/p>\n<p>Kompas satelitarny MX575C\/D<br \/>\nZapewnia informacj\u0119 o kursie, pr\u0119dko\u015bci i pozycji.<br \/>\nDok\u0142adno\u015b\u0107 kursu lepsza ni\u017c 0.5\u00b0. Poprawki systemu DGPS pobierane zar\u00f3wno z systemu SBAS oraz ze stacji referencyjnych.<\/p>\n<p>kompas mo\u017ce by\u0107 u\u017cywane na statku jako pierwsze \u017ar\u00f3d\u0142o informacji o kursie<br \/>\nkompatybilny z seri\u0105 SIMRAD MX420 i MX5XX<br \/>\ndok\u0142adno\u015b\u0107 kursu lepsza ni\u017c 0,5\u00b0<br \/>\nod\u015bwie\u017canie kursu 1-20Hz<br \/>\ndok\u0142adno\u015b\u0107 DGPS\u00a0 &lt;1.0m 95%<br \/>\ndok\u0142adno\u015b\u0107 GPS &lt;4.0m\u00a0 95%<br \/>\nszybka gotowo\u015b\u0107 do pracy<br \/>\nkomunikacja z innymi urz\u0105dzeniami NMEA0183<\/p>\n<p>Tabela por\u00f3wnawcza z kompasem HS80\n<\/p>\n<p>BROSZURA<\/p>\n<p><!-- {\"name\":\"\",\"type\":\"layout\",\"children\":[{\"name\":\"ANTENA\",\"type\":\"section\",\"props\":{\"width\":\"default\",\"padding\":\"xsmall\",\"style\":\"default\",\"text_color\":\"\",\"media\":\"\",\"height_viewport\":false,\"header_overlay\":\"light\",\"animation\":\"slide-top-medium\",\"padding_remove_top\":false,\"image_size\":\"cover\",\"image\":\"\",\"image_position\":\"bottom-center\",\"image_fixed\":false,\"class\":\"\",\"overlap\":true,\"vertical_align\":\"middle\",\"title_position\":\"top-left\",\"title_rotation\":\"left\",\"title_breakpoint\":\"xl\"},\"children\":[{\"name\":\"\",\"type\":\"row\",\"props\":{\"layout\":\"1-1\",\"breakpoint\":\"m\",\"margin\":\"\",\"fixed_width\":\"large\"},\"children\":[{\"name\":\"\",\"type\":\"column\",\"props\":{\"image_position\":\"center-center\",\"widths\":[\"1-1\"]},\"children\":[{\"name\":\"\",\"type\":\"headline\",\"props\":{\"title_element\":\"h2\",\"content\":\"Kompas satelitarny SIMRAD MX575C\\\/D\",\"text_align\":\"center\",\"text_align_fallback\":\"center\",\"maxwidth_align\":\"center\",\"maxwidth\":\"\",\"title_style\":\"h2\",\"title_decoration\":\"\",\"margin\":\"\"}},{\"name\":\"\",\"type\":\"divider\",\"props\":{\"divider_element\":\"hr\"}}]}]},{\"name\":\"\",\"type\":\"row\",\"props\":{\"fixed_width\":\"large\",\"breakpoint\":\"m\",\"layout\":\",2-3\",\"margin\":\"medium\"},\"children\":[{\"name\":\"\",\"type\":\"column\",\"props\":{\"widths\":[\"\"],\"image_position\":\"center-center\"},\"children\":[{\"name\":\"\",\"type\":\"image\",\"props\":{\"margin\":\"default\",\"image\":\"wp-content\\\/uploads\\\/Hs80.png\",\"image_width\":\"300\",\"image_box_shadow\":\"\",\"image_border\":\"rounded\"}}]},{\"name\":\"\",\"type\":\"column\",\"props\":{\"widths\":[\"2-3\"],\"image_position\":\"center-center\"},\"children\":[{\"name\":\"\",\"type\":\"text\",\"props\":{\"column_breakpoint\":\"m\",\"margin\":\"medium\",\"content\":\"\n\n<p><strong>Kompas satelitarny MX575C\\\/D<\\\/strong><\\\/p>\\n\n\n<p>Zapewnia informacj\\u0119 o kursie, pr\\u0119dko\\u015bci i pozycji.<\\\/p>\\n\n\n<p>Dok\\u0142adno\\u015b\\u0107 kursu lepsza ni\\u017c 0.5\\u00b0. Poprawki systemu DGPS pobierane zar\\u00f3wno z systemu SBAS oraz ze stacji referencyjnych.<\\\/p>\\n\n\n<ul>\\n\n\n<li>kompas mo\\u017ce by\\u0107 u\\u017cywane na statku jako pierwsze \\u017ar\\u00f3d\\u0142o informacji o kursie<\\\/li>\\n\n\n<li>kompatybilny z seri\\u0105 SIMRAD MX420 i MX5XX<\\\/li>\\n\n\n<li>dok\\u0142adno\\u015b\\u0107 kursu lepsza ni\\u017c 0,5\\u00b0<\\\/li>\\n\n\n<li>od\\u015bwie\\u017canie kursu 1-20Hz<\\\/li>\\n\n\n<li>dok\\u0142adno\\u015b\\u0107 DGPS\\u00a0 &lt;1.0m 95%<\\\/li>\\n\n\n<li>dok\\u0142adno\\u015b\\u0107 GPS &lt;4.0m\\u00a0 95%<\\\/li>\\n\n\n<li>szybka gotowo\\u015b\\u0107 do pracy<\\\/li>\\n\n\n<li>komunikacja z innymi urz\\u0105dzeniami NMEA0183<\\\/li>\\n<\\\/ul>\\n\n\n<p>Tabela por\\u00f3wnawcza z kompasem HS80<\\\/p>\\n\n\n<p><img src=\\\"http:\\\/\\\/www.escort.com.pl\\\/images\\\/escort\\\/oferta\\\/kompas\\\/tabela_kompasw.png\\\" alt=\\\"tabela_kompasw\\\" width=\\\"591\\\" height=\\\"127\\\" border=\\\"0\\\" \\\/><\\\/p>\",\"animation\":\"slide-left-medium\",\"text_align\":\"justify\",\"text_align_breakpoint\":\"m\",\"text_align_fallback\":\"center\",\"text_size\":\"\",\"maxwidth\":\"xxlarge\"}}]}]},{\"name\":\"\",\"type\":\"row\",\"props\":{\"fixed_width\":\"large\",\"breakpoint\":\"m\",\"layout\":\"1-1\",\"margin\":\"large\"},\"children\":[{\"name\":\"\",\"type\":\"column\",\"props\":{\"image_position\":\"center-center\",\"widths\":[\"1-1\"]},\"children\":[{\"name\":\"\",\"type\":\"button\",\"props\":{\"gutter\":\"small\",\"inline_align\":\"center\",\"margin\":\"\",\"text_align\":\"center\",\"button_size\":\"large\",\"animation\":\"slide-bottom-medium\"},\"children\":[{\"name\":\"\",\"type\":\"button_item\",\"props\":{\"button_style\":\"secondary\",\"content\":\"BROSZURA\",\"link\":\"wp-content\\\/uploads\\\/Kompasy_satelitarne.pdf\",\"link_title\":\"Explore More\",\"icon_align\":\"left\",\"link_target\":\"blank\"}}]}]}]}]}]} --><\/p>\n","protected":false},"excerpt":{"rendered":"<p>Kompas satelitarny SIMRAD MX575C\/D Kompas satelitarny MX575C\/D Zapewnia informacj\u0119 o kursie, pr\u0119dko\u015bci i pozycji. Dok\u0142adno\u015b\u0107 kursu lepsza ni\u017c 0.5\u00b0. Poprawki systemu DGPS pobierane zar\u00f3wno z systemu SBAS oraz ze stacji referencyjnych. kompas mo\u017ce by\u0107 u\u017cywane na statku jako pierwsze \u017ar\u00f3d\u0142o informacji o kursie kompatybilny z seri\u0105 SIMRAD MX420 i MX5XX dok\u0142adno\u015b\u0107 kursu lepsza ni\u017c 0,5\u00b0 [&hellip;]<\/p>\n","protected":false},"author":6,"featured_media":0,"parent":0,"menu_order":0,"comment_status":"closed","ping_status":"closed","template":"","meta":{"footnotes":""},"class_list":["post-2589","page","type-page","status-publish","hentry"],"yoast_head":"<!-- This site is optimized with the Yoast SEO plugin v27.6 - https:\/\/yoast.com\/product\/yoast-seo-wordpress\/ -->\n<title>Kompas satelitarny SIMRAD MX575C\/D - ESCORT TECHNOLOGY<\/title>\n<meta name=\"robots\" content=\"index, follow, max-snippet:-1, max-image-preview:large, max-video-preview:-1\" \/>\n<link rel=\"canonical\" href=\"http:\/\/escort-technology.com\/en\/kompas-satelitarny-simrad-mx575c-d\/\" \/>\n<meta property=\"og:locale\" content=\"en_US\" \/>\n<meta property=\"og:type\" content=\"article\" \/>\n<meta property=\"og:title\" content=\"Kompas satelitarny SIMRAD MX575C\/D - ESCORT TECHNOLOGY\" \/>\n<meta property=\"og:description\" content=\"Kompas satelitarny SIMRAD MX575C\/D Kompas satelitarny MX575C\/D Zapewnia informacj\u0119 o kursie, pr\u0119dko\u015bci i pozycji. Dok\u0142adno\u015b\u0107 kursu lepsza ni\u017c 0.5\u00b0. Poprawki systemu DGPS pobierane zar\u00f3wno z systemu SBAS oraz ze stacji referencyjnych. kompas mo\u017ce by\u0107 u\u017cywane na statku jako pierwsze \u017ar\u00f3d\u0142o informacji o kursie kompatybilny z seri\u0105 SIMRAD MX420 i MX5XX dok\u0142adno\u015b\u0107 kursu lepsza ni\u017c 0,5\u00b0 [&hellip;]\" \/>\n<meta property=\"og:url\" content=\"http:\/\/escort-technology.com\/en\/kompas-satelitarny-simrad-mx575c-d\/\" \/>\n<meta property=\"og:site_name\" content=\"ESCORT TECHNOLOGY\" \/>\n<meta property=\"article:publisher\" content=\"https:\/\/www.facebook.com\/elektronika.morska\/\" \/>\n<meta property=\"article:modified_time\" content=\"2018-03-20T13:55:35+00:00\" \/>\n<meta name=\"twitter:card\" content=\"summary_large_image\" \/>\n<meta name=\"twitter:label1\" content=\"Est. reading time\" \/>\n\t<meta name=\"twitter:data1\" content=\"1 minute\" \/>\n<script type=\"application\/ld+json\" class=\"yoast-schema-graph\">{\"@context\":\"https:\\\/\\\/schema.org\",\"@graph\":[{\"@type\":\"WebPage\",\"@id\":\"http:\\\/\\\/escort-technology.com\\\/pl\\\/kompas-satelitarny-simrad-mx575c-d\\\/\",\"url\":\"http:\\\/\\\/escort-technology.com\\\/pl\\\/kompas-satelitarny-simrad-mx575c-d\\\/\",\"name\":\"Kompas satelitarny SIMRAD MX575C\\\/D - ESCORT TECHNOLOGY\",\"isPartOf\":{\"@id\":\"http:\\\/\\\/escort-technology.com\\\/de\\\/#website\"},\"datePublished\":\"2018-03-20T13:03:56+00:00\",\"dateModified\":\"2018-03-20T13:55:35+00:00\",\"breadcrumb\":{\"@id\":\"http:\\\/\\\/escort-technology.com\\\/pl\\\/kompas-satelitarny-simrad-mx575c-d\\\/#breadcrumb\"},\"inLanguage\":\"en-US\",\"potentialAction\":[{\"@type\":\"ReadAction\",\"target\":[\"http:\\\/\\\/escort-technology.com\\\/pl\\\/kompas-satelitarny-simrad-mx575c-d\\\/\"]}]},{\"@type\":\"BreadcrumbList\",\"@id\":\"http:\\\/\\\/escort-technology.com\\\/pl\\\/kompas-satelitarny-simrad-mx575c-d\\\/#breadcrumb\",\"itemListElement\":[{\"@type\":\"ListItem\",\"position\":1,\"name\":\"Strona g\u0142\u00f3wna\",\"item\":\"https:\\\/\\\/escort-technology.com\\\/\"},{\"@type\":\"ListItem\",\"position\":2,\"name\":\"Kompas satelitarny SIMRAD MX575C\\\/D\"}]},{\"@type\":\"WebSite\",\"@id\":\"http:\\\/\\\/escort-technology.com\\\/de\\\/#website\",\"url\":\"http:\\\/\\\/escort-technology.com\\\/de\\\/\",\"name\":\"ESCORT TECHNOLOGY\",\"description\":\"Elektronika morska i l\u0105dowa\",\"publisher\":{\"@id\":\"http:\\\/\\\/escort-technology.com\\\/de\\\/#organization\"},\"potentialAction\":[{\"@type\":\"SearchAction\",\"target\":{\"@type\":\"EntryPoint\",\"urlTemplate\":\"http:\\\/\\\/escort-technology.com\\\/de\\\/?s={search_term_string}\"},\"query-input\":{\"@type\":\"PropertyValueSpecification\",\"valueRequired\":true,\"valueName\":\"search_term_string\"}}],\"inLanguage\":\"en-US\"},{\"@type\":\"Organization\",\"@id\":\"http:\\\/\\\/escort-technology.com\\\/de\\\/#organization\",\"name\":\"ESCORT TECHNOLOGY\",\"url\":\"http:\\\/\\\/escort-technology.com\\\/de\\\/\",\"logo\":{\"@type\":\"ImageObject\",\"inLanguage\":\"en-US\",\"@id\":\"http:\\\/\\\/escort-technology.com\\\/de\\\/#\\\/schema\\\/logo\\\/image\\\/\",\"url\":\"https:\\\/\\\/escort-technology.com\\\/wp-content\\\/uploads\\\/logo-1.jpg\",\"contentUrl\":\"https:\\\/\\\/escort-technology.com\\\/wp-content\\\/uploads\\\/logo-1.jpg\",\"width\":600,\"height\":165,\"caption\":\"ESCORT TECHNOLOGY\"},\"image\":{\"@id\":\"http:\\\/\\\/escort-technology.com\\\/de\\\/#\\\/schema\\\/logo\\\/image\\\/\"},\"sameAs\":[\"https:\\\/\\\/www.facebook.com\\\/elektronika.morska\\\/\",\"https:\\\/\\\/www.linkedin.com\\\/company\\\/escort-sp-z-o-o-\\\/\"]}]}<\/script>\n<!-- \/ Yoast SEO plugin. -->","yoast_head_json":{"title":"Kompas satelitarny SIMRAD MX575C\/D - ESCORT TECHNOLOGY","robots":{"index":"index","follow":"follow","max-snippet":"max-snippet:-1","max-image-preview":"max-image-preview:large","max-video-preview":"max-video-preview:-1"},"canonical":"http:\/\/escort-technology.com\/en\/kompas-satelitarny-simrad-mx575c-d\/","og_locale":"en_US","og_type":"article","og_title":"Kompas satelitarny SIMRAD MX575C\/D - ESCORT TECHNOLOGY","og_description":"Kompas satelitarny SIMRAD MX575C\/D Kompas satelitarny MX575C\/D Zapewnia informacj\u0119 o kursie, pr\u0119dko\u015bci i pozycji. Dok\u0142adno\u015b\u0107 kursu lepsza ni\u017c 0.5\u00b0. Poprawki systemu DGPS pobierane zar\u00f3wno z systemu SBAS oraz ze stacji referencyjnych. kompas mo\u017ce by\u0107 u\u017cywane na statku jako pierwsze \u017ar\u00f3d\u0142o informacji o kursie kompatybilny z seri\u0105 SIMRAD MX420 i MX5XX dok\u0142adno\u015b\u0107 kursu lepsza ni\u017c 0,5\u00b0 [&hellip;]","og_url":"http:\/\/escort-technology.com\/en\/kompas-satelitarny-simrad-mx575c-d\/","og_site_name":"ESCORT TECHNOLOGY","article_publisher":"https:\/\/www.facebook.com\/elektronika.morska\/","article_modified_time":"2018-03-20T13:55:35+00:00","twitter_card":"summary_large_image","twitter_misc":{"Est. reading time":"1 minute"},"schema":{"@context":"https:\/\/schema.org","@graph":[{"@type":"WebPage","@id":"http:\/\/escort-technology.com\/pl\/kompas-satelitarny-simrad-mx575c-d\/","url":"http:\/\/escort-technology.com\/pl\/kompas-satelitarny-simrad-mx575c-d\/","name":"Kompas satelitarny SIMRAD MX575C\/D - ESCORT TECHNOLOGY","isPartOf":{"@id":"http:\/\/escort-technology.com\/de\/#website"},"datePublished":"2018-03-20T13:03:56+00:00","dateModified":"2018-03-20T13:55:35+00:00","breadcrumb":{"@id":"http:\/\/escort-technology.com\/pl\/kompas-satelitarny-simrad-mx575c-d\/#breadcrumb"},"inLanguage":"en-US","potentialAction":[{"@type":"ReadAction","target":["http:\/\/escort-technology.com\/pl\/kompas-satelitarny-simrad-mx575c-d\/"]}]},{"@type":"BreadcrumbList","@id":"http:\/\/escort-technology.com\/pl\/kompas-satelitarny-simrad-mx575c-d\/#breadcrumb","itemListElement":[{"@type":"ListItem","position":1,"name":"Strona g\u0142\u00f3wna","item":"https:\/\/escort-technology.com\/"},{"@type":"ListItem","position":2,"name":"Kompas satelitarny SIMRAD MX575C\/D"}]},{"@type":"WebSite","@id":"http:\/\/escort-technology.com\/de\/#website","url":"http:\/\/escort-technology.com\/de\/","name":"ESCORT TECHNOLOGY","description":"Onshore and offshore electronics","publisher":{"@id":"http:\/\/escort-technology.com\/de\/#organization"},"potentialAction":[{"@type":"SearchAction","target":{"@type":"EntryPoint","urlTemplate":"http:\/\/escort-technology.com\/de\/?s={search_term_string}"},"query-input":{"@type":"PropertyValueSpecification","valueRequired":true,"valueName":"search_term_string"}}],"inLanguage":"en-US"},{"@type":"Organization","@id":"http:\/\/escort-technology.com\/de\/#organization","name":"ESCORT TECHNOLOGY","url":"http:\/\/escort-technology.com\/de\/","logo":{"@type":"ImageObject","inLanguage":"en-US","@id":"http:\/\/escort-technology.com\/de\/#\/schema\/logo\/image\/","url":"https:\/\/escort-technology.com\/wp-content\/uploads\/logo-1.jpg","contentUrl":"https:\/\/escort-technology.com\/wp-content\/uploads\/logo-1.jpg","width":600,"height":165,"caption":"ESCORT TECHNOLOGY"},"image":{"@id":"http:\/\/escort-technology.com\/de\/#\/schema\/logo\/image\/"},"sameAs":["https:\/\/www.facebook.com\/elektronika.morska\/","https:\/\/www.linkedin.com\/company\/escort-sp-z-o-o-\/"]}]}},"_links":{"self":[{"href":"https:\/\/escort-technology.com\/en\/wp-json\/wp\/v2\/pages\/2589","targetHints":{"allow":["GET"]}}],"collection":[{"href":"https:\/\/escort-technology.com\/en\/wp-json\/wp\/v2\/pages"}],"about":[{"href":"https:\/\/escort-technology.com\/en\/wp-json\/wp\/v2\/types\/page"}],"author":[{"embeddable":true,"href":"https:\/\/escort-technology.com\/en\/wp-json\/wp\/v2\/users\/6"}],"replies":[{"embeddable":true,"href":"https:\/\/escort-technology.com\/en\/wp-json\/wp\/v2\/comments?post=2589"}],"version-history":[{"count":4,"href":"https:\/\/escort-technology.com\/en\/wp-json\/wp\/v2\/pages\/2589\/revisions"}],"predecessor-version":[{"id":2619,"href":"https:\/\/escort-technology.com\/en\/wp-json\/wp\/v2\/pages\/2589\/revisions\/2619"}],"wp:attachment":[{"href":"https:\/\/escort-technology.com\/en\/wp-json\/wp\/v2\/media?parent=2589"}],"curies":[{"name":"wp","href":"https:\/\/api.w.org\/{rel}","templated":true}]}}