{"id":2760,"date":"2018-03-21T12:19:22","date_gmt":"2018-03-21T12:19:22","guid":{"rendered":"http:\/\/escort-technology.com\/?page_id=2760"},"modified":"2022-08-18T08:10:48","modified_gmt":"2022-08-18T06:10:48","slug":"sonarowy-system-antykolizyjny-3d-do-nawigacji-morskiej-firmy-farsounder","status":"publish","type":"page","link":"https:\/\/escort-technology.com\/en\/sonarowy-system-antykolizyjny-3d-do-nawigacji-morskiej-firmy-farsounder\/","title":{"rendered":"FarSounder's 3D sonar system for marine navigation"},"content":{"rendered":"<h2>ARGOS &#8211; Sonarowy System Antykolizyjny 3D do nawigacji morskiej firmy FarSounder<\/h2>\n<hr>\n<p><img decoding=\"async\" src=\"\/wp-content\/uploads\/2022\/08\/sailing-g88316bdf7_1920.jpg\" alt=\"\"><\/p>\n<div>\n<h3>Systemy FarSounder to jedyne produkty na rynku zdolne do generowania prawdziwego, tr\u00f3jwymiarowego obrazu przed statkiem w czasie rzeczywistym. Funkcjonalne i niezawodne przy istotnych z punktu widzenia nawigacji zasi\u0119gach do 1000 metr\u00f3w (1\/2 mili morskiej) i pr\u0119dko\u015bciach do 25 w\u0119z\u0142\u00f3w, systemy serii Argos pozwalaj\u0105 u\u017cytkownikom na bezpieczn\u0105 i pewn\u0105 nawigacj\u0119. Oprogramowanie systemu mo\u017ce by\u0107 zintegrowane z wieloma systemami mostkowymi.<\/h3>\n<\/div>\n<p><a href=\"https:\/\/escort-technology.com\/sonarowy-system-farsounder-argos-350\/\"><img decoding=\"async\" src=\"\/wp-content\/uploads\/2022\/08\/Argos350block.jpg\" alt=\"\"><\/a><br \/>\n<img decoding=\"async\" src=\"\/wp-content\/uploads\/2022\/08\/350fov.png\" alt=\"\"><\/p>\n<div>\n<p class=\"\">Do 90\u00b0\u00a0 i 350m zasi\u0119gu<\/p>\n<p class=\"\">Do pr\u0119dko\u015bci 18 W\u0119z\u0142\u00f3w<\/p>\n<\/div>\n<p><a href=\"https:\/\/escort-technology.com\/?page_id=11528&#038;preview=true\"><img decoding=\"async\" src=\"\/wp-content\/uploads\/2022\/08\/Argos500block.jpg\" alt=\"\"><\/a><br \/>\n<img decoding=\"async\" src=\"\/wp-content\/uploads\/2022\/08\/500fov.png\" alt=\"\"><\/p>\n<div>\n<p class=\"\">Do 120\u00b0 i 200m zasi\u0119gu\u00a0<br \/>Do 90\u00b0 i\u00a0 500m zasi\u0119gu<\/p>\n<p class=\"\">Do pr\u0119dko\u015bci 20 W\u0119z\u0142\u00f3w<\/p>\n<\/div>\n<p><a href=\"https:\/\/escort-technology.com\/?page_id=11562&#038;preview=true\"><img decoding=\"async\" src=\"\/wp-content\/uploads\/2022\/08\/Argos1000block.jpg\" alt=\"\"><\/a><br \/>\n<img decoding=\"async\" src=\"\/wp-content\/uploads\/2022\/08\/1000fov.png\" alt=\"\"><\/p>\n<div>\n<p class=\"\">Do 120\u00b0 i 200m zasi\u0119gu<br \/>Do 90\u00b0 i 500m zasi\u0119gu<br \/>Do 60\u00b0 i 1000m zasi\u0119gu<\/p>\n<p class=\"\">Do pr\u0119dko\u015bci\u00a0 25 W\u0119z\u0142\u00f3w<\/p>\n<\/div>\n<p><img decoding=\"async\" src=\"\/wp-content\/uploads\/2022\/08\/hamburg-g57015de59_1920.jpg\" alt=\"\"><\/p>\n<div>\n<h2>Seria nawigacyjna Argos<\/h2>\n<p>Seria Argos zwi\u0119ksza bezpiecze\u0144stwo nawigacji poprzez wykrywanie podwodnych zagro\u017ce\u0144 i p\u0142ycizn do 1000m przed statkiem. Te systemy sonarowe patrz\u0105ce w prz\u00f3d tworz\u0105 w czasie rzeczywistym obrazy 3D, dostarczaj\u0105c u\u017cytkownikom wiedzy o tym, gdzie mo\u017cna bezpiecznie nawigowa\u0107. Dzi\u0119ki tej opatentowanej technologii, u\u017cytkownicy mog\u0105 podr\u00f3\u017cowa\u0107 po nieznanych i niezbadanych wodach. Rozumiemy, \u017ce bezpiecze\u0144stwo jest priorytetem nr 1, a jednocze\u015bnie dostrzegamy znaczenie piel\u0119gnowania poczucia przygody i entuzjazmu w odkrywaniu nowych miejsc.<\/p>\n<\/div>\n<div>\n<h2>Wyra\u017any obraz tego, co przed nami<\/h2>\n<p>Nasze nak\u0142adki na map\u0119 i wy\u015bwietlacze sonaru 3D u\u0142atwiaj\u0105 szybkie zrozumienie tego, co znajduje si\u0119 przed nami pod wod\u0105. Nasze szybkie tempo aktualizacji maluje ca\u0142y obraz 3D z pojedynczym pingiem eliminuj\u0105c czas oczekiwania. Przez lata opracowali\u015bmy \u0142atwy do zrozumienia interfejs daj\u0105cy kapitanom i za\u0142odze przyjazny dla u\u017cytkownika obraz w czasie rzeczywistym tego, co znajduje si\u0119 przed nimi na dnie morza i w s\u0142upie wody.<\/p>\n<\/div>\n<p><img decoding=\"async\" src=\"\/wp-content\/uploads\/2022\/08\/neist-point-g31998ac18_1920.jpg\" alt=\"\"><br \/>\n<img decoding=\"async\" src=\"\/wp-content\/uploads\/2022\/08\/board-g9d7bb2e55_1920.jpg\" alt=\"\"><\/p>\n<div>\n<h2>Zaawansowana technologia\u00a0<\/h2>\n<p>Nawigacyjne systemy sonarowe FarSounder posiadaj\u0105 unikaln\u0105 technologi\u0119 phased array, kt\u00f3ra przekazuje szerok\u0105 transmisj\u0119 d\u017awi\u0119ku. Pozwala to na przetwarzanie 3D w trybie single-ping i szybkie od\u015bwie\u017canie. W rezultacie systemy nie s\u0105 ograniczone przez zak\u0142\u00f3cenia wielodrogowe, przechylenie\/pochylenie, efekty powierzchniowe i ruch statku. A dzi\u0119ki naszej \u0142atwej do zrozumienia technologii, nawigatorzy mog\u0105 odr\u00f3\u017cni\u0107 dno morskie od niebezpiecznych przeszk\u00f3d w wodzie poprzez przetwarzanie przez systemy pomiaru g\u0142\u0119boko\u015bci i mapowania kolor\u00f3w.<\/p>\n<\/div>\n<div>\n<h3>Mapowanie historii lokalnej&#x2122; (LHM)<\/h3>\n<p>Nasza funkcja Local History Mapping&#x2122; daje u\u017cytkownikom mo\u017cliwo\u015b\u0107 zbudowania tr\u00f3jwymiarowej mapy dna morskiego w miejscu, w kt\u00f3rym ostatnio p\u0142ywali w widoku nak\u0142adki mapy. Nawigatorzy zobacz\u0105 kolorowy obraz w czasie rzeczywistym dna morskiego przed statkiem, jak r\u00f3wnie\u017c miejsca, w kt\u00f3rych byli. Poniewa\u017c nasz sonar ma szerokie poziome pole widzenia przed statkiem, pojedyncze przej\u015bcie sonaru Argos 3D z LHM mo\u017ce odwzorowa\u0107 znacznie szerszy zakres dna morskiego ni\u017c standardowa echosonda.<\/p>\n<\/div>\n<p><img decoding=\"async\" src=\"\/wp-content\/uploads\/2022\/08\/localhistorymapping.png\" alt=\"\"><\/p>\n<p><!--more--><br \/>\n<!-- {\"name\":\"\",\"type\":\"layout\",\"children\":[{\"name\":\"ANTENA\",\"type\":\"section\",\"props\":{\"width\":\"large\",\"padding\":\"xsmall\",\"style\":\"default\",\"media\":\"\",\"height_viewport\":false,\"header_overlay\":\"light\",\"animation\":\"slide-top-medium\",\"padding_remove_top\":false,\"image_size\":\"cover\",\"image\":\"\",\"image_position\":\"bottom-center\",\"image_fixed\":false,\"class\":\"\",\"overlap\":true,\"vertical_align\":\"middle\",\"title_position\":\"top-left\",\"title_rotation\":\"left\",\"title_breakpoint\":\"xl\"},\"children\":[{\"name\":\"\",\"type\":\"row\",\"children\":[{\"name\":\"\",\"type\":\"column\",\"props\":{\"image_position\":\"center-center\",\"width_medium\":\"1-1\",\"media_overlay_gradient\":\"\"},\"children\":[{\"name\":\"\",\"type\":\"headline\",\"props\":{\"title_element\":\"h2\",\"content\":\"ARGOS - Sonarowy System Antykolizyjny 3D do nawigacji morskiej firmy FarSounder\",\"text_align\":\"center\",\"text_align_fallback\":\"center\",\"title_style\":\"h2\",\"block_align\":\"center\"}},{\"name\":\"\",\"type\":\"divider\",\"props\":{\"divider_element\":\"hr\"}},{\"type\":\"image\",\"props\":{\"margin\":\"default\",\"image_svg_color\":\"emphasis\",\"image\":\"wp-content\\\/uploads\\\/2022\\\/08\\\/sailing-g88316bdf7_1920.jpg\"}},{\"type\":\"text\",\"props\":{\"margin\":\"default\",\"column_breakpoint\":\"m\",\"content\":\"\n\n<h3>Systemy FarSounder to jedyne produkty na rynku zdolne do generowania prawdziwego, tr\\u00f3jwymiarowego obrazu przed statkiem w czasie rzeczywistym. Funkcjonalne i niezawodne przy istotnych z punktu widzenia nawigacji zasi\\u0119gach do 1000 metr\\u00f3w (1\\\/2 mili morskiej) i pr\\u0119dko\\u015bciach do 25 w\\u0119z\\u0142\\u00f3w, systemy serii Argos pozwalaj\\u0105 u\\u017cytkownikom na bezpieczn\\u0105 i pewn\\u0105 nawigacj\\u0119. Oprogramowanie systemu mo\\u017ce by\\u0107 zintegrowane z wieloma systemami mostkowymi.<\\\/h3>\"}}]}]},{\"type\":\"row\",\"props\":{\"layout\":\"1-3,1-3,1-3\"},\"children\":[{\"type\":\"column\",\"props\":{\"image_position\":\"center-center\",\"media_overlay_gradient\":\"\",\"width_medium\":\"1-3\"},\"children\":[{\"type\":\"image\",\"props\":{\"margin\":\"default\",\"image_svg_color\":\"emphasis\",\"image\":\"wp-content\\\/uploads\\\/2022\\\/08\\\/Argos350block.jpg\",\"link\":\"https:\\\/\\\/escort-technology.com\\\/sonarowy-system-farsounder-argos-350\\\/\"}},{\"type\":\"image\",\"props\":{\"margin\":\"default\",\"image_svg_color\":\"emphasis\",\"image\":\"wp-content\\\/uploads\\\/2022\\\/08\\\/350fov.png\",\"text_align\":\"center\"}},{\"type\":\"text\",\"props\":{\"margin\":\"default\",\"column_breakpoint\":\"m\",\"content\":\"\n\n<p class=\\\"\\\">Do 90\\u00b0\\u00a0 i 350m zasi\\u0119gu<br \\\/><br \\\/><\\\/p>\\n\n\n<p class=\\\"\\\">Do pr\\u0119dko\\u015bci 18 W\\u0119z\\u0142\\u00f3w<\\\/p>\",\"text_align\":\"center\"}}]},{\"type\":\"column\",\"props\":{\"image_position\":\"center-center\",\"media_overlay_gradient\":\"\",\"width_medium\":\"1-3\"},\"children\":[{\"type\":\"image\",\"props\":{\"margin\":\"default\",\"image_svg_color\":\"emphasis\",\"image\":\"wp-content\\\/uploads\\\/2022\\\/08\\\/Argos500block.jpg\",\"link\":\"https:\\\/\\\/escort-technology.com\\\/?page_id=11528&preview=true\"}},{\"type\":\"image\",\"props\":{\"margin\":\"default\",\"image_svg_color\":\"emphasis\",\"image\":\"wp-content\\\/uploads\\\/2022\\\/08\\\/500fov.png\",\"text_align\":\"center\"}},{\"type\":\"text\",\"props\":{\"margin\":\"default\",\"column_breakpoint\":\"m\",\"content\":\"\n\n<p class=\\\"\\\">Do 120\\u00b0 i 200m zasi\\u0119gu\\u00a0<br \\\/>Do 90\\u00b0 i\\u00a0 500m zasi\\u0119gu<\\\/p>\\n\n\n<p class=\\\"\\\">Do pr\\u0119dko\\u015bci 20 W\\u0119z\\u0142\\u00f3w<\\\/p>\",\"text_align\":\"center\"}}]},{\"type\":\"column\",\"props\":{\"image_position\":\"center-center\",\"media_overlay_gradient\":\"\",\"width_medium\":\"1-3\"},\"children\":[{\"type\":\"image\",\"props\":{\"margin\":\"default\",\"image_svg_color\":\"emphasis\",\"image\":\"wp-content\\\/uploads\\\/2022\\\/08\\\/Argos1000block.jpg\",\"link\":\"https:\\\/\\\/escort-technology.com\\\/?page_id=11562&preview=true\"}},{\"type\":\"image\",\"props\":{\"margin\":\"default\",\"image_svg_color\":\"emphasis\",\"image\":\"wp-content\\\/uploads\\\/2022\\\/08\\\/1000fov.png\",\"text_align\":\"center\"}},{\"type\":\"text\",\"props\":{\"margin\":\"default\",\"column_breakpoint\":\"m\",\"content\":\"\n\n<p class=\\\"\\\">Do 120\\u00b0 i 200m zasi\\u0119gu<br \\\/>Do 90\\u00b0 i 500m zasi\\u0119gu<br \\\/>Do 60\\u00b0 i 1000m zasi\\u0119gu<\\\/p>\\n\n\n<p class=\\\"\\\">Do pr\\u0119dko\\u015bci\\u00a0 25 W\\u0119z\\u0142\\u00f3w<\\\/p>\",\"text_align\":\"center\"}}]}]},{\"type\":\"row\",\"props\":{\"layout\":\"1-2,1-2\"},\"children\":[{\"type\":\"column\",\"props\":{\"image_position\":\"center-center\",\"media_overlay_gradient\":\"\",\"width_medium\":\"1-2\"},\"children\":[{\"type\":\"image\",\"props\":{\"margin\":\"default\",\"image_svg_color\":\"emphasis\",\"image\":\"wp-content\\\/uploads\\\/2022\\\/08\\\/hamburg-g57015de59_1920.jpg\"}}]},{\"type\":\"column\",\"props\":{\"image_position\":\"center-center\",\"media_overlay_gradient\":\"\",\"width_medium\":\"1-2\"},\"children\":[{\"type\":\"text\",\"props\":{\"margin\":\"default\",\"column_breakpoint\":\"m\",\"content\":\"\n\n<h2>Seria nawigacyjna Argos<\\\/h2>\\n\n\n<p><br \\\/>Seria Argos zwi\\u0119ksza bezpiecze\\u0144stwo nawigacji poprzez wykrywanie podwodnych zagro\\u017ce\\u0144 i p\\u0142ycizn do 1000m przed statkiem. Te systemy sonarowe patrz\\u0105ce w prz\\u00f3d tworz\\u0105 w czasie rzeczywistym obrazy 3D, dostarczaj\\u0105c u\\u017cytkownikom wiedzy o tym, gdzie mo\\u017cna bezpiecznie nawigowa\\u0107. Dzi\\u0119ki tej opatentowanej technologii, u\\u017cytkownicy mog\\u0105 podr\\u00f3\\u017cowa\\u0107 po nieznanych i niezbadanych wodach. Rozumiemy, \\u017ce bezpiecze\\u0144stwo jest priorytetem nr 1, a jednocze\\u015bnie dostrzegamy znaczenie piel\\u0119gnowania poczucia przygody i entuzjazmu w odkrywaniu nowych miejsc.<\\\/p>\"}}]}]},{\"type\":\"row\",\"props\":{\"layout\":\"1-2,1-2\"},\"children\":[{\"type\":\"column\",\"props\":{\"image_position\":\"center-center\",\"media_overlay_gradient\":\"\",\"width_medium\":\"1-2\"},\"children\":[{\"type\":\"text\",\"props\":{\"margin\":\"default\",\"column_breakpoint\":\"m\",\"content\":\"\n\n<h2>Wyra\\u017any obraz tego, co przed nami<\\\/h2>\\n\n\n<p><br \\\/>Nasze nak\\u0142adki na map\\u0119 i wy\\u015bwietlacze sonaru 3D u\\u0142atwiaj\\u0105 szybkie zrozumienie tego, co znajduje si\\u0119 przed nami pod wod\\u0105. Nasze szybkie tempo aktualizacji maluje ca\\u0142y obraz 3D z pojedynczym pingiem eliminuj\\u0105c czas oczekiwania. Przez lata opracowali\\u015bmy \\u0142atwy do zrozumienia interfejs daj\\u0105cy kapitanom i za\\u0142odze przyjazny dla u\\u017cytkownika obraz w czasie rzeczywistym tego, co znajduje si\\u0119 przed nimi na dnie morza i w s\\u0142upie wody.<\\\/p>\"}}]},{\"type\":\"column\",\"props\":{\"image_position\":\"center-center\",\"media_overlay_gradient\":\"\",\"width_medium\":\"1-2\"},\"children\":[{\"type\":\"image\",\"props\":{\"margin\":\"default\",\"image_svg_color\":\"emphasis\",\"image\":\"wp-content\\\/uploads\\\/2022\\\/08\\\/neist-point-g31998ac18_1920.jpg\"}}]}]},{\"type\":\"row\",\"props\":{\"layout\":\"1-2,1-2\"},\"children\":[{\"type\":\"column\",\"props\":{\"image_position\":\"center-center\",\"media_overlay_gradient\":\"\",\"width_medium\":\"1-2\"},\"children\":[{\"type\":\"image\",\"props\":{\"margin\":\"default\",\"image_svg_color\":\"emphasis\",\"image\":\"wp-content\\\/uploads\\\/2022\\\/08\\\/board-g9d7bb2e55_1920.jpg\"}}]},{\"type\":\"column\",\"props\":{\"image_position\":\"center-center\",\"media_overlay_gradient\":\"\",\"width_medium\":\"1-2\"},\"children\":[{\"type\":\"text\",\"props\":{\"margin\":\"default\",\"column_breakpoint\":\"m\",\"content\":\"\n\n<h2>Zaawansowana technologia\\u00a0<\\\/h2>\\n\n\n<p>Nawigacyjne systemy sonarowe FarSounder posiadaj\\u0105 unikaln\\u0105 technologi\\u0119 phased array, kt\\u00f3ra przekazuje szerok\\u0105 transmisj\\u0119 d\\u017awi\\u0119ku. Pozwala to na przetwarzanie 3D w trybie single-ping i szybkie od\\u015bwie\\u017canie. W rezultacie systemy nie s\\u0105 ograniczone przez zak\\u0142\\u00f3cenia wielodrogowe, przechylenie\\\/pochylenie, efekty powierzchniowe i ruch statku. A dzi\\u0119ki naszej \\u0142atwej do zrozumienia technologii, nawigatorzy mog\\u0105 odr\\u00f3\\u017cni\\u0107 dno morskie od niebezpiecznych przeszk\\u00f3d w wodzie poprzez przetwarzanie przez systemy pomiaru g\\u0142\\u0119boko\\u015bci i mapowania kolor\\u00f3w.<\\\/p>\"}}]}]},{\"type\":\"row\",\"props\":{\"layout\":\"1-2,1-2\"},\"children\":[{\"type\":\"column\",\"props\":{\"image_position\":\"center-center\",\"media_overlay_gradient\":\"\",\"width_medium\":\"1-2\"},\"children\":[{\"type\":\"text\",\"props\":{\"margin\":\"default\",\"column_breakpoint\":\"m\",\"content\":\"\n\n<h3>Mapowanie historii lokalnej\\u2122 (LHM)<\\\/h3>\\n\n\n<p><br \\\/>Nasza funkcja Local History Mapping\\u2122 daje u\\u017cytkownikom mo\\u017cliwo\\u015b\\u0107 zbudowania tr\\u00f3jwymiarowej mapy dna morskiego w miejscu, w kt\\u00f3rym ostatnio p\\u0142ywali w widoku nak\\u0142adki mapy. Nawigatorzy zobacz\\u0105 kolorowy obraz w czasie rzeczywistym dna morskiego przed statkiem, jak r\\u00f3wnie\\u017c miejsca, w kt\\u00f3rych byli. Poniewa\\u017c nasz sonar ma szerokie poziome pole widzenia przed statkiem, pojedyncze przej\\u015bcie sonaru Argos 3D z LHM mo\\u017ce odwzorowa\\u0107 znacznie szerszy zakres dna morskiego ni\\u017c standardowa echosonda.<\\\/p>\"}}]},{\"type\":\"column\",\"props\":{\"image_position\":\"center-center\",\"media_overlay_gradient\":\"\",\"width_medium\":\"1-2\"},\"children\":[{\"type\":\"image\",\"props\":{\"margin\":\"default\",\"image_svg_color\":\"emphasis\",\"image\":\"wp-content\\\/uploads\\\/2022\\\/08\\\/localhistorymapping.png\"}}]}]}]}],\"version\":\"2.6.7\"} --><\/p>\n","protected":false},"excerpt":{"rendered":"<p>ARGOS &#8211; Sonarowy System Antykolizyjny 3D do nawigacji morskiej firmy FarSounder Systemy FarSounder to jedyne produkty na rynku zdolne do generowania prawdziwego, tr\u00f3jwymiarowego obrazu przed statkiem w czasie rzeczywistym. Funkcjonalne i niezawodne przy istotnych z punktu widzenia nawigacji zasi\u0119gach do 1000 metr\u00f3w (1\/2 mili morskiej) i pr\u0119dko\u015bciach do 25 w\u0119z\u0142\u00f3w, systemy serii Argos pozwalaj\u0105 u\u017cytkownikom [&hellip;]<\/p>\n","protected":false},"author":6,"featured_media":0,"parent":0,"menu_order":0,"comment_status":"closed","ping_status":"closed","template":"","meta":{"footnotes":""},"class_list":["post-2760","page","type-page","status-publish","hentry"],"yoast_head":"<!-- This site is optimized with the Yoast SEO plugin v27.4 - https:\/\/yoast.com\/product\/yoast-seo-wordpress\/ -->\n<title>Sonarowy System Antykolizyjny 3D do nawigacji morskiej firmy FarSounder - ESCORT TECHNOLOGY<\/title>\n<meta name=\"robots\" content=\"index, follow, max-snippet:-1, max-image-preview:large, max-video-preview:-1\" \/>\n<link rel=\"canonical\" href=\"https:\/\/escort-technology.com\/en\/de\/sonarowy-system-antykolizyjny-3d-do-nawigacji-morskiej-firmy-farsounder\/\" \/>\n<meta property=\"og:locale\" content=\"en_US\" \/>\n<meta property=\"og:type\" content=\"article\" \/>\n<meta property=\"og:title\" content=\"Sonarowy System Antykolizyjny 3D do nawigacji morskiej firmy FarSounder - ESCORT TECHNOLOGY\" \/>\n<meta property=\"og:description\" content=\"ARGOS &#8211; Sonarowy System Antykolizyjny 3D do nawigacji morskiej firmy FarSounder Systemy FarSounder to jedyne produkty na rynku zdolne do generowania prawdziwego, tr\u00f3jwymiarowego obrazu przed statkiem w czasie rzeczywistym. Funkcjonalne i niezawodne przy istotnych z punktu widzenia nawigacji zasi\u0119gach do 1000 metr\u00f3w (1\/2 mili morskiej) i pr\u0119dko\u015bciach do 25 w\u0119z\u0142\u00f3w, systemy serii Argos pozwalaj\u0105 u\u017cytkownikom [&hellip;]\" \/>\n<meta property=\"og:url\" content=\"https:\/\/escort-technology.com\/en\/de\/sonarowy-system-antykolizyjny-3d-do-nawigacji-morskiej-firmy-farsounder\/\" \/>\n<meta property=\"og:site_name\" content=\"ESCORT TECHNOLOGY\" \/>\n<meta property=\"article:publisher\" content=\"https:\/\/www.facebook.com\/elektronika.morska\/\" \/>\n<meta property=\"article:modified_time\" content=\"2022-08-18T06:10:48+00:00\" \/>\n<meta name=\"twitter:card\" content=\"summary_large_image\" \/>\n<meta name=\"twitter:label1\" content=\"Est. reading time\" \/>\n\t<meta name=\"twitter:data1\" content=\"2 minutes\" \/>\n<script type=\"application\/ld+json\" class=\"yoast-schema-graph\">{\"@context\":\"https:\\\/\\\/schema.org\",\"@graph\":[{\"@type\":\"WebPage\",\"@id\":\"https:\\\/\\\/escort-technology.com\\\/de\\\/sonarowy-system-antykolizyjny-3d-do-nawigacji-morskiej-firmy-farsounder\\\/\",\"url\":\"https:\\\/\\\/escort-technology.com\\\/de\\\/sonarowy-system-antykolizyjny-3d-do-nawigacji-morskiej-firmy-farsounder\\\/\",\"name\":\"Sonarowy System Antykolizyjny 3D do nawigacji morskiej firmy FarSounder - ESCORT TECHNOLOGY\",\"isPartOf\":{\"@id\":\"http:\\\/\\\/escort-technology.com\\\/de\\\/#website\"},\"datePublished\":\"2018-03-21T12:19:22+00:00\",\"dateModified\":\"2022-08-18T06:10:48+00:00\",\"breadcrumb\":{\"@id\":\"https:\\\/\\\/escort-technology.com\\\/de\\\/sonarowy-system-antykolizyjny-3d-do-nawigacji-morskiej-firmy-farsounder\\\/#breadcrumb\"},\"inLanguage\":\"en-US\",\"potentialAction\":[{\"@type\":\"ReadAction\",\"target\":[\"https:\\\/\\\/escort-technology.com\\\/de\\\/sonarowy-system-antykolizyjny-3d-do-nawigacji-morskiej-firmy-farsounder\\\/\"]}]},{\"@type\":\"BreadcrumbList\",\"@id\":\"https:\\\/\\\/escort-technology.com\\\/de\\\/sonarowy-system-antykolizyjny-3d-do-nawigacji-morskiej-firmy-farsounder\\\/#breadcrumb\",\"itemListElement\":[{\"@type\":\"ListItem\",\"position\":1,\"name\":\"Strona g\u0142\u00f3wna\",\"item\":\"https:\\\/\\\/escort-technology.com\\\/\"},{\"@type\":\"ListItem\",\"position\":2,\"name\":\"Sonarowy System Antykolizyjny 3D do nawigacji morskiej firmy FarSounder\"}]},{\"@type\":\"WebSite\",\"@id\":\"http:\\\/\\\/escort-technology.com\\\/de\\\/#website\",\"url\":\"http:\\\/\\\/escort-technology.com\\\/de\\\/\",\"name\":\"ESCORT TECHNOLOGY\",\"description\":\"Elektronika morska i l\u0105dowa\",\"publisher\":{\"@id\":\"http:\\\/\\\/escort-technology.com\\\/de\\\/#organization\"},\"potentialAction\":[{\"@type\":\"SearchAction\",\"target\":{\"@type\":\"EntryPoint\",\"urlTemplate\":\"http:\\\/\\\/escort-technology.com\\\/de\\\/?s={search_term_string}\"},\"query-input\":{\"@type\":\"PropertyValueSpecification\",\"valueRequired\":true,\"valueName\":\"search_term_string\"}}],\"inLanguage\":\"en-US\"},{\"@type\":\"Organization\",\"@id\":\"http:\\\/\\\/escort-technology.com\\\/de\\\/#organization\",\"name\":\"ESCORT TECHNOLOGY\",\"url\":\"http:\\\/\\\/escort-technology.com\\\/de\\\/\",\"logo\":{\"@type\":\"ImageObject\",\"inLanguage\":\"en-US\",\"@id\":\"http:\\\/\\\/escort-technology.com\\\/de\\\/#\\\/schema\\\/logo\\\/image\\\/\",\"url\":\"https:\\\/\\\/escort-technology.com\\\/wp-content\\\/uploads\\\/logo-1.jpg\",\"contentUrl\":\"https:\\\/\\\/escort-technology.com\\\/wp-content\\\/uploads\\\/logo-1.jpg\",\"width\":600,\"height\":165,\"caption\":\"ESCORT TECHNOLOGY\"},\"image\":{\"@id\":\"http:\\\/\\\/escort-technology.com\\\/de\\\/#\\\/schema\\\/logo\\\/image\\\/\"},\"sameAs\":[\"https:\\\/\\\/www.facebook.com\\\/elektronika.morska\\\/\",\"https:\\\/\\\/www.linkedin.com\\\/company\\\/escort-sp-z-o-o-\\\/\"]}]}<\/script>\n<!-- \/ Yoast SEO plugin. -->","yoast_head_json":{"title":"Sonarowy System Antykolizyjny 3D do nawigacji morskiej firmy FarSounder - ESCORT TECHNOLOGY","robots":{"index":"index","follow":"follow","max-snippet":"max-snippet:-1","max-image-preview":"max-image-preview:large","max-video-preview":"max-video-preview:-1"},"canonical":"https:\/\/escort-technology.com\/en\/de\/sonarowy-system-antykolizyjny-3d-do-nawigacji-morskiej-firmy-farsounder\/","og_locale":"en_US","og_type":"article","og_title":"Sonarowy System Antykolizyjny 3D do nawigacji morskiej firmy FarSounder - ESCORT TECHNOLOGY","og_description":"ARGOS &#8211; Sonarowy System Antykolizyjny 3D do nawigacji morskiej firmy FarSounder Systemy FarSounder to jedyne produkty na rynku zdolne do generowania prawdziwego, tr\u00f3jwymiarowego obrazu przed statkiem w czasie rzeczywistym. Funkcjonalne i niezawodne przy istotnych z punktu widzenia nawigacji zasi\u0119gach do 1000 metr\u00f3w (1\/2 mili morskiej) i pr\u0119dko\u015bciach do 25 w\u0119z\u0142\u00f3w, systemy serii Argos pozwalaj\u0105 u\u017cytkownikom [&hellip;]","og_url":"https:\/\/escort-technology.com\/en\/de\/sonarowy-system-antykolizyjny-3d-do-nawigacji-morskiej-firmy-farsounder\/","og_site_name":"ESCORT TECHNOLOGY","article_publisher":"https:\/\/www.facebook.com\/elektronika.morska\/","article_modified_time":"2022-08-18T06:10:48+00:00","twitter_card":"summary_large_image","twitter_misc":{"Est. reading time":"2 minutes"},"schema":{"@context":"https:\/\/schema.org","@graph":[{"@type":"WebPage","@id":"https:\/\/escort-technology.com\/de\/sonarowy-system-antykolizyjny-3d-do-nawigacji-morskiej-firmy-farsounder\/","url":"https:\/\/escort-technology.com\/de\/sonarowy-system-antykolizyjny-3d-do-nawigacji-morskiej-firmy-farsounder\/","name":"Sonarowy System Antykolizyjny 3D do nawigacji morskiej firmy FarSounder - ESCORT TECHNOLOGY","isPartOf":{"@id":"http:\/\/escort-technology.com\/de\/#website"},"datePublished":"2018-03-21T12:19:22+00:00","dateModified":"2022-08-18T06:10:48+00:00","breadcrumb":{"@id":"https:\/\/escort-technology.com\/de\/sonarowy-system-antykolizyjny-3d-do-nawigacji-morskiej-firmy-farsounder\/#breadcrumb"},"inLanguage":"en-US","potentialAction":[{"@type":"ReadAction","target":["https:\/\/escort-technology.com\/de\/sonarowy-system-antykolizyjny-3d-do-nawigacji-morskiej-firmy-farsounder\/"]}]},{"@type":"BreadcrumbList","@id":"https:\/\/escort-technology.com\/de\/sonarowy-system-antykolizyjny-3d-do-nawigacji-morskiej-firmy-farsounder\/#breadcrumb","itemListElement":[{"@type":"ListItem","position":1,"name":"Strona g\u0142\u00f3wna","item":"https:\/\/escort-technology.com\/"},{"@type":"ListItem","position":2,"name":"Sonarowy System Antykolizyjny 3D do nawigacji morskiej firmy FarSounder"}]},{"@type":"WebSite","@id":"http:\/\/escort-technology.com\/de\/#website","url":"http:\/\/escort-technology.com\/de\/","name":"ESCORT TECHNOLOGY","description":"Onshore and offshore electronics","publisher":{"@id":"http:\/\/escort-technology.com\/de\/#organization"},"potentialAction":[{"@type":"SearchAction","target":{"@type":"EntryPoint","urlTemplate":"http:\/\/escort-technology.com\/de\/?s={search_term_string}"},"query-input":{"@type":"PropertyValueSpecification","valueRequired":true,"valueName":"search_term_string"}}],"inLanguage":"en-US"},{"@type":"Organization","@id":"http:\/\/escort-technology.com\/de\/#organization","name":"ESCORT TECHNOLOGY","url":"http:\/\/escort-technology.com\/de\/","logo":{"@type":"ImageObject","inLanguage":"en-US","@id":"http:\/\/escort-technology.com\/de\/#\/schema\/logo\/image\/","url":"https:\/\/escort-technology.com\/wp-content\/uploads\/logo-1.jpg","contentUrl":"https:\/\/escort-technology.com\/wp-content\/uploads\/logo-1.jpg","width":600,"height":165,"caption":"ESCORT TECHNOLOGY"},"image":{"@id":"http:\/\/escort-technology.com\/de\/#\/schema\/logo\/image\/"},"sameAs":["https:\/\/www.facebook.com\/elektronika.morska\/","https:\/\/www.linkedin.com\/company\/escort-sp-z-o-o-\/"]}]}},"_links":{"self":[{"href":"https:\/\/escort-technology.com\/en\/wp-json\/wp\/v2\/pages\/2760","targetHints":{"allow":["GET"]}}],"collection":[{"href":"https:\/\/escort-technology.com\/en\/wp-json\/wp\/v2\/pages"}],"about":[{"href":"https:\/\/escort-technology.com\/en\/wp-json\/wp\/v2\/types\/page"}],"author":[{"embeddable":true,"href":"https:\/\/escort-technology.com\/en\/wp-json\/wp\/v2\/users\/6"}],"replies":[{"embeddable":true,"href":"https:\/\/escort-technology.com\/en\/wp-json\/wp\/v2\/comments?post=2760"}],"version-history":[{"count":30,"href":"https:\/\/escort-technology.com\/en\/wp-json\/wp\/v2\/pages\/2760\/revisions"}],"predecessor-version":[{"id":11564,"href":"https:\/\/escort-technology.com\/en\/wp-json\/wp\/v2\/pages\/2760\/revisions\/11564"}],"wp:attachment":[{"href":"https:\/\/escort-technology.com\/en\/wp-json\/wp\/v2\/media?parent=2760"}],"curies":[{"name":"wp","href":"https:\/\/api.w.org\/{rel}","templated":true}]}}