{"id":2992,"date":"2018-03-23T09:53:34","date_gmt":"2018-03-23T09:53:34","guid":{"rendered":"http:\/\/escort-technology.com\/?page_id=2992"},"modified":"2020-08-13T10:52:13","modified_gmt":"2020-08-13T08:52:13","slug":"instrumenty-firmy-simrad","status":"publish","type":"page","link":"https:\/\/escort-technology.com\/en\/instrumenty-firmy-simrad\/","title":{"rendered":"Instrumenty firmy SIMRAD"},"content":{"rendered":"<h2>Instrumenty firmy SIMRAD<\/h2>\n<hr>\n<p><a href=\"http:\/\/escort-technology.com\/wskaznik-simrad-is35\/\"><img decoding=\"async\" src=\"wp-content\/uploads\/IS35.jpg\" alt=\"\"><\/a><\/p>\n<div>\n<p><strong>IS 35 <\/strong><\/p>\n<p>Wska\u017anik Simrad IS 35 charakteryzuje si\u0119 dobr\u0105 widoczno\u015bci\u0105 niezale\u017cnie od pory dnia czy nocy, umo\u017cliwia wy\u015bwietlanie danych z silnika, histori\u0119 o g\u0142\u0119boko\u015bciach oraz wiele innych. Pod\u0142\u0105czenie do sieci NMEA2000, spowoduje automatyczne wykrywanie i wy\u015bwietlanie danych na wy\u015bwietlaczu. Wcze\u015bniej istnieje mo\u017cliwo\u015b\u0107 skonfigurowania najwa\u017cniejszych wy\u015bwietlanych informacji.<\/p>\n<ul>\n<li>Proste menu<\/li>\n<li>Automatyczne wy\u015bwietlanie danych z czujnik\u00f3w i silnik\u00f3w pod\u0142\u0105czonych do sieci NMEA2000.<\/li>\n<li>Monitorowanie do dw\u00f3ch silnik\u00f3w na jednym wska\u017aniku.<\/li>\n<li>Prosta instalacja.<\/li>\n<li>Eleganckie wykonanie.\u00a0<\/li>\n<\/ul>\n<p>\u00a0<\/p>\n<\/div>\n<p><a href=\"http:\/\/escort-technology.com\/wskaznik-simrad-is42\/\"><img decoding=\"async\" src=\"wp-content\/uploads\/IS42.jpg\" alt=\"\"><\/a><\/p>\n<div>\n<p><strong>IS42 <\/strong><\/p>\n<p>Uniwersalny wska\u017anik Simrad IS42, posiada 4.1 calowy, kolorowy wy\u015bwietlacz. Charakteryzuje si\u0119 mo\u017cliwo\u015bci\u0105 wy\u015bwietlenia szerokiego zakresu danych NMEA2000 z pod\u0142\u0105czonych silnik\u00f3w lub innych czujnik\u00f3w. Przy pod\u0142\u0105czeniu do panelu OP12, mo\u017cliwa jest pe\u0142na kontrola nad autopilotem.<\/p>\n<ul>\n<li>Ekran z szerokim k\u0105tem obserwacji.<\/li>\n<li>Wy\u015bwietlanie danych o wietrze, pr\u0119dko\u015bci, g\u0142\u0119boko\u015bci, danych z silnika, z systemu AIS i wiele wi\u0119cej.<\/li>\n<li>Intuicyjna obs\u0142uga za pomoc\u0105 klawiszy.<\/li>\n<li>Dodanie panelu OP12 \u00a0dla kontroli autopilota.<\/li>\n<li>Certyfikowana sie\u0107 NMEA2000.<\/li>\n<\/ul>\n<\/div>\n<p><img decoding=\"async\" src=\"wp-content\/uploads\/OP12.jpg\" alt=\"\"><\/p>\n<div>\n<p><strong>OP12<\/strong><\/p>\n<p>Przewodowy panel kontrolny Simrad OP12, zintegrowany z systemem autopilota w celu zmiany nastaw kursu oraz pr\u0119dko\u015bci. Wsp\u00f3\u0142praca z wska\u017anikiem IS42 oraz stacjami nawigacyjnymi firmy SIMRAD.<\/p>\n<ul>\n<li>Pe\u0142na kontrola autopilota ze wska\u017anikiem IS42.<\/li>\n<li>Wodoodporne klawisze.<\/li>\n<li>Prosta instalacja.<\/li>\n<\/ul>\n<\/div>\n<p><img decoding=\"async\" src=\"wp-content\/uploads\/OP50.jpg\" alt=\"\"><\/p>\n<div>\n<p><strong>OP50<\/strong><\/p>\n<p>Panel kontrolny Simrad OP50. Umo\u017cliwia monta\u017c w pionie i w poziomie w zale\u017cno\u015bci od potrzeb u\u017cytkownika. Urz\u0105dzenie umo\u017cliwia kontrol\u0119 do 6 stacji nawigacyjnych SIMRAD \u00a0NSS evo3 lub NSO evo2.<\/p>\n<ul>\n<li>Kontrola do 6 stacji nawigacyjnych Simrad NSS evo3 lub NSO evo2.\u00a0<\/li>\n<li>Wysokiej jako\u015bci klawisze wykonane z aluminium z wbudowan\u0105 funkcj\u0105 kursora.<\/li>\n<li>Dost\u0119pne dwie wersje orientacyjne.<\/li>\n<\/ul>\n<\/div>\n<p><img decoding=\"async\" src=\"wp-content\/uploads\/WR10.jpg\" alt=\"\"><\/p>\n<div>\n<p><strong>WR10<\/strong><\/p>\n<p>Bezprzewodowy panel kontrolny Simrad WR10 . Umo\u017cliwia pe\u0142n\u0105 kontrol\u0119 nad autopilotem, z dowolnego miejsca na \u0142odzi. Pasuj\u0105cy do wszystkich typ\u00f3w \u0142odzi.<\/p>\n<ul>\n<li>1 lub 10 stopni zmiany kursu.<\/li>\n<li>Wodoodporna baza Bluetooth.<\/li>\n<li>Zasi\u0119g dzia\u0142ania do 30 metr\u00f3w.\u00a0<\/li>\n<\/ul>\n<\/div>\n<p><img decoding=\"async\" src=\"wp-content\/uploads\/PRECISION-9.jpg\" alt=\"\"><\/p>\n<div>\n<p><strong>PRECISION-9<\/strong><\/p>\n<p>Kompas magnetyczny Simrad PRECISON-9 dostarcza informacje o kursie oraz parametrze ROT, niezb\u0119dny do pracy autopilota, radaru czy systemu nawigacyjnego.<\/p>\n<ul>\n<li>Automatyczna kalibracja.<\/li>\n<li>Kurs, ROT, parametry ko\u0142ysania wzd\u0142u\u017cnego i poprzecznego.<\/li>\n<li>Technologia pozwalaj\u0105ca na du\u017c\u0105 dok\u0142adno\u015b\u0107.<\/li>\n<li>Monta\u017c na maszcie lub w cz\u0119\u015bci poszycia.\u00a0<\/li>\n<\/ul>\n<\/div>\n<ul>\n<li>\n        <a href=\"wp-content\/uploads\/SIMRAD_Instrumenty.pdf\">BROSZURA<\/a>\n    <\/li>\n<li>\n        <a href=\"https:\/\/shop.escort-technology.com\/pl\/c\/Instrumenty\/50\">sprawd\u017a w sklepie<\/a>\n    <\/li>\n<\/ul>\n<p><!-- {\"name\":\"\",\"type\":\"layout\",\"children\":[{\"name\":\"ANTENA\",\"type\":\"section\",\"props\":{\"width\":\"default\",\"padding\":\"xsmall\",\"style\":\"default\",\"text_color\":\"\",\"media\":\"\",\"height_viewport\":false,\"header_overlay\":\"light\",\"animation\":\"slide-top-medium\",\"padding_remove_top\":false,\"image_size\":\"cover\",\"image\":\"\",\"image_position\":\"bottom-center\",\"image_fixed\":false,\"class\":\"\",\"overlap\":true,\"vertical_align\":\"middle\",\"title_position\":\"top-left\",\"title_rotation\":\"left\",\"title_breakpoint\":\"xl\",\"image_effect\":\"\"},\"children\":[{\"name\":\"\",\"type\":\"row\",\"props\":{\"layout\":\"1-1\",\"breakpoint\":\"m\",\"margin\":\"\",\"fixed_width\":\"large\"},\"children\":[{\"name\":\"\",\"type\":\"column\",\"props\":{\"image_position\":\"center-center\",\"widths\":[\"1-1\"]},\"children\":[{\"name\":\"\",\"type\":\"headline\",\"props\":{\"title_element\":\"h2\",\"content\":\"Instrumenty firmy SIMRAD\",\"text_align\":\"center\",\"text_align_fallback\":\"center\",\"maxwidth_align\":\"center\",\"maxwidth\":\"\",\"title_style\":\"h2\",\"title_decoration\":\"\",\"margin\":\"\"}},{\"name\":\"\",\"type\":\"divider\",\"props\":{\"divider_element\":\"hr\"}}]}]},{\"name\":\"\",\"type\":\"row\",\"props\":{\"fixed_width\":\"large\",\"breakpoint\":\"m\",\"layout\":\",2-3\",\"margin\":\"medium\"},\"children\":[{\"name\":\"\",\"type\":\"column\",\"props\":{\"widths\":[\"\"],\"image_position\":\"center-center\"},\"children\":[{\"name\":\"\",\"type\":\"image\",\"props\":{\"margin\":\"default\",\"image\":\"wp-content\\\/uploads\\\/IS35.jpg\",\"image_width\":\"300\",\"image_box_shadow\":\"\",\"image_border\":\"rounded\",\"text_align\":\"center\",\"link_target\":\"\",\"image_hover_box_shadow\":\"\",\"image_box_decoration\":\"\",\"text_align_breakpoint\":\"\",\"text_align_fallback\":\"\",\"maxwidth\":\"\",\"maxwidth_align\":\"\",\"maxwidth_breakpoint\":\"\",\"animation\":\"\",\"visibility\":\"\",\"link\":\"http:\\\/\\\/escort-technology.com\\\/wskaznik-simrad-is35\\\/\"}}]},{\"name\":\"\",\"type\":\"column\",\"props\":{\"widths\":[\"2-3\"],\"image_position\":\"center-center\"},\"children\":[{\"name\":\"\",\"type\":\"text\",\"props\":{\"column_breakpoint\":\"m\",\"margin\":\"medium\",\"content\":\"\n\n<p><strong>IS 35 <\\\/strong><\\\/p>\\n\n\n<p>Wska\\u017anik Simrad IS 35 charakteryzuje si\\u0119 dobr\\u0105 widoczno\\u015bci\\u0105 niezale\\u017cnie od pory dnia czy nocy, umo\\u017cliwia wy\\u015bwietlanie danych z silnika, histori\\u0119 o g\\u0142\\u0119boko\\u015bciach oraz wiele innych. Pod\\u0142\\u0105czenie do sieci NMEA2000, spowoduje automatyczne wykrywanie i wy\\u015bwietlanie danych na wy\\u015bwietlaczu. Wcze\\u015bniej istnieje mo\\u017cliwo\\u015b\\u0107 skonfigurowania najwa\\u017cniejszych wy\\u015bwietlanych informacji.<\\\/p>\\n\n\n<ul>\\n\n\n<li>Proste menu<\\\/li>\\n\n\n<li>Automatyczne wy\\u015bwietlanie danych z czujnik\\u00f3w i silnik\\u00f3w pod\\u0142\\u0105czonych do sieci NMEA2000.<\\\/li>\\n\n\n<li>Monitorowanie do dw\\u00f3ch silnik\\u00f3w na jednym wska\\u017aniku.<\\\/li>\\n\n\n<li>Prosta instalacja.<\\\/li>\\n\n\n<li>Eleganckie wykonanie.\\u00a0<\\\/li>\\n<\\\/ul>\\n\n\n<p>\\u00a0<\\\/p>\",\"animation\":\"slide-left-medium\",\"text_align\":\"justify\",\"text_align_breakpoint\":\"m\",\"text_align_fallback\":\"center\",\"text_size\":\"\",\"maxwidth\":\"xxlarge\"}}]}]},{\"name\":\"\",\"type\":\"row\",\"props\":{\"fixed_width\":\"large\",\"breakpoint\":\"m\",\"layout\":\",2-3\",\"margin\":\"medium\"},\"children\":[{\"name\":\"\",\"type\":\"column\",\"props\":{\"widths\":[\"\"],\"image_position\":\"center-center\"},\"children\":[{\"name\":\"\",\"type\":\"image\",\"props\":{\"margin\":\"default\",\"image\":\"wp-content\\\/uploads\\\/IS42.jpg\",\"image_width\":\"500\",\"image_box_shadow\":\"\",\"image_border\":\"rounded\",\"link_target\":\"\",\"image_hover_box_shadow\":\"\",\"image_box_decoration\":\"\",\"text_align\":\"\",\"text_align_breakpoint\":\"\",\"text_align_fallback\":\"\",\"maxwidth\":\"\",\"maxwidth_align\":\"\",\"maxwidth_breakpoint\":\"\",\"animation\":\"\",\"visibility\":\"\",\"link\":\"http:\\\/\\\/escort-technology.com\\\/wskaznik-simrad-is42\\\/\"}}]},{\"name\":\"\",\"type\":\"column\",\"props\":{\"widths\":[\"2-3\"],\"image_position\":\"center-center\"},\"children\":[{\"name\":\"\",\"type\":\"text\",\"props\":{\"column_breakpoint\":\"m\",\"margin\":\"medium\",\"content\":\"\n\n<p><strong>IS42 <\\\/strong><\\\/p>\\n\n\n<p>Uniwersalny wska\\u017anik Simrad IS42, posiada 4.1 calowy, kolorowy wy\\u015bwietlacz. Charakteryzuje si\\u0119 mo\\u017cliwo\\u015bci\\u0105 wy\\u015bwietlenia szerokiego zakresu danych NMEA2000 z pod\\u0142\\u0105czonych silnik\\u00f3w lub innych czujnik\\u00f3w. Przy pod\\u0142\\u0105czeniu do panelu OP12, mo\\u017cliwa jest pe\\u0142na kontrola nad autopilotem.<\\\/p>\\n\n\n<ul>\\n\n\n<li>Ekran z szerokim k\\u0105tem obserwacji.<\\\/li>\\n\n\n<li>Wy\\u015bwietlanie danych o wietrze, pr\\u0119dko\\u015bci, g\\u0142\\u0119boko\\u015bci, danych z silnika, z systemu AIS i wiele wi\\u0119cej.<\\\/li>\\n\n\n<li>Intuicyjna obs\\u0142uga za pomoc\\u0105 klawiszy.<\\\/li>\\n\n\n<li>Dodanie panelu OP12 \\u00a0dla kontroli autopilota.<\\\/li>\\n\n\n<li>Certyfikowana sie\\u0107 NMEA2000.<\\\/li>\\n<\\\/ul>\",\"animation\":\"slide-left-medium\",\"text_align\":\"justify\",\"text_align_breakpoint\":\"m\",\"text_align_fallback\":\"center\",\"text_size\":\"\",\"maxwidth\":\"xxlarge\"}}]}]},{\"name\":\"\",\"type\":\"row\",\"props\":{\"fixed_width\":\"large\",\"breakpoint\":\"m\",\"layout\":\",2-3\",\"margin\":\"medium\"},\"children\":[{\"name\":\"\",\"type\":\"column\",\"props\":{\"widths\":[\"\"],\"image_position\":\"center-center\"},\"children\":[{\"name\":\"\",\"type\":\"image\",\"props\":{\"margin\":\"default\",\"image\":\"wp-content\\\/uploads\\\/OP12.jpg\",\"image_width\":\"350\",\"image_box_shadow\":\"\",\"image_border\":\"rounded\",\"text_align\":\"center\"}}]},{\"name\":\"\",\"type\":\"column\",\"props\":{\"widths\":[\"2-3\"],\"image_position\":\"center-center\"},\"children\":[{\"name\":\"\",\"type\":\"text\",\"props\":{\"column_breakpoint\":\"m\",\"margin\":\"medium\",\"content\":\"\n\n<p><strong>OP12<\\\/strong><\\\/p>\\n\n\n<p>Przewodowy panel kontrolny Simrad OP12, zintegrowany z systemem autopilota w celu zmiany nastaw kursu oraz pr\\u0119dko\\u015bci. Wsp\\u00f3\\u0142praca z wska\\u017anikiem IS42 oraz stacjami nawigacyjnymi firmy SIMRAD.<\\\/p>\\n\n\n<ul>\\n\n\n<li>Pe\\u0142na kontrola autopilota ze wska\\u017anikiem IS42.<\\\/li>\\n\n\n<li>Wodoodporne klawisze.<\\\/li>\\n\n\n<li>Prosta instalacja.<\\\/li>\\n<\\\/ul>\",\"animation\":\"slide-left-medium\",\"text_align\":\"justify\",\"text_align_breakpoint\":\"m\",\"text_align_fallback\":\"center\",\"text_size\":\"\",\"maxwidth\":\"xxlarge\"}}]}]},{\"name\":\"\",\"type\":\"row\",\"props\":{\"fixed_width\":\"large\",\"breakpoint\":\"m\",\"layout\":\",2-3\",\"margin\":\"medium\"},\"children\":[{\"name\":\"\",\"type\":\"column\",\"props\":{\"widths\":[\"\"],\"image_position\":\"center-center\"},\"children\":[{\"name\":\"\",\"type\":\"image\",\"props\":{\"margin\":\"default\",\"image\":\"wp-content\\\/uploads\\\/OP50.jpg\",\"image_width\":\"300\",\"image_box_shadow\":\"\",\"image_border\":\"rounded\",\"text_align\":\"center\"}}]},{\"name\":\"\",\"type\":\"column\",\"props\":{\"widths\":[\"2-3\"],\"image_position\":\"center-center\"},\"children\":[{\"name\":\"\",\"type\":\"text\",\"props\":{\"column_breakpoint\":\"m\",\"margin\":\"medium\",\"content\":\"\n\n<p><strong>OP50<\\\/strong><\\\/p>\\n\n\n<p>Panel kontrolny Simrad OP50. Umo\\u017cliwia monta\\u017c w pionie i w poziomie w zale\\u017cno\\u015bci od potrzeb u\\u017cytkownika. Urz\\u0105dzenie umo\\u017cliwia kontrol\\u0119 do 6 stacji nawigacyjnych SIMRAD \\u00a0NSS evo3 lub NSO evo2.<\\\/p>\\n\n\n<ul>\\n\n\n<li>Kontrola do 6 stacji nawigacyjnych Simrad NSS evo3 lub NSO evo2.\\u00a0<\\\/li>\\n\n\n<li>Wysokiej jako\\u015bci klawisze wykonane z aluminium z wbudowan\\u0105 funkcj\\u0105 kursora.<\\\/li>\\n\n\n<li>Dost\\u0119pne dwie wersje orientacyjne.<\\\/li>\\n<\\\/ul>\",\"animation\":\"slide-left-medium\",\"text_align\":\"justify\",\"text_align_breakpoint\":\"m\",\"text_align_fallback\":\"center\",\"text_size\":\"\",\"maxwidth\":\"xxlarge\"}}]}]},{\"name\":\"\",\"type\":\"row\",\"props\":{\"fixed_width\":\"large\",\"breakpoint\":\"m\",\"layout\":\",2-3\",\"margin\":\"medium\"},\"children\":[{\"name\":\"\",\"type\":\"column\",\"props\":{\"widths\":[\"\"],\"image_position\":\"center-center\"},\"children\":[{\"name\":\"\",\"type\":\"image\",\"props\":{\"margin\":\"default\",\"image\":\"wp-content\\\/uploads\\\/WR10.jpg\",\"image_width\":\"300\",\"image_box_shadow\":\"\",\"image_border\":\"rounded\",\"text_align\":\"center\"}}]},{\"name\":\"\",\"type\":\"column\",\"props\":{\"widths\":[\"2-3\"],\"image_position\":\"center-center\"},\"children\":[{\"name\":\"\",\"type\":\"text\",\"props\":{\"column_breakpoint\":\"m\",\"margin\":\"medium\",\"content\":\"\n\n<p><strong>WR10<\\\/strong><\\\/p>\\n\n\n<p>Bezprzewodowy panel kontrolny Simrad WR10 . Umo\\u017cliwia pe\\u0142n\\u0105 kontrol\\u0119 nad autopilotem, z dowolnego miejsca na \\u0142odzi. Pasuj\\u0105cy do wszystkich typ\\u00f3w \\u0142odzi.<\\\/p>\\n\n\n<ul>\\n\n\n<li>1 lub 10 stopni zmiany kursu.<\\\/li>\\n\n\n<li>Wodoodporna baza Bluetooth.<\\\/li>\\n\n\n<li>Zasi\\u0119g dzia\\u0142ania do 30 metr\\u00f3w.\\u00a0<\\\/li>\\n<\\\/ul>\",\"animation\":\"slide-left-medium\",\"text_align\":\"justify\",\"text_align_breakpoint\":\"m\",\"text_align_fallback\":\"center\",\"text_size\":\"\",\"maxwidth\":\"xxlarge\"}}]}]},{\"name\":\"\",\"type\":\"row\",\"props\":{\"fixed_width\":\"large\",\"breakpoint\":\"m\",\"layout\":\",2-3\",\"margin\":\"medium\"},\"children\":[{\"name\":\"\",\"type\":\"column\",\"props\":{\"widths\":[\"\"],\"image_position\":\"center-center\"},\"children\":[{\"name\":\"\",\"type\":\"image\",\"props\":{\"margin\":\"default\",\"image\":\"wp-content\\\/uploads\\\/PRECISION-9.jpg\",\"image_width\":\"300\",\"image_box_shadow\":\"\",\"image_border\":\"rounded\",\"text_align\":\"center\"}}]},{\"name\":\"\",\"type\":\"column\",\"props\":{\"widths\":[\"2-3\"],\"image_position\":\"center-center\"},\"children\":[{\"name\":\"\",\"type\":\"text\",\"props\":{\"column_breakpoint\":\"m\",\"margin\":\"medium\",\"content\":\"\n\n<p><strong>PRECISION-9<\\\/strong><\\\/p>\\n\n\n<p>Kompas magnetyczny Simrad PRECISON-9 dostarcza informacje o kursie oraz parametrze ROT, niezb\\u0119dny do pracy autopilota, radaru czy systemu nawigacyjnego.<\\\/p>\\n\n\n<ul>\\n\n\n<li>Automatyczna kalibracja.<\\\/li>\\n\n\n<li>Kurs, ROT, parametry ko\\u0142ysania wzd\\u0142u\\u017cnego i poprzecznego.<\\\/li>\\n\n\n<li>Technologia pozwalaj\\u0105ca na du\\u017c\\u0105 dok\\u0142adno\\u015b\\u0107.<\\\/li>\\n\n\n<li>Monta\\u017c na maszcie lub w cz\\u0119\\u015bci poszycia.\\u00a0<\\\/li>\\n<\\\/ul>\",\"animation\":\"slide-left-medium\",\"text_align\":\"justify\",\"text_align_breakpoint\":\"m\",\"text_align_fallback\":\"center\",\"text_size\":\"\",\"maxwidth\":\"xxlarge\"}}]}]},{\"name\":\"\",\"type\":\"row\",\"props\":{\"fixed_width\":\"large\",\"breakpoint\":\"m\",\"layout\":\"1-1\",\"margin\":\"large\"},\"children\":[{\"name\":\"\",\"type\":\"column\",\"props\":{\"image_position\":\"center-center\",\"widths\":[\"1-1\"]},\"children\":[{\"name\":\"\",\"type\":\"button\",\"props\":{\"gutter\":\"small\",\"inline_align\":\"center\",\"margin\":\"\",\"text_align\":\"center\",\"button_size\":\"large\",\"animation\":\"slide-bottom-medium\",\"text_align_breakpoint\":\"\",\"text_align_fallback\":\"\",\"maxwidth\":\"\",\"maxwidth_align\":\"\",\"maxwidth_breakpoint\":\"\",\"visibility\":\"\"},\"children\":[{\"name\":\"\",\"type\":\"button_item\",\"props\":{\"button_style\":\"secondary\",\"content\":\"BROSZURA\",\"link\":\"wp-content\\\/uploads\\\/SIMRAD_Instrumenty.pdf\",\"link_title\":\"Explore More\",\"icon_align\":\"left\",\"link_target\":\"blank\"}},{\"name\":\"\",\"type\":\"button_item\",\"props\":{\"button_style\":\"secondary\",\"content\":\"sprawd\\u017a w sklepie\",\"link\":\"https:\\\/\\\/shop.escort-technology.com\\\/pl\\\/c\\\/Instrumenty\\\/50\",\"link_title\":\"Explore More\",\"icon_align\":\"left\",\"link_target\":\"blank\"}}]}]}]}]}],\"props\":[],\"version\":\"1.18.0\"} --><\/p>\n","protected":false},"excerpt":{"rendered":"<p>Instrumenty firmy SIMRAD IS 35 Wska\u017anik Simrad IS 35 charakteryzuje si\u0119 dobr\u0105 widoczno\u015bci\u0105 niezale\u017cnie od pory dnia czy nocy, umo\u017cliwia wy\u015bwietlanie danych z silnika, histori\u0119 o g\u0142\u0119boko\u015bciach oraz wiele innych. Pod\u0142\u0105czenie do sieci NMEA2000, spowoduje automatyczne wykrywanie i wy\u015bwietlanie danych na wy\u015bwietlaczu. Wcze\u015bniej istnieje mo\u017cliwo\u015b\u0107 skonfigurowania najwa\u017cniejszych wy\u015bwietlanych informacji. Proste menu Automatyczne wy\u015bwietlanie danych z [&hellip;]<\/p>\n","protected":false},"author":6,"featured_media":0,"parent":0,"menu_order":0,"comment_status":"closed","ping_status":"closed","template":"","meta":{"footnotes":""},"class_list":["post-2992","page","type-page","status-publish","hentry"],"yoast_head":"<!-- This site is optimized with the Yoast SEO plugin v27.6 - https:\/\/yoast.com\/product\/yoast-seo-wordpress\/ -->\n<title>Instrumenty firmy SIMRAD - ESCORT TECHNOLOGY<\/title>\n<meta name=\"robots\" content=\"index, follow, max-snippet:-1, max-image-preview:large, max-video-preview:-1\" \/>\n<link rel=\"canonical\" href=\"https:\/\/escort-technology.com\/en\/instrumenty-firmy-simrad\/\" \/>\n<meta property=\"og:locale\" content=\"en_US\" \/>\n<meta property=\"og:type\" content=\"article\" \/>\n<meta property=\"og:title\" content=\"Instrumenty firmy SIMRAD - ESCORT TECHNOLOGY\" \/>\n<meta property=\"og:description\" content=\"Instrumenty firmy SIMRAD IS 35 Wska\u017anik Simrad IS 35 charakteryzuje si\u0119 dobr\u0105 widoczno\u015bci\u0105 niezale\u017cnie od pory dnia czy nocy, umo\u017cliwia wy\u015bwietlanie danych z silnika, histori\u0119 o g\u0142\u0119boko\u015bciach oraz wiele innych. Pod\u0142\u0105czenie do sieci NMEA2000, spowoduje automatyczne wykrywanie i wy\u015bwietlanie danych na wy\u015bwietlaczu. Wcze\u015bniej istnieje mo\u017cliwo\u015b\u0107 skonfigurowania najwa\u017cniejszych wy\u015bwietlanych informacji. Proste menu Automatyczne wy\u015bwietlanie danych z [&hellip;]\" \/>\n<meta property=\"og:url\" content=\"https:\/\/escort-technology.com\/en\/instrumenty-firmy-simrad\/\" \/>\n<meta property=\"og:site_name\" content=\"ESCORT TECHNOLOGY\" \/>\n<meta property=\"article:publisher\" content=\"https:\/\/www.facebook.com\/elektronika.morska\/\" \/>\n<meta property=\"article:modified_time\" content=\"2020-08-13T08:52:13+00:00\" \/>\n<meta property=\"og:image\" content=\"http:\/\/wp-content\/uploads\/IS35.jpg\" \/>\n<meta name=\"twitter:card\" content=\"summary_large_image\" \/>\n<meta name=\"twitter:label1\" content=\"Est. reading time\" \/>\n\t<meta name=\"twitter:data1\" content=\"2 minutes\" \/>\n<script type=\"application\/ld+json\" class=\"yoast-schema-graph\">{\"@context\":\"https:\\\/\\\/schema.org\",\"@graph\":[{\"@type\":\"WebPage\",\"@id\":\"https:\\\/\\\/escort-technology.com\\\/en\\\/instrumenty-firmy-simrad\\\/\",\"url\":\"https:\\\/\\\/escort-technology.com\\\/en\\\/instrumenty-firmy-simrad\\\/\",\"name\":\"Instrumenty firmy SIMRAD - ESCORT TECHNOLOGY\",\"isPartOf\":{\"@id\":\"http:\\\/\\\/escort-technology.com\\\/de\\\/#website\"},\"datePublished\":\"2018-03-23T09:53:34+00:00\",\"dateModified\":\"2020-08-13T08:52:13+00:00\",\"breadcrumb\":{\"@id\":\"https:\\\/\\\/escort-technology.com\\\/en\\\/instrumenty-firmy-simrad\\\/#breadcrumb\"},\"inLanguage\":\"en-US\",\"potentialAction\":[{\"@type\":\"ReadAction\",\"target\":[\"https:\\\/\\\/escort-technology.com\\\/en\\\/instrumenty-firmy-simrad\\\/\"]}]},{\"@type\":\"BreadcrumbList\",\"@id\":\"https:\\\/\\\/escort-technology.com\\\/en\\\/instrumenty-firmy-simrad\\\/#breadcrumb\",\"itemListElement\":[{\"@type\":\"ListItem\",\"position\":1,\"name\":\"Strona g\u0142\u00f3wna\",\"item\":\"https:\\\/\\\/escort-technology.com\\\/\"},{\"@type\":\"ListItem\",\"position\":2,\"name\":\"Instrumenty firmy SIMRAD\"}]},{\"@type\":\"WebSite\",\"@id\":\"http:\\\/\\\/escort-technology.com\\\/de\\\/#website\",\"url\":\"http:\\\/\\\/escort-technology.com\\\/de\\\/\",\"name\":\"ESCORT TECHNOLOGY\",\"description\":\"Elektronika morska i l\u0105dowa\",\"publisher\":{\"@id\":\"http:\\\/\\\/escort-technology.com\\\/de\\\/#organization\"},\"potentialAction\":[{\"@type\":\"SearchAction\",\"target\":{\"@type\":\"EntryPoint\",\"urlTemplate\":\"http:\\\/\\\/escort-technology.com\\\/de\\\/?s={search_term_string}\"},\"query-input\":{\"@type\":\"PropertyValueSpecification\",\"valueRequired\":true,\"valueName\":\"search_term_string\"}}],\"inLanguage\":\"en-US\"},{\"@type\":\"Organization\",\"@id\":\"http:\\\/\\\/escort-technology.com\\\/de\\\/#organization\",\"name\":\"ESCORT TECHNOLOGY\",\"url\":\"http:\\\/\\\/escort-technology.com\\\/de\\\/\",\"logo\":{\"@type\":\"ImageObject\",\"inLanguage\":\"en-US\",\"@id\":\"http:\\\/\\\/escort-technology.com\\\/de\\\/#\\\/schema\\\/logo\\\/image\\\/\",\"url\":\"https:\\\/\\\/escort-technology.com\\\/wp-content\\\/uploads\\\/logo-1.jpg\",\"contentUrl\":\"https:\\\/\\\/escort-technology.com\\\/wp-content\\\/uploads\\\/logo-1.jpg\",\"width\":600,\"height\":165,\"caption\":\"ESCORT TECHNOLOGY\"},\"image\":{\"@id\":\"http:\\\/\\\/escort-technology.com\\\/de\\\/#\\\/schema\\\/logo\\\/image\\\/\"},\"sameAs\":[\"https:\\\/\\\/www.facebook.com\\\/elektronika.morska\\\/\",\"https:\\\/\\\/www.linkedin.com\\\/company\\\/escort-sp-z-o-o-\\\/\"]}]}<\/script>\n<!-- \/ Yoast SEO plugin. -->","yoast_head_json":{"title":"Instrumenty firmy SIMRAD - ESCORT TECHNOLOGY","robots":{"index":"index","follow":"follow","max-snippet":"max-snippet:-1","max-image-preview":"max-image-preview:large","max-video-preview":"max-video-preview:-1"},"canonical":"https:\/\/escort-technology.com\/en\/instrumenty-firmy-simrad\/","og_locale":"en_US","og_type":"article","og_title":"Instrumenty firmy SIMRAD - ESCORT TECHNOLOGY","og_description":"Instrumenty firmy SIMRAD IS 35 Wska\u017anik Simrad IS 35 charakteryzuje si\u0119 dobr\u0105 widoczno\u015bci\u0105 niezale\u017cnie od pory dnia czy nocy, umo\u017cliwia wy\u015bwietlanie danych z silnika, histori\u0119 o g\u0142\u0119boko\u015bciach oraz wiele innych. Pod\u0142\u0105czenie do sieci NMEA2000, spowoduje automatyczne wykrywanie i wy\u015bwietlanie danych na wy\u015bwietlaczu. Wcze\u015bniej istnieje mo\u017cliwo\u015b\u0107 skonfigurowania najwa\u017cniejszych wy\u015bwietlanych informacji. Proste menu Automatyczne wy\u015bwietlanie danych z [&hellip;]","og_url":"https:\/\/escort-technology.com\/en\/instrumenty-firmy-simrad\/","og_site_name":"ESCORT TECHNOLOGY","article_publisher":"https:\/\/www.facebook.com\/elektronika.morska\/","article_modified_time":"2020-08-13T08:52:13+00:00","og_image":[{"url":"wp-content\/uploads\/IS35.jpg","type":"","width":"","height":""}],"twitter_card":"summary_large_image","twitter_misc":{"Est. reading time":"2 minutes"},"schema":{"@context":"https:\/\/schema.org","@graph":[{"@type":"WebPage","@id":"https:\/\/escort-technology.com\/en\/instrumenty-firmy-simrad\/","url":"https:\/\/escort-technology.com\/en\/instrumenty-firmy-simrad\/","name":"Instrumenty firmy SIMRAD - ESCORT TECHNOLOGY","isPartOf":{"@id":"http:\/\/escort-technology.com\/de\/#website"},"datePublished":"2018-03-23T09:53:34+00:00","dateModified":"2020-08-13T08:52:13+00:00","breadcrumb":{"@id":"https:\/\/escort-technology.com\/en\/instrumenty-firmy-simrad\/#breadcrumb"},"inLanguage":"en-US","potentialAction":[{"@type":"ReadAction","target":["https:\/\/escort-technology.com\/en\/instrumenty-firmy-simrad\/"]}]},{"@type":"BreadcrumbList","@id":"https:\/\/escort-technology.com\/en\/instrumenty-firmy-simrad\/#breadcrumb","itemListElement":[{"@type":"ListItem","position":1,"name":"Strona g\u0142\u00f3wna","item":"https:\/\/escort-technology.com\/"},{"@type":"ListItem","position":2,"name":"Instrumenty firmy SIMRAD"}]},{"@type":"WebSite","@id":"http:\/\/escort-technology.com\/de\/#website","url":"http:\/\/escort-technology.com\/de\/","name":"ESCORT TECHNOLOGY","description":"Onshore and offshore electronics","publisher":{"@id":"http:\/\/escort-technology.com\/de\/#organization"},"potentialAction":[{"@type":"SearchAction","target":{"@type":"EntryPoint","urlTemplate":"http:\/\/escort-technology.com\/de\/?s={search_term_string}"},"query-input":{"@type":"PropertyValueSpecification","valueRequired":true,"valueName":"search_term_string"}}],"inLanguage":"en-US"},{"@type":"Organization","@id":"http:\/\/escort-technology.com\/de\/#organization","name":"ESCORT TECHNOLOGY","url":"http:\/\/escort-technology.com\/de\/","logo":{"@type":"ImageObject","inLanguage":"en-US","@id":"http:\/\/escort-technology.com\/de\/#\/schema\/logo\/image\/","url":"https:\/\/escort-technology.com\/wp-content\/uploads\/logo-1.jpg","contentUrl":"https:\/\/escort-technology.com\/wp-content\/uploads\/logo-1.jpg","width":600,"height":165,"caption":"ESCORT TECHNOLOGY"},"image":{"@id":"http:\/\/escort-technology.com\/de\/#\/schema\/logo\/image\/"},"sameAs":["https:\/\/www.facebook.com\/elektronika.morska\/","https:\/\/www.linkedin.com\/company\/escort-sp-z-o-o-\/"]}]}},"_links":{"self":[{"href":"https:\/\/escort-technology.com\/en\/wp-json\/wp\/v2\/pages\/2992","targetHints":{"allow":["GET"]}}],"collection":[{"href":"https:\/\/escort-technology.com\/en\/wp-json\/wp\/v2\/pages"}],"about":[{"href":"https:\/\/escort-technology.com\/en\/wp-json\/wp\/v2\/types\/page"}],"author":[{"embeddable":true,"href":"https:\/\/escort-technology.com\/en\/wp-json\/wp\/v2\/users\/6"}],"replies":[{"embeddable":true,"href":"https:\/\/escort-technology.com\/en\/wp-json\/wp\/v2\/comments?post=2992"}],"version-history":[{"count":5,"href":"https:\/\/escort-technology.com\/en\/wp-json\/wp\/v2\/pages\/2992\/revisions"}],"predecessor-version":[{"id":6670,"href":"https:\/\/escort-technology.com\/en\/wp-json\/wp\/v2\/pages\/2992\/revisions\/6670"}],"wp:attachment":[{"href":"https:\/\/escort-technology.com\/en\/wp-json\/wp\/v2\/media?parent=2992"}],"curies":[{"name":"wp","href":"https:\/\/api.w.org\/{rel}","templated":true}]}}