{"id":3163,"date":"2018-05-07T10:57:45","date_gmt":"2018-05-07T10:57:45","guid":{"rendered":"http:\/\/escort-technology.com\/?page_id=3163"},"modified":"2024-05-31T09:08:42","modified_gmt":"2024-05-31T07:08:42","slug":"stacje-nawigacyjne-serii-simrad-go","status":"publish","type":"page","link":"https:\/\/escort-technology.com\/en\/stacje-nawigacyjne-serii-simrad-go\/","title":{"rendered":"Stacje nawigacyjne serii SIMRAD GO"},"content":{"rendered":"<h2>Stacje nawigacyjne serii SIMRAD GO<\/h2>\n<hr>\n<div>\n<p>Seria SIMRAD GO XSE oferuje prost\u0105 i intuicyjn\u0105 obs\u0142ug\u0119, podobn\u0105 do telefon\u00f3w kom\u00f3rkowych czy tablet\u00f3w. \u00a0Ekrany w urz\u0105dzeniach s\u0105 w pe\u0142ni dotykowe z \u0142atwym dost\u0119pem do wszystkich funkcji.<\/p>\n<\/div>\n<p><img decoding=\"async\" src=\"\/wp-content\/uploads\/GO7.jpg\" alt=\"\"><\/p>\n<div>\n<p style=\"text-align: center;\"><strong>GO7 XSE<\/strong><\/p>\n<p style=\"text-align: center;\">\u00a0&#8211; 7 calowy ekran, monta\u017c na uchwycie lub w pulpicie <br \/> \u00a0&#8211; Obs\u0142uga autopilota <br \/> \u00a0&#8211; Dotykowy ekran <br \/> \u00a0&#8211; Ploter <br \/> \u00a0&#8211; kompatybilno\u015b\u0107 SonicHub\u00ae2 <br \/> \u00a0&#8211; Odbiornik 10 Hz GPS<br \/> \u00a0&#8211; Echosonda szerokopasmowa CHIRP<br \/> \u00a0&#8211; Wbudowany sonar ForwardScan&#x2122;<br \/> \u00a0&#8211; Wbudowany StructureScan\u00ae <br \/> \u00a0&#8211; Kompatybilno\u015b\u0107 NMEA 2000\u00ae <br \/> \u00a0&#8211; Wbudowane Wi-Fi<\/p>\n<\/div>\n<p><img decoding=\"async\" src=\"\/wp-content\/uploads\/GO9.jpg\" alt=\"\"><\/p>\n<div>\n<p style=\"text-align: center;\"><strong>GO9 XSE<\/strong><\/p>\n<p style=\"text-align: center;\">&#8211; 9 \u00a0calowy ekran, monta\u017c na uchwycie lub w pulpicie <br \/> \u00a0&#8211; Obs\u0142uga autopilota <br \/> \u00a0&#8211; Dotykowy ekran <br \/> \u00a0&#8211; Ploter <br \/> \u00a0&#8211; kompatybilno\u015b\u0107 SonicHub\u00ae2 <br \/> \u00a0&#8211; Odbiornik 10 Hz GPS<br \/> \u00a0&#8211; Echosonda szerokopasmowa CHIRP<br \/> \u00a0&#8211; Wbudowany sonar ForwardScan&#x2122;<br \/> \u00a0&#8211; Wbudowany StructureScan\u00ae <br \/> \u00a0&#8211; Kompatybilno\u015b\u0107 NMEA 2000\u00ae <br \/> \u00a0&#8211; Wbudowane Wi-Fi<\/p>\n<\/div>\n<div>\n<p><strong>Prosta obs\u0142uga w ka\u017cdych warunkach pogodowych <\/strong><\/p>\n<p>Stacje nawigacyjne \u00a0serii SIMRAD GO posiadaj\u0105 mo\u017cliwo\u015b\u0107 pe\u0142nej kontroli zar\u00f3wno za pomoc\u0105 dotykowego ekranu jak i za pomoc\u0105 klawiszy i obrotowego pokr\u0119t\u0142a. Zapewniaj\u0105c pe\u0142n\u0105 dowolno\u015b\u0107 dla u\u017cytkownika, kt\u00f3ry mo\u017ce dobra\u0107 najodpowiedniejsz\u0105\u00a0 form\u0119 dla siebie.<\/p>\n<p><strong>Zintegrowana echosonda<\/strong><\/p>\n<p>Stacje nawigacyjne serii SIMRAD GO, posiadaj\u0105 wbudowany modu\u0142 echosondy oraz sonar\u00f3w. W celu spe\u0142nienia oczekiwa\u0144 u\u017cytkownik\u00f3w.\u00a0 Sonar StructureScan\u00ae HD \u00a0\u0142\u0105czy ze sob\u0105 dwie technologie, a mianowicie zobrazowanie dna- DownScan \u00a0oraz obraz po bokach SideScan. Przedstawiaj\u0105c czysty obraz pod wod\u0105. W pakiecie do\u0142\u0105czony jest r\u00f3wnie\u017c sonar patrz\u0105cy do przodu- ForwardScan\u00ae , wp\u0142ywaj\u0105cy na popraw\u0119 bezpiecze\u0144stwa, przedstawiaj\u0105c obraz pod wod\u0105 znajduj\u0105cy si\u0119 przed jednostk\u0105. Technologia echosondy szerokopasmowej CHIRP wsp\u00f3\u0142pracuje z przetwornikami TotalScan&#x2122; ( wszystko w jednym) lub z przetwornikami dwukana\u0142owymi CHIRP.<\/p>\n<p><strong>Kompatybilno\u015b\u0107 z rozszerzonymi modu\u0142ami SIMRAD<\/strong><\/p>\n<p>Stacje nawigacyjne serii SIMRAD GO s\u0105 kompatybilne z modu\u0142ami \u00a0w\u0142\u0105czaj\u0105c StructureScan\u00ae 3D, zaawansowany modu\u0142 echosondy szerokopasmowej CHIRP. Funkcje modu\u0142\u00f3w mog\u0105 by\u0107 dzielone pomi\u0119dzy stacjami NSSevo3 oraz dane z wielu modu\u0142\u00f3w mog\u0105 by\u0107 wy\u015bwietlanie jednocze\u015bnie na jednym ekranie. System Simrada mo\u017ce by\u0107 konfigurowany i rozszerzany w zale\u017cno\u015bci od potrzeb u\u017cytkownika.\u00a0<\/p>\n<p><strong>System radaru<\/strong><\/p>\n<p>Radar serii Halo&#x2122; , Broadband Radar&#x2122;, lub radary cyfrowe wp\u0142ywaj\u0105 na zwi\u0119kszenie widzialno\u015bci na morzu. Stacje nawigacyjne serii SIMRAD GO s\u0105 w pe\u0142ni kompatybilna ze wszystkimi radarami dostarczaj\u0105c wszystkie cechy radaru: tryb ustawie\u0144, r\u0119czne strojenie radaru, \u015bledzenie MARPA, strefa ochrony, nak\u0142adki obrazu i wiele innych funkcji w zale\u017cno\u015bci od wybranego systemu.<\/p>\n<p><strong>Autopilot\u00a0<\/strong><\/p>\n<p>Pe\u0142na kontrola autopilota Simrad za pomoc\u0105 stacji nawigacyjnych serii SIMRAD GO za pomoc\u0105 ekranu dodatkowego. Wprowadzanie danych o kursie, prowadzenie nawigacji po zadanym kursie naprzeciw wiatrom i p\u0142ywom. Stacja nawigacyjna mo\u017ce by\u0107 po\u0142\u0105czona z autopilotem w formie black box lub mo\u017ce by\u0107 pod\u0142\u0105czona do systemu autopilota.<\/p>\n<p><strong>Standar NMEA 2000\u00ae<\/strong><\/p>\n<p>Standard NMEA 2000\u00ae umo\u017cliwia integracj\u0119 urz\u0105dze\u0144 nawigacyjnych na statku. Mi\u0119dzy innymi monitoring silnika, system AIS, kontrola systemu d\u017awi\u0119kowego i wiele wi\u0119cej.<\/p>\n<p><strong>Wbudowana antena GPS\u00a0 10 Hz GPS<\/strong><\/p>\n<p>Wszystkie stacje nawigacyjne serii SIMRAD GO posiadaj\u0105 wbudowan\u0105 anten\u0119 GPS\/GLONASS z od\u015bwie\u017caniem z cz\u0119stotliwo\u015bci\u0105 10 razy w ci\u0105gu sekundy. Rozwi\u0105zanie jest idealne dla szybkich \u0142odzi.<\/p>\n<p><strong>Wbudowany modu\u0142 \u00a0GoFree&#x2122; Wi-Fi<\/strong><\/p>\n<p>Wbudowany modu\u0142 \u00a0GoFree&#x2122; Wi-Fi umo\u017cliwia \u015bci\u0105ganie map, tworzenie map Insight Genesis oraz aktualizacj\u0119 systemu. Modu\u0142 GoFree&#x2122; mo\u017ce by\u0107 u\u017cywany w ka\u017cdym miejscu z dost\u0119pem do internetu.<\/p>\n<p><strong>Integracja z tabletem i telefonem za pomoc\u0105 modu\u0142u \u00a0GoFree&#x2122;<\/strong><\/p>\n<p>Modu\u0142\u00a0 GoFree&#x2122; Wi-Fi\u00a0 i aplikacja free GoFree&#x2122; umo\u017cliwiaj\u0105 wy\u015bwietlanie i kontrol\u0119 nad Stacje nawigacyjne serii SIMRAD GO za pomoc\u0105 tabletu lub telefonu.<\/p>\n<p><strong>Szeroki zakres monta\u017cu<\/strong><\/p>\n<p>Stacje nawigacyjne serii SIMRAD GO mo\u017ce by\u0107 zamontowana na uchwycie w dowolnym miejscu, lub wpuszczona w pulpit.\u00a0<\/p>\n<\/div>\n<p>\n    <a href=\"\/wp-content\/uploads\/Stacje_nawigacyjne_SIMRAD_GO.pdf\">BROSZURA<\/a>\n<\/p>\n<p><!--more--><br \/>\n<!-- {\"type\":\"layout\",\"children\":[{\"name\":\"statki specj\",\"type\":\"section\",\"props\":{\"animation\":\"slide-top-medium\",\"header_overlay\":\"light\",\"height_viewport\":false,\"image_fixed\":false,\"image_position\":\"bottom-center\",\"image_size\":\"cover\",\"overlap\":true,\"padding\":\"xsmall\",\"padding_remove_top\":false,\"style\":\"default\",\"title_breakpoint\":\"xl\",\"title_position\":\"top-left\",\"title_rotation\":\"left\",\"vertical_align\":\"middle\",\"width\":\"large\"},\"children\":[{\"type\":\"row\",\"children\":[{\"type\":\"column\",\"props\":{\"image_position\":\"center-center\",\"position_sticky_breakpoint\":\"m\",\"width_medium\":\"1-1\"},\"children\":[{\"type\":\"headline\",\"props\":{\"block_align\":\"center\",\"content\":\"Stacje nawigacyjne serii SIMRAD GO\",\"text_align\":\"center\",\"text_align_fallback\":\"center\",\"title_element\":\"h2\",\"title_style\":\"h2\"}},{\"type\":\"divider\",\"props\":{\"divider_element\":\"hr\"}},{\"type\":\"text\",\"props\":{\"column_breakpoint\":\"m\",\"content\":\"\n\n<p>Seria SIMRAD GO XSE oferuje prost\\u0105 i intuicyjn\\u0105 obs\\u0142ug\\u0119, podobn\\u0105 do telefon\\u00f3w kom\\u00f3rkowych czy tablet\\u00f3w. \\u00a0Ekrany w urz\\u0105dzeniach s\\u0105 w pe\\u0142ni dotykowe z \\u0142atwym dost\\u0119pem do wszystkich funkcji.<\\\/p>\",\"margin\":\"default\",\"text_align\":\"justify\"}}]}]},{\"type\":\"row\",\"props\":{\"layout\":\"1-2,1-2\",\"margin\":\"medium\"},\"children\":[{\"type\":\"column\",\"props\":{\"image_position\":\"center-center\",\"position_sticky_breakpoint\":\"m\",\"width_medium\":\"1-2\"},\"children\":[{\"type\":\"image\",\"props\":{\"image\":\"wp-content\\\/uploads\\\/GO7.jpg\",\"image_height\":\"200\",\"image_svg_color\":\"emphasis\",\"margin\":\"default\",\"text_align\":\"center\"}},{\"type\":\"text\",\"props\":{\"column_breakpoint\":\"m\",\"content\":\"\n\n<p style=\\\"text-align: center;\\\"><strong>GO7 XSE<\\\/strong><\\\/p>\\n\n\n<p style=\\\"text-align: center;\\\">\\u00a0- 7 calowy ekran, monta\\u017c na uchwycie lub w pulpicie <br \\\/> \\u00a0- Obs\\u0142uga autopilota <br \\\/> \\u00a0- Dotykowy ekran <br \\\/> \\u00a0- Ploter <br \\\/> \\u00a0- kompatybilno\\u015b\\u0107 SonicHub\\u00ae2 <br \\\/> \\u00a0- Odbiornik 10 Hz GPS<br \\\/> \\u00a0- Echosonda szerokopasmowa CHIRP<br \\\/> \\u00a0- Wbudowany sonar ForwardScan\\u2122<br \\\/> \\u00a0- Wbudowany StructureScan\\u00ae <br \\\/> \\u00a0- Kompatybilno\\u015b\\u0107 NMEA 2000\\u00ae <br \\\/> \\u00a0- Wbudowane Wi-Fi<\\\/p>\",\"margin\":\"default\",\"text_align\":\"justify\"}}]},{\"type\":\"column\",\"props\":{\"image_position\":\"center-center\",\"position_sticky_breakpoint\":\"m\",\"width_medium\":\"1-2\"},\"children\":[{\"type\":\"image\",\"props\":{\"image\":\"wp-content\\\/uploads\\\/GO9.jpg\",\"image_height\":\"200\",\"image_svg_color\":\"emphasis\",\"margin\":\"default\",\"text_align\":\"center\"}},{\"type\":\"text\",\"props\":{\"column_breakpoint\":\"m\",\"content\":\"\n\n<p style=\\\"text-align: center;\\\"><strong>GO9 XSE<\\\/strong><\\\/p>\\n\n\n<p style=\\\"text-align: center;\\\">- 9 \\u00a0calowy ekran, monta\\u017c na uchwycie lub w pulpicie <br \\\/> \\u00a0- Obs\\u0142uga autopilota <br \\\/> \\u00a0- Dotykowy ekran <br \\\/> \\u00a0- Ploter <br \\\/> \\u00a0- kompatybilno\\u015b\\u0107 SonicHub\\u00ae2 <br \\\/> \\u00a0- Odbiornik 10 Hz GPS<br \\\/> \\u00a0- Echosonda szerokopasmowa CHIRP<br \\\/> \\u00a0- Wbudowany sonar ForwardScan\\u2122<br \\\/> \\u00a0- Wbudowany StructureScan\\u00ae <br \\\/> \\u00a0- Kompatybilno\\u015b\\u0107 NMEA 2000\\u00ae <br \\\/> \\u00a0- Wbudowane Wi-Fi<\\\/p>\",\"margin\":\"default\",\"text_align\":\"justify\"}}]}]},{\"type\":\"row\",\"props\":{\"margin\":\"medium\"},\"children\":[{\"type\":\"column\",\"props\":{\"image_position\":\"center-center\",\"position_sticky_breakpoint\":\"m\",\"width_medium\":\"1-1\"},\"children\":[{\"type\":\"text\",\"props\":{\"column_breakpoint\":\"m\",\"content\":\"\n\n<p><strong>Prosta obs\\u0142uga w ka\\u017cdych warunkach pogodowych <\\\/strong><\\\/p>\\n\n\n<p>Stacje nawigacyjne \\u00a0serii SIMRAD GO posiadaj\\u0105 mo\\u017cliwo\\u015b\\u0107 pe\\u0142nej kontroli zar\\u00f3wno za pomoc\\u0105 dotykowego ekranu jak i za pomoc\\u0105 klawiszy i obrotowego pokr\\u0119t\\u0142a. Zapewniaj\\u0105c pe\\u0142n\\u0105 dowolno\\u015b\\u0107 dla u\\u017cytkownika, kt\\u00f3ry mo\\u017ce dobra\\u0107 najodpowiedniejsz\\u0105\\u00a0 form\\u0119 dla siebie.<\\\/p>\\n\n\n<p><strong>Zintegrowana echosonda<\\\/strong><\\\/p>\\n\n\n<p>Stacje nawigacyjne serii SIMRAD GO, posiadaj\\u0105 wbudowany modu\\u0142 echosondy oraz sonar\\u00f3w. W celu spe\\u0142nienia oczekiwa\\u0144 u\\u017cytkownik\\u00f3w.\\u00a0 Sonar StructureScan\\u00ae HD \\u00a0\\u0142\\u0105czy ze sob\\u0105 dwie technologie, a mianowicie zobrazowanie dna- DownScan \\u00a0oraz obraz po bokach SideScan. Przedstawiaj\\u0105c czysty obraz pod wod\\u0105. W pakiecie do\\u0142\\u0105czony jest r\\u00f3wnie\\u017c sonar patrz\\u0105cy do przodu- ForwardScan\\u00ae , wp\\u0142ywaj\\u0105cy na popraw\\u0119 bezpiecze\\u0144stwa, przedstawiaj\\u0105c obraz pod wod\\u0105 znajduj\\u0105cy si\\u0119 przed jednostk\\u0105. Technologia echosondy szerokopasmowej CHIRP wsp\\u00f3\\u0142pracuje z przetwornikami TotalScan\\u2122 ( wszystko w jednym) lub z przetwornikami dwukana\\u0142owymi CHIRP.<\\\/p>\\n\n\n<p><strong>Kompatybilno\\u015b\\u0107 z rozszerzonymi modu\\u0142ami SIMRAD<\\\/strong><\\\/p>\\n\n\n<p>Stacje nawigacyjne serii SIMRAD GO s\\u0105 kompatybilne z modu\\u0142ami \\u00a0w\\u0142\\u0105czaj\\u0105c StructureScan\\u00ae 3D, zaawansowany modu\\u0142 echosondy szerokopasmowej CHIRP. Funkcje modu\\u0142\\u00f3w mog\\u0105 by\\u0107 dzielone pomi\\u0119dzy stacjami NSSevo3 oraz dane z wielu modu\\u0142\\u00f3w mog\\u0105 by\\u0107 wy\\u015bwietlanie jednocze\\u015bnie na jednym ekranie. System Simrada mo\\u017ce by\\u0107 konfigurowany i rozszerzany w zale\\u017cno\\u015bci od potrzeb u\\u017cytkownika.\\u00a0<\\\/p>\\n\n\n<p><strong>System radaru<\\\/strong><\\\/p>\\n\n\n<p>Radar serii Halo\\u2122 , Broadband Radar\\u2122, lub radary cyfrowe wp\\u0142ywaj\\u0105 na zwi\\u0119kszenie widzialno\\u015bci na morzu. Stacje nawigacyjne serii SIMRAD GO s\\u0105 w pe\\u0142ni kompatybilna ze wszystkimi radarami dostarczaj\\u0105c wszystkie cechy radaru: tryb ustawie\\u0144, r\\u0119czne strojenie radaru, \\u015bledzenie MARPA, strefa ochrony, nak\\u0142adki obrazu i wiele innych funkcji w zale\\u017cno\\u015bci od wybranego systemu.<\\\/p>\\n\n\n<p><strong>Autopilot\\u00a0<\\\/strong><\\\/p>\\n\n\n<p>Pe\\u0142na kontrola autopilota Simrad za pomoc\\u0105 stacji nawigacyjnych serii SIMRAD GO za pomoc\\u0105 ekranu dodatkowego. Wprowadzanie danych o kursie, prowadzenie nawigacji po zadanym kursie naprzeciw wiatrom i p\\u0142ywom. Stacja nawigacyjna mo\\u017ce by\\u0107 po\\u0142\\u0105czona z autopilotem w formie black box lub mo\\u017ce by\\u0107 pod\\u0142\\u0105czona do systemu autopilota.<\\\/p>\\n\n\n<p><strong>Standar NMEA 2000\\u00ae<\\\/strong><\\\/p>\\n\n\n<p>Standard NMEA 2000\\u00ae umo\\u017cliwia integracj\\u0119 urz\\u0105dze\\u0144 nawigacyjnych na statku. Mi\\u0119dzy innymi monitoring silnika, system AIS, kontrola systemu d\\u017awi\\u0119kowego i wiele wi\\u0119cej.<\\\/p>\\n\n\n<p><strong>Wbudowana antena GPS\\u00a0 10 Hz GPS<\\\/strong><\\\/p>\\n\n\n<p>Wszystkie stacje nawigacyjne serii SIMRAD GO posiadaj\\u0105 wbudowan\\u0105 anten\\u0119 GPS\\\/GLONASS z od\\u015bwie\\u017caniem z cz\\u0119stotliwo\\u015bci\\u0105 10 razy w ci\\u0105gu sekundy. Rozwi\\u0105zanie jest idealne dla szybkich \\u0142odzi.<\\\/p>\\n\n\n<p><strong>Wbudowany modu\\u0142 \\u00a0GoFree\\u2122 Wi-Fi<\\\/strong><\\\/p>\\n\n\n<p>Wbudowany modu\\u0142 \\u00a0GoFree\\u2122 Wi-Fi umo\\u017cliwia \\u015bci\\u0105ganie map, tworzenie map Insight Genesis oraz aktualizacj\\u0119 systemu. Modu\\u0142 GoFree\\u2122 mo\\u017ce by\\u0107 u\\u017cywany w ka\\u017cdym miejscu z dost\\u0119pem do internetu.<\\\/p>\\n\n\n<p><strong>Integracja z tabletem i telefonem za pomoc\\u0105 modu\\u0142u \\u00a0GoFree\\u2122<\\\/strong><\\\/p>\\n\n\n<p>Modu\\u0142\\u00a0 GoFree\\u2122 Wi-Fi\\u00a0 i aplikacja free GoFree\\u2122 umo\\u017cliwiaj\\u0105 wy\\u015bwietlanie i kontrol\\u0119 nad Stacje nawigacyjne serii SIMRAD GO za pomoc\\u0105 tabletu lub telefonu.<\\\/p>\\n\n\n<p><strong>Szeroki zakres monta\\u017cu<\\\/strong><\\\/p>\\n\n\n<p>Stacje nawigacyjne serii SIMRAD GO mo\\u017ce by\\u0107 zamontowana na uchwycie w dowolnym miejscu, lub wpuszczona w pulpit.\\u00a0<\\\/p>\",\"margin\":\"default\",\"text_align\":\"justify\"}}]}]},{\"type\":\"row\",\"children\":[{\"type\":\"column\",\"props\":{\"image_position\":\"center-center\",\"position_sticky_breakpoint\":\"m\",\"width_medium\":\"1-1\"},\"children\":[{\"type\":\"button\",\"props\":{\"grid_column_gap\":\"small\",\"grid_row_gap\":\"small\",\"margin\":\"default\",\"text_align\":\"center\"},\"children\":[{\"type\":\"button_item\",\"props\":{\"button_style\":\"secondary\",\"content\":\"BROSZURA\",\"icon_align\":\"left\",\"link\":\"wp-content\\\/uploads\\\/Stacje_nawigacyjne_SIMRAD_GO.pdf\"}}]}]}]}]}],\"version\":\"4.0.13\"} --><\/p>\n","protected":false},"excerpt":{"rendered":"<p>Stacje nawigacyjne serii SIMRAD GO Seria SIMRAD GO XSE oferuje prost\u0105 i intuicyjn\u0105 obs\u0142ug\u0119, podobn\u0105 do telefon\u00f3w kom\u00f3rkowych czy tablet\u00f3w. \u00a0Ekrany w urz\u0105dzeniach s\u0105 w pe\u0142ni dotykowe z \u0142atwym dost\u0119pem do wszystkich funkcji. GO7 XSE \u00a0&#8211; 7 calowy ekran, monta\u017c na uchwycie lub w pulpicie \u00a0&#8211; Obs\u0142uga autopilota \u00a0&#8211; Dotykowy ekran \u00a0&#8211; Ploter \u00a0&#8211; kompatybilno\u015b\u0107 [&hellip;]<\/p>\n","protected":false},"author":6,"featured_media":0,"parent":0,"menu_order":0,"comment_status":"closed","ping_status":"closed","template":"","meta":{"footnotes":""},"class_list":["post-3163","page","type-page","status-publish","hentry"],"yoast_head":"<!-- This site is optimized with the Yoast SEO plugin v27.5 - https:\/\/yoast.com\/product\/yoast-seo-wordpress\/ -->\n<title>Stacje nawigacyjne serii SIMRAD GO - ESCORT TECHNOLOGY<\/title>\n<meta name=\"robots\" content=\"index, follow, max-snippet:-1, max-image-preview:large, max-video-preview:-1\" \/>\n<link rel=\"canonical\" href=\"http:\/\/escort-technology.com\/en\/de\/stacje-nawigacyjne-serii-simrad-go\/\" \/>\n<meta property=\"og:locale\" content=\"en_US\" \/>\n<meta property=\"og:type\" content=\"article\" \/>\n<meta property=\"og:title\" content=\"Stacje nawigacyjne serii SIMRAD GO - ESCORT TECHNOLOGY\" \/>\n<meta property=\"og:description\" content=\"Stacje nawigacyjne serii SIMRAD GO Seria SIMRAD GO XSE oferuje prost\u0105 i intuicyjn\u0105 obs\u0142ug\u0119, podobn\u0105 do telefon\u00f3w kom\u00f3rkowych czy tablet\u00f3w. \u00a0Ekrany w urz\u0105dzeniach s\u0105 w pe\u0142ni dotykowe z \u0142atwym dost\u0119pem do wszystkich funkcji. GO7 XSE \u00a0&#8211; 7 calowy ekran, monta\u017c na uchwycie lub w pulpicie \u00a0&#8211; Obs\u0142uga autopilota \u00a0&#8211; Dotykowy ekran \u00a0&#8211; Ploter \u00a0&#8211; kompatybilno\u015b\u0107 [&hellip;]\" \/>\n<meta property=\"og:url\" content=\"http:\/\/escort-technology.com\/en\/de\/stacje-nawigacyjne-serii-simrad-go\/\" \/>\n<meta property=\"og:site_name\" content=\"ESCORT TECHNOLOGY\" \/>\n<meta property=\"article:publisher\" content=\"https:\/\/www.facebook.com\/elektronika.morska\/\" \/>\n<meta property=\"article:modified_time\" content=\"2024-05-31T07:08:42+00:00\" \/>\n<meta name=\"twitter:card\" content=\"summary_large_image\" \/>\n<meta name=\"twitter:label1\" content=\"Est. reading time\" \/>\n\t<meta name=\"twitter:data1\" content=\"3 minutes\" \/>\n<script type=\"application\/ld+json\" class=\"yoast-schema-graph\">{\"@context\":\"https:\\\/\\\/schema.org\",\"@graph\":[{\"@type\":\"WebPage\",\"@id\":\"http:\\\/\\\/escort-technology.com\\\/de\\\/stacje-nawigacyjne-serii-simrad-go\\\/\",\"url\":\"http:\\\/\\\/escort-technology.com\\\/de\\\/stacje-nawigacyjne-serii-simrad-go\\\/\",\"name\":\"Stacje nawigacyjne serii SIMRAD GO - ESCORT TECHNOLOGY\",\"isPartOf\":{\"@id\":\"http:\\\/\\\/escort-technology.com\\\/de\\\/#website\"},\"datePublished\":\"2018-05-07T10:57:45+00:00\",\"dateModified\":\"2024-05-31T07:08:42+00:00\",\"breadcrumb\":{\"@id\":\"http:\\\/\\\/escort-technology.com\\\/de\\\/stacje-nawigacyjne-serii-simrad-go\\\/#breadcrumb\"},\"inLanguage\":\"en-US\",\"potentialAction\":[{\"@type\":\"ReadAction\",\"target\":[\"http:\\\/\\\/escort-technology.com\\\/de\\\/stacje-nawigacyjne-serii-simrad-go\\\/\"]}]},{\"@type\":\"BreadcrumbList\",\"@id\":\"http:\\\/\\\/escort-technology.com\\\/de\\\/stacje-nawigacyjne-serii-simrad-go\\\/#breadcrumb\",\"itemListElement\":[{\"@type\":\"ListItem\",\"position\":1,\"name\":\"Strona g\u0142\u00f3wna\",\"item\":\"https:\\\/\\\/escort-technology.com\\\/\"},{\"@type\":\"ListItem\",\"position\":2,\"name\":\"Stacje nawigacyjne serii SIMRAD GO\"}]},{\"@type\":\"WebSite\",\"@id\":\"http:\\\/\\\/escort-technology.com\\\/de\\\/#website\",\"url\":\"http:\\\/\\\/escort-technology.com\\\/de\\\/\",\"name\":\"ESCORT TECHNOLOGY\",\"description\":\"Elektronika morska i l\u0105dowa\",\"publisher\":{\"@id\":\"http:\\\/\\\/escort-technology.com\\\/de\\\/#organization\"},\"potentialAction\":[{\"@type\":\"SearchAction\",\"target\":{\"@type\":\"EntryPoint\",\"urlTemplate\":\"http:\\\/\\\/escort-technology.com\\\/de\\\/?s={search_term_string}\"},\"query-input\":{\"@type\":\"PropertyValueSpecification\",\"valueRequired\":true,\"valueName\":\"search_term_string\"}}],\"inLanguage\":\"en-US\"},{\"@type\":\"Organization\",\"@id\":\"http:\\\/\\\/escort-technology.com\\\/de\\\/#organization\",\"name\":\"ESCORT TECHNOLOGY\",\"url\":\"http:\\\/\\\/escort-technology.com\\\/de\\\/\",\"logo\":{\"@type\":\"ImageObject\",\"inLanguage\":\"en-US\",\"@id\":\"http:\\\/\\\/escort-technology.com\\\/de\\\/#\\\/schema\\\/logo\\\/image\\\/\",\"url\":\"https:\\\/\\\/escort-technology.com\\\/wp-content\\\/uploads\\\/logo-1.jpg\",\"contentUrl\":\"https:\\\/\\\/escort-technology.com\\\/wp-content\\\/uploads\\\/logo-1.jpg\",\"width\":600,\"height\":165,\"caption\":\"ESCORT TECHNOLOGY\"},\"image\":{\"@id\":\"http:\\\/\\\/escort-technology.com\\\/de\\\/#\\\/schema\\\/logo\\\/image\\\/\"},\"sameAs\":[\"https:\\\/\\\/www.facebook.com\\\/elektronika.morska\\\/\",\"https:\\\/\\\/www.linkedin.com\\\/company\\\/escort-sp-z-o-o-\\\/\"]}]}<\/script>\n<!-- \/ Yoast SEO plugin. -->","yoast_head_json":{"title":"Stacje nawigacyjne serii SIMRAD GO - ESCORT TECHNOLOGY","robots":{"index":"index","follow":"follow","max-snippet":"max-snippet:-1","max-image-preview":"max-image-preview:large","max-video-preview":"max-video-preview:-1"},"canonical":"http:\/\/escort-technology.com\/en\/de\/stacje-nawigacyjne-serii-simrad-go\/","og_locale":"en_US","og_type":"article","og_title":"Stacje nawigacyjne serii SIMRAD GO - ESCORT TECHNOLOGY","og_description":"Stacje nawigacyjne serii SIMRAD GO Seria SIMRAD GO XSE oferuje prost\u0105 i intuicyjn\u0105 obs\u0142ug\u0119, podobn\u0105 do telefon\u00f3w kom\u00f3rkowych czy tablet\u00f3w. \u00a0Ekrany w urz\u0105dzeniach s\u0105 w pe\u0142ni dotykowe z \u0142atwym dost\u0119pem do wszystkich funkcji. GO7 XSE \u00a0&#8211; 7 calowy ekran, monta\u017c na uchwycie lub w pulpicie \u00a0&#8211; Obs\u0142uga autopilota \u00a0&#8211; Dotykowy ekran \u00a0&#8211; Ploter \u00a0&#8211; kompatybilno\u015b\u0107 [&hellip;]","og_url":"http:\/\/escort-technology.com\/en\/de\/stacje-nawigacyjne-serii-simrad-go\/","og_site_name":"ESCORT TECHNOLOGY","article_publisher":"https:\/\/www.facebook.com\/elektronika.morska\/","article_modified_time":"2024-05-31T07:08:42+00:00","twitter_card":"summary_large_image","twitter_misc":{"Est. reading time":"3 minutes"},"schema":{"@context":"https:\/\/schema.org","@graph":[{"@type":"WebPage","@id":"http:\/\/escort-technology.com\/de\/stacje-nawigacyjne-serii-simrad-go\/","url":"http:\/\/escort-technology.com\/de\/stacje-nawigacyjne-serii-simrad-go\/","name":"Stacje nawigacyjne serii SIMRAD GO - ESCORT TECHNOLOGY","isPartOf":{"@id":"http:\/\/escort-technology.com\/de\/#website"},"datePublished":"2018-05-07T10:57:45+00:00","dateModified":"2024-05-31T07:08:42+00:00","breadcrumb":{"@id":"http:\/\/escort-technology.com\/de\/stacje-nawigacyjne-serii-simrad-go\/#breadcrumb"},"inLanguage":"en-US","potentialAction":[{"@type":"ReadAction","target":["http:\/\/escort-technology.com\/de\/stacje-nawigacyjne-serii-simrad-go\/"]}]},{"@type":"BreadcrumbList","@id":"http:\/\/escort-technology.com\/de\/stacje-nawigacyjne-serii-simrad-go\/#breadcrumb","itemListElement":[{"@type":"ListItem","position":1,"name":"Strona g\u0142\u00f3wna","item":"https:\/\/escort-technology.com\/"},{"@type":"ListItem","position":2,"name":"Stacje nawigacyjne serii SIMRAD GO"}]},{"@type":"WebSite","@id":"http:\/\/escort-technology.com\/de\/#website","url":"http:\/\/escort-technology.com\/de\/","name":"ESCORT TECHNOLOGY","description":"Onshore and offshore electronics","publisher":{"@id":"http:\/\/escort-technology.com\/de\/#organization"},"potentialAction":[{"@type":"SearchAction","target":{"@type":"EntryPoint","urlTemplate":"http:\/\/escort-technology.com\/de\/?s={search_term_string}"},"query-input":{"@type":"PropertyValueSpecification","valueRequired":true,"valueName":"search_term_string"}}],"inLanguage":"en-US"},{"@type":"Organization","@id":"http:\/\/escort-technology.com\/de\/#organization","name":"ESCORT TECHNOLOGY","url":"http:\/\/escort-technology.com\/de\/","logo":{"@type":"ImageObject","inLanguage":"en-US","@id":"http:\/\/escort-technology.com\/de\/#\/schema\/logo\/image\/","url":"https:\/\/escort-technology.com\/wp-content\/uploads\/logo-1.jpg","contentUrl":"https:\/\/escort-technology.com\/wp-content\/uploads\/logo-1.jpg","width":600,"height":165,"caption":"ESCORT TECHNOLOGY"},"image":{"@id":"http:\/\/escort-technology.com\/de\/#\/schema\/logo\/image\/"},"sameAs":["https:\/\/www.facebook.com\/elektronika.morska\/","https:\/\/www.linkedin.com\/company\/escort-sp-z-o-o-\/"]}]}},"_links":{"self":[{"href":"https:\/\/escort-technology.com\/en\/wp-json\/wp\/v2\/pages\/3163","targetHints":{"allow":["GET"]}}],"collection":[{"href":"https:\/\/escort-technology.com\/en\/wp-json\/wp\/v2\/pages"}],"about":[{"href":"https:\/\/escort-technology.com\/en\/wp-json\/wp\/v2\/types\/page"}],"author":[{"embeddable":true,"href":"https:\/\/escort-technology.com\/en\/wp-json\/wp\/v2\/users\/6"}],"replies":[{"embeddable":true,"href":"https:\/\/escort-technology.com\/en\/wp-json\/wp\/v2\/comments?post=3163"}],"version-history":[{"count":6,"href":"https:\/\/escort-technology.com\/en\/wp-json\/wp\/v2\/pages\/3163\/revisions"}],"predecessor-version":[{"id":13828,"href":"https:\/\/escort-technology.com\/en\/wp-json\/wp\/v2\/pages\/3163\/revisions\/13828"}],"wp:attachment":[{"href":"https:\/\/escort-technology.com\/en\/wp-json\/wp\/v2\/media?parent=3163"}],"curies":[{"name":"wp","href":"https:\/\/api.w.org\/{rel}","templated":true}]}}