{"id":3352,"date":"2018-05-08T11:26:02","date_gmt":"2018-05-08T11:26:02","guid":{"rendered":"http:\/\/escort-technology.com\/?page_id=3352"},"modified":"2020-09-02T14:42:51","modified_gmt":"2020-09-02T12:42:51","slug":"zasilacze-alfatronix","status":"publish","type":"page","link":"https:\/\/escort-technology.com\/en\/zasilacze-alfatronix\/","title":{"rendered":"Zasilacze Alfatronix"},"content":{"rendered":"<h2>Zasilacze Alfatronix<\/h2>\n<hr>\n<p><img decoding=\"async\" src=\"wp-content\/uploads\/Zasilacze.jpg\" alt=\"\"><\/p>\n<p>\n    <a href=\"https:\/\/f30d9faa-6358-4e26-91c0-b2eee3c82f29.filesusr.com\/ugd\/95f6b1_062516ab78f54ec4917c3c9df4d061a2.pdf?index=true\">BROSZURA<\/a>\n<\/p>\n<div>\n<p><strong>ZASILACZE SIECIOWE W KONFIGURACJACH 12V, 24V i 48V<\/strong><\/p>\n<p>Urz\u0105dzenia serii AD mog\u0105 by\u0107 stosowane do zasilania ruchomych odbiornik\u00f3w radiowych i innych urz\u0105dze\u0144 z sieci zasilaj\u0105cej pr\u0105dem zmiennym, stosowanych w biurach, kabinach przeno\u015bnych, kabinach komunikacyjnych, centralach telefonicznych, zdalnych stanowiskach antenowych, na statkach, platformach wiertniczych itp. Urz\u0105dzenia te b\u0119d\u0105 obs\u0142ugiwa\u0107 europejskie wej\u015bcia 230Vac lub US 115Vac i s\u0105 dost\u0119pne w standardzie w konfiguracjach wyj\u015bciowych 12V, 24V i 48V. Wej\u015bcie odbywa si\u0119 poprzez standardowy kabel zasilaj\u0105cy IEC-320 C13\/14 z wtyczk\u0105 sieciow\u0105 europejsk\u0105.\u00a0<\/p>\n<p><strong>SZYBKA INSTALACJA<\/strong><\/p>\n<p>Nie ma nic gorszego ni\u017c zasilacz le\u017c\u0105cy na pod\u0142odze. Klips monta\u017cowy w kszta\u0142cie litery T, wsp\u00f3lny dla wielu produkt\u00f3w Alfatronix, pozwala na szybk\u0105 i prost\u0105 instalacj\u0119 zasilaczy w wielu miejscach, np. pod biurkiem lub na \u015bcianie. Trzypunktowy klips &#8222;T&#8221; mo\u017ce by\u0107 pewnie zamocowany, nawet na nier\u00f3wnych powierzchniach.<\/p>\n<p><strong>WYMAGANE JEST \u0141ADOWANIE AKUMULATORA?<\/strong><\/p>\n<p>\u0141adowarka akumulatorowa o sta\u0142ym napi\u0119ciu jest dost\u0119pna r\u00f3wnie\u017c z dodatkowym akumulatorem; akumulator P\/N AD BB.<\/p>\n<p><strong>PE\u0141NA OCHRONA OBWODOWA<\/strong><\/p>\n<p>Zasilacze z serii AD posiadaj\u0105 zabezpieczenie przed stanami przej\u015bciowymi, przeci\u0105\u017ceniem i przegrzaniem, zapewniaj\u0105ce niezawodn\u0105 prac\u0119 nawet w najtrudniejszych warunkach.<\/p>\n<p>\u00a0<\/p>\n<\/div>\n<div>\n<p><strong>DANE TECHNICZNE\u00a0<\/strong><\/p>\n<p><strong>Zakres napi\u0119cia wej\u015bciowego<\/strong> Auto-Select, 85-135Vac i 170-265Vac, 50\/60Hz<br \/><strong>Napi\u0119cie wyj\u015bciowe<\/strong> 13,6Vdc, 27,2Vdc lub 54,4Vdc, zgodnie z zam\u00f3wieniem . Najgorsze warto\u015bci graniczne wynosz\u0105 +\/- 4%.<br \/><strong>Ha\u0142as wyj\u015bciowy<\/strong> &lt;50mV pk-pk przy obci\u0105\u017ceniu ci\u0105g\u0142ym<br \/><strong>Wydajno\u015b\u0107 konwersji mocy<\/strong> Typowo 85%<br \/><strong>Izolacja pomi\u0119dzy wej\u015bciem a obudow\u0105\/wyj\u015bciem Izolacja obudowy do masy<\/strong> 1.5kVac\/3.0kVac rms,<br \/><strong>Normalna temperatura pracy<\/strong> -25\u00baC do +30\u00baC, aby spe\u0142ni\u0107 wymagania niniejszej tabeli specyfikacji<br \/>+30\u00baC do +70\u00baC liniowo do 0A<br \/><strong>Temperatura przechowywania<\/strong> -25\u00baC do +100\u00baC<br \/><strong>Maksymalna temperatura obudowy<\/strong> 70\u00baC przy pe\u0142nym obci\u0105\u017ceniu i 25\u00baC otoczenia<br \/><strong>Wilgotno\u015b\u0107 robocza<\/strong> maks. 95%, bez kondensacji<br \/><strong>Obudowa<\/strong> Aluminium anodowane, poliw\u0119glan wype\u0142niony szk\u0142em<br \/><strong>Po\u0142\u0105czenia:<\/strong><br \/><strong>Wej\u015bcie <\/strong>Gniazdo IEC-320 C14, zestaw przewod\u00f3w zako\u0144czony C13<br \/><strong>Wyj\u015bcie <\/strong>6,3 mm zaciski do wsuwania \u0142opatek<br \/><strong>Uziemienie\u00a0 <\/strong>6,3 mm zaciski \u0142opatek dociskowych, przylegaj\u0105ce do wej\u015bcia (w razie potrzeby dodatkowa masa zewn\u0119trzna)<br \/><strong>Wska\u017anik wyj\u015bciowy<\/strong> Zielona dioda LED przylegaj\u0105ca do zacisk\u00f3w wyj\u015bciowych<br \/><strong>Metoda monta\u017cu<\/strong> &#8222;Click 'n&#8217; Fit&#8221; klips monta\u017cowy lub gumowe n\u00f3\u017cki. Dost\u0119pne s\u0105 klipsy do szyn DIN.<br \/><strong>Bezpieczna ochrona obszaru:<\/strong><br \/><strong>Nad pr\u0105dem<\/strong> Ograniczony przez obw\u00f3d detekcji pr\u0105du<br \/><strong>Nadmiar ciep\u0142a<\/strong> Ograniczony przez obw\u00f3d czujnikowy temperatury<br \/><strong>Wyj\u015bcie nadnapi\u0119ciowe<\/strong> Chronione przez niezale\u017cny obw\u00f3d wy\u0142\u0105czaj\u0105cy<br \/><strong>Awaria\u00a0<\/strong> Chroniona przez bezpieczniki wej\u015bciowe i wyj\u015bciowe<br \/><strong>Dopuszczenia<\/strong> 2014\/30\/UE Og\u00f3lna dyrektywa w sprawie kompatybilno\u015bci elektromagnetycznej<br \/>2014\/35\/UE Dyrektywa w sprawie niskiego napi\u0119cia<br \/>93\/68\/EWG Dyrektywa w sprawie oznakowania CE<br \/><strong>Testowane zgodnie z normami<\/strong> EN60950, EN55022, EN61204-3.<br \/><strong>Oznaczenie<\/strong> CE<\/p>\n<p>\u00a0<\/p>\n<\/div>\n<p><!-- {\"name\":\"\",\"type\":\"layout\",\"children\":[{\"name\":\"ANTENA\",\"type\":\"section\",\"props\":{\"width\":\"default\",\"padding\":\"xsmall\",\"style\":\"default\",\"text_color\":\"\",\"media\":\"\",\"height_viewport\":false,\"header_overlay\":\"light\",\"animation\":\"slide-top-medium\",\"padding_remove_top\":false,\"image_size\":\"cover\",\"image\":\"\",\"image_position\":\"bottom-center\",\"image_fixed\":false,\"class\":\"\",\"overlap\":true,\"vertical_align\":\"middle\",\"title_position\":\"top-left\",\"title_rotation\":\"left\",\"title_breakpoint\":\"xl\",\"image_effect\":\"\"},\"children\":[{\"name\":\"\",\"type\":\"row\",\"props\":{\"layout\":\"1-1\",\"breakpoint\":\"m\",\"margin\":\"\",\"fixed_width\":\"large\"},\"children\":[{\"name\":\"\",\"type\":\"column\",\"props\":{\"image_position\":\"center-center\",\"widths\":[\"1-1\"]},\"children\":[{\"name\":\"\",\"type\":\"headline\",\"props\":{\"title_element\":\"h2\",\"content\":\"Zasilacze Alfatronix\",\"text_align\":\"center\",\"text_align_fallback\":\"center\",\"maxwidth_align\":\"center\",\"maxwidth\":\"\",\"title_style\":\"h2\",\"title_decoration\":\"\",\"margin\":\"\"}},{\"name\":\"\",\"type\":\"divider\",\"props\":{\"divider_element\":\"hr\"}}]}]},{\"name\":\"\",\"type\":\"row\",\"props\":{\"fixed_width\":\"large\",\"breakpoint\":\"m\",\"layout\":\",2-3\",\"margin\":\"medium\"},\"children\":[{\"name\":\"\",\"type\":\"column\",\"props\":{\"widths\":[\"\"],\"image_position\":\"center-center\"},\"children\":[{\"name\":\"\",\"type\":\"image\",\"props\":{\"margin\":\"default\",\"image\":\"wp-content\\\/uploads\\\/Zasilacze.jpg\",\"image_width\":\"300\",\"image_box_shadow\":\"\",\"image_border\":\"rounded\",\"link_target\":\"\",\"image_hover_box_shadow\":\"\",\"image_box_decoration\":\"\",\"text_align\":\"\",\"text_align_breakpoint\":\"\",\"text_align_fallback\":\"\",\"maxwidth\":\"\",\"maxwidth_align\":\"\",\"maxwidth_breakpoint\":\"\",\"animation\":\"\",\"visibility\":\"\"}},{\"type\":\"button\",\"props\":{\"gutter\":\"small\",\"margin\":\"default\",\"button_size\":\"\",\"text_align\":\"center\",\"text_align_breakpoint\":\"\",\"text_align_fallback\":\"\",\"maxwidth\":\"\",\"maxwidth_align\":\"\",\"maxwidth_breakpoint\":\"\",\"animation\":\"\",\"visibility\":\"\"},\"children\":[{\"type\":\"button_item\",\"props\":{\"button_style\":\"default\",\"icon_align\":\"left\",\"link_target\":\"\",\"content\":\"BROSZURA\",\"link\":\"https:\\\/\\\/f30d9faa-6358-4e26-91c0-b2eee3c82f29.filesusr.com\\\/ugd\\\/95f6b1_062516ab78f54ec4917c3c9df4d061a2.pdf?index=true\"}}]}]},{\"name\":\"\",\"type\":\"column\",\"props\":{\"widths\":[\"2-3\"],\"image_position\":\"center-center\"},\"children\":[{\"name\":\"\",\"type\":\"text\",\"props\":{\"column_breakpoint\":\"m\",\"margin\":\"medium\",\"content\":\"\n\n<p><strong>ZASILACZE SIECIOWE W KONFIGURACJACH 12V, 24V i 48V<\\\/strong><\\\/p>\\n\n\n<p>Urz\\u0105dzenia serii AD mog\\u0105 by\\u0107 stosowane do zasilania ruchomych odbiornik\\u00f3w radiowych i innych urz\\u0105dze\\u0144 z sieci zasilaj\\u0105cej pr\\u0105dem zmiennym, stosowanych w biurach, kabinach przeno\\u015bnych, kabinach komunikacyjnych, centralach telefonicznych, zdalnych stanowiskach antenowych, na statkach, platformach wiertniczych itp. Urz\\u0105dzenia te b\\u0119d\\u0105 obs\\u0142ugiwa\\u0107 europejskie wej\\u015bcia 230Vac lub US 115Vac i s\\u0105 dost\\u0119pne w standardzie w konfiguracjach wyj\\u015bciowych 12V, 24V i 48V. Wej\\u015bcie odbywa si\\u0119 poprzez standardowy kabel zasilaj\\u0105cy IEC-320 C13\\\/14 z wtyczk\\u0105 sieciow\\u0105 europejsk\\u0105.\\u00a0<\\\/p>\\n\n\n<p><strong>SZYBKA INSTALACJA<\\\/strong><\\\/p>\\n\n\n<p>Nie ma nic gorszego ni\\u017c zasilacz le\\u017c\\u0105cy na pod\\u0142odze. Klips monta\\u017cowy w kszta\\u0142cie litery T, wsp\\u00f3lny dla wielu produkt\\u00f3w Alfatronix, pozwala na szybk\\u0105 i prost\\u0105 instalacj\\u0119 zasilaczy w wielu miejscach, np. pod biurkiem lub na \\u015bcianie. Trzypunktowy klips \\\"T\\\" mo\\u017ce by\\u0107 pewnie zamocowany, nawet na nier\\u00f3wnych powierzchniach.<\\\/p>\\n\n\n<p><br \\\/><strong>WYMAGANE JEST \\u0141ADOWANIE AKUMULATORA?<\\\/strong><\\\/p>\\n\n\n<p>\\u0141adowarka akumulatorowa o sta\\u0142ym napi\\u0119ciu jest dost\\u0119pna r\\u00f3wnie\\u017c z dodatkowym akumulatorem; akumulator P\\\/N AD BB.<\\\/p>\\n\n\n<p><br \\\/><strong>PE\\u0141NA OCHRONA OBWODOWA<\\\/strong><\\\/p>\\n\n\n<p>Zasilacze z serii AD posiadaj\\u0105 zabezpieczenie przed stanami przej\\u015bciowymi, przeci\\u0105\\u017ceniem i przegrzaniem, zapewniaj\\u0105ce niezawodn\\u0105 prac\\u0119 nawet w najtrudniejszych warunkach.<\\\/p>\\n\n\n<p>\\u00a0<\\\/p>\",\"animation\":\"slide-left-medium\",\"text_align\":\"justify\",\"text_align_breakpoint\":\"m\",\"text_align_fallback\":\"center\",\"text_size\":\"\",\"maxwidth\":\"xxlarge\",\"text_style\":\"\",\"text_color\":\"\",\"column\":\"\",\"maxwidth_align\":\"\",\"maxwidth_breakpoint\":\"\",\"visibility\":\"\"}}]}]}]},{\"type\":\"section\",\"props\":{\"style\":\"default\",\"width\":\"default\",\"vertical_align\":\"middle\",\"title_position\":\"top-left\",\"title_rotation\":\"left\",\"title_breakpoint\":\"xl\",\"image_position\":\"center-center\",\"text_color\":\"\",\"width_expand\":\"\",\"height\":\"\",\"padding\":\"\",\"header_transparent\":\"\",\"animation\":\"\"},\"children\":[{\"type\":\"row\",\"props\":{\"layout\":\"1-1\",\"breakpoint\":\"m\",\"fixed_width\":\"large\",\"gutter\":\"\",\"width\":\"\",\"width_expand\":\"\",\"height\":\"\",\"margin\":\"\"},\"children\":[{\"type\":\"column\",\"props\":{\"widths\":[\"1-1\"],\"image_position\":\"center-center\",\"media_overlay_gradient\":\"\",\"vertical_align\":\"\",\"style\":\"\",\"text_color\":\"\",\"padding\":\"\"},\"children\":[{\"type\":\"text\",\"props\":{\"margin\":\"default\",\"column_breakpoint\":\"m\",\"text_style\":\"\",\"text_color\":\"\",\"text_size\":\"\",\"column\":\"\",\"text_align\":\"\",\"text_align_breakpoint\":\"\",\"text_align_fallback\":\"\",\"maxwidth\":\"\",\"maxwidth_align\":\"\",\"maxwidth_breakpoint\":\"\",\"animation\":\"\",\"visibility\":\"\",\"content\":\"\n\n<p><strong>DANE TECHNICZNE\\u00a0<\\\/strong><\\\/p>\\n\n\n<p><strong>Zakres napi\\u0119cia wej\\u015bciowego<\\\/strong> Auto-Select, 85-135Vac i 170-265Vac, 50\\\/60Hz<br \\\/><strong>Napi\\u0119cie wyj\\u015bciowe<\\\/strong> 13,6Vdc, 27,2Vdc lub 54,4Vdc, zgodnie z zam\\u00f3wieniem . Najgorsze warto\\u015bci graniczne wynosz\\u0105 +\\\/- 4%.<br \\\/><strong>Ha\\u0142as wyj\\u015bciowy<\\\/strong> &lt;50mV pk-pk przy obci\\u0105\\u017ceniu ci\\u0105g\\u0142ym<br \\\/><strong>Wydajno\\u015b\\u0107 konwersji mocy<\\\/strong> Typowo 85%<br \\\/><strong>Izolacja pomi\\u0119dzy wej\\u015bciem a obudow\\u0105\\\/wyj\\u015bciem Izolacja obudowy do masy<\\\/strong> 1.5kVac\\\/3.0kVac rms,<br \\\/><strong>Normalna temperatura pracy<\\\/strong> -25\\u00baC do +30\\u00baC, aby spe\\u0142ni\\u0107 wymagania niniejszej tabeli specyfikacji<br \\\/>+30\\u00baC do +70\\u00baC liniowo do 0A<br \\\/><strong>Temperatura przechowywania<\\\/strong> -25\\u00baC do +100\\u00baC<br \\\/><strong>Maksymalna temperatura obudowy<\\\/strong> 70\\u00baC przy pe\\u0142nym obci\\u0105\\u017ceniu i 25\\u00baC otoczenia<br \\\/><strong>Wilgotno\\u015b\\u0107 robocza<\\\/strong> maks. 95%, bez kondensacji<br \\\/><strong>Obudowa<\\\/strong> Aluminium anodowane, poliw\\u0119glan wype\\u0142niony szk\\u0142em<br \\\/><strong>Po\\u0142\\u0105czenia:<\\\/strong><br \\\/><strong>Wej\\u015bcie <\\\/strong>Gniazdo IEC-320 C14, zestaw przewod\\u00f3w zako\\u0144czony C13<br \\\/><strong>Wyj\\u015bcie <\\\/strong>6,3 mm zaciski do wsuwania \\u0142opatek<br \\\/><strong>Uziemienie\\u00a0 <\\\/strong>6,3 mm zaciski \\u0142opatek dociskowych, przylegaj\\u0105ce do wej\\u015bcia (w razie potrzeby dodatkowa masa zewn\\u0119trzna)<br \\\/><strong>Wska\\u017anik wyj\\u015bciowy<\\\/strong> Zielona dioda LED przylegaj\\u0105ca do zacisk\\u00f3w wyj\\u015bciowych<br \\\/><strong>Metoda monta\\u017cu<\\\/strong> \\\"Click 'n' Fit\\\" klips monta\\u017cowy lub gumowe n\\u00f3\\u017cki. Dost\\u0119pne s\\u0105 klipsy do szyn DIN.<br \\\/><strong>Bezpieczna ochrona obszaru:<\\\/strong><br \\\/><strong>Nad pr\\u0105dem<\\\/strong> Ograniczony przez obw\\u00f3d detekcji pr\\u0105du<br \\\/><strong>Nadmiar ciep\\u0142a<\\\/strong> Ograniczony przez obw\\u00f3d czujnikowy temperatury<br \\\/><strong>Wyj\\u015bcie nadnapi\\u0119ciowe<\\\/strong> Chronione przez niezale\\u017cny obw\\u00f3d wy\\u0142\\u0105czaj\\u0105cy<br \\\/><strong>Awaria\\u00a0<\\\/strong> Chroniona przez bezpieczniki wej\\u015bciowe i wyj\\u015bciowe<br \\\/><strong>Dopuszczenia<\\\/strong> 2014\\\/30\\\/UE Og\\u00f3lna dyrektywa w sprawie kompatybilno\\u015bci elektromagnetycznej<br \\\/>2014\\\/35\\\/UE Dyrektywa w sprawie niskiego napi\\u0119cia<br \\\/>93\\\/68\\\/EWG Dyrektywa w sprawie oznakowania CE<br \\\/><strong>Testowane zgodnie z normami<\\\/strong> EN60950, EN55022, EN61204-3.<br \\\/><strong>Oznaczenie<\\\/strong> CE<\\\/p>\\n\n\n<p>\\u00a0<\\\/p>\"}}]}]}]}],\"props\":[],\"version\":\"1.18.0\"} --><\/p>\n","protected":false},"excerpt":{"rendered":"<p>Zasilacze Alfatronix BROSZURA ZASILACZE SIECIOWE W KONFIGURACJACH 12V, 24V i 48V Urz\u0105dzenia serii AD mog\u0105 by\u0107 stosowane do zasilania ruchomych odbiornik\u00f3w radiowych i innych urz\u0105dze\u0144 z sieci zasilaj\u0105cej pr\u0105dem zmiennym, stosowanych w biurach, kabinach przeno\u015bnych, kabinach komunikacyjnych, centralach telefonicznych, zdalnych stanowiskach antenowych, na statkach, platformach wiertniczych itp. Urz\u0105dzenia te b\u0119d\u0105 obs\u0142ugiwa\u0107 europejskie wej\u015bcia 230Vac lub [&hellip;]<\/p>\n","protected":false},"author":6,"featured_media":0,"parent":0,"menu_order":0,"comment_status":"closed","ping_status":"closed","template":"","meta":{"footnotes":""},"class_list":["post-3352","page","type-page","status-publish","hentry"],"yoast_head":"<!-- This site is optimized with the Yoast SEO plugin v27.5 - https:\/\/yoast.com\/product\/yoast-seo-wordpress\/ -->\n<title>Zasilacze Alfatronix - ESCORT TECHNOLOGY<\/title>\n<meta name=\"robots\" content=\"index, follow, max-snippet:-1, max-image-preview:large, max-video-preview:-1\" \/>\n<link rel=\"canonical\" href=\"https:\/\/escort-technology.com\/en\/zasilacze-alfatronix\/\" \/>\n<meta property=\"og:locale\" content=\"en_US\" \/>\n<meta property=\"og:type\" content=\"article\" \/>\n<meta property=\"og:title\" content=\"Zasilacze Alfatronix - ESCORT TECHNOLOGY\" \/>\n<meta property=\"og:description\" content=\"Zasilacze Alfatronix BROSZURA ZASILACZE SIECIOWE W KONFIGURACJACH 12V, 24V i 48V Urz\u0105dzenia serii AD mog\u0105 by\u0107 stosowane do zasilania ruchomych odbiornik\u00f3w radiowych i innych urz\u0105dze\u0144 z sieci zasilaj\u0105cej pr\u0105dem zmiennym, stosowanych w biurach, kabinach przeno\u015bnych, kabinach komunikacyjnych, centralach telefonicznych, zdalnych stanowiskach antenowych, na statkach, platformach wiertniczych itp. Urz\u0105dzenia te b\u0119d\u0105 obs\u0142ugiwa\u0107 europejskie wej\u015bcia 230Vac lub [&hellip;]\" \/>\n<meta property=\"og:url\" content=\"https:\/\/escort-technology.com\/en\/zasilacze-alfatronix\/\" \/>\n<meta property=\"og:site_name\" content=\"ESCORT TECHNOLOGY\" \/>\n<meta property=\"article:publisher\" content=\"https:\/\/www.facebook.com\/elektronika.morska\/\" \/>\n<meta property=\"article:modified_time\" content=\"2020-09-02T12:42:51+00:00\" \/>\n<meta property=\"og:image\" content=\"http:\/\/wp-content\/uploads\/Zasilacze.jpg\" \/>\n<meta name=\"twitter:card\" content=\"summary_large_image\" \/>\n<meta name=\"twitter:label1\" content=\"Est. reading time\" \/>\n\t<meta name=\"twitter:data1\" content=\"2 minutes\" \/>\n<script type=\"application\/ld+json\" class=\"yoast-schema-graph\">{\"@context\":\"https:\\\/\\\/schema.org\",\"@graph\":[{\"@type\":\"WebPage\",\"@id\":\"https:\\\/\\\/escort-technology.com\\\/pl\\\/zasilacze-alfatronix\\\/\",\"url\":\"https:\\\/\\\/escort-technology.com\\\/pl\\\/zasilacze-alfatronix\\\/\",\"name\":\"Zasilacze Alfatronix - ESCORT TECHNOLOGY\",\"isPartOf\":{\"@id\":\"http:\\\/\\\/escort-technology.com\\\/de\\\/#website\"},\"datePublished\":\"2018-05-08T11:26:02+00:00\",\"dateModified\":\"2020-09-02T12:42:51+00:00\",\"breadcrumb\":{\"@id\":\"https:\\\/\\\/escort-technology.com\\\/pl\\\/zasilacze-alfatronix\\\/#breadcrumb\"},\"inLanguage\":\"en-US\",\"potentialAction\":[{\"@type\":\"ReadAction\",\"target\":[\"https:\\\/\\\/escort-technology.com\\\/pl\\\/zasilacze-alfatronix\\\/\"]}]},{\"@type\":\"BreadcrumbList\",\"@id\":\"https:\\\/\\\/escort-technology.com\\\/pl\\\/zasilacze-alfatronix\\\/#breadcrumb\",\"itemListElement\":[{\"@type\":\"ListItem\",\"position\":1,\"name\":\"Strona g\u0142\u00f3wna\",\"item\":\"https:\\\/\\\/escort-technology.com\\\/\"},{\"@type\":\"ListItem\",\"position\":2,\"name\":\"Zasilacze Alfatronix\"}]},{\"@type\":\"WebSite\",\"@id\":\"http:\\\/\\\/escort-technology.com\\\/de\\\/#website\",\"url\":\"http:\\\/\\\/escort-technology.com\\\/de\\\/\",\"name\":\"ESCORT TECHNOLOGY\",\"description\":\"Elektronika morska i l\u0105dowa\",\"publisher\":{\"@id\":\"http:\\\/\\\/escort-technology.com\\\/de\\\/#organization\"},\"potentialAction\":[{\"@type\":\"SearchAction\",\"target\":{\"@type\":\"EntryPoint\",\"urlTemplate\":\"http:\\\/\\\/escort-technology.com\\\/de\\\/?s={search_term_string}\"},\"query-input\":{\"@type\":\"PropertyValueSpecification\",\"valueRequired\":true,\"valueName\":\"search_term_string\"}}],\"inLanguage\":\"en-US\"},{\"@type\":\"Organization\",\"@id\":\"http:\\\/\\\/escort-technology.com\\\/de\\\/#organization\",\"name\":\"ESCORT TECHNOLOGY\",\"url\":\"http:\\\/\\\/escort-technology.com\\\/de\\\/\",\"logo\":{\"@type\":\"ImageObject\",\"inLanguage\":\"en-US\",\"@id\":\"http:\\\/\\\/escort-technology.com\\\/de\\\/#\\\/schema\\\/logo\\\/image\\\/\",\"url\":\"https:\\\/\\\/escort-technology.com\\\/wp-content\\\/uploads\\\/logo-1.jpg\",\"contentUrl\":\"https:\\\/\\\/escort-technology.com\\\/wp-content\\\/uploads\\\/logo-1.jpg\",\"width\":600,\"height\":165,\"caption\":\"ESCORT TECHNOLOGY\"},\"image\":{\"@id\":\"http:\\\/\\\/escort-technology.com\\\/de\\\/#\\\/schema\\\/logo\\\/image\\\/\"},\"sameAs\":[\"https:\\\/\\\/www.facebook.com\\\/elektronika.morska\\\/\",\"https:\\\/\\\/www.linkedin.com\\\/company\\\/escort-sp-z-o-o-\\\/\"]}]}<\/script>\n<!-- \/ Yoast SEO plugin. -->","yoast_head_json":{"title":"Zasilacze Alfatronix - ESCORT TECHNOLOGY","robots":{"index":"index","follow":"follow","max-snippet":"max-snippet:-1","max-image-preview":"max-image-preview:large","max-video-preview":"max-video-preview:-1"},"canonical":"https:\/\/escort-technology.com\/en\/zasilacze-alfatronix\/","og_locale":"en_US","og_type":"article","og_title":"Zasilacze Alfatronix - ESCORT TECHNOLOGY","og_description":"Zasilacze Alfatronix BROSZURA ZASILACZE SIECIOWE W KONFIGURACJACH 12V, 24V i 48V Urz\u0105dzenia serii AD mog\u0105 by\u0107 stosowane do zasilania ruchomych odbiornik\u00f3w radiowych i innych urz\u0105dze\u0144 z sieci zasilaj\u0105cej pr\u0105dem zmiennym, stosowanych w biurach, kabinach przeno\u015bnych, kabinach komunikacyjnych, centralach telefonicznych, zdalnych stanowiskach antenowych, na statkach, platformach wiertniczych itp. Urz\u0105dzenia te b\u0119d\u0105 obs\u0142ugiwa\u0107 europejskie wej\u015bcia 230Vac lub [&hellip;]","og_url":"https:\/\/escort-technology.com\/en\/zasilacze-alfatronix\/","og_site_name":"ESCORT TECHNOLOGY","article_publisher":"https:\/\/www.facebook.com\/elektronika.morska\/","article_modified_time":"2020-09-02T12:42:51+00:00","og_image":[{"url":"wp-content\/uploads\/Zasilacze.jpg","type":"","width":"","height":""}],"twitter_card":"summary_large_image","twitter_misc":{"Est. reading time":"2 minutes"},"schema":{"@context":"https:\/\/schema.org","@graph":[{"@type":"WebPage","@id":"https:\/\/escort-technology.com\/pl\/zasilacze-alfatronix\/","url":"https:\/\/escort-technology.com\/pl\/zasilacze-alfatronix\/","name":"Zasilacze Alfatronix - ESCORT TECHNOLOGY","isPartOf":{"@id":"http:\/\/escort-technology.com\/de\/#website"},"datePublished":"2018-05-08T11:26:02+00:00","dateModified":"2020-09-02T12:42:51+00:00","breadcrumb":{"@id":"https:\/\/escort-technology.com\/pl\/zasilacze-alfatronix\/#breadcrumb"},"inLanguage":"en-US","potentialAction":[{"@type":"ReadAction","target":["https:\/\/escort-technology.com\/pl\/zasilacze-alfatronix\/"]}]},{"@type":"BreadcrumbList","@id":"https:\/\/escort-technology.com\/pl\/zasilacze-alfatronix\/#breadcrumb","itemListElement":[{"@type":"ListItem","position":1,"name":"Strona g\u0142\u00f3wna","item":"https:\/\/escort-technology.com\/"},{"@type":"ListItem","position":2,"name":"Zasilacze Alfatronix"}]},{"@type":"WebSite","@id":"http:\/\/escort-technology.com\/de\/#website","url":"http:\/\/escort-technology.com\/de\/","name":"ESCORT TECHNOLOGY","description":"Onshore and offshore electronics","publisher":{"@id":"http:\/\/escort-technology.com\/de\/#organization"},"potentialAction":[{"@type":"SearchAction","target":{"@type":"EntryPoint","urlTemplate":"http:\/\/escort-technology.com\/de\/?s={search_term_string}"},"query-input":{"@type":"PropertyValueSpecification","valueRequired":true,"valueName":"search_term_string"}}],"inLanguage":"en-US"},{"@type":"Organization","@id":"http:\/\/escort-technology.com\/de\/#organization","name":"ESCORT TECHNOLOGY","url":"http:\/\/escort-technology.com\/de\/","logo":{"@type":"ImageObject","inLanguage":"en-US","@id":"http:\/\/escort-technology.com\/de\/#\/schema\/logo\/image\/","url":"https:\/\/escort-technology.com\/wp-content\/uploads\/logo-1.jpg","contentUrl":"https:\/\/escort-technology.com\/wp-content\/uploads\/logo-1.jpg","width":600,"height":165,"caption":"ESCORT TECHNOLOGY"},"image":{"@id":"http:\/\/escort-technology.com\/de\/#\/schema\/logo\/image\/"},"sameAs":["https:\/\/www.facebook.com\/elektronika.morska\/","https:\/\/www.linkedin.com\/company\/escort-sp-z-o-o-\/"]}]}},"_links":{"self":[{"href":"https:\/\/escort-technology.com\/en\/wp-json\/wp\/v2\/pages\/3352","targetHints":{"allow":["GET"]}}],"collection":[{"href":"https:\/\/escort-technology.com\/en\/wp-json\/wp\/v2\/pages"}],"about":[{"href":"https:\/\/escort-technology.com\/en\/wp-json\/wp\/v2\/types\/page"}],"author":[{"embeddable":true,"href":"https:\/\/escort-technology.com\/en\/wp-json\/wp\/v2\/users\/6"}],"replies":[{"embeddable":true,"href":"https:\/\/escort-technology.com\/en\/wp-json\/wp\/v2\/comments?post=3352"}],"version-history":[{"count":10,"href":"https:\/\/escort-technology.com\/en\/wp-json\/wp\/v2\/pages\/3352\/revisions"}],"predecessor-version":[{"id":6862,"href":"https:\/\/escort-technology.com\/en\/wp-json\/wp\/v2\/pages\/3352\/revisions\/6862"}],"wp:attachment":[{"href":"https:\/\/escort-technology.com\/en\/wp-json\/wp\/v2\/media?parent=3352"}],"curies":[{"name":"wp","href":"https:\/\/api.w.org\/{rel}","templated":true}]}}