{"id":3568,"date":"2018-05-09T12:14:57","date_gmt":"2018-05-09T12:14:57","guid":{"rendered":"http:\/\/escort-technology.com\/?page_id=3568"},"modified":"2018-05-11T07:33:46","modified_gmt":"2018-05-11T07:33:46","slug":"echosonda-szerokopasmowa-koden-cvs-1410b","status":"publish","type":"page","link":"https:\/\/escort-technology.com\/en\/echosonda-szerokopasmowa-koden-cvs-1410b\/","title":{"rendered":"Echosonda szerokopasmowa KODEN CVS 1410B"},"content":{"rendered":"<p>Echosonda szerokopasmowa KODEN CVS 1410B<\/p>\n<p>W\u0142a\u015bciwo\u015bci<\/p>\n<p>\u00a0<\/p>\n<p>\u00a0<\/p>\n<p>\u30fb<\/p>\n<p>Wyb\u00f3r dw\u00f3ch cz\u0119stotliwo\u015bci\u00a0<\/p>\n<p>\u00a0<\/p>\n<p>Dost\u0119pne s\u0105 dwa typy szerokopasmowego przetwornika.<br \/>\nCz\u0119stotliwo\u015b\u0107 mo\u017ce by\u0107 zmieniana podczas pracy w zakresie:  TDM-071: 38 do 75 kHz TDM-091D : 42 do 65 kHz, 130 do 210 kHz Zmiana cz\u0119stotliwo\u015bci co \u00a00.1kHz<br \/>\nZmiana cz\u0119stotliwo\u015bci pozwalaj\u0105 na omini\u0119cie oddzia\u0142ywania zak\u0142\u00f3ce\u0144\u00a0 od echosond znajduj\u0105cych si\u0119 na innych statkach<\/p>\n<p>\u00a0<\/p>\n<p>\u30fb<\/p>\n<p>Technologia cyfrowego filtrowania (KDF&#x2122;)<\/p>\n<p>\u00a0<\/p>\n<p>Technologia cyfrowego filtrowania \u00a0zapewnia niski poziom szum\u00f3w, wysok\u0105 rozdzielczo\u015b\u0107 oraz lepsz\u0105 wykrywalno\u015b\u0107 obiekt\u00f3w.\u00a0<\/p>\n<p>\u00a0<\/p>\n<p>\u30fb<\/p>\n<p>Wy\u015bwietlanie skanowanego obszaru\u00a0<\/p>\n<p>\u00a0<\/p>\n<p>Echosonda wy\u015bwietla obszar sondowania zar\u00f3wno niskiej jak i wysokiej cz\u0119stotliwo\u015bci. Pozwalaj\u0105c na lepsz\u0105 lokalizacj\u0119 ryby wzgl\u0119dem w\u0142asnej \u0142odzi. \u00a0<\/p>\n<p>\u00a0<\/p>\n<p>\u30fb<\/p>\n<p>Przechowywanie obiekt\u00f3w\u00a0<\/p>\n<p>\u00a0<\/p>\n<p>Przechowywanie do 10 obraz\u00f3w w pami\u0119ci urz\u0105dzenia<\/p>\n<p>\u00a0<\/p>\n<p>\u30fb<\/p>\n<p>Sona-Tone&#x2122;<\/p>\n<p>\u00a0<\/p>\n<p>Funkcja Sona-Tone pozwala na identyfikacje d\u017awi\u0119kow\u0105 odczytanego echa. Ze zmian\u0105 tonu w zale\u017cno\u015bci od rodzaju obiektu tj. ryby czy \u0142awicy ryb. \u00a0<\/p>\n<p>\u00a0<\/p>\n<p>\u00a0<\/p>\n<p>Specyfikacja:<\/p>\n<p>\u00a0<\/p>\n<p>\u00a0<\/p>\n<p>G\u0142\u00f3wne funkcje<\/p>\n<p>Zoom, Auto, A-scope, Kolor t\u0142a: 64, 16, 8 kolor\u00f3w, Ekran detekcji akwenu, Zapisywanie obrazu, Obszar po\u0142owo\u00f3w, Tony d\u017awiekowe, Informacje o rybach<\/p>\n<p>Podstawowe zasi\u0119gi<\/p>\n<p>2.5 to 2000 m  2.5 to 1100 Fathom\/ Italian Fathom<\/p>\n<p>Moc wyj\u015bciowa (RMS)<\/p>\n<p>2 kW<\/p>\n<p>Cz\u0119stotliwo\u015b\u0107 wyj\u015bciowa<\/p>\n<p>38 do 75kHz\u00a0<br \/>\n42 do 65kHz i 130 do 210kHz<\/p>\n<p>Klasa wodoodporno\u015bci<\/p>\n<p>IPX5<\/p>\n<p>Wymiary<\/p>\n<p>333(w) x 364(sz) x 175(g\u0142) mm<\/p>\n<p>Waga<\/p>\n<p>7.5 kg<\/p>\n<p>\u0179r\u00f3d\u0142o zasilania<\/p>\n<p>10.8 to 31.2 VDC<\/p>\n<p>BROSZURA<\/p>\n<p><!-- {\"name\":\"\",\"type\":\"layout\",\"children\":[{\"name\":\"ANTENA\",\"type\":\"section\",\"props\":{\"width\":\"default\",\"padding\":\"xsmall\",\"style\":\"default\",\"text_color\":\"\",\"media\":\"\",\"height_viewport\":false,\"header_overlay\":\"light\",\"animation\":\"slide-top-medium\",\"padding_remove_top\":false,\"image_size\":\"cover\",\"image\":\"\",\"image_position\":\"bottom-center\",\"image_fixed\":false,\"class\":\"\",\"overlap\":true,\"vertical_align\":\"middle\",\"title_position\":\"top-left\",\"title_rotation\":\"left\",\"title_breakpoint\":\"xl\"},\"children\":[{\"name\":\"\",\"type\":\"row\",\"props\":{\"layout\":\"1-1\",\"breakpoint\":\"m\",\"margin\":\"\",\"fixed_width\":\"large\"},\"children\":[{\"name\":\"\",\"type\":\"column\",\"props\":{\"image_position\":\"center-center\",\"widths\":[\"1-1\"]},\"children\":[{\"name\":\"\",\"type\":\"headline\",\"props\":{\"title_element\":\"h2\",\"content\":\"Echosonda szerokopasmowa KODEN CVS 1410B\",\"text_align\":\"center\",\"text_align_fallback\":\"center\",\"maxwidth_align\":\"center\",\"maxwidth\":\"\",\"title_style\":\"h2\",\"title_decoration\":\"\",\"margin\":\"\"}},{\"name\":\"\",\"type\":\"divider\",\"props\":{\"divider_element\":\"hr\"}}]}]},{\"name\":\"\",\"type\":\"row\",\"props\":{\"fixed_width\":\"large\",\"breakpoint\":\"m\",\"layout\":\",2-3\",\"margin\":\"medium\"},\"children\":[{\"name\":\"\",\"type\":\"column\",\"props\":{\"widths\":[\"\"],\"image_position\":\"center-center\"},\"children\":[{\"name\":\"\",\"type\":\"image\",\"props\":{\"margin\":\"default\",\"image\":\"wp-content\\\/uploads\\\/cvs-1410-1.jpg\",\"image_width\":\"200\",\"image_box_shadow\":\"\",\"image_border\":\"rounded\",\"text_align\":\"center\"}},{\"name\":\"\",\"type\":\"image\",\"props\":{\"margin\":\"default\",\"image\":\"wp-content\\\/uploads\\\/tab13.jpg\",\"image_width\":\"100\"}},{\"name\":\"\",\"type\":\"image\",\"props\":{\"margin\":\"default\",\"image\":\"wp-content\\\/uploads\\\/cvs-1410_02-1.jpg\",\"image_width\":\"200\",\"image_box_shadow\":\"\",\"image_border\":\"rounded\",\"text_align\":\"center\"}}]},{\"name\":\"\",\"type\":\"column\",\"props\":{\"widths\":[\"2-3\"],\"image_position\":\"center-center\"},\"children\":[{\"name\":\"\",\"type\":\"text\",\"props\":{\"margin\":\"default\",\"column_breakpoint\":\"m\",\"content\":\"\n\n<table>\\n\n\n<tbody>\\n\n\n<tr>\\n\n\n<td width=\\\"585\\\">\\n\n\n<p><strong>W\\u0142a\\u015bciwo\\u015bci<\\\/strong><\\\/p>\\n<\\\/td>\\n<\\\/tr>\\n\n\n<tr>\\n\n\n<td width=\\\"585\\\">\\u00a0<\\\/td>\\n<\\\/tr>\\n\n\n<tr>\\n\n\n<td width=\\\"585\\\">\\n\n\n<table>\\n\n\n<tbody>\\n\n\n<tr>\\n\n\n<td width=\\\"12\\\">\\u00a0<\\\/td>\\n\n\n<td width=\\\"358\\\">\\n\n\n<table width=\\\"647\\\">\\n\n\n<tbody>\\n\n\n<tr>\\n\n\n<td width=\\\"29\\\">\\n\n\n<p>\\u30fb<\\\/p>\\n<\\\/td>\\n\n\n<td width=\\\"618\\\">\\n\n\n<p><strong>Wyb\\u00f3r dw\\u00f3ch cz\\u0119stotliwo\\u015bci\\u00a0<\\\/strong><\\\/p>\\n<\\\/td>\\n<\\\/tr>\\n\n\n<tr>\\n\n\n<td>\\n\n\n<p>\\u00a0<\\\/p>\\n<\\\/td>\\n\n\n<td>\\n\n\n<p>Dost\\u0119pne s\\u0105 dwa typy szerokopasmowego przetwornika.<\\\/p>\\n\n\n<p>Cz\\u0119stotliwo\\u015b\\u0107 mo\\u017ce by\\u0107 zmieniana podczas pracy w zakresie: <br \\\/> TDM-071: 38 do 75 kHz<br \\\/> TDM-091D : 42 do 65 kHz, 130 do 210 kHz<br \\\/> Zmiana cz\\u0119stotliwo\\u015bci co \\u00a00.1kHz<\\\/p>\\n\n\n<p>Zmiana cz\\u0119stotliwo\\u015bci pozwalaj\\u0105 na omini\\u0119cie oddzia\\u0142ywania zak\\u0142\\u00f3ce\\u0144\\u00a0 od echosond znajduj\\u0105cych si\\u0119 na innych statkach<\\\/p>\\n<\\\/td>\\n<\\\/tr>\\n\n\n<tr>\\n\n\n<td colspan=\\\"2\\\">\\u00a0<\\\/td>\\n<\\\/tr>\\n\n\n<tr>\\n\n\n<td>\\n\n\n<p>\\u30fb<\\\/p>\\n<\\\/td>\\n\n\n<td>\\n\n\n<p><strong>Technologia cyfrowego filtrowania (KDF\\u2122)<\\\/strong><\\\/p>\\n<\\\/td>\\n<\\\/tr>\\n\n\n<tr>\\n\n\n<td>\\n\n\n<p>\\u00a0<\\\/p>\\n<\\\/td>\\n\n\n<td>\\n\n\n<p>Technologia cyfrowego filtrowania \\u00a0zapewnia niski poziom szum\\u00f3w, wysok\\u0105 rozdzielczo\\u015b\\u0107 oraz lepsz\\u0105 wykrywalno\\u015b\\u0107 obiekt\\u00f3w.\\u00a0<\\\/p>\\n<\\\/td>\\n<\\\/tr>\\n\n\n<tr>\\n\n\n<td colspan=\\\"2\\\">\\u00a0<\\\/td>\\n<\\\/tr>\\n\n\n<tr>\\n\n\n<td>\\n\n\n<p>\\u30fb<\\\/p>\\n<\\\/td>\\n\n\n<td>\\n\n\n<p><strong>Wy\\u015bwietlanie skanowanego obszaru\\u00a0<\\\/strong><\\\/p>\\n<\\\/td>\\n<\\\/tr>\\n\n\n<tr>\\n\n\n<td>\\n\n\n<p>\\u00a0<\\\/p>\\n<\\\/td>\\n\n\n<td>\\n\n\n<p>Echosonda wy\\u015bwietla obszar sondowania zar\\u00f3wno niskiej jak i wysokiej cz\\u0119stotliwo\\u015bci. Pozwalaj\\u0105c na lepsz\\u0105 lokalizacj\\u0119 ryby wzgl\\u0119dem w\\u0142asnej \\u0142odzi. \\u00a0<\\\/p>\\n<\\\/td>\\n<\\\/tr>\\n\n\n<tr>\\n\n\n<td colspan=\\\"2\\\">\\u00a0<\\\/td>\\n<\\\/tr>\\n\n\n<tr>\\n\n\n<td>\\n\n\n<p>\\u30fb<\\\/p>\\n<\\\/td>\\n\n\n<td>\\n\n\n<p><strong>Przechowywanie obiekt\\u00f3w\\u00a0<\\\/strong><\\\/p>\\n<\\\/td>\\n<\\\/tr>\\n\n\n<tr>\\n\n\n<td>\\n\n\n<p>\\u00a0<\\\/p>\\n<\\\/td>\\n\n\n<td>\\n\n\n<p>Przechowywanie do 10 obraz\\u00f3w w pami\\u0119ci urz\\u0105dzenia<\\\/p>\\n<\\\/td>\\n<\\\/tr>\\n\n\n<tr>\\n\n\n<td colspan=\\\"2\\\">\\u00a0<\\\/td>\\n<\\\/tr>\\n\n\n<tr>\\n\n\n<td>\\n\n\n<p>\\u30fb<\\\/p>\\n<\\\/td>\\n\n\n<td>\\n\n\n<p><strong>Sona-Tone\\u2122<\\\/strong><\\\/p>\\n<\\\/td>\\n<\\\/tr>\\n\n\n<tr>\\n\n\n<td>\\n\n\n<p>\\u00a0<\\\/p>\\n<\\\/td>\\n\n\n<td>\\n\n\n<p>Funkcja Sona-Tone pozwala na identyfikacje d\\u017awi\\u0119kow\\u0105 odczytanego echa. Ze zmian\\u0105 tonu w zale\\u017cno\\u015bci od rodzaju obiektu tj. ryby czy \\u0142awicy ryb. \\u00a0<\\\/p>\\n<\\\/td>\\n<\\\/tr>\\n\n\n<tr>\\n\n\n<td colspan=\\\"2\\\">\\u00a0<\\\/td>\\n<\\\/tr>\\n<\\\/tbody>\\n<\\\/table>\\n<\\\/td>\\n<\\\/tr>\\n<\\\/tbody>\\n<\\\/table>\\n<\\\/td>\\n<\\\/tr>\\n\n\n<tr>\\n\n\n<td width=\\\"585\\\">\\u00a0<\\\/td>\\n<\\\/tr>\\n\n\n<tr>\\n\n\n<td width=\\\"585\\\">\\n\n\n<p><strong>Specyfikacja:<\\\/strong><\\\/p>\\n<\\\/td>\\n<\\\/tr>\\n\n\n<tr>\\n\n\n<td width=\\\"585\\\">\\u00a0<\\\/td>\\n<\\\/tr>\\n\n\n<tr>\\n\n\n<td width=\\\"585\\\">\\n\n\n<table>\\n\n\n<tbody>\\n\n\n<tr>\\n\n\n<td>\\u00a0<\\\/td>\\n\n\n<td>\\n\n\n<table width=\\\"595\\\">\\n\n\n<tbody>\\n\n\n<tr>\\n\n\n<td width=\\\"223\\\">\\n\n\n<p><strong>G\\u0142\\u00f3wne funkcje<\\\/strong><\\\/p>\\n<\\\/td>\\n\n\n<td width=\\\"371\\\">\\n\n\n<p>Zoom, Auto, A-scope, Kolor t\\u0142a: 64, 16, 8 kolor\\u00f3w, Ekran detekcji akwenu, Zapisywanie obrazu, Obszar po\\u0142owo\\u00f3w, Tony d\\u017awiekowe, Informacje o rybach<\\\/p>\\n<\\\/td>\\n<\\\/tr>\\n\n\n<tr>\\n\n\n<td>\\n\n\n<p><strong>Podstawowe zasi\\u0119gi<\\\/strong><\\\/p>\\n<\\\/td>\\n\n\n<td>\\n\n\n<p>2.5 to 2000 m<br \\\/> <br \\\/> 2.5 to 1100 Fathom\\\/ Italian Fathom<\\\/p>\\n<\\\/td>\\n<\\\/tr>\\n\n\n<tr>\\n\n\n<td width=\\\"223\\\">\\n\n\n<p><strong>Moc wyj\\u015bciowa (RMS)<\\\/strong><\\\/p>\\n<\\\/td>\\n\n\n<td width=\\\"371\\\">\\n\n\n<p>2 kW<\\\/p>\\n<\\\/td>\\n<\\\/tr>\\n\n\n<tr>\\n\n\n<td width=\\\"223\\\">\\n\n\n<p><strong>Cz\\u0119stotliwo\\u015b\\u0107 wyj\\u015bciowa<\\\/strong><\\\/p>\\n<\\\/td>\\n\n\n<td width=\\\"371\\\">\\n\n\n<p>38 do 75kHz\\u00a0<\\\/p>\\n\n\n<p>42 do 65kHz i 130 do 210kHz<\\\/p>\\n<\\\/td>\\n<\\\/tr>\\n\n\n<tr>\\n\n\n<td width=\\\"223\\\">\\n\n\n<p><strong>Klasa wodoodporno\\u015bci<\\\/strong><\\\/p>\\n<\\\/td>\\n\n\n<td width=\\\"371\\\">\\n\n\n<p>IPX5<\\\/p>\\n<\\\/td>\\n<\\\/tr>\\n\n\n<tr>\\n\n\n<td width=\\\"223\\\">\\n\n\n<p><strong>Wymiary<\\\/strong><\\\/p>\\n<\\\/td>\\n\n\n<td width=\\\"371\\\">\\n\n\n<p>333(w) x 364(sz) x 175(g\\u0142) mm<\\\/p>\\n<\\\/td>\\n<\\\/tr>\\n\n\n<tr>\\n\n\n<td width=\\\"223\\\">\\n\n\n<p><strong>Waga<\\\/strong><\\\/p>\\n<\\\/td>\\n\n\n<td width=\\\"371\\\">\\n\n\n<p>7.5 kg<\\\/p>\\n<\\\/td>\\n<\\\/tr>\\n\n\n<tr>\\n\n\n<td>\\n\n\n<p><strong>\\u0179r\\u00f3d\\u0142o zasilania<\\\/strong><\\\/p>\\n<\\\/td>\\n\n\n<td>\\n\n\n<p>10.8 to 31.2 VDC<\\\/p>\\n<\\\/td>\\n<\\\/tr>\\n<\\\/tbody>\\n<\\\/table>\\n<\\\/td>\\n<\\\/tr>\\n<\\\/tbody>\\n<\\\/table>\\n<\\\/td>\\n<\\\/tr>\\n<\\\/tbody>\\n<\\\/table>\"}}]}]},{\"name\":\"\",\"type\":\"row\",\"props\":{\"fixed_width\":\"large\",\"breakpoint\":\"m\",\"layout\":\"1-1\",\"margin\":\"large\"},\"children\":[{\"name\":\"\",\"type\":\"column\",\"props\":{\"image_position\":\"center-center\",\"widths\":[\"1-1\"]},\"children\":[{\"name\":\"\",\"type\":\"button\",\"props\":{\"gutter\":\"small\",\"inline_align\":\"center\",\"margin\":\"\",\"text_align\":\"center\",\"button_size\":\"large\",\"animation\":\"slide-bottom-medium\"},\"children\":[{\"name\":\"\",\"type\":\"button_item\",\"props\":{\"button_style\":\"secondary\",\"content\":\"BROSZURA\",\"link\":\"wp-content\\\/uploads\\\/Echosonda_szerokopasmowa_CVS-1410B-min.pdf\",\"link_title\":\"Explore More\",\"icon_align\":\"left\",\"link_target\":\"blank\"}}]}]}]}]}]} --><\/p>\n","protected":false},"excerpt":{"rendered":"<p>Echosonda szerokopasmowa KODEN CVS 1410B W\u0142a\u015bciwo\u015bci \u00a0 \u00a0 \u30fb Wyb\u00f3r dw\u00f3ch cz\u0119stotliwo\u015bci\u00a0 \u00a0 Dost\u0119pne s\u0105 dwa typy szerokopasmowego przetwornika. Cz\u0119stotliwo\u015b\u0107 mo\u017ce by\u0107 zmieniana podczas pracy w zakresie: TDM-071: 38 do 75 kHz TDM-091D : 42 do 65 kHz, 130 do 210 kHz Zmiana cz\u0119stotliwo\u015bci co \u00a00.1kHz Zmiana cz\u0119stotliwo\u015bci pozwalaj\u0105 na omini\u0119cie oddzia\u0142ywania zak\u0142\u00f3ce\u0144\u00a0 od echosond [&hellip;]<\/p>\n","protected":false},"author":6,"featured_media":0,"parent":0,"menu_order":0,"comment_status":"closed","ping_status":"closed","template":"","meta":{"footnotes":""},"class_list":["post-3568","page","type-page","status-publish","hentry"],"yoast_head":"<!-- This site is optimized with the Yoast SEO plugin v27.5 - https:\/\/yoast.com\/product\/yoast-seo-wordpress\/ -->\n<title>Echosonda szerokopasmowa KODEN CVS 1410B - ESCORT TECHNOLOGY<\/title>\n<meta name=\"robots\" content=\"index, follow, max-snippet:-1, max-image-preview:large, max-video-preview:-1\" \/>\n<link rel=\"canonical\" href=\"http:\/\/escort-technology.com\/en\/echosonda-szerokopasmowa-koden-cvs-1410b\/\" \/>\n<meta property=\"og:locale\" content=\"en_US\" \/>\n<meta property=\"og:type\" content=\"article\" \/>\n<meta property=\"og:title\" content=\"Echosonda szerokopasmowa KODEN CVS 1410B - ESCORT TECHNOLOGY\" \/>\n<meta property=\"og:description\" content=\"Echosonda szerokopasmowa KODEN CVS 1410B W\u0142a\u015bciwo\u015bci \u00a0 \u00a0 \u30fb Wyb\u00f3r dw\u00f3ch cz\u0119stotliwo\u015bci\u00a0 \u00a0 Dost\u0119pne s\u0105 dwa typy szerokopasmowego przetwornika. Cz\u0119stotliwo\u015b\u0107 mo\u017ce by\u0107 zmieniana podczas pracy w zakresie: TDM-071: 38 do 75 kHz TDM-091D : 42 do 65 kHz, 130 do 210 kHz Zmiana cz\u0119stotliwo\u015bci co \u00a00.1kHz Zmiana cz\u0119stotliwo\u015bci pozwalaj\u0105 na omini\u0119cie oddzia\u0142ywania zak\u0142\u00f3ce\u0144\u00a0 od echosond [&hellip;]\" \/>\n<meta property=\"og:url\" content=\"http:\/\/escort-technology.com\/en\/echosonda-szerokopasmowa-koden-cvs-1410b\/\" \/>\n<meta property=\"og:site_name\" content=\"ESCORT TECHNOLOGY\" \/>\n<meta property=\"article:publisher\" content=\"https:\/\/www.facebook.com\/elektronika.morska\/\" \/>\n<meta property=\"article:modified_time\" content=\"2018-05-11T07:33:46+00:00\" \/>\n<meta name=\"twitter:card\" content=\"summary_large_image\" \/>\n<meta name=\"twitter:label1\" content=\"Est. reading time\" \/>\n\t<meta name=\"twitter:data1\" content=\"1 minute\" \/>\n<script type=\"application\/ld+json\" class=\"yoast-schema-graph\">{\"@context\":\"https:\\\/\\\/schema.org\",\"@graph\":[{\"@type\":\"WebPage\",\"@id\":\"http:\\\/\\\/escort-technology.com\\\/pl\\\/echosonda-szerokopasmowa-koden-cvs-1410b\\\/\",\"url\":\"http:\\\/\\\/escort-technology.com\\\/pl\\\/echosonda-szerokopasmowa-koden-cvs-1410b\\\/\",\"name\":\"Echosonda szerokopasmowa KODEN CVS 1410B - ESCORT TECHNOLOGY\",\"isPartOf\":{\"@id\":\"http:\\\/\\\/escort-technology.com\\\/de\\\/#website\"},\"datePublished\":\"2018-05-09T12:14:57+00:00\",\"dateModified\":\"2018-05-11T07:33:46+00:00\",\"breadcrumb\":{\"@id\":\"http:\\\/\\\/escort-technology.com\\\/pl\\\/echosonda-szerokopasmowa-koden-cvs-1410b\\\/#breadcrumb\"},\"inLanguage\":\"en-US\",\"potentialAction\":[{\"@type\":\"ReadAction\",\"target\":[\"http:\\\/\\\/escort-technology.com\\\/pl\\\/echosonda-szerokopasmowa-koden-cvs-1410b\\\/\"]}]},{\"@type\":\"BreadcrumbList\",\"@id\":\"http:\\\/\\\/escort-technology.com\\\/pl\\\/echosonda-szerokopasmowa-koden-cvs-1410b\\\/#breadcrumb\",\"itemListElement\":[{\"@type\":\"ListItem\",\"position\":1,\"name\":\"Strona g\u0142\u00f3wna\",\"item\":\"https:\\\/\\\/escort-technology.com\\\/\"},{\"@type\":\"ListItem\",\"position\":2,\"name\":\"Echosonda szerokopasmowa KODEN CVS 1410B\"}]},{\"@type\":\"WebSite\",\"@id\":\"http:\\\/\\\/escort-technology.com\\\/de\\\/#website\",\"url\":\"http:\\\/\\\/escort-technology.com\\\/de\\\/\",\"name\":\"ESCORT TECHNOLOGY\",\"description\":\"Elektronika morska i l\u0105dowa\",\"publisher\":{\"@id\":\"http:\\\/\\\/escort-technology.com\\\/de\\\/#organization\"},\"potentialAction\":[{\"@type\":\"SearchAction\",\"target\":{\"@type\":\"EntryPoint\",\"urlTemplate\":\"http:\\\/\\\/escort-technology.com\\\/de\\\/?s={search_term_string}\"},\"query-input\":{\"@type\":\"PropertyValueSpecification\",\"valueRequired\":true,\"valueName\":\"search_term_string\"}}],\"inLanguage\":\"en-US\"},{\"@type\":\"Organization\",\"@id\":\"http:\\\/\\\/escort-technology.com\\\/de\\\/#organization\",\"name\":\"ESCORT TECHNOLOGY\",\"url\":\"http:\\\/\\\/escort-technology.com\\\/de\\\/\",\"logo\":{\"@type\":\"ImageObject\",\"inLanguage\":\"en-US\",\"@id\":\"http:\\\/\\\/escort-technology.com\\\/de\\\/#\\\/schema\\\/logo\\\/image\\\/\",\"url\":\"https:\\\/\\\/escort-technology.com\\\/wp-content\\\/uploads\\\/logo-1.jpg\",\"contentUrl\":\"https:\\\/\\\/escort-technology.com\\\/wp-content\\\/uploads\\\/logo-1.jpg\",\"width\":600,\"height\":165,\"caption\":\"ESCORT TECHNOLOGY\"},\"image\":{\"@id\":\"http:\\\/\\\/escort-technology.com\\\/de\\\/#\\\/schema\\\/logo\\\/image\\\/\"},\"sameAs\":[\"https:\\\/\\\/www.facebook.com\\\/elektronika.morska\\\/\",\"https:\\\/\\\/www.linkedin.com\\\/company\\\/escort-sp-z-o-o-\\\/\"]}]}<\/script>\n<!-- \/ Yoast SEO plugin. -->","yoast_head_json":{"title":"Echosonda szerokopasmowa KODEN CVS 1410B - ESCORT TECHNOLOGY","robots":{"index":"index","follow":"follow","max-snippet":"max-snippet:-1","max-image-preview":"max-image-preview:large","max-video-preview":"max-video-preview:-1"},"canonical":"http:\/\/escort-technology.com\/en\/echosonda-szerokopasmowa-koden-cvs-1410b\/","og_locale":"en_US","og_type":"article","og_title":"Echosonda szerokopasmowa KODEN CVS 1410B - ESCORT TECHNOLOGY","og_description":"Echosonda szerokopasmowa KODEN CVS 1410B W\u0142a\u015bciwo\u015bci \u00a0 \u00a0 \u30fb Wyb\u00f3r dw\u00f3ch cz\u0119stotliwo\u015bci\u00a0 \u00a0 Dost\u0119pne s\u0105 dwa typy szerokopasmowego przetwornika. Cz\u0119stotliwo\u015b\u0107 mo\u017ce by\u0107 zmieniana podczas pracy w zakresie: TDM-071: 38 do 75 kHz TDM-091D : 42 do 65 kHz, 130 do 210 kHz Zmiana cz\u0119stotliwo\u015bci co \u00a00.1kHz Zmiana cz\u0119stotliwo\u015bci pozwalaj\u0105 na omini\u0119cie oddzia\u0142ywania zak\u0142\u00f3ce\u0144\u00a0 od echosond [&hellip;]","og_url":"http:\/\/escort-technology.com\/en\/echosonda-szerokopasmowa-koden-cvs-1410b\/","og_site_name":"ESCORT TECHNOLOGY","article_publisher":"https:\/\/www.facebook.com\/elektronika.morska\/","article_modified_time":"2018-05-11T07:33:46+00:00","twitter_card":"summary_large_image","twitter_misc":{"Est. reading time":"1 minute"},"schema":{"@context":"https:\/\/schema.org","@graph":[{"@type":"WebPage","@id":"http:\/\/escort-technology.com\/pl\/echosonda-szerokopasmowa-koden-cvs-1410b\/","url":"http:\/\/escort-technology.com\/pl\/echosonda-szerokopasmowa-koden-cvs-1410b\/","name":"Echosonda szerokopasmowa KODEN CVS 1410B - ESCORT TECHNOLOGY","isPartOf":{"@id":"http:\/\/escort-technology.com\/de\/#website"},"datePublished":"2018-05-09T12:14:57+00:00","dateModified":"2018-05-11T07:33:46+00:00","breadcrumb":{"@id":"http:\/\/escort-technology.com\/pl\/echosonda-szerokopasmowa-koden-cvs-1410b\/#breadcrumb"},"inLanguage":"en-US","potentialAction":[{"@type":"ReadAction","target":["http:\/\/escort-technology.com\/pl\/echosonda-szerokopasmowa-koden-cvs-1410b\/"]}]},{"@type":"BreadcrumbList","@id":"http:\/\/escort-technology.com\/pl\/echosonda-szerokopasmowa-koden-cvs-1410b\/#breadcrumb","itemListElement":[{"@type":"ListItem","position":1,"name":"Strona g\u0142\u00f3wna","item":"https:\/\/escort-technology.com\/"},{"@type":"ListItem","position":2,"name":"Echosonda szerokopasmowa KODEN CVS 1410B"}]},{"@type":"WebSite","@id":"http:\/\/escort-technology.com\/de\/#website","url":"http:\/\/escort-technology.com\/de\/","name":"ESCORT TECHNOLOGY","description":"Onshore and offshore electronics","publisher":{"@id":"http:\/\/escort-technology.com\/de\/#organization"},"potentialAction":[{"@type":"SearchAction","target":{"@type":"EntryPoint","urlTemplate":"http:\/\/escort-technology.com\/de\/?s={search_term_string}"},"query-input":{"@type":"PropertyValueSpecification","valueRequired":true,"valueName":"search_term_string"}}],"inLanguage":"en-US"},{"@type":"Organization","@id":"http:\/\/escort-technology.com\/de\/#organization","name":"ESCORT TECHNOLOGY","url":"http:\/\/escort-technology.com\/de\/","logo":{"@type":"ImageObject","inLanguage":"en-US","@id":"http:\/\/escort-technology.com\/de\/#\/schema\/logo\/image\/","url":"https:\/\/escort-technology.com\/wp-content\/uploads\/logo-1.jpg","contentUrl":"https:\/\/escort-technology.com\/wp-content\/uploads\/logo-1.jpg","width":600,"height":165,"caption":"ESCORT TECHNOLOGY"},"image":{"@id":"http:\/\/escort-technology.com\/de\/#\/schema\/logo\/image\/"},"sameAs":["https:\/\/www.facebook.com\/elektronika.morska\/","https:\/\/www.linkedin.com\/company\/escort-sp-z-o-o-\/"]}]}},"_links":{"self":[{"href":"https:\/\/escort-technology.com\/en\/wp-json\/wp\/v2\/pages\/3568","targetHints":{"allow":["GET"]}}],"collection":[{"href":"https:\/\/escort-technology.com\/en\/wp-json\/wp\/v2\/pages"}],"about":[{"href":"https:\/\/escort-technology.com\/en\/wp-json\/wp\/v2\/types\/page"}],"author":[{"embeddable":true,"href":"https:\/\/escort-technology.com\/en\/wp-json\/wp\/v2\/users\/6"}],"replies":[{"embeddable":true,"href":"https:\/\/escort-technology.com\/en\/wp-json\/wp\/v2\/comments?post=3568"}],"version-history":[{"count":2,"href":"https:\/\/escort-technology.com\/en\/wp-json\/wp\/v2\/pages\/3568\/revisions"}],"predecessor-version":[{"id":3616,"href":"https:\/\/escort-technology.com\/en\/wp-json\/wp\/v2\/pages\/3568\/revisions\/3616"}],"wp:attachment":[{"href":"https:\/\/escort-technology.com\/en\/wp-json\/wp\/v2\/media?parent=3568"}],"curies":[{"name":"wp","href":"https:\/\/api.w.org\/{rel}","templated":true}]}}