{"id":3732,"date":"2018-05-21T06:46:53","date_gmt":"2018-05-21T06:46:53","guid":{"rendered":"http:\/\/escort-technology.com\/?page_id=3732"},"modified":"2018-05-21T06:54:30","modified_gmt":"2018-05-21T06:54:30","slug":"sonary-wesmar-serii-hd825","status":"publish","type":"page","link":"https:\/\/escort-technology.com\/en\/sonary-wesmar-serii-hd825\/","title":{"rendered":"Sonary Wesmar Serii HD825"},"content":{"rendered":"<p>Sonary Wesmar Serii HD825<\/p>\n<p>Cechy og\u00f3lne <\/p>\n<p>Wszystkie sonary cyfrowe znajduj\u0105 szerokie zastosowania w rybo\u0142\u00f3wstwie oraz w nawigacji i rekreacji morskiej<br \/>\nZintegrowany szybki komputer steruj\u0105cy<br \/>\nWygodna r\u0119czna obs\u0142uga umo\u017cliwia obserwacj\u0119 echogramu bez potrzeby patrzenia na menu<br \/>\nWidok zgrupowanych ryb przed statkiem<br \/>\nPrzycisk zmiany kierunku skanowania do natychmiastowej powt\u00f3rnej obserwacji celu<br \/>\nNowy liniowy wska\u017anik dna rozwija echogram dna w celu \u0142atwiejszej interpretacji ryby przydennej.\u00a0<\/p>\n<p>\u00a0<br \/>\nNowy panel sterowania sonarem u\u0142atwia i przyspiesza obs\u0142ug\u0119<br \/>\nNowy panel sterowania sonarami firmy WESMAR zosta\u0142 opracowany w celu szybkiego i \u0142atwego wyszukiwania \u0142awic ryb. Wykorzystuj\u0105c sonar HD825, \u015bledzenie ruchu ryb oraz nawigacja kutrem staje si\u0119 znacznie prostsza. Nie ma potrzeby na obserwacj\u0119 i przewijanie menu wi\u0119c wzrok jest skoncentrowany tylko na echogramie.<br \/>\nZmiany zasi\u0119gu, sektora, kierunku czy pochylenia przetwornika s\u0105 natychmiastowe, poniewa\u017c ka\u017cda funkcja ma sw\u00f3j prze\u0142\u0105cznik. Mo\u017cliwo\u015b\u0107 zmiany kierunku skanowania jest doskona\u0142a. Gdy tylko zostanie wykryta ryba, natychmiast mo\u017cna zmieni\u0107 kierunek skanowania, aby nie traci\u0107 czasu i czeka\u0107 a\u017c do osi\u0105gni\u0119cia ko\u0144ca ustawionego sektora skanowania.<br \/>\nCyfrowa elektronika<br \/>\nW sonarze HD825 zastosowano ten sam procesor, kt\u00f3ry steruje praca sonaru HD850. Zastosowana jest tak\u017ce cyfrowa komunikacja pomi\u0119dzy zespo\u0142em nadawczo-odbiorczym przy si\u0142owniku g\u0142owicy a panelem procesora na mostku. Zapobiega to zak\u0142\u00f3ceniom, jakie mog\u0105 pojawia\u0107 si\u0119 na statku w przypadku d\u0142ugiego kabla i poprawia prezentacje obrazu na ekranie. Uzyskuje si\u0119 jasny, ostry obraz wykrytej rozproszonej ryby.<br \/>\nStabilizacja grawitacyjna dzia\u0142a zar\u00f3wno w trybie sonarowym jak i w trybie echosondy pionowej. W przypadku zastosowania si\u0142ownika o d\u0142ugim ramieniu g\u0142owica opuszcza si\u0119 poni\u017cej poziomu zapowietrzonej wody, co zdecydowanie poprawia obraz sonarowy.<br \/>\nPrzewaga sonaru przeszukuj\u0105cego nad sonarem wielokierunkowym<br \/>\nWi\u0105zka akustyczna w sonarze przeszukuj\u0105cym jest bardziej skupiona ni\u017c w sonarze wielokierunkowym poniewa\u017c wszystkie elementy przetwornika s\u0105 zwr\u00f3cone w tym samym kierunku. Bez zak\u0142\u00f3ce\u0144 wykrywana jest ryba rozproszona oraz ryba daj\u0105ca s\u0142abe echa. W sonarach wielokierunkowych wi\u0105zka jest rozrzucona na wiele kierunk\u00f3w. Wskutek tego ryba rozproszona lub przydenna nie jest wykrywana z tak du\u017c\u0105 skuteczno\u015bci\u0105.<br \/>\nTryb podzielonego ekranu. Wi\u0119cej informacji. Wy\u017csza jako\u015b\u0107 obrazu.<br \/>\nNa jednym ekranie widoczny jest obraz przed statkiem oraz profil dna. Obraz g\u00f3rny oraz dolny maj\u0105 oddzielne regulacje wzmocnienia i zakresu.<br \/>\nStabilizowana echosonda pionowa. Wi\u0105zka stale zwr\u00f3cona w kierunku dna.<br \/>\nStabilny obraz echosondy na pe\u0142nym ekranie niezale\u017cnie od stanu morza, czy jest ono wzburzone, czy spokojne. Dost\u0119pna jest bia\u0142a linia w celu wyr\u00f3\u017cnienia ryby przydennej.<br \/>\nParametry techniczne\n<\/p>\n<p>Uwagi:1.\u00a0W standardowej dostawie Panel Power Booster.2. Poliuretanowa obudowa g\u0142owicy, g\u00f3rna pokrywa ze stali nierdzewnej.3. Cztery tryby ekranu: a)\u00a0Sonar na pe\u0142nym ekranie; b) Ekran podzielony Sonar\/Profil; \u00a0\u00a0 \u00a0c) Ekran podzielony Skan liniowy\/Profil; d) Echosonda pionowa na pe\u0142nym ekranie.<br \/>\n\u00a0<br \/>\nPrzyk\u0142adowy schemat blokowy po\u0142\u0105cze\u0144<\/p>\n<p>BROSZURA<\/p>\n<p><!-- {\"name\":\"\",\"type\":\"layout\",\"children\":[{\"name\":\"ANTENA\",\"type\":\"section\",\"props\":{\"width\":\"default\",\"padding\":\"xsmall\",\"style\":\"default\",\"text_color\":\"\",\"media\":\"\",\"height_viewport\":false,\"header_overlay\":\"light\",\"animation\":\"slide-top-medium\",\"padding_remove_top\":false,\"image_size\":\"cover\",\"image\":\"\",\"image_position\":\"bottom-center\",\"image_fixed\":false,\"class\":\"\",\"overlap\":true,\"vertical_align\":\"middle\",\"title_position\":\"top-left\",\"title_rotation\":\"left\",\"title_breakpoint\":\"xl\"},\"children\":[{\"name\":\"\",\"type\":\"row\",\"props\":{\"layout\":\"1-1\",\"breakpoint\":\"m\",\"margin\":\"\",\"fixed_width\":\"large\"},\"children\":[{\"name\":\"\",\"type\":\"column\",\"props\":{\"image_position\":\"center-center\",\"widths\":[\"1-1\"]},\"children\":[{\"name\":\"\",\"type\":\"headline\",\"props\":{\"title_element\":\"h2\",\"content\":\"Sonary Wesmar Serii HD825\",\"text_align\":\"center\",\"text_align_fallback\":\"center\",\"maxwidth_align\":\"center\",\"maxwidth\":\"\",\"title_style\":\"h2\",\"title_decoration\":\"\",\"margin\":\"\"}},{\"name\":\"\",\"type\":\"divider\",\"props\":{\"divider_element\":\"hr\"}}]}]},{\"name\":\"\",\"type\":\"row\",\"props\":{\"fixed_width\":\"large\",\"breakpoint\":\"m\",\"layout\":\",2-3\",\"margin\":\"medium\"},\"children\":[{\"name\":\"\",\"type\":\"column\",\"props\":{\"widths\":[\"\"],\"image_position\":\"center-center\"},\"children\":[{\"name\":\"\",\"type\":\"image\",\"props\":{\"margin\":\"default\",\"image\":\"wp-content\\\/uploads\\\/sonar_image_3.png\",\"image_width\":\"300\",\"image_box_shadow\":\"\",\"image_border\":\"rounded\"}},{\"name\":\"\",\"type\":\"image\",\"props\":{\"margin\":\"default\",\"image\":\"wp-content\\\/uploads\\\/sonar_image_2.png\",\"image_width\":\"300\",\"image_box_shadow\":\"\",\"image_border\":\"rounded\"}},{\"name\":\"\",\"type\":\"image\",\"props\":{\"margin\":\"default\",\"image\":\"wp-content\\\/uploads\\\/sonar_pulpit.png\",\"image_width\":\"300\",\"image_box_shadow\":\"\",\"image_border\":\"rounded\"}}]},{\"name\":\"\",\"type\":\"column\",\"props\":{\"widths\":[\"2-3\"],\"image_position\":\"center-center\"},\"children\":[{\"name\":\"\",\"type\":\"text\",\"props\":{\"column_breakpoint\":\"m\",\"margin\":\"medium\",\"content\":\"\n\n<p><strong>Cechy og\\u00f3lne<br \\\/> <\\\/strong><\\\/p>\\n\n\n<ul>\\n\n\n<li><strong>Wszystkie sonary cyfrowe znajduj\\u0105 szerokie zastosowania w rybo\\u0142\\u00f3wstwie oraz w nawigacji i rekreacji morskiej<\\\/strong><\\\/li>\\n\n\n<li><strong>Zintegrowany szybki komputer steruj\\u0105cy<\\\/strong><\\\/li>\\n\n\n<li><strong>Wygodna r\\u0119czna obs\\u0142uga umo\\u017cliwia obserwacj\\u0119 echogramu bez potrzeby patrzenia na menu<\\\/strong><\\\/li>\\n\n\n<li><strong>Widok zgrupowanych ryb przed statkiem<\\\/strong><\\\/li>\\n\n\n<li><strong>Przycisk zmiany kierunku skanowania do natychmiastowej powt\\u00f3rnej obserwacji celu<\\\/strong><\\\/li>\\n\n\n<li><strong>Nowy liniowy wska\\u017anik dna rozwija echogram dna w celu \\u0142atwiejszej interpretacji ryby przydennej.\\u00a0<\\\/strong><\\\/li>\\n<\\\/ul>\\n\n\n<p>\\u00a0<\\\/p>\\n\n\n<p><strong>Nowy panel sterowania sonarem u\\u0142atwia i przyspiesza obs\\u0142ug\\u0119<\\\/strong><\\\/p>\\n\n\n<p>Nowy panel sterowania sonarami firmy WESMAR zosta\\u0142 opracowany w celu szybkiego i \\u0142atwego wyszukiwania \\u0142awic ryb. Wykorzystuj\\u0105c sonar HD825, \\u015bledzenie ruchu ryb oraz nawigacja kutrem staje si\\u0119 znacznie prostsza. Nie ma potrzeby na obserwacj\\u0119 i przewijanie menu wi\\u0119c wzrok jest skoncentrowany tylko na echogramie.<\\\/p>\\n\n\n<p>Zmiany zasi\\u0119gu, sektora, kierunku czy pochylenia przetwornika s\\u0105 natychmiastowe, poniewa\\u017c ka\\u017cda funkcja ma sw\\u00f3j prze\\u0142\\u0105cznik. Mo\\u017cliwo\\u015b\\u0107 zmiany kierunku skanowania jest doskona\\u0142a. Gdy tylko zostanie wykryta ryba, natychmiast mo\\u017cna zmieni\\u0107 kierunek skanowania, aby nie traci\\u0107 czasu i czeka\\u0107 a\\u017c do osi\\u0105gni\\u0119cia ko\\u0144ca ustawionego sektora skanowania.<\\\/p>\\n\n\n<p><strong>Cyfrowa elektronika<\\\/strong><\\\/p>\\n\n\n<p>W sonarze HD825 zastosowano ten sam procesor, kt\\u00f3ry steruje praca sonaru HD850. Zastosowana jest tak\\u017ce cyfrowa komunikacja pomi\\u0119dzy zespo\\u0142em nadawczo-odbiorczym przy si\\u0142owniku g\\u0142owicy a panelem procesora na mostku. Zapobiega to zak\\u0142\\u00f3ceniom, jakie mog\\u0105 pojawia\\u0107 si\\u0119 na statku w przypadku d\\u0142ugiego kabla i poprawia prezentacje obrazu na ekranie. Uzyskuje si\\u0119 jasny, ostry obraz wykrytej rozproszonej ryby.<\\\/p>\\n\n\n<p><span style=\\\"color: #333333;\\\">Stabilizacja grawitacyjna dzia\\u0142a zar\\u00f3wno w trybie sonarowym jak i w trybie echosondy pionowej. W przypadku zastosowania si\\u0142ownika o d\\u0142ugim ramieniu g\\u0142owica opuszcza si\\u0119 poni\\u017cej poziomu zapowietrzonej wody, co zdecydowanie poprawia obraz sonarowy.<\\\/span><\\\/p>\\n\n\n<div><strong>Przewaga sonaru przeszukuj\\u0105cego nad sonarem wielokierunkowym<\\\/strong>\\n\n\n<p>Wi\\u0105zka akustyczna w sonarze przeszukuj\\u0105cym jest bardziej skupiona ni\\u017c w sonarze wielokierunkowym poniewa\\u017c wszystkie elementy przetwornika s\\u0105 zwr\\u00f3cone w tym samym kierunku. Bez zak\\u0142\\u00f3ce\\u0144 wykrywana jest ryba rozproszona oraz ryba daj\\u0105ca s\\u0142abe echa. W sonarach wielokierunkowych wi\\u0105zka jest rozrzucona na wiele kierunk\\u00f3w. Wskutek tego ryba rozproszona lub przydenna nie jest wykrywana z tak du\\u017c\\u0105 skuteczno\\u015bci\\u0105.<\\\/p>\\n<strong>Tryb podzielonego ekranu. Wi\\u0119cej informacji. Wy\\u017csza jako\\u015b\\u0107 obrazu.<\\\/strong>\\n\n\n<p>Na jednym ekranie widoczny jest obraz przed statkiem oraz profil dna. Obraz g\\u00f3rny oraz dolny maj\\u0105 oddzielne regulacje wzmocnienia i zakresu.<\\\/p>\\n\n\n<p><strong>Stabilizowana echosonda pionowa. Wi\\u0105zka stale zwr\\u00f3cona w kierunku dna.<\\\/strong><\\\/p>\\n\n\n<p>Stabilny obraz echosondy na pe\\u0142nym ekranie niezale\\u017cnie od stanu morza, czy jest ono wzburzone, czy spokojne. Dost\\u0119pna jest bia\\u0142a linia w celu wyr\\u00f3\\u017cnienia ryby przydennej.<\\\/p>\\n\n\n<p><strong>Parametry techniczne<\\\/strong><\\\/p>\\n<\\\/div>\",\"animation\":\"slide-left-medium\",\"text_align\":\"justify\",\"text_align_breakpoint\":\"m\",\"text_align_fallback\":\"center\",\"text_size\":\"\",\"maxwidth\":\"xxlarge\"}},{\"name\":\"\",\"type\":\"image\",\"props\":{\"margin\":\"default\",\"image\":\"wp-content\\\/uploads\\\/tab16.jpg\"}},{\"name\":\"\",\"type\":\"text\",\"props\":{\"margin\":\"default\",\"column_breakpoint\":\"m\",\"content\":\"\n\n<div>Uwagi:<br \\\/>1.\\u00a0W standardowej dostawie Panel Power Booster.<br \\\/>2. Poliuretanowa obudowa g\\u0142owicy, g\\u00f3rna pokrywa ze stali nierdzewnej.<br \\\/>3. Cztery tryby ekranu: a)\\u00a0Sonar na pe\\u0142nym ekranie; b) Ekran podzielony Sonar\\\/Profil; <br \\\/>\\u00a0\\u00a0 \\u00a0c) Ekran podzielony Skan liniowy\\\/Profil; d) Echosonda pionowa na pe\\u0142nym ekranie.<\\\/div>\\n\n\n<div><em>\\u00a0<\\\/em><\\\/div>\\n\n\n<div><strong>Przyk\\u0142adowy schemat blokowy po\\u0142\\u0105cze\\u0144<\\\/strong><\\\/div>\"}},{\"name\":\"\",\"type\":\"image\",\"props\":{\"margin\":\"default\",\"image\":\"wp-content\\\/uploads\\\/sonar_schemat.png\",\"link\":\"http:\\\/\\\/escort-technology.com\\\/wp-content\\\/uploads\\\/sonar_schemat.png\"}}]}]},{\"name\":\"\",\"type\":\"row\",\"props\":{\"fixed_width\":\"large\",\"breakpoint\":\"m\",\"layout\":\"1-1\",\"margin\":\"large\"},\"children\":[{\"name\":\"\",\"type\":\"column\",\"props\":{\"image_position\":\"center-center\",\"widths\":[\"1-1\"]},\"children\":[{\"name\":\"\",\"type\":\"button\",\"props\":{\"gutter\":\"small\",\"inline_align\":\"center\",\"margin\":\"\",\"text_align\":\"center\",\"button_size\":\"large\",\"animation\":\"slide-bottom-medium\"},\"children\":[{\"name\":\"\",\"type\":\"button_item\",\"props\":{\"button_style\":\"secondary\",\"content\":\"BROSZURA\",\"link\":\"wp-content\\\/uploads\\\/Sonar_HD825_pol.pdf\",\"link_title\":\"Explore More\",\"icon_align\":\"left\",\"link_target\":\"blank\"}}]}]}]}]}]} --><\/p>\n","protected":false},"excerpt":{"rendered":"<p>Sonary Wesmar Serii HD825 Cechy og\u00f3lne Wszystkie sonary cyfrowe znajduj\u0105 szerokie zastosowania w rybo\u0142\u00f3wstwie oraz w nawigacji i rekreacji morskiej Zintegrowany szybki komputer steruj\u0105cy Wygodna r\u0119czna obs\u0142uga umo\u017cliwia obserwacj\u0119 echogramu bez potrzeby patrzenia na menu Widok zgrupowanych ryb przed statkiem Przycisk zmiany kierunku skanowania do natychmiastowej powt\u00f3rnej obserwacji celu Nowy liniowy wska\u017anik dna rozwija echogram [&hellip;]<\/p>\n","protected":false},"author":6,"featured_media":0,"parent":0,"menu_order":0,"comment_status":"closed","ping_status":"closed","template":"","meta":{"footnotes":""},"class_list":["post-3732","page","type-page","status-publish","hentry"],"yoast_head":"<!-- This site is optimized with the Yoast SEO plugin v27.5 - https:\/\/yoast.com\/product\/yoast-seo-wordpress\/ -->\n<title>Sonary Wesmar Serii HD825 - ESCORT TECHNOLOGY<\/title>\n<meta name=\"robots\" content=\"index, follow, max-snippet:-1, max-image-preview:large, max-video-preview:-1\" \/>\n<link rel=\"canonical\" href=\"https:\/\/escort-technology.com\/en\/de\/sonary-wesmar-serii-hd825\/\" \/>\n<meta property=\"og:locale\" content=\"en_US\" \/>\n<meta property=\"og:type\" content=\"article\" \/>\n<meta property=\"og:title\" content=\"Sonary Wesmar Serii HD825 - ESCORT TECHNOLOGY\" \/>\n<meta property=\"og:description\" content=\"Sonary Wesmar Serii HD825 Cechy og\u00f3lne Wszystkie sonary cyfrowe znajduj\u0105 szerokie zastosowania w rybo\u0142\u00f3wstwie oraz w nawigacji i rekreacji morskiej Zintegrowany szybki komputer steruj\u0105cy Wygodna r\u0119czna obs\u0142uga umo\u017cliwia obserwacj\u0119 echogramu bez potrzeby patrzenia na menu Widok zgrupowanych ryb przed statkiem Przycisk zmiany kierunku skanowania do natychmiastowej powt\u00f3rnej obserwacji celu Nowy liniowy wska\u017anik dna rozwija echogram [&hellip;]\" \/>\n<meta property=\"og:url\" content=\"https:\/\/escort-technology.com\/en\/de\/sonary-wesmar-serii-hd825\/\" \/>\n<meta property=\"og:site_name\" content=\"ESCORT TECHNOLOGY\" \/>\n<meta property=\"article:publisher\" content=\"https:\/\/www.facebook.com\/elektronika.morska\/\" \/>\n<meta property=\"article:modified_time\" content=\"2018-05-21T06:54:30+00:00\" \/>\n<meta name=\"twitter:card\" content=\"summary_large_image\" \/>\n<meta name=\"twitter:label1\" content=\"Est. reading time\" \/>\n\t<meta name=\"twitter:data1\" content=\"2 minutes\" \/>\n<script type=\"application\/ld+json\" class=\"yoast-schema-graph\">{\"@context\":\"https:\\\/\\\/schema.org\",\"@graph\":[{\"@type\":\"WebPage\",\"@id\":\"https:\\\/\\\/escort-technology.com\\\/de\\\/sonary-wesmar-serii-hd825\\\/\",\"url\":\"https:\\\/\\\/escort-technology.com\\\/de\\\/sonary-wesmar-serii-hd825\\\/\",\"name\":\"Sonary Wesmar Serii HD825 - ESCORT TECHNOLOGY\",\"isPartOf\":{\"@id\":\"http:\\\/\\\/escort-technology.com\\\/de\\\/#website\"},\"datePublished\":\"2018-05-21T06:46:53+00:00\",\"dateModified\":\"2018-05-21T06:54:30+00:00\",\"breadcrumb\":{\"@id\":\"https:\\\/\\\/escort-technology.com\\\/de\\\/sonary-wesmar-serii-hd825\\\/#breadcrumb\"},\"inLanguage\":\"en-US\",\"potentialAction\":[{\"@type\":\"ReadAction\",\"target\":[\"https:\\\/\\\/escort-technology.com\\\/de\\\/sonary-wesmar-serii-hd825\\\/\"]}]},{\"@type\":\"BreadcrumbList\",\"@id\":\"https:\\\/\\\/escort-technology.com\\\/de\\\/sonary-wesmar-serii-hd825\\\/#breadcrumb\",\"itemListElement\":[{\"@type\":\"ListItem\",\"position\":1,\"name\":\"Strona g\u0142\u00f3wna\",\"item\":\"https:\\\/\\\/escort-technology.com\\\/\"},{\"@type\":\"ListItem\",\"position\":2,\"name\":\"Sonary Wesmar Serii HD825\"}]},{\"@type\":\"WebSite\",\"@id\":\"http:\\\/\\\/escort-technology.com\\\/de\\\/#website\",\"url\":\"http:\\\/\\\/escort-technology.com\\\/de\\\/\",\"name\":\"ESCORT TECHNOLOGY\",\"description\":\"Elektronika morska i l\u0105dowa\",\"publisher\":{\"@id\":\"http:\\\/\\\/escort-technology.com\\\/de\\\/#organization\"},\"potentialAction\":[{\"@type\":\"SearchAction\",\"target\":{\"@type\":\"EntryPoint\",\"urlTemplate\":\"http:\\\/\\\/escort-technology.com\\\/de\\\/?s={search_term_string}\"},\"query-input\":{\"@type\":\"PropertyValueSpecification\",\"valueRequired\":true,\"valueName\":\"search_term_string\"}}],\"inLanguage\":\"en-US\"},{\"@type\":\"Organization\",\"@id\":\"http:\\\/\\\/escort-technology.com\\\/de\\\/#organization\",\"name\":\"ESCORT TECHNOLOGY\",\"url\":\"http:\\\/\\\/escort-technology.com\\\/de\\\/\",\"logo\":{\"@type\":\"ImageObject\",\"inLanguage\":\"en-US\",\"@id\":\"http:\\\/\\\/escort-technology.com\\\/de\\\/#\\\/schema\\\/logo\\\/image\\\/\",\"url\":\"https:\\\/\\\/escort-technology.com\\\/wp-content\\\/uploads\\\/logo-1.jpg\",\"contentUrl\":\"https:\\\/\\\/escort-technology.com\\\/wp-content\\\/uploads\\\/logo-1.jpg\",\"width\":600,\"height\":165,\"caption\":\"ESCORT TECHNOLOGY\"},\"image\":{\"@id\":\"http:\\\/\\\/escort-technology.com\\\/de\\\/#\\\/schema\\\/logo\\\/image\\\/\"},\"sameAs\":[\"https:\\\/\\\/www.facebook.com\\\/elektronika.morska\\\/\",\"https:\\\/\\\/www.linkedin.com\\\/company\\\/escort-sp-z-o-o-\\\/\"]}]}<\/script>\n<!-- \/ Yoast SEO plugin. -->","yoast_head_json":{"title":"Sonary Wesmar Serii HD825 - ESCORT TECHNOLOGY","robots":{"index":"index","follow":"follow","max-snippet":"max-snippet:-1","max-image-preview":"max-image-preview:large","max-video-preview":"max-video-preview:-1"},"canonical":"https:\/\/escort-technology.com\/en\/de\/sonary-wesmar-serii-hd825\/","og_locale":"en_US","og_type":"article","og_title":"Sonary Wesmar Serii HD825 - ESCORT TECHNOLOGY","og_description":"Sonary Wesmar Serii HD825 Cechy og\u00f3lne Wszystkie sonary cyfrowe znajduj\u0105 szerokie zastosowania w rybo\u0142\u00f3wstwie oraz w nawigacji i rekreacji morskiej Zintegrowany szybki komputer steruj\u0105cy Wygodna r\u0119czna obs\u0142uga umo\u017cliwia obserwacj\u0119 echogramu bez potrzeby patrzenia na menu Widok zgrupowanych ryb przed statkiem Przycisk zmiany kierunku skanowania do natychmiastowej powt\u00f3rnej obserwacji celu Nowy liniowy wska\u017anik dna rozwija echogram [&hellip;]","og_url":"https:\/\/escort-technology.com\/en\/de\/sonary-wesmar-serii-hd825\/","og_site_name":"ESCORT TECHNOLOGY","article_publisher":"https:\/\/www.facebook.com\/elektronika.morska\/","article_modified_time":"2018-05-21T06:54:30+00:00","twitter_card":"summary_large_image","twitter_misc":{"Est. reading time":"2 minutes"},"schema":{"@context":"https:\/\/schema.org","@graph":[{"@type":"WebPage","@id":"https:\/\/escort-technology.com\/de\/sonary-wesmar-serii-hd825\/","url":"https:\/\/escort-technology.com\/de\/sonary-wesmar-serii-hd825\/","name":"Sonary Wesmar Serii HD825 - ESCORT TECHNOLOGY","isPartOf":{"@id":"http:\/\/escort-technology.com\/de\/#website"},"datePublished":"2018-05-21T06:46:53+00:00","dateModified":"2018-05-21T06:54:30+00:00","breadcrumb":{"@id":"https:\/\/escort-technology.com\/de\/sonary-wesmar-serii-hd825\/#breadcrumb"},"inLanguage":"en-US","potentialAction":[{"@type":"ReadAction","target":["https:\/\/escort-technology.com\/de\/sonary-wesmar-serii-hd825\/"]}]},{"@type":"BreadcrumbList","@id":"https:\/\/escort-technology.com\/de\/sonary-wesmar-serii-hd825\/#breadcrumb","itemListElement":[{"@type":"ListItem","position":1,"name":"Strona g\u0142\u00f3wna","item":"https:\/\/escort-technology.com\/"},{"@type":"ListItem","position":2,"name":"Sonary Wesmar Serii HD825"}]},{"@type":"WebSite","@id":"http:\/\/escort-technology.com\/de\/#website","url":"http:\/\/escort-technology.com\/de\/","name":"ESCORT TECHNOLOGY","description":"Onshore and offshore electronics","publisher":{"@id":"http:\/\/escort-technology.com\/de\/#organization"},"potentialAction":[{"@type":"SearchAction","target":{"@type":"EntryPoint","urlTemplate":"http:\/\/escort-technology.com\/de\/?s={search_term_string}"},"query-input":{"@type":"PropertyValueSpecification","valueRequired":true,"valueName":"search_term_string"}}],"inLanguage":"en-US"},{"@type":"Organization","@id":"http:\/\/escort-technology.com\/de\/#organization","name":"ESCORT TECHNOLOGY","url":"http:\/\/escort-technology.com\/de\/","logo":{"@type":"ImageObject","inLanguage":"en-US","@id":"http:\/\/escort-technology.com\/de\/#\/schema\/logo\/image\/","url":"https:\/\/escort-technology.com\/wp-content\/uploads\/logo-1.jpg","contentUrl":"https:\/\/escort-technology.com\/wp-content\/uploads\/logo-1.jpg","width":600,"height":165,"caption":"ESCORT TECHNOLOGY"},"image":{"@id":"http:\/\/escort-technology.com\/de\/#\/schema\/logo\/image\/"},"sameAs":["https:\/\/www.facebook.com\/elektronika.morska\/","https:\/\/www.linkedin.com\/company\/escort-sp-z-o-o-\/"]}]}},"_links":{"self":[{"href":"https:\/\/escort-technology.com\/en\/wp-json\/wp\/v2\/pages\/3732","targetHints":{"allow":["GET"]}}],"collection":[{"href":"https:\/\/escort-technology.com\/en\/wp-json\/wp\/v2\/pages"}],"about":[{"href":"https:\/\/escort-technology.com\/en\/wp-json\/wp\/v2\/types\/page"}],"author":[{"embeddable":true,"href":"https:\/\/escort-technology.com\/en\/wp-json\/wp\/v2\/users\/6"}],"replies":[{"embeddable":true,"href":"https:\/\/escort-technology.com\/en\/wp-json\/wp\/v2\/comments?post=3732"}],"version-history":[{"count":2,"href":"https:\/\/escort-technology.com\/en\/wp-json\/wp\/v2\/pages\/3732\/revisions"}],"predecessor-version":[{"id":3745,"href":"https:\/\/escort-technology.com\/en\/wp-json\/wp\/v2\/pages\/3732\/revisions\/3745"}],"wp:attachment":[{"href":"https:\/\/escort-technology.com\/en\/wp-json\/wp\/v2\/media?parent=3732"}],"curies":[{"name":"wp","href":"https:\/\/api.w.org\/{rel}","templated":true}]}}