{"id":3763,"date":"2018-05-21T07:17:32","date_gmt":"2018-05-21T07:17:32","guid":{"rendered":"http:\/\/escort-technology.com\/?page_id=3763"},"modified":"2018-05-21T07:19:26","modified_gmt":"2018-05-21T07:19:26","slug":"kongsberg-mesotech-dds-9000t","status":"publish","type":"page","link":"https:\/\/escort-technology.com\/en\/kongsberg-mesotech-dds-9000t\/","title":{"rendered":"Kongsberg Mesotech DDS 9000T"},"content":{"rendered":"<p>Kongsberg Mesotech DDS 9000T<\/p>\n<p>Firma Kongsberg Mesotech z Kanady wprowadzi\u0142a na rynek now\u0105 seri\u0119 sonar\u00f3w DDS 9000T s\u0142u\u017c\u0105cych do wykrywania p\u0142etwonurk\u00f3w w wodzie. Dwa nowe modele DDS9000 oraz DDS9001 pracuj\u0105 na cz\u0119stotliwo\u015bci 90 kHz optymalnej dla wykrywania p\u0142etwonurk\u00f3w. S\u0105 to modele o 200 stopniowym i 360 stopniowym pokryciu k\u0105towym w poziomie. Dost\u0119pne opcje tych modeli rozszerzaj\u0105 ich zakres na szesna\u015bcie r\u00f3\u017cnych konfiguracji. Dwa poziomy interfejs\u00f3w operatora oferowane w serii DDS 9000 tj. podstawowy procesor sonarowy oraz specjalistyczny procesor \u015bledzenia cel\u00f3w mog\u0105 przy wykorzystaniu sieci Ethernet zosta\u0107 rozszerzone do obs\u0142ugi do 10 system\u00f3w podstawowych.<br \/>\nSeria DDS jest uwie\u0144czeniem d\u0142ugiego, kosztownego i bardzo intensywnego procesu prac rozwojowych i konstrukcyjnych. W procesie tym firma bazowa\u0142a na swoim bardzo du\u017cym do\u015bwiadczeniu oraz specjalistycznej wiedzy z zakresu detekcji bardzo s\u0142abych cel\u00f3w podwodnych.<br \/>\nSeri\u0105 DDS 9000 firma Kongsberg wprowadza na rynek niespotykany pod wzgl\u0119dem skuteczno\u015bci wykrywania produkt. W ostatnim okresie znacznie zwi\u0119kszy\u0142o si\u0119 zapotrzebowanie ze strony u\u017cytkownik\u00f3w na skuteczny, o relatywnie niskiej cenie system detekcji p\u0142etwonurk\u00f3w. R\u00f3\u017cnorodno\u015b\u0107 konfiguracji systemu sonarowego DDS 9000 o 200 stopniowym k\u0105cie pokrycia spe\u0142nia wymagania Departamentu Bezpiecze\u0144stwa Wewn\u0119trznego USA dotycz\u0105ce ceny jednostkowej poni\u017cej 100.000,- USD na zabezpieczenie ka\u017cdego 1000 st\u00f3p (330m) ochranianej linii brzegowej. Koszt pokrycia ponad 3.300 st\u00f3p (ponad 1100 m) linii brzegowej przy wykorzystaniu systemu DDS 9000 wynosi poni\u017cej 300.000,- USD. Koszt konfiguracji z g\u0142owic\u0105 o 360 stopniowym k\u0105cie pokrycia jest dost\u0119pny za cen\u0119 poni\u017cej 400.000,- USD.<br \/>\nElastyczno\u015b\u0107 i swoboda w instalowaniu systemu by\u0142a jednym z wa\u017cnych kryteri\u00f3w przy rozpoczynaniu prac projektowych. Zar\u00f3wno u\u017cytkownicy z instytucji militarnych jak i cywilnych akcentowali potrzeb\u0119 system\u00f3w lekkich o ma\u0142ych gabarytach. Kompletny system DDS9001T z g\u0142owic\u0105 o k\u0105cie 360 stopni wa\u017cy poni\u017cej 125 kg i jest o ponad po\u0142ow\u0119 l\u017cejszy od system\u00f3w konkurencyjnych. Zakres dost\u0119pnych konfiguracji umo\u017cliwia \u0142atwe instalowanie systemu na kad\u0142ubie statku, na \u015bcianie basenu portowego czy na dnie morskim.<br \/>\nNiezawodno\u015b\u0107 dzia\u0142ania system\u00f3w by\u0142a jednym z podstawowych kryteri\u00f3w podczas prac rozwojowych nad systemem DDS9000. Wyroby firmy Kongsberg przechodz\u0105 bardzo intensywne wszechstronne testy, skutkuje to p\u00f3\u017aniejsz\u0105 niezawodno\u015bci\u0105 w pracy terenowej. \u0141atwo dost\u0119pna jest og\u00f3lno\u015bwiatowa sie\u0107 serwisowa firmy Kongsberg. Firma zapewnia 24 miesi\u0119czny okres gwarancji na napraw\u0119 lub wymian\u0119 wszystkich element\u00f3w systemu. Szeroka dowolno\u015b\u0107 w instalowaniu, niezawodno\u015b\u0107 w dzia\u0142aniu, doskona\u0142e parametry technicznie, przyjazny interfejs u\u017cytkownika, wszystko to powoduje, \u017ce seria DDS 9000 stanowi ogromny skok ewolucyjny w systemach ochrony podwodnej.<br \/>\nKongsberg Mesotech Ltd. (KML) jest cz\u0119\u015bci\u0105 firmy Kongsberg Maritime Subsea. KML jest producentem szerokiej gamy urz\u0105dze\u0144 i system\u00f3w dla marynarki wojennej, rybo\u0142\u00f3wstwa, morskiego przemys\u0142u wydobywczego, instytucji naukowych i innych u\u017cytkownik\u00f3w podwodnych urz\u0105dze\u0144 akustycznych. Urz\u0105dzenia s\u0105 produkowane w Vancouver \/ Port Coquitlam, British Columbia, Kanada.<\/p>\n<p><!-- {\"name\":\"\",\"type\":\"layout\",\"children\":[{\"name\":\"ANTENA\",\"type\":\"section\",\"props\":{\"width\":\"default\",\"padding\":\"xsmall\",\"style\":\"default\",\"text_color\":\"\",\"media\":\"\",\"height_viewport\":false,\"header_overlay\":\"light\",\"animation\":\"slide-top-medium\",\"padding_remove_top\":false,\"image_size\":\"cover\",\"image\":\"\",\"image_position\":\"bottom-center\",\"image_fixed\":false,\"class\":\"\",\"overlap\":true,\"vertical_align\":\"middle\",\"title_position\":\"top-left\",\"title_rotation\":\"left\",\"title_breakpoint\":\"xl\"},\"children\":[{\"name\":\"\",\"type\":\"row\",\"props\":{\"layout\":\"1-1\",\"breakpoint\":\"m\",\"margin\":\"\",\"fixed_width\":\"large\"},\"children\":[{\"name\":\"\",\"type\":\"column\",\"props\":{\"image_position\":\"center-center\",\"widths\":[\"1-1\"]},\"children\":[{\"name\":\"\",\"type\":\"headline\",\"props\":{\"title_element\":\"h2\",\"content\":\"Kongsberg Mesotech DDS 9000T\",\"text_align\":\"center\",\"text_align_fallback\":\"center\",\"maxwidth_align\":\"center\",\"maxwidth\":\"\",\"title_style\":\"h2\",\"title_decoration\":\"\",\"margin\":\"\"}},{\"name\":\"\",\"type\":\"divider\",\"props\":{\"divider_element\":\"hr\"}}]}]},{\"name\":\"\",\"type\":\"row\",\"props\":{\"fixed_width\":\"large\",\"breakpoint\":\"m\",\"layout\":\",2-3\",\"margin\":\"medium\"},\"children\":[{\"name\":\"\",\"type\":\"column\",\"props\":{\"widths\":[\"\"],\"image_position\":\"center-center\"},\"children\":[{\"name\":\"\",\"type\":\"image\",\"props\":{\"margin\":\"default\",\"image\":\"wp-content\\\/uploads\\\/DDS9000T.jpg\",\"image_width\":\"\",\"image_box_shadow\":\"\",\"image_border\":\"rounded\"}}]},{\"name\":\"\",\"type\":\"column\",\"props\":{\"widths\":[\"2-3\"],\"image_position\":\"center-center\"},\"children\":[{\"name\":\"\",\"type\":\"text\",\"props\":{\"column_breakpoint\":\"m\",\"margin\":\"medium\",\"content\":\"\n\n<p align=\\\"justify\\\"><strong>Firma Kongsberg Mesotech z Kanady wprowadzi\\u0142a na rynek now\\u0105 seri\\u0119 sonar\\u00f3w DDS 9000T s\\u0142u\\u017c\\u0105cych do wykrywania p\\u0142etwonurk\\u00f3w w wodzie.<\\\/strong> Dwa nowe modele DDS9000 oraz DDS9001 pracuj\\u0105 na cz\\u0119stotliwo\\u015bci 90 kHz optymalnej dla wykrywania p\\u0142etwonurk\\u00f3w. S\\u0105 to modele o 200 stopniowym i 360 stopniowym pokryciu k\\u0105towym w poziomie. Dost\\u0119pne opcje tych modeli rozszerzaj\\u0105 ich zakres na szesna\\u015bcie r\\u00f3\\u017cnych konfiguracji. Dwa poziomy interfejs\\u00f3w operatora oferowane w serii DDS 9000 tj. podstawowy procesor sonarowy oraz specjalistyczny procesor \\u015bledzenia cel\\u00f3w mog\\u0105 przy wykorzystaniu sieci Ethernet zosta\\u0107 rozszerzone do obs\\u0142ugi do 10 system\\u00f3w podstawowych.<\\\/p>\\n\n\n<p align=\\\"justify\\\">Seria DDS jest uwie\\u0144czeniem d\\u0142ugiego, kosztownego i bardzo intensywnego procesu prac rozwojowych i konstrukcyjnych. W procesie tym firma bazowa\\u0142a na swoim bardzo du\\u017cym do\\u015bwiadczeniu oraz specjalistycznej wiedzy z zakresu detekcji bardzo s\\u0142abych cel\\u00f3w podwodnych.<\\\/p>\\n\n\n<p align=\\\"justify\\\">Seri\\u0105 DDS 9000 firma Kongsberg wprowadza na rynek niespotykany pod wzgl\\u0119dem skuteczno\\u015bci wykrywania produkt. W ostatnim okresie znacznie zwi\\u0119kszy\\u0142o si\\u0119 zapotrzebowanie ze strony u\\u017cytkownik\\u00f3w na skuteczny, o relatywnie niskiej cenie system detekcji p\\u0142etwonurk\\u00f3w.<br \\\/> R\\u00f3\\u017cnorodno\\u015b\\u0107 konfiguracji systemu sonarowego DDS 9000 o 200 stopniowym k\\u0105cie pokrycia spe\\u0142nia wymagania Departamentu Bezpiecze\\u0144stwa Wewn\\u0119trznego USA dotycz\\u0105ce ceny jednostkowej poni\\u017cej 100.000,- USD na zabezpieczenie ka\\u017cdego 1000 st\\u00f3p (330m) ochranianej linii brzegowej.<br \\\/> Koszt pokrycia ponad 3.300 st\\u00f3p (ponad 1100 m) linii brzegowej przy wykorzystaniu systemu DDS 9000 wynosi poni\\u017cej 300.000,- USD. Koszt konfiguracji z g\\u0142owic\\u0105 o 360 stopniowym k\\u0105cie pokrycia jest dost\\u0119pny za cen\\u0119 poni\\u017cej 400.000,- USD.<\\\/p>\\n\n\n<p align=\\\"justify\\\">Elastyczno\\u015b\\u0107 i swoboda w instalowaniu systemu by\\u0142a jednym z wa\\u017cnych kryteri\\u00f3w przy rozpoczynaniu prac projektowych. Zar\\u00f3wno u\\u017cytkownicy z instytucji militarnych jak i cywilnych akcentowali potrzeb\\u0119 system\\u00f3w lekkich o ma\\u0142ych gabarytach. Kompletny system DDS9001T z g\\u0142owic\\u0105 o k\\u0105cie 360 stopni wa\\u017cy poni\\u017cej 125 kg i jest o ponad po\\u0142ow\\u0119 l\\u017cejszy od system\\u00f3w konkurencyjnych. Zakres dost\\u0119pnych konfiguracji umo\\u017cliwia \\u0142atwe instalowanie systemu na kad\\u0142ubie statku, na \\u015bcianie basenu portowego czy na dnie morskim.<\\\/p>\\n\n\n<p align=\\\"justify\\\">Niezawodno\\u015b\\u0107 dzia\\u0142ania system\\u00f3w by\\u0142a jednym z podstawowych kryteri\\u00f3w podczas prac rozwojowych nad systemem DDS9000. Wyroby firmy Kongsberg przechodz\\u0105 bardzo intensywne wszechstronne testy, skutkuje to p\\u00f3\\u017aniejsz\\u0105 niezawodno\\u015bci\\u0105 w pracy terenowej. \\u0141atwo dost\\u0119pna jest og\\u00f3lno\\u015bwiatowa sie\\u0107 serwisowa firmy Kongsberg. Firma zapewnia 24 miesi\\u0119czny okres gwarancji na napraw\\u0119 lub wymian\\u0119 wszystkich element\\u00f3w systemu. Szeroka dowolno\\u015b\\u0107 w instalowaniu, niezawodno\\u015b\\u0107 w dzia\\u0142aniu, doskona\\u0142e parametry technicznie, przyjazny interfejs u\\u017cytkownika, wszystko to powoduje, \\u017ce seria DDS 9000 stanowi ogromny skok ewolucyjny w systemach ochrony podwodnej.<\\\/p>\\n\n\n<p align=\\\"justify\\\">Kongsberg Mesotech Ltd. (KML) jest cz\\u0119\\u015bci\\u0105 firmy Kongsberg Maritime Subsea. KML jest producentem szerokiej gamy urz\\u0105dze\\u0144 i system\\u00f3w dla marynarki wojennej, rybo\\u0142\\u00f3wstwa, morskiego przemys\\u0142u wydobywczego, instytucji naukowych i innych u\\u017cytkownik\\u00f3w podwodnych urz\\u0105dze\\u0144 akustycznych. Urz\\u0105dzenia s\\u0105 produkowane w Vancouver \\\/ Port Coquitlam, British Columbia, Kanada.<\\\/p>\",\"animation\":\"slide-left-medium\",\"text_align\":\"justify\",\"text_align_breakpoint\":\"m\",\"text_align_fallback\":\"center\",\"text_size\":\"\",\"maxwidth\":\"xxlarge\"}}]}]}]}]} --><\/p>\n","protected":false},"excerpt":{"rendered":"<p>Kongsberg Mesotech DDS 9000T Firma Kongsberg Mesotech z Kanady wprowadzi\u0142a na rynek now\u0105 seri\u0119 sonar\u00f3w DDS 9000T s\u0142u\u017c\u0105cych do wykrywania p\u0142etwonurk\u00f3w w wodzie. Dwa nowe modele DDS9000 oraz DDS9001 pracuj\u0105 na cz\u0119stotliwo\u015bci 90 kHz optymalnej dla wykrywania p\u0142etwonurk\u00f3w. S\u0105 to modele o 200 stopniowym i 360 stopniowym pokryciu k\u0105towym w poziomie. Dost\u0119pne opcje tych modeli [&hellip;]<\/p>\n","protected":false},"author":6,"featured_media":0,"parent":0,"menu_order":0,"comment_status":"closed","ping_status":"closed","template":"","meta":{"footnotes":""},"class_list":["post-3763","page","type-page","status-publish","hentry"],"yoast_head":"<!-- This site is optimized with the Yoast SEO plugin v27.4 - https:\/\/yoast.com\/product\/yoast-seo-wordpress\/ -->\n<title>Kongsberg Mesotech DDS 9000T - ESCORT TECHNOLOGY<\/title>\n<meta name=\"robots\" content=\"index, follow, max-snippet:-1, max-image-preview:large, max-video-preview:-1\" \/>\n<link rel=\"canonical\" href=\"http:\/\/escort-technology.com\/en\/de\/kongsberg-mesotech-dds-9000t\/\" \/>\n<meta property=\"og:locale\" content=\"en_US\" \/>\n<meta property=\"og:type\" content=\"article\" \/>\n<meta property=\"og:title\" content=\"Kongsberg Mesotech DDS 9000T - ESCORT TECHNOLOGY\" \/>\n<meta property=\"og:description\" content=\"Kongsberg Mesotech DDS 9000T Firma Kongsberg Mesotech z Kanady wprowadzi\u0142a na rynek now\u0105 seri\u0119 sonar\u00f3w DDS 9000T s\u0142u\u017c\u0105cych do wykrywania p\u0142etwonurk\u00f3w w wodzie. Dwa nowe modele DDS9000 oraz DDS9001 pracuj\u0105 na cz\u0119stotliwo\u015bci 90 kHz optymalnej dla wykrywania p\u0142etwonurk\u00f3w. S\u0105 to modele o 200 stopniowym i 360 stopniowym pokryciu k\u0105towym w poziomie. Dost\u0119pne opcje tych modeli [&hellip;]\" \/>\n<meta property=\"og:url\" content=\"http:\/\/escort-technology.com\/en\/de\/kongsberg-mesotech-dds-9000t\/\" \/>\n<meta property=\"og:site_name\" content=\"ESCORT TECHNOLOGY\" \/>\n<meta property=\"article:publisher\" content=\"https:\/\/www.facebook.com\/elektronika.morska\/\" \/>\n<meta property=\"article:modified_time\" content=\"2018-05-21T07:19:26+00:00\" \/>\n<meta name=\"twitter:card\" content=\"summary_large_image\" \/>\n<meta name=\"twitter:label1\" content=\"Est. reading time\" \/>\n\t<meta name=\"twitter:data1\" content=\"2 minutes\" \/>\n<script type=\"application\/ld+json\" class=\"yoast-schema-graph\">{\"@context\":\"https:\\\/\\\/schema.org\",\"@graph\":[{\"@type\":\"WebPage\",\"@id\":\"http:\\\/\\\/escort-technology.com\\\/de\\\/kongsberg-mesotech-dds-9000t\\\/\",\"url\":\"http:\\\/\\\/escort-technology.com\\\/de\\\/kongsberg-mesotech-dds-9000t\\\/\",\"name\":\"Kongsberg Mesotech DDS 9000T - ESCORT TECHNOLOGY\",\"isPartOf\":{\"@id\":\"http:\\\/\\\/escort-technology.com\\\/de\\\/#website\"},\"datePublished\":\"2018-05-21T07:17:32+00:00\",\"dateModified\":\"2018-05-21T07:19:26+00:00\",\"breadcrumb\":{\"@id\":\"http:\\\/\\\/escort-technology.com\\\/de\\\/kongsberg-mesotech-dds-9000t\\\/#breadcrumb\"},\"inLanguage\":\"en-US\",\"potentialAction\":[{\"@type\":\"ReadAction\",\"target\":[\"http:\\\/\\\/escort-technology.com\\\/de\\\/kongsberg-mesotech-dds-9000t\\\/\"]}]},{\"@type\":\"BreadcrumbList\",\"@id\":\"http:\\\/\\\/escort-technology.com\\\/de\\\/kongsberg-mesotech-dds-9000t\\\/#breadcrumb\",\"itemListElement\":[{\"@type\":\"ListItem\",\"position\":1,\"name\":\"Strona g\u0142\u00f3wna\",\"item\":\"https:\\\/\\\/escort-technology.com\\\/\"},{\"@type\":\"ListItem\",\"position\":2,\"name\":\"Kongsberg Mesotech DDS 9000T\"}]},{\"@type\":\"WebSite\",\"@id\":\"http:\\\/\\\/escort-technology.com\\\/de\\\/#website\",\"url\":\"http:\\\/\\\/escort-technology.com\\\/de\\\/\",\"name\":\"ESCORT TECHNOLOGY\",\"description\":\"Elektronika morska i l\u0105dowa\",\"publisher\":{\"@id\":\"http:\\\/\\\/escort-technology.com\\\/de\\\/#organization\"},\"potentialAction\":[{\"@type\":\"SearchAction\",\"target\":{\"@type\":\"EntryPoint\",\"urlTemplate\":\"http:\\\/\\\/escort-technology.com\\\/de\\\/?s={search_term_string}\"},\"query-input\":{\"@type\":\"PropertyValueSpecification\",\"valueRequired\":true,\"valueName\":\"search_term_string\"}}],\"inLanguage\":\"en-US\"},{\"@type\":\"Organization\",\"@id\":\"http:\\\/\\\/escort-technology.com\\\/de\\\/#organization\",\"name\":\"ESCORT TECHNOLOGY\",\"url\":\"http:\\\/\\\/escort-technology.com\\\/de\\\/\",\"logo\":{\"@type\":\"ImageObject\",\"inLanguage\":\"en-US\",\"@id\":\"http:\\\/\\\/escort-technology.com\\\/de\\\/#\\\/schema\\\/logo\\\/image\\\/\",\"url\":\"https:\\\/\\\/escort-technology.com\\\/wp-content\\\/uploads\\\/logo-1.jpg\",\"contentUrl\":\"https:\\\/\\\/escort-technology.com\\\/wp-content\\\/uploads\\\/logo-1.jpg\",\"width\":600,\"height\":165,\"caption\":\"ESCORT TECHNOLOGY\"},\"image\":{\"@id\":\"http:\\\/\\\/escort-technology.com\\\/de\\\/#\\\/schema\\\/logo\\\/image\\\/\"},\"sameAs\":[\"https:\\\/\\\/www.facebook.com\\\/elektronika.morska\\\/\",\"https:\\\/\\\/www.linkedin.com\\\/company\\\/escort-sp-z-o-o-\\\/\"]}]}<\/script>\n<!-- \/ Yoast SEO plugin. -->","yoast_head_json":{"title":"Kongsberg Mesotech DDS 9000T - ESCORT TECHNOLOGY","robots":{"index":"index","follow":"follow","max-snippet":"max-snippet:-1","max-image-preview":"max-image-preview:large","max-video-preview":"max-video-preview:-1"},"canonical":"http:\/\/escort-technology.com\/en\/de\/kongsberg-mesotech-dds-9000t\/","og_locale":"en_US","og_type":"article","og_title":"Kongsberg Mesotech DDS 9000T - ESCORT TECHNOLOGY","og_description":"Kongsberg Mesotech DDS 9000T Firma Kongsberg Mesotech z Kanady wprowadzi\u0142a na rynek now\u0105 seri\u0119 sonar\u00f3w DDS 9000T s\u0142u\u017c\u0105cych do wykrywania p\u0142etwonurk\u00f3w w wodzie. Dwa nowe modele DDS9000 oraz DDS9001 pracuj\u0105 na cz\u0119stotliwo\u015bci 90 kHz optymalnej dla wykrywania p\u0142etwonurk\u00f3w. S\u0105 to modele o 200 stopniowym i 360 stopniowym pokryciu k\u0105towym w poziomie. Dost\u0119pne opcje tych modeli [&hellip;]","og_url":"http:\/\/escort-technology.com\/en\/de\/kongsberg-mesotech-dds-9000t\/","og_site_name":"ESCORT TECHNOLOGY","article_publisher":"https:\/\/www.facebook.com\/elektronika.morska\/","article_modified_time":"2018-05-21T07:19:26+00:00","twitter_card":"summary_large_image","twitter_misc":{"Est. reading time":"2 minutes"},"schema":{"@context":"https:\/\/schema.org","@graph":[{"@type":"WebPage","@id":"http:\/\/escort-technology.com\/de\/kongsberg-mesotech-dds-9000t\/","url":"http:\/\/escort-technology.com\/de\/kongsberg-mesotech-dds-9000t\/","name":"Kongsberg Mesotech DDS 9000T - ESCORT TECHNOLOGY","isPartOf":{"@id":"http:\/\/escort-technology.com\/de\/#website"},"datePublished":"2018-05-21T07:17:32+00:00","dateModified":"2018-05-21T07:19:26+00:00","breadcrumb":{"@id":"http:\/\/escort-technology.com\/de\/kongsberg-mesotech-dds-9000t\/#breadcrumb"},"inLanguage":"en-US","potentialAction":[{"@type":"ReadAction","target":["http:\/\/escort-technology.com\/de\/kongsberg-mesotech-dds-9000t\/"]}]},{"@type":"BreadcrumbList","@id":"http:\/\/escort-technology.com\/de\/kongsberg-mesotech-dds-9000t\/#breadcrumb","itemListElement":[{"@type":"ListItem","position":1,"name":"Strona g\u0142\u00f3wna","item":"https:\/\/escort-technology.com\/"},{"@type":"ListItem","position":2,"name":"Kongsberg Mesotech DDS 9000T"}]},{"@type":"WebSite","@id":"http:\/\/escort-technology.com\/de\/#website","url":"http:\/\/escort-technology.com\/de\/","name":"ESCORT TECHNOLOGY","description":"Onshore and offshore electronics","publisher":{"@id":"http:\/\/escort-technology.com\/de\/#organization"},"potentialAction":[{"@type":"SearchAction","target":{"@type":"EntryPoint","urlTemplate":"http:\/\/escort-technology.com\/de\/?s={search_term_string}"},"query-input":{"@type":"PropertyValueSpecification","valueRequired":true,"valueName":"search_term_string"}}],"inLanguage":"en-US"},{"@type":"Organization","@id":"http:\/\/escort-technology.com\/de\/#organization","name":"ESCORT TECHNOLOGY","url":"http:\/\/escort-technology.com\/de\/","logo":{"@type":"ImageObject","inLanguage":"en-US","@id":"http:\/\/escort-technology.com\/de\/#\/schema\/logo\/image\/","url":"https:\/\/escort-technology.com\/wp-content\/uploads\/logo-1.jpg","contentUrl":"https:\/\/escort-technology.com\/wp-content\/uploads\/logo-1.jpg","width":600,"height":165,"caption":"ESCORT TECHNOLOGY"},"image":{"@id":"http:\/\/escort-technology.com\/de\/#\/schema\/logo\/image\/"},"sameAs":["https:\/\/www.facebook.com\/elektronika.morska\/","https:\/\/www.linkedin.com\/company\/escort-sp-z-o-o-\/"]}]}},"_links":{"self":[{"href":"https:\/\/escort-technology.com\/en\/wp-json\/wp\/v2\/pages\/3763","targetHints":{"allow":["GET"]}}],"collection":[{"href":"https:\/\/escort-technology.com\/en\/wp-json\/wp\/v2\/pages"}],"about":[{"href":"https:\/\/escort-technology.com\/en\/wp-json\/wp\/v2\/types\/page"}],"author":[{"embeddable":true,"href":"https:\/\/escort-technology.com\/en\/wp-json\/wp\/v2\/users\/6"}],"replies":[{"embeddable":true,"href":"https:\/\/escort-technology.com\/en\/wp-json\/wp\/v2\/comments?post=3763"}],"version-history":[{"count":2,"href":"https:\/\/escort-technology.com\/en\/wp-json\/wp\/v2\/pages\/3763\/revisions"}],"predecessor-version":[{"id":3767,"href":"https:\/\/escort-technology.com\/en\/wp-json\/wp\/v2\/pages\/3763\/revisions\/3767"}],"wp:attachment":[{"href":"https:\/\/escort-technology.com\/en\/wp-json\/wp\/v2\/media?parent=3763"}],"curies":[{"name":"wp","href":"https:\/\/api.w.org\/{rel}","templated":true}]}}