{"id":4029,"date":"2018-05-23T07:41:08","date_gmt":"2018-05-23T07:41:08","guid":{"rendered":"http:\/\/escort-technology.com\/?page_id=4029"},"modified":"2021-12-27T12:37:44","modified_gmt":"2021-12-27T11:37:44","slug":"holowany-sonar-boczny-pulsar","status":"publish","type":"page","link":"https:\/\/escort-technology.com\/en\/holowany-sonar-boczny-pulsar\/","title":{"rendered":"Holowany Sonar Boczny PULSAR"},"content":{"rendered":"<h2>Holowany Sonar Boczny PULSAR<\/h2>\n<hr>\n<p><img decoding=\"async\" src=\"\/wp-content\/uploads\/2021\/12\/pobrane-_4_.jpg\" alt=\"\"><\/p>\n<div>\n<\/p>\n<table>\n<tbody>\n<tr>\n<td>\n<p><strong>Sonar boczny PulSAR jest sonarem holowanym przeznaczonym do obrazowania dna w bardzo wysokiej rozdzielczo\u015bci.\u00a0Zestaw stanowi\u0105 dwa szerokopasmowe kompozytowe przetworniki zamkni\u0119te\u00a0we wzmocnionej obudowie \u201eholowanej rybki\u201d,\u00a0interfejs pok\u0142adowy oraz kablolina nawini\u0119ta na rozwijany r\u0119cznie b\u0119ben. Sonar jest w stanie wykry\u0107 bardzo ma\u0142e obiekty\u00a0na stosunkowo du\u017cych zakresach pracy\u00a0i stanowi idealne rozwi\u0105zanie dla operacji poszukiwania i ratowania,\u00a0prowadzenia inspekcji podwodnych oraz naukowych i in\u017cynieryjnych prac badawczych.<\/strong><\/p>\n<p>System pracuje na cz\u0119stotliwo\u015bciach od 550kHz do\u00a01 MHz. W ca\u0142ym zakresie cz\u0119stotliwo\u015bci mo\u017cliwe jest wykorzystanie pracy impulsowej CW (Continuous Wave) oraz pracy z modulacj\u0105 cz\u0119stotliwo\u015bci FM (CHIRP) znacznie zwi\u0119kszaj\u0105cej rozdzielczo\u015b\u0107 zakresow\u0105 sonaru oraz redukcj\u0119 zak\u0142\u00f3ce\u0144. Zestaw zawiera kompaktow\u0105 \u201eholowana rybk\u0119\u201d z obudow\u0105 wykonan\u0105 ze stali nierdzewnej z dwoma szerokopasmowymi przetwornikami, pok\u0142adowy interfejs zasilaj\u0105co-steruj\u0105cy wraz z przewodem pok\u0142adowym, b\u0119ben\u00a0z pier\u015bcieniem \u015blizgowym (tzw. slip ring) umo\u017cliwiaj\u0105cy r\u0119czne wydawanie i zwijanie kabloliny do holowania \u201erybki\u201d\u00a0o d\u0142ugo\u015bci od 100m do 300m oraz zintegrowany GPS zdatny do odbieranie poprawek r\u00f3\u017cnicowych z systemu SBAS. Mo\u017cliwe jest r\u00f3wnie\u017c pod\u0142\u0105czenie do komputera zewn\u0119trznego sygna\u0142u GPS za pomoc\u0105 portu szeregowego RS232.\u00a0System zosta\u0142 specjalnie zaprojektowany do wykorzystania go na ma\u0142ych otwarto pok\u0142adowych jednostkach (posiada stopie\u0144 ochronny IP66). Mo\u017ce by\u0107 zasilany z napi\u0119cia pr\u0105du zmiennego 230V lub napi\u0119cia pr\u0105du sta\u0142ego akumulatora 24V.<\/p>\n<p>System dostarczany jest wraz z oprogramowaniem uruchamianym na komputerze przeno\u015bnym operatora. Wymiana danych pomi\u0119dzy interfejsem a komputerem odbywa si\u0119 za pomoc\u0105 przewodu sieciowego LAN. Program umo\u017cliwia przetwarzanie surowych danych sonarowych oraz ich wy\u015bwietlanie, posiada r\u00f3wnie\u017c\u00a0w standardzie modu\u0142 plotera nawigacyjnego wspomagaj\u0105cego poszukiwanie i prowadzenie pracy\u00a0w terenie.\u00a0 Mo\u017cliwy jest zapis danych w formacie smb, xtf oraz export do plik\u00f3w GeoTIFF.\u00a0System jest prosty w obs\u0142udze, umo\u017cliwia szybk\u0105 mobilizacj\u0119 oraz intuicyjn\u0105 prac\u0119 z oprogramowaniem, dzi\u0119ki czemu jest bardzo dobrym rozwi\u0105zaniem dla prowadzenia operacji SAR, podwodnych prac in\u017cynieryjnych. Wysoka rozdzielczo\u015b\u0107 osi\u0105gana przez system skutkuje mo\u017cliwo\u015bci\u0105 szczeg\u00f3\u0142owego obrazowania obiekt\u00f3w znajduj\u0105cych si\u0119 na dnie akwen\u00f3w wodnych. Jest r\u00f3wnie\u017c doskona\u0142ym narz\u0119dziem do wykorzystania przez naukowc\u00f3w, geolog\u00f3w, geofizyk\u00f3w oraz archeolog\u00f3w.<\/p>\n<\/td>\n<\/tr>\n<\/tbody>\n<\/table>\n<table>\n<tbody>\n<tr>\n<td>\n<p><strong>ZALETY \u00a0 \u00a0 \u00a0<\/strong><\/p>\n<ul>\n<li>\u0141atwe przygotowanie i operowanie<\/li>\n<li>Mocna obudowa \u201eholowanej rybki\u201d<\/li>\n<li>Bryzgoszczelny interfejs (IP66)<\/li>\n<li>Cz\u0119stotliwo\u015b\u0107 od 550kHz \u2013 1000kHz<\/li>\n<li>Mo\u017cliwo\u015b\u0107 pracy impulsowej CW<br \/>oraz CHIRP (FM)<\/li>\n<li>Zintegrowany odbiornik GPS<br \/>w zestawie (poprawki SBAS)<\/li>\n<li>Kablolina holownicza<\/li>\n<li>B\u0119ben ze slip ringiem + korba r\u0119czna<\/li>\n<li>Program do akwizycji oraz przetwarzania<br \/>danych sonarowych<\/li>\n<\/ul>\n<\/td>\n<td><\/td>\n<\/tr>\n<\/tbody>\n<\/table>\n<p>SPECYFIKACJA TECHNICZNA<\/p>\n<table align=\"left\">\n<tbody>\n<tr>\n<td>\n<p><strong>WYDAJNO\u015a\u0106<\/strong><\/p>\n<p>Maksymalny zasi\u0119g (na ka\u017cd\u0105 stron\u0119)<\/p>\n<p>550 kHz \u2013 100m CW<\/p>\n<p>550kHz \u2013 150m FM<\/p>\n<p>Szeroko\u015b\u0107 wi\u0105zki<\/p>\n<ul>\n<li>50<sup>o<\/sup> x 0.5<sup>o<\/sup> \u2013 0.4<sup>o<\/sup><\/li>\n<\/ul>\n<p>Cz\u0119stotliwo\u015b\u0107 impulsowania<\/p>\n<ul>\n<li>25 impuls\u00f3w na zakresie 30m<\/li>\n<li>5 impuls\u00f3w na zakresie 300m<\/li>\n<\/ul>\n<p>D\u0142ugo\u015b\u0107 trwania impulsu<\/p>\n<ul>\n<li>Ustawiana automatycznie<\/li>\n<\/ul>\n<p>Maksymalna rozdzielczo\u015b\u0107 poprzeczna<\/p>\n<ul>\n<li>10mm<\/li>\n<\/ul>\n<p>Maksymalna rozdzielczo\u015b\u0107 wzd\u0142u\u017cna<\/p>\n<ul>\n<li>0.07m przy zakresie 10m<\/li>\n<li>0.35m przy zakresie 50m<\/li>\n<li>0.69m przy zakresie 100m<\/li>\n<\/ul>\n<p>D\u0142ugo\u015b\u0107 kabloliny<\/p>\n<ul>\n<li>100m (opcjonalnie do 300m)<\/li>\n<\/ul>\n<\/p>\n<\/p>\n<\/p>\n<\/p>\n<\/td>\n<td>\n<p><strong>JEDNOSTKA POK\u0141ADOWA (INTERFEJS)<\/strong><\/p>\n<p>Wymagania dotycz\u0105ce zasilania:<\/p>\n<ul>\n<li>10-30 VDC 43 W max<\/li>\n<li>110\/230 VAC, 50-60 Hz, 50 W max<\/li>\n<\/ul>\n<p>Wymiary: 30cm x 20cm 8.5cm<br \/>(szeroko\u015b\u0107 x\u00a0 g\u0142\u0119boko\u015b\u0107 x\u00a0 wysoko\u015b\u0107)<\/p>\n<p>Waga: 5 kg<\/p>\n<p>Temperatura:<\/p>\n<ul>\n<li>przechowywanie: od -20<sup> o<\/sup> do +70<sup> o<\/sup>C<\/li>\n<li>praca: od 0<sup> o<\/sup> do +40<sup> o<\/sup>C<\/li>\n<\/ul>\n<p>Wymagana dotycz\u0105ce wilgotno\u015bci:<\/p>\n<ul>\n<li>od 10%<sup>\u00a0<\/sup>do 90% wilgotno\u015bci wzgl\u0119dnej,<br \/>bez kondensacji pary wodnej<\/li>\n<\/ul>\n<p>Gniazda wej\u015b\u0107\/wyj\u015b\u0107:<\/p>\n<ul>\n<li>gniazdo zasilania AC, gniazdo zasilania DC,<br \/>gniazdo przewodu pok\u0142adowego, wej\u015bcie USB,<br \/>ethernet, GPS<\/li>\n<\/ul>\n<p>Laptop jest dost\u0119pny opcjonalnie.<\/p>\n<p><strong>HOLOWANA RYBKA<\/strong><\/p>\n<ul>\n<li>Obudowa ze stali nierdzewnej z r\u0119koje\u015bci\u0105<br \/>do przenoszenia ryby<\/li>\n<li>Plastikowe sto\u017ckowe zako\u0144czenie nosa ryby<\/li>\n<\/ul>\n<p>Wymiary: 9cm x 110cm (\u015br.\u00a0 x\u00a0 d\u0142.),<br \/>ogon (3 p\u0142etwy o d\u0142. 7,5 cm)<\/p>\n<p>Waga: 16,5 kg<\/p>\n<p>Pr\u0119dko\u015b\u0107 holowania: od 1 do 12 w\u0119z\u0142\u00f3w<\/p>\n<p>Przetworniki:<\/p>\n<ul>\n<li>Wykonane w technologii kompozytowej<\/li>\n<li>223 \u00b1 3 dB re 1 \u03bcPa @ 1m<\/li>\n<li>Czu\u0142o\u015b\u0107: -190 dB re 1V\/\u03bcPa<\/li>\n<li>Odchylenie monta\u017cowe od osi horyzontalnej: 30<sup>o<\/sup><\/li>\n<\/ul>\n<\/td>\n<\/tr>\n<\/tbody>\n<\/table>\n<\/div>\n<p><img decoding=\"async\" src=\"\/wp-content\/uploads\/2021\/12\/pobrane-_6_.jpg\" alt=\"\"><\/p>\n<p>\n    <a href=\"http:\/\/www.escort.com.pl\/images\/escort\/oferta\/hydro\/PULSAR\/PULSAR_-_broszura_PL.pdf\">Broszura<\/a>\n<\/p>\n<p><!--more--><br \/>\n<!-- {\"name\":\"\",\"type\":\"layout\",\"children\":[{\"name\":\"ANTENA\",\"type\":\"section\",\"props\":{\"width\":\"large\",\"padding\":\"xsmall\",\"style\":\"default\",\"media\":\"\",\"height_viewport\":false,\"header_overlay\":\"light\",\"animation\":\"slide-top-medium\",\"padding_remove_top\":false,\"image_size\":\"cover\",\"image\":\"\",\"image_position\":\"bottom-center\",\"image_fixed\":false,\"class\":\"\",\"overlap\":true,\"vertical_align\":\"middle\",\"title_position\":\"top-left\",\"title_rotation\":\"left\",\"title_breakpoint\":\"xl\"},\"children\":[{\"name\":\"\",\"type\":\"row\",\"children\":[{\"name\":\"\",\"type\":\"column\",\"props\":{\"image_position\":\"center-center\",\"width_medium\":\"1-1\",\"media_overlay_gradient\":\"\"},\"children\":[{\"name\":\"\",\"type\":\"headline\",\"props\":{\"title_element\":\"h2\",\"content\":\"Holowany Sonar Boczny PULSAR\",\"text_align\":\"center\",\"text_align_fallback\":\"center\",\"title_style\":\"h2\",\"block_align\":\"center\"}},{\"name\":\"\",\"type\":\"divider\",\"props\":{\"divider_element\":\"hr\"}},{\"type\":\"image\",\"props\":{\"margin\":\"default\",\"image_svg_color\":\"emphasis\",\"image\":\"wp-content\\\/uploads\\\/2021\\\/12\\\/pobrane-_4_.jpg\",\"text_align\":\"center\"}},{\"name\":\"\",\"type\":\"text\",\"props\":{\"column_breakpoint\":\"m\",\"margin\":\"medium\",\"content\":\"\n\n<p><\\\/p>\\n\n\n<p><\\\/p>\\n\n\n<table>\\n\n\n<tbody>\\n\n\n<tr>\\n\n\n<td>\\n\n\n<p><strong>Sonar boczny PulSAR jest sonarem holowanym przeznaczonym do obrazowania dna w bardzo wysokiej rozdzielczo\\u015bci.\\u00a0Zestaw stanowi\\u0105 dwa szerokopasmowe kompozytowe przetworniki zamkni\\u0119te\\u00a0we wzmocnionej obudowie \\u201eholowanej rybki\\u201d,\\u00a0interfejs pok\\u0142adowy oraz kablolina nawini\\u0119ta na rozwijany r\\u0119cznie b\\u0119ben. Sonar jest w stanie wykry\\u0107 bardzo ma\\u0142e obiekty\\u00a0na stosunkowo du\\u017cych zakresach pracy\\u00a0i stanowi idealne rozwi\\u0105zanie dla operacji poszukiwania i ratowania,\\u00a0prowadzenia inspekcji podwodnych oraz naukowych i in\\u017cynieryjnych prac badawczych.<\\\/strong><\\\/p>\\n\n\n<p>System pracuje na cz\\u0119stotliwo\\u015bciach od 550kHz do\\u00a01 MHz. W ca\\u0142ym zakresie cz\\u0119stotliwo\\u015bci mo\\u017cliwe jest wykorzystanie pracy impulsowej CW (Continuous Wave) oraz pracy z modulacj\\u0105 cz\\u0119stotliwo\\u015bci FM (CHIRP) znacznie zwi\\u0119kszaj\\u0105cej rozdzielczo\\u015b\\u0107 zakresow\\u0105 sonaru oraz redukcj\\u0119 zak\\u0142\\u00f3ce\\u0144. Zestaw zawiera kompaktow\\u0105 \\u201eholowana rybk\\u0119\\u201d z obudow\\u0105 wykonan\\u0105 ze stali nierdzewnej z dwoma szerokopasmowymi przetwornikami, pok\\u0142adowy interfejs zasilaj\\u0105co-steruj\\u0105cy wraz z przewodem pok\\u0142adowym, b\\u0119ben\\u00a0z pier\\u015bcieniem \\u015blizgowym (tzw. slip ring) umo\\u017cliwiaj\\u0105cy r\\u0119czne wydawanie i zwijanie kabloliny do holowania \\u201erybki\\u201d\\u00a0o d\\u0142ugo\\u015bci od 100m do 300m oraz zintegrowany GPS zdatny do odbieranie poprawek r\\u00f3\\u017cnicowych z systemu SBAS. Mo\\u017cliwe jest r\\u00f3wnie\\u017c pod\\u0142\\u0105czenie do komputera zewn\\u0119trznego sygna\\u0142u GPS za pomoc\\u0105 portu szeregowego RS232.\\u00a0System zosta\\u0142 specjalnie zaprojektowany do wykorzystania go na ma\\u0142ych otwarto pok\\u0142adowych jednostkach (posiada stopie\\u0144 ochronny IP66). Mo\\u017ce by\\u0107 zasilany z napi\\u0119cia pr\\u0105du zmiennego 230V lub napi\\u0119cia pr\\u0105du sta\\u0142ego akumulatora 24V.<\\\/p>\\n\n\n<p>System dostarczany jest wraz z oprogramowaniem uruchamianym na komputerze przeno\\u015bnym operatora. Wymiana danych pomi\\u0119dzy interfejsem a komputerem odbywa si\\u0119 za pomoc\\u0105 przewodu sieciowego LAN. Program umo\\u017cliwia przetwarzanie surowych danych sonarowych oraz ich wy\\u015bwietlanie, posiada r\\u00f3wnie\\u017c\\u00a0w standardzie modu\\u0142 plotera nawigacyjnego wspomagaj\\u0105cego poszukiwanie i prowadzenie pracy\\u00a0w terenie.\\u00a0 Mo\\u017cliwy jest zapis danych w formacie smb, xtf oraz export do plik\\u00f3w GeoTIFF.\\u00a0System jest prosty w obs\\u0142udze, umo\\u017cliwia szybk\\u0105 mobilizacj\\u0119 oraz intuicyjn\\u0105 prac\\u0119 z oprogramowaniem, dzi\\u0119ki czemu jest bardzo dobrym rozwi\\u0105zaniem dla prowadzenia operacji SAR, podwodnych prac in\\u017cynieryjnych. Wysoka rozdzielczo\\u015b\\u0107 osi\\u0105gana przez system skutkuje mo\\u017cliwo\\u015bci\\u0105 szczeg\\u00f3\\u0142owego obrazowania obiekt\\u00f3w znajduj\\u0105cych si\\u0119 na dnie akwen\\u00f3w wodnych. Jest r\\u00f3wnie\\u017c doskona\\u0142ym narz\\u0119dziem do wykorzystania przez naukowc\\u00f3w, geolog\\u00f3w, geofizyk\\u00f3w oraz archeolog\\u00f3w.<\\\/p>\\n<\\\/td>\\n<\\\/tr>\\n<\\\/tbody>\\n<\\\/table>\\n\n\n<p><\\\/p>\\n\n\n<table>\\n\n\n<tbody>\\n\n\n<tr>\\n\n\n<td>\\n\n\n<p><strong>ZALETY \\u00a0 \\u00a0 \\u00a0<\\\/strong><\\\/p>\\n\n\n<ul>\\n\n\n<li>\\u0141atwe przygotowanie i operowanie<\\\/li>\\n\n\n<li>Mocna obudowa \\u201eholowanej rybki\\u201d<\\\/li>\\n\n\n<li>Bryzgoszczelny interfejs (IP66)<\\\/li>\\n\n\n<li>Cz\\u0119stotliwo\\u015b\\u0107 od 550kHz \\u2013 1000kHz<\\\/li>\\n\n\n<li>Mo\\u017cliwo\\u015b\\u0107 pracy impulsowej CW<br \\\/>oraz CHIRP (FM)<\\\/li>\\n\n\n<li>Zintegrowany odbiornik GPS<br \\\/>w zestawie (poprawki SBAS)<\\\/li>\\n\n\n<li>Kablolina holownicza<\\\/li>\\n\n\n<li>B\\u0119ben ze slip ringiem + korba r\\u0119czna<\\\/li>\\n\n\n<li>Program do akwizycji oraz przetwarzania<br \\\/>danych sonarowych<\\\/li>\\n<\\\/ul>\\n<\\\/td>\\n\n\n<td><\\\/td>\\n<\\\/tr>\\n<\\\/tbody>\\n<\\\/table>\\n\n\n<p>SPECYFIKACJA TECHNICZNA<\\\/p>\\n\n\n<table align=\\\"left\\\">\\n\n\n<tbody>\\n\n\n<tr>\\n\n\n<td>\\n\n\n<p><strong>WYDAJNO\\u015a\\u0106<\\\/strong><\\\/p>\\n\n\n<p>Maksymalny zasi\\u0119g (na ka\\u017cd\\u0105 stron\\u0119)<\\\/p>\\n\n\n<p>550 kHz \\u2013 100m CW<\\\/p>\\n\n\n<p>550kHz \\u2013 150m FM<\\\/p>\\n\n\n<p>Szeroko\\u015b\\u0107 wi\\u0105zki<\\\/p>\\n\n\n<ul>\\n\n\n<li>50<sup>o<\\\/sup> x 0.5<sup>o<\\\/sup> \\u2013 0.4<sup>o<\\\/sup><\\\/li>\\n<\\\/ul>\\n\n\n<p>Cz\\u0119stotliwo\\u015b\\u0107 impulsowania<\\\/p>\\n\n\n<ul>\\n\n\n<li>25 impuls\\u00f3w na zakresie 30m<\\\/li>\\n\n\n<li>5 impuls\\u00f3w na zakresie 300m<\\\/li>\\n<\\\/ul>\\n\n\n<p>D\\u0142ugo\\u015b\\u0107 trwania impulsu<\\\/p>\\n\n\n<ul>\\n\n\n<li>Ustawiana automatycznie<\\\/li>\\n<\\\/ul>\\n\n\n<p>Maksymalna rozdzielczo\\u015b\\u0107 poprzeczna<\\\/p>\\n\n\n<ul>\\n\n\n<li>10mm<\\\/li>\\n<\\\/ul>\\n\n\n<p>Maksymalna rozdzielczo\\u015b\\u0107 wzd\\u0142u\\u017cna<\\\/p>\\n\n\n<ul>\\n\n\n<li>0.07m przy zakresie 10m<\\\/li>\\n\n\n<li>0.35m przy zakresie 50m<\\\/li>\\n\n\n<li>0.69m przy zakresie 100m<\\\/li>\\n<\\\/ul>\\n\n\n<p>D\\u0142ugo\\u015b\\u0107 kabloliny<\\\/p>\\n\n\n<ul>\\n\n\n<li>100m (opcjonalnie do 300m)<\\\/li>\\n<\\\/ul>\\n\n\n<p><\\\/p>\\n\n\n<p><\\\/p>\\n\n\n<p><\\\/p>\\n\n\n<p><\\\/p>\\n\n\n<p><\\\/p>\\n\n\n<p><\\\/p>\\n\n\n<p><\\\/p>\\n\n\n<p><\\\/p>\\n\n\n<p><\\\/p>\\n<\\\/td>\\n\n\n<td>\\n\n\n<p><strong>JEDNOSTKA POK\\u0141ADOWA (INTERFEJS)<\\\/strong><\\\/p>\\n\n\n<p>Wymagania dotycz\\u0105ce zasilania:<\\\/p>\\n\n\n<ul>\\n\n\n<li>10-30 VDC 43 W max<\\\/li>\\n\n\n<li>110\\\/230 VAC, 50-60 Hz, 50 W max<\\\/li>\\n<\\\/ul>\\n\n\n<p>Wymiary: 30cm x 20cm 8.5cm<br \\\/>(szeroko\\u015b\\u0107 x\\u00a0 g\\u0142\\u0119boko\\u015b\\u0107 x\\u00a0 wysoko\\u015b\\u0107)<\\\/p>\\n\n\n<p>Waga: 5 kg<\\\/p>\\n\n\n<p>Temperatura:<\\\/p>\\n\n\n<ul>\\n\n\n<li>przechowywanie: od -20<sup> o<\\\/sup> do +70<sup> o<\\\/sup>C<\\\/li>\\n\n\n<li>praca: od 0<sup> o<\\\/sup> do +40<sup> o<\\\/sup>C<\\\/li>\\n<\\\/ul>\\n\n\n<p>Wymagana dotycz\\u0105ce wilgotno\\u015bci:<\\\/p>\\n\n\n<ul>\\n\n\n<li>od 10%<sup>\\u00a0<\\\/sup>do 90% wilgotno\\u015bci wzgl\\u0119dnej,<br \\\/>bez kondensacji pary wodnej<\\\/li>\\n<\\\/ul>\\n\n\n<p>Gniazda wej\\u015b\\u0107\\\/wyj\\u015b\\u0107:<\\\/p>\\n\n\n<ul>\\n\n\n<li>gniazdo zasilania AC, gniazdo zasilania DC,<br \\\/>gniazdo przewodu pok\\u0142adowego, wej\\u015bcie USB,<br \\\/>ethernet, GPS<\\\/li>\\n<\\\/ul>\\n\n\n<p>Laptop jest dost\\u0119pny opcjonalnie.<\\\/p>\\n\n\n<p><strong>HOLOWANA RYBKA<\\\/strong><\\\/p>\\n\n\n<ul>\\n\n\n<li>Obudowa ze stali nierdzewnej z r\\u0119koje\\u015bci\\u0105<br \\\/>do przenoszenia ryby<\\\/li>\\n\n\n<li>Plastikowe sto\\u017ckowe zako\\u0144czenie nosa ryby<\\\/li>\\n<\\\/ul>\\n\n\n<p>Wymiary: 9cm x 110cm (\\u015br.\\u00a0 x\\u00a0 d\\u0142.),<br \\\/>ogon (3 p\\u0142etwy o d\\u0142. 7,5 cm)<\\\/p>\\n\n\n<p>Waga: 16,5 kg<\\\/p>\\n\n\n<p>Pr\\u0119dko\\u015b\\u0107 holowania: od 1 do 12 w\\u0119z\\u0142\\u00f3w<\\\/p>\\n\n\n<p>Przetworniki:<\\\/p>\\n\n\n<ul>\\n\n\n<li>Wykonane w technologii kompozytowej<\\\/li>\\n\n\n<li>223 \\u00b1 3 dB re 1 \\u03bcPa @ 1m<\\\/li>\\n\n\n<li>Czu\\u0142o\\u015b\\u0107: -190 dB re 1V\\\/\\u03bcPa<\\\/li>\\n\n\n<li>Odchylenie monta\\u017cowe od osi horyzontalnej: 30<sup>o<\\\/sup><\\\/li>\\n<\\\/ul>\\n<\\\/td>\\n<\\\/tr>\\n<\\\/tbody>\\n<\\\/table>\",\"animation\":\"slide-left-medium\",\"text_align\":\"justify\",\"text_align_breakpoint\":\"m\",\"text_align_fallback\":\"center\",\"maxwidth\":\"2xlarge\",\"block_align\":\"center\"}},{\"type\":\"image\",\"props\":{\"margin\":\"default\",\"image_svg_color\":\"emphasis\",\"image\":\"wp-content\\\/uploads\\\/2021\\\/12\\\/pobrane-_6_.jpg\",\"text_align\":\"center\",\"image_width\":\"450\"}},{\"type\":\"button\",\"props\":{\"grid_column_gap\":\"small\",\"grid_row_gap\":\"small\",\"margin\":\"default\",\"text_align\":\"center\"},\"children\":[{\"type\":\"button_item\",\"props\":{\"button_style\":\"default\",\"icon_align\":\"left\",\"link\":\"http:\\\/\\\/www.escort.com.pl\\\/images\\\/escort\\\/oferta\\\/hydro\\\/PULSAR\\\/PULSAR_-_broszura_PL.pdf\",\"content\":\"Broszura\"}}]}]}]}]}],\"version\":\"2.6.7\"} --><\/p>\n","protected":false},"excerpt":{"rendered":"<p>Holowany Sonar Boczny PULSAR Sonar boczny PulSAR jest sonarem holowanym przeznaczonym do obrazowania dna w bardzo wysokiej rozdzielczo\u015bci.\u00a0Zestaw stanowi\u0105 dwa szerokopasmowe kompozytowe przetworniki zamkni\u0119te\u00a0we wzmocnionej obudowie \u201eholowanej rybki\u201d,\u00a0interfejs pok\u0142adowy oraz kablolina nawini\u0119ta na rozwijany r\u0119cznie b\u0119ben. Sonar jest w stanie wykry\u0107 bardzo ma\u0142e obiekty\u00a0na stosunkowo du\u017cych zakresach pracy\u00a0i stanowi idealne rozwi\u0105zanie dla operacji poszukiwania i [&hellip;]<\/p>\n","protected":false},"author":6,"featured_media":0,"parent":0,"menu_order":0,"comment_status":"closed","ping_status":"closed","template":"","meta":{"footnotes":""},"class_list":["post-4029","page","type-page","status-publish","hentry"],"yoast_head":"<!-- This site is optimized with the Yoast SEO plugin v27.5 - https:\/\/yoast.com\/product\/yoast-seo-wordpress\/ -->\n<title>Holowany Sonar Boczny PULSAR - ESCORT TECHNOLOGY<\/title>\n<meta name=\"robots\" content=\"index, follow, max-snippet:-1, max-image-preview:large, max-video-preview:-1\" \/>\n<link rel=\"canonical\" href=\"https:\/\/escort-technology.com\/en\/holowany-sonar-boczny-pulsar\/\" \/>\n<meta property=\"og:locale\" content=\"en_US\" \/>\n<meta property=\"og:type\" content=\"article\" \/>\n<meta property=\"og:title\" content=\"Holowany Sonar Boczny PULSAR - ESCORT TECHNOLOGY\" \/>\n<meta property=\"og:description\" content=\"Holowany Sonar Boczny PULSAR Sonar boczny PulSAR jest sonarem holowanym przeznaczonym do obrazowania dna w bardzo wysokiej rozdzielczo\u015bci.\u00a0Zestaw stanowi\u0105 dwa szerokopasmowe kompozytowe przetworniki zamkni\u0119te\u00a0we wzmocnionej obudowie \u201eholowanej rybki\u201d,\u00a0interfejs pok\u0142adowy oraz kablolina nawini\u0119ta na rozwijany r\u0119cznie b\u0119ben. Sonar jest w stanie wykry\u0107 bardzo ma\u0142e obiekty\u00a0na stosunkowo du\u017cych zakresach pracy\u00a0i stanowi idealne rozwi\u0105zanie dla operacji poszukiwania i [&hellip;]\" \/>\n<meta property=\"og:url\" content=\"https:\/\/escort-technology.com\/en\/holowany-sonar-boczny-pulsar\/\" \/>\n<meta property=\"og:site_name\" content=\"ESCORT TECHNOLOGY\" \/>\n<meta property=\"article:publisher\" content=\"https:\/\/www.facebook.com\/elektronika.morska\/\" \/>\n<meta property=\"article:modified_time\" content=\"2021-12-27T11:37:44+00:00\" \/>\n<meta property=\"og:image\" content=\"https:\/\/escort-technology.com\/wp-content\/uploads\/2021\/12\/pobrane-_4_.jpg\" \/>\n<meta name=\"twitter:card\" content=\"summary_large_image\" \/>\n<meta name=\"twitter:label1\" content=\"Est. reading time\" \/>\n\t<meta name=\"twitter:data1\" content=\"3 minutes\" \/>\n<script type=\"application\/ld+json\" class=\"yoast-schema-graph\">{\"@context\":\"https:\\\/\\\/schema.org\",\"@graph\":[{\"@type\":\"WebPage\",\"@id\":\"https:\\\/\\\/escort-technology.com\\\/holowany-sonar-boczny-pulsar\\\/\",\"url\":\"https:\\\/\\\/escort-technology.com\\\/holowany-sonar-boczny-pulsar\\\/\",\"name\":\"Holowany Sonar Boczny PULSAR - ESCORT TECHNOLOGY\",\"isPartOf\":{\"@id\":\"http:\\\/\\\/escort-technology.com\\\/de\\\/#website\"},\"datePublished\":\"2018-05-23T07:41:08+00:00\",\"dateModified\":\"2021-12-27T11:37:44+00:00\",\"breadcrumb\":{\"@id\":\"https:\\\/\\\/escort-technology.com\\\/holowany-sonar-boczny-pulsar\\\/#breadcrumb\"},\"inLanguage\":\"en-US\",\"potentialAction\":[{\"@type\":\"ReadAction\",\"target\":[\"https:\\\/\\\/escort-technology.com\\\/holowany-sonar-boczny-pulsar\\\/\"]}]},{\"@type\":\"BreadcrumbList\",\"@id\":\"https:\\\/\\\/escort-technology.com\\\/holowany-sonar-boczny-pulsar\\\/#breadcrumb\",\"itemListElement\":[{\"@type\":\"ListItem\",\"position\":1,\"name\":\"Strona g\u0142\u00f3wna\",\"item\":\"https:\\\/\\\/escort-technology.com\\\/\"},{\"@type\":\"ListItem\",\"position\":2,\"name\":\"Holowany Sonar Boczny PULSAR\"}]},{\"@type\":\"WebSite\",\"@id\":\"http:\\\/\\\/escort-technology.com\\\/de\\\/#website\",\"url\":\"http:\\\/\\\/escort-technology.com\\\/de\\\/\",\"name\":\"ESCORT TECHNOLOGY\",\"description\":\"Elektronika morska i l\u0105dowa\",\"publisher\":{\"@id\":\"http:\\\/\\\/escort-technology.com\\\/de\\\/#organization\"},\"potentialAction\":[{\"@type\":\"SearchAction\",\"target\":{\"@type\":\"EntryPoint\",\"urlTemplate\":\"http:\\\/\\\/escort-technology.com\\\/de\\\/?s={search_term_string}\"},\"query-input\":{\"@type\":\"PropertyValueSpecification\",\"valueRequired\":true,\"valueName\":\"search_term_string\"}}],\"inLanguage\":\"en-US\"},{\"@type\":\"Organization\",\"@id\":\"http:\\\/\\\/escort-technology.com\\\/de\\\/#organization\",\"name\":\"ESCORT TECHNOLOGY\",\"url\":\"http:\\\/\\\/escort-technology.com\\\/de\\\/\",\"logo\":{\"@type\":\"ImageObject\",\"inLanguage\":\"en-US\",\"@id\":\"http:\\\/\\\/escort-technology.com\\\/de\\\/#\\\/schema\\\/logo\\\/image\\\/\",\"url\":\"https:\\\/\\\/escort-technology.com\\\/wp-content\\\/uploads\\\/logo-1.jpg\",\"contentUrl\":\"https:\\\/\\\/escort-technology.com\\\/wp-content\\\/uploads\\\/logo-1.jpg\",\"width\":600,\"height\":165,\"caption\":\"ESCORT TECHNOLOGY\"},\"image\":{\"@id\":\"http:\\\/\\\/escort-technology.com\\\/de\\\/#\\\/schema\\\/logo\\\/image\\\/\"},\"sameAs\":[\"https:\\\/\\\/www.facebook.com\\\/elektronika.morska\\\/\",\"https:\\\/\\\/www.linkedin.com\\\/company\\\/escort-sp-z-o-o-\\\/\"]}]}<\/script>\n<!-- \/ Yoast SEO plugin. -->","yoast_head_json":{"title":"Holowany Sonar Boczny PULSAR - ESCORT TECHNOLOGY","robots":{"index":"index","follow":"follow","max-snippet":"max-snippet:-1","max-image-preview":"max-image-preview:large","max-video-preview":"max-video-preview:-1"},"canonical":"https:\/\/escort-technology.com\/en\/holowany-sonar-boczny-pulsar\/","og_locale":"en_US","og_type":"article","og_title":"Holowany Sonar Boczny PULSAR - ESCORT TECHNOLOGY","og_description":"Holowany Sonar Boczny PULSAR Sonar boczny PulSAR jest sonarem holowanym przeznaczonym do obrazowania dna w bardzo wysokiej rozdzielczo\u015bci.\u00a0Zestaw stanowi\u0105 dwa szerokopasmowe kompozytowe przetworniki zamkni\u0119te\u00a0we wzmocnionej obudowie \u201eholowanej rybki\u201d,\u00a0interfejs pok\u0142adowy oraz kablolina nawini\u0119ta na rozwijany r\u0119cznie b\u0119ben. Sonar jest w stanie wykry\u0107 bardzo ma\u0142e obiekty\u00a0na stosunkowo du\u017cych zakresach pracy\u00a0i stanowi idealne rozwi\u0105zanie dla operacji poszukiwania i [&hellip;]","og_url":"https:\/\/escort-technology.com\/en\/holowany-sonar-boczny-pulsar\/","og_site_name":"ESCORT TECHNOLOGY","article_publisher":"https:\/\/www.facebook.com\/elektronika.morska\/","article_modified_time":"2021-12-27T11:37:44+00:00","og_image":[{"url":"https:\/\/escort-technology.com\/wp-content\/uploads\/2021\/12\/pobrane-_4_.jpg","type":"","width":"","height":""}],"twitter_card":"summary_large_image","twitter_misc":{"Est. reading time":"3 minutes"},"schema":{"@context":"https:\/\/schema.org","@graph":[{"@type":"WebPage","@id":"https:\/\/escort-technology.com\/holowany-sonar-boczny-pulsar\/","url":"https:\/\/escort-technology.com\/holowany-sonar-boczny-pulsar\/","name":"Holowany Sonar Boczny PULSAR - ESCORT TECHNOLOGY","isPartOf":{"@id":"http:\/\/escort-technology.com\/de\/#website"},"datePublished":"2018-05-23T07:41:08+00:00","dateModified":"2021-12-27T11:37:44+00:00","breadcrumb":{"@id":"https:\/\/escort-technology.com\/holowany-sonar-boczny-pulsar\/#breadcrumb"},"inLanguage":"en-US","potentialAction":[{"@type":"ReadAction","target":["https:\/\/escort-technology.com\/holowany-sonar-boczny-pulsar\/"]}]},{"@type":"BreadcrumbList","@id":"https:\/\/escort-technology.com\/holowany-sonar-boczny-pulsar\/#breadcrumb","itemListElement":[{"@type":"ListItem","position":1,"name":"Strona g\u0142\u00f3wna","item":"https:\/\/escort-technology.com\/"},{"@type":"ListItem","position":2,"name":"Holowany Sonar Boczny PULSAR"}]},{"@type":"WebSite","@id":"http:\/\/escort-technology.com\/de\/#website","url":"http:\/\/escort-technology.com\/de\/","name":"ESCORT TECHNOLOGY","description":"Onshore and offshore electronics","publisher":{"@id":"http:\/\/escort-technology.com\/de\/#organization"},"potentialAction":[{"@type":"SearchAction","target":{"@type":"EntryPoint","urlTemplate":"http:\/\/escort-technology.com\/de\/?s={search_term_string}"},"query-input":{"@type":"PropertyValueSpecification","valueRequired":true,"valueName":"search_term_string"}}],"inLanguage":"en-US"},{"@type":"Organization","@id":"http:\/\/escort-technology.com\/de\/#organization","name":"ESCORT TECHNOLOGY","url":"http:\/\/escort-technology.com\/de\/","logo":{"@type":"ImageObject","inLanguage":"en-US","@id":"http:\/\/escort-technology.com\/de\/#\/schema\/logo\/image\/","url":"https:\/\/escort-technology.com\/wp-content\/uploads\/logo-1.jpg","contentUrl":"https:\/\/escort-technology.com\/wp-content\/uploads\/logo-1.jpg","width":600,"height":165,"caption":"ESCORT TECHNOLOGY"},"image":{"@id":"http:\/\/escort-technology.com\/de\/#\/schema\/logo\/image\/"},"sameAs":["https:\/\/www.facebook.com\/elektronika.morska\/","https:\/\/www.linkedin.com\/company\/escort-sp-z-o-o-\/"]}]}},"_links":{"self":[{"href":"https:\/\/escort-technology.com\/en\/wp-json\/wp\/v2\/pages\/4029","targetHints":{"allow":["GET"]}}],"collection":[{"href":"https:\/\/escort-technology.com\/en\/wp-json\/wp\/v2\/pages"}],"about":[{"href":"https:\/\/escort-technology.com\/en\/wp-json\/wp\/v2\/types\/page"}],"author":[{"embeddable":true,"href":"https:\/\/escort-technology.com\/en\/wp-json\/wp\/v2\/users\/6"}],"replies":[{"embeddable":true,"href":"https:\/\/escort-technology.com\/en\/wp-json\/wp\/v2\/comments?post=4029"}],"version-history":[{"count":9,"href":"https:\/\/escort-technology.com\/en\/wp-json\/wp\/v2\/pages\/4029\/revisions"}],"predecessor-version":[{"id":10819,"href":"https:\/\/escort-technology.com\/en\/wp-json\/wp\/v2\/pages\/4029\/revisions\/10819"}],"wp:attachment":[{"href":"https:\/\/escort-technology.com\/en\/wp-json\/wp\/v2\/media?parent=4029"}],"curies":[{"name":"wp","href":"https:\/\/api.w.org\/{rel}","templated":true}]}}