{"id":4107,"date":"2018-05-24T09:16:29","date_gmt":"2018-05-24T09:16:29","guid":{"rendered":"http:\/\/escort-technology.com\/?page_id=4107"},"modified":"2020-11-13T09:49:18","modified_gmt":"2020-11-13T08:49:18","slug":"altimetr-valeport-va500","status":"publish","type":"page","link":"https:\/\/escort-technology.com\/en\/altimetr-valeport-va500\/","title":{"rendered":"Altimetr VALEPORT VA500"},"content":{"rendered":"<h2>Altimetr VALEPORT VA500<\/h2>\n<hr>\n<div>\n<h2>Wysoko\u015bciomierz VA500 dostarcza nowe rozwi\u0105zanie dla ROV-\u00f3w, AUV-\u00f3w i spo\u0142eczno\u015bci hydrograficznej do pozycjonowania pod wod\u0105.<\/h2>\n<p>Z opcj\u0105 zintegrowania czujnika ci\u015bnienia o wysokiej dok\u0142adno\u015bci (0,01%) u\u017cywanego w miniIPS staje si\u0119 on pakietem bezkonkurencyjnym. Nowoczesne przetwarzanie sygna\u0142u oferuje niezr\u00f3wnany zasi\u0119g i wydajno\u015b\u0107 z przetwornika 500kHz. Oczekuj milimetrowej precyzji, zakresu 0,1 m &#8211; 100 m, wyj\u015b\u0107 analogowych RS232\/RS485\/0-5V i 0-10V z szerokim zakresem zasilania w kompaktowym, solidnej obudowie.<\/p>\n<\/div>\n<p><img decoding=\"async\" src=\"wp-content\/uploads\/VA500-Additional-3-800x660-1.jpg\" alt=\"\"><br \/>\n<img decoding=\"async\" src=\"wp-content\/uploads\/VA500-Additional-1-800x660-1.jpg\" alt=\"\"><\/p>\n<div>\n<h3 style=\"text-align: center;\">Do pobrania<\/h3>\n<p><a href=\"https:\/\/www.valeport.co.uk\/content\/uploads\/2020\/04\/VA500-Altimeter-Datasheet-April-2020.pdf\">Karta katalogowa VA500<\/a><\/p>\n<p><a href=\"https:\/\/www.valeport.co.uk\/content\/uploads\/2020\/03\/VA500-Altimeter-Operating-Manual-0430844f.pdf\">Instrukcja obs\u0142ugi VA500<\/a><\/p>\n<p><a href=\"https:\/\/www.valeport.co.uk\/content\/uploads\/2020\/03\/DataLog-Express-Operation-Manual-04008214b.pdf\">Instrukcja oprogramowania DataLog Express<\/a><\/p>\n<\/div>\n<p><!-- {\"name\":\"\",\"type\":\"layout\",\"children\":[{\"name\":\"ANTENA\",\"type\":\"section\",\"props\":{\"width\":\"default\",\"padding\":\"xsmall\",\"style\":\"default\",\"text_color\":\"\",\"media\":\"\",\"height_viewport\":false,\"header_overlay\":\"light\",\"animation\":\"slide-top-medium\",\"padding_remove_top\":false,\"image_size\":\"cover\",\"image\":\"\",\"image_position\":\"bottom-center\",\"image_fixed\":false,\"class\":\"\",\"overlap\":true,\"vertical_align\":\"middle\",\"title_position\":\"top-left\",\"title_rotation\":\"left\",\"title_breakpoint\":\"xl\",\"image_effect\":\"\"},\"children\":[{\"name\":\"\",\"type\":\"row\",\"props\":{\"layout\":\"1-1\",\"breakpoint\":\"m\",\"margin\":\"\",\"fixed_width\":\"large\"},\"children\":[{\"name\":\"\",\"type\":\"column\",\"props\":{\"image_position\":\"center-center\",\"widths\":[\"1-1\"]},\"children\":[{\"name\":\"\",\"type\":\"headline\",\"props\":{\"title_element\":\"h2\",\"content\":\"Altimetr VALEPORT VA500\",\"text_align\":\"center\",\"text_align_fallback\":\"center\",\"maxwidth_align\":\"center\",\"maxwidth\":\"\",\"title_style\":\"h2\",\"title_decoration\":\"\",\"margin\":\"\"}},{\"name\":\"\",\"type\":\"divider\",\"props\":{\"divider_element\":\"hr\"}}]}]}]},{\"type\":\"section\",\"props\":{\"style\":\"default\",\"width\":\"expand\",\"vertical_align\":\"middle\",\"title_position\":\"top-left\",\"title_rotation\":\"left\",\"title_breakpoint\":\"xl\",\"image_position\":\"center-center\",\"text_color\":\"\",\"width_expand\":\"\",\"height\":\"full\",\"padding\":\"\",\"header_transparent\":\"\",\"animation\":\"\",\"image\":\"wp-content\\\/uploads\\\/VA500-Hero-2048x1366-2.jpg\"},\"children\":[{\"type\":\"row\",\"props\":{\"layout\":\"1-1\",\"breakpoint\":\"m\",\"fixed_width\":\"large\",\"gutter\":\"\",\"width\":\"\",\"width_expand\":\"\",\"height\":\"\",\"margin\":\"\"},\"children\":[{\"type\":\"column\",\"props\":{\"widths\":[\"1-1\"],\"image_position\":\"center-center\",\"media_overlay_gradient\":\"\",\"vertical_align\":\"\",\"style\":\"\",\"text_color\":\"\",\"padding\":\"\"},\"children\":[]}]}]},{\"type\":\"section\",\"props\":{\"style\":\"default\",\"width\":\"default\",\"vertical_align\":\"middle\",\"title_position\":\"top-left\",\"title_rotation\":\"left\",\"title_breakpoint\":\"xl\",\"image_position\":\"center-center\",\"text_color\":\"\",\"width_expand\":\"\",\"height\":\"\",\"padding\":\"\",\"header_transparent\":\"\",\"animation\":\"\"},\"children\":[{\"type\":\"row\",\"props\":{\"layout\":\",\",\"breakpoint\":\"m\",\"fixed_width\":\"large\",\"gutter\":\"\",\"width\":\"\",\"width_expand\":\"\",\"height\":\"\",\"margin\":\"\"},\"children\":[{\"type\":\"column\",\"props\":{\"widths\":[\"\"],\"image_position\":\"center-center\",\"media_overlay_gradient\":\"\",\"vertical_align\":\"\",\"style\":\"\",\"text_color\":\"\",\"padding\":\"\"},\"children\":[{\"type\":\"text\",\"props\":{\"margin\":\"default\",\"column_breakpoint\":\"m\",\"text_style\":\"\",\"text_color\":\"\",\"text_size\":\"\",\"column\":\"\",\"text_align\":\"\",\"text_align_breakpoint\":\"\",\"text_align_fallback\":\"\",\"maxwidth\":\"\",\"maxwidth_align\":\"\",\"maxwidth_breakpoint\":\"\",\"animation\":\"\",\"visibility\":\"\",\"content\":\"\n\n<h2>Wysoko\\u015bciomierz VA500 dostarcza nowe rozwi\\u0105zanie dla ROV-\\u00f3w, AUV-\\u00f3w i spo\\u0142eczno\\u015bci hydrograficznej do pozycjonowania pod wod\\u0105.<\\\/h2>\\n\n\n<p>Z opcj\\u0105 zintegrowania czujnika ci\\u015bnienia o wysokiej dok\\u0142adno\\u015bci (0,01%) u\\u017cywanego w miniIPS staje si\\u0119 on pakietem bezkonkurencyjnym. Nowoczesne przetwarzanie sygna\\u0142u oferuje niezr\\u00f3wnany zasi\\u0119g i wydajno\\u015b\\u0107 z przetwornika 500kHz. Oczekuj milimetrowej precyzji, zakresu 0,1 m - 100 m, wyj\\u015b\\u0107 analogowych RS232\\\/RS485\\\/0-5V i 0-10V z szerokim zakresem zasilania w kompaktowym, solidnej obudowie.<\\\/p>\"}},{\"type\":\"image\",\"props\":{\"margin\":\"default\",\"link_target\":\"\",\"image_border\":\"\",\"image_box_shadow\":\"\",\"image_hover_box_shadow\":\"\",\"image_box_decoration\":\"\",\"text_align\":\"\",\"text_align_breakpoint\":\"\",\"text_align_fallback\":\"\",\"maxwidth\":\"\",\"maxwidth_align\":\"\",\"maxwidth_breakpoint\":\"\",\"animation\":\"\",\"visibility\":\"\",\"image\":\"wp-content\\\/uploads\\\/VA500-Additional-3-800x660-1.jpg\"}}]},{\"type\":\"column\",\"props\":{\"widths\":[\"\"],\"image_position\":\"center-center\",\"media_overlay_gradient\":\"\",\"vertical_align\":\"\",\"style\":\"\",\"text_color\":\"\",\"padding\":\"\"},\"children\":[{\"type\":\"image\",\"props\":{\"margin\":\"default\",\"link_target\":\"\",\"image_border\":\"\",\"image_box_shadow\":\"\",\"image_hover_box_shadow\":\"\",\"image_box_decoration\":\"\",\"text_align\":\"\",\"text_align_breakpoint\":\"\",\"text_align_fallback\":\"\",\"maxwidth\":\"\",\"maxwidth_align\":\"\",\"maxwidth_breakpoint\":\"\",\"animation\":\"\",\"visibility\":\"\",\"image\":\"wp-content\\\/uploads\\\/VA500-Additional-1-800x660-1.jpg\"}}]}]}]},{\"type\":\"section\",\"props\":{\"style\":\"secondary\",\"width\":\"default\",\"vertical_align\":\"middle\",\"title_position\":\"top-left\",\"title_rotation\":\"left\",\"title_breakpoint\":\"xl\",\"image_position\":\"center-center\",\"text_color\":\"\",\"width_expand\":\"\",\"height\":\"\",\"padding\":\"\",\"header_transparent\":\"\",\"animation\":\"\"},\"children\":[{\"type\":\"row\",\"props\":{\"layout\":\"1-1\",\"breakpoint\":\"m\",\"fixed_width\":\"large\",\"gutter\":\"\",\"width\":\"\",\"width_expand\":\"\",\"height\":\"\",\"margin\":\"\"},\"children\":[{\"type\":\"column\",\"props\":{\"widths\":[\"1-1\"],\"image_position\":\"center-center\",\"media_overlay_gradient\":\"\",\"vertical_align\":\"\",\"style\":\"\",\"text_color\":\"\",\"padding\":\"\"},\"children\":[{\"type\":\"text\",\"props\":{\"margin\":\"default\",\"column_breakpoint\":\"m\",\"text_style\":\"\",\"text_color\":\"\",\"text_size\":\"\",\"column\":\"\",\"text_align\":\"\",\"text_align_breakpoint\":\"\",\"text_align_fallback\":\"\",\"maxwidth\":\"\",\"maxwidth_align\":\"\",\"maxwidth_breakpoint\":\"\",\"animation\":\"\",\"visibility\":\"\",\"content\":\"\n\n<h3 style=\\\"text-align: center;\\\">Do pobrania<\\\/h3>\\n\n\n<p><a href=\\\"https:\\\/\\\/www.valeport.co.uk\\\/content\\\/uploads\\\/2020\\\/04\\\/VA500-Altimeter-Datasheet-April-2020.pdf\\\">Karta katalogowa VA500<\\\/a><\\\/p>\\n\n\n<p><a href=\\\"https:\\\/\\\/www.valeport.co.uk\\\/content\\\/uploads\\\/2020\\\/03\\\/VA500-Altimeter-Operating-Manual-0430844f.pdf\\\">Instrukcja obs\\u0142ugi VA500<\\\/a><\\\/p>\\n\n\n<p><a href=\\\"https:\\\/\\\/www.valeport.co.uk\\\/content\\\/uploads\\\/2020\\\/03\\\/DataLog-Express-Operation-Manual-04008214b.pdf\\\">Instrukcja oprogramowania DataLog Express<\\\/a><\\\/p>\"}}]}]}]}],\"props\":[],\"version\":\"1.18.0\"} --><\/p>\n","protected":false},"excerpt":{"rendered":"<p>Altimetr VALEPORT VA500 Wysoko\u015bciomierz VA500 dostarcza nowe rozwi\u0105zanie dla ROV-\u00f3w, AUV-\u00f3w i spo\u0142eczno\u015bci hydrograficznej do pozycjonowania pod wod\u0105. Z opcj\u0105 zintegrowania czujnika ci\u015bnienia o wysokiej dok\u0142adno\u015bci (0,01%) u\u017cywanego w miniIPS staje si\u0119 on pakietem bezkonkurencyjnym. Nowoczesne przetwarzanie sygna\u0142u oferuje niezr\u00f3wnany zasi\u0119g i wydajno\u015b\u0107 z przetwornika 500kHz. Oczekuj milimetrowej precyzji, zakresu 0,1 m &#8211; 100 m, [&hellip;]<\/p>\n","protected":false},"author":6,"featured_media":0,"parent":0,"menu_order":0,"comment_status":"closed","ping_status":"closed","template":"","meta":{"footnotes":""},"class_list":["post-4107","page","type-page","status-publish","hentry"],"yoast_head":"<!-- This site is optimized with the Yoast SEO plugin v27.5 - https:\/\/yoast.com\/product\/yoast-seo-wordpress\/ -->\n<title>Altimetr VALEPORT VA500 - ESCORT TECHNOLOGY<\/title>\n<meta name=\"robots\" content=\"index, follow, max-snippet:-1, max-image-preview:large, max-video-preview:-1\" \/>\n<link rel=\"canonical\" href=\"http:\/\/escort-technology.com\/en\/de\/altimetr-valeport-va500\/\" \/>\n<meta property=\"og:locale\" content=\"en_US\" \/>\n<meta property=\"og:type\" content=\"article\" \/>\n<meta property=\"og:title\" content=\"Altimetr VALEPORT VA500 - ESCORT TECHNOLOGY\" \/>\n<meta property=\"og:description\" content=\"Altimetr VALEPORT VA500 Wysoko\u015bciomierz VA500 dostarcza nowe rozwi\u0105zanie dla ROV-\u00f3w, AUV-\u00f3w i spo\u0142eczno\u015bci hydrograficznej do pozycjonowania pod wod\u0105. Z opcj\u0105 zintegrowania czujnika ci\u015bnienia o wysokiej dok\u0142adno\u015bci (0,01%) u\u017cywanego w miniIPS staje si\u0119 on pakietem bezkonkurencyjnym. Nowoczesne przetwarzanie sygna\u0142u oferuje niezr\u00f3wnany zasi\u0119g i wydajno\u015b\u0107 z przetwornika 500kHz. Oczekuj milimetrowej precyzji, zakresu 0,1 m &#8211; 100 m, [&hellip;]\" \/>\n<meta property=\"og:url\" content=\"http:\/\/escort-technology.com\/en\/de\/altimetr-valeport-va500\/\" \/>\n<meta property=\"og:site_name\" content=\"ESCORT TECHNOLOGY\" \/>\n<meta property=\"article:publisher\" content=\"https:\/\/www.facebook.com\/elektronika.morska\/\" \/>\n<meta property=\"article:modified_time\" content=\"2020-11-13T08:49:18+00:00\" \/>\n<meta property=\"og:image\" content=\"http:\/\/wp-content\/uploads\/VA500-Additional-3-800x660-1.jpg\" \/>\n<meta name=\"twitter:card\" content=\"summary_large_image\" \/>\n<script type=\"application\/ld+json\" class=\"yoast-schema-graph\">{\"@context\":\"https:\\\/\\\/schema.org\",\"@graph\":[{\"@type\":\"WebPage\",\"@id\":\"http:\\\/\\\/escort-technology.com\\\/de\\\/altimetr-valeport-va500\\\/\",\"url\":\"http:\\\/\\\/escort-technology.com\\\/de\\\/altimetr-valeport-va500\\\/\",\"name\":\"Altimetr VALEPORT VA500 - ESCORT TECHNOLOGY\",\"isPartOf\":{\"@id\":\"http:\\\/\\\/escort-technology.com\\\/de\\\/#website\"},\"datePublished\":\"2018-05-24T09:16:29+00:00\",\"dateModified\":\"2020-11-13T08:49:18+00:00\",\"breadcrumb\":{\"@id\":\"http:\\\/\\\/escort-technology.com\\\/de\\\/altimetr-valeport-va500\\\/#breadcrumb\"},\"inLanguage\":\"en-US\",\"potentialAction\":[{\"@type\":\"ReadAction\",\"target\":[\"http:\\\/\\\/escort-technology.com\\\/de\\\/altimetr-valeport-va500\\\/\"]}]},{\"@type\":\"BreadcrumbList\",\"@id\":\"http:\\\/\\\/escort-technology.com\\\/de\\\/altimetr-valeport-va500\\\/#breadcrumb\",\"itemListElement\":[{\"@type\":\"ListItem\",\"position\":1,\"name\":\"Strona g\u0142\u00f3wna\",\"item\":\"https:\\\/\\\/escort-technology.com\\\/\"},{\"@type\":\"ListItem\",\"position\":2,\"name\":\"Altimetr VALEPORT VA500\"}]},{\"@type\":\"WebSite\",\"@id\":\"http:\\\/\\\/escort-technology.com\\\/de\\\/#website\",\"url\":\"http:\\\/\\\/escort-technology.com\\\/de\\\/\",\"name\":\"ESCORT TECHNOLOGY\",\"description\":\"Elektronika morska i l\u0105dowa\",\"publisher\":{\"@id\":\"http:\\\/\\\/escort-technology.com\\\/de\\\/#organization\"},\"potentialAction\":[{\"@type\":\"SearchAction\",\"target\":{\"@type\":\"EntryPoint\",\"urlTemplate\":\"http:\\\/\\\/escort-technology.com\\\/de\\\/?s={search_term_string}\"},\"query-input\":{\"@type\":\"PropertyValueSpecification\",\"valueRequired\":true,\"valueName\":\"search_term_string\"}}],\"inLanguage\":\"en-US\"},{\"@type\":\"Organization\",\"@id\":\"http:\\\/\\\/escort-technology.com\\\/de\\\/#organization\",\"name\":\"ESCORT TECHNOLOGY\",\"url\":\"http:\\\/\\\/escort-technology.com\\\/de\\\/\",\"logo\":{\"@type\":\"ImageObject\",\"inLanguage\":\"en-US\",\"@id\":\"http:\\\/\\\/escort-technology.com\\\/de\\\/#\\\/schema\\\/logo\\\/image\\\/\",\"url\":\"https:\\\/\\\/escort-technology.com\\\/wp-content\\\/uploads\\\/logo-1.jpg\",\"contentUrl\":\"https:\\\/\\\/escort-technology.com\\\/wp-content\\\/uploads\\\/logo-1.jpg\",\"width\":600,\"height\":165,\"caption\":\"ESCORT TECHNOLOGY\"},\"image\":{\"@id\":\"http:\\\/\\\/escort-technology.com\\\/de\\\/#\\\/schema\\\/logo\\\/image\\\/\"},\"sameAs\":[\"https:\\\/\\\/www.facebook.com\\\/elektronika.morska\\\/\",\"https:\\\/\\\/www.linkedin.com\\\/company\\\/escort-sp-z-o-o-\\\/\"]}]}<\/script>\n<!-- \/ Yoast SEO plugin. -->","yoast_head_json":{"title":"Altimetr VALEPORT VA500 - ESCORT TECHNOLOGY","robots":{"index":"index","follow":"follow","max-snippet":"max-snippet:-1","max-image-preview":"max-image-preview:large","max-video-preview":"max-video-preview:-1"},"canonical":"http:\/\/escort-technology.com\/en\/de\/altimetr-valeport-va500\/","og_locale":"en_US","og_type":"article","og_title":"Altimetr VALEPORT VA500 - ESCORT TECHNOLOGY","og_description":"Altimetr VALEPORT VA500 Wysoko\u015bciomierz VA500 dostarcza nowe rozwi\u0105zanie dla ROV-\u00f3w, AUV-\u00f3w i spo\u0142eczno\u015bci hydrograficznej do pozycjonowania pod wod\u0105. Z opcj\u0105 zintegrowania czujnika ci\u015bnienia o wysokiej dok\u0142adno\u015bci (0,01%) u\u017cywanego w miniIPS staje si\u0119 on pakietem bezkonkurencyjnym. Nowoczesne przetwarzanie sygna\u0142u oferuje niezr\u00f3wnany zasi\u0119g i wydajno\u015b\u0107 z przetwornika 500kHz. Oczekuj milimetrowej precyzji, zakresu 0,1 m &#8211; 100 m, [&hellip;]","og_url":"http:\/\/escort-technology.com\/en\/de\/altimetr-valeport-va500\/","og_site_name":"ESCORT TECHNOLOGY","article_publisher":"https:\/\/www.facebook.com\/elektronika.morska\/","article_modified_time":"2020-11-13T08:49:18+00:00","og_image":[{"url":"wp-content\/uploads\/VA500-Additional-3-800x660-1.jpg","type":"","width":"","height":""}],"twitter_card":"summary_large_image","schema":{"@context":"https:\/\/schema.org","@graph":[{"@type":"WebPage","@id":"http:\/\/escort-technology.com\/de\/altimetr-valeport-va500\/","url":"http:\/\/escort-technology.com\/de\/altimetr-valeport-va500\/","name":"Altimetr VALEPORT VA500 - ESCORT TECHNOLOGY","isPartOf":{"@id":"http:\/\/escort-technology.com\/de\/#website"},"datePublished":"2018-05-24T09:16:29+00:00","dateModified":"2020-11-13T08:49:18+00:00","breadcrumb":{"@id":"http:\/\/escort-technology.com\/de\/altimetr-valeport-va500\/#breadcrumb"},"inLanguage":"en-US","potentialAction":[{"@type":"ReadAction","target":["http:\/\/escort-technology.com\/de\/altimetr-valeport-va500\/"]}]},{"@type":"BreadcrumbList","@id":"http:\/\/escort-technology.com\/de\/altimetr-valeport-va500\/#breadcrumb","itemListElement":[{"@type":"ListItem","position":1,"name":"Strona g\u0142\u00f3wna","item":"https:\/\/escort-technology.com\/"},{"@type":"ListItem","position":2,"name":"Altimetr VALEPORT VA500"}]},{"@type":"WebSite","@id":"http:\/\/escort-technology.com\/de\/#website","url":"http:\/\/escort-technology.com\/de\/","name":"ESCORT TECHNOLOGY","description":"Onshore and offshore electronics","publisher":{"@id":"http:\/\/escort-technology.com\/de\/#organization"},"potentialAction":[{"@type":"SearchAction","target":{"@type":"EntryPoint","urlTemplate":"http:\/\/escort-technology.com\/de\/?s={search_term_string}"},"query-input":{"@type":"PropertyValueSpecification","valueRequired":true,"valueName":"search_term_string"}}],"inLanguage":"en-US"},{"@type":"Organization","@id":"http:\/\/escort-technology.com\/de\/#organization","name":"ESCORT TECHNOLOGY","url":"http:\/\/escort-technology.com\/de\/","logo":{"@type":"ImageObject","inLanguage":"en-US","@id":"http:\/\/escort-technology.com\/de\/#\/schema\/logo\/image\/","url":"https:\/\/escort-technology.com\/wp-content\/uploads\/logo-1.jpg","contentUrl":"https:\/\/escort-technology.com\/wp-content\/uploads\/logo-1.jpg","width":600,"height":165,"caption":"ESCORT TECHNOLOGY"},"image":{"@id":"http:\/\/escort-technology.com\/de\/#\/schema\/logo\/image\/"},"sameAs":["https:\/\/www.facebook.com\/elektronika.morska\/","https:\/\/www.linkedin.com\/company\/escort-sp-z-o-o-\/"]}]}},"_links":{"self":[{"href":"https:\/\/escort-technology.com\/en\/wp-json\/wp\/v2\/pages\/4107","targetHints":{"allow":["GET"]}}],"collection":[{"href":"https:\/\/escort-technology.com\/en\/wp-json\/wp\/v2\/pages"}],"about":[{"href":"https:\/\/escort-technology.com\/en\/wp-json\/wp\/v2\/types\/page"}],"author":[{"embeddable":true,"href":"https:\/\/escort-technology.com\/en\/wp-json\/wp\/v2\/users\/6"}],"replies":[{"embeddable":true,"href":"https:\/\/escort-technology.com\/en\/wp-json\/wp\/v2\/comments?post=4107"}],"version-history":[{"count":5,"href":"https:\/\/escort-technology.com\/en\/wp-json\/wp\/v2\/pages\/4107\/revisions"}],"predecessor-version":[{"id":7733,"href":"https:\/\/escort-technology.com\/en\/wp-json\/wp\/v2\/pages\/4107\/revisions\/7733"}],"wp:attachment":[{"href":"https:\/\/escort-technology.com\/en\/wp-json\/wp\/v2\/media?parent=4107"}],"curies":[{"name":"wp","href":"https:\/\/api.w.org\/{rel}","templated":true}]}}