{"id":435,"date":"2018-02-12T14:54:31","date_gmt":"2018-02-12T14:54:31","guid":{"rendered":"http:\/\/escort-technology.com\/?page_id=435"},"modified":"2024-12-09T14:34:45","modified_gmt":"2024-12-09T13:34:45","slug":"pomiary-batymetryczne","status":"publish","type":"page","link":"https:\/\/escort-technology.com\/en\/pomiary-batymetryczne\/","title":{"rendered":"Bathymetric surveys"},"content":{"rendered":"<h1>\n<h1 style=\"text-align: center;\">POMIARY BATYMETRYCZNE<\/h1>\n<\/h1>\n<div>\n<h2><strong>Sonda\u017ce batymetryczne akwen\u00f3w morskich i \u015br\u00f3dl\u0105dowych\u00a0<\/strong><\/h2>\n<p>Oferujemy <strong>wykonywanie sonda\u017cy batymetrycznych<\/strong> akwen\u00f3w morskich i \u015br\u00f3dl\u0105dowych z wykorzystaniem wysokiej klasy <strong>echosond hydrograficznych<\/strong> oraz niezawodnego <strong>sonaru do zobrazowania obiekt\u00f3w na dnie<\/strong>. Nasze us\u0142ugi zapewniaj\u0105 precyzyjne pomiary g\u0142\u0119boko\u015bci i szczeg\u00f3\u0142ow\u0105 dokumentacj\u0119 dotycz\u0105c\u0105 obiekt\u00f3w zalegaj\u0105cych na dnie, takich jak wraki, ska\u0142y czy inne przeszkody.<\/p>\n<h3><strong>Nasze us\u0142ugi obejmuj\u0105:<\/strong><\/h3>\n<ul>\n<li><strong>Sonda\u017ce batymetryczne<\/strong> dla <strong>morskich i \u015br\u00f3dl\u0105dowych akwen\u00f3w<\/strong>,<\/li>\n<li>Pomiary g\u0142\u0119boko\u015bci przy u\u017cyciu <a href=\"https:\/\/escort-technology.com\/pl\/wypozyczenie-sprzetu-hydrograficznego\/\"><strong>echosondy hydrograficznej<\/strong><\/a>,<\/li>\n<li><a href=\"https:\/\/escort-technology.com\/pl\/sonarowe-badania-dna\/\"><strong>Badanie sonarowe dna<\/strong><\/a> w celu identyfikacji obiekt\u00f3w na dnie,<\/li>\n<li>Przygotowanie <strong>plan\u00f3w sonda\u017cowych<\/strong> oraz <strong>sprawozda\u0144 z sonarowego badania dna<\/strong>.<\/li>\n<\/ul>\n<h3><strong>Realizujemy badania na potrzeby:<\/strong><\/h3>\n<ul>\n<li><strong>Okresowych przegl\u0105d\u00f3w morskich <a href=\"https:\/\/escort-technology.com\/pl\/badania-budowli-hydrotechnicznych\/\">budowli hydrotechnicznych<\/a><\/strong>,<\/li>\n<li><strong>Prac pog\u0142\u0119biarskich<\/strong> \u2013 przed, w trakcie i po ich przeprowadzeniu,<\/li>\n<li><strong>Przed posadowieniem konstrukcji przybrze\u017cnych<\/strong> oraz budowli portowych.<\/li>\n<\/ul>\n<h3><strong>Zgodno\u015b\u0107 z normami IHO S-44<\/strong><\/h3>\n<p>Zapewniamy, \u017ce nasze pomiary s\u0105 zgodne z mi\u0119dzynarodowymi standardami <strong>IHO S-44<\/strong> oraz spe\u0142niaj\u0105 wymagania autoryzacji odpowiednich urz\u0119d\u00f3w. Dzi\u0119ki temu masz pewno\u015b\u0107, \u017ce wykonywane przez nas <strong>sonda\u017ce batymetryczne<\/strong> s\u0105 precyzyjne i wiarygodne.<\/p>\n<h3><strong>Dlaczego warto wybra\u0107 nasze us\u0142ugi?<\/strong><\/h3>\n<ul>\n<li><strong>Wysoka jako\u015b\u0107 sprz\u0119tu:<\/strong> korzystamy z zaawansowanych <strong>echosond hydrograficznych<\/strong> oraz <strong>sonar\u00f3w<\/strong> do dok\u0142adnych pomiar\u00f3w.<\/li>\n<li><strong>Do\u015bwiadczenie i profesjonalizm:<\/strong> realizujemy projekty zgodnie z najwy\u017cszymi standardami, zapewniaj\u0105c pe\u0142n\u0105 zgodno\u015b\u0107 z normami <strong><a href=\"https:\/\/iho.int\/uploads\/user\/pubs\/standards\/s-44\/S-44_Edition_6.1.0.pdf\">IHO S-44<\/a><\/strong>.<\/li>\n<li><strong>Dok\u0142adno\u015b\u0107 i rzetelno\u015b\u0107:<\/strong> nasze raporty i plany sonda\u017cowe s\u0105 precyzyjne, a wyniki bada\u0144 przedstawiane w spos\u00f3b zrozumia\u0142y i kompletny.<\/li>\n<\/ul>\n<h3><strong>Skontaktuj si\u0119 z nami!<\/strong><\/h3>\n<p>Realizujemy pomiary batymetryczne w Szczecinie, Policach oraz na terenie ca\u0142ej Polski. Je\u015bli potrzebujesz <strong>plan\u00f3w batymetrycznych<\/strong> dla swojego projektu lub projektu modernizacji budowli hydrotechnicznej, <strong><a href=\"https:\/\/escort-technology.com\/pl\/kontakt\/\">skontaktuj si\u0119<\/a><\/strong> z nami. Gwarantujemy terminow\u0105 realizacj\u0119 zlece\u0144 oraz pe\u0142ne wsparcie techniczne.\u00a0<\/p>\n<\/div>\n<p><img decoding=\"async\" src=\"\/wp-content\/uploads\/batymetria-A6.png\" alt=\"batymetria\"><br \/>\n<img decoding=\"async\" src=\"\/wp-content\/uploads\/31.png\" alt=\"sonda\u017c batymetryczny\"><br \/>\n<img decoding=\"async\" src=\"\/wp-content\/uploads\/2o.jpg\" alt=\"batymetria koryta rzeki\"><\/p>\n<p><!--more--><br \/>\n<!-- {\"type\":\"layout\",\"children\":[{\"name\":\"Hero\",\"type\":\"section\",\"props\":{\"animation\":\"slide-bottom-medium\",\"animation_delay\":\"200\",\"image\":\"wp-content\\\/uploads\\\/2024\\\/11\\\/1.png\",\"image_position\":\"center-center\",\"image_size\":\"cover\",\"media\":\"images\\\/service-header.jpg\",\"overlap\":true,\"padding\":\"large\",\"style\":\"secondary\",\"title\":\"batymetria Szczecin\",\"title_breakpoint\":\"xl\",\"title_position\":\"top-left\",\"title_rotation\":\"left\",\"vertical_align\":\"middle\",\"width\":\"large\"},\"children\":[{\"type\":\"row\",\"children\":[{\"type\":\"column\",\"props\":{\"image_position\":\"center-center\",\"position_sticky_breakpoint\":\"m\",\"width_medium\":\"1-1\"},\"children\":[{\"type\":\"headline\",\"props\":{\"animation\":\"none\",\"block_align\":\"center\",\"content\":\"\n\n<h1 style=\\\"text-align: center;\\\">POMIARY BATYMETRYCZNE<\\\/h1>\",\"css\":\"\\\/* For screens smaller than 600px *\\\/\\n@media only screen and (max-width: 600px) {\\nstrong {\\n    font-size: large;\\n}\\n\\n\\\/* For screens between 600px and 768px *\\\/\\n@media only screen and (min-width: 600px) and (max-width: 768px) {\\nstrong {\\n    font-size: xx-large;\\n}\\n  }\\n}\\n\\n\\\/* For screens larger than 768px *\\\/\\n@media only screen and (min-width: 768px) {\\nstrong {\\n    font-size: xx-large;\\n}\\n}\",\"margin\":\"remove-vertical\",\"margin_remove_bottom\":true,\"margin_remove_top\":true,\"maxwidth\":\"medium\",\"position\":\"relative\",\"text_align\":\"center\",\"title_element\":\"h1\",\"title_font_family\":\"default\",\"title_style\":\"text-large\"}}]}]}]},{\"name\":\"Advices\",\"type\":\"section\",\"props\":{\"animation\":\"fade\",\"image_effect\":\"fixed\",\"image_position\":\"bottom-center\",\"image_size\":\"contain\",\"overlap\":true,\"padding\":\"xsmall\",\"style\":\"default\",\"title_breakpoint\":\"xl\",\"title_position\":\"top-left\",\"title_rotation\":\"left\",\"vertical_align\":\"middle\",\"width\":\"large\"},\"children\":[{\"type\":\"row\",\"children\":[{\"type\":\"column\",\"props\":{\"image_position\":\"center-center\",\"position_sticky_breakpoint\":\"m\",\"width_medium\":\"2-3\"},\"children\":[{\"type\":\"text\",\"props\":{\"column_breakpoint\":\"m\",\"content\":\"\n\n<h2><strong>Sonda\\u017ce batymetryczne akwen\\u00f3w morskich i \\u015br\\u00f3dl\\u0105dowych\\u00a0<\\\/strong><\\\/h2>\\n\n\n<p>Oferujemy <strong>wykonywanie sonda\\u017cy batymetrycznych<\\\/strong> akwen\\u00f3w morskich i \\u015br\\u00f3dl\\u0105dowych z wykorzystaniem wysokiej klasy <strong>echosond hydrograficznych<\\\/strong> oraz niezawodnego <strong>sonaru do zobrazowania obiekt\\u00f3w na dnie<\\\/strong>. Nasze us\\u0142ugi zapewniaj\\u0105 precyzyjne pomiary g\\u0142\\u0119boko\\u015bci i szczeg\\u00f3\\u0142ow\\u0105 dokumentacj\\u0119 dotycz\\u0105c\\u0105 obiekt\\u00f3w zalegaj\\u0105cych na dnie, takich jak wraki, ska\\u0142y czy inne przeszkody.<\\\/p>\\n\n\n<h3><strong>Nasze us\\u0142ugi obejmuj\\u0105:<\\\/strong><\\\/h3>\\n\n\n<ul>\\n\n\n<li><strong>Sonda\\u017ce batymetryczne<\\\/strong> dla <strong>morskich i \\u015br\\u00f3dl\\u0105dowych akwen\\u00f3w<\\\/strong>,<\\\/li>\\n\n\n<li>Pomiary g\\u0142\\u0119boko\\u015bci przy u\\u017cyciu <a href=\\\"https:\\\/\\\/escort-technology.com\\\/pl\\\/wypozyczenie-sprzetu-hydrograficznego\\\/\\\"><strong>echosondy hydrograficznej<\\\/strong><\\\/a>,<\\\/li>\\n\n\n<li><a href=\\\"https:\\\/\\\/escort-technology.com\\\/pl\\\/sonarowe-badania-dna\\\/\\\"><strong>Badanie sonarowe dna<\\\/strong><\\\/a> w celu identyfikacji obiekt\\u00f3w na dnie,<\\\/li>\\n\n\n<li>Przygotowanie <strong>plan\\u00f3w sonda\\u017cowych<\\\/strong> oraz <strong>sprawozda\\u0144 z sonarowego badania dna<\\\/strong>.<\\\/li>\\n<\\\/ul>\\n\n\n<h3><strong>Realizujemy badania na potrzeby:<\\\/strong><\\\/h3>\\n\n\n<ul>\\n\n\n<li><strong>Okresowych przegl\\u0105d\\u00f3w morskich <a href=\\\"https:\\\/\\\/escort-technology.com\\\/pl\\\/badania-budowli-hydrotechnicznych\\\/\\\">budowli hydrotechnicznych<\\\/a><\\\/strong>,<\\\/li>\\n\n\n<li><strong>Prac pog\\u0142\\u0119biarskich<\\\/strong> \\u2013 przed, w trakcie i po ich przeprowadzeniu,<\\\/li>\\n\n\n<li><strong>Przed posadowieniem konstrukcji przybrze\\u017cnych<\\\/strong> oraz budowli portowych.<\\\/li>\\n<\\\/ul>\\n\n\n<h3><strong>Zgodno\\u015b\\u0107 z normami IHO S-44<\\\/strong><\\\/h3>\\n\n\n<p>Zapewniamy, \\u017ce nasze pomiary s\\u0105 zgodne z mi\\u0119dzynarodowymi standardami <strong>IHO S-44<\\\/strong> oraz spe\\u0142niaj\\u0105 wymagania autoryzacji odpowiednich urz\\u0119d\\u00f3w. Dzi\\u0119ki temu masz pewno\\u015b\\u0107, \\u017ce wykonywane przez nas <strong>sonda\\u017ce batymetryczne<\\\/strong> s\\u0105 precyzyjne i wiarygodne.<\\\/p>\\n\n\n<h3><strong>Dlaczego warto wybra\\u0107 nasze us\\u0142ugi?<\\\/strong><\\\/h3>\\n\n\n<ul>\\n\n\n<li><strong>Wysoka jako\\u015b\\u0107 sprz\\u0119tu:<\\\/strong> korzystamy z zaawansowanych <strong>echosond hydrograficznych<\\\/strong> oraz <strong>sonar\\u00f3w<\\\/strong> do dok\\u0142adnych pomiar\\u00f3w.<\\\/li>\\n\n\n<li><strong>Do\\u015bwiadczenie i profesjonalizm:<\\\/strong> realizujemy projekty zgodnie z najwy\\u017cszymi standardami, zapewniaj\\u0105c pe\\u0142n\\u0105 zgodno\\u015b\\u0107 z normami <strong><a href=\\\"https:\\\/\\\/iho.int\\\/uploads\\\/user\\\/pubs\\\/standards\\\/s-44\\\/S-44_Edition_6.1.0.pdf\\\">IHO S-44<\\\/a><\\\/strong>.<\\\/li>\\n\n\n<li><strong>Dok\\u0142adno\\u015b\\u0107 i rzetelno\\u015b\\u0107:<\\\/strong> nasze raporty i plany sonda\\u017cowe s\\u0105 precyzyjne, a wyniki bada\\u0144 przedstawiane w spos\\u00f3b zrozumia\\u0142y i kompletny.<\\\/li>\\n<\\\/ul>\\n\n\n<h3><strong>Skontaktuj si\\u0119 z nami!<\\\/strong><\\\/h3>\\n\n\n<p>Realizujemy pomiary batymetryczne w Szczecinie, Policach oraz na terenie ca\\u0142ej Polski. Je\\u015bli potrzebujesz <strong>plan\\u00f3w batymetrycznych<\\\/strong> dla swojego projektu lub projektu modernizacji budowli hydrotechnicznej, <strong><a href=\\\"https:\\\/\\\/escort-technology.com\\\/pl\\\/kontakt\\\/\\\">skontaktuj si\\u0119<\\\/a><\\\/strong> z nami. Gwarantujemy terminow\\u0105 realizacj\\u0119 zlece\\u0144 oraz pe\\u0142ne wsparcie techniczne.\\u00a0<\\\/p>\",\"margin\":\"small\",\"maxwidth\":\"xlarge\",\"position\":\"relative\",\"text_align\":\"justify\"}}]},{\"type\":\"column\",\"props\":{\"image_position\":\"center-center\",\"image_size\":\"cover\",\"position_sticky_breakpoint\":\"m\",\"width_medium\":\"1-3\"},\"children\":[{\"type\":\"image\",\"props\":{\"image\":\"wp-content\\\/uploads\\\/batymetria-A6.png\",\"image_alt\":\"batymetria\",\"image_border\":\"rounded\",\"image_box_shadow\":\"small\",\"image_svg_color\":\"emphasis\",\"margin\":\"default\"}},{\"type\":\"image\",\"props\":{\"image\":\"wp-content\\\/uploads\\\/31.png\",\"image_alt\":\"sonda\\u017c batymetryczny\",\"image_border\":\"rounded\",\"image_box_shadow\":\"small\",\"image_svg_color\":\"emphasis\",\"margin\":\"default\"}},{\"type\":\"image\",\"props\":{\"image\":\"wp-content\\\/uploads\\\/2o.jpg\",\"image_alt\":\"batymetria koryta rzeki\",\"image_border\":\"rounded\",\"image_box_shadow\":\"small\",\"image_svg_color\":\"emphasis\",\"margin\":\"default\"}}]}],\"props\":{\"layout\":\"2-3,1-3\"}}]}],\"version\":\"4.0.13\"} --><\/p>\n","protected":false},"excerpt":{"rendered":"<p>POMIARY BATYMETRYCZNE Sonda\u017ce batymetryczne akwen\u00f3w morskich i \u015br\u00f3dl\u0105dowych\u00a0 Oferujemy wykonywanie sonda\u017cy batymetrycznych akwen\u00f3w morskich i \u015br\u00f3dl\u0105dowych z wykorzystaniem wysokiej klasy echosond hydrograficznych oraz niezawodnego sonaru do zobrazowania obiekt\u00f3w na dnie. Nasze us\u0142ugi zapewniaj\u0105 precyzyjne pomiary g\u0142\u0119boko\u015bci i szczeg\u00f3\u0142ow\u0105 dokumentacj\u0119 dotycz\u0105c\u0105 obiekt\u00f3w zalegaj\u0105cych na dnie, takich jak wraki, ska\u0142y czy inne przeszkody. Nasze us\u0142ugi obejmuj\u0105: Sonda\u017ce [&hellip;]<\/p>\n","protected":false},"author":6,"featured_media":0,"parent":0,"menu_order":0,"comment_status":"closed","ping_status":"closed","template":"","meta":{"footnotes":""},"class_list":["post-435","page","type-page","status-publish","hentry"],"yoast_head":"<!-- This site is optimized with the Yoast SEO plugin v27.5 - https:\/\/yoast.com\/product\/yoast-seo-wordpress\/ -->\n<title>Pomiary batymetryczne, monitoring podwodny - firma Escort<\/title>\n<meta name=\"description\" content=\"Nasza firma oferuje r\u00f3wnie\u017c specjalistyczne pomiary batymetryczne w akwenach morskich i \u015br\u00f3dl\u0105dowych. Na stronie szczeg\u00f3\u0142y naszej oferty monitoringu podwodnego!\" \/>\n<meta name=\"robots\" content=\"index, follow, max-snippet:-1, max-image-preview:large, max-video-preview:-1\" \/>\n<link rel=\"canonical\" href=\"https:\/\/escort-technology.com\/en\/pomiary-batymetryczne\/\" \/>\n<meta property=\"og:locale\" content=\"en_US\" \/>\n<meta property=\"og:type\" content=\"article\" \/>\n<meta property=\"og:title\" content=\"Pomiary batymetryczne, monitoring podwodny - firma Escort\" \/>\n<meta property=\"og:description\" content=\"Nasza firma oferuje r\u00f3wnie\u017c specjalistyczne pomiary batymetryczne w akwenach morskich i \u015br\u00f3dl\u0105dowych. Na stronie szczeg\u00f3\u0142y naszej oferty monitoringu podwodnego!\" \/>\n<meta property=\"og:url\" content=\"https:\/\/escort-technology.com\/en\/pomiary-batymetryczne\/\" \/>\n<meta property=\"og:site_name\" content=\"ESCORT TECHNOLOGY\" \/>\n<meta property=\"article:publisher\" content=\"https:\/\/www.facebook.com\/elektronika.morska\/\" \/>\n<meta property=\"article:modified_time\" content=\"2024-12-09T13:34:45+00:00\" \/>\n<meta name=\"twitter:card\" content=\"summary_large_image\" \/>\n<meta name=\"twitter:label1\" content=\"Est. reading time\" \/>\n\t<meta name=\"twitter:data1\" content=\"2 minutes\" \/>\n<script type=\"application\/ld+json\" class=\"yoast-schema-graph\">{\"@context\":\"https:\\\/\\\/schema.org\",\"@graph\":[{\"@type\":\"WebPage\",\"@id\":\"https:\\\/\\\/escort-technology.com\\\/pomiary-batymetryczne\\\/\",\"url\":\"https:\\\/\\\/escort-technology.com\\\/pomiary-batymetryczne\\\/\",\"name\":\"Pomiary batymetryczne, monitoring podwodny - firma Escort\",\"isPartOf\":{\"@id\":\"http:\\\/\\\/escort-technology.com\\\/de\\\/#website\"},\"datePublished\":\"2018-02-12T14:54:31+00:00\",\"dateModified\":\"2024-12-09T13:34:45+00:00\",\"description\":\"Nasza firma oferuje r\u00f3wnie\u017c specjalistyczne pomiary batymetryczne w akwenach morskich i \u015br\u00f3dl\u0105dowych. Na stronie szczeg\u00f3\u0142y naszej oferty monitoringu podwodnego!\",\"breadcrumb\":{\"@id\":\"https:\\\/\\\/escort-technology.com\\\/pomiary-batymetryczne\\\/#breadcrumb\"},\"inLanguage\":\"en-US\",\"potentialAction\":[{\"@type\":\"ReadAction\",\"target\":[\"https:\\\/\\\/escort-technology.com\\\/pomiary-batymetryczne\\\/\"]}]},{\"@type\":\"BreadcrumbList\",\"@id\":\"https:\\\/\\\/escort-technology.com\\\/pomiary-batymetryczne\\\/#breadcrumb\",\"itemListElement\":[{\"@type\":\"ListItem\",\"position\":1,\"name\":\"Strona g\u0142\u00f3wna\",\"item\":\"https:\\\/\\\/escort-technology.com\\\/\"},{\"@type\":\"ListItem\",\"position\":2,\"name\":\"Pomiary batymetryczne\"}]},{\"@type\":\"WebSite\",\"@id\":\"http:\\\/\\\/escort-technology.com\\\/de\\\/#website\",\"url\":\"http:\\\/\\\/escort-technology.com\\\/de\\\/\",\"name\":\"ESCORT TECHNOLOGY\",\"description\":\"Elektronika morska i l\u0105dowa\",\"publisher\":{\"@id\":\"http:\\\/\\\/escort-technology.com\\\/de\\\/#organization\"},\"potentialAction\":[{\"@type\":\"SearchAction\",\"target\":{\"@type\":\"EntryPoint\",\"urlTemplate\":\"http:\\\/\\\/escort-technology.com\\\/de\\\/?s={search_term_string}\"},\"query-input\":{\"@type\":\"PropertyValueSpecification\",\"valueRequired\":true,\"valueName\":\"search_term_string\"}}],\"inLanguage\":\"en-US\"},{\"@type\":\"Organization\",\"@id\":\"http:\\\/\\\/escort-technology.com\\\/de\\\/#organization\",\"name\":\"ESCORT TECHNOLOGY\",\"url\":\"http:\\\/\\\/escort-technology.com\\\/de\\\/\",\"logo\":{\"@type\":\"ImageObject\",\"inLanguage\":\"en-US\",\"@id\":\"http:\\\/\\\/escort-technology.com\\\/de\\\/#\\\/schema\\\/logo\\\/image\\\/\",\"url\":\"https:\\\/\\\/escort-technology.com\\\/wp-content\\\/uploads\\\/logo-1.jpg\",\"contentUrl\":\"https:\\\/\\\/escort-technology.com\\\/wp-content\\\/uploads\\\/logo-1.jpg\",\"width\":600,\"height\":165,\"caption\":\"ESCORT TECHNOLOGY\"},\"image\":{\"@id\":\"http:\\\/\\\/escort-technology.com\\\/de\\\/#\\\/schema\\\/logo\\\/image\\\/\"},\"sameAs\":[\"https:\\\/\\\/www.facebook.com\\\/elektronika.morska\\\/\",\"https:\\\/\\\/www.linkedin.com\\\/company\\\/escort-sp-z-o-o-\\\/\"]}]}<\/script>\n<!-- \/ Yoast SEO plugin. -->","yoast_head_json":{"title":"Pomiary batymetryczne, monitoring podwodny - firma Escort","description":"Nasza firma oferuje r\u00f3wnie\u017c specjalistyczne pomiary batymetryczne w akwenach morskich i \u015br\u00f3dl\u0105dowych. Na stronie szczeg\u00f3\u0142y naszej oferty monitoringu podwodnego!","robots":{"index":"index","follow":"follow","max-snippet":"max-snippet:-1","max-image-preview":"max-image-preview:large","max-video-preview":"max-video-preview:-1"},"canonical":"https:\/\/escort-technology.com\/en\/pomiary-batymetryczne\/","og_locale":"en_US","og_type":"article","og_title":"Pomiary batymetryczne, monitoring podwodny - firma Escort","og_description":"Nasza firma oferuje r\u00f3wnie\u017c specjalistyczne pomiary batymetryczne w akwenach morskich i \u015br\u00f3dl\u0105dowych. Na stronie szczeg\u00f3\u0142y naszej oferty monitoringu podwodnego!","og_url":"https:\/\/escort-technology.com\/en\/pomiary-batymetryczne\/","og_site_name":"ESCORT TECHNOLOGY","article_publisher":"https:\/\/www.facebook.com\/elektronika.morska\/","article_modified_time":"2024-12-09T13:34:45+00:00","twitter_card":"summary_large_image","twitter_misc":{"Est. reading time":"2 minutes"},"schema":{"@context":"https:\/\/schema.org","@graph":[{"@type":"WebPage","@id":"https:\/\/escort-technology.com\/pomiary-batymetryczne\/","url":"https:\/\/escort-technology.com\/pomiary-batymetryczne\/","name":"Pomiary batymetryczne, monitoring podwodny - firma Escort","isPartOf":{"@id":"http:\/\/escort-technology.com\/de\/#website"},"datePublished":"2018-02-12T14:54:31+00:00","dateModified":"2024-12-09T13:34:45+00:00","description":"Nasza firma oferuje r\u00f3wnie\u017c specjalistyczne pomiary batymetryczne w akwenach morskich i \u015br\u00f3dl\u0105dowych. Na stronie szczeg\u00f3\u0142y naszej oferty monitoringu podwodnego!","breadcrumb":{"@id":"https:\/\/escort-technology.com\/pomiary-batymetryczne\/#breadcrumb"},"inLanguage":"en-US","potentialAction":[{"@type":"ReadAction","target":["https:\/\/escort-technology.com\/pomiary-batymetryczne\/"]}]},{"@type":"BreadcrumbList","@id":"https:\/\/escort-technology.com\/pomiary-batymetryczne\/#breadcrumb","itemListElement":[{"@type":"ListItem","position":1,"name":"Strona g\u0142\u00f3wna","item":"https:\/\/escort-technology.com\/"},{"@type":"ListItem","position":2,"name":"Pomiary batymetryczne"}]},{"@type":"WebSite","@id":"http:\/\/escort-technology.com\/de\/#website","url":"http:\/\/escort-technology.com\/de\/","name":"ESCORT TECHNOLOGY","description":"Onshore and offshore electronics","publisher":{"@id":"http:\/\/escort-technology.com\/de\/#organization"},"potentialAction":[{"@type":"SearchAction","target":{"@type":"EntryPoint","urlTemplate":"http:\/\/escort-technology.com\/de\/?s={search_term_string}"},"query-input":{"@type":"PropertyValueSpecification","valueRequired":true,"valueName":"search_term_string"}}],"inLanguage":"en-US"},{"@type":"Organization","@id":"http:\/\/escort-technology.com\/de\/#organization","name":"ESCORT TECHNOLOGY","url":"http:\/\/escort-technology.com\/de\/","logo":{"@type":"ImageObject","inLanguage":"en-US","@id":"http:\/\/escort-technology.com\/de\/#\/schema\/logo\/image\/","url":"https:\/\/escort-technology.com\/wp-content\/uploads\/logo-1.jpg","contentUrl":"https:\/\/escort-technology.com\/wp-content\/uploads\/logo-1.jpg","width":600,"height":165,"caption":"ESCORT TECHNOLOGY"},"image":{"@id":"http:\/\/escort-technology.com\/de\/#\/schema\/logo\/image\/"},"sameAs":["https:\/\/www.facebook.com\/elektronika.morska\/","https:\/\/www.linkedin.com\/company\/escort-sp-z-o-o-\/"]}]}},"_links":{"self":[{"href":"https:\/\/escort-technology.com\/en\/wp-json\/wp\/v2\/pages\/435","targetHints":{"allow":["GET"]}}],"collection":[{"href":"https:\/\/escort-technology.com\/en\/wp-json\/wp\/v2\/pages"}],"about":[{"href":"https:\/\/escort-technology.com\/en\/wp-json\/wp\/v2\/types\/page"}],"author":[{"embeddable":true,"href":"https:\/\/escort-technology.com\/en\/wp-json\/wp\/v2\/users\/6"}],"replies":[{"embeddable":true,"href":"https:\/\/escort-technology.com\/en\/wp-json\/wp\/v2\/comments?post=435"}],"version-history":[{"count":70,"href":"https:\/\/escort-technology.com\/en\/wp-json\/wp\/v2\/pages\/435\/revisions"}],"predecessor-version":[{"id":14278,"href":"https:\/\/escort-technology.com\/en\/wp-json\/wp\/v2\/pages\/435\/revisions\/14278"}],"wp:attachment":[{"href":"https:\/\/escort-technology.com\/en\/wp-json\/wp\/v2\/media?parent=435"}],"curies":[{"name":"wp","href":"https:\/\/api.w.org\/{rel}","templated":true}]}}