{"id":438,"date":"2018-02-12T14:54:31","date_gmt":"2018-02-12T14:54:31","guid":{"rendered":"http:\/\/escort-technology.com\/?page_id=438"},"modified":"2024-11-22T10:37:33","modified_gmt":"2024-11-22T09:37:33","slug":"badania-budowli-hydrotechnicznych","status":"publish","type":"page","link":"https:\/\/escort-technology.com\/en\/badania-budowli-hydrotechnicznych\/","title":{"rendered":"Survey of objects and hydrotechnical structures"},"content":{"rendered":"<h1>\n<p><strong>BADANIA OBIEKT\u00d3W I BUDOWLI HYDROTECHNICZNYCH<\/strong><\/p>\n<\/h1>\n<div>\n<h2><strong>Badania stanu technicznego podp\u00f3r mostowych i ich otoczenia \u2013 profesjonalna ocena infrastruktury mostowej<\/strong><\/h2>\n<p><strong>Badania stanu technicznego podp\u00f3r mostowych<\/strong> oraz ich otoczenia s\u0105 kluczowe dla zapewnienia bezpiecze\u0144stwa i trwa\u0142o\u015bci infrastruktury mostowej. Nasze us\u0142ugi oferuj\u0105 dok\u0142adn\u0105 ocen\u0119 cz\u0119\u015bci podwodnej, z wyra\u017anym uwzgl\u0119dnieniem <a href=\"https:\/\/escort-technology.com\/pl\/sonarowe-badania-dna\/\"><strong>kszta\u0142tu dna pod mostem<\/strong><\/a>. Dzi\u0119ki <strong><a href=\"https:\/\/escort-technology.com\/pl\/akustyka-pomaga-w-inspekcji-budowli-wodnych\/\">zaawansowanym technologiom<\/a><\/strong>, mo\u017cemy dostarczy\u0107 szczeg\u00f3\u0142owe informacje hydrotechniczne, kt\u00f3re stanowi\u0105 niezast\u0105pione wsparcie w <strong>diagnostyce stanu technicznego most\u00f3w<\/strong>.<\/p>\n<h3><strong>Dok\u0142adna dokumentacja stanu podp\u00f3r mostowych i fundament\u00f3w<\/strong><\/h3>\n<p>Nasze badania umo\u017cliwiaj\u0105 precyzyjne ukazanie kszta\u0142tu \u015bcianki podpory mostowej oraz fundamentu, a tak\u017ce <strong><a href=\"https:\/\/escort-technology.com\/pl\/pomiary-rozmycia-dna\/\">analizy ukszta\u0142towania dna<\/a><\/strong> bezpo\u015brednio przy samej podporze. Tak szczeg\u00f3\u0142owe informacje s\u0105 nieocenione, szczeg\u00f3lnie w przypadkach, gdy brakuje pe\u0142nej dokumentacji projektowej. Dodatkowo, pozwalaj\u0105 na <strong>monitorowanie zmian w strukturze mostu<\/strong>, co jest istotne w kontek\u015bcie planowania konserwacji i napraw.<\/p>\n<h3><strong>Badania stanu technicznego nabrze\u017cy<\/strong><\/h3>\n<p>\u015acianki nabrze\u017cy portowych sprawdzane s\u0105 cyklicznie w ramach okresowych <strong>przegl\u0105d\u00f3w budowli morskich<\/strong>. Wykorzystanie sonaru <a href=\"https:\/\/escort-technology.com\/pl\/sonar-kongsberg-mesotech-ms1000\/\"><strong>MS1000<\/strong><\/a> jako pomoc w lokalizacji miejsc uszkodze\u0144 to cenne \u017ar\u00f3d\u0142o informacji zar\u00f3wno dla zarz\u0105dc\u00f3w nabrze\u017cy, jak i dla nurk\u00f3w dokonuj\u0105cych szczeg\u00f3\u0142owego ich sprawdzenia. Nasze badania stanowi\u0105 niezast\u0105pion\u0105 dokumentacj\u0119 podczas planowania podwodnych prac naprawczych, poniewa\u017c wszelkie nieprawid\u0142owo\u015bci s\u0105 doskonale widoczne na obrazach sonarowych.<\/p>\n<h3><strong>Przegl\u0105dy budowli hydrotechnicznych, nabrze\u017cy i ruroci\u0105g\u00f3w \u2013 us\u0142ugi hydrotechniczne w Szczecinie i Polsce<\/strong><\/h3>\n<p>Oferujemy kompleksowe us\u0142ugi w zakresie przegl\u0105d\u00f3w budowli hydrotechnicznych, nabrze\u017cy oraz ruroci\u0105g\u00f3w u\u0142o\u017conych na dnie akwenu. Nasze us\u0142ugi obejmuj\u0105:<\/p>\n<ul>\n<li><strong>Przegl\u0105dy budowli hydrotechnicznych w cz\u0119\u015bci podwodnej<\/strong> \u2013 szczeg\u00f3\u0142owa inspekcja konstrukcji hydrotechnicznych, w tym most\u00f3w, zap\u00f3r i innych obiekt\u00f3w wodnych.<\/li>\n<li><strong>Przegl\u0105dy nabrze\u017cy w cz\u0119\u015bci podwodnej<\/strong> \u2013 dok\u0142adna ocena stanu technicznego nabrze\u017cy portowych i innych budowli morskich.<\/li>\n<li><strong>Przegl\u0105dy ruroci\u0105g\u00f3w u\u0142o\u017conych na dnie akwenu<\/strong> \u2013 inspekcje stanu technicznego ruroci\u0105g\u00f3w podwodnych, w tym ich integralno\u015bci oraz ewentualnych uszkodze\u0144.<\/li>\n<li><strong>Badania budowli hydrotechnicznych po powodzi<\/strong> \u2013 szczeg\u00f3\u0142owe analizy uszkodze\u0144 i ocena stanu technicznego po wyst\u0105pieniu powodzi.<\/li>\n<\/ul>\n<p>Nasze us\u0142ugi \u015bwiadczymy w <strong>Szczecinie i okolicach<\/strong>, a tak\u017ce oferujemy <strong>dojazd na terenie ca\u0142ej Polski<\/strong>. Zapraszamy do <strong><a href=\"https:\/\/escort-technology.com\/pl\/kontakt\/\">kontaktu<\/a><\/strong>.<\/p>\n<\/div>\n<ul>\n<li>\n<p>        <img decoding=\"async\" src=\"\/wp-content\/uploads\/3most.jpg\" alt=\"\"><\/p>\n<\/li>\n<li>\n<p>        <img decoding=\"async\" src=\"\/wp-content\/uploads\/2most.jpg\" alt=\"\"><\/p>\n<\/li>\n<li>\n<p>        <img decoding=\"async\" src=\"\/wp-content\/uploads\/1most.jpg\" alt=\"\"><\/p>\n<\/li>\n<\/ul>\n<ul>\n<li>\n<p>        <img decoding=\"async\" src=\"\/wp-content\/uploads\/1most-1.jpg\" alt=\"\"><\/p>\n<\/li>\n<li>\n<p>        <img decoding=\"async\" src=\"\/wp-content\/uploads\/8most-1.jpg\" alt=\"\"><\/p>\n<\/li>\n<\/ul>\n<p><!--more--><br \/>\n<!-- {\"type\":\"layout\",\"children\":[{\"name\":\"Hero\",\"type\":\"section\",\"props\":{\"animation\":\"slide-bottom-medium\",\"animation_delay\":\"200\",\"image\":\"wp-content\\\/uploads\\\/scianka2.gif\",\"image_position\":\"center-center\",\"image_size\":\"contain\",\"media\":\"images\\\/service-header.jpg\",\"media_background\":\"#030303\",\"overlap\":true,\"padding\":\"small\",\"style\":\"secondary\",\"title_breakpoint\":\"xl\",\"title_position\":\"top-left\",\"title_rotation\":\"left\",\"vertical_align\":\"middle\",\"width\":\"large\"},\"children\":[{\"type\":\"row\",\"children\":[{\"type\":\"column\",\"props\":{\"image_position\":\"center-center\",\"position_sticky_breakpoint\":\"m\",\"width_medium\":\"1-1\"},\"children\":[{\"type\":\"headline\",\"props\":{\"content\":\"\n\n<p><strong>BADANIA OBIEKT\\u00d3W I BUDOWLI HYDROTECHNICZNYCH<\\\/strong><\\\/p>\",\"margin\":\"small\",\"text_align\":\"center\",\"title_element\":\"h1\"}}]}]}]},{\"name\":\"Advices\",\"type\":\"section\",\"props\":{\"animation\":\"fade\",\"image_position\":\"center-center\",\"image_size\":\"cover\",\"overlap\":true,\"padding\":\"xsmall\",\"style\":\"default\",\"title_breakpoint\":\"xl\",\"title_position\":\"top-left\",\"title_rotation\":\"left\",\"vertical_align\":\"middle\",\"width\":\"large\"},\"children\":[{\"type\":\"row\",\"props\":{\"layout\":\"1-2,1-2\",\"vertical_align\":true},\"children\":[{\"type\":\"column\",\"props\":{\"image_position\":\"center-center\",\"position_sticky_breakpoint\":\"m\",\"width_large\":\"2-3\",\"width_medium\":\"2-3\"},\"children\":[{\"type\":\"text\",\"props\":{\"column_breakpoint\":\"m\",\"content\":\"\n\n<h2><strong>Badania stanu technicznego podp\\u00f3r mostowych i ich otoczenia \\u2013 profesjonalna ocena infrastruktury mostowej<\\\/strong><\\\/h2>\\n\n\n<p><strong>Badania stanu technicznego podp\\u00f3r mostowych<\\\/strong> oraz ich otoczenia s\\u0105 kluczowe dla zapewnienia bezpiecze\\u0144stwa i trwa\\u0142o\\u015bci infrastruktury mostowej. Nasze us\\u0142ugi oferuj\\u0105 dok\\u0142adn\\u0105 ocen\\u0119 cz\\u0119\\u015bci podwodnej, z wyra\\u017anym uwzgl\\u0119dnieniem <a href=\\\"https:\\\/\\\/escort-technology.com\\\/pl\\\/sonarowe-badania-dna\\\/\\\"><strong>kszta\\u0142tu dna pod mostem<\\\/strong><\\\/a>. Dzi\\u0119ki <strong><a href=\\\"https:\\\/\\\/escort-technology.com\\\/pl\\\/akustyka-pomaga-w-inspekcji-budowli-wodnych\\\/\\\">zaawansowanym technologiom<\\\/a><\\\/strong>, mo\\u017cemy dostarczy\\u0107 szczeg\\u00f3\\u0142owe informacje hydrotechniczne, kt\\u00f3re stanowi\\u0105 niezast\\u0105pione wsparcie w <strong>diagnostyce stanu technicznego most\\u00f3w<\\\/strong>.<\\\/p>\\n\n\n<h3><strong>Dok\\u0142adna dokumentacja stanu podp\\u00f3r mostowych i fundament\\u00f3w<\\\/strong><\\\/h3>\\n\n\n<p>Nasze badania umo\\u017cliwiaj\\u0105 precyzyjne ukazanie kszta\\u0142tu \\u015bcianki podpory mostowej oraz fundamentu, a tak\\u017ce <strong><a href=\\\"https:\\\/\\\/escort-technology.com\\\/pl\\\/pomiary-rozmycia-dna\\\/\\\">analizy ukszta\\u0142towania dna<\\\/a><\\\/strong> bezpo\\u015brednio przy samej podporze. Tak szczeg\\u00f3\\u0142owe informacje s\\u0105 nieocenione, szczeg\\u00f3lnie w przypadkach, gdy brakuje pe\\u0142nej dokumentacji projektowej. Dodatkowo, pozwalaj\\u0105 na <strong>monitorowanie zmian w strukturze mostu<\\\/strong>, co jest istotne w kontek\\u015bcie planowania konserwacji i napraw.<\\\/p>\\n\n\n<h3><strong>Badania stanu technicznego nabrze\\u017cy<\\\/strong><\\\/h3>\\n\n\n<p>\\u015acianki nabrze\\u017cy portowych sprawdzane s\\u0105 cyklicznie w ramach okresowych <strong>przegl\\u0105d\\u00f3w budowli morskich<\\\/strong>. Wykorzystanie sonaru <a href=\\\"https:\\\/\\\/escort-technology.com\\\/pl\\\/sonar-kongsberg-mesotech-ms1000\\\/\\\"><strong>MS1000<\\\/strong><\\\/a> jako pomoc w lokalizacji miejsc uszkodze\\u0144 to cenne \\u017ar\\u00f3d\\u0142o informacji zar\\u00f3wno dla zarz\\u0105dc\\u00f3w nabrze\\u017cy, jak i dla nurk\\u00f3w dokonuj\\u0105cych szczeg\\u00f3\\u0142owego ich sprawdzenia. Nasze badania stanowi\\u0105 niezast\\u0105pion\\u0105 dokumentacj\\u0119 podczas planowania podwodnych prac naprawczych, poniewa\\u017c wszelkie nieprawid\\u0142owo\\u015bci s\\u0105 doskonale widoczne na obrazach sonarowych.<\\\/p>\\n\n\n<h3><strong>Przegl\\u0105dy budowli hydrotechnicznych, nabrze\\u017cy i ruroci\\u0105g\\u00f3w \\u2013 us\\u0142ugi hydrotechniczne w Szczecinie i Polsce<\\\/strong><\\\/h3>\\n\n\n<p>Oferujemy kompleksowe us\\u0142ugi w zakresie przegl\\u0105d\\u00f3w budowli hydrotechnicznych, nabrze\\u017cy oraz ruroci\\u0105g\\u00f3w u\\u0142o\\u017conych na dnie akwenu. Nasze us\\u0142ugi obejmuj\\u0105:<\\\/p>\\n\n\n<ul>\\n\n\n<li><strong>Przegl\\u0105dy budowli hydrotechnicznych w cz\\u0119\\u015bci podwodnej<\\\/strong> \\u2013 szczeg\\u00f3\\u0142owa inspekcja konstrukcji hydrotechnicznych, w tym most\\u00f3w, zap\\u00f3r i innych obiekt\\u00f3w wodnych.<\\\/li>\\n\n\n<li><strong>Przegl\\u0105dy nabrze\\u017cy w cz\\u0119\\u015bci podwodnej<\\\/strong> \\u2013 dok\\u0142adna ocena stanu technicznego nabrze\\u017cy portowych i innych budowli morskich.<\\\/li>\\n\n\n<li><strong>Przegl\\u0105dy ruroci\\u0105g\\u00f3w u\\u0142o\\u017conych na dnie akwenu<\\\/strong> \\u2013 inspekcje stanu technicznego ruroci\\u0105g\\u00f3w podwodnych, w tym ich integralno\\u015bci oraz ewentualnych uszkodze\\u0144.<\\\/li>\\n\n\n<li><strong>Badania budowli hydrotechnicznych po powodzi<\\\/strong> \\u2013 szczeg\\u00f3\\u0142owe analizy uszkodze\\u0144 i ocena stanu technicznego po wyst\\u0105pieniu powodzi.<\\\/li>\\n<\\\/ul>\\n\n\n<p>Nasze us\\u0142ugi \\u015bwiadczymy w <strong>Szczecinie i okolicach<\\\/strong>, a tak\\u017ce oferujemy <strong>dojazd na terenie ca\\u0142ej Polski<\\\/strong>. Zapraszamy do <strong><a href=\\\"https:\\\/\\\/escort-technology.com\\\/pl\\\/kontakt\\\/\\\">kontaktu<\\\/a><\\\/strong>.<\\\/p>\",\"margin\":\"medium\",\"text_align\":\"justify\"}}]},{\"type\":\"column\",\"props\":{\"image_position\":\"center-center\",\"position_sticky_breakpoint\":\"m\",\"width_large\":\"1-3\",\"width_medium\":\"1-3\"},\"children\":[{\"type\":\"slideshow\",\"props\":{\"link_style\":\"default\",\"link_text\":\"Read more\",\"margin\":\"default\",\"meta_align\":\"below-title\",\"meta_element\":\"div\",\"meta_style\":\"text-meta\",\"nav\":\"dotnav\",\"nav_align\":\"center\",\"nav_breakpoint\":\"s\",\"nav_position\":\"bottom-center\",\"nav_position_margin\":\"medium\",\"overlay_animation\":\"parallax\",\"overlay_position\":\"center-left\",\"show_content\":true,\"show_link\":true,\"show_meta\":true,\"show_thumbnail\":true,\"show_title\":true,\"slidenav\":\"default\",\"slidenav_breakpoint\":\"s\",\"slidenav_margin\":\"medium\",\"slidenav_outside_breakpoint\":\"xl\",\"slideshow_autoplay_pause\":true,\"slideshow_box_shadow\":\"small\",\"slideshow_min_height\":300,\"thumbnav_height\":\"75\",\"thumbnav_svg_color\":\"emphasis\",\"thumbnav_width\":\"100\",\"title_element\":\"h3\"},\"children\":[{\"type\":\"slideshow_item\",\"props\":{\"image\":\"wp-content\\\/uploads\\\/3most.jpg\"}},{\"type\":\"slideshow_item\",\"props\":{\"image\":\"wp-content\\\/uploads\\\/2most.jpg\"}},{\"type\":\"slideshow_item\",\"props\":{\"image\":\"wp-content\\\/uploads\\\/1most.jpg\"}}]},{\"type\":\"slideshow\",\"props\":{\"link_style\":\"default\",\"link_text\":\"Read more\",\"margin\":\"default\",\"meta_align\":\"below-title\",\"meta_element\":\"div\",\"meta_style\":\"text-meta\",\"nav\":\"dotnav\",\"nav_align\":\"center\",\"nav_breakpoint\":\"s\",\"nav_position\":\"bottom-center\",\"nav_position_margin\":\"medium\",\"overlay_animation\":\"parallax\",\"overlay_position\":\"center-left\",\"show_content\":true,\"show_link\":true,\"show_meta\":true,\"show_thumbnail\":true,\"show_title\":true,\"slidenav\":\"default\",\"slidenav_breakpoint\":\"s\",\"slidenav_margin\":\"medium\",\"slidenav_outside_breakpoint\":\"xl\",\"slideshow_autoplay\":true,\"slideshow_autoplay_pause\":false,\"slideshow_box_shadow\":\"small\",\"slideshow_min_height\":300,\"slideshow_velocity\":0.2,\"thumbnav_height\":\"75\",\"thumbnav_svg_color\":\"emphasis\",\"thumbnav_width\":\"100\",\"title_element\":\"h3\"},\"children\":[{\"type\":\"slideshow_item\",\"props\":{\"image\":\"wp-content\\\/uploads\\\/1most-1.jpg\"}},{\"type\":\"slideshow_item\",\"props\":{\"image\":\"wp-content\\\/uploads\\\/8most-1.jpg\"}}]}]}]}]}],\"version\":\"4.0.13\"} --><\/p>\n","protected":false},"excerpt":{"rendered":"<p>BADANIA OBIEKT\u00d3W I BUDOWLI HYDROTECHNICZNYCH Badania stanu technicznego podp\u00f3r mostowych i ich otoczenia \u2013 profesjonalna ocena infrastruktury mostowej Badania stanu technicznego podp\u00f3r mostowych oraz ich otoczenia s\u0105 kluczowe dla zapewnienia bezpiecze\u0144stwa i trwa\u0142o\u015bci infrastruktury mostowej. Nasze us\u0142ugi oferuj\u0105 dok\u0142adn\u0105 ocen\u0119 cz\u0119\u015bci podwodnej, z wyra\u017anym uwzgl\u0119dnieniem kszta\u0142tu dna pod mostem. Dzi\u0119ki zaawansowanym technologiom, mo\u017cemy dostarczy\u0107 szczeg\u00f3\u0142owe [&hellip;]<\/p>\n","protected":false},"author":1,"featured_media":0,"parent":0,"menu_order":0,"comment_status":"closed","ping_status":"closed","template":"","meta":{"footnotes":""},"class_list":["post-438","page","type-page","status-publish","hentry"],"yoast_head":"<!-- This site is optimized with the Yoast SEO plugin v27.5 - https:\/\/yoast.com\/product\/yoast-seo-wordpress\/ -->\n<title>Monitoring obiekt\u00f3w hydrotechnicznych - oferta firmy Escort<\/title>\n<meta name=\"description\" content=\"W ofercie firmy Escort znajd\u0105 Pa\u0144stwo tak\u017ce profesjonalny monitoring obiekt\u00f3w hydrotechnicznych. Wykorzystujemy do tego najnowocze\u015bniejsze sonary. Oto szczeg\u00f3\u0142y!\" \/>\n<meta name=\"robots\" content=\"index, follow, max-snippet:-1, max-image-preview:large, max-video-preview:-1\" \/>\n<link rel=\"canonical\" href=\"https:\/\/escort-technology.com\/en\/badania-budowli-hydrotechnicznych\/\" \/>\n<meta property=\"og:locale\" content=\"en_US\" \/>\n<meta property=\"og:type\" content=\"article\" \/>\n<meta property=\"og:title\" content=\"Monitoring obiekt\u00f3w hydrotechnicznych - oferta firmy Escort\" \/>\n<meta property=\"og:description\" content=\"W ofercie firmy Escort znajd\u0105 Pa\u0144stwo tak\u017ce profesjonalny monitoring obiekt\u00f3w hydrotechnicznych. Wykorzystujemy do tego najnowocze\u015bniejsze sonary. Oto szczeg\u00f3\u0142y!\" \/>\n<meta property=\"og:url\" content=\"https:\/\/escort-technology.com\/en\/badania-budowli-hydrotechnicznych\/\" \/>\n<meta property=\"og:site_name\" content=\"ESCORT TECHNOLOGY\" \/>\n<meta property=\"article:publisher\" content=\"https:\/\/www.facebook.com\/elektronika.morska\/\" \/>\n<meta property=\"article:modified_time\" content=\"2024-11-22T09:37:33+00:00\" \/>\n<meta name=\"twitter:card\" content=\"summary_large_image\" \/>\n<meta name=\"twitter:label1\" content=\"Est. reading time\" \/>\n\t<meta name=\"twitter:data1\" content=\"2 minutes\" \/>\n<script type=\"application\/ld+json\" class=\"yoast-schema-graph\">{\"@context\":\"https:\\\/\\\/schema.org\",\"@graph\":[{\"@type\":\"WebPage\",\"@id\":\"https:\\\/\\\/escort-technology.com\\\/badania-budowli-hydrotechnicznych\\\/\",\"url\":\"https:\\\/\\\/escort-technology.com\\\/badania-budowli-hydrotechnicznych\\\/\",\"name\":\"Monitoring obiekt\u00f3w hydrotechnicznych - oferta firmy Escort\",\"isPartOf\":{\"@id\":\"http:\\\/\\\/escort-technology.com\\\/de\\\/#website\"},\"datePublished\":\"2018-02-12T14:54:31+00:00\",\"dateModified\":\"2024-11-22T09:37:33+00:00\",\"description\":\"W ofercie firmy Escort znajd\u0105 Pa\u0144stwo tak\u017ce profesjonalny monitoring obiekt\u00f3w hydrotechnicznych. Wykorzystujemy do tego najnowocze\u015bniejsze sonary. Oto szczeg\u00f3\u0142y!\",\"breadcrumb\":{\"@id\":\"https:\\\/\\\/escort-technology.com\\\/badania-budowli-hydrotechnicznych\\\/#breadcrumb\"},\"inLanguage\":\"en-US\",\"potentialAction\":[{\"@type\":\"ReadAction\",\"target\":[\"https:\\\/\\\/escort-technology.com\\\/badania-budowli-hydrotechnicznych\\\/\"]}]},{\"@type\":\"BreadcrumbList\",\"@id\":\"https:\\\/\\\/escort-technology.com\\\/badania-budowli-hydrotechnicznych\\\/#breadcrumb\",\"itemListElement\":[{\"@type\":\"ListItem\",\"position\":1,\"name\":\"Strona g\u0142\u00f3wna\",\"item\":\"https:\\\/\\\/escort-technology.com\\\/\"},{\"@type\":\"ListItem\",\"position\":2,\"name\":\"Badania budowli hydrotechnicznych\"}]},{\"@type\":\"WebSite\",\"@id\":\"http:\\\/\\\/escort-technology.com\\\/de\\\/#website\",\"url\":\"http:\\\/\\\/escort-technology.com\\\/de\\\/\",\"name\":\"ESCORT TECHNOLOGY\",\"description\":\"Elektronika morska i l\u0105dowa\",\"publisher\":{\"@id\":\"http:\\\/\\\/escort-technology.com\\\/de\\\/#organization\"},\"potentialAction\":[{\"@type\":\"SearchAction\",\"target\":{\"@type\":\"EntryPoint\",\"urlTemplate\":\"http:\\\/\\\/escort-technology.com\\\/de\\\/?s={search_term_string}\"},\"query-input\":{\"@type\":\"PropertyValueSpecification\",\"valueRequired\":true,\"valueName\":\"search_term_string\"}}],\"inLanguage\":\"en-US\"},{\"@type\":\"Organization\",\"@id\":\"http:\\\/\\\/escort-technology.com\\\/de\\\/#organization\",\"name\":\"ESCORT TECHNOLOGY\",\"url\":\"http:\\\/\\\/escort-technology.com\\\/de\\\/\",\"logo\":{\"@type\":\"ImageObject\",\"inLanguage\":\"en-US\",\"@id\":\"http:\\\/\\\/escort-technology.com\\\/de\\\/#\\\/schema\\\/logo\\\/image\\\/\",\"url\":\"https:\\\/\\\/escort-technology.com\\\/wp-content\\\/uploads\\\/logo-1.jpg\",\"contentUrl\":\"https:\\\/\\\/escort-technology.com\\\/wp-content\\\/uploads\\\/logo-1.jpg\",\"width\":600,\"height\":165,\"caption\":\"ESCORT TECHNOLOGY\"},\"image\":{\"@id\":\"http:\\\/\\\/escort-technology.com\\\/de\\\/#\\\/schema\\\/logo\\\/image\\\/\"},\"sameAs\":[\"https:\\\/\\\/www.facebook.com\\\/elektronika.morska\\\/\",\"https:\\\/\\\/www.linkedin.com\\\/company\\\/escort-sp-z-o-o-\\\/\"]}]}<\/script>\n<!-- \/ Yoast SEO plugin. -->","yoast_head_json":{"title":"Monitoring obiekt\u00f3w hydrotechnicznych - oferta firmy Escort","description":"W ofercie firmy Escort znajd\u0105 Pa\u0144stwo tak\u017ce profesjonalny monitoring obiekt\u00f3w hydrotechnicznych. Wykorzystujemy do tego najnowocze\u015bniejsze sonary. Oto szczeg\u00f3\u0142y!","robots":{"index":"index","follow":"follow","max-snippet":"max-snippet:-1","max-image-preview":"max-image-preview:large","max-video-preview":"max-video-preview:-1"},"canonical":"https:\/\/escort-technology.com\/en\/badania-budowli-hydrotechnicznych\/","og_locale":"en_US","og_type":"article","og_title":"Monitoring obiekt\u00f3w hydrotechnicznych - oferta firmy Escort","og_description":"W ofercie firmy Escort znajd\u0105 Pa\u0144stwo tak\u017ce profesjonalny monitoring obiekt\u00f3w hydrotechnicznych. Wykorzystujemy do tego najnowocze\u015bniejsze sonary. Oto szczeg\u00f3\u0142y!","og_url":"https:\/\/escort-technology.com\/en\/badania-budowli-hydrotechnicznych\/","og_site_name":"ESCORT TECHNOLOGY","article_publisher":"https:\/\/www.facebook.com\/elektronika.morska\/","article_modified_time":"2024-11-22T09:37:33+00:00","twitter_card":"summary_large_image","twitter_misc":{"Est. reading time":"2 minutes"},"schema":{"@context":"https:\/\/schema.org","@graph":[{"@type":"WebPage","@id":"https:\/\/escort-technology.com\/badania-budowli-hydrotechnicznych\/","url":"https:\/\/escort-technology.com\/badania-budowli-hydrotechnicznych\/","name":"Monitoring obiekt\u00f3w hydrotechnicznych - oferta firmy Escort","isPartOf":{"@id":"http:\/\/escort-technology.com\/de\/#website"},"datePublished":"2018-02-12T14:54:31+00:00","dateModified":"2024-11-22T09:37:33+00:00","description":"W ofercie firmy Escort znajd\u0105 Pa\u0144stwo tak\u017ce profesjonalny monitoring obiekt\u00f3w hydrotechnicznych. Wykorzystujemy do tego najnowocze\u015bniejsze sonary. Oto szczeg\u00f3\u0142y!","breadcrumb":{"@id":"https:\/\/escort-technology.com\/badania-budowli-hydrotechnicznych\/#breadcrumb"},"inLanguage":"en-US","potentialAction":[{"@type":"ReadAction","target":["https:\/\/escort-technology.com\/badania-budowli-hydrotechnicznych\/"]}]},{"@type":"BreadcrumbList","@id":"https:\/\/escort-technology.com\/badania-budowli-hydrotechnicznych\/#breadcrumb","itemListElement":[{"@type":"ListItem","position":1,"name":"Strona g\u0142\u00f3wna","item":"https:\/\/escort-technology.com\/"},{"@type":"ListItem","position":2,"name":"Badania budowli hydrotechnicznych"}]},{"@type":"WebSite","@id":"http:\/\/escort-technology.com\/de\/#website","url":"http:\/\/escort-technology.com\/de\/","name":"ESCORT TECHNOLOGY","description":"Onshore and offshore electronics","publisher":{"@id":"http:\/\/escort-technology.com\/de\/#organization"},"potentialAction":[{"@type":"SearchAction","target":{"@type":"EntryPoint","urlTemplate":"http:\/\/escort-technology.com\/de\/?s={search_term_string}"},"query-input":{"@type":"PropertyValueSpecification","valueRequired":true,"valueName":"search_term_string"}}],"inLanguage":"en-US"},{"@type":"Organization","@id":"http:\/\/escort-technology.com\/de\/#organization","name":"ESCORT TECHNOLOGY","url":"http:\/\/escort-technology.com\/de\/","logo":{"@type":"ImageObject","inLanguage":"en-US","@id":"http:\/\/escort-technology.com\/de\/#\/schema\/logo\/image\/","url":"https:\/\/escort-technology.com\/wp-content\/uploads\/logo-1.jpg","contentUrl":"https:\/\/escort-technology.com\/wp-content\/uploads\/logo-1.jpg","width":600,"height":165,"caption":"ESCORT TECHNOLOGY"},"image":{"@id":"http:\/\/escort-technology.com\/de\/#\/schema\/logo\/image\/"},"sameAs":["https:\/\/www.facebook.com\/elektronika.morska\/","https:\/\/www.linkedin.com\/company\/escort-sp-z-o-o-\/"]}]}},"_links":{"self":[{"href":"https:\/\/escort-technology.com\/en\/wp-json\/wp\/v2\/pages\/438","targetHints":{"allow":["GET"]}}],"collection":[{"href":"https:\/\/escort-technology.com\/en\/wp-json\/wp\/v2\/pages"}],"about":[{"href":"https:\/\/escort-technology.com\/en\/wp-json\/wp\/v2\/types\/page"}],"author":[{"embeddable":true,"href":"https:\/\/escort-technology.com\/en\/wp-json\/wp\/v2\/users\/1"}],"replies":[{"embeddable":true,"href":"https:\/\/escort-technology.com\/en\/wp-json\/wp\/v2\/comments?post=438"}],"version-history":[{"count":51,"href":"https:\/\/escort-technology.com\/en\/wp-json\/wp\/v2\/pages\/438\/revisions"}],"predecessor-version":[{"id":14111,"href":"https:\/\/escort-technology.com\/en\/wp-json\/wp\/v2\/pages\/438\/revisions\/14111"}],"wp:attachment":[{"href":"https:\/\/escort-technology.com\/en\/wp-json\/wp\/v2\/media?parent=438"}],"curies":[{"name":"wp","href":"https:\/\/api.w.org\/{rel}","templated":true}]}}