{"id":5029,"date":"2019-07-15T14:23:27","date_gmt":"2019-07-15T12:23:27","guid":{"rendered":"https:\/\/escort-technology.com\/?page_id=5029"},"modified":"2024-11-19T11:22:10","modified_gmt":"2024-11-19T10:22:10","slug":"zdalny-monitoring-rozmycia-dna","status":"publish","type":"page","link":"https:\/\/escort-technology.com\/en\/zdalny-monitoring-rozmycia-dna\/","title":{"rendered":"Remote seabed erosion monitoring"},"content":{"rendered":"<h2>\n<h1 style=\"text-align: center;\">ZDALNY MONITORING ROZMYCIA DNA<\/h1>\n<\/h2>\n<p><img decoding=\"async\" src=\"\/wp-content\/uploads\/hsmd.jpg\" alt=\"\"><\/p>\n<div>\n<p style=\"text-align: justify;\">Opracowany system s\u0142u\u017c\u0105cy do permanentnego monitorowania profili dna wok\u00f3\u0142 filar\u00f3w mostowych dostarcza na bie\u017c\u0105co zestawu danych ilo\u015bciowych oraz wizualnych, kt\u00f3re mog\u0105 by\u0107 podstaw\u0105 do reakcji na niebezpiecze\u0144stwo podmywania podstaw filar\u00f3w zw\u0142aszcza podczas powodzi.<\/p>\n<p style=\"text-align: justify;\">Oprogramowanie przedstawia stany wezbraniowe oraz pozwala na wychwycenie sytuacji zagra\u017caj\u0105cej bezpiecze\u0144stwu mostu na skutek rozmycia dna.<\/p>\n<\/div>\n<div>\n<p style=\"text-align: justify;\">System s\u0142u\u017cy do ci\u0105g\u0142ego monitorowania stopnia rozmycia dna u podn\u00f3\u017ca podp\u00f3r mostowych, g\u0142\u00f3wnie w sektorach nap\u0142ywowych.<br \/>System dostarcza na bie\u017c\u0105co dane wizualne, kt\u00f3re mog\u0105 by\u0107 podstaw\u0105 do reakcji na niebezpiecze\u0144stwo znacznego rozmycia dna u podn\u00f3\u017ca filar\u00f3w podczas przej\u015bcia wysokiej wody\/fali powodziowej.<\/p>\n<p style=\"text-align: justify;\">System sk\u0142ada si\u0119 z zestawu podwodnego (sonaru hydroakustycznego) obrazuj\u0105cego dno u podn\u00f3\u017ca podpory oraz zestawu nawodnego (centrali steruj\u0105cej) s\u0142u\u017c\u0105cej do zasilania oraz sterowania systemem i zdalnego przesy\u0142ania danych.<\/p>\n<\/div>\n<p><a href=\"\/wp-content\/uploads\/WYTYCZNE_Lukasz.pdf\"><img decoding=\"async\" src=\"\/wp-content\/uploads\/wytyczne.jpg\" alt=\"\"><\/a><\/p>\n<div>\n<div class=\"uk-margin\" data-id=\"page#35\">\n<div class=\"uk-margin uk-scrollspy-inview uk-animation-fade\" uk-scrollspy-class=\"\" data-id=\"page#21\">\n<p><a href=\"http:\/\/wp-content\/uploads\/WYTYCZNE_Lukasz.pdf\" data-wplink-url-error=\"true\"><strong>WYTYCZNE MONITORINGU <\/strong><\/a><br \/><strong>ROZMYCIA DNA W OTOCZENIU <\/strong><br \/><strong>PODP\u00d3R MOSTOWYCH<\/strong><\/p>\n<\/div>\n<\/div>\n<\/div>\n<p><a href=\"https:\/\/escort-technology.com\/wp-content\/uploads\/2-1.jpg\"><img decoding=\"async\" src=\"\/wp-content\/uploads\/2-1.jpg\" alt=\"\"><\/a><br \/>\n<a href=\"https:\/\/escort-technology.com\/wp-content\/uploads\/3-1.jpg\"><img decoding=\"async\" src=\"\/wp-content\/uploads\/3-1.jpg\" alt=\"\"><\/a><br \/>\n<a href=\"https:\/\/escort-technology.com\/wp-content\/uploads\/7-1.jpg\"><img decoding=\"async\" src=\"\/wp-content\/uploads\/7-1.jpg\" alt=\"\"><\/a><\/p>\n<p><!--more--><br \/>\n<!-- {\"type\":\"layout\",\"children\":[{\"name\":\"Hero1\",\"type\":\"section\",\"props\":{\"animation\":\"slide-top-medium\",\"animation_delay\":\"200\",\"image\":\"wp-content\\\/uploads\\\/woda.jpg\",\"image_position\":\"center-center\",\"image_size\":\"cover\",\"media\":\"images\\\/service-header.jpg\",\"overlap\":false,\"padding_remove_bottom\":false,\"padding_remove_top\":false,\"style\":\"secondary\",\"title_breakpoint\":\"xl\",\"title_position\":\"top-left\",\"title_rotation\":\"left\",\"vertical_align\":\"middle\",\"width\":\"\"},\"children\":[{\"type\":\"row\",\"children\":[{\"type\":\"column\",\"props\":{\"image_position\":\"center-center\",\"position_sticky_breakpoint\":\"m\",\"width_medium\":\"1-1\"},\"children\":[{\"type\":\"headline\",\"props\":{\"content\":\"\n\n<h1 style=\\\"text-align: center;\\\">ZDALNY MONITORING ROZMYCIA DNA<\\\/h1>\",\"margin\":\"small\",\"margin_remove_top\":false,\"text_align\":\"center\",\"title_element\":\"h2\",\"title_style\":\"heading-large\"}}]}]}]},{\"type\":\"section\",\"props\":{\"image_position\":\"center-center\",\"style\":\"default\",\"title_breakpoint\":\"xl\",\"title_position\":\"top-left\",\"title_rotation\":\"left\",\"vertical_align\":\"middle\",\"width\":\"large\"},\"children\":[{\"type\":\"row\",\"children\":[{\"type\":\"column\",\"props\":{\"image_position\":\"center-center\",\"position_sticky_breakpoint\":\"m\",\"width_medium\":\"1-1\"}}]},{\"type\":\"row\",\"props\":{\"layout\":\"1-2,1-2\"},\"children\":[{\"type\":\"column\",\"props\":{\"image_position\":\"center-center\",\"position_sticky_breakpoint\":\"m\",\"width_medium\":\"1-2\"},\"children\":[{\"type\":\"image\",\"props\":{\"image\":\"wp-content\\\/uploads\\\/hsmd.jpg\",\"image_box_shadow_bottom\":false,\"image_height\":\"500\",\"image_svg_color\":\"emphasis\",\"margin\":\"default\",\"text_align\":\"center\"}}]},{\"type\":\"column\",\"props\":{\"image_position\":\"center-center\",\"position_sticky_breakpoint\":\"m\",\"width_medium\":\"1-2\"},\"children\":[{\"type\":\"text\",\"props\":{\"column_breakpoint\":\"m\",\"content\":\"\n\n<p style=\\\"text-align: justify;\\\">Opracowany system s\\u0142u\\u017c\\u0105cy do permanentnego monitorowania profili dna wok\\u00f3\\u0142 filar\\u00f3w mostowych dostarcza na bie\\u017c\\u0105co zestawu danych ilo\\u015bciowych oraz wizualnych, kt\\u00f3re mog\\u0105 by\\u0107 podstaw\\u0105 do reakcji na niebezpiecze\\u0144stwo podmywania podstaw filar\\u00f3w zw\\u0142aszcza podczas powodzi.<\\\/p>\\n\n\n<p style=\\\"text-align: justify;\\\">Oprogramowanie przedstawia stany wezbraniowe oraz pozwala na wychwycenie sytuacji zagra\\u017caj\\u0105cej bezpiecze\\u0144stwu mostu na skutek rozmycia dna.<\\\/p>\",\"margin\":\"default\"}},{\"type\":\"text\",\"props\":{\"column_breakpoint\":\"m\",\"content\":\"\n\n<p style=\\\"text-align: justify;\\\">System s\\u0142u\\u017cy do ci\\u0105g\\u0142ego monitorowania stopnia rozmycia dna u podn\\u00f3\\u017ca podp\\u00f3r mostowych, g\\u0142\\u00f3wnie w sektorach nap\\u0142ywowych.<br \\\/>System dostarcza na bie\\u017c\\u0105co dane wizualne, kt\\u00f3re mog\\u0105 by\\u0107 podstaw\\u0105 do reakcji na niebezpiecze\\u0144stwo znacznego rozmycia dna u podn\\u00f3\\u017ca filar\\u00f3w podczas przej\\u015bcia wysokiej wody\\\/fali powodziowej.<\\\/p>\\n\n\n<p style=\\\"text-align: justify;\\\">System sk\\u0142ada si\\u0119 z zestawu podwodnego (sonaru hydroakustycznego) obrazuj\\u0105cego dno u podn\\u00f3\\u017ca podpory oraz zestawu nawodnego (centrali steruj\\u0105cej) s\\u0142u\\u017c\\u0105cej do zasilania oraz sterowania systemem i zdalnego przesy\\u0142ania danych.<\\\/p>\",\"margin\":\"default\"}}]}]},{\"type\":\"row\",\"props\":{\"layout\":\"1-4,1-4,1-4,1-4|1-2,1-2,1-2,1-2\"},\"children\":[{\"type\":\"column\",\"props\":{\"image_position\":\"center-center\",\"position_sticky_breakpoint\":\"m\",\"width_medium\":\"1-4\",\"width_small\":\"1-2\"},\"children\":[{\"type\":\"image\",\"props\":{\"image\":\"wp-content\\\/uploads\\\/wytyczne.jpg\",\"image_height\":\"200\",\"image_svg_color\":\"emphasis\",\"link\":\"wp-content\\\/uploads\\\/WYTYCZNE_Lukasz.pdf\",\"margin\":\"default\",\"text_align\":\"center\"}},{\"type\":\"text\",\"props\":{\"column_breakpoint\":\"m\",\"content\":\"\n\n<div class=\\\"uk-margin\\\" data-id=\\\"page#35\\\">\\n\n\n<div class=\\\"uk-margin uk-scrollspy-inview uk-animation-fade\\\" uk-scrollspy-class=\\\"\\\" data-id=\\\"page#21\\\">\\n\n\n<p><a href=\\\"http:\\\/\\\/wp-content\\\/uploads\\\/WYTYCZNE_Lukasz.pdf\\\" data-wplink-url-error=\\\"true\\\"><strong>WYTYCZNE MONITORINGU <\\\/strong><\\\/a><br \\\/><strong>ROZMYCIA DNA W OTOCZENIU <\\\/strong><br \\\/><strong>PODP\\u00d3R MOSTOWYCH<\\\/strong><\\\/p>\\n<\\\/div>\\n<\\\/div>\",\"margin\":\"default\"}}]},{\"type\":\"column\",\"props\":{\"image_position\":\"center-center\",\"position_sticky_breakpoint\":\"m\",\"width_medium\":\"1-4\",\"width_small\":\"1-2\"},\"children\":[{\"type\":\"image\",\"props\":{\"image\":\"wp-content\\\/uploads\\\/2-1.jpg\",\"image_svg_color\":\"emphasis\",\"link\":\"https:\\\/\\\/escort-technology.com\\\/wp-content\\\/uploads\\\/2-1.jpg\",\"margin\":\"default\"}}]},{\"type\":\"column\",\"props\":{\"image_position\":\"center-center\",\"position_sticky_breakpoint\":\"m\",\"width_medium\":\"1-4\",\"width_small\":\"1-2\"},\"children\":[{\"type\":\"image\",\"props\":{\"image\":\"wp-content\\\/uploads\\\/3-1.jpg\",\"image_svg_color\":\"emphasis\",\"link\":\"https:\\\/\\\/escort-technology.com\\\/wp-content\\\/uploads\\\/3-1.jpg\",\"margin\":\"default\"}}]},{\"type\":\"column\",\"props\":{\"image_position\":\"center-center\",\"position_sticky_breakpoint\":\"m\",\"width_medium\":\"1-4\",\"width_small\":\"1-2\"},\"children\":[{\"type\":\"image\",\"props\":{\"image\":\"wp-content\\\/uploads\\\/7-1.jpg\",\"image_svg_color\":\"emphasis\",\"link\":\"https:\\\/\\\/escort-technology.com\\\/wp-content\\\/uploads\\\/7-1.jpg\",\"margin\":\"default\"}}]}]}]}],\"version\":\"4.0.13\"} --><\/p>\n","protected":false},"excerpt":{"rendered":"<p>ZDALNY MONITORING ROZMYCIA DNA Opracowany system s\u0142u\u017c\u0105cy do permanentnego monitorowania profili dna wok\u00f3\u0142 filar\u00f3w mostowych dostarcza na bie\u017c\u0105co zestawu danych ilo\u015bciowych oraz wizualnych, kt\u00f3re mog\u0105 by\u0107 podstaw\u0105 do reakcji na niebezpiecze\u0144stwo podmywania podstaw filar\u00f3w zw\u0142aszcza podczas powodzi. Oprogramowanie przedstawia stany wezbraniowe oraz pozwala na wychwycenie sytuacji zagra\u017caj\u0105cej bezpiecze\u0144stwu mostu na skutek rozmycia dna. System s\u0142u\u017cy [&hellip;]<\/p>\n","protected":false},"author":6,"featured_media":0,"parent":0,"menu_order":0,"comment_status":"closed","ping_status":"closed","template":"","meta":{"footnotes":""},"class_list":["post-5029","page","type-page","status-publish","hentry"],"yoast_head":"<!-- This site is optimized with the Yoast SEO plugin v27.5 - https:\/\/yoast.com\/product\/yoast-seo-wordpress\/ -->\n<title>Zdalny monitoring rozmycia dna - ESCORT TECHNOLOGY<\/title>\n<meta name=\"robots\" content=\"index, follow, max-snippet:-1, max-image-preview:large, max-video-preview:-1\" \/>\n<link rel=\"canonical\" href=\"https:\/\/escort-technology.com\/en\/zdalny-monitoring-rozmycia-dna\/\" \/>\n<meta property=\"og:locale\" content=\"en_US\" \/>\n<meta property=\"og:type\" content=\"article\" \/>\n<meta property=\"og:title\" content=\"Zdalny monitoring rozmycia dna - ESCORT TECHNOLOGY\" \/>\n<meta property=\"og:description\" content=\"ZDALNY MONITORING ROZMYCIA DNA Opracowany system s\u0142u\u017c\u0105cy do permanentnego monitorowania profili dna wok\u00f3\u0142 filar\u00f3w mostowych dostarcza na bie\u017c\u0105co zestawu danych ilo\u015bciowych oraz wizualnych, kt\u00f3re mog\u0105 by\u0107 podstaw\u0105 do reakcji na niebezpiecze\u0144stwo podmywania podstaw filar\u00f3w zw\u0142aszcza podczas powodzi. Oprogramowanie przedstawia stany wezbraniowe oraz pozwala na wychwycenie sytuacji zagra\u017caj\u0105cej bezpiecze\u0144stwu mostu na skutek rozmycia dna. System s\u0142u\u017cy [&hellip;]\" \/>\n<meta property=\"og:url\" content=\"https:\/\/escort-technology.com\/en\/zdalny-monitoring-rozmycia-dna\/\" \/>\n<meta property=\"og:site_name\" content=\"ESCORT TECHNOLOGY\" \/>\n<meta property=\"article:publisher\" content=\"https:\/\/www.facebook.com\/elektronika.morska\/\" \/>\n<meta property=\"article:modified_time\" content=\"2024-11-19T10:22:10+00:00\" \/>\n<meta name=\"twitter:card\" content=\"summary_large_image\" \/>\n<meta name=\"twitter:label1\" content=\"Est. reading time\" \/>\n\t<meta name=\"twitter:data1\" content=\"1 minute\" \/>\n<script type=\"application\/ld+json\" class=\"yoast-schema-graph\">{\"@context\":\"https:\\\/\\\/schema.org\",\"@graph\":[{\"@type\":\"WebPage\",\"@id\":\"https:\\\/\\\/escort-technology.com\\\/zdalny-monitoring-rozmycia-dna\\\/\",\"url\":\"https:\\\/\\\/escort-technology.com\\\/zdalny-monitoring-rozmycia-dna\\\/\",\"name\":\"Zdalny monitoring rozmycia dna - ESCORT TECHNOLOGY\",\"isPartOf\":{\"@id\":\"http:\\\/\\\/escort-technology.com\\\/de\\\/#website\"},\"datePublished\":\"2019-07-15T12:23:27+00:00\",\"dateModified\":\"2024-11-19T10:22:10+00:00\",\"breadcrumb\":{\"@id\":\"https:\\\/\\\/escort-technology.com\\\/zdalny-monitoring-rozmycia-dna\\\/#breadcrumb\"},\"inLanguage\":\"en-US\",\"potentialAction\":[{\"@type\":\"ReadAction\",\"target\":[\"https:\\\/\\\/escort-technology.com\\\/zdalny-monitoring-rozmycia-dna\\\/\"]}]},{\"@type\":\"BreadcrumbList\",\"@id\":\"https:\\\/\\\/escort-technology.com\\\/zdalny-monitoring-rozmycia-dna\\\/#breadcrumb\",\"itemListElement\":[{\"@type\":\"ListItem\",\"position\":1,\"name\":\"Strona g\u0142\u00f3wna\",\"item\":\"https:\\\/\\\/escort-technology.com\\\/\"},{\"@type\":\"ListItem\",\"position\":2,\"name\":\"Zdalny monitoring rozmycia dna\"}]},{\"@type\":\"WebSite\",\"@id\":\"http:\\\/\\\/escort-technology.com\\\/de\\\/#website\",\"url\":\"http:\\\/\\\/escort-technology.com\\\/de\\\/\",\"name\":\"ESCORT TECHNOLOGY\",\"description\":\"Elektronika morska i l\u0105dowa\",\"publisher\":{\"@id\":\"http:\\\/\\\/escort-technology.com\\\/de\\\/#organization\"},\"potentialAction\":[{\"@type\":\"SearchAction\",\"target\":{\"@type\":\"EntryPoint\",\"urlTemplate\":\"http:\\\/\\\/escort-technology.com\\\/de\\\/?s={search_term_string}\"},\"query-input\":{\"@type\":\"PropertyValueSpecification\",\"valueRequired\":true,\"valueName\":\"search_term_string\"}}],\"inLanguage\":\"en-US\"},{\"@type\":\"Organization\",\"@id\":\"http:\\\/\\\/escort-technology.com\\\/de\\\/#organization\",\"name\":\"ESCORT TECHNOLOGY\",\"url\":\"http:\\\/\\\/escort-technology.com\\\/de\\\/\",\"logo\":{\"@type\":\"ImageObject\",\"inLanguage\":\"en-US\",\"@id\":\"http:\\\/\\\/escort-technology.com\\\/de\\\/#\\\/schema\\\/logo\\\/image\\\/\",\"url\":\"https:\\\/\\\/escort-technology.com\\\/wp-content\\\/uploads\\\/logo-1.jpg\",\"contentUrl\":\"https:\\\/\\\/escort-technology.com\\\/wp-content\\\/uploads\\\/logo-1.jpg\",\"width\":600,\"height\":165,\"caption\":\"ESCORT TECHNOLOGY\"},\"image\":{\"@id\":\"http:\\\/\\\/escort-technology.com\\\/de\\\/#\\\/schema\\\/logo\\\/image\\\/\"},\"sameAs\":[\"https:\\\/\\\/www.facebook.com\\\/elektronika.morska\\\/\",\"https:\\\/\\\/www.linkedin.com\\\/company\\\/escort-sp-z-o-o-\\\/\"]}]}<\/script>\n<!-- \/ Yoast SEO plugin. -->","yoast_head_json":{"title":"Zdalny monitoring rozmycia dna - ESCORT TECHNOLOGY","robots":{"index":"index","follow":"follow","max-snippet":"max-snippet:-1","max-image-preview":"max-image-preview:large","max-video-preview":"max-video-preview:-1"},"canonical":"https:\/\/escort-technology.com\/en\/zdalny-monitoring-rozmycia-dna\/","og_locale":"en_US","og_type":"article","og_title":"Zdalny monitoring rozmycia dna - ESCORT TECHNOLOGY","og_description":"ZDALNY MONITORING ROZMYCIA DNA Opracowany system s\u0142u\u017c\u0105cy do permanentnego monitorowania profili dna wok\u00f3\u0142 filar\u00f3w mostowych dostarcza na bie\u017c\u0105co zestawu danych ilo\u015bciowych oraz wizualnych, kt\u00f3re mog\u0105 by\u0107 podstaw\u0105 do reakcji na niebezpiecze\u0144stwo podmywania podstaw filar\u00f3w zw\u0142aszcza podczas powodzi. Oprogramowanie przedstawia stany wezbraniowe oraz pozwala na wychwycenie sytuacji zagra\u017caj\u0105cej bezpiecze\u0144stwu mostu na skutek rozmycia dna. System s\u0142u\u017cy [&hellip;]","og_url":"https:\/\/escort-technology.com\/en\/zdalny-monitoring-rozmycia-dna\/","og_site_name":"ESCORT TECHNOLOGY","article_publisher":"https:\/\/www.facebook.com\/elektronika.morska\/","article_modified_time":"2024-11-19T10:22:10+00:00","twitter_card":"summary_large_image","twitter_misc":{"Est. reading time":"1 minute"},"schema":{"@context":"https:\/\/schema.org","@graph":[{"@type":"WebPage","@id":"https:\/\/escort-technology.com\/zdalny-monitoring-rozmycia-dna\/","url":"https:\/\/escort-technology.com\/zdalny-monitoring-rozmycia-dna\/","name":"Zdalny monitoring rozmycia dna - ESCORT TECHNOLOGY","isPartOf":{"@id":"http:\/\/escort-technology.com\/de\/#website"},"datePublished":"2019-07-15T12:23:27+00:00","dateModified":"2024-11-19T10:22:10+00:00","breadcrumb":{"@id":"https:\/\/escort-technology.com\/zdalny-monitoring-rozmycia-dna\/#breadcrumb"},"inLanguage":"en-US","potentialAction":[{"@type":"ReadAction","target":["https:\/\/escort-technology.com\/zdalny-monitoring-rozmycia-dna\/"]}]},{"@type":"BreadcrumbList","@id":"https:\/\/escort-technology.com\/zdalny-monitoring-rozmycia-dna\/#breadcrumb","itemListElement":[{"@type":"ListItem","position":1,"name":"Strona g\u0142\u00f3wna","item":"https:\/\/escort-technology.com\/"},{"@type":"ListItem","position":2,"name":"Zdalny monitoring rozmycia dna"}]},{"@type":"WebSite","@id":"http:\/\/escort-technology.com\/de\/#website","url":"http:\/\/escort-technology.com\/de\/","name":"ESCORT TECHNOLOGY","description":"Onshore and offshore electronics","publisher":{"@id":"http:\/\/escort-technology.com\/de\/#organization"},"potentialAction":[{"@type":"SearchAction","target":{"@type":"EntryPoint","urlTemplate":"http:\/\/escort-technology.com\/de\/?s={search_term_string}"},"query-input":{"@type":"PropertyValueSpecification","valueRequired":true,"valueName":"search_term_string"}}],"inLanguage":"en-US"},{"@type":"Organization","@id":"http:\/\/escort-technology.com\/de\/#organization","name":"ESCORT TECHNOLOGY","url":"http:\/\/escort-technology.com\/de\/","logo":{"@type":"ImageObject","inLanguage":"en-US","@id":"http:\/\/escort-technology.com\/de\/#\/schema\/logo\/image\/","url":"https:\/\/escort-technology.com\/wp-content\/uploads\/logo-1.jpg","contentUrl":"https:\/\/escort-technology.com\/wp-content\/uploads\/logo-1.jpg","width":600,"height":165,"caption":"ESCORT TECHNOLOGY"},"image":{"@id":"http:\/\/escort-technology.com\/de\/#\/schema\/logo\/image\/"},"sameAs":["https:\/\/www.facebook.com\/elektronika.morska\/","https:\/\/www.linkedin.com\/company\/escort-sp-z-o-o-\/"]}]}},"_links":{"self":[{"href":"https:\/\/escort-technology.com\/en\/wp-json\/wp\/v2\/pages\/5029","targetHints":{"allow":["GET"]}}],"collection":[{"href":"https:\/\/escort-technology.com\/en\/wp-json\/wp\/v2\/pages"}],"about":[{"href":"https:\/\/escort-technology.com\/en\/wp-json\/wp\/v2\/types\/page"}],"author":[{"embeddable":true,"href":"https:\/\/escort-technology.com\/en\/wp-json\/wp\/v2\/users\/6"}],"replies":[{"embeddable":true,"href":"https:\/\/escort-technology.com\/en\/wp-json\/wp\/v2\/comments?post=5029"}],"version-history":[{"count":7,"href":"https:\/\/escort-technology.com\/en\/wp-json\/wp\/v2\/pages\/5029\/revisions"}],"predecessor-version":[{"id":14021,"href":"https:\/\/escort-technology.com\/en\/wp-json\/wp\/v2\/pages\/5029\/revisions\/14021"}],"wp:attachment":[{"href":"https:\/\/escort-technology.com\/en\/wp-json\/wp\/v2\/media?parent=5029"}],"curies":[{"name":"wp","href":"https:\/\/api.w.org\/{rel}","templated":true}]}}