{"id":5094,"date":"2019-07-18T12:45:08","date_gmt":"2019-07-18T10:45:08","guid":{"rendered":"https:\/\/escort-technology.com\/?page_id=5094"},"modified":"2019-09-03T10:19:04","modified_gmt":"2019-09-03T08:19:04","slug":"obchody-swiatowego-dnia-hydrografii-2019","status":"publish","type":"page","link":"https:\/\/escort-technology.com\/en\/obchody-swiatowego-dnia-hydrografii-2019\/","title":{"rendered":"Obchody \u015awiatowego Dnia Hydrografii 2019"},"content":{"rendered":"<p>Krajowe obchody \u015awiatowego Dnia Hydrografii 2019<\/p>\n<p>W dniu 29 czerwca 2019r. w Ustce obchodzili\u015bmy \u015awiatowy Dzie\u0144 Hydrografii. Tematem przewodnim by\u0142o has\u0142o okre\u015blone przez Mi\u0119dzynarodow\u0105 Organizacj\u0119 Hydrograficzn\u0105 (IHO): &#8222;Informacja hydrograficzna istotnym elementem wiedzy o morzu&#8221;.<br \/>\nO godzinie 09:00 nast\u0105pi\u0142o oficjalne rozpocz\u0119cie obchod\u00f3w oraz prezentacja sprz\u0119tu hydrograficznego. Dodatkowo mo\u017cna by\u0142o zwiedza\u0107 jednostki hydrograficzne Marynarki Wojennej oraz Urz\u0119du Morskiego w S\u0142upsku.<br \/>\nO godzinie 10:00 rozpocz\u0119\u0142a si\u0119 konferencja o tematyce zwi\u0105zanej z has\u0142em przewodnim WHD 2019. Zosta\u0142y poruszone m.in. metod poszukiwania obiekt\u00f3w na du\u017cych g\u0142\u0119boko\u015bciach za pomoc\u0105 metod hydroakustycznych. Firma ESCORT przygotowa\u0142a prezentacj\u0119 dotycz\u0105c\u0105 projektu &#8222;Wraki Ko\u0142obrzegu \u2014 kolejne odkrycia&#8221;.<br \/>\n\u00a0<\/p>\n<p><!-- {\"name\":\"sdh\",\"type\":\"layout\",\"children\":[{\"name\":\"opis elektroniki\",\"type\":\"section\",\"props\":{\"width\":\"default\",\"padding\":\"none\",\"style\":\"default\",\"text_color\":\"\",\"media\":\"\",\"height_viewport\":false,\"header_overlay\":\"light\",\"animation\":\"slide-top-medium\",\"padding_remove_top\":false,\"image_size\":\"cover\",\"image\":\"\",\"image_position\":\"bottom-center\",\"image_fixed\":false,\"class\":\"\",\"overlap\":true,\"vertical_align\":\"middle\",\"title_position\":\"top-left\",\"title_rotation\":\"left\",\"title_breakpoint\":\"xl\"},\"children\":[{\"name\":\"\",\"type\":\"row\",\"props\":{\"fixed_width\":\"large\",\"breakpoint\":\"m\",\"layout\":\"1-1\"},\"children\":[{\"name\":\"\",\"type\":\"column\",\"props\":{\"widths\":[\"1-1\"],\"image_position\":\"center-center\"},\"children\":[{\"name\":\"\",\"type\":\"headline\",\"props\":{\"title_element\":\"h1\",\"content\":\"\n\n<h2>Krajowe obchody \\u015awiatowego Dnia Hydrografii 2019<\\\/h2>\",\"title_decoration\":\"\",\"title_style\":\"\",\"title_color\":\"\",\"text_align\":\"\",\"text_align_breakpoint\":\"\",\"text_align_fallback\":\"\",\"maxwidth\":\"\",\"maxwidth_align\":\"\",\"maxwidth_breakpoint\":\"\",\"margin\":\"\",\"animation\":\"\",\"visibility\":\"\"}},{\"name\":\"\",\"type\":\"divider\",\"props\":{\"divider_element\":\"hr\"}},{\"name\":\"\",\"type\":\"text\",\"props\":{\"margin\":\"large\",\"column_breakpoint\":\"m\",\"content\":\"\n\n<p align=\\\"justify\\\">W dniu 29 czerwca 2019r. w Ustce obchodzili\\u015bmy \\u015awiatowy Dzie\\u0144 Hydrografii. Tematem przewodnim by\\u0142o has\\u0142o okre\\u015blone przez Mi\\u0119dzynarodow\\u0105 Organizacj\\u0119 Hydrograficzn\\u0105 (IHO): \\\"<b class=\\\"art-detal-tekst\\\">Informacja hydrograficzna istotnym elementem wiedzy o morzu<\\\/b>\\\".<\\\/p>\\n\n\n<p align=\\\"justify\\\">O godzinie 09:00 nast\\u0105pi\\u0142o oficjalne rozpocz\\u0119cie obchod\\u00f3w oraz prezentacja sprz\\u0119tu hydrograficznego. Dodatkowo mo\\u017cna by\\u0142o zwiedza\\u0107 jednostki hydrograficzne Marynarki Wojennej oraz Urz\\u0119du Morskiego w S\\u0142upsku.<\\\/p>\\n\n\n<p align=\\\"justify\\\">O godzinie 10:00 rozpocz\\u0119\\u0142a si\\u0119 konferencja o tematyce zwi\\u0105zanej z has\\u0142em przewodnim WHD 2019. Zosta\\u0142y poruszone m.in. metod poszukiwania obiekt\\u00f3w na du\\u017cych g\\u0142\\u0119boko\\u015bciach za pomoc\\u0105 metod hydroakustycznych. Firma ESCORT przygotowa\\u0142a prezentacj\\u0119 dotycz\\u0105c\\u0105 projektu \\\"<b>Wraki Ko\\u0142obrzegu \\u2014 kolejne odkrycia\\\".<\\\/b><\\\/p>\\n\n\n<p align=\\\"justify\\\">\\u00a0<\\\/p>\",\"text_align\":\"justify\",\"text_style\":\"\",\"text_color\":\"\",\"text_size\":\"\",\"column\":\"\",\"text_align_breakpoint\":\"\",\"text_align_fallback\":\"\",\"maxwidth\":\"\",\"maxwidth_align\":\"\",\"maxwidth_breakpoint\":\"\",\"animation\":\"\",\"visibility\":\"\"}}]}]},{\"name\":\"\",\"type\":\"row\",\"props\":{\"fixed_width\":\"large\",\"breakpoint\":\"m\",\"layout\":\",,\",\"margin\":\"remove-vertical\"},\"children\":[{\"name\":\"\",\"type\":\"column\",\"props\":{\"widths\":[\"\"],\"image_position\":\"center-center\"},\"children\":[{\"name\":\"\",\"type\":\"slideshow\",\"props\":{\"show_title\":true,\"show_meta\":true,\"show_content\":true,\"show_link\":true,\"show_thumbnail\":true,\"slideshow_min_height\":250,\"slideshow_autoplay_pause\":false,\"nav\":\"dotnav\",\"nav_position\":\"bottom-center\",\"nav_position_margin\":\"medium\",\"nav_align\":\"center\",\"nav_breakpoint\":\"s\",\"thumbnav_width\":\"100\",\"thumbnav_height\":\"75\",\"slidenav\":\"default\",\"slidenav_margin\":\"medium\",\"slidenav_breakpoint\":\"s\",\"slidenav_outside_breakpoint\":\"xl\",\"overlay_position\":\"center-left\",\"overlay_animation\":\"parallax\",\"title_element\":\"h3\",\"meta_style\":\"meta\",\"meta_align\":\"bottom\",\"link_text\":\"Read more\",\"link_style\":\"default\",\"margin\":\"default\",\"slideshow_velocity\":0.2,\"slideshow_autoplay\":true,\"slideshow_autoplay_interval\":6,\"slideshow_height\":\"\",\"text_color\":\"\",\"slideshow_box_shadow\":\"\",\"slideshow_animation\":\"\",\"slideshow_kenburns\":\"\",\"nav_color\":\"\",\"slidenav_outside_color\":\"\",\"overlay_container\":\"\",\"overlay_container_padding\":\"\",\"overlay_margin\":\"\",\"overlay_style\":\"\",\"overlay_padding\":\"\",\"overlay_width\":\"\",\"title_style\":\"\",\"title_decoration\":\"\",\"title_color\":\"\",\"meta_margin\":\"\",\"content_style\":\"\",\"link_size\":\"\",\"text_align\":\"\",\"text_align_breakpoint\":\"\",\"text_align_fallback\":\"\",\"maxwidth\":\"\",\"maxwidth_align\":\"\",\"maxwidth_breakpoint\":\"\",\"animation\":\"\",\"visibility\":\"\"},\"children\":[{\"name\":\"\",\"type\":\"slideshow_item\",\"props\":{\"image\":\"wp-content\\\/uploads\\\/whd4.jpg\",\"text_color\":\"\"}},{\"name\":\"\",\"type\":\"slideshow_item\",\"props\":{\"image\":\"wp-content\\\/uploads\\\/whd17.jpg\",\"text_color\":\"\"}}]}]},{\"name\":\"\",\"type\":\"column\",\"props\":{\"widths\":[\"\"],\"image_position\":\"center-center\"},\"children\":[{\"name\":\"\",\"type\":\"slideshow\",\"props\":{\"show_title\":true,\"show_meta\":true,\"show_content\":true,\"show_link\":true,\"show_thumbnail\":true,\"slideshow_min_height\":250,\"slideshow_autoplay_pause\":false,\"nav\":\"dotnav\",\"nav_position\":\"bottom-center\",\"nav_position_margin\":\"medium\",\"nav_align\":\"center\",\"nav_breakpoint\":\"s\",\"thumbnav_width\":\"100\",\"thumbnav_height\":\"75\",\"slidenav\":\"default\",\"slidenav_margin\":\"medium\",\"slidenav_breakpoint\":\"s\",\"slidenav_outside_breakpoint\":\"xl\",\"overlay_position\":\"center-left\",\"overlay_animation\":\"parallax\",\"title_element\":\"h3\",\"meta_style\":\"meta\",\"meta_align\":\"bottom\",\"link_text\":\"Read more\",\"link_style\":\"default\",\"margin\":\"default\",\"slideshow_autoplay\":true,\"slideshow_velocity\":0.2,\"slideshow_autoplay_interval\":5,\"slideshow_height\":\"\",\"text_color\":\"\",\"slideshow_box_shadow\":\"\",\"slideshow_animation\":\"\",\"slideshow_kenburns\":\"\",\"nav_color\":\"\",\"slidenav_outside_color\":\"\",\"overlay_container\":\"\",\"overlay_container_padding\":\"\",\"overlay_margin\":\"\",\"overlay_style\":\"\",\"overlay_padding\":\"\",\"overlay_width\":\"\",\"title_style\":\"\",\"title_decoration\":\"\",\"title_color\":\"\",\"meta_margin\":\"\",\"content_style\":\"\",\"link_size\":\"\",\"text_align\":\"\",\"text_align_breakpoint\":\"\",\"text_align_fallback\":\"\",\"maxwidth\":\"\",\"maxwidth_align\":\"\",\"maxwidth_breakpoint\":\"\",\"animation\":\"\",\"visibility\":\"\"},\"children\":[{\"name\":\"\",\"type\":\"slideshow_item\",\"props\":{\"image\":\"wp-content\\\/uploads\\\/whd9-1.jpg\",\"text_color\":\"\"}},{\"name\":\"\",\"type\":\"slideshow_item\",\"props\":{\"image\":\"wp-content\\\/uploads\\\/whd13.jpg\",\"text_color\":\"\"}}]}]},{\"name\":\"\",\"type\":\"column\",\"props\":{\"widths\":[\"\"],\"image_position\":\"center-center\"},\"children\":[{\"name\":\"\",\"type\":\"slideshow\",\"props\":{\"show_title\":true,\"show_meta\":true,\"show_content\":true,\"show_link\":true,\"show_thumbnail\":true,\"slideshow_min_height\":250,\"slideshow_autoplay_pause\":false,\"nav\":\"dotnav\",\"nav_position\":\"bottom-center\",\"nav_position_margin\":\"medium\",\"nav_align\":\"center\",\"nav_breakpoint\":\"s\",\"thumbnav_width\":\"100\",\"thumbnav_height\":\"75\",\"slidenav\":\"default\",\"slidenav_margin\":\"medium\",\"slidenav_breakpoint\":\"s\",\"slidenav_outside_breakpoint\":\"xl\",\"overlay_position\":\"center-left\",\"overlay_animation\":\"parallax\",\"title_element\":\"h3\",\"meta_style\":\"meta\",\"meta_align\":\"bottom\",\"link_text\":\"Read more\",\"link_style\":\"default\",\"margin\":\"default\",\"slideshow_max_height\":1000,\"slideshow_velocity\":0.2,\"slideshow_autoplay\":true,\"slideshow_height\":\"\",\"text_color\":\"\",\"slideshow_box_shadow\":\"\",\"slideshow_animation\":\"\",\"slideshow_kenburns\":\"\",\"nav_color\":\"\",\"slidenav_outside_color\":\"\",\"overlay_container\":\"\",\"overlay_container_padding\":\"\",\"overlay_margin\":\"\",\"overlay_style\":\"\",\"overlay_padding\":\"\",\"overlay_width\":\"\",\"title_style\":\"\",\"title_decoration\":\"\",\"title_color\":\"\",\"meta_margin\":\"\",\"content_style\":\"\",\"link_size\":\"\",\"text_align\":\"\",\"text_align_breakpoint\":\"\",\"text_align_fallback\":\"\",\"maxwidth\":\"\",\"maxwidth_align\":\"\",\"maxwidth_breakpoint\":\"\",\"animation\":\"\",\"visibility\":\"\"},\"children\":[{\"name\":\"\",\"type\":\"slideshow_item\",\"props\":{\"image\":\"wp-content\\\/uploads\\\/IMG_20190629_093309.jpg\",\"text_color\":\"\"}},{\"name\":\"\",\"type\":\"slideshow_item\",\"props\":{\"image\":\"wp-content\\\/uploads\\\/IMG_20190629_093321.jpg\",\"text_color\":\"\"}}]}]}]}]}]} --><\/p>\n","protected":false},"excerpt":{"rendered":"<p>Krajowe obchody \u015awiatowego Dnia Hydrografii 2019 W dniu 29 czerwca 2019r. w Ustce obchodzili\u015bmy \u015awiatowy Dzie\u0144 Hydrografii. Tematem przewodnim by\u0142o has\u0142o okre\u015blone przez Mi\u0119dzynarodow\u0105 Organizacj\u0119 Hydrograficzn\u0105 (IHO): &#8222;Informacja hydrograficzna istotnym elementem wiedzy o morzu&#8221;. O godzinie 09:00 nast\u0105pi\u0142o oficjalne rozpocz\u0119cie obchod\u00f3w oraz prezentacja sprz\u0119tu hydrograficznego. Dodatkowo mo\u017cna by\u0142o zwiedza\u0107 jednostki hydrograficzne Marynarki Wojennej oraz Urz\u0119du [&hellip;]<\/p>\n","protected":false},"author":6,"featured_media":0,"parent":0,"menu_order":0,"comment_status":"closed","ping_status":"closed","template":"","meta":{"footnotes":""},"class_list":["post-5094","page","type-page","status-publish","hentry"],"yoast_head":"<!-- This site is optimized with the Yoast SEO plugin v27.6 - https:\/\/yoast.com\/product\/yoast-seo-wordpress\/ -->\n<title>Obchody \u015awiatowego Dnia Hydrografii 2019 - ESCORT TECHNOLOGY<\/title>\n<meta name=\"robots\" content=\"index, follow, max-snippet:-1, max-image-preview:large, max-video-preview:-1\" \/>\n<link rel=\"canonical\" href=\"https:\/\/escort-technology.com\/en\/obchody-swiatowego-dnia-hydrografii-2019\/\" \/>\n<meta property=\"og:locale\" content=\"en_US\" \/>\n<meta property=\"og:type\" content=\"article\" \/>\n<meta property=\"og:title\" content=\"Obchody \u015awiatowego Dnia Hydrografii 2019 - ESCORT TECHNOLOGY\" \/>\n<meta property=\"og:description\" content=\"Krajowe obchody \u015awiatowego Dnia Hydrografii 2019 W dniu 29 czerwca 2019r. w Ustce obchodzili\u015bmy \u015awiatowy Dzie\u0144 Hydrografii. Tematem przewodnim by\u0142o has\u0142o okre\u015blone przez Mi\u0119dzynarodow\u0105 Organizacj\u0119 Hydrograficzn\u0105 (IHO): &#8222;Informacja hydrograficzna istotnym elementem wiedzy o morzu&#8221;. O godzinie 09:00 nast\u0105pi\u0142o oficjalne rozpocz\u0119cie obchod\u00f3w oraz prezentacja sprz\u0119tu hydrograficznego. Dodatkowo mo\u017cna by\u0142o zwiedza\u0107 jednostki hydrograficzne Marynarki Wojennej oraz Urz\u0119du [&hellip;]\" \/>\n<meta property=\"og:url\" content=\"https:\/\/escort-technology.com\/en\/obchody-swiatowego-dnia-hydrografii-2019\/\" \/>\n<meta property=\"og:site_name\" content=\"ESCORT TECHNOLOGY\" \/>\n<meta property=\"article:publisher\" content=\"https:\/\/www.facebook.com\/elektronika.morska\/\" \/>\n<meta property=\"article:modified_time\" content=\"2019-09-03T08:19:04+00:00\" \/>\n<meta name=\"twitter:card\" content=\"summary_large_image\" \/>\n<meta name=\"twitter:label1\" content=\"Est. reading time\" \/>\n\t<meta name=\"twitter:data1\" content=\"1 minute\" \/>\n<script type=\"application\/ld+json\" class=\"yoast-schema-graph\">{\"@context\":\"https:\\\/\\\/schema.org\",\"@graph\":[{\"@type\":\"WebPage\",\"@id\":\"https:\\\/\\\/escort-technology.com\\\/en\\\/obchody-swiatowego-dnia-hydrografii-2019\\\/\",\"url\":\"https:\\\/\\\/escort-technology.com\\\/en\\\/obchody-swiatowego-dnia-hydrografii-2019\\\/\",\"name\":\"Obchody \u015awiatowego Dnia Hydrografii 2019 - ESCORT TECHNOLOGY\",\"isPartOf\":{\"@id\":\"http:\\\/\\\/escort-technology.com\\\/de\\\/#website\"},\"datePublished\":\"2019-07-18T10:45:08+00:00\",\"dateModified\":\"2019-09-03T08:19:04+00:00\",\"breadcrumb\":{\"@id\":\"https:\\\/\\\/escort-technology.com\\\/en\\\/obchody-swiatowego-dnia-hydrografii-2019\\\/#breadcrumb\"},\"inLanguage\":\"en-US\",\"potentialAction\":[{\"@type\":\"ReadAction\",\"target\":[\"https:\\\/\\\/escort-technology.com\\\/en\\\/obchody-swiatowego-dnia-hydrografii-2019\\\/\"]}]},{\"@type\":\"BreadcrumbList\",\"@id\":\"https:\\\/\\\/escort-technology.com\\\/en\\\/obchody-swiatowego-dnia-hydrografii-2019\\\/#breadcrumb\",\"itemListElement\":[{\"@type\":\"ListItem\",\"position\":1,\"name\":\"Strona g\u0142\u00f3wna\",\"item\":\"https:\\\/\\\/escort-technology.com\\\/\"},{\"@type\":\"ListItem\",\"position\":2,\"name\":\"Obchody \u015awiatowego Dnia Hydrografii 2019\"}]},{\"@type\":\"WebSite\",\"@id\":\"http:\\\/\\\/escort-technology.com\\\/de\\\/#website\",\"url\":\"http:\\\/\\\/escort-technology.com\\\/de\\\/\",\"name\":\"ESCORT TECHNOLOGY\",\"description\":\"Elektronika morska i l\u0105dowa\",\"publisher\":{\"@id\":\"http:\\\/\\\/escort-technology.com\\\/de\\\/#organization\"},\"potentialAction\":[{\"@type\":\"SearchAction\",\"target\":{\"@type\":\"EntryPoint\",\"urlTemplate\":\"http:\\\/\\\/escort-technology.com\\\/de\\\/?s={search_term_string}\"},\"query-input\":{\"@type\":\"PropertyValueSpecification\",\"valueRequired\":true,\"valueName\":\"search_term_string\"}}],\"inLanguage\":\"en-US\"},{\"@type\":\"Organization\",\"@id\":\"http:\\\/\\\/escort-technology.com\\\/de\\\/#organization\",\"name\":\"ESCORT TECHNOLOGY\",\"url\":\"http:\\\/\\\/escort-technology.com\\\/de\\\/\",\"logo\":{\"@type\":\"ImageObject\",\"inLanguage\":\"en-US\",\"@id\":\"http:\\\/\\\/escort-technology.com\\\/de\\\/#\\\/schema\\\/logo\\\/image\\\/\",\"url\":\"https:\\\/\\\/escort-technology.com\\\/wp-content\\\/uploads\\\/logo-1.jpg\",\"contentUrl\":\"https:\\\/\\\/escort-technology.com\\\/wp-content\\\/uploads\\\/logo-1.jpg\",\"width\":600,\"height\":165,\"caption\":\"ESCORT TECHNOLOGY\"},\"image\":{\"@id\":\"http:\\\/\\\/escort-technology.com\\\/de\\\/#\\\/schema\\\/logo\\\/image\\\/\"},\"sameAs\":[\"https:\\\/\\\/www.facebook.com\\\/elektronika.morska\\\/\",\"https:\\\/\\\/www.linkedin.com\\\/company\\\/escort-sp-z-o-o-\\\/\"]}]}<\/script>\n<!-- \/ Yoast SEO plugin. -->","yoast_head_json":{"title":"Obchody \u015awiatowego Dnia Hydrografii 2019 - ESCORT TECHNOLOGY","robots":{"index":"index","follow":"follow","max-snippet":"max-snippet:-1","max-image-preview":"max-image-preview:large","max-video-preview":"max-video-preview:-1"},"canonical":"https:\/\/escort-technology.com\/en\/obchody-swiatowego-dnia-hydrografii-2019\/","og_locale":"en_US","og_type":"article","og_title":"Obchody \u015awiatowego Dnia Hydrografii 2019 - ESCORT TECHNOLOGY","og_description":"Krajowe obchody \u015awiatowego Dnia Hydrografii 2019 W dniu 29 czerwca 2019r. w Ustce obchodzili\u015bmy \u015awiatowy Dzie\u0144 Hydrografii. Tematem przewodnim by\u0142o has\u0142o okre\u015blone przez Mi\u0119dzynarodow\u0105 Organizacj\u0119 Hydrograficzn\u0105 (IHO): &#8222;Informacja hydrograficzna istotnym elementem wiedzy o morzu&#8221;. O godzinie 09:00 nast\u0105pi\u0142o oficjalne rozpocz\u0119cie obchod\u00f3w oraz prezentacja sprz\u0119tu hydrograficznego. Dodatkowo mo\u017cna by\u0142o zwiedza\u0107 jednostki hydrograficzne Marynarki Wojennej oraz Urz\u0119du [&hellip;]","og_url":"https:\/\/escort-technology.com\/en\/obchody-swiatowego-dnia-hydrografii-2019\/","og_site_name":"ESCORT TECHNOLOGY","article_publisher":"https:\/\/www.facebook.com\/elektronika.morska\/","article_modified_time":"2019-09-03T08:19:04+00:00","twitter_card":"summary_large_image","twitter_misc":{"Est. reading time":"1 minute"},"schema":{"@context":"https:\/\/schema.org","@graph":[{"@type":"WebPage","@id":"https:\/\/escort-technology.com\/en\/obchody-swiatowego-dnia-hydrografii-2019\/","url":"https:\/\/escort-technology.com\/en\/obchody-swiatowego-dnia-hydrografii-2019\/","name":"Obchody \u015awiatowego Dnia Hydrografii 2019 - ESCORT TECHNOLOGY","isPartOf":{"@id":"http:\/\/escort-technology.com\/de\/#website"},"datePublished":"2019-07-18T10:45:08+00:00","dateModified":"2019-09-03T08:19:04+00:00","breadcrumb":{"@id":"https:\/\/escort-technology.com\/en\/obchody-swiatowego-dnia-hydrografii-2019\/#breadcrumb"},"inLanguage":"en-US","potentialAction":[{"@type":"ReadAction","target":["https:\/\/escort-technology.com\/en\/obchody-swiatowego-dnia-hydrografii-2019\/"]}]},{"@type":"BreadcrumbList","@id":"https:\/\/escort-technology.com\/en\/obchody-swiatowego-dnia-hydrografii-2019\/#breadcrumb","itemListElement":[{"@type":"ListItem","position":1,"name":"Strona g\u0142\u00f3wna","item":"https:\/\/escort-technology.com\/"},{"@type":"ListItem","position":2,"name":"Obchody \u015awiatowego Dnia Hydrografii 2019"}]},{"@type":"WebSite","@id":"http:\/\/escort-technology.com\/de\/#website","url":"http:\/\/escort-technology.com\/de\/","name":"ESCORT TECHNOLOGY","description":"Onshore and offshore electronics","publisher":{"@id":"http:\/\/escort-technology.com\/de\/#organization"},"potentialAction":[{"@type":"SearchAction","target":{"@type":"EntryPoint","urlTemplate":"http:\/\/escort-technology.com\/de\/?s={search_term_string}"},"query-input":{"@type":"PropertyValueSpecification","valueRequired":true,"valueName":"search_term_string"}}],"inLanguage":"en-US"},{"@type":"Organization","@id":"http:\/\/escort-technology.com\/de\/#organization","name":"ESCORT TECHNOLOGY","url":"http:\/\/escort-technology.com\/de\/","logo":{"@type":"ImageObject","inLanguage":"en-US","@id":"http:\/\/escort-technology.com\/de\/#\/schema\/logo\/image\/","url":"https:\/\/escort-technology.com\/wp-content\/uploads\/logo-1.jpg","contentUrl":"https:\/\/escort-technology.com\/wp-content\/uploads\/logo-1.jpg","width":600,"height":165,"caption":"ESCORT TECHNOLOGY"},"image":{"@id":"http:\/\/escort-technology.com\/de\/#\/schema\/logo\/image\/"},"sameAs":["https:\/\/www.facebook.com\/elektronika.morska\/","https:\/\/www.linkedin.com\/company\/escort-sp-z-o-o-\/"]}]}},"_links":{"self":[{"href":"https:\/\/escort-technology.com\/en\/wp-json\/wp\/v2\/pages\/5094","targetHints":{"allow":["GET"]}}],"collection":[{"href":"https:\/\/escort-technology.com\/en\/wp-json\/wp\/v2\/pages"}],"about":[{"href":"https:\/\/escort-technology.com\/en\/wp-json\/wp\/v2\/types\/page"}],"author":[{"embeddable":true,"href":"https:\/\/escort-technology.com\/en\/wp-json\/wp\/v2\/users\/6"}],"replies":[{"embeddable":true,"href":"https:\/\/escort-technology.com\/en\/wp-json\/wp\/v2\/comments?post=5094"}],"version-history":[{"count":6,"href":"https:\/\/escort-technology.com\/en\/wp-json\/wp\/v2\/pages\/5094\/revisions"}],"predecessor-version":[{"id":5154,"href":"https:\/\/escort-technology.com\/en\/wp-json\/wp\/v2\/pages\/5094\/revisions\/5154"}],"wp:attachment":[{"href":"https:\/\/escort-technology.com\/en\/wp-json\/wp\/v2\/media?parent=5094"}],"curies":[{"name":"wp","href":"https:\/\/api.w.org\/{rel}","templated":true}]}}