{"id":5157,"date":"2019-09-03T11:38:23","date_gmt":"2019-09-03T09:38:23","guid":{"rendered":"https:\/\/escort-technology.com\/?page_id=5157"},"modified":"2019-09-03T11:46:00","modified_gmt":"2019-09-03T09:46:00","slug":"miedzynarodowe-targi-baltexpo-2019","status":"publish","type":"page","link":"https:\/\/escort-technology.com\/en\/miedzynarodowe-targi-baltexpo-2019\/","title":{"rendered":"Mi\u0119dzynarodowe Targi Baltexpo 2019"},"content":{"rendered":"<p>Mi\u0119dzynarodowe Targi Baltexpo 2019<\/p>\n<p>Polska i \u015bwiatowa bran\u017ca morska na BALTEXPO 2019.<br \/>\nCo dwa lata kilka wrze\u015bniowych dni zarezerwowanych jest dla bran\u017cy morskiej. Na Mi\u0119dzynarodowe Targi Morskie, ju\u017c od ponad 30 lat przyje\u017cd\u017ca kilkaset firm i instytucji z ca\u0142ego \u015bwiata.<br \/>\nTematyka targ\u00f3w obejmuje przemys\u0142, okr\u0119towy, offshore, infrastruktur\u0119 port\u00f3w i przemys\u0142u morskiego, logistyk\u0119 w transporcie morskim, \u017ceglug\u0119 morsk\u0105 i przybrze\u017cn\u0105, \u017ceglug\u0119 \u015br\u00f3dl\u0105dow\u0105 i gospodark\u0119 wodn\u0105, bezpiecze\u0144stwo i ochron\u0119 port\u00f3w i \u017ceglugi, ochron\u0119 \u015brodowiska , edukacj\u0119 i media.<br \/>\nZapraszamy do odwiedzenia naszego stoiska 2.03<\/p>\n<p><!-- {\"name\":\"\",\"type\":\"layout\",\"children\":[{\"name\":\"\",\"type\":\"section\",\"props\":{\"style\":\"default\",\"width\":\"default\",\"vertical_align\":\"middle\",\"title_position\":\"top-left\",\"title_rotation\":\"left\",\"title_breakpoint\":\"xl\",\"image_position\":\"center-center\",\"height\":\"\",\"padding\":\"\",\"header_transparent\":\"\",\"animation\":\"\"},\"children\":[{\"name\":\"\",\"type\":\"row\",\"props\":{\"fixed_width\":\"large\",\"breakpoint\":\"m\"},\"children\":[{\"name\":\"\",\"type\":\"column\",\"props\":{\"widths\":[\"\"],\"image_position\":\"center-center\"},\"children\":[{\"name\":\"\",\"type\":\"headline\",\"props\":{\"title_element\":\"h1\",\"title_style\":\"\",\"title_decoration\":\"\",\"title_color\":\"\",\"text_align\":\"\",\"text_align_breakpoint\":\"\",\"text_align_fallback\":\"\",\"maxwidth\":\"\",\"maxwidth_align\":\"\",\"maxwidth_breakpoint\":\"\",\"margin\":\"\",\"animation\":\"\",\"visibility\":\"\",\"content\":\"\n\n<h3>Mi\\u0119dzynarodowe Targi Baltexpo 2019<\\\/h3>\"}},{\"name\":\"\",\"type\":\"divider\",\"props\":{\"divider_element\":\"hr\"}},{\"name\":\"\",\"type\":\"text\",\"props\":{\"margin\":\"default\",\"column_breakpoint\":\"m\",\"text_style\":\"\",\"text_color\":\"\",\"text_size\":\"\",\"column\":\"\",\"text_align\":\"\",\"text_align_breakpoint\":\"\",\"text_align_fallback\":\"\",\"maxwidth\":\"\",\"maxwidth_align\":\"\",\"maxwidth_breakpoint\":\"\",\"animation\":\"\",\"visibility\":\"\",\"content\":\"\n\n<p><b>Polska i \\u015bwiatowa bran\\u017ca morska na BALTEXPO 2019.<\\\/b><\\\/p>\\n\n\n<p>Co dwa lata kilka wrze\\u015bniowych dni zarezerwowanych jest dla bran\\u017cy morskiej. Na Mi\\u0119dzynarodowe Targi Morskie, ju\\u017c od ponad 30 lat przyje\\u017cd\\u017ca kilkaset firm i instytucji z ca\\u0142ego \\u015bwiata.<\\\/p>\\n\n\n<p>Tematyka targ\\u00f3w obejmuje przemys\\u0142, okr\\u0119towy, offshore, infrastruktur\\u0119 port\\u00f3w i przemys\\u0142u morskiego, logistyk\\u0119 w transporcie morskim, \\u017ceglug\\u0119 morsk\\u0105 i przybrze\\u017cn\\u0105, \\u017ceglug\\u0119 \\u015br\\u00f3dl\\u0105dow\\u0105 i gospodark\\u0119 wodn\\u0105, bezpiecze\\u0144stwo i ochron\\u0119 port\\u00f3w i \\u017ceglugi, ochron\\u0119 \\u015brodowiska , edukacj\\u0119 i media.<\\\/p>\\n\n\n<p>Zapraszamy do odwiedzenia naszego stoiska 2.03<\\\/p>\"}}]}]}]},{\"name\":\"\",\"type\":\"section\",\"props\":{\"style\":\"default\",\"width\":\"default\",\"vertical_align\":\"middle\",\"title_position\":\"top-left\",\"title_rotation\":\"left\",\"title_breakpoint\":\"xl\",\"image_position\":\"center-center\"},\"children\":[{\"name\":\"\",\"type\":\"row\",\"props\":{\"fixed_width\":\"large\",\"breakpoint\":\"m\"},\"children\":[{\"name\":\"\",\"type\":\"column\",\"props\":{\"widths\":[\"\"],\"image_position\":\"center-center\"},\"children\":[{\"name\":\"\",\"type\":\"slideshow\",\"props\":{\"show_title\":true,\"show_meta\":true,\"show_content\":true,\"show_link\":true,\"show_thumbnail\":true,\"slideshow_min_height\":\"200\",\"slideshow_autoplay_pause\":true,\"nav\":\"dotnav\",\"nav_position\":\"bottom-center\",\"nav_position_margin\":\"medium\",\"nav_align\":\"center\",\"nav_breakpoint\":\"s\",\"thumbnav_width\":\"100\",\"thumbnav_height\":\"75\",\"slidenav\":\"default\",\"slidenav_margin\":\"medium\",\"slidenav_breakpoint\":\"s\",\"slidenav_outside_breakpoint\":\"xl\",\"overlay_position\":\"center-left\",\"overlay_animation\":\"parallax\",\"title_element\":\"h3\",\"meta_style\":\"meta\",\"meta_align\":\"bottom\",\"link_text\":\"Read more\",\"link_style\":\"default\",\"margin\":\"default\",\"slideshow_height\":\"\",\"text_color\":\"\",\"slideshow_box_shadow\":\"\",\"slideshow_animation\":\"\",\"slideshow_kenburns\":\"\",\"nav_color\":\"\",\"slidenav_outside_color\":\"\",\"overlay_container\":\"\",\"overlay_container_padding\":\"\",\"overlay_margin\":\"\",\"overlay_style\":\"\",\"overlay_padding\":\"\",\"overlay_width\":\"\",\"title_style\":\"\",\"title_decoration\":\"\",\"title_color\":\"\",\"meta_margin\":\"\",\"content_style\":\"\",\"link_size\":\"\",\"text_align\":\"\",\"text_align_breakpoint\":\"\",\"text_align_fallback\":\"\",\"maxwidth\":\"\",\"maxwidth_align\":\"\",\"maxwidth_breakpoint\":\"\",\"animation\":\"\",\"visibility\":\"\",\"slideshow_max_height\":\"800\"},\"children\":[{\"name\":\"\",\"type\":\"slideshow_item\",\"props\":{\"text_color\":\"\",\"image\":\"wp-content\\\/uploads\\\/IMG_20170911_110227.jpg\"}},{\"name\":\"\",\"type\":\"slideshow_item\",\"props\":{\"text_color\":\"\",\"image\":\"wp-content\\\/uploads\\\/IMG_20170911_110209.jpg\"}},{\"name\":\"\",\"type\":\"slideshow_item\",\"props\":{\"text_color\":\"\",\"image\":\"wp-content\\\/uploads\\\/IMG_20170911_153503.jpg\"}}]}]}]}]}]} --><\/p>\n","protected":false},"excerpt":{"rendered":"<p>Mi\u0119dzynarodowe Targi Baltexpo 2019 Polska i \u015bwiatowa bran\u017ca morska na BALTEXPO 2019. Co dwa lata kilka wrze\u015bniowych dni zarezerwowanych jest dla bran\u017cy morskiej. Na Mi\u0119dzynarodowe Targi Morskie, ju\u017c od ponad 30 lat przyje\u017cd\u017ca kilkaset firm i instytucji z ca\u0142ego \u015bwiata. Tematyka targ\u00f3w obejmuje przemys\u0142, okr\u0119towy, offshore, infrastruktur\u0119 port\u00f3w i przemys\u0142u morskiego, logistyk\u0119 w transporcie morskim, [&hellip;]<\/p>\n","protected":false},"author":10,"featured_media":0,"parent":0,"menu_order":0,"comment_status":"closed","ping_status":"closed","template":"","meta":{"footnotes":""},"class_list":["post-5157","page","type-page","status-publish","hentry"],"yoast_head":"<!-- This site is optimized with the Yoast SEO plugin v27.6 - https:\/\/yoast.com\/product\/yoast-seo-wordpress\/ -->\n<title>Mi\u0119dzynarodowe Targi Baltexpo 2019 - ESCORT TECHNOLOGY<\/title>\n<meta name=\"robots\" content=\"index, follow, max-snippet:-1, max-image-preview:large, max-video-preview:-1\" \/>\n<link rel=\"canonical\" href=\"https:\/\/escort-technology.com\/en\/de\/miedzynarodowe-targi-baltexpo-2019\/\" \/>\n<meta property=\"og:locale\" content=\"en_US\" \/>\n<meta property=\"og:type\" content=\"article\" \/>\n<meta property=\"og:title\" content=\"Mi\u0119dzynarodowe Targi Baltexpo 2019 - ESCORT TECHNOLOGY\" \/>\n<meta property=\"og:description\" content=\"Mi\u0119dzynarodowe Targi Baltexpo 2019 Polska i \u015bwiatowa bran\u017ca morska na BALTEXPO 2019. Co dwa lata kilka wrze\u015bniowych dni zarezerwowanych jest dla bran\u017cy morskiej. Na Mi\u0119dzynarodowe Targi Morskie, ju\u017c od ponad 30 lat przyje\u017cd\u017ca kilkaset firm i instytucji z ca\u0142ego \u015bwiata. Tematyka targ\u00f3w obejmuje przemys\u0142, okr\u0119towy, offshore, infrastruktur\u0119 port\u00f3w i przemys\u0142u morskiego, logistyk\u0119 w transporcie morskim, [&hellip;]\" \/>\n<meta property=\"og:url\" content=\"https:\/\/escort-technology.com\/en\/de\/miedzynarodowe-targi-baltexpo-2019\/\" \/>\n<meta property=\"og:site_name\" content=\"ESCORT TECHNOLOGY\" \/>\n<meta property=\"article:publisher\" content=\"https:\/\/www.facebook.com\/elektronika.morska\/\" \/>\n<meta property=\"article:modified_time\" content=\"2019-09-03T09:46:00+00:00\" \/>\n<meta name=\"twitter:card\" content=\"summary_large_image\" \/>\n<script type=\"application\/ld+json\" class=\"yoast-schema-graph\">{\"@context\":\"https:\\\/\\\/schema.org\",\"@graph\":[{\"@type\":\"WebPage\",\"@id\":\"https:\\\/\\\/escort-technology.com\\\/de\\\/miedzynarodowe-targi-baltexpo-2019\\\/\",\"url\":\"https:\\\/\\\/escort-technology.com\\\/de\\\/miedzynarodowe-targi-baltexpo-2019\\\/\",\"name\":\"Mi\u0119dzynarodowe Targi Baltexpo 2019 - ESCORT TECHNOLOGY\",\"isPartOf\":{\"@id\":\"http:\\\/\\\/escort-technology.com\\\/de\\\/#website\"},\"datePublished\":\"2019-09-03T09:38:23+00:00\",\"dateModified\":\"2019-09-03T09:46:00+00:00\",\"breadcrumb\":{\"@id\":\"https:\\\/\\\/escort-technology.com\\\/de\\\/miedzynarodowe-targi-baltexpo-2019\\\/#breadcrumb\"},\"inLanguage\":\"en-US\",\"potentialAction\":[{\"@type\":\"ReadAction\",\"target\":[\"https:\\\/\\\/escort-technology.com\\\/de\\\/miedzynarodowe-targi-baltexpo-2019\\\/\"]}]},{\"@type\":\"BreadcrumbList\",\"@id\":\"https:\\\/\\\/escort-technology.com\\\/de\\\/miedzynarodowe-targi-baltexpo-2019\\\/#breadcrumb\",\"itemListElement\":[{\"@type\":\"ListItem\",\"position\":1,\"name\":\"Strona g\u0142\u00f3wna\",\"item\":\"https:\\\/\\\/escort-technology.com\\\/\"},{\"@type\":\"ListItem\",\"position\":2,\"name\":\"Mi\u0119dzynarodowe Targi Baltexpo 2019\"}]},{\"@type\":\"WebSite\",\"@id\":\"http:\\\/\\\/escort-technology.com\\\/de\\\/#website\",\"url\":\"http:\\\/\\\/escort-technology.com\\\/de\\\/\",\"name\":\"ESCORT TECHNOLOGY\",\"description\":\"Elektronika morska i l\u0105dowa\",\"publisher\":{\"@id\":\"http:\\\/\\\/escort-technology.com\\\/de\\\/#organization\"},\"potentialAction\":[{\"@type\":\"SearchAction\",\"target\":{\"@type\":\"EntryPoint\",\"urlTemplate\":\"http:\\\/\\\/escort-technology.com\\\/de\\\/?s={search_term_string}\"},\"query-input\":{\"@type\":\"PropertyValueSpecification\",\"valueRequired\":true,\"valueName\":\"search_term_string\"}}],\"inLanguage\":\"en-US\"},{\"@type\":\"Organization\",\"@id\":\"http:\\\/\\\/escort-technology.com\\\/de\\\/#organization\",\"name\":\"ESCORT TECHNOLOGY\",\"url\":\"http:\\\/\\\/escort-technology.com\\\/de\\\/\",\"logo\":{\"@type\":\"ImageObject\",\"inLanguage\":\"en-US\",\"@id\":\"http:\\\/\\\/escort-technology.com\\\/de\\\/#\\\/schema\\\/logo\\\/image\\\/\",\"url\":\"https:\\\/\\\/escort-technology.com\\\/wp-content\\\/uploads\\\/logo-1.jpg\",\"contentUrl\":\"https:\\\/\\\/escort-technology.com\\\/wp-content\\\/uploads\\\/logo-1.jpg\",\"width\":600,\"height\":165,\"caption\":\"ESCORT TECHNOLOGY\"},\"image\":{\"@id\":\"http:\\\/\\\/escort-technology.com\\\/de\\\/#\\\/schema\\\/logo\\\/image\\\/\"},\"sameAs\":[\"https:\\\/\\\/www.facebook.com\\\/elektronika.morska\\\/\",\"https:\\\/\\\/www.linkedin.com\\\/company\\\/escort-sp-z-o-o-\\\/\"]}]}<\/script>\n<!-- \/ Yoast SEO plugin. -->","yoast_head_json":{"title":"Mi\u0119dzynarodowe Targi Baltexpo 2019 - ESCORT TECHNOLOGY","robots":{"index":"index","follow":"follow","max-snippet":"max-snippet:-1","max-image-preview":"max-image-preview:large","max-video-preview":"max-video-preview:-1"},"canonical":"https:\/\/escort-technology.com\/en\/de\/miedzynarodowe-targi-baltexpo-2019\/","og_locale":"en_US","og_type":"article","og_title":"Mi\u0119dzynarodowe Targi Baltexpo 2019 - ESCORT TECHNOLOGY","og_description":"Mi\u0119dzynarodowe Targi Baltexpo 2019 Polska i \u015bwiatowa bran\u017ca morska na BALTEXPO 2019. Co dwa lata kilka wrze\u015bniowych dni zarezerwowanych jest dla bran\u017cy morskiej. Na Mi\u0119dzynarodowe Targi Morskie, ju\u017c od ponad 30 lat przyje\u017cd\u017ca kilkaset firm i instytucji z ca\u0142ego \u015bwiata. Tematyka targ\u00f3w obejmuje przemys\u0142, okr\u0119towy, offshore, infrastruktur\u0119 port\u00f3w i przemys\u0142u morskiego, logistyk\u0119 w transporcie morskim, [&hellip;]","og_url":"https:\/\/escort-technology.com\/en\/de\/miedzynarodowe-targi-baltexpo-2019\/","og_site_name":"ESCORT TECHNOLOGY","article_publisher":"https:\/\/www.facebook.com\/elektronika.morska\/","article_modified_time":"2019-09-03T09:46:00+00:00","twitter_card":"summary_large_image","schema":{"@context":"https:\/\/schema.org","@graph":[{"@type":"WebPage","@id":"https:\/\/escort-technology.com\/de\/miedzynarodowe-targi-baltexpo-2019\/","url":"https:\/\/escort-technology.com\/de\/miedzynarodowe-targi-baltexpo-2019\/","name":"Mi\u0119dzynarodowe Targi Baltexpo 2019 - ESCORT TECHNOLOGY","isPartOf":{"@id":"http:\/\/escort-technology.com\/de\/#website"},"datePublished":"2019-09-03T09:38:23+00:00","dateModified":"2019-09-03T09:46:00+00:00","breadcrumb":{"@id":"https:\/\/escort-technology.com\/de\/miedzynarodowe-targi-baltexpo-2019\/#breadcrumb"},"inLanguage":"en-US","potentialAction":[{"@type":"ReadAction","target":["https:\/\/escort-technology.com\/de\/miedzynarodowe-targi-baltexpo-2019\/"]}]},{"@type":"BreadcrumbList","@id":"https:\/\/escort-technology.com\/de\/miedzynarodowe-targi-baltexpo-2019\/#breadcrumb","itemListElement":[{"@type":"ListItem","position":1,"name":"Strona g\u0142\u00f3wna","item":"https:\/\/escort-technology.com\/"},{"@type":"ListItem","position":2,"name":"Mi\u0119dzynarodowe Targi Baltexpo 2019"}]},{"@type":"WebSite","@id":"http:\/\/escort-technology.com\/de\/#website","url":"http:\/\/escort-technology.com\/de\/","name":"ESCORT TECHNOLOGY","description":"Onshore and offshore electronics","publisher":{"@id":"http:\/\/escort-technology.com\/de\/#organization"},"potentialAction":[{"@type":"SearchAction","target":{"@type":"EntryPoint","urlTemplate":"http:\/\/escort-technology.com\/de\/?s={search_term_string}"},"query-input":{"@type":"PropertyValueSpecification","valueRequired":true,"valueName":"search_term_string"}}],"inLanguage":"en-US"},{"@type":"Organization","@id":"http:\/\/escort-technology.com\/de\/#organization","name":"ESCORT TECHNOLOGY","url":"http:\/\/escort-technology.com\/de\/","logo":{"@type":"ImageObject","inLanguage":"en-US","@id":"http:\/\/escort-technology.com\/de\/#\/schema\/logo\/image\/","url":"https:\/\/escort-technology.com\/wp-content\/uploads\/logo-1.jpg","contentUrl":"https:\/\/escort-technology.com\/wp-content\/uploads\/logo-1.jpg","width":600,"height":165,"caption":"ESCORT TECHNOLOGY"},"image":{"@id":"http:\/\/escort-technology.com\/de\/#\/schema\/logo\/image\/"},"sameAs":["https:\/\/www.facebook.com\/elektronika.morska\/","https:\/\/www.linkedin.com\/company\/escort-sp-z-o-o-\/"]}]}},"_links":{"self":[{"href":"https:\/\/escort-technology.com\/en\/wp-json\/wp\/v2\/pages\/5157","targetHints":{"allow":["GET"]}}],"collection":[{"href":"https:\/\/escort-technology.com\/en\/wp-json\/wp\/v2\/pages"}],"about":[{"href":"https:\/\/escort-technology.com\/en\/wp-json\/wp\/v2\/types\/page"}],"author":[{"embeddable":true,"href":"https:\/\/escort-technology.com\/en\/wp-json\/wp\/v2\/users\/10"}],"replies":[{"embeddable":true,"href":"https:\/\/escort-technology.com\/en\/wp-json\/wp\/v2\/comments?post=5157"}],"version-history":[{"count":5,"href":"https:\/\/escort-technology.com\/en\/wp-json\/wp\/v2\/pages\/5157\/revisions"}],"predecessor-version":[{"id":5163,"href":"https:\/\/escort-technology.com\/en\/wp-json\/wp\/v2\/pages\/5157\/revisions\/5163"}],"wp:attachment":[{"href":"https:\/\/escort-technology.com\/en\/wp-json\/wp\/v2\/media?parent=5157"}],"curies":[{"name":"wp","href":"https:\/\/api.w.org\/{rel}","templated":true}]}}