{"id":5233,"date":"2021-05-06T09:23:49","date_gmt":"2021-05-06T07:23:49","guid":{"rendered":"https:\/\/escort-technology.com\/?page_id=5233"},"modified":"2021-05-06T09:23:49","modified_gmt":"2021-05-06T07:23:49","slug":"aris-voyager-3000","status":"publish","type":"page","link":"https:\/\/escort-technology.com\/en\/aris-voyager-3000\/","title":{"rendered":"ARIS Voyager 3000"},"content":{"rendered":"<p>Technologia marki DIDSON ARIS Voyager 3000, zapewnia mo\u017cliwo\u015b\u0107 pracy do 4000 metr\u00f3w g\u0142\u0119boko\u015bci. Kamera akustyczna zosta\u0142a wyposa\u017cona w tytanow\u0105, obudow\u0119 odporn\u0105 na korozj\u0119, odpowiedni\u0105 na prac\u0119 w g\u0142\u0119bokich wodach. ARIS zapewnia obraz wysokiej rozdzielczo\u015bci, nawet w obszarach z ograniczon\u0105 przejrzysto\u015bci\u0105. Urz\u0105dzenie posiada podw\u00f3jn\u0105 cz\u0119stotliwo\u015b\u0107 pracy, dynamiczny fokus oraz szeroki zakres dost\u0119pnych akcesori\u00f3w.<\/p>\n<p>BROSZURA<\/p>\n<p>SPECYFIKACJA<\/p>\n<p><!-- {\"name\":\"\",\"type\":\"layout\",\"children\":[{\"name\":\"\",\"type\":\"section\",\"props\":{\"style\":\"default\",\"width\":\"default\",\"vertical_align\":\"middle\",\"title_position\":\"top-left\",\"title_rotation\":\"left\",\"title_breakpoint\":\"xl\",\"image_position\":\"center-center\"},\"children\":[{\"name\":\"\",\"type\":\"row\",\"props\":{\"fixed_width\":\"large\",\"breakpoint\":\"m\"},\"children\":[{\"name\":\"\",\"type\":\"column\",\"props\":{\"widths\":[\"\"],\"image_position\":\"center-center\"},\"children\":[{\"name\":\"\",\"type\":\"image\",\"props\":{\"margin\":\"default\",\"link_target\":\"\",\"image_border\":\"\",\"image_box_shadow\":\"\",\"image_hover_box_shadow\":\"\",\"text_align\":\"center\",\"text_align_breakpoint\":\"\",\"text_align_fallback\":\"\",\"maxwidth\":\"\",\"maxwidth_align\":\"\",\"maxwidth_breakpoint\":\"\",\"animation\":\"\",\"visibility\":\"\",\"image\":\"wp-content\\\/uploads\\\/Screenshot_2019-09-16-Sound-Metrics-Products7.png\"}},{\"name\":\"\",\"type\":\"text\",\"props\":{\"margin\":\"default\",\"column_breakpoint\":\"m\",\"text_style\":\"\",\"text_color\":\"\",\"text_size\":\"\",\"column\":\"\",\"text_align\":\"\",\"text_align_breakpoint\":\"\",\"text_align_fallback\":\"\",\"maxwidth\":\"\",\"maxwidth_align\":\"\",\"maxwidth_breakpoint\":\"\",\"animation\":\"\",\"visibility\":\"\",\"content\":\"\n\n<p>Technologia marki DIDSON ARIS Voyager 3000, zapewnia mo\\u017cliwo\\u015b\\u0107 pracy do 4000 metr\\u00f3w g\\u0142\\u0119boko\\u015bci. Kamera akustyczna zosta\\u0142a wyposa\\u017cona w tytanow\\u0105, obudow\\u0119 odporn\\u0105 na korozj\\u0119, odpowiedni\\u0105 na prac\\u0119 w g\\u0142\\u0119bokich wodach. ARIS zapewnia obraz wysokiej rozdzielczo\\u015bci, nawet w obszarach z ograniczon\\u0105 przejrzysto\\u015bci\\u0105. Urz\\u0105dzenie posiada podw\\u00f3jn\\u0105 cz\\u0119stotliwo\\u015b\\u0107 pracy, dynamiczny fokus oraz szeroki zakres dost\\u0119pnych akcesori\\u00f3w.<\\\/p>\"}},{\"name\":\"\",\"type\":\"divider\",\"props\":{\"divider_element\":\"hr\"}},{\"name\":\"\",\"type\":\"button\",\"props\":{\"gutter\":\"small\",\"margin\":\"default\",\"button_size\":\"\",\"text_align\":\"center\",\"text_align_breakpoint\":\"\",\"text_align_fallback\":\"\",\"maxwidth\":\"\",\"maxwidth_align\":\"\",\"maxwidth_breakpoint\":\"\",\"animation\":\"\",\"visibility\":\"\"},\"children\":[{\"name\":\"\",\"type\":\"button_item\",\"props\":{\"button_style\":\"default\",\"icon_align\":\"left\",\"link_target\":\"\",\"content\":\"BROSZURA\",\"link\":\"wp-content\\\/uploads\\\/ARIS-Voyager-3000-Brochure.pdf\"}}]},{\"name\":\"\",\"type\":\"button\",\"props\":{\"gutter\":\"small\",\"margin\":\"default\",\"button_size\":\"\",\"text_align\":\"center\",\"text_align_breakpoint\":\"\",\"text_align_fallback\":\"\",\"maxwidth\":\"\",\"maxwidth_align\":\"\",\"maxwidth_breakpoint\":\"\",\"animation\":\"\",\"visibility\":\"\"},\"children\":[{\"name\":\"\",\"type\":\"button_item\",\"props\":{\"button_style\":\"default\",\"icon_align\":\"left\",\"link_target\":\"\",\"content\":\"SPECYFIKACJA\",\"link\":\"wp-content\\\/uploads\\\/Specyfikacja-ARIS-Voyager-300.pdf\"}}]}]}]}]}]} --><\/p>\n","protected":false},"excerpt":{"rendered":"<p>Technologia marki DIDSON ARIS Voyager 3000, zapewnia mo\u017cliwo\u015b\u0107 pracy do 4000 metr\u00f3w g\u0142\u0119boko\u015bci. Kamera akustyczna zosta\u0142a wyposa\u017cona w tytanow\u0105, obudow\u0119 odporn\u0105 na korozj\u0119, odpowiedni\u0105 na prac\u0119 w g\u0142\u0119bokich wodach. ARIS zapewnia obraz wysokiej rozdzielczo\u015bci, nawet w obszarach z ograniczon\u0105 przejrzysto\u015bci\u0105. Urz\u0105dzenie posiada podw\u00f3jn\u0105 cz\u0119stotliwo\u015b\u0107 pracy, dynamiczny fokus oraz szeroki zakres dost\u0119pnych akcesori\u00f3w. BROSZURA SPECYFIKACJA<\/p>","protected":false},"author":10,"featured_media":0,"parent":0,"menu_order":0,"comment_status":"closed","ping_status":"closed","template":"","meta":{"footnotes":""},"class_list":["post-5233","page","type-page","status-publish","hentry"],"yoast_head":"<!-- This site is optimized with the Yoast SEO plugin v27.5 - https:\/\/yoast.com\/product\/yoast-seo-wordpress\/ -->\n<title>ARIS Voyager 3000 - ESCORT TECHNOLOGY<\/title>\n<meta name=\"robots\" content=\"index, follow, max-snippet:-1, max-image-preview:large, max-video-preview:-1\" \/>\n<link rel=\"canonical\" href=\"https:\/\/escort-technology.com\/en\/aris-voyager-3000\/\" \/>\n<meta property=\"og:locale\" content=\"en_US\" \/>\n<meta property=\"og:type\" content=\"article\" \/>\n<meta property=\"og:title\" content=\"ARIS Voyager 3000 - ESCORT TECHNOLOGY\" \/>\n<meta property=\"og:description\" content=\"Technologia marki DIDSON ARIS Voyager 3000, zapewnia mo\u017cliwo\u015b\u0107 pracy do 4000 metr\u00f3w g\u0142\u0119boko\u015bci. Kamera akustyczna zosta\u0142a wyposa\u017cona w tytanow\u0105, obudow\u0119 odporn\u0105 na korozj\u0119, odpowiedni\u0105 na prac\u0119 w g\u0142\u0119bokich wodach. ARIS zapewnia obraz wysokiej rozdzielczo\u015bci, nawet w obszarach z ograniczon\u0105 przejrzysto\u015bci\u0105. Urz\u0105dzenie posiada podw\u00f3jn\u0105 cz\u0119stotliwo\u015b\u0107 pracy, dynamiczny fokus oraz szeroki zakres dost\u0119pnych akcesori\u00f3w. BROSZURA SPECYFIKACJA\" \/>\n<meta property=\"og:url\" content=\"https:\/\/escort-technology.com\/en\/aris-voyager-3000\/\" \/>\n<meta property=\"og:site_name\" content=\"ESCORT TECHNOLOGY\" \/>\n<meta property=\"article:publisher\" content=\"https:\/\/www.facebook.com\/elektronika.morska\/\" \/>\n<meta name=\"twitter:card\" content=\"summary_large_image\" \/>\n<script type=\"application\/ld+json\" class=\"yoast-schema-graph\">{\"@context\":\"https:\\\/\\\/schema.org\",\"@graph\":[{\"@type\":\"WebPage\",\"@id\":\"https:\\\/\\\/escort-technology.com\\\/en\\\/aris-voyager-3000\\\/\",\"url\":\"https:\\\/\\\/escort-technology.com\\\/en\\\/aris-voyager-3000\\\/\",\"name\":\"ARIS Voyager 3000 - ESCORT TECHNOLOGY\",\"isPartOf\":{\"@id\":\"http:\\\/\\\/escort-technology.com\\\/de\\\/#website\"},\"datePublished\":\"2021-05-06T07:23:49+00:00\",\"breadcrumb\":{\"@id\":\"https:\\\/\\\/escort-technology.com\\\/en\\\/aris-voyager-3000\\\/#breadcrumb\"},\"inLanguage\":\"en-US\",\"potentialAction\":[{\"@type\":\"ReadAction\",\"target\":[\"https:\\\/\\\/escort-technology.com\\\/en\\\/aris-voyager-3000\\\/\"]}]},{\"@type\":\"BreadcrumbList\",\"@id\":\"https:\\\/\\\/escort-technology.com\\\/en\\\/aris-voyager-3000\\\/#breadcrumb\",\"itemListElement\":[{\"@type\":\"ListItem\",\"position\":1,\"name\":\"Strona g\u0142\u00f3wna\",\"item\":\"https:\\\/\\\/escort-technology.com\\\/\"},{\"@type\":\"ListItem\",\"position\":2,\"name\":\"ARIS Voyager 3000\"}]},{\"@type\":\"WebSite\",\"@id\":\"http:\\\/\\\/escort-technology.com\\\/de\\\/#website\",\"url\":\"http:\\\/\\\/escort-technology.com\\\/de\\\/\",\"name\":\"ESCORT TECHNOLOGY\",\"description\":\"Elektronika morska i l\u0105dowa\",\"publisher\":{\"@id\":\"http:\\\/\\\/escort-technology.com\\\/de\\\/#organization\"},\"potentialAction\":[{\"@type\":\"SearchAction\",\"target\":{\"@type\":\"EntryPoint\",\"urlTemplate\":\"http:\\\/\\\/escort-technology.com\\\/de\\\/?s={search_term_string}\"},\"query-input\":{\"@type\":\"PropertyValueSpecification\",\"valueRequired\":true,\"valueName\":\"search_term_string\"}}],\"inLanguage\":\"en-US\"},{\"@type\":\"Organization\",\"@id\":\"http:\\\/\\\/escort-technology.com\\\/de\\\/#organization\",\"name\":\"ESCORT TECHNOLOGY\",\"url\":\"http:\\\/\\\/escort-technology.com\\\/de\\\/\",\"logo\":{\"@type\":\"ImageObject\",\"inLanguage\":\"en-US\",\"@id\":\"http:\\\/\\\/escort-technology.com\\\/de\\\/#\\\/schema\\\/logo\\\/image\\\/\",\"url\":\"https:\\\/\\\/escort-technology.com\\\/wp-content\\\/uploads\\\/logo-1.jpg\",\"contentUrl\":\"https:\\\/\\\/escort-technology.com\\\/wp-content\\\/uploads\\\/logo-1.jpg\",\"width\":600,\"height\":165,\"caption\":\"ESCORT TECHNOLOGY\"},\"image\":{\"@id\":\"http:\\\/\\\/escort-technology.com\\\/de\\\/#\\\/schema\\\/logo\\\/image\\\/\"},\"sameAs\":[\"https:\\\/\\\/www.facebook.com\\\/elektronika.morska\\\/\",\"https:\\\/\\\/www.linkedin.com\\\/company\\\/escort-sp-z-o-o-\\\/\"]}]}<\/script>\n<!-- \/ Yoast SEO plugin. -->","yoast_head_json":{"title":"ARIS Voyager 3000 - ESCORT TECHNOLOGY","robots":{"index":"index","follow":"follow","max-snippet":"max-snippet:-1","max-image-preview":"max-image-preview:large","max-video-preview":"max-video-preview:-1"},"canonical":"https:\/\/escort-technology.com\/en\/aris-voyager-3000\/","og_locale":"en_US","og_type":"article","og_title":"ARIS Voyager 3000 - ESCORT TECHNOLOGY","og_description":"Technologia marki DIDSON ARIS Voyager 3000, zapewnia mo\u017cliwo\u015b\u0107 pracy do 4000 metr\u00f3w g\u0142\u0119boko\u015bci. Kamera akustyczna zosta\u0142a wyposa\u017cona w tytanow\u0105, obudow\u0119 odporn\u0105 na korozj\u0119, odpowiedni\u0105 na prac\u0119 w g\u0142\u0119bokich wodach. ARIS zapewnia obraz wysokiej rozdzielczo\u015bci, nawet w obszarach z ograniczon\u0105 przejrzysto\u015bci\u0105. Urz\u0105dzenie posiada podw\u00f3jn\u0105 cz\u0119stotliwo\u015b\u0107 pracy, dynamiczny fokus oraz szeroki zakres dost\u0119pnych akcesori\u00f3w. BROSZURA SPECYFIKACJA","og_url":"https:\/\/escort-technology.com\/en\/aris-voyager-3000\/","og_site_name":"ESCORT TECHNOLOGY","article_publisher":"https:\/\/www.facebook.com\/elektronika.morska\/","twitter_card":"summary_large_image","schema":{"@context":"https:\/\/schema.org","@graph":[{"@type":"WebPage","@id":"https:\/\/escort-technology.com\/en\/aris-voyager-3000\/","url":"https:\/\/escort-technology.com\/en\/aris-voyager-3000\/","name":"ARIS Voyager 3000 - ESCORT TECHNOLOGY","isPartOf":{"@id":"http:\/\/escort-technology.com\/de\/#website"},"datePublished":"2021-05-06T07:23:49+00:00","breadcrumb":{"@id":"https:\/\/escort-technology.com\/en\/aris-voyager-3000\/#breadcrumb"},"inLanguage":"en-US","potentialAction":[{"@type":"ReadAction","target":["https:\/\/escort-technology.com\/en\/aris-voyager-3000\/"]}]},{"@type":"BreadcrumbList","@id":"https:\/\/escort-technology.com\/en\/aris-voyager-3000\/#breadcrumb","itemListElement":[{"@type":"ListItem","position":1,"name":"Strona g\u0142\u00f3wna","item":"https:\/\/escort-technology.com\/"},{"@type":"ListItem","position":2,"name":"ARIS Voyager 3000"}]},{"@type":"WebSite","@id":"http:\/\/escort-technology.com\/de\/#website","url":"http:\/\/escort-technology.com\/de\/","name":"ESCORT TECHNOLOGY","description":"Onshore and offshore electronics","publisher":{"@id":"http:\/\/escort-technology.com\/de\/#organization"},"potentialAction":[{"@type":"SearchAction","target":{"@type":"EntryPoint","urlTemplate":"http:\/\/escort-technology.com\/de\/?s={search_term_string}"},"query-input":{"@type":"PropertyValueSpecification","valueRequired":true,"valueName":"search_term_string"}}],"inLanguage":"en-US"},{"@type":"Organization","@id":"http:\/\/escort-technology.com\/de\/#organization","name":"ESCORT TECHNOLOGY","url":"http:\/\/escort-technology.com\/de\/","logo":{"@type":"ImageObject","inLanguage":"en-US","@id":"http:\/\/escort-technology.com\/de\/#\/schema\/logo\/image\/","url":"https:\/\/escort-technology.com\/wp-content\/uploads\/logo-1.jpg","contentUrl":"https:\/\/escort-technology.com\/wp-content\/uploads\/logo-1.jpg","width":600,"height":165,"caption":"ESCORT TECHNOLOGY"},"image":{"@id":"http:\/\/escort-technology.com\/de\/#\/schema\/logo\/image\/"},"sameAs":["https:\/\/www.facebook.com\/elektronika.morska\/","https:\/\/www.linkedin.com\/company\/escort-sp-z-o-o-\/"]}]}},"_links":{"self":[{"href":"https:\/\/escort-technology.com\/en\/wp-json\/wp\/v2\/pages\/5233","targetHints":{"allow":["GET"]}}],"collection":[{"href":"https:\/\/escort-technology.com\/en\/wp-json\/wp\/v2\/pages"}],"about":[{"href":"https:\/\/escort-technology.com\/en\/wp-json\/wp\/v2\/types\/page"}],"author":[{"embeddable":true,"href":"https:\/\/escort-technology.com\/en\/wp-json\/wp\/v2\/users\/10"}],"replies":[{"embeddable":true,"href":"https:\/\/escort-technology.com\/en\/wp-json\/wp\/v2\/comments?post=5233"}],"version-history":[{"count":3,"href":"https:\/\/escort-technology.com\/en\/wp-json\/wp\/v2\/pages\/5233\/revisions"}],"predecessor-version":[{"id":5246,"href":"https:\/\/escort-technology.com\/en\/wp-json\/wp\/v2\/pages\/5233\/revisions\/5246"}],"wp:attachment":[{"href":"https:\/\/escort-technology.com\/en\/wp-json\/wp\/v2\/media?parent=5233"}],"curies":[{"name":"wp","href":"https:\/\/api.w.org\/{rel}","templated":true}]}}