{"id":5261,"date":"2021-07-07T10:40:26","date_gmt":"2021-07-07T08:40:26","guid":{"rendered":"https:\/\/escort-technology.com\/?page_id=5261"},"modified":"2021-07-07T10:40:26","modified_gmt":"2021-07-07T08:40:26","slug":"rozwiazania-w-zakresie-energii-odnawialnej","status":"publish","type":"page","link":"https:\/\/escort-technology.com\/en\/rozwiazania-w-zakresie-energii-odnawialnej\/","title":{"rendered":"Rozwi\u0105zania w zakresie energii odnawialnej"},"content":{"rendered":"<p>Rozwi\u0105zania w zakresie energii odnawialnej<\/p>\n<p>Z\u0142\u0105cza, infrastruktura i zintegrowane pakiety monitorowania<br \/>\nPodwodne z\u0142\u0105cza i infrastruktura odgrywaj\u0105 wa\u017cn\u0105 rol\u0119 w sektorze morskiej energii odnawialnej &#8211; gromadzenie energii jest tylko cz\u0119\u015bci\u0105 r\u00f3wnania. Nasza oferta kabli \u015bredniej i niskiej mocy, zako\u0144cze\u0144, z\u0142\u0105cz du\u017cej mocy, penetrator\u00f3w, podwodnych piast, skrzynek przy\u0142\u0105czeniowych, z\u0142\u0105cz SubConn\u00ae i OptoLink s\u0105 idealne do przesy\u0142ania energii i danych dla system\u00f3w energii odnawialnej, a tak\u017ce s\u0105 testowane i certyfikowane pod k\u0105tem niezawodno\u015bci i wydajno\u015bci w trudnym \u015brodowisku przybrze\u017cnym.Firma projektuje i integruje ca\u0142kowicie zintegrowane pakiety monitorowania dla wielu aplikacji i projekt\u00f3w w bran\u017cy energii odnawialnej. Zintegrowane pakiety mog\u0105 si\u0119 znacznie r\u00f3\u017cni\u0107 pod wzgl\u0119dem skali i zakresu i mog\u0105 by\u0107 dostosowane do dok\u0142adnych wymaga\u0144 i specyfikacji klienta. Na przyk\u0142ad zintegrowane pakiety monitorowania, mog\u0105 obejmowa\u0107 r\u00f3\u017cne konfiguracje telemetrii i czujnik\u00f3w.<br \/>\nPrzyk\u0142ady produkt\u00f3w po\u0142\u0105czeniowych i infrastrukturalnych:\u25a0 Specjalne skrzynki przy\u0142\u0105czeniowe\u25a0 Z\u0142\u0105cza na mokro (niskie i \u015brednie napi\u0119cie)\u25a0 Z\u0142\u0105cza na sucho (niskie i \u015brednie napi\u0119cie)\u25a0 Penetratory niskiego i \u015bredniego napi\u0119cia\u25a0 Z\u0142\u0105cza \u015bwiat\u0142owodowe na mokro i na sucho OptoLink (zastosowania w trybie wielomodowym lub jednomodowym)\u25a0 Z\u0142\u0105cza SubConn\u00ae\u25a0 Standardowe i niestandardowe kable\u25a0 Produkty obrotowe do osi turbiny i pionowych skr\u0119t\u00f3w mocy\u25a0 \u0141\u0105czno\u015b\u0107 z l\u0105dowymi (aplikacje AC i DC) oraz podmorskimi kablami eksportowymi i dynamicznymi\u25a0 Z\u0142\u0105cza i zako\u0144czenia Inline (IL) (aplikacje AC i DC)\u25a0 Specjalne zako\u0144czenia kabli\u25a0 Piasty podmorskie \u015bredniego napi\u0119cia\u25a0 Ochrona kabli, rozproszone modu\u0142y wyporu, ograniczniki i ograniczniki zgi\u0119cia<br \/>\nPrzyk\u0142ady zintegrowanych pakiet\u00f3w monitorowania:\u25a0 Systemy czujnik\u00f3w, w tym nawigacja\u25a0 Kamery i lampy LUXUS\u25a0 \u015awiat\u0142owodowe pomiary odkszta\u0142ce\u0144 strukturalnych\u25a0 Multipleksery elektryczne i \u015bwiat\u0142owodowe<\/p>\n<p><!-- {\"name\":\"\",\"type\":\"layout\",\"children\":[{\"name\":\"\",\"type\":\"section\",\"props\":{\"style\":\"default\",\"width\":\"default\",\"vertical_align\":\"middle\",\"title_position\":\"top-left\",\"title_rotation\":\"left\",\"title_breakpoint\":\"xl\",\"image_position\":\"center-center\",\"height\":\"\",\"padding\":\"\",\"header_transparent\":\"\",\"animation\":\"\"},\"children\":[{\"name\":\"\",\"type\":\"row\",\"props\":{\"fixed_width\":\"large\",\"breakpoint\":\"m\",\"layout\":\"1-1\",\"gutter\":\"\",\"width\":\"\",\"height\":\"\",\"margin\":\"\"},\"children\":[{\"name\":\"\",\"type\":\"column\",\"props\":{\"widths\":[\"1-1\"],\"image_position\":\"center-center\"},\"children\":[{\"name\":\"\",\"type\":\"headline\",\"props\":{\"title_element\":\"h1\",\"title_style\":\"\",\"title_decoration\":\"\",\"title_color\":\"\",\"text_align\":\"\",\"text_align_breakpoint\":\"\",\"text_align_fallback\":\"\",\"maxwidth\":\"\",\"maxwidth_align\":\"\",\"maxwidth_breakpoint\":\"\",\"margin\":\"\",\"animation\":\"\",\"visibility\":\"\",\"content\":\"\n\n<h2 class=\\\"uk-h1 uk-text-truncate uk-margin-remove-bottom\\\">Rozwi\\u0105zania w zakresie energii odnawialnej<\\\/h2>\"}},{\"name\":\"\",\"type\":\"divider\",\"props\":{\"divider_element\":\"hr\"}},{\"name\":\"\",\"type\":\"text\",\"props\":{\"margin\":\"default\",\"column_breakpoint\":\"m\",\"text_style\":\"\",\"text_color\":\"\",\"text_size\":\"\",\"column\":\"\",\"text_align\":\"\",\"text_align_breakpoint\":\"\",\"text_align_fallback\":\"\",\"maxwidth\":\"\",\"maxwidth_align\":\"\",\"maxwidth_breakpoint\":\"\",\"animation\":\"\",\"visibility\":\"\",\"content\":\"\n\n<p>Z\\u0142\\u0105cza, infrastruktura i zintegrowane pakiety monitorowania<\\\/p>\\n\n\n<p>Podwodne z\\u0142\\u0105cza i infrastruktura odgrywaj\\u0105 wa\\u017cn\\u0105 rol\\u0119 w sektorze morskiej energii odnawialnej - gromadzenie energii jest tylko cz\\u0119\\u015bci\\u0105 r\\u00f3wnania. Nasza oferta kabli \\u015bredniej i niskiej mocy, zako\\u0144cze\\u0144, z\\u0142\\u0105cz du\\u017cej mocy, penetrator\\u00f3w, podwodnych piast, skrzynek przy\\u0142\\u0105czeniowych, z\\u0142\\u0105cz SubConn\\u00ae i OptoLink s\\u0105 idealne do przesy\\u0142ania energii i danych dla system\\u00f3w energii odnawialnej, a tak\\u017ce s\\u0105 testowane i certyfikowane pod k\\u0105tem niezawodno\\u015bci i wydajno\\u015bci w trudnym \\u015brodowisku przybrze\\u017cnym.<br \\\/>Firma projektuje i integruje ca\\u0142kowicie zintegrowane pakiety monitorowania dla wielu aplikacji i projekt\\u00f3w w bran\\u017cy energii odnawialnej. Zintegrowane pakiety mog\\u0105 si\\u0119 znacznie r\\u00f3\\u017cni\\u0107 pod wzgl\\u0119dem skali i zakresu i mog\\u0105 by\\u0107 dostosowane do dok\\u0142adnych wymaga\\u0144 i specyfikacji klienta. Na przyk\\u0142ad zintegrowane pakiety monitorowania, mog\\u0105 obejmowa\\u0107 r\\u00f3\\u017cne konfiguracje telemetrii i czujnik\\u00f3w.<br \\\/><br \\\/><\\\/p>\\n\n\n<p>Przyk\\u0142ady produkt\\u00f3w po\\u0142\\u0105czeniowych i infrastrukturalnych:<br \\\/>\\u25a0 Specjalne skrzynki przy\\u0142\\u0105czeniowe<br \\\/>\\u25a0 Z\\u0142\\u0105cza na mokro (niskie i \\u015brednie napi\\u0119cie)<br \\\/>\\u25a0 Z\\u0142\\u0105cza na sucho (niskie i \\u015brednie napi\\u0119cie)<br \\\/>\\u25a0 Penetratory niskiego i \\u015bredniego napi\\u0119cia<br \\\/>\\u25a0 Z\\u0142\\u0105cza \\u015bwiat\\u0142owodowe na mokro i na sucho OptoLink (zastosowania w trybie wielomodowym lub jednomodowym)<br \\\/>\\u25a0 Z\\u0142\\u0105cza SubConn\\u00ae<br \\\/>\\u25a0 Standardowe i niestandardowe kable<br \\\/>\\u25a0 Produkty obrotowe do osi turbiny i pionowych skr\\u0119t\\u00f3w mocy<br \\\/>\\u25a0 \\u0141\\u0105czno\\u015b\\u0107 z l\\u0105dowymi (aplikacje AC i DC) oraz podmorskimi kablami eksportowymi i dynamicznymi<br \\\/>\\u25a0 Z\\u0142\\u0105cza i zako\\u0144czenia Inline (IL) (aplikacje AC i DC)<br \\\/>\\u25a0 Specjalne zako\\u0144czenia kabli<br \\\/>\\u25a0 Piasty podmorskie \\u015bredniego napi\\u0119cia<br \\\/>\\u25a0 Ochrona kabli, rozproszone modu\\u0142y wyporu, ograniczniki i ograniczniki zgi\\u0119cia<\\\/p>\\n\n\n<p><br \\\/>Przyk\\u0142ady zintegrowanych pakiet\\u00f3w monitorowania:<br \\\/>\\u25a0 Systemy czujnik\\u00f3w, w tym nawigacja<br \\\/>\\u25a0 Kamery i lampy LUXUS<br \\\/>\\u25a0 \\u015awiat\\u0142owodowe pomiary odkszta\\u0142ce\\u0144 strukturalnych<br \\\/>\\u25a0 Multipleksery elektryczne i \\u015bwiat\\u0142owodowe<\\\/p>\"}}]}]},{\"name\":\"\",\"type\":\"row\",\"props\":{\"fixed_width\":\"large\",\"breakpoint\":\"m\",\"layout\":\",,\",\"gutter\":\"\",\"width\":\"\",\"height\":\"\",\"margin\":\"\"},\"children\":[{\"name\":\"\",\"type\":\"column\",\"props\":{\"widths\":[\"\"],\"image_position\":\"center-center\"},\"children\":[{\"name\":\"\",\"type\":\"image\",\"props\":{\"margin\":\"default\",\"link_target\":\"\",\"image_border\":\"\",\"image_box_shadow\":\"\",\"image_hover_box_shadow\":\"\",\"text_align\":\"\",\"text_align_breakpoint\":\"\",\"text_align_fallback\":\"\",\"maxwidth\":\"\",\"maxwidth_align\":\"\",\"maxwidth_breakpoint\":\"\",\"animation\":\"\",\"visibility\":\"\",\"image\":\"wp-content\\\/uploads\\\/Bez-tytu\\u0142u-1.jpg\"}}]},{\"name\":\"\",\"type\":\"column\",\"props\":{\"widths\":[\"\"],\"image_position\":\"center-center\"},\"children\":[{\"name\":\"\",\"type\":\"image\",\"props\":{\"margin\":\"default\",\"link_target\":\"\",\"image_border\":\"\",\"image_box_shadow\":\"\",\"image_hover_box_shadow\":\"\",\"text_align\":\"\",\"text_align_breakpoint\":\"\",\"text_align_fallback\":\"\",\"maxwidth\":\"\",\"maxwidth_align\":\"\",\"maxwidth_breakpoint\":\"\",\"animation\":\"\",\"visibility\":\"\",\"image\":\"wp-content\\\/uploads\\\/Bez-tytu\\u0142u1.jpg\"}}]},{\"name\":\"\",\"type\":\"column\",\"props\":{\"widths\":[\"\"],\"image_position\":\"center-center\"},\"children\":[{\"name\":\"\",\"type\":\"image\",\"props\":{\"margin\":\"default\",\"link_target\":\"\",\"image_border\":\"\",\"image_box_shadow\":\"\",\"image_hover_box_shadow\":\"\",\"text_align\":\"\",\"text_align_breakpoint\":\"\",\"text_align_fallback\":\"\",\"maxwidth\":\"\",\"maxwidth_align\":\"\",\"maxwidth_breakpoint\":\"\",\"animation\":\"\",\"visibility\":\"\",\"image\":\"wp-content\\\/uploads\\\/Bez-tytu\\u0142u2.jpg\"}}]}]}]}]} --><\/p>\n","protected":false},"excerpt":{"rendered":"<p>Rozwi\u0105zania w zakresie energii odnawialnej Z\u0142\u0105cza, infrastruktura i zintegrowane pakiety monitorowania Podwodne z\u0142\u0105cza i infrastruktura odgrywaj\u0105 wa\u017cn\u0105 rol\u0119 w sektorze morskiej energii odnawialnej &#8211; gromadzenie energii jest tylko cz\u0119\u015bci\u0105 r\u00f3wnania. Nasza oferta kabli \u015bredniej i niskiej mocy, zako\u0144cze\u0144, z\u0142\u0105cz du\u017cej mocy, penetrator\u00f3w, podwodnych piast, skrzynek przy\u0142\u0105czeniowych, z\u0142\u0105cz SubConn\u00ae i OptoLink s\u0105 idealne do przesy\u0142ania energii [&hellip;]<\/p>\n","protected":false},"author":10,"featured_media":0,"parent":0,"menu_order":0,"comment_status":"closed","ping_status":"closed","template":"","meta":{"footnotes":""},"class_list":["post-5261","page","type-page","status-publish","hentry"],"yoast_head":"<!-- This site is optimized with the Yoast SEO plugin v27.6 - https:\/\/yoast.com\/product\/yoast-seo-wordpress\/ -->\n<title>Rozwi\u0105zania w zakresie energii odnawialnej - ESCORT TECHNOLOGY<\/title>\n<meta name=\"robots\" content=\"index, follow, max-snippet:-1, max-image-preview:large, max-video-preview:-1\" \/>\n<link rel=\"canonical\" href=\"https:\/\/escort-technology.com\/en\/rozwiazania-w-zakresie-energii-odnawialnej\/\" \/>\n<meta property=\"og:locale\" content=\"en_US\" \/>\n<meta property=\"og:type\" content=\"article\" \/>\n<meta property=\"og:title\" content=\"Rozwi\u0105zania w zakresie energii odnawialnej - ESCORT TECHNOLOGY\" \/>\n<meta property=\"og:description\" content=\"Rozwi\u0105zania w zakresie energii odnawialnej Z\u0142\u0105cza, infrastruktura i zintegrowane pakiety monitorowania Podwodne z\u0142\u0105cza i infrastruktura odgrywaj\u0105 wa\u017cn\u0105 rol\u0119 w sektorze morskiej energii odnawialnej &#8211; gromadzenie energii jest tylko cz\u0119\u015bci\u0105 r\u00f3wnania. Nasza oferta kabli \u015bredniej i niskiej mocy, zako\u0144cze\u0144, z\u0142\u0105cz du\u017cej mocy, penetrator\u00f3w, podwodnych piast, skrzynek przy\u0142\u0105czeniowych, z\u0142\u0105cz SubConn\u00ae i OptoLink s\u0105 idealne do przesy\u0142ania energii [&hellip;]\" \/>\n<meta property=\"og:url\" content=\"https:\/\/escort-technology.com\/en\/rozwiazania-w-zakresie-energii-odnawialnej\/\" \/>\n<meta property=\"og:site_name\" content=\"ESCORT TECHNOLOGY\" \/>\n<meta property=\"article:publisher\" content=\"https:\/\/www.facebook.com\/elektronika.morska\/\" \/>\n<meta name=\"twitter:card\" content=\"summary_large_image\" \/>\n<meta name=\"twitter:label1\" content=\"Est. reading time\" \/>\n\t<meta name=\"twitter:data1\" content=\"1 minute\" \/>\n<script type=\"application\/ld+json\" class=\"yoast-schema-graph\">{\"@context\":\"https:\\\/\\\/schema.org\",\"@graph\":[{\"@type\":\"WebPage\",\"@id\":\"https:\\\/\\\/escort-technology.com\\\/en\\\/rozwiazania-w-zakresie-energii-odnawialnej\\\/\",\"url\":\"https:\\\/\\\/escort-technology.com\\\/en\\\/rozwiazania-w-zakresie-energii-odnawialnej\\\/\",\"name\":\"Rozwi\u0105zania w zakresie energii odnawialnej - ESCORT TECHNOLOGY\",\"isPartOf\":{\"@id\":\"http:\\\/\\\/escort-technology.com\\\/de\\\/#website\"},\"datePublished\":\"2021-07-07T08:40:26+00:00\",\"breadcrumb\":{\"@id\":\"https:\\\/\\\/escort-technology.com\\\/en\\\/rozwiazania-w-zakresie-energii-odnawialnej\\\/#breadcrumb\"},\"inLanguage\":\"en-US\",\"potentialAction\":[{\"@type\":\"ReadAction\",\"target\":[\"https:\\\/\\\/escort-technology.com\\\/en\\\/rozwiazania-w-zakresie-energii-odnawialnej\\\/\"]}]},{\"@type\":\"BreadcrumbList\",\"@id\":\"https:\\\/\\\/escort-technology.com\\\/en\\\/rozwiazania-w-zakresie-energii-odnawialnej\\\/#breadcrumb\",\"itemListElement\":[{\"@type\":\"ListItem\",\"position\":1,\"name\":\"Strona g\u0142\u00f3wna\",\"item\":\"https:\\\/\\\/escort-technology.com\\\/\"},{\"@type\":\"ListItem\",\"position\":2,\"name\":\"Rozwi\u0105zania w zakresie energii odnawialnej\"}]},{\"@type\":\"WebSite\",\"@id\":\"http:\\\/\\\/escort-technology.com\\\/de\\\/#website\",\"url\":\"http:\\\/\\\/escort-technology.com\\\/de\\\/\",\"name\":\"ESCORT TECHNOLOGY\",\"description\":\"Elektronika morska i l\u0105dowa\",\"publisher\":{\"@id\":\"http:\\\/\\\/escort-technology.com\\\/de\\\/#organization\"},\"potentialAction\":[{\"@type\":\"SearchAction\",\"target\":{\"@type\":\"EntryPoint\",\"urlTemplate\":\"http:\\\/\\\/escort-technology.com\\\/de\\\/?s={search_term_string}\"},\"query-input\":{\"@type\":\"PropertyValueSpecification\",\"valueRequired\":true,\"valueName\":\"search_term_string\"}}],\"inLanguage\":\"en-US\"},{\"@type\":\"Organization\",\"@id\":\"http:\\\/\\\/escort-technology.com\\\/de\\\/#organization\",\"name\":\"ESCORT TECHNOLOGY\",\"url\":\"http:\\\/\\\/escort-technology.com\\\/de\\\/\",\"logo\":{\"@type\":\"ImageObject\",\"inLanguage\":\"en-US\",\"@id\":\"http:\\\/\\\/escort-technology.com\\\/de\\\/#\\\/schema\\\/logo\\\/image\\\/\",\"url\":\"https:\\\/\\\/escort-technology.com\\\/wp-content\\\/uploads\\\/logo-1.jpg\",\"contentUrl\":\"https:\\\/\\\/escort-technology.com\\\/wp-content\\\/uploads\\\/logo-1.jpg\",\"width\":600,\"height\":165,\"caption\":\"ESCORT TECHNOLOGY\"},\"image\":{\"@id\":\"http:\\\/\\\/escort-technology.com\\\/de\\\/#\\\/schema\\\/logo\\\/image\\\/\"},\"sameAs\":[\"https:\\\/\\\/www.facebook.com\\\/elektronika.morska\\\/\",\"https:\\\/\\\/www.linkedin.com\\\/company\\\/escort-sp-z-o-o-\\\/\"]}]}<\/script>\n<!-- \/ Yoast SEO plugin. -->","yoast_head_json":{"title":"Rozwi\u0105zania w zakresie energii odnawialnej - ESCORT TECHNOLOGY","robots":{"index":"index","follow":"follow","max-snippet":"max-snippet:-1","max-image-preview":"max-image-preview:large","max-video-preview":"max-video-preview:-1"},"canonical":"https:\/\/escort-technology.com\/en\/rozwiazania-w-zakresie-energii-odnawialnej\/","og_locale":"en_US","og_type":"article","og_title":"Rozwi\u0105zania w zakresie energii odnawialnej - ESCORT TECHNOLOGY","og_description":"Rozwi\u0105zania w zakresie energii odnawialnej Z\u0142\u0105cza, infrastruktura i zintegrowane pakiety monitorowania Podwodne z\u0142\u0105cza i infrastruktura odgrywaj\u0105 wa\u017cn\u0105 rol\u0119 w sektorze morskiej energii odnawialnej &#8211; gromadzenie energii jest tylko cz\u0119\u015bci\u0105 r\u00f3wnania. Nasza oferta kabli \u015bredniej i niskiej mocy, zako\u0144cze\u0144, z\u0142\u0105cz du\u017cej mocy, penetrator\u00f3w, podwodnych piast, skrzynek przy\u0142\u0105czeniowych, z\u0142\u0105cz SubConn\u00ae i OptoLink s\u0105 idealne do przesy\u0142ania energii [&hellip;]","og_url":"https:\/\/escort-technology.com\/en\/rozwiazania-w-zakresie-energii-odnawialnej\/","og_site_name":"ESCORT TECHNOLOGY","article_publisher":"https:\/\/www.facebook.com\/elektronika.morska\/","twitter_card":"summary_large_image","twitter_misc":{"Est. reading time":"1 minute"},"schema":{"@context":"https:\/\/schema.org","@graph":[{"@type":"WebPage","@id":"https:\/\/escort-technology.com\/en\/rozwiazania-w-zakresie-energii-odnawialnej\/","url":"https:\/\/escort-technology.com\/en\/rozwiazania-w-zakresie-energii-odnawialnej\/","name":"Rozwi\u0105zania w zakresie energii odnawialnej - ESCORT TECHNOLOGY","isPartOf":{"@id":"http:\/\/escort-technology.com\/de\/#website"},"datePublished":"2021-07-07T08:40:26+00:00","breadcrumb":{"@id":"https:\/\/escort-technology.com\/en\/rozwiazania-w-zakresie-energii-odnawialnej\/#breadcrumb"},"inLanguage":"en-US","potentialAction":[{"@type":"ReadAction","target":["https:\/\/escort-technology.com\/en\/rozwiazania-w-zakresie-energii-odnawialnej\/"]}]},{"@type":"BreadcrumbList","@id":"https:\/\/escort-technology.com\/en\/rozwiazania-w-zakresie-energii-odnawialnej\/#breadcrumb","itemListElement":[{"@type":"ListItem","position":1,"name":"Strona g\u0142\u00f3wna","item":"https:\/\/escort-technology.com\/"},{"@type":"ListItem","position":2,"name":"Rozwi\u0105zania w zakresie energii odnawialnej"}]},{"@type":"WebSite","@id":"http:\/\/escort-technology.com\/de\/#website","url":"http:\/\/escort-technology.com\/de\/","name":"ESCORT TECHNOLOGY","description":"Onshore and offshore electronics","publisher":{"@id":"http:\/\/escort-technology.com\/de\/#organization"},"potentialAction":[{"@type":"SearchAction","target":{"@type":"EntryPoint","urlTemplate":"http:\/\/escort-technology.com\/de\/?s={search_term_string}"},"query-input":{"@type":"PropertyValueSpecification","valueRequired":true,"valueName":"search_term_string"}}],"inLanguage":"en-US"},{"@type":"Organization","@id":"http:\/\/escort-technology.com\/de\/#organization","name":"ESCORT TECHNOLOGY","url":"http:\/\/escort-technology.com\/de\/","logo":{"@type":"ImageObject","inLanguage":"en-US","@id":"http:\/\/escort-technology.com\/de\/#\/schema\/logo\/image\/","url":"https:\/\/escort-technology.com\/wp-content\/uploads\/logo-1.jpg","contentUrl":"https:\/\/escort-technology.com\/wp-content\/uploads\/logo-1.jpg","width":600,"height":165,"caption":"ESCORT TECHNOLOGY"},"image":{"@id":"http:\/\/escort-technology.com\/de\/#\/schema\/logo\/image\/"},"sameAs":["https:\/\/www.facebook.com\/elektronika.morska\/","https:\/\/www.linkedin.com\/company\/escort-sp-z-o-o-\/"]}]}},"_links":{"self":[{"href":"https:\/\/escort-technology.com\/en\/wp-json\/wp\/v2\/pages\/5261","targetHints":{"allow":["GET"]}}],"collection":[{"href":"https:\/\/escort-technology.com\/en\/wp-json\/wp\/v2\/pages"}],"about":[{"href":"https:\/\/escort-technology.com\/en\/wp-json\/wp\/v2\/types\/page"}],"author":[{"embeddable":true,"href":"https:\/\/escort-technology.com\/en\/wp-json\/wp\/v2\/users\/10"}],"replies":[{"embeddable":true,"href":"https:\/\/escort-technology.com\/en\/wp-json\/wp\/v2\/comments?post=5261"}],"version-history":[{"count":4,"href":"https:\/\/escort-technology.com\/en\/wp-json\/wp\/v2\/pages\/5261\/revisions"}],"predecessor-version":[{"id":7991,"href":"https:\/\/escort-technology.com\/en\/wp-json\/wp\/v2\/pages\/5261\/revisions\/7991"}],"wp:attachment":[{"href":"https:\/\/escort-technology.com\/en\/wp-json\/wp\/v2\/media?parent=5261"}],"curies":[{"name":"wp","href":"https:\/\/api.w.org\/{rel}","templated":true}]}}