{"id":5283,"date":"2019-12-23T11:30:15","date_gmt":"2019-12-23T10:30:15","guid":{"rendered":"https:\/\/escort-technology.com\/?page_id=5283"},"modified":"2020-08-26T08:31:39","modified_gmt":"2020-08-26T06:31:39","slug":"radiotelefon-vhf-icom-ic-m330e","status":"publish","type":"page","link":"https:\/\/escort-technology.com\/en\/radiotelefon-vhf-icom-ic-m330e\/","title":{"rendered":"Radiotelefon VHF ICOM IC-M330GE"},"content":{"rendered":"<h2>Radiotelefon VHF ICOM IC-M330GE<\/h2>\n<hr>\n<p><img decoding=\"async\" src=\"wp-content\/uploads\/product_photo-2.jpg\" alt=\"\"><\/p>\n<div>\n<p style=\"text-align: left;\">\u00a0\u00a0\u00a0\u00a0\u00a0\u00a0\u00a0\u00a0\u00a0\u00a0\u00a0\u00a0\u00a0<a href=\"https:\/\/shop.escort-technology.com\/pl\/p\/Radiotelefon-ICOM-IC-M330GE-z-GPS\/343\">\u00a0\u00a0<span style=\"color: #000000;\"> Sprawd\u017a w sklepie<\/span><\/a><\/p>\n<\/div>\n<div>\n<p><strong>Najwy\u017cszej jako\u015bci radiotelefon VHF<\/strong><\/p>\n<p><strong>Kompaktowa obudowa, prosta instalacja<\/strong><\/p>\n<p>Kompaktowy radiotelefon IC-M330 GE o niewielkich wymiarach 156,5 (szer.) \u00d7 66,5 (wys.) \u00d7 110,1 (g\u0142.) Mm, dzi\u0119ki czemu idealnie nadaje si\u0119 do kokpitu, w kt\u00f3rym przestrze\u0144 jest ograniczona.<\/p>\n<p><strong>Intuicyjny interfejs u\u017cytkownika<\/strong><\/p>\n<p>Po\u0142\u0105czenie klawiatury i klawiszy programowych zapewnia prost\u0105 i p\u0142ynn\u0105 obs\u0142ug\u0119. Najcz\u0119\u015bciej u\u017cywane funkcje s\u0105 przypisane do klawiszy programowych w celu szybkiego dost\u0119pu do funkcji jednym naci\u015bni\u0119ciem.<\/p>\n<p><strong>Nowy g\u0142o\u015bnik zapewnia dynamiczny, czysty d\u017awi\u0119k<\/strong><\/p>\n<p>Nowo zaprojektowany g\u0142o\u015bnik zapewnia czysty d\u017awi\u0119k bez zniekszta\u0142ce\u0144 nawet przy pe\u0142nej g\u0142o\u015bno\u015bci. Zapewnia dynamiczny i czysty d\u017awi\u0119k w szerokim zakresie ton\u00f3w niskich i wysokich.<\/p>\n<p><strong>Wiod\u0105ca klasa odbiornik\u00f3w<\/strong><\/p>\n<p>Odbiornik IC-M330GE zapewnia niezawodn\u0105 komunikacj\u0119 w otoczeniu o du\u017cym nat\u0119\u017ceniu fal radiowych, takim jak przysta\u0144. (Selektywno\u015b\u0107 i IMD: ponad 70 dB)<\/p>\n<p><strong>Wbudowane DSC klasy D<\/strong><\/p>\n<p>Radio stale monitoruje kana\u0142 CH 70, nawet podczas odbioru z innego kana\u0142u. Wywo\u0142ywanie DSC obejmuje: w niebezpiecze\u0144stwie, indywidualne, grupowe, wszystkie statki, pilno\u015b\u0107, bezpiecze\u0144stwo, \u017c\u0105danie \/ raport pozycji i testowe DSC.<\/p>\n<p><strong>Wbudowany odbiornik GPS <br \/><\/strong><\/p>\n<p>Wbudowany odbiornik GPS podaje Twoj\u0105 lokalizacj\u0119, kierunek i pr\u0119dko\u015b\u0107, wykorzystuj\u0105c informacje z GPS, GLONASS i SBAS. Pozyskane informacje o pozycji mo\u017cna wykorzysta\u0107 do po\u0142\u0105cze\u0144 DSC.<\/p>\n<p><strong>Niezawodno\u015b\u0107<\/strong><\/p>\n<p>Wszystkie produkty Icom s\u0105 poddawane rygorystycznym testom wewn\u0119trznym, a tak\u017ce testom \u015brodowiskowym w fabryce Wakayama Icom przed wysy\u0142k\u0105. Nasze wiod\u0105ce na \u015bwiecie produkty i jako\u015b\u0107 to tradycja.<\/p>\n<p><strong>I wi\u0119cej<\/strong><\/p>\n<p>\u00a0\u00a0\u00a0\u00a0Wodoodporno\u015b\u0107 IPX7 (g\u0142\u0119boko\u015b\u0107 wody 1 m przez 30 minut)<br \/>\u00a0\u00a0\u00a0\u00a0AquaQuake &#x2122; zapobiega degradacji d\u017awi\u0119ku z g\u0142o\u015bnika z wod\u0105<br \/>\u00a0\u00a0\u00a0\u00a0Wsp\u00f3lny interfejs NMEA dla zewn\u0119trznego po\u0142\u0105czenia GPS \/ NAV<br \/>\u00a0\u00a0\u00a0\u00a0Kompatybilny z transponderem AIS MA-500TR klasy B<br \/>\u00a0\u00a0\u00a0\u00a0Funkcje skanowania znacznik\u00f3w i ulubionych kana\u0142\u00f3w<br \/>\u00a0\u00a0\u00a0\u00a0Funkcja dual \/ tri-watch do monitorowania kana\u0142u CH16 i \/ lub kana\u0142u wywo\u0142awczego<br \/>\u00a0\u00a0\u00a0\u00a0Funkcja skanowania priorytetowego<br \/>\u00a0\u00a0\u00a0\u00a0Pod\u015bwietlenie wy\u015bwietlacza i klawiatury<br \/>\u00a0\u00a0\u00a0\u00a0Pod\u0142\u0105czenie zewn\u0119trznego g\u0142o\u015bnika<br \/>\u00a0\u00a0\u00a0\u00a0Mo\u017cliwo\u015b\u0107 wyboru 3-cyfrowego lub 4-cyfrowego wy\u015bwietlania kana\u0142\u00f3w<br \/>\u00a0\u00a0\u00a0\u00a0Dostarczony mikrofon r\u0119czny, HM-235B \/ W,<\/p>\n<p><strong>Dostarczone akcesoria<\/strong><\/p>\n<p>\u00a0\u00a0 &#8211; Mikrofon r\u0119czny HM-235B \/ W<br \/>\u00a0\u00a0 &#8211; Kabel zasilaj\u0105cy pr\u0105du sta\u0142ego<br \/>\u00a0\u00a0\u00a0 -Zestaw wspornik\u00f3w monta\u017cowych<br \/>\u00a0\u00a0 &#8211; Antena GPS (kabel 5 m)<\/p>\n<p><\/p>\n<\/div>\n<p>\n    <a href=\"wp-content\/uploads\/Radiotelefon-ICOM-IC-M330.pdf\">BROSZURA<\/a>\n<\/p>\n<p><!-- {\"name\":\"\",\"type\":\"layout\",\"children\":[{\"name\":\"radiotelefon\",\"type\":\"section\",\"props\":{\"width\":\"default\",\"padding\":\"xsmall\",\"style\":\"default\",\"text_color\":\"\",\"media\":\"\",\"height_viewport\":false,\"header_overlay\":\"light\",\"animation\":\"slide-top-medium\",\"padding_remove_top\":false,\"image_size\":\"cover\",\"image\":\"\",\"image_position\":\"bottom-center\",\"image_fixed\":false,\"class\":\"\",\"overlap\":true,\"vertical_align\":\"middle\",\"title_position\":\"top-left\",\"title_rotation\":\"left\",\"title_breakpoint\":\"xl\",\"image_effect\":\"\"},\"children\":[{\"name\":\"\",\"type\":\"row\",\"props\":{\"layout\":\"1-1\",\"breakpoint\":\"m\",\"margin\":\"\",\"fixed_width\":\"large\"},\"children\":[{\"name\":\"\",\"type\":\"column\",\"props\":{\"image_position\":\"center-center\",\"widths\":[\"1-1\"]},\"children\":[{\"name\":\"\",\"type\":\"headline\",\"props\":{\"title_element\":\"h2\",\"content\":\"Radiotelefon VHF ICOM IC-M330GE\",\"text_align\":\"center\",\"text_align_fallback\":\"center\",\"maxwidth_align\":\"center\",\"maxwidth\":\"\",\"title_style\":\"h2\",\"title_decoration\":\"\",\"margin\":\"\",\"title_color\":\"\",\"text_align_breakpoint\":\"\",\"maxwidth_breakpoint\":\"\",\"animation\":\"\",\"visibility\":\"\"}},{\"name\":\"\",\"type\":\"divider\",\"props\":{\"divider_element\":\"hr\"}}]}]},{\"name\":\"\",\"type\":\"row\",\"props\":{\"fixed_width\":\"large\",\"breakpoint\":\"m\",\"layout\":\",,,|1-2,1-2,1-2,1-2\"},\"children\":[{\"name\":\"\",\"type\":\"column\",\"props\":{\"widths\":[\"\",\"1-2\"],\"image_position\":\"center-center\"}},{\"name\":\"\",\"type\":\"column\",\"props\":{\"widths\":[\"\",\"1-2\"],\"image_position\":\"center-center\"}},{\"name\":\"\",\"type\":\"column\",\"props\":{\"widths\":[\"\",\"1-2\"],\"image_position\":\"center-center\"}},{\"name\":\"\",\"type\":\"column\",\"props\":{\"widths\":[\"\",\"1-2\"],\"image_position\":\"center-center\"}}]},{\"name\":\"\",\"type\":\"row\",\"props\":{\"fixed_width\":\"large\",\"breakpoint\":\"m\",\"layout\":\",2-3\"},\"children\":[{\"name\":\"\",\"type\":\"column\",\"props\":{\"widths\":[\"\"],\"image_position\":\"center-center\"},\"children\":[{\"name\":\"\",\"type\":\"image\",\"props\":{\"margin\":\"default\",\"image\":\"wp-content\\\/uploads\\\/product_photo-2.jpg\",\"image_width\":\"300\",\"image_box_shadow\":\"\",\"image_border\":\"rounded\",\"link_target\":\"\",\"image_hover_box_shadow\":\"\",\"text_align\":\"\",\"text_align_breakpoint\":\"\",\"text_align_fallback\":\"\",\"maxwidth\":\"\",\"maxwidth_align\":\"\",\"maxwidth_breakpoint\":\"\",\"animation\":\"\",\"visibility\":\"\"}},{\"type\":\"text\",\"props\":{\"margin\":\"default\",\"column_breakpoint\":\"m\",\"text_style\":\"\",\"text_color\":\"\",\"text_size\":\"\",\"column\":\"\",\"text_align\":\"\",\"text_align_breakpoint\":\"\",\"text_align_fallback\":\"\",\"maxwidth\":\"\",\"maxwidth_align\":\"\",\"maxwidth_breakpoint\":\"\",\"animation\":\"\",\"visibility\":\"\",\"content\":\"\n\n<p style=\\\"text-align: left;\\\">\\u00a0\\u00a0\\u00a0\\u00a0\\u00a0\\u00a0\\u00a0\\u00a0\\u00a0\\u00a0\\u00a0\\u00a0\\u00a0<a href=\\\"https:\\\/\\\/shop.escort-technology.com\\\/pl\\\/p\\\/Radiotelefon-ICOM-IC-M330GE-z-GPS\\\/343\\\">\\u00a0\\u00a0<span style=\\\"color: #000000;\\\"> Sprawd\\u017a w sklepie<\\\/span><\\\/a><\\\/p>\"}}]},{\"name\":\"\",\"type\":\"column\",\"props\":{\"widths\":[\"2-3\"],\"image_position\":\"center-center\"},\"children\":[{\"name\":\"\",\"type\":\"text\",\"props\":{\"margin\":\"default\",\"column_breakpoint\":\"m\",\"content\":\"\n\n<p><strong>Najwy\\u017cszej jako\\u015bci radiotelefon VHF<\\\/strong><\\\/p>\\n\n\n<p><br \\\/><strong>Kompaktowa obudowa, prosta instalacja<\\\/strong><br \\\/><br \\\/>Kompaktowy radiotelefon IC-M330 GE o niewielkich wymiarach 156,5 (szer.) \\u00d7 66,5 (wys.) \\u00d7 110,1 (g\\u0142.) Mm, dzi\\u0119ki czemu idealnie nadaje si\\u0119 do kokpitu, w kt\\u00f3rym przestrze\\u0144 jest ograniczona.<br \\\/><br \\\/><\\\/p>\\n\n\n<p><strong>Intuicyjny interfejs u\\u017cytkownika<\\\/strong><br \\\/><br \\\/>Po\\u0142\\u0105czenie klawiatury i klawiszy programowych zapewnia prost\\u0105 i p\\u0142ynn\\u0105 obs\\u0142ug\\u0119. Najcz\\u0119\\u015bciej u\\u017cywane funkcje s\\u0105 przypisane do klawiszy programowych w celu szybkiego dost\\u0119pu do funkcji jednym naci\\u015bni\\u0119ciem.<br \\\/><br \\\/><\\\/p>\\n\n\n<p><strong>Nowy g\\u0142o\\u015bnik zapewnia dynamiczny, czysty d\\u017awi\\u0119k<\\\/strong><br \\\/><br \\\/>Nowo zaprojektowany g\\u0142o\\u015bnik zapewnia czysty d\\u017awi\\u0119k bez zniekszta\\u0142ce\\u0144 nawet przy pe\\u0142nej g\\u0142o\\u015bno\\u015bci. Zapewnia dynamiczny i czysty d\\u017awi\\u0119k w szerokim zakresie ton\\u00f3w niskich i wysokich.<br \\\/><br \\\/><\\\/p>\\n\n\n<p><strong>Wiod\\u0105ca klasa odbiornik\\u00f3w<\\\/strong><br \\\/><br \\\/>Odbiornik IC-M330GE zapewnia niezawodn\\u0105 komunikacj\\u0119 w otoczeniu o du\\u017cym nat\\u0119\\u017ceniu fal radiowych, takim jak przysta\\u0144. (Selektywno\\u015b\\u0107 i IMD: ponad 70 dB)<br \\\/><br \\\/><\\\/p>\\n\n\n<p><strong>Wbudowane DSC klasy D<\\\/strong><br \\\/><br \\\/>Radio stale monitoruje kana\\u0142 CH 70, nawet podczas odbioru z innego kana\\u0142u. Wywo\\u0142ywanie DSC obejmuje: w niebezpiecze\\u0144stwie, indywidualne, grupowe, wszystkie statki, pilno\\u015b\\u0107, bezpiecze\\u0144stwo, \\u017c\\u0105danie \\\/ raport pozycji i testowe DSC.<br \\\/><br \\\/><\\\/p>\\n\n\n<p><strong>Wbudowany odbiornik GPS <br \\\/><\\\/strong><\\\/p>\\n\n\n<p><br \\\/>Wbudowany odbiornik GPS podaje Twoj\\u0105 lokalizacj\\u0119, kierunek i pr\\u0119dko\\u015b\\u0107, wykorzystuj\\u0105c informacje z GPS, GLONASS i SBAS. Pozyskane informacje o pozycji mo\\u017cna wykorzysta\\u0107 do po\\u0142\\u0105cze\\u0144 DSC.<br \\\/><br \\\/><strong>Niezawodno\\u015b\\u0107<\\\/strong><br \\\/><br \\\/>Wszystkie produkty Icom s\\u0105 poddawane rygorystycznym testom wewn\\u0119trznym, a tak\\u017ce testom \\u015brodowiskowym w fabryce Wakayama Icom przed wysy\\u0142k\\u0105. Nasze wiod\\u0105ce na \\u015bwiecie produkty i jako\\u015b\\u0107 to tradycja.<\\\/p>\\n\n\n<p><strong>I wi\\u0119cej<\\\/strong><br \\\/><br \\\/>\\u00a0\\u00a0\\u00a0\\u00a0Wodoodporno\\u015b\\u0107 IPX7 (g\\u0142\\u0119boko\\u015b\\u0107 wody 1 m przez 30 minut)<br \\\/>\\u00a0\\u00a0\\u00a0\\u00a0AquaQuake \\u2122 zapobiega degradacji d\\u017awi\\u0119ku z g\\u0142o\\u015bnika z wod\\u0105<br \\\/>\\u00a0\\u00a0\\u00a0\\u00a0Wsp\\u00f3lny interfejs NMEA dla zewn\\u0119trznego po\\u0142\\u0105czenia GPS \\\/ NAV<br \\\/>\\u00a0\\u00a0\\u00a0\\u00a0Kompatybilny z transponderem AIS MA-500TR klasy B<br \\\/>\\u00a0\\u00a0\\u00a0\\u00a0Funkcje skanowania znacznik\\u00f3w i ulubionych kana\\u0142\\u00f3w<br \\\/>\\u00a0\\u00a0\\u00a0\\u00a0Funkcja dual \\\/ tri-watch do monitorowania kana\\u0142u CH16 i \\\/ lub kana\\u0142u wywo\\u0142awczego<br \\\/>\\u00a0\\u00a0\\u00a0\\u00a0Funkcja skanowania priorytetowego<br \\\/>\\u00a0\\u00a0\\u00a0\\u00a0Pod\\u015bwietlenie wy\\u015bwietlacza i klawiatury<br \\\/>\\u00a0\\u00a0\\u00a0\\u00a0Pod\\u0142\\u0105czenie zewn\\u0119trznego g\\u0142o\\u015bnika<br \\\/>\\u00a0\\u00a0\\u00a0\\u00a0Mo\\u017cliwo\\u015b\\u0107 wyboru 3-cyfrowego lub 4-cyfrowego wy\\u015bwietlania kana\\u0142\\u00f3w<br \\\/>\\u00a0\\u00a0\\u00a0\\u00a0Dostarczony mikrofon r\\u0119czny, HM-235B \\\/ W,<br \\\/><br \\\/><strong>Dostarczone akcesoria<\\\/strong><br \\\/><br \\\/>\\u00a0\\u00a0 - Mikrofon r\\u0119czny HM-235B \\\/ W<br \\\/>\\u00a0\\u00a0 - Kabel zasilaj\\u0105cy pr\\u0105du sta\\u0142ego<br \\\/>\\u00a0\\u00a0\\u00a0 -Zestaw wspornik\\u00f3w monta\\u017cowych<br \\\/>\\u00a0\\u00a0 - Antena GPS (kabel 5 m)<br \\\/><br \\\/><br \\\/><\\\/p>\",\"text_align\":\"justify\",\"maxwidth\":\"xxlarge\",\"text_style\":\"\",\"text_color\":\"\",\"text_size\":\"\",\"column\":\"\",\"text_align_breakpoint\":\"\",\"text_align_fallback\":\"\",\"maxwidth_align\":\"\",\"maxwidth_breakpoint\":\"\",\"animation\":\"\",\"visibility\":\"\"}}]}]},{\"name\":\"\",\"type\":\"row\",\"props\":{\"fixed_width\":\"large\",\"breakpoint\":\"m\",\"layout\":\"1-1\",\"margin\":\"large\"},\"children\":[{\"name\":\"\",\"type\":\"column\",\"props\":{\"image_position\":\"center-center\",\"widths\":[\"1-1\"]},\"children\":[{\"name\":\"\",\"type\":\"button\",\"props\":{\"gutter\":\"small\",\"inline_align\":\"center\",\"margin\":\"\",\"text_align\":\"center\",\"button_size\":\"large\",\"animation\":\"slide-bottom-medium\",\"text_align_breakpoint\":\"\",\"text_align_fallback\":\"\",\"maxwidth\":\"\",\"maxwidth_align\":\"\",\"maxwidth_breakpoint\":\"\",\"visibility\":\"\"},\"children\":[{\"name\":\"\",\"type\":\"button_item\",\"props\":{\"button_style\":\"secondary\",\"content\":\"BROSZURA\",\"link\":\"wp-content\\\/uploads\\\/Radiotelefon-ICOM-IC-M330.pdf\",\"link_title\":\"Explore More\",\"icon_align\":\"left\",\"link_target\":\"blank\"}}]}]}]}]}],\"props\":[],\"version\":\"1.18.0\"} --><\/p>\n","protected":false},"excerpt":{"rendered":"<p>Radiotelefon VHF ICOM IC-M330GE \u00a0\u00a0\u00a0\u00a0\u00a0\u00a0\u00a0\u00a0\u00a0\u00a0\u00a0\u00a0\u00a0\u00a0\u00a0 Sprawd\u017a w sklepie Najwy\u017cszej jako\u015bci radiotelefon VHF Kompaktowa obudowa, prosta instalacja Kompaktowy radiotelefon IC-M330 GE o niewielkich wymiarach 156,5 (szer.) \u00d7 66,5 (wys.) \u00d7 110,1 (g\u0142.) Mm, dzi\u0119ki czemu idealnie nadaje si\u0119 do kokpitu, w kt\u00f3rym przestrze\u0144 jest ograniczona. Intuicyjny interfejs u\u017cytkownika Po\u0142\u0105czenie klawiatury i klawiszy programowych zapewnia prost\u0105 i [&hellip;]<\/p>\n","protected":false},"author":10,"featured_media":0,"parent":0,"menu_order":0,"comment_status":"closed","ping_status":"closed","template":"","meta":{"footnotes":""},"class_list":["post-5283","page","type-page","status-publish","hentry"],"yoast_head":"<!-- This site is optimized with the Yoast SEO plugin v27.6 - https:\/\/yoast.com\/product\/yoast-seo-wordpress\/ -->\n<title>Radiotelefon VHF ICOM IC-M330GE - ESCORT TECHNOLOGY<\/title>\n<meta name=\"robots\" content=\"index, follow, max-snippet:-1, max-image-preview:large, max-video-preview:-1\" \/>\n<link rel=\"canonical\" href=\"https:\/\/escort-technology.com\/en\/radiotelefon-vhf-icom-ic-m330e\/\" \/>\n<meta property=\"og:locale\" content=\"en_US\" \/>\n<meta property=\"og:type\" content=\"article\" \/>\n<meta property=\"og:title\" content=\"Radiotelefon VHF ICOM IC-M330GE - ESCORT TECHNOLOGY\" \/>\n<meta property=\"og:description\" content=\"Radiotelefon VHF ICOM IC-M330GE \u00a0\u00a0\u00a0\u00a0\u00a0\u00a0\u00a0\u00a0\u00a0\u00a0\u00a0\u00a0\u00a0\u00a0\u00a0 Sprawd\u017a w sklepie Najwy\u017cszej jako\u015bci radiotelefon VHF Kompaktowa obudowa, prosta instalacja Kompaktowy radiotelefon IC-M330 GE o niewielkich wymiarach 156,5 (szer.) \u00d7 66,5 (wys.) \u00d7 110,1 (g\u0142.) Mm, dzi\u0119ki czemu idealnie nadaje si\u0119 do kokpitu, w kt\u00f3rym przestrze\u0144 jest ograniczona. Intuicyjny interfejs u\u017cytkownika Po\u0142\u0105czenie klawiatury i klawiszy programowych zapewnia prost\u0105 i [&hellip;]\" \/>\n<meta property=\"og:url\" content=\"https:\/\/escort-technology.com\/en\/radiotelefon-vhf-icom-ic-m330e\/\" \/>\n<meta property=\"og:site_name\" content=\"ESCORT TECHNOLOGY\" \/>\n<meta property=\"article:publisher\" content=\"https:\/\/www.facebook.com\/elektronika.morska\/\" \/>\n<meta property=\"article:modified_time\" content=\"2020-08-26T06:31:39+00:00\" \/>\n<meta property=\"og:image\" content=\"http:\/\/wp-content\/uploads\/product_photo-2.jpg\" \/>\n<meta name=\"twitter:card\" content=\"summary_large_image\" \/>\n<meta name=\"twitter:label1\" content=\"Est. reading time\" \/>\n\t<meta name=\"twitter:data1\" content=\"2 minutes\" \/>\n<script type=\"application\/ld+json\" class=\"yoast-schema-graph\">{\"@context\":\"https:\\\/\\\/schema.org\",\"@graph\":[{\"@type\":\"WebPage\",\"@id\":\"https:\\\/\\\/escort-technology.com\\\/pl\\\/radiotelefon-vhf-icom-ic-m330e\\\/\",\"url\":\"https:\\\/\\\/escort-technology.com\\\/pl\\\/radiotelefon-vhf-icom-ic-m330e\\\/\",\"name\":\"Radiotelefon VHF ICOM IC-M330GE - ESCORT TECHNOLOGY\",\"isPartOf\":{\"@id\":\"http:\\\/\\\/escort-technology.com\\\/de\\\/#website\"},\"datePublished\":\"2019-12-23T10:30:15+00:00\",\"dateModified\":\"2020-08-26T06:31:39+00:00\",\"breadcrumb\":{\"@id\":\"https:\\\/\\\/escort-technology.com\\\/pl\\\/radiotelefon-vhf-icom-ic-m330e\\\/#breadcrumb\"},\"inLanguage\":\"en-US\",\"potentialAction\":[{\"@type\":\"ReadAction\",\"target\":[\"https:\\\/\\\/escort-technology.com\\\/pl\\\/radiotelefon-vhf-icom-ic-m330e\\\/\"]}]},{\"@type\":\"BreadcrumbList\",\"@id\":\"https:\\\/\\\/escort-technology.com\\\/pl\\\/radiotelefon-vhf-icom-ic-m330e\\\/#breadcrumb\",\"itemListElement\":[{\"@type\":\"ListItem\",\"position\":1,\"name\":\"Strona g\u0142\u00f3wna\",\"item\":\"https:\\\/\\\/escort-technology.com\\\/\"},{\"@type\":\"ListItem\",\"position\":2,\"name\":\"Radiotelefon VHF ICOM IC-M330GE\"}]},{\"@type\":\"WebSite\",\"@id\":\"http:\\\/\\\/escort-technology.com\\\/de\\\/#website\",\"url\":\"http:\\\/\\\/escort-technology.com\\\/de\\\/\",\"name\":\"ESCORT TECHNOLOGY\",\"description\":\"Elektronika morska i l\u0105dowa\",\"publisher\":{\"@id\":\"http:\\\/\\\/escort-technology.com\\\/de\\\/#organization\"},\"potentialAction\":[{\"@type\":\"SearchAction\",\"target\":{\"@type\":\"EntryPoint\",\"urlTemplate\":\"http:\\\/\\\/escort-technology.com\\\/de\\\/?s={search_term_string}\"},\"query-input\":{\"@type\":\"PropertyValueSpecification\",\"valueRequired\":true,\"valueName\":\"search_term_string\"}}],\"inLanguage\":\"en-US\"},{\"@type\":\"Organization\",\"@id\":\"http:\\\/\\\/escort-technology.com\\\/de\\\/#organization\",\"name\":\"ESCORT TECHNOLOGY\",\"url\":\"http:\\\/\\\/escort-technology.com\\\/de\\\/\",\"logo\":{\"@type\":\"ImageObject\",\"inLanguage\":\"en-US\",\"@id\":\"http:\\\/\\\/escort-technology.com\\\/de\\\/#\\\/schema\\\/logo\\\/image\\\/\",\"url\":\"https:\\\/\\\/escort-technology.com\\\/wp-content\\\/uploads\\\/logo-1.jpg\",\"contentUrl\":\"https:\\\/\\\/escort-technology.com\\\/wp-content\\\/uploads\\\/logo-1.jpg\",\"width\":600,\"height\":165,\"caption\":\"ESCORT TECHNOLOGY\"},\"image\":{\"@id\":\"http:\\\/\\\/escort-technology.com\\\/de\\\/#\\\/schema\\\/logo\\\/image\\\/\"},\"sameAs\":[\"https:\\\/\\\/www.facebook.com\\\/elektronika.morska\\\/\",\"https:\\\/\\\/www.linkedin.com\\\/company\\\/escort-sp-z-o-o-\\\/\"]}]}<\/script>\n<!-- \/ Yoast SEO plugin. -->","yoast_head_json":{"title":"Radiotelefon VHF ICOM IC-M330GE - ESCORT TECHNOLOGY","robots":{"index":"index","follow":"follow","max-snippet":"max-snippet:-1","max-image-preview":"max-image-preview:large","max-video-preview":"max-video-preview:-1"},"canonical":"https:\/\/escort-technology.com\/en\/radiotelefon-vhf-icom-ic-m330e\/","og_locale":"en_US","og_type":"article","og_title":"Radiotelefon VHF ICOM IC-M330GE - ESCORT TECHNOLOGY","og_description":"Radiotelefon VHF ICOM IC-M330GE \u00a0\u00a0\u00a0\u00a0\u00a0\u00a0\u00a0\u00a0\u00a0\u00a0\u00a0\u00a0\u00a0\u00a0\u00a0 Sprawd\u017a w sklepie Najwy\u017cszej jako\u015bci radiotelefon VHF Kompaktowa obudowa, prosta instalacja Kompaktowy radiotelefon IC-M330 GE o niewielkich wymiarach 156,5 (szer.) \u00d7 66,5 (wys.) \u00d7 110,1 (g\u0142.) Mm, dzi\u0119ki czemu idealnie nadaje si\u0119 do kokpitu, w kt\u00f3rym przestrze\u0144 jest ograniczona. Intuicyjny interfejs u\u017cytkownika Po\u0142\u0105czenie klawiatury i klawiszy programowych zapewnia prost\u0105 i [&hellip;]","og_url":"https:\/\/escort-technology.com\/en\/radiotelefon-vhf-icom-ic-m330e\/","og_site_name":"ESCORT TECHNOLOGY","article_publisher":"https:\/\/www.facebook.com\/elektronika.morska\/","article_modified_time":"2020-08-26T06:31:39+00:00","og_image":[{"url":"wp-content\/uploads\/product_photo-2.jpg","type":"","width":"","height":""}],"twitter_card":"summary_large_image","twitter_misc":{"Est. reading time":"2 minutes"},"schema":{"@context":"https:\/\/schema.org","@graph":[{"@type":"WebPage","@id":"https:\/\/escort-technology.com\/pl\/radiotelefon-vhf-icom-ic-m330e\/","url":"https:\/\/escort-technology.com\/pl\/radiotelefon-vhf-icom-ic-m330e\/","name":"Radiotelefon VHF ICOM IC-M330GE - ESCORT TECHNOLOGY","isPartOf":{"@id":"http:\/\/escort-technology.com\/de\/#website"},"datePublished":"2019-12-23T10:30:15+00:00","dateModified":"2020-08-26T06:31:39+00:00","breadcrumb":{"@id":"https:\/\/escort-technology.com\/pl\/radiotelefon-vhf-icom-ic-m330e\/#breadcrumb"},"inLanguage":"en-US","potentialAction":[{"@type":"ReadAction","target":["https:\/\/escort-technology.com\/pl\/radiotelefon-vhf-icom-ic-m330e\/"]}]},{"@type":"BreadcrumbList","@id":"https:\/\/escort-technology.com\/pl\/radiotelefon-vhf-icom-ic-m330e\/#breadcrumb","itemListElement":[{"@type":"ListItem","position":1,"name":"Strona g\u0142\u00f3wna","item":"https:\/\/escort-technology.com\/"},{"@type":"ListItem","position":2,"name":"Radiotelefon VHF ICOM IC-M330GE"}]},{"@type":"WebSite","@id":"http:\/\/escort-technology.com\/de\/#website","url":"http:\/\/escort-technology.com\/de\/","name":"ESCORT TECHNOLOGY","description":"Onshore and offshore electronics","publisher":{"@id":"http:\/\/escort-technology.com\/de\/#organization"},"potentialAction":[{"@type":"SearchAction","target":{"@type":"EntryPoint","urlTemplate":"http:\/\/escort-technology.com\/de\/?s={search_term_string}"},"query-input":{"@type":"PropertyValueSpecification","valueRequired":true,"valueName":"search_term_string"}}],"inLanguage":"en-US"},{"@type":"Organization","@id":"http:\/\/escort-technology.com\/de\/#organization","name":"ESCORT TECHNOLOGY","url":"http:\/\/escort-technology.com\/de\/","logo":{"@type":"ImageObject","inLanguage":"en-US","@id":"http:\/\/escort-technology.com\/de\/#\/schema\/logo\/image\/","url":"https:\/\/escort-technology.com\/wp-content\/uploads\/logo-1.jpg","contentUrl":"https:\/\/escort-technology.com\/wp-content\/uploads\/logo-1.jpg","width":600,"height":165,"caption":"ESCORT TECHNOLOGY"},"image":{"@id":"http:\/\/escort-technology.com\/de\/#\/schema\/logo\/image\/"},"sameAs":["https:\/\/www.facebook.com\/elektronika.morska\/","https:\/\/www.linkedin.com\/company\/escort-sp-z-o-o-\/"]}]}},"_links":{"self":[{"href":"https:\/\/escort-technology.com\/en\/wp-json\/wp\/v2\/pages\/5283","targetHints":{"allow":["GET"]}}],"collection":[{"href":"https:\/\/escort-technology.com\/en\/wp-json\/wp\/v2\/pages"}],"about":[{"href":"https:\/\/escort-technology.com\/en\/wp-json\/wp\/v2\/types\/page"}],"author":[{"embeddable":true,"href":"https:\/\/escort-technology.com\/en\/wp-json\/wp\/v2\/users\/10"}],"replies":[{"embeddable":true,"href":"https:\/\/escort-technology.com\/en\/wp-json\/wp\/v2\/comments?post=5283"}],"version-history":[{"count":6,"href":"https:\/\/escort-technology.com\/en\/wp-json\/wp\/v2\/pages\/5283\/revisions"}],"predecessor-version":[{"id":6824,"href":"https:\/\/escort-technology.com\/en\/wp-json\/wp\/v2\/pages\/5283\/revisions\/6824"}],"wp:attachment":[{"href":"https:\/\/escort-technology.com\/en\/wp-json\/wp\/v2\/media?parent=5283"}],"curies":[{"name":"wp","href":"https:\/\/api.w.org\/{rel}","templated":true}]}}