{"id":5719,"date":"2020-05-11T10:53:35","date_gmt":"2020-05-11T08:53:35","guid":{"rendered":"https:\/\/escort-technology.com\/?page_id=5719"},"modified":"2020-12-22T13:52:24","modified_gmt":"2020-12-22T12:52:24","slug":"czujnik-valeport-swiftplus-turbidity","status":"publish","type":"page","link":"https:\/\/escort-technology.com\/en\/czujnik-valeport-swiftplus-turbidity\/","title":{"rendered":"Czujnik Valeport SWiFTplus Turbidity"},"content":{"rendered":"<h1>Czujnik Valeport SWiFTplus Turbidity<\/h1>\n<hr>\n<p><img decoding=\"async\" src=\"\/wp-content\/uploads\/Swift-4-72-2048x1534-1.jpg\" alt=\"\"><\/p>\n<div>\n<h1>Wieloparametrowy profiler SWiFTplus firmy Valeport z czujnikiem m\u0119tno\u015bci jest po\u0142\u0105czeniem czujnika pr\u0119dko\u015bci d\u017awi\u0119ku, temperatury i ci\u015bnienia.<\/h1>\n<p>Pakiet zosta\u0142 uzupe\u0142niony o wygod\u0119 \u0142\u0105czno\u015bci Bluetooth, akumulator i zintegrowany modu\u0142 GPS do geolokalizacji ka\u017cdego profilu.<\/p>\n<p>Profiler wieloparametrowy<br \/>CTD, pr\u0119dko\u015b\u0107 d\u017awi\u0119ku, zasolenie, g\u0119sto\u015b\u0107<br \/>Cz\u0119stotliwo\u015b\u0107 pr\u00f3bkowania do 32 Hz<br \/>Podw\u00f3jny optyczny rozpraszacz wsteczny (OBS) i nefelometryczny czujnik m\u0119tno\u015bci<br \/>\u0141\u0105czno\u015b\u0107 Bluetooth i USB<br \/>Zintegrowany odbiornik GPS do geolokalizacji profilu i synchronizacji czasu<br \/>Akumulator litowo-jonowy<br \/>Dedykowane oprogramowanie komputerowe i aplikacja na urz\u0105dzenia przeno\u015bne z systemem iOS<\/p>\n<p>\u00a0<\/p>\n<\/div>\n<p><img decoding=\"async\" src=\"\/wp-content\/uploads\/Swift-13-72-800x660-1.jpg\" alt=\"\"><br \/>\n<img decoding=\"async\" src=\"\/wp-content\/uploads\/Swift-11-72-800x637-1.jpg\" alt=\"\"><\/p>\n<p>\n    <a href=\"\/wp-content\/uploads\/SWiFTplus-Turbidity-Datasheet-April-2020.pdf\">Karta katalogowa<\/a>\n<\/p>\n<div>\n<p>\u00a0<\/p>\n<p>\u00a0<\/p>\n<p>\u00a0<\/p>\n<p>\u00a0<\/p>\n<p>\u00a0<\/p>\n<p>\u00a0<\/p>\n<p>Technologia firmy Valeport to zasadniczo dwa czujniki w jednym. Pierwszy to \u201eklasyczny\u201d nefelometr, wykorzystuj\u0105cy k\u0105t wi\u0105zki 90\u02da dla poziom\u00f3w zm\u0119tnienia od 0 do 2000 NTU. Drugi czujnik wykorzystuje optyczny rozproszenie wsteczne (OBS) dla poziom\u00f3w zm\u0119tnienia do 10.000 NTU. Czujniki wysy\u0142aj\u0105 dane osobno i jednocze\u015bnie z programowaln\u0105 szybko\u015bci\u0105. Oznacza to, \u017ce nie ma potrzeby prze\u0142\u0105czania zakres\u00f3w w zale\u017cno\u015bci od warunk\u00f3w. Inteligentne pr\u00f3bkowanie i zastosowanie 24-bitowego ADC eliminuje potrzeb\u0119 prze\u0142\u0105czania wzmocnienia.<\/p>\n<\/div>\n<div>\n<div>\n<h3 style=\"text-align: center;\"><strong>Do pobrania<\/strong><\/h3>\n<p><a href=\"https:\/\/www.valeport.co.uk\/content\/uploads\/2020\/04\/SWiFTplus-Turbidity-Datasheet-April-2020.pdf\">Karta katalogowa SWiFTplus Turbidity<\/a>\u00a0<\/p>\n<p><a href=\"https:\/\/www.valeport.co.uk\/content\/uploads\/2020\/03\/SWiFT-SVP-SWiFTplus-Operating-Manual-0660879g.pdf\">Instrukcja obs\u0142ugi SWiFTplus Turbidity<\/a>\u00a0<\/p>\n<p><a href=\"https:\/\/www.valeport.co.uk\/content\/uploads\/2020\/03\/Connect-Software-Operating-Manual-8500800b.pdf\">Instrukcja pod\u0142\u0105czenia<\/a><\/p>\n<\/div>\n<\/div>\n<p><!-- {\"type\":\"layout\",\"children\":[{\"type\":\"section\",\"props\":{\"style\":\"default\",\"width\":\"large\",\"vertical_align\":\"middle\",\"title_position\":\"top-left\",\"title_rotation\":\"left\",\"title_breakpoint\":\"xl\",\"image_position\":\"center-center\"},\"children\":[{\"type\":\"row\",\"children\":[{\"type\":\"column\",\"props\":{\"image_position\":\"center-center\",\"media_overlay_gradient\":\"\",\"width_medium\":\"1-1\"},\"children\":[{\"type\":\"headline\",\"props\":{\"title_element\":\"h1\",\"content\":\"Czujnik Valeport SWiFTplus Turbidity\"}},{\"type\":\"divider\",\"props\":{\"divider_element\":\"hr\",\"divider_style\":\"\",\"divider_align\":\"\",\"divider_align_breakpoint\":\"\",\"divider_align_fallback\":\"\"}},{\"type\":\"image\",\"props\":{\"margin\":\"default\",\"image\":\"wp-content\\\/uploads\\\/Swift-4-72-2048x1534-1.jpg\",\"image_width\":\"1500\",\"image_height\":\"500\",\"image_svg_color\":\"emphasis\"}}]}]}]},{\"type\":\"section\",\"props\":{\"style\":\"default\",\"width\":\"large\",\"vertical_align\":\"middle\",\"title_position\":\"top-left\",\"title_rotation\":\"left\",\"title_breakpoint\":\"xl\",\"image_position\":\"center-center\"},\"children\":[{\"type\":\"row\",\"props\":{\"layout\":\"1-2,1-2\"},\"children\":[{\"type\":\"column\",\"props\":{\"image_position\":\"center-center\",\"media_overlay_gradient\":\"\",\"width_medium\":\"1-2\"},\"children\":[{\"type\":\"text\",\"props\":{\"margin\":\"default\",\"column_breakpoint\":\"m\",\"content\":\"\n\n<h1>Wieloparametrowy profiler SWiFTplus firmy Valeport z czujnikiem m\\u0119tno\\u015bci jest po\\u0142\\u0105czeniem czujnika pr\\u0119dko\\u015bci d\\u017awi\\u0119ku, temperatury i ci\\u015bnienia.<\\\/h1>\\n\n\n<p>Pakiet zosta\\u0142 uzupe\\u0142niony o wygod\\u0119 \\u0142\\u0105czno\\u015bci Bluetooth, akumulator i zintegrowany modu\\u0142 GPS do geolokalizacji ka\\u017cdego profilu.<\\\/p>\\n\n\n<p>Profiler wieloparametrowy<br \\\/>CTD, pr\\u0119dko\\u015b\\u0107 d\\u017awi\\u0119ku, zasolenie, g\\u0119sto\\u015b\\u0107<br \\\/>Cz\\u0119stotliwo\\u015b\\u0107 pr\\u00f3bkowania do 32 Hz<br \\\/>Podw\\u00f3jny optyczny rozpraszacz wsteczny (OBS) i nefelometryczny czujnik m\\u0119tno\\u015bci<br \\\/>\\u0141\\u0105czno\\u015b\\u0107 Bluetooth i USB<br \\\/>Zintegrowany odbiornik GPS do geolokalizacji profilu i synchronizacji czasu<br \\\/>Akumulator litowo-jonowy<br \\\/>Dedykowane oprogramowanie komputerowe i aplikacja na urz\\u0105dzenia przeno\\u015bne z systemem iOS<\\\/p>\\n\n\n<p>\\u00a0<\\\/p>\"}},{\"type\":\"image\",\"props\":{\"margin\":\"default\",\"image\":\"wp-content\\\/uploads\\\/Swift-13-72-800x660-1.jpg\",\"image_svg_color\":\"emphasis\"}}]},{\"type\":\"column\",\"props\":{\"image_position\":\"center-center\",\"media_overlay_gradient\":\"\",\"width_medium\":\"1-2\"},\"children\":[{\"type\":\"image\",\"props\":{\"margin\":\"default\",\"image\":\"wp-content\\\/uploads\\\/Swift-11-72-800x637-1.jpg\",\"image_svg_color\":\"emphasis\"}},{\"type\":\"button\",\"props\":{\"grid_column_gap\":\"small\",\"grid_row_gap\":\"small\",\"margin\":\"default\",\"text_align\":\"center\"},\"children\":[{\"type\":\"button_item\",\"props\":{\"button_style\":\"default\",\"icon_align\":\"left\",\"content\":\"Karta katalogowa\",\"link\":\"wp-content\\\/uploads\\\/SWiFTplus-Turbidity-Datasheet-April-2020.pdf\"}}]},{\"type\":\"text\",\"props\":{\"margin\":\"default\",\"column_breakpoint\":\"m\",\"content\":\"\n\n<p>\\u00a0<\\\/p>\\n\n\n<p>\\u00a0<\\\/p>\\n\n\n<p>\\u00a0<\\\/p>\\n\n\n<p>\\u00a0<\\\/p>\\n\n\n<p>\\u00a0<\\\/p>\\n\n\n<p>\\u00a0<\\\/p>\\n\n\n<p>Technologia firmy Valeport to zasadniczo dwa czujniki w jednym. Pierwszy to \\u201eklasyczny\\u201d nefelometr, wykorzystuj\\u0105cy k\\u0105t wi\\u0105zki 90\\u02da dla poziom\\u00f3w zm\\u0119tnienia od 0 do 2000 NTU. Drugi czujnik wykorzystuje optyczny rozproszenie wsteczne (OBS) dla poziom\\u00f3w zm\\u0119tnienia do 10.000 NTU. Czujniki wysy\\u0142aj\\u0105 dane osobno i jednocze\\u015bnie z programowaln\\u0105 szybko\\u015bci\\u0105. Oznacza to, \\u017ce nie ma potrzeby prze\\u0142\\u0105czania zakres\\u00f3w w zale\\u017cno\\u015bci od warunk\\u00f3w. Inteligentne pr\\u00f3bkowanie i zastosowanie 24-bitowego ADC eliminuje potrzeb\\u0119 prze\\u0142\\u0105czania wzmocnienia.<\\\/p>\"}}]}]},{\"type\":\"row\",\"children\":[{\"type\":\"column\",\"props\":{\"image_position\":\"center-center\",\"media_overlay_gradient\":\"\",\"width_medium\":\"1-1\"},\"children\":[{\"type\":\"panel\",\"props\":{\"link_text\":\"Read more\",\"title_element\":\"h3\",\"meta_style\":\"meta\",\"meta_align\":\"below-title\",\"image_align\":\"top\",\"image_grid_width\":\"1-2\",\"link_style\":\"default\",\"margin\":\"default\",\"panel_style\":\"card-secondary\",\"animation\":\"slide-right-medium\",\"content\":\"\n\n<h3 style=\\\"text-align: center;\\\"><strong>Do pobrania<\\\/strong><\\\/h3>\\n\n\n<p><a href=\\\"https:\\\/\\\/www.valeport.co.uk\\\/content\\\/uploads\\\/2020\\\/04\\\/SWiFTplus-Turbidity-Datasheet-April-2020.pdf\\\">Karta katalogowa SWiFTplus Turbidity<\\\/a>\\u00a0<\\\/p>\\n\n\n<p><a href=\\\"https:\\\/\\\/www.valeport.co.uk\\\/content\\\/uploads\\\/2020\\\/03\\\/SWiFT-SVP-SWiFTplus-Operating-Manual-0660879g.pdf\\\">Instrukcja obs\\u0142ugi SWiFTplus Turbidity<\\\/a>\\u00a0<\\\/p>\\n\n\n<p><a href=\\\"https:\\\/\\\/www.valeport.co.uk\\\/content\\\/uploads\\\/2020\\\/03\\\/Connect-Software-Operating-Manual-8500800b.pdf\\\">Instrukcja pod\\u0142\\u0105czenia<\\\/a><\\\/p>\",\"image_grid_breakpoint\":\"m\",\"icon_width\":80,\"title_hover_style\":\"reset\",\"title_align\":\"top\",\"title_grid_width\":\"1-2\",\"title_grid_breakpoint\":\"m\",\"meta_element\":\"div\",\"content_column_breakpoint\":\"m\",\"image_svg_color\":\"emphasis\"}}]}]}]}],\"version\":\"2.3.25\"} --><\/p>\n","protected":false},"excerpt":{"rendered":"<p>Czujnik Valeport SWiFTplus Turbidity Wieloparametrowy profiler SWiFTplus firmy Valeport z czujnikiem m\u0119tno\u015bci jest po\u0142\u0105czeniem czujnika pr\u0119dko\u015bci d\u017awi\u0119ku, temperatury i ci\u015bnienia. Pakiet zosta\u0142 uzupe\u0142niony o wygod\u0119 \u0142\u0105czno\u015bci Bluetooth, akumulator i zintegrowany modu\u0142 GPS do geolokalizacji ka\u017cdego profilu. Profiler wieloparametrowyCTD, pr\u0119dko\u015b\u0107 d\u017awi\u0119ku, zasolenie, g\u0119sto\u015b\u0107Cz\u0119stotliwo\u015b\u0107 pr\u00f3bkowania do 32 HzPodw\u00f3jny optyczny rozpraszacz wsteczny (OBS) i nefelometryczny czujnik m\u0119tno\u015bci\u0141\u0105czno\u015b\u0107 Bluetooth [&hellip;]<\/p>\n","protected":false},"author":10,"featured_media":0,"parent":0,"menu_order":0,"comment_status":"closed","ping_status":"closed","template":"","meta":{"footnotes":""},"class_list":["post-5719","page","type-page","status-publish","hentry"],"yoast_head":"<!-- This site is optimized with the Yoast SEO plugin v27.6 - https:\/\/yoast.com\/product\/yoast-seo-wordpress\/ -->\n<title>Czujnik Valeport SWiFTplus Turbidity - ESCORT TECHNOLOGY<\/title>\n<meta name=\"robots\" content=\"index, follow, max-snippet:-1, max-image-preview:large, max-video-preview:-1\" \/>\n<link rel=\"canonical\" href=\"http:\/\/escort-technology.com\/en\/czujnik-valeport-swiftplus-turbidity\/\" \/>\n<meta property=\"og:locale\" content=\"en_US\" \/>\n<meta property=\"og:type\" content=\"article\" \/>\n<meta property=\"og:title\" content=\"Czujnik Valeport SWiFTplus Turbidity - ESCORT TECHNOLOGY\" \/>\n<meta property=\"og:description\" content=\"Czujnik Valeport SWiFTplus Turbidity Wieloparametrowy profiler SWiFTplus firmy Valeport z czujnikiem m\u0119tno\u015bci jest po\u0142\u0105czeniem czujnika pr\u0119dko\u015bci d\u017awi\u0119ku, temperatury i ci\u015bnienia. Pakiet zosta\u0142 uzupe\u0142niony o wygod\u0119 \u0142\u0105czno\u015bci Bluetooth, akumulator i zintegrowany modu\u0142 GPS do geolokalizacji ka\u017cdego profilu. Profiler wieloparametrowyCTD, pr\u0119dko\u015b\u0107 d\u017awi\u0119ku, zasolenie, g\u0119sto\u015b\u0107Cz\u0119stotliwo\u015b\u0107 pr\u00f3bkowania do 32 HzPodw\u00f3jny optyczny rozpraszacz wsteczny (OBS) i nefelometryczny czujnik m\u0119tno\u015bci\u0141\u0105czno\u015b\u0107 Bluetooth [&hellip;]\" \/>\n<meta property=\"og:url\" content=\"http:\/\/escort-technology.com\/en\/czujnik-valeport-swiftplus-turbidity\/\" \/>\n<meta property=\"og:site_name\" content=\"ESCORT TECHNOLOGY\" \/>\n<meta property=\"article:publisher\" content=\"https:\/\/www.facebook.com\/elektronika.morska\/\" \/>\n<meta property=\"article:modified_time\" content=\"2020-12-22T12:52:24+00:00\" \/>\n<meta property=\"og:image\" content=\"https:\/\/escort-technology.com\/wp-content\/uploads\/Swift-4-72-2048x1534-1.jpg\" \/>\n<meta name=\"twitter:card\" content=\"summary_large_image\" \/>\n<meta name=\"twitter:label1\" content=\"Est. reading time\" \/>\n\t<meta name=\"twitter:data1\" content=\"1 minute\" \/>\n<script type=\"application\/ld+json\" class=\"yoast-schema-graph\">{\"@context\":\"https:\\\/\\\/schema.org\",\"@graph\":[{\"@type\":\"WebPage\",\"@id\":\"http:\\\/\\\/escort-technology.com\\\/en\\\/czujnik-valeport-swiftplus-turbidity\\\/\",\"url\":\"http:\\\/\\\/escort-technology.com\\\/en\\\/czujnik-valeport-swiftplus-turbidity\\\/\",\"name\":\"Czujnik Valeport SWiFTplus Turbidity - ESCORT TECHNOLOGY\",\"isPartOf\":{\"@id\":\"http:\\\/\\\/escort-technology.com\\\/de\\\/#website\"},\"datePublished\":\"2020-05-11T08:53:35+00:00\",\"dateModified\":\"2020-12-22T12:52:24+00:00\",\"breadcrumb\":{\"@id\":\"http:\\\/\\\/escort-technology.com\\\/en\\\/czujnik-valeport-swiftplus-turbidity\\\/#breadcrumb\"},\"inLanguage\":\"en-US\",\"potentialAction\":[{\"@type\":\"ReadAction\",\"target\":[\"http:\\\/\\\/escort-technology.com\\\/en\\\/czujnik-valeport-swiftplus-turbidity\\\/\"]}]},{\"@type\":\"BreadcrumbList\",\"@id\":\"http:\\\/\\\/escort-technology.com\\\/en\\\/czujnik-valeport-swiftplus-turbidity\\\/#breadcrumb\",\"itemListElement\":[{\"@type\":\"ListItem\",\"position\":1,\"name\":\"Strona g\u0142\u00f3wna\",\"item\":\"https:\\\/\\\/escort-technology.com\\\/\"},{\"@type\":\"ListItem\",\"position\":2,\"name\":\"Czujnik Valeport SWiFTplus Turbidity\"}]},{\"@type\":\"WebSite\",\"@id\":\"http:\\\/\\\/escort-technology.com\\\/de\\\/#website\",\"url\":\"http:\\\/\\\/escort-technology.com\\\/de\\\/\",\"name\":\"ESCORT TECHNOLOGY\",\"description\":\"Elektronika morska i l\u0105dowa\",\"publisher\":{\"@id\":\"http:\\\/\\\/escort-technology.com\\\/de\\\/#organization\"},\"potentialAction\":[{\"@type\":\"SearchAction\",\"target\":{\"@type\":\"EntryPoint\",\"urlTemplate\":\"http:\\\/\\\/escort-technology.com\\\/de\\\/?s={search_term_string}\"},\"query-input\":{\"@type\":\"PropertyValueSpecification\",\"valueRequired\":true,\"valueName\":\"search_term_string\"}}],\"inLanguage\":\"en-US\"},{\"@type\":\"Organization\",\"@id\":\"http:\\\/\\\/escort-technology.com\\\/de\\\/#organization\",\"name\":\"ESCORT TECHNOLOGY\",\"url\":\"http:\\\/\\\/escort-technology.com\\\/de\\\/\",\"logo\":{\"@type\":\"ImageObject\",\"inLanguage\":\"en-US\",\"@id\":\"http:\\\/\\\/escort-technology.com\\\/de\\\/#\\\/schema\\\/logo\\\/image\\\/\",\"url\":\"https:\\\/\\\/escort-technology.com\\\/wp-content\\\/uploads\\\/logo-1.jpg\",\"contentUrl\":\"https:\\\/\\\/escort-technology.com\\\/wp-content\\\/uploads\\\/logo-1.jpg\",\"width\":600,\"height\":165,\"caption\":\"ESCORT TECHNOLOGY\"},\"image\":{\"@id\":\"http:\\\/\\\/escort-technology.com\\\/de\\\/#\\\/schema\\\/logo\\\/image\\\/\"},\"sameAs\":[\"https:\\\/\\\/www.facebook.com\\\/elektronika.morska\\\/\",\"https:\\\/\\\/www.linkedin.com\\\/company\\\/escort-sp-z-o-o-\\\/\"]}]}<\/script>\n<!-- \/ Yoast SEO plugin. -->","yoast_head_json":{"title":"Czujnik Valeport SWiFTplus Turbidity - ESCORT TECHNOLOGY","robots":{"index":"index","follow":"follow","max-snippet":"max-snippet:-1","max-image-preview":"max-image-preview:large","max-video-preview":"max-video-preview:-1"},"canonical":"http:\/\/escort-technology.com\/en\/czujnik-valeport-swiftplus-turbidity\/","og_locale":"en_US","og_type":"article","og_title":"Czujnik Valeport SWiFTplus Turbidity - ESCORT TECHNOLOGY","og_description":"Czujnik Valeport SWiFTplus Turbidity Wieloparametrowy profiler SWiFTplus firmy Valeport z czujnikiem m\u0119tno\u015bci jest po\u0142\u0105czeniem czujnika pr\u0119dko\u015bci d\u017awi\u0119ku, temperatury i ci\u015bnienia. Pakiet zosta\u0142 uzupe\u0142niony o wygod\u0119 \u0142\u0105czno\u015bci Bluetooth, akumulator i zintegrowany modu\u0142 GPS do geolokalizacji ka\u017cdego profilu. Profiler wieloparametrowyCTD, pr\u0119dko\u015b\u0107 d\u017awi\u0119ku, zasolenie, g\u0119sto\u015b\u0107Cz\u0119stotliwo\u015b\u0107 pr\u00f3bkowania do 32 HzPodw\u00f3jny optyczny rozpraszacz wsteczny (OBS) i nefelometryczny czujnik m\u0119tno\u015bci\u0141\u0105czno\u015b\u0107 Bluetooth [&hellip;]","og_url":"http:\/\/escort-technology.com\/en\/czujnik-valeport-swiftplus-turbidity\/","og_site_name":"ESCORT TECHNOLOGY","article_publisher":"https:\/\/www.facebook.com\/elektronika.morska\/","article_modified_time":"2020-12-22T12:52:24+00:00","og_image":[{"url":"https:\/\/escort-technology.com\/wp-content\/uploads\/Swift-4-72-2048x1534-1.jpg","type":"","width":"","height":""}],"twitter_card":"summary_large_image","twitter_misc":{"Est. reading time":"1 minute"},"schema":{"@context":"https:\/\/schema.org","@graph":[{"@type":"WebPage","@id":"http:\/\/escort-technology.com\/en\/czujnik-valeport-swiftplus-turbidity\/","url":"http:\/\/escort-technology.com\/en\/czujnik-valeport-swiftplus-turbidity\/","name":"Czujnik Valeport SWiFTplus Turbidity - ESCORT TECHNOLOGY","isPartOf":{"@id":"http:\/\/escort-technology.com\/de\/#website"},"datePublished":"2020-05-11T08:53:35+00:00","dateModified":"2020-12-22T12:52:24+00:00","breadcrumb":{"@id":"http:\/\/escort-technology.com\/en\/czujnik-valeport-swiftplus-turbidity\/#breadcrumb"},"inLanguage":"en-US","potentialAction":[{"@type":"ReadAction","target":["http:\/\/escort-technology.com\/en\/czujnik-valeport-swiftplus-turbidity\/"]}]},{"@type":"BreadcrumbList","@id":"http:\/\/escort-technology.com\/en\/czujnik-valeport-swiftplus-turbidity\/#breadcrumb","itemListElement":[{"@type":"ListItem","position":1,"name":"Strona g\u0142\u00f3wna","item":"https:\/\/escort-technology.com\/"},{"@type":"ListItem","position":2,"name":"Czujnik Valeport SWiFTplus Turbidity"}]},{"@type":"WebSite","@id":"http:\/\/escort-technology.com\/de\/#website","url":"http:\/\/escort-technology.com\/de\/","name":"ESCORT TECHNOLOGY","description":"Onshore and offshore electronics","publisher":{"@id":"http:\/\/escort-technology.com\/de\/#organization"},"potentialAction":[{"@type":"SearchAction","target":{"@type":"EntryPoint","urlTemplate":"http:\/\/escort-technology.com\/de\/?s={search_term_string}"},"query-input":{"@type":"PropertyValueSpecification","valueRequired":true,"valueName":"search_term_string"}}],"inLanguage":"en-US"},{"@type":"Organization","@id":"http:\/\/escort-technology.com\/de\/#organization","name":"ESCORT TECHNOLOGY","url":"http:\/\/escort-technology.com\/de\/","logo":{"@type":"ImageObject","inLanguage":"en-US","@id":"http:\/\/escort-technology.com\/de\/#\/schema\/logo\/image\/","url":"https:\/\/escort-technology.com\/wp-content\/uploads\/logo-1.jpg","contentUrl":"https:\/\/escort-technology.com\/wp-content\/uploads\/logo-1.jpg","width":600,"height":165,"caption":"ESCORT TECHNOLOGY"},"image":{"@id":"http:\/\/escort-technology.com\/de\/#\/schema\/logo\/image\/"},"sameAs":["https:\/\/www.facebook.com\/elektronika.morska\/","https:\/\/www.linkedin.com\/company\/escort-sp-z-o-o-\/"]}]}},"_links":{"self":[{"href":"https:\/\/escort-technology.com\/en\/wp-json\/wp\/v2\/pages\/5719","targetHints":{"allow":["GET"]}}],"collection":[{"href":"https:\/\/escort-technology.com\/en\/wp-json\/wp\/v2\/pages"}],"about":[{"href":"https:\/\/escort-technology.com\/en\/wp-json\/wp\/v2\/types\/page"}],"author":[{"embeddable":true,"href":"https:\/\/escort-technology.com\/en\/wp-json\/wp\/v2\/users\/10"}],"replies":[{"embeddable":true,"href":"https:\/\/escort-technology.com\/en\/wp-json\/wp\/v2\/comments?post=5719"}],"version-history":[{"count":7,"href":"https:\/\/escort-technology.com\/en\/wp-json\/wp\/v2\/pages\/5719\/revisions"}],"predecessor-version":[{"id":8013,"href":"https:\/\/escort-technology.com\/en\/wp-json\/wp\/v2\/pages\/5719\/revisions\/8013"}],"wp:attachment":[{"href":"https:\/\/escort-technology.com\/en\/wp-json\/wp\/v2\/media?parent=5719"}],"curies":[{"name":"wp","href":"https:\/\/api.w.org\/{rel}","templated":true}]}}