{"id":5845,"date":"2020-05-25T12:51:16","date_gmt":"2020-05-25T10:51:16","guid":{"rendered":"https:\/\/escort-technology.com\/?page_id=5845"},"modified":"2020-05-25T12:52:44","modified_gmt":"2020-05-25T10:52:44","slug":"airmar-dst810-smart","status":"publish","type":"page","link":"https:\/\/escort-technology.com\/en\/airmar-dst810-smart\/","title":{"rendered":"AIRMAR DST810 SMART"},"content":{"rendered":"<h1>Przetwornik DST810 Smart Multisensor<\/h1>\n<hr>\n<div>\n<p><strong><span style=\"color: #333399;\">G\u0142\u0119boko\u015b\u0107, Pr\u0119dko\u015b\u0107 wzgl\u0119dem wody, Temperatura wody i po\u0142o\u017cenie \u0142odzi<\/span><\/strong><\/p>\n<p>Aby produkt m\u00f3g\u0142 zosta\u0107 uznany za \u201eprze\u0142omowy\u201d, musi znacznie zmieni\u0107 konwencjonalne zachowanie i poprawi\u0107 zdolno\u015bci. Nowy multisensor DST810 wraz z aplikacj\u0105 CAST &#x2122; firmy Airmar to po\u0142\u0105czenie zaawansowanych danych z kad\u0142uba, po\u0142\u0105czona z prostym i niezawodnym sposobem kalibracji dok\u0142adnej pr\u0119dko\u015bci za pomoc\u0105 urz\u0105dzenia bezprzewodowego. Zmienia to spos\u00f3b, w jaki \u017ceglarze odbieraj\u0105 i dostarczaj\u0105 informacje, aby uzyska\u0107 lepsz\u0105 informacj\u0119 z kad\u0142uba. Jest to prosty, sp\u00f3jny spos\u00f3b kalibracji pr\u0119dko\u015bci po wodzie niezale\u017cnie od tego, jaki system wy\u015bwietlania jest na pok\u0142adzie. DST810 i aplikacja Airmar CAST zapewniaj\u0105 funkcje, kt\u00f3re do tej pory by\u0142y dost\u0119pne tylko za po\u015brednictwem drogiego oprogramowania komputerowego.<\/p>\n<p>Poza temperatur\u0105 wody, g\u0142\u0119boko\u015bci\u0105 i nowo ulepszon\u0105 wydajno\u015bci\u0105 5 Hz (5X na sekund\u0119) pr\u0119dko\u015bci\u0105 po wodzie, DST810 posiada zintegrowany czujnik po\u0142o\u017cenia dla danych przechy\u0142u i trymu. Informacje te, w po\u0142\u0105czeniu z prost\u0105 aplikacj\u0105 CAST firmy Airmar, umo\u017cliwiaj\u0105 kalibracj\u0119 pr\u0119dko\u015bci z kompensacj\u0105 przechy\u0142u dla wielu k\u0105t\u00f3w przechy\u0142u i zakres\u00f3w pr\u0119dko\u015bci zar\u00f3wno szybk\u0105, jak i intuicyjn\u0105, i s\u0105 niezale\u017cne od przyrz\u0105d\u00f3w pok\u0142adowych.<\/p>\n<p>Wszystkie kalibracje pr\u0119dko\u015bci i konfiguracje NMEA s\u0105 przechowywane w czujniku DST810 &#8211; nie w wy\u015bwietlaczu.<\/p>\n<p><strong>Funkcje<\/strong><\/p>\n<p>NOWO\u015a\u0106 &#8211; Pr\u0119dko\u015b\u0107 wyj\u015bciowa 5 Hz (5X na sekund\u0119) dla wyra\u017anie p\u0142ynniejszego raportowania pr\u0119dko\u015bci wzgl\u0119dem wody i szybszego przep\u0142ywu danych<\/p>\n<p>NOWO\u015a\u0106 &#8211; Zintegrowany czujnik po\u0142o\u017cenia statku dla danych dot. przechy\u0142u\u00a0 i trymu<\/p>\n<p>Prosta kalibracja po\u0142o\u017cenia w celu skorygowania \u015brodka ci\u0119\u017cko\u015bci<\/p>\n<p>NOWO\u015a\u0106 &#8211; \u0141\u0105czno\u015b\u0107 bezprzewodowa z aplikacj\u0105 CAST aplikacji Airmar ma nowe, przyjazne dla u\u017cytkownika zalety:<\/p>\n<p>Skalibruj DST810 w prosty, intuicyjny spos\u00f3b, bez wzgl\u0119du na mark\u0119 instrumentu lub model, kt\u00f3ry jest na pok\u0142adzie<\/p>\n<p>Przeprowadzaj podstawowe i zaawansowane kalibracje pr\u0119dko\u015bci z kompensacj\u0105 przechy\u0142u, aby poprawi\u0107 wydajno\u015b\u0107 pr\u0119dko\u015bci wzgl\u0119dem wody w ca\u0142ym zakresie pr\u0119dko\u015bci.<\/p>\n<p>Zaawansowana kalibracja pr\u0119dko\u015bci pozwala na r\u0119czne wprowadzanie pr\u0119dko\u015bci dla wielu k\u0105t\u00f3w przechy\u0142u i do 10 pr\u0119dko\u015bci, wcze\u015bniej mo\u017cliwe tylko za pomoc\u0105 drogiego oprogramowania komputerowego.<\/p>\n<h5 class=\"text-center\">Specyfikacja<\/h5>\n<p>Dane techniczne<br \/>Waga:<br \/>0,9 kg (2,0 funty) &#8211; tworzywo sztuczne<br \/>1,6 kg (3,5 funta) &#8211; obudowa z br\u0105zu <br \/>1,9 kg (4,2 funta) &#8211; obudowa ze stali nierdzewnej<br \/>Okno akustyczne: uretanowe<br \/>Hull Deadrise: do 22 \u00b0<br \/>Szybko\u015b\u0107 aktualizacji danych:<br \/>G\u0142\u0119boko\u015b\u0107: 1X \/ sekund\u0119<br \/>Pr\u0119dko\u015b\u0107: 5X \/ sekund\u0119<br \/>Trym \/ przechy\u0142: 10X \/ sekund\u0119<br \/>Dok\u0142adno\u015b\u0107 ustawienia: nominalna warto\u015b\u0107 +\/\u2013 1 \u00b0 po kalibracji czujnika<br \/>Cz\u0119stotliwo\u015b\u0107: 235 kHz<br \/>Minimalny zasi\u0119g g\u0142\u0119boko\u015bci: 0,5 m (1,6 &#8217;)<br \/>Maksymalny zasi\u0119g g\u0142\u0119boko\u015bci: do 100 m (330 st\u00f3p) &#8211; NMEA 2000\u00ae<br \/>Zakres pr\u0119dko\u015bci: do 45 w\u0119z\u0142\u00f3w<br \/>Zakres ci\u015bnienia: 3 m (10 st\u00f3p)<br \/>Napi\u0119cie zasilania: od 9 VDC do 16 VDC &#8211; na NMEA 2000<br \/>Pr\u0105d zasilaj\u0105cy: &lt;200 mA &#8211; na NMEA 2000<br \/>Protok\u00f3\u0142 bezprzewodowy: Bluetooth Low Energy (BLE)<br \/>Zasi\u0119g bezprzewodowy: do 30 st\u00f3p w zale\u017cno\u015bci od miejsca monta\u017cu<br \/>Standardowa d\u0142ugo\u015b\u0107 kabla: 6 m (20 &#8217;) DeviceNet \u2014 NMEA 2000<br \/>Dok\u0142adno\u015b\u0107 czujnika temperatury: \u00b1 0,5 \u00b0 C (\u00b1 1,8 \u00b0 F)<br \/>Zakres czujnika temperatury: od -10 \u00b0 C do 40 \u00b0 C (14 \u00b0 F do 104 \u00b0 F)<br \/>Numer r\u00f3wnowa\u017cno\u015bci obci\u0105\u017cenia NMEA 2000 (LEN): 3<br \/>Rozporz\u0105dzenie CE: Zgodny z IERC60945<\/p>\n<h5 class=\"text-center\"><strong>\u00a0<\/strong><\/h5>\n<\/div>\n<p><iframe src=\"https:\/\/youtu.be\/ee8xIERsNbk\"><\/iframe><br \/>\n<img decoding=\"async\" src=\"wp-content\/uploads\/DST810.jpg\" alt=\"\"><br \/>\n<img decoding=\"async\" src=\"wp-content\/uploads\/DST810ScreenShot2.jpg\" alt=\"\"><br \/>\n<img decoding=\"async\" src=\"wp-content\/uploads\/DST810ScreenShot1.jpg\" alt=\"\"><\/p>\n<p>\n    <a href=\"http:\/\/www.airmar.com\/uploads\/brochures\/DST810.pdf\">Broszura<\/a>\n<\/p>\n<p><!-- {\"type\":\"layout\",\"children\":[{\"type\":\"section\",\"props\":{\"style\":\"default\",\"width\":\"default\",\"vertical_align\":\"middle\",\"title_position\":\"top-left\",\"title_rotation\":\"left\",\"title_breakpoint\":\"xl\",\"image_position\":\"center-center\",\"text_color\":\"\",\"width_expand\":\"\",\"height\":\"\",\"padding\":\"\",\"header_transparent\":\"\",\"animation\":\"\",\"image_effect\":\"\"},\"children\":[{\"type\":\"row\",\"props\":{\"layout\":\"1-1\",\"breakpoint\":\"m\",\"fixed_width\":\"large\",\"gutter\":\"\",\"width\":\"\",\"width_expand\":\"\",\"height\":\"\",\"margin\":\"\"},\"children\":[{\"type\":\"column\",\"props\":{\"widths\":[\"1-1\"],\"image_position\":\"center-center\",\"media_overlay_gradient\":\"\",\"vertical_align\":\"\",\"style\":\"\",\"text_color\":\"\",\"padding\":\"\"},\"children\":[{\"type\":\"headline\",\"props\":{\"title_element\":\"h1\",\"title_style\":\"\",\"title_decoration\":\"\",\"title_color\":\"\",\"text_align\":\"\",\"text_align_breakpoint\":\"\",\"text_align_fallback\":\"\",\"maxwidth\":\"\",\"maxwidth_align\":\"\",\"maxwidth_breakpoint\":\"\",\"margin\":\"\",\"animation\":\"\",\"visibility\":\"\",\"content\":\"Przetwornik DST810 Smart Multisensor\"}},{\"type\":\"divider\",\"props\":{\"divider_element\":\"hr\",\"divider_style\":\"\",\"divider_align\":\"\",\"divider_align_breakpoint\":\"\",\"divider_align_fallback\":\"\",\"maxwidth\":\"\",\"maxwidth_align\":\"\",\"maxwidth_breakpoint\":\"\",\"margin\":\"\",\"animation\":\"\",\"visibility\":\"\"}}]}]}]},{\"type\":\"section\",\"props\":{\"style\":\"default\",\"width\":\"default\",\"vertical_align\":\"middle\",\"title_position\":\"top-left\",\"title_rotation\":\"left\",\"title_breakpoint\":\"xl\",\"image_position\":\"center-center\",\"text_color\":\"\",\"width_expand\":\"\",\"height\":\"\",\"padding\":\"\",\"header_transparent\":\"\",\"animation\":\"\",\"image_effect\":\"\"},\"children\":[{\"type\":\"row\",\"props\":{\"layout\":\"2-3,\",\"breakpoint\":\"m\",\"fixed_width\":\"large\",\"gutter\":\"\",\"width\":\"\",\"width_expand\":\"\",\"height\":\"\",\"margin\":\"\"},\"children\":[{\"type\":\"column\",\"props\":{\"widths\":[\"2-3\"],\"image_position\":\"center-center\",\"media_overlay_gradient\":\"\",\"vertical_align\":\"\",\"style\":\"\",\"text_color\":\"\",\"padding\":\"\"},\"children\":[{\"type\":\"text\",\"props\":{\"margin\":\"default\",\"column_breakpoint\":\"m\",\"text_style\":\"\",\"text_color\":\"\",\"text_size\":\"\",\"column\":\"\",\"text_align\":\"\",\"text_align_breakpoint\":\"\",\"text_align_fallback\":\"\",\"maxwidth\":\"\",\"maxwidth_align\":\"\",\"maxwidth_breakpoint\":\"\",\"animation\":\"\",\"visibility\":\"\",\"content\":\"\n\n<p><strong><span style=\\\"color: #333399;\\\">G\\u0142\\u0119boko\\u015b\\u0107, Pr\\u0119dko\\u015b\\u0107 wzgl\\u0119dem wody, Temperatura wody i po\\u0142o\\u017cenie \\u0142odzi<\\\/span><\\\/strong><\\\/p>\\n\n\n<p>Aby produkt m\\u00f3g\\u0142 zosta\\u0107 uznany za \\u201eprze\\u0142omowy\\u201d, musi znacznie zmieni\\u0107 konwencjonalne zachowanie i poprawi\\u0107 zdolno\\u015bci. Nowy multisensor DST810 wraz z aplikacj\\u0105 CAST \\u2122 firmy Airmar to po\\u0142\\u0105czenie zaawansowanych danych z kad\\u0142uba, po\\u0142\\u0105czona z prostym i niezawodnym sposobem kalibracji dok\\u0142adnej pr\\u0119dko\\u015bci za pomoc\\u0105 urz\\u0105dzenia bezprzewodowego. Zmienia to spos\\u00f3b, w jaki \\u017ceglarze odbieraj\\u0105 i dostarczaj\\u0105 informacje, aby uzyska\\u0107 lepsz\\u0105 informacj\\u0119 z kad\\u0142uba. Jest to prosty, sp\\u00f3jny spos\\u00f3b kalibracji pr\\u0119dko\\u015bci po wodzie niezale\\u017cnie od tego, jaki system wy\\u015bwietlania jest na pok\\u0142adzie. DST810 i aplikacja Airmar CAST zapewniaj\\u0105 funkcje, kt\\u00f3re do tej pory by\\u0142y dost\\u0119pne tylko za po\\u015brednictwem drogiego oprogramowania komputerowego.<\\\/p>\\n\n\n<p>Poza temperatur\\u0105 wody, g\\u0142\\u0119boko\\u015bci\\u0105 i nowo ulepszon\\u0105 wydajno\\u015bci\\u0105 5 Hz (5X na sekund\\u0119) pr\\u0119dko\\u015bci\\u0105 po wodzie, DST810 posiada zintegrowany czujnik po\\u0142o\\u017cenia dla danych przechy\\u0142u i trymu. Informacje te, w po\\u0142\\u0105czeniu z prost\\u0105 aplikacj\\u0105 CAST firmy Airmar, umo\\u017cliwiaj\\u0105 kalibracj\\u0119 pr\\u0119dko\\u015bci z kompensacj\\u0105 przechy\\u0142u dla wielu k\\u0105t\\u00f3w przechy\\u0142u i zakres\\u00f3w pr\\u0119dko\\u015bci zar\\u00f3wno szybk\\u0105, jak i intuicyjn\\u0105, i s\\u0105 niezale\\u017cne od przyrz\\u0105d\\u00f3w pok\\u0142adowych.<\\\/p>\\n\n\n<p>Wszystkie kalibracje pr\\u0119dko\\u015bci i konfiguracje NMEA s\\u0105 przechowywane w czujniku DST810 - nie w wy\\u015bwietlaczu.<\\\/p>\\n\n\n<p><strong>Funkcje<\\\/strong><\\\/p>\\n\n\n<p>NOWO\\u015a\\u0106 - Pr\\u0119dko\\u015b\\u0107 wyj\\u015bciowa 5 Hz (5X na sekund\\u0119) dla wyra\\u017anie p\\u0142ynniejszego raportowania pr\\u0119dko\\u015bci wzgl\\u0119dem wody i szybszego przep\\u0142ywu danych<\\\/p>\\n\n\n<p>NOWO\\u015a\\u0106 - Zintegrowany czujnik po\\u0142o\\u017cenia statku dla danych dot. przechy\\u0142u\\u00a0 i trymu<\\\/p>\\n\n\n<p>Prosta kalibracja po\\u0142o\\u017cenia w celu skorygowania \\u015brodka ci\\u0119\\u017cko\\u015bci<\\\/p>\\n\n\n<p>NOWO\\u015a\\u0106 - \\u0141\\u0105czno\\u015b\\u0107 bezprzewodowa z aplikacj\\u0105 CAST aplikacji Airmar ma nowe, przyjazne dla u\\u017cytkownika zalety:<\\\/p>\\n\n\n<p>Skalibruj DST810 w prosty, intuicyjny spos\\u00f3b, bez wzgl\\u0119du na mark\\u0119 instrumentu lub model, kt\\u00f3ry jest na pok\\u0142adzie<\\\/p>\\n\n\n<p>Przeprowadzaj podstawowe i zaawansowane kalibracje pr\\u0119dko\\u015bci z kompensacj\\u0105 przechy\\u0142u, aby poprawi\\u0107 wydajno\\u015b\\u0107 pr\\u0119dko\\u015bci wzgl\\u0119dem wody w ca\\u0142ym zakresie pr\\u0119dko\\u015bci.<\\\/p>\\n\n\n<p>Zaawansowana kalibracja pr\\u0119dko\\u015bci pozwala na r\\u0119czne wprowadzanie pr\\u0119dko\\u015bci dla wielu k\\u0105t\\u00f3w przechy\\u0142u i do 10 pr\\u0119dko\\u015bci, wcze\\u015bniej mo\\u017cliwe tylko za pomoc\\u0105 drogiego oprogramowania komputerowego.<\\\/p>\\n\n\n<h5 class=\\\"text-center\\\">Specyfikacja<\\\/h5>\\n\n\n<p>Dane techniczne<br \\\/>Waga:<br \\\/>0,9 kg (2,0 funty) - tworzywo sztuczne<br \\\/>1,6 kg (3,5 funta) - obudowa z br\\u0105zu <br \\\/>1,9 kg (4,2 funta) - obudowa ze stali nierdzewnej<br \\\/>Okno akustyczne: uretanowe<br \\\/>Hull Deadrise: do 22 \\u00b0<br \\\/>Szybko\\u015b\\u0107 aktualizacji danych:<br \\\/>G\\u0142\\u0119boko\\u015b\\u0107: 1X \\\/ sekund\\u0119<br \\\/>Pr\\u0119dko\\u015b\\u0107: 5X \\\/ sekund\\u0119<br \\\/>Trym \\\/ przechy\\u0142: 10X \\\/ sekund\\u0119<br \\\/>Dok\\u0142adno\\u015b\\u0107 ustawienia: nominalna warto\\u015b\\u0107 +\\\/\\u2013 1 \\u00b0 po kalibracji czujnika<br \\\/>Cz\\u0119stotliwo\\u015b\\u0107: 235 kHz<br \\\/>Minimalny zasi\\u0119g g\\u0142\\u0119boko\\u015bci: 0,5 m (1,6 ')<br \\\/>Maksymalny zasi\\u0119g g\\u0142\\u0119boko\\u015bci: do 100 m (330 st\\u00f3p) - NMEA 2000\\u00ae<br \\\/>Zakres pr\\u0119dko\\u015bci: do 45 w\\u0119z\\u0142\\u00f3w<br \\\/>Zakres ci\\u015bnienia: 3 m (10 st\\u00f3p)<br \\\/>Napi\\u0119cie zasilania: od 9 VDC do 16 VDC - na NMEA 2000<br \\\/>Pr\\u0105d zasilaj\\u0105cy: &lt;200 mA - na NMEA 2000<br \\\/>Protok\\u00f3\\u0142 bezprzewodowy: Bluetooth Low Energy (BLE)<br \\\/>Zasi\\u0119g bezprzewodowy: do 30 st\\u00f3p w zale\\u017cno\\u015bci od miejsca monta\\u017cu<br \\\/>Standardowa d\\u0142ugo\\u015b\\u0107 kabla: 6 m (20 ') DeviceNet \\u2014 NMEA 2000<br \\\/>Dok\\u0142adno\\u015b\\u0107 czujnika temperatury: \\u00b1 0,5 \\u00b0 C (\\u00b1 1,8 \\u00b0 F)<br \\\/>Zakres czujnika temperatury: od -10 \\u00b0 C do 40 \\u00b0 C (14 \\u00b0 F do 104 \\u00b0 F)<br \\\/>Numer r\\u00f3wnowa\\u017cno\\u015bci obci\\u0105\\u017cenia NMEA 2000 (LEN): 3<br \\\/>Rozporz\\u0105dzenie CE: Zgodny z IERC60945<\\\/p>\\n\n\n<h5 class=\\\"text-center\\\"><strong>\\u00a0<\\\/strong><\\\/h5>\"}}]},{\"type\":\"column\",\"props\":{\"widths\":[\"\"],\"image_position\":\"center-center\",\"media_overlay_gradient\":\"\",\"vertical_align\":\"\",\"style\":\"\",\"text_color\":\"\",\"padding\":\"\"},\"children\":[{\"type\":\"video\",\"props\":{\"video_controls\":true,\"margin\":\"default\",\"video_autoplay\":\"\",\"video_box_shadow\":\"xlarge\",\"video_box_decoration\":\"secondary\",\"text_align\":\"center\",\"text_align_breakpoint\":\"\",\"text_align_fallback\":\"\",\"maxwidth\":\"\",\"maxwidth_align\":\"\",\"maxwidth_breakpoint\":\"\",\"animation\":\"\",\"visibility\":\"\",\"video\":\"https:\\\/\\\/youtu.be\\\/ee8xIERsNbk\"}},{\"type\":\"image\",\"props\":{\"margin\":\"default\",\"link_target\":\"\",\"image_border\":\"\",\"image_box_shadow\":\"\",\"image_hover_box_shadow\":\"\",\"image_box_decoration\":\"\",\"text_align\":\"center\",\"text_align_breakpoint\":\"\",\"text_align_fallback\":\"\",\"maxwidth\":\"\",\"maxwidth_align\":\"\",\"maxwidth_breakpoint\":\"\",\"animation\":\"\",\"visibility\":\"\",\"image\":\"wp-content\\\/uploads\\\/DST810.jpg\",\"image_width\":\"250\"}},{\"type\":\"image\",\"props\":{\"margin\":\"default\",\"link_target\":\"\",\"image_border\":\"\",\"image_box_shadow\":\"medium\",\"image_hover_box_shadow\":\"\",\"image_box_decoration\":\"\",\"text_align\":\"center\",\"text_align_breakpoint\":\"\",\"text_align_fallback\":\"\",\"maxwidth\":\"\",\"maxwidth_align\":\"\",\"maxwidth_breakpoint\":\"\",\"animation\":\"\",\"visibility\":\"\",\"image\":\"wp-content\\\/uploads\\\/DST810ScreenShot2.jpg\",\"image_width\":\"250\"}},{\"type\":\"image\",\"props\":{\"margin\":\"default\",\"link_target\":\"\",\"image_border\":\"\",\"image_box_shadow\":\"\",\"image_hover_box_shadow\":\"\",\"image_box_decoration\":\"\",\"text_align\":\"center\",\"text_align_breakpoint\":\"\",\"text_align_fallback\":\"\",\"maxwidth\":\"\",\"maxwidth_align\":\"\",\"maxwidth_breakpoint\":\"\",\"animation\":\"\",\"visibility\":\"\",\"image\":\"wp-content\\\/uploads\\\/DST810ScreenShot1.jpg\",\"image_width\":\"250\"}}]}]}]},{\"type\":\"section\",\"props\":{\"style\":\"default\",\"width\":\"default\",\"vertical_align\":\"middle\",\"title_position\":\"top-left\",\"title_rotation\":\"left\",\"title_breakpoint\":\"xl\",\"image_position\":\"center-center\",\"text_color\":\"\",\"width_expand\":\"\",\"height\":\"\",\"padding\":\"\",\"header_transparent\":\"\",\"animation\":\"\",\"image_effect\":\"\"},\"children\":[{\"type\":\"row\",\"props\":{\"layout\":\"1-1\",\"breakpoint\":\"m\",\"fixed_width\":\"large\",\"gutter\":\"\",\"width\":\"\",\"width_expand\":\"\",\"height\":\"\",\"margin\":\"\"},\"children\":[{\"type\":\"column\",\"props\":{\"widths\":[\"1-1\"],\"image_position\":\"center-center\",\"media_overlay_gradient\":\"\",\"vertical_align\":\"\",\"style\":\"\",\"text_color\":\"\",\"padding\":\"\"},\"children\":[{\"type\":\"button\",\"props\":{\"gutter\":\"small\",\"margin\":\"default\",\"button_size\":\"\",\"text_align\":\"center\",\"text_align_breakpoint\":\"\",\"text_align_fallback\":\"\",\"maxwidth\":\"\",\"maxwidth_align\":\"\",\"maxwidth_breakpoint\":\"\",\"animation\":\"\",\"visibility\":\"\"},\"children\":[{\"type\":\"button_item\",\"props\":{\"button_style\":\"default\",\"icon_align\":\"left\",\"link_target\":\"\",\"content\":\"Broszura\",\"link\":\"http:\\\/\\\/www.airmar.com\\\/uploads\\\/brochures\\\/DST810.pdf\"}}]}]}]}]}],\"props\":[],\"version\":\"1.18.0\"} --><\/p>\n","protected":false},"excerpt":{"rendered":"<p>Przetwornik DST810 Smart Multisensor G\u0142\u0119boko\u015b\u0107, Pr\u0119dko\u015b\u0107 wzgl\u0119dem wody, Temperatura wody i po\u0142o\u017cenie \u0142odzi Aby produkt m\u00f3g\u0142 zosta\u0107 uznany za \u201eprze\u0142omowy\u201d, musi znacznie zmieni\u0107 konwencjonalne zachowanie i poprawi\u0107 zdolno\u015bci. Nowy multisensor DST810 wraz z aplikacj\u0105 CAST &#x2122; firmy Airmar to po\u0142\u0105czenie zaawansowanych danych z kad\u0142uba, po\u0142\u0105czona z prostym i niezawodnym sposobem kalibracji dok\u0142adnej pr\u0119dko\u015bci za pomoc\u0105 [&hellip;]<\/p>\n","protected":false},"author":10,"featured_media":0,"parent":0,"menu_order":0,"comment_status":"closed","ping_status":"closed","template":"","meta":{"footnotes":""},"class_list":["post-5845","page","type-page","status-publish","hentry"],"yoast_head":"<!-- This site is optimized with the Yoast SEO plugin v27.6 - https:\/\/yoast.com\/product\/yoast-seo-wordpress\/ -->\n<title>AIRMAR DST810 SMART - ESCORT TECHNOLOGY<\/title>\n<meta name=\"robots\" content=\"index, follow, max-snippet:-1, max-image-preview:large, max-video-preview:-1\" \/>\n<link rel=\"canonical\" href=\"http:\/\/escort-technology.com\/en\/de\/airmar-dst810-smart\/\" \/>\n<meta property=\"og:locale\" content=\"en_US\" \/>\n<meta property=\"og:type\" content=\"article\" \/>\n<meta property=\"og:title\" content=\"AIRMAR DST810 SMART - ESCORT TECHNOLOGY\" \/>\n<meta property=\"og:description\" content=\"Przetwornik DST810 Smart Multisensor G\u0142\u0119boko\u015b\u0107, Pr\u0119dko\u015b\u0107 wzgl\u0119dem wody, Temperatura wody i po\u0142o\u017cenie \u0142odzi Aby produkt m\u00f3g\u0142 zosta\u0107 uznany za \u201eprze\u0142omowy\u201d, musi znacznie zmieni\u0107 konwencjonalne zachowanie i poprawi\u0107 zdolno\u015bci. Nowy multisensor DST810 wraz z aplikacj\u0105 CAST &#x2122; firmy Airmar to po\u0142\u0105czenie zaawansowanych danych z kad\u0142uba, po\u0142\u0105czona z prostym i niezawodnym sposobem kalibracji dok\u0142adnej pr\u0119dko\u015bci za pomoc\u0105 [&hellip;]\" \/>\n<meta property=\"og:url\" content=\"http:\/\/escort-technology.com\/en\/de\/airmar-dst810-smart\/\" \/>\n<meta property=\"og:site_name\" content=\"ESCORT TECHNOLOGY\" \/>\n<meta property=\"article:publisher\" content=\"https:\/\/www.facebook.com\/elektronika.morska\/\" \/>\n<meta property=\"article:modified_time\" content=\"2020-05-25T10:52:44+00:00\" \/>\n<meta property=\"og:image\" content=\"http:\/\/wp-content\/uploads\/DST810.jpg\" \/>\n<meta name=\"twitter:card\" content=\"summary_large_image\" \/>\n<meta name=\"twitter:label1\" content=\"Est. reading time\" \/>\n\t<meta name=\"twitter:data1\" content=\"3 minutes\" \/>\n<script type=\"application\/ld+json\" class=\"yoast-schema-graph\">{\"@context\":\"https:\\\/\\\/schema.org\",\"@graph\":[{\"@type\":\"WebPage\",\"@id\":\"http:\\\/\\\/escort-technology.com\\\/de\\\/airmar-dst810-smart\\\/\",\"url\":\"http:\\\/\\\/escort-technology.com\\\/de\\\/airmar-dst810-smart\\\/\",\"name\":\"AIRMAR DST810 SMART - ESCORT TECHNOLOGY\",\"isPartOf\":{\"@id\":\"http:\\\/\\\/escort-technology.com\\\/de\\\/#website\"},\"datePublished\":\"2020-05-25T10:51:16+00:00\",\"dateModified\":\"2020-05-25T10:52:44+00:00\",\"breadcrumb\":{\"@id\":\"http:\\\/\\\/escort-technology.com\\\/de\\\/airmar-dst810-smart\\\/#breadcrumb\"},\"inLanguage\":\"en-US\",\"potentialAction\":[{\"@type\":\"ReadAction\",\"target\":[\"http:\\\/\\\/escort-technology.com\\\/de\\\/airmar-dst810-smart\\\/\"]}]},{\"@type\":\"BreadcrumbList\",\"@id\":\"http:\\\/\\\/escort-technology.com\\\/de\\\/airmar-dst810-smart\\\/#breadcrumb\",\"itemListElement\":[{\"@type\":\"ListItem\",\"position\":1,\"name\":\"Strona g\u0142\u00f3wna\",\"item\":\"https:\\\/\\\/escort-technology.com\\\/\"},{\"@type\":\"ListItem\",\"position\":2,\"name\":\"AIRMAR DST810 SMART\"}]},{\"@type\":\"WebSite\",\"@id\":\"http:\\\/\\\/escort-technology.com\\\/de\\\/#website\",\"url\":\"http:\\\/\\\/escort-technology.com\\\/de\\\/\",\"name\":\"ESCORT TECHNOLOGY\",\"description\":\"Elektronika morska i l\u0105dowa\",\"publisher\":{\"@id\":\"http:\\\/\\\/escort-technology.com\\\/de\\\/#organization\"},\"potentialAction\":[{\"@type\":\"SearchAction\",\"target\":{\"@type\":\"EntryPoint\",\"urlTemplate\":\"http:\\\/\\\/escort-technology.com\\\/de\\\/?s={search_term_string}\"},\"query-input\":{\"@type\":\"PropertyValueSpecification\",\"valueRequired\":true,\"valueName\":\"search_term_string\"}}],\"inLanguage\":\"en-US\"},{\"@type\":\"Organization\",\"@id\":\"http:\\\/\\\/escort-technology.com\\\/de\\\/#organization\",\"name\":\"ESCORT TECHNOLOGY\",\"url\":\"http:\\\/\\\/escort-technology.com\\\/de\\\/\",\"logo\":{\"@type\":\"ImageObject\",\"inLanguage\":\"en-US\",\"@id\":\"http:\\\/\\\/escort-technology.com\\\/de\\\/#\\\/schema\\\/logo\\\/image\\\/\",\"url\":\"https:\\\/\\\/escort-technology.com\\\/wp-content\\\/uploads\\\/logo-1.jpg\",\"contentUrl\":\"https:\\\/\\\/escort-technology.com\\\/wp-content\\\/uploads\\\/logo-1.jpg\",\"width\":600,\"height\":165,\"caption\":\"ESCORT TECHNOLOGY\"},\"image\":{\"@id\":\"http:\\\/\\\/escort-technology.com\\\/de\\\/#\\\/schema\\\/logo\\\/image\\\/\"},\"sameAs\":[\"https:\\\/\\\/www.facebook.com\\\/elektronika.morska\\\/\",\"https:\\\/\\\/www.linkedin.com\\\/company\\\/escort-sp-z-o-o-\\\/\"]}]}<\/script>\n<!-- \/ Yoast SEO plugin. -->","yoast_head_json":{"title":"AIRMAR DST810 SMART - ESCORT TECHNOLOGY","robots":{"index":"index","follow":"follow","max-snippet":"max-snippet:-1","max-image-preview":"max-image-preview:large","max-video-preview":"max-video-preview:-1"},"canonical":"http:\/\/escort-technology.com\/en\/de\/airmar-dst810-smart\/","og_locale":"en_US","og_type":"article","og_title":"AIRMAR DST810 SMART - ESCORT TECHNOLOGY","og_description":"Przetwornik DST810 Smart Multisensor G\u0142\u0119boko\u015b\u0107, Pr\u0119dko\u015b\u0107 wzgl\u0119dem wody, Temperatura wody i po\u0142o\u017cenie \u0142odzi Aby produkt m\u00f3g\u0142 zosta\u0107 uznany za \u201eprze\u0142omowy\u201d, musi znacznie zmieni\u0107 konwencjonalne zachowanie i poprawi\u0107 zdolno\u015bci. Nowy multisensor DST810 wraz z aplikacj\u0105 CAST &#x2122; firmy Airmar to po\u0142\u0105czenie zaawansowanych danych z kad\u0142uba, po\u0142\u0105czona z prostym i niezawodnym sposobem kalibracji dok\u0142adnej pr\u0119dko\u015bci za pomoc\u0105 [&hellip;]","og_url":"http:\/\/escort-technology.com\/en\/de\/airmar-dst810-smart\/","og_site_name":"ESCORT TECHNOLOGY","article_publisher":"https:\/\/www.facebook.com\/elektronika.morska\/","article_modified_time":"2020-05-25T10:52:44+00:00","og_image":[{"url":"wp-content\/uploads\/DST810.jpg","type":"","width":"","height":""}],"twitter_card":"summary_large_image","twitter_misc":{"Est. reading time":"3 minutes"},"schema":{"@context":"https:\/\/schema.org","@graph":[{"@type":"WebPage","@id":"http:\/\/escort-technology.com\/de\/airmar-dst810-smart\/","url":"http:\/\/escort-technology.com\/de\/airmar-dst810-smart\/","name":"AIRMAR DST810 SMART - ESCORT TECHNOLOGY","isPartOf":{"@id":"http:\/\/escort-technology.com\/de\/#website"},"datePublished":"2020-05-25T10:51:16+00:00","dateModified":"2020-05-25T10:52:44+00:00","breadcrumb":{"@id":"http:\/\/escort-technology.com\/de\/airmar-dst810-smart\/#breadcrumb"},"inLanguage":"en-US","potentialAction":[{"@type":"ReadAction","target":["http:\/\/escort-technology.com\/de\/airmar-dst810-smart\/"]}]},{"@type":"BreadcrumbList","@id":"http:\/\/escort-technology.com\/de\/airmar-dst810-smart\/#breadcrumb","itemListElement":[{"@type":"ListItem","position":1,"name":"Strona g\u0142\u00f3wna","item":"https:\/\/escort-technology.com\/"},{"@type":"ListItem","position":2,"name":"AIRMAR DST810 SMART"}]},{"@type":"WebSite","@id":"http:\/\/escort-technology.com\/de\/#website","url":"http:\/\/escort-technology.com\/de\/","name":"ESCORT TECHNOLOGY","description":"Onshore and offshore electronics","publisher":{"@id":"http:\/\/escort-technology.com\/de\/#organization"},"potentialAction":[{"@type":"SearchAction","target":{"@type":"EntryPoint","urlTemplate":"http:\/\/escort-technology.com\/de\/?s={search_term_string}"},"query-input":{"@type":"PropertyValueSpecification","valueRequired":true,"valueName":"search_term_string"}}],"inLanguage":"en-US"},{"@type":"Organization","@id":"http:\/\/escort-technology.com\/de\/#organization","name":"ESCORT TECHNOLOGY","url":"http:\/\/escort-technology.com\/de\/","logo":{"@type":"ImageObject","inLanguage":"en-US","@id":"http:\/\/escort-technology.com\/de\/#\/schema\/logo\/image\/","url":"https:\/\/escort-technology.com\/wp-content\/uploads\/logo-1.jpg","contentUrl":"https:\/\/escort-technology.com\/wp-content\/uploads\/logo-1.jpg","width":600,"height":165,"caption":"ESCORT TECHNOLOGY"},"image":{"@id":"http:\/\/escort-technology.com\/de\/#\/schema\/logo\/image\/"},"sameAs":["https:\/\/www.facebook.com\/elektronika.morska\/","https:\/\/www.linkedin.com\/company\/escort-sp-z-o-o-\/"]}]}},"_links":{"self":[{"href":"https:\/\/escort-technology.com\/en\/wp-json\/wp\/v2\/pages\/5845","targetHints":{"allow":["GET"]}}],"collection":[{"href":"https:\/\/escort-technology.com\/en\/wp-json\/wp\/v2\/pages"}],"about":[{"href":"https:\/\/escort-technology.com\/en\/wp-json\/wp\/v2\/types\/page"}],"author":[{"embeddable":true,"href":"https:\/\/escort-technology.com\/en\/wp-json\/wp\/v2\/users\/10"}],"replies":[{"embeddable":true,"href":"https:\/\/escort-technology.com\/en\/wp-json\/wp\/v2\/comments?post=5845"}],"version-history":[{"count":4,"href":"https:\/\/escort-technology.com\/en\/wp-json\/wp\/v2\/pages\/5845\/revisions"}],"predecessor-version":[{"id":5855,"href":"https:\/\/escort-technology.com\/en\/wp-json\/wp\/v2\/pages\/5845\/revisions\/5855"}],"wp:attachment":[{"href":"https:\/\/escort-technology.com\/en\/wp-json\/wp\/v2\/media?parent=5845"}],"curies":[{"name":"wp","href":"https:\/\/api.w.org\/{rel}","templated":true}]}}