{"id":5875,"date":"2020-05-27T13:44:30","date_gmt":"2020-05-27T11:44:30","guid":{"rendered":"https:\/\/escort-technology.com\/?page_id=5875"},"modified":"2024-04-25T10:19:59","modified_gmt":"2024-04-25T08:19:59","slug":"zlacza-podwodne-subconn-2","status":"publish","type":"page","link":"https:\/\/escort-technology.com\/en\/zlacza-podwodne-subconn-2\/","title":{"rendered":"Z\u0142\u0105cza podwodne Subconn"},"content":{"rendered":"<h1>Z\u0142\u0105cza podwodne Subconn<\/h1>\n<hr>\n<div>\n<p>SubConn Inc. i MacArtney Underwater Technology Group od prawie 40 lat dostarczaj\u0105 wiod\u0105c\u0105 na \u015bwiecie gam\u0119 podwodnych z\u0142\u0105czy elektrycznych do wymagaj\u0105cego przemys\u0142u podwodnego. Linia SubConn zosta\u0142a opracowana przez lata, aby zaspokoi\u0107 potrzeby naszych klient\u00f3w, od zastosowa\u0144 na p\u0142ytkich wodach po g\u0142\u0119bokie oceany.<\/p>\n<p>Nasza seria z\u0142\u0105czy SubConn jest nieustannie testowana i weryfikowana w celu zapewnienia najwy\u017cszej jako\u015bci i przydatno\u015bci na rynku podwodnym i morskim. Nasza oferta jest regularnie poszerzana, aby spe\u0142ni\u0107 nowe wymagania indywidualne lub bran\u017cowe.<\/p>\n<\/div>\n<p><a href=\"https:\/\/escort-technology.com\/zlacza-podwodne-subconn-serii-circular\/\"><img decoding=\"async\" src=\"\/wp-content\/uploads\/subconn_circular_25pin_edit.jpg\" alt=\"\"><\/a><\/p>\n<div>\n<p style=\"text-align: left;\"><a href=\"https:\/\/escort-technology.com\/zlacza-podwodne-subconn-serii-circular\/\"><strong><span style=\"color: #000000;\">Z\u0142\u0105cza SubConn seria Circular<\/span><\/strong><\/a><\/p>\n<\/div>\n<p><a href=\"\/index.php?page_id=5911&amp;preview=true\"><img decoding=\"async\" src=\"\/wp-content\/uploads\/21pin_new_edited.jpg\" alt=\"\"><\/a><\/p>\n<div>\n<p><a href=\"https:\/\/escort-technology.com\/?page_id=5911&amp;preview=true\"><strong><span style=\"color: #000000;\">Z\u0142\u0105cza SubConn seria Micro Circular<\/span><\/strong><\/a><\/p>\n<\/div>\n<p><a href=\"https:\/\/escort-technology.com\/zlacza-subconn-seria-low-profile\/\"><img decoding=\"async\" src=\"\/wp-content\/uploads\/subconn_low_profile_lpil2m.jpg\" alt=\"\"><\/a><\/p>\n<div>\n<p><a href=\"https:\/\/escort-technology.com\/?page_id=5943&amp;preview=true\"><strong><span style=\"color: #000000;\">Z\u0142\u0105cza SubConn seria Low Profile<\/span><\/strong><\/a><\/p>\n<\/div>\n<p><a href=\"https:\/\/escort-technology.com\/zlacza-subconn-seria-micro-low-profile\/\"><img decoding=\"async\" src=\"\/wp-content\/uploads\/mclpil9f-mclpbh9m.jpg\" alt=\"\"><\/a><\/p>\n<div>\n<p><a href=\"https:\/\/escort-technology.com\/?page_id=5960&amp;preview=true\"><strong><span style=\"color: #000000;\">Z\u0142\u0105cza Subconn seria Micro Low Profile<\/span><\/strong><\/a><\/p>\n<\/div>\n<p><a href=\"https:\/\/escort-technology.com\/zlacza-subconn-seria-metal-shell\/\"><img decoding=\"async\" src=\"\/wp-content\/uploads\/subconn_metal_shell_bcr20004f.jpg\" alt=\"\"><\/a><\/p>\n<div>\n<p><strong><span style=\"color: #000000;\"><a style=\"color: #000000;\" href=\"https:\/\/escort-technology.com\/?page_id=5975&amp;preview=true\">Z\u0142\u0105cza Subconn seria Metal Shell<\/a><\/span><br \/><\/strong><\/p>\n<\/div>\n<p><a href=\"https:\/\/escort-technology.com\/zlacza-subconn-seria-power\/\"><img decoding=\"async\" src=\"\/wp-content\/uploads\/subconn_power_bh1m.jpg\" alt=\"\"><\/a><\/p>\n<div>\n<p><a href=\"https:\/\/escort-technology.com\/?page_id=5990&amp;preview=true\"><strong><span style=\"color: #000000;\">Z\u0142\u0105cza Subconn seria Power<\/span><\/strong><\/a><\/p>\n<\/div>\n<p><a href=\"https:\/\/escort-technology.com\/zlacza-subconn-seria-ethernet\/\"><img decoding=\"async\" src=\"\/wp-content\/uploads\/subconn_ethernet_rightangle.jpg\" alt=\"\"><\/a><\/p>\n<div>\n<p><a href=\"https:\/\/escort-technology.com\/?page_id=6005&amp;preview=true\"><strong><span style=\"color: #000000;\">Z\u0142\u0105cza Subconn seria Ethernet<\/span><\/strong><\/a><\/p>\n<\/div>\n<p><a href=\"https:\/\/escort-technology.com\/zlacza-subconn-seria-coax\/\"><img decoding=\"async\" src=\"\/wp-content\/uploads\/coax_50-75_4.jpg\" alt=\"\"><\/a><\/p>\n<div>\n<p><a href=\"https:\/\/escort-technology.com\/?page_id=6027&amp;preview=true\"><strong><span style=\"color: #000000;\">Z\u0142\u0105cza Subconn seria Coax<\/span><\/strong><\/a><\/p>\n<\/div>\n<p><a href=\"https:\/\/escort-technology.com\/zlacza-subconn-seria-nano\/\"><img decoding=\"async\" src=\"\/wp-content\/uploads\/2024\/04\/SubConn-Nano_BH6M_AT6F.jpg\" alt=\"\"><\/a><\/p>\n<div>\n<p><a href=\"https:\/\/escort-technology.com\/zlacza-subconn-seria-nano\/\"><strong><span style=\"color: #000000;\">Z\u0142\u0105cza Subconn seria Nano<\/span><\/strong><\/a><\/p>\n<\/div>\n<p><img decoding=\"async\" src=\"\/wp-content\/uploads\/subconn_special-2.jpg\" alt=\"\"><\/p>\n<div>\n<p><a href=\"https:\/\/escort-technology.com\/?page_id=6044&amp;preview=true\"><strong><span style=\"color: #000000;\">Z\u0142\u0105cza specjalne SubConn<\/span><\/strong><\/a><\/p>\n<\/div>\n<p><a href=\"https:\/\/escort-technology.com\/?page_id=6075&#038;preview=true\"><img decoding=\"async\" src=\"\/wp-content\/uploads\/subconn_penetrator_pna-straight.jpg\" alt=\"\"><\/a><\/p>\n<div>\n<p><a href=\"https:\/\/escort-technology.com\/?page_id=6075&amp;preview=true\"><strong><span style=\"color: #000000;\">Z\u0142\u0105cza Subconn seria Penetrator<\/span><\/strong><\/a><\/p>\n<\/div>\n<p><img decoding=\"async\" src=\"\/wp-content\/uploads\/cable_background.jpg\" alt=\"\"><\/p>\n<div>\n<p><a href=\"https:\/\/escort-technology.com\/?page_id=6088&amp;preview=true\"><strong><span style=\"color: #000000;\">Kable SubConn<\/span><\/strong><\/a><\/p>\n<\/div>\n<p><img decoding=\"async\" src=\"\/wp-content\/uploads\/coloured-locking-sleeves.jpg\" alt=\"\"><\/p>\n<div>\n<p><a href=\"https:\/\/escort-technology.com\/dodatkowe-akcesoria-subconn\/\"><strong><span style=\"color: #000000;\">Dodatkowe akcesoria SubConn<\/span><\/strong><\/a><\/p>\n<\/div>\n<p><!--more--><br \/>\n<!-- {\"type\":\"layout\",\"children\":[{\"type\":\"section\",\"props\":{\"image_position\":\"center-center\",\"style\":\"default\",\"title_breakpoint\":\"xl\",\"title_position\":\"top-left\",\"title_rotation\":\"left\",\"vertical_align\":\"middle\",\"width\":\"large\"},\"children\":[{\"type\":\"row\",\"children\":[{\"type\":\"column\",\"props\":{\"image_position\":\"center-center\",\"position_sticky_breakpoint\":\"m\",\"width_medium\":\"1-1\"},\"children\":[{\"type\":\"headline\",\"props\":{\"content\":\"Z\\u0142\\u0105cza podwodne Subconn\",\"title_element\":\"h1\"}},{\"type\":\"divider\",\"props\":{\"divider_element\":\"hr\"}},{\"type\":\"text\",\"props\":{\"column_breakpoint\":\"m\",\"content\":\"\n\n<p>SubConn Inc. i MacArtney Underwater Technology Group od prawie 40 lat dostarczaj\\u0105 wiod\\u0105c\\u0105 na \\u015bwiecie gam\\u0119 podwodnych z\\u0142\\u0105czy elektrycznych do wymagaj\\u0105cego przemys\\u0142u podwodnego. Linia SubConn zosta\\u0142a opracowana przez lata, aby zaspokoi\\u0107 potrzeby naszych klient\\u00f3w, od zastosowa\\u0144 na p\\u0142ytkich wodach po g\\u0142\\u0119bokie oceany.<\\\/p>\\n\n\n<p>Nasza seria z\\u0142\\u0105czy SubConn jest nieustannie testowana i weryfikowana w celu zapewnienia najwy\\u017cszej jako\\u015bci i przydatno\\u015bci na rynku podwodnym i morskim. Nasza oferta jest regularnie poszerzana, aby spe\\u0142ni\\u0107 nowe wymagania indywidualne lub bran\\u017cowe.<\\\/p>\",\"margin\":\"default\"}}]}]}]},{\"type\":\"section\",\"props\":{\"image_position\":\"center-center\",\"style\":\"default\",\"title_breakpoint\":\"xl\",\"title_position\":\"top-left\",\"title_rotation\":\"left\",\"vertical_align\":\"middle\",\"width\":\"large\"},\"children\":[{\"type\":\"row\",\"props\":{\"layout\":\"1-3,1-3,1-3\"},\"children\":[{\"type\":\"column\",\"props\":{\"image_position\":\"center-center\",\"position_sticky_breakpoint\":\"m\",\"width_medium\":\"1-3\"},\"children\":[{\"type\":\"image\",\"props\":{\"image\":\"wp-content\\\/uploads\\\/subconn_circular_25pin_edit.jpg\",\"image_svg_color\":\"emphasis\",\"link\":\"https:\\\/\\\/escort-technology.com\\\/zlacza-podwodne-subconn-serii-circular\\\/\",\"margin\":\"default\"}},{\"type\":\"text\",\"props\":{\"column_breakpoint\":\"m\",\"content\":\"\n\n<p style=\\\"text-align: left;\\\"><a href=\\\"https:\\\/\\\/escort-technology.com\\\/zlacza-podwodne-subconn-serii-circular\\\/\\\"><strong><span style=\\\"color: #000000;\\\">Z\\u0142\\u0105cza SubConn seria Circular<\\\/span><\\\/strong><\\\/a><\\\/p>\",\"margin\":\"default\"}}]},{\"type\":\"column\",\"props\":{\"image_position\":\"center-center\",\"position_sticky_breakpoint\":\"m\",\"width_medium\":\"1-3\"},\"children\":[{\"type\":\"image\",\"props\":{\"image\":\"wp-content\\\/uploads\\\/21pin_new_edited.jpg\",\"image_svg_color\":\"emphasis\",\"link\":\"index.php?page_id=5911&preview=true\",\"margin\":\"default\"}},{\"type\":\"text\",\"props\":{\"column_breakpoint\":\"m\",\"content\":\"\n\n<p><a href=\\\"https:\\\/\\\/escort-technology.com\\\/?page_id=5911&amp;preview=true\\\"><strong><span style=\\\"color: #000000;\\\">Z\\u0142\\u0105cza SubConn seria Micro Circular<\\\/span><\\\/strong><\\\/a><\\\/p>\",\"margin\":\"default\"}}]},{\"type\":\"column\",\"props\":{\"image_position\":\"center-center\",\"position_sticky_breakpoint\":\"m\",\"width_medium\":\"1-3\"},\"children\":[{\"type\":\"image\",\"props\":{\"image\":\"wp-content\\\/uploads\\\/subconn_low_profile_lpil2m.jpg\",\"image_svg_color\":\"emphasis\",\"link\":\"https:\\\/\\\/escort-technology.com\\\/zlacza-subconn-seria-low-profile\\\/\",\"margin\":\"default\"}},{\"type\":\"text\",\"props\":{\"column_breakpoint\":\"m\",\"content\":\"\n\n<p><a href=\\\"https:\\\/\\\/escort-technology.com\\\/?page_id=5943&amp;preview=true\\\"><strong><span style=\\\"color: #000000;\\\">Z\\u0142\\u0105cza SubConn seria Low Profile<\\\/span><\\\/strong><\\\/a><\\\/p>\",\"margin\":\"default\"}}]}]},{\"type\":\"row\",\"props\":{\"layout\":\"1-3,1-3,1-3\"},\"children\":[{\"type\":\"column\",\"props\":{\"image_position\":\"center-center\",\"position_sticky_breakpoint\":\"m\",\"width_medium\":\"1-3\"},\"children\":[{\"type\":\"image\",\"props\":{\"image\":\"wp-content\\\/uploads\\\/mclpil9f-mclpbh9m.jpg\",\"image_svg_color\":\"emphasis\",\"link\":\"https:\\\/\\\/escort-technology.com\\\/zlacza-subconn-seria-micro-low-profile\\\/\",\"margin\":\"default\"}},{\"type\":\"text\",\"props\":{\"column_breakpoint\":\"m\",\"content\":\"\n\n<p><a href=\\\"https:\\\/\\\/escort-technology.com\\\/?page_id=5960&amp;preview=true\\\"><strong><span style=\\\"color: #000000;\\\">Z\\u0142\\u0105cza Subconn seria Micro Low Profile<\\\/span><\\\/strong><\\\/a><\\\/p>\",\"margin\":\"default\"}}]},{\"type\":\"column\",\"props\":{\"image_position\":\"center-center\",\"position_sticky_breakpoint\":\"m\",\"width_medium\":\"1-3\"},\"children\":[{\"type\":\"image\",\"props\":{\"image\":\"wp-content\\\/uploads\\\/subconn_metal_shell_bcr20004f.jpg\",\"image_svg_color\":\"emphasis\",\"link\":\"https:\\\/\\\/escort-technology.com\\\/zlacza-subconn-seria-metal-shell\\\/\",\"margin\":\"default\"}},{\"type\":\"text\",\"props\":{\"column_breakpoint\":\"m\",\"content\":\"\n\n<p><strong><span style=\\\"color: #000000;\\\"><a style=\\\"color: #000000;\\\" href=\\\"https:\\\/\\\/escort-technology.com\\\/?page_id=5975&amp;preview=true\\\">Z\\u0142\\u0105cza Subconn seria Metal Shell<\\\/a><\\\/span><br \\\/><\\\/strong><\\\/p>\",\"margin\":\"default\"}}]},{\"type\":\"column\",\"props\":{\"image_position\":\"center-center\",\"position_sticky_breakpoint\":\"m\",\"width_medium\":\"1-3\"},\"children\":[{\"type\":\"image\",\"props\":{\"image\":\"wp-content\\\/uploads\\\/subconn_power_bh1m.jpg\",\"image_svg_color\":\"emphasis\",\"link\":\"https:\\\/\\\/escort-technology.com\\\/zlacza-subconn-seria-power\\\/\",\"margin\":\"default\"}},{\"type\":\"text\",\"props\":{\"column_breakpoint\":\"m\",\"content\":\"\n\n<p><a href=\\\"https:\\\/\\\/escort-technology.com\\\/?page_id=5990&amp;preview=true\\\"><strong><span style=\\\"color: #000000;\\\">Z\\u0142\\u0105cza Subconn seria Power<\\\/span><\\\/strong><\\\/a><\\\/p>\",\"margin\":\"default\"}}]}]},{\"type\":\"row\",\"props\":{\"layout\":\"1-3,1-3,1-3\"},\"children\":[{\"type\":\"column\",\"props\":{\"image_position\":\"center-center\",\"position_sticky_breakpoint\":\"m\",\"width_medium\":\"1-3\"},\"children\":[{\"type\":\"image\",\"props\":{\"image\":\"wp-content\\\/uploads\\\/subconn_ethernet_rightangle.jpg\",\"image_svg_color\":\"emphasis\",\"link\":\"https:\\\/\\\/escort-technology.com\\\/zlacza-subconn-seria-ethernet\\\/\",\"margin\":\"default\"}},{\"type\":\"text\",\"props\":{\"column_breakpoint\":\"m\",\"content\":\"\n\n<p><a href=\\\"https:\\\/\\\/escort-technology.com\\\/?page_id=6005&amp;preview=true\\\"><strong><span style=\\\"color: #000000;\\\">Z\\u0142\\u0105cza Subconn seria Ethernet<\\\/span><\\\/strong><\\\/a><\\\/p>\",\"margin\":\"default\"}}]},{\"type\":\"column\",\"props\":{\"image_position\":\"center-center\",\"position_sticky_breakpoint\":\"m\",\"width_medium\":\"1-3\"},\"children\":[{\"type\":\"image\",\"props\":{\"image\":\"wp-content\\\/uploads\\\/coax_50-75_4.jpg\",\"image_svg_color\":\"emphasis\",\"link\":\"https:\\\/\\\/escort-technology.com\\\/zlacza-subconn-seria-coax\\\/\",\"margin\":\"default\"}},{\"type\":\"text\",\"props\":{\"column_breakpoint\":\"m\",\"content\":\"\n\n<p><a href=\\\"https:\\\/\\\/escort-technology.com\\\/?page_id=6027&amp;preview=true\\\"><strong><span style=\\\"color: #000000;\\\">Z\\u0142\\u0105cza Subconn seria Coax<\\\/span><\\\/strong><\\\/a><\\\/p>\",\"margin\":\"default\"}}]},{\"type\":\"column\",\"props\":{\"image_position\":\"center-center\",\"position_sticky_breakpoint\":\"m\",\"width_medium\":\"1-3\"},\"children\":[{\"type\":\"image\",\"props\":{\"image\":\"wp-content\\\/uploads\\\/2024\\\/04\\\/SubConn-Nano_BH6M_AT6F.jpg\",\"image_svg_color\":\"emphasis\",\"link\":\"https:\\\/\\\/escort-technology.com\\\/zlacza-subconn-seria-nano\\\/\",\"margin\":\"default\"}},{\"type\":\"text\",\"props\":{\"column_breakpoint\":\"m\",\"content\":\"\n\n<p><a href=\\\"https:\\\/\\\/escort-technology.com\\\/zlacza-subconn-seria-nano\\\/\\\"><strong><span style=\\\"color: #000000;\\\">Z\\u0142\\u0105cza Subconn seria Nano<\\\/span><\\\/strong><\\\/a><\\\/p>\",\"margin\":\"default\"}}]}]},{\"type\":\"row\",\"props\":{\"layout\":\"1-3,1-3,1-3\"},\"children\":[{\"type\":\"column\",\"props\":{\"image_position\":\"center-center\",\"position_sticky_breakpoint\":\"m\",\"width_medium\":\"1-3\"},\"children\":[{\"type\":\"image\",\"props\":{\"image\":\"wp-content\\\/uploads\\\/subconn_special-2.jpg\",\"image_svg_color\":\"emphasis\",\"margin\":\"default\"}},{\"type\":\"text\",\"props\":{\"column_breakpoint\":\"m\",\"content\":\"\n\n<p><a href=\\\"https:\\\/\\\/escort-technology.com\\\/?page_id=6044&amp;preview=true\\\"><strong><span style=\\\"color: #000000;\\\">Z\\u0142\\u0105cza specjalne SubConn<\\\/span><\\\/strong><\\\/a><\\\/p>\",\"margin\":\"default\"}}]},{\"type\":\"column\",\"props\":{\"image_position\":\"center-center\",\"position_sticky_breakpoint\":\"m\",\"width_medium\":\"1-3\"},\"children\":[{\"type\":\"image\",\"props\":{\"image\":\"wp-content\\\/uploads\\\/subconn_penetrator_pna-straight.jpg\",\"image_svg_color\":\"emphasis\",\"link\":\"https:\\\/\\\/escort-technology.com\\\/?page_id=6075&preview=true\",\"margin\":\"default\"}},{\"type\":\"text\",\"props\":{\"column_breakpoint\":\"m\",\"content\":\"\n\n<p><a href=\\\"https:\\\/\\\/escort-technology.com\\\/?page_id=6075&amp;preview=true\\\"><strong><span style=\\\"color: #000000;\\\">Z\\u0142\\u0105cza Subconn seria Penetrator<\\\/span><\\\/strong><\\\/a><\\\/p>\",\"margin\":\"default\"}}]},{\"type\":\"column\",\"props\":{\"image_position\":\"center-center\",\"position_sticky_breakpoint\":\"m\",\"width_medium\":\"1-3\"},\"children\":[{\"type\":\"image\",\"props\":{\"image\":\"wp-content\\\/uploads\\\/cable_background.jpg\",\"image_svg_color\":\"emphasis\",\"margin\":\"default\"}},{\"type\":\"text\",\"props\":{\"column_breakpoint\":\"m\",\"content\":\"\n\n<p><a href=\\\"https:\\\/\\\/escort-technology.com\\\/?page_id=6088&amp;preview=true\\\"><strong><span style=\\\"color: #000000;\\\">Kable SubConn<\\\/span><\\\/strong><\\\/a><\\\/p>\",\"margin\":\"default\"}}]}]},{\"type\":\"row\",\"props\":{\"layout\":\"1-3,1-3,1-3\"},\"children\":[{\"type\":\"column\",\"props\":{\"image_position\":\"center-center\",\"position_sticky_breakpoint\":\"m\",\"width_medium\":\"1-3\"},\"children\":[{\"type\":\"image\",\"props\":{\"image\":\"wp-content\\\/uploads\\\/coloured-locking-sleeves.jpg\",\"image_svg_color\":\"emphasis\",\"margin\":\"default\"}},{\"type\":\"text\",\"props\":{\"column_breakpoint\":\"m\",\"content\":\"\n\n<p><a href=\\\"https:\\\/\\\/escort-technology.com\\\/dodatkowe-akcesoria-subconn\\\/\\\"><strong><span style=\\\"color: #000000;\\\">Dodatkowe akcesoria SubConn<\\\/span><\\\/strong><\\\/a><\\\/p>\",\"margin\":\"default\"}}]},{\"type\":\"column\",\"props\":{\"image_position\":\"center-center\",\"position_sticky_breakpoint\":\"m\",\"width_medium\":\"1-3\"}},{\"type\":\"column\",\"props\":{\"image_position\":\"center-center\",\"position_sticky_breakpoint\":\"m\",\"width_medium\":\"1-3\"}}]}]}],\"version\":\"4.0.13\"} --><\/p>\n","protected":false},"excerpt":{"rendered":"<p>Z\u0142\u0105cza podwodne Subconn SubConn Inc. i MacArtney Underwater Technology Group od prawie 40 lat dostarczaj\u0105 wiod\u0105c\u0105 na \u015bwiecie gam\u0119 podwodnych z\u0142\u0105czy elektrycznych do wymagaj\u0105cego przemys\u0142u podwodnego. Linia SubConn zosta\u0142a opracowana przez lata, aby zaspokoi\u0107 potrzeby naszych klient\u00f3w, od zastosowa\u0144 na p\u0142ytkich wodach po g\u0142\u0119bokie oceany. Nasza seria z\u0142\u0105czy SubConn jest nieustannie testowana i weryfikowana w [&hellip;]<\/p>\n","protected":false},"author":10,"featured_media":0,"parent":0,"menu_order":0,"comment_status":"closed","ping_status":"closed","template":"","meta":{"footnotes":""},"class_list":["post-5875","page","type-page","status-publish","hentry"],"yoast_head":"<!-- This site is optimized with the Yoast SEO plugin v27.5 - https:\/\/yoast.com\/product\/yoast-seo-wordpress\/ -->\n<title>Z\u0142\u0105cza podwodne Subconn - ESCORT TECHNOLOGY<\/title>\n<meta name=\"robots\" content=\"index, follow, max-snippet:-1, max-image-preview:large, max-video-preview:-1\" \/>\n<link rel=\"canonical\" href=\"https:\/\/escort-technology.com\/en\/zlacza-podwodne-subconn-2\/\" \/>\n<meta property=\"og:locale\" content=\"en_US\" \/>\n<meta property=\"og:type\" content=\"article\" \/>\n<meta property=\"og:title\" content=\"Z\u0142\u0105cza podwodne Subconn - ESCORT TECHNOLOGY\" \/>\n<meta property=\"og:description\" content=\"Z\u0142\u0105cza podwodne Subconn SubConn Inc. i MacArtney Underwater Technology Group od prawie 40 lat dostarczaj\u0105 wiod\u0105c\u0105 na \u015bwiecie gam\u0119 podwodnych z\u0142\u0105czy elektrycznych do wymagaj\u0105cego przemys\u0142u podwodnego. Linia SubConn zosta\u0142a opracowana przez lata, aby zaspokoi\u0107 potrzeby naszych klient\u00f3w, od zastosowa\u0144 na p\u0142ytkich wodach po g\u0142\u0119bokie oceany. Nasza seria z\u0142\u0105czy SubConn jest nieustannie testowana i weryfikowana w [&hellip;]\" \/>\n<meta property=\"og:url\" content=\"https:\/\/escort-technology.com\/en\/zlacza-podwodne-subconn-2\/\" \/>\n<meta property=\"og:site_name\" content=\"ESCORT TECHNOLOGY\" \/>\n<meta property=\"article:publisher\" content=\"https:\/\/www.facebook.com\/elektronika.morska\/\" \/>\n<meta property=\"article:modified_time\" content=\"2024-04-25T08:19:59+00:00\" \/>\n<meta property=\"og:image\" content=\"http:\/\/wp-content\/uploads\/subconn_circular_25pin_edit.jpg\" \/>\n<meta name=\"twitter:card\" content=\"summary_large_image\" \/>\n<meta name=\"twitter:label1\" content=\"Est. reading time\" \/>\n\t<meta name=\"twitter:data1\" content=\"1 minute\" \/>\n<script type=\"application\/ld+json\" class=\"yoast-schema-graph\">{\"@context\":\"https:\\\/\\\/schema.org\",\"@graph\":[{\"@type\":\"WebPage\",\"@id\":\"https:\\\/\\\/escort-technology.com\\\/pl\\\/zlacza-podwodne-subconn-2\\\/\",\"url\":\"https:\\\/\\\/escort-technology.com\\\/pl\\\/zlacza-podwodne-subconn-2\\\/\",\"name\":\"Z\u0142\u0105cza podwodne Subconn - ESCORT TECHNOLOGY\",\"isPartOf\":{\"@id\":\"http:\\\/\\\/escort-technology.com\\\/de\\\/#website\"},\"datePublished\":\"2020-05-27T11:44:30+00:00\",\"dateModified\":\"2024-04-25T08:19:59+00:00\",\"breadcrumb\":{\"@id\":\"https:\\\/\\\/escort-technology.com\\\/pl\\\/zlacza-podwodne-subconn-2\\\/#breadcrumb\"},\"inLanguage\":\"en-US\",\"potentialAction\":[{\"@type\":\"ReadAction\",\"target\":[\"https:\\\/\\\/escort-technology.com\\\/pl\\\/zlacza-podwodne-subconn-2\\\/\"]}]},{\"@type\":\"BreadcrumbList\",\"@id\":\"https:\\\/\\\/escort-technology.com\\\/pl\\\/zlacza-podwodne-subconn-2\\\/#breadcrumb\",\"itemListElement\":[{\"@type\":\"ListItem\",\"position\":1,\"name\":\"Strona g\u0142\u00f3wna\",\"item\":\"https:\\\/\\\/escort-technology.com\\\/\"},{\"@type\":\"ListItem\",\"position\":2,\"name\":\"Z\u0142\u0105cza podwodne Subconn\"}]},{\"@type\":\"WebSite\",\"@id\":\"http:\\\/\\\/escort-technology.com\\\/de\\\/#website\",\"url\":\"http:\\\/\\\/escort-technology.com\\\/de\\\/\",\"name\":\"ESCORT TECHNOLOGY\",\"description\":\"Elektronika morska i l\u0105dowa\",\"publisher\":{\"@id\":\"http:\\\/\\\/escort-technology.com\\\/de\\\/#organization\"},\"potentialAction\":[{\"@type\":\"SearchAction\",\"target\":{\"@type\":\"EntryPoint\",\"urlTemplate\":\"http:\\\/\\\/escort-technology.com\\\/de\\\/?s={search_term_string}\"},\"query-input\":{\"@type\":\"PropertyValueSpecification\",\"valueRequired\":true,\"valueName\":\"search_term_string\"}}],\"inLanguage\":\"en-US\"},{\"@type\":\"Organization\",\"@id\":\"http:\\\/\\\/escort-technology.com\\\/de\\\/#organization\",\"name\":\"ESCORT TECHNOLOGY\",\"url\":\"http:\\\/\\\/escort-technology.com\\\/de\\\/\",\"logo\":{\"@type\":\"ImageObject\",\"inLanguage\":\"en-US\",\"@id\":\"http:\\\/\\\/escort-technology.com\\\/de\\\/#\\\/schema\\\/logo\\\/image\\\/\",\"url\":\"https:\\\/\\\/escort-technology.com\\\/wp-content\\\/uploads\\\/logo-1.jpg\",\"contentUrl\":\"https:\\\/\\\/escort-technology.com\\\/wp-content\\\/uploads\\\/logo-1.jpg\",\"width\":600,\"height\":165,\"caption\":\"ESCORT TECHNOLOGY\"},\"image\":{\"@id\":\"http:\\\/\\\/escort-technology.com\\\/de\\\/#\\\/schema\\\/logo\\\/image\\\/\"},\"sameAs\":[\"https:\\\/\\\/www.facebook.com\\\/elektronika.morska\\\/\",\"https:\\\/\\\/www.linkedin.com\\\/company\\\/escort-sp-z-o-o-\\\/\"]}]}<\/script>\n<!-- \/ Yoast SEO plugin. -->","yoast_head_json":{"title":"Z\u0142\u0105cza podwodne Subconn - ESCORT TECHNOLOGY","robots":{"index":"index","follow":"follow","max-snippet":"max-snippet:-1","max-image-preview":"max-image-preview:large","max-video-preview":"max-video-preview:-1"},"canonical":"https:\/\/escort-technology.com\/en\/zlacza-podwodne-subconn-2\/","og_locale":"en_US","og_type":"article","og_title":"Z\u0142\u0105cza podwodne Subconn - ESCORT TECHNOLOGY","og_description":"Z\u0142\u0105cza podwodne Subconn SubConn Inc. i MacArtney Underwater Technology Group od prawie 40 lat dostarczaj\u0105 wiod\u0105c\u0105 na \u015bwiecie gam\u0119 podwodnych z\u0142\u0105czy elektrycznych do wymagaj\u0105cego przemys\u0142u podwodnego. Linia SubConn zosta\u0142a opracowana przez lata, aby zaspokoi\u0107 potrzeby naszych klient\u00f3w, od zastosowa\u0144 na p\u0142ytkich wodach po g\u0142\u0119bokie oceany. Nasza seria z\u0142\u0105czy SubConn jest nieustannie testowana i weryfikowana w [&hellip;]","og_url":"https:\/\/escort-technology.com\/en\/zlacza-podwodne-subconn-2\/","og_site_name":"ESCORT TECHNOLOGY","article_publisher":"https:\/\/www.facebook.com\/elektronika.morska\/","article_modified_time":"2024-04-25T08:19:59+00:00","og_image":[{"url":"wp-content\/uploads\/subconn_circular_25pin_edit.jpg","type":"","width":"","height":""}],"twitter_card":"summary_large_image","twitter_misc":{"Est. reading time":"1 minute"},"schema":{"@context":"https:\/\/schema.org","@graph":[{"@type":"WebPage","@id":"https:\/\/escort-technology.com\/pl\/zlacza-podwodne-subconn-2\/","url":"https:\/\/escort-technology.com\/pl\/zlacza-podwodne-subconn-2\/","name":"Z\u0142\u0105cza podwodne Subconn - ESCORT TECHNOLOGY","isPartOf":{"@id":"http:\/\/escort-technology.com\/de\/#website"},"datePublished":"2020-05-27T11:44:30+00:00","dateModified":"2024-04-25T08:19:59+00:00","breadcrumb":{"@id":"https:\/\/escort-technology.com\/pl\/zlacza-podwodne-subconn-2\/#breadcrumb"},"inLanguage":"en-US","potentialAction":[{"@type":"ReadAction","target":["https:\/\/escort-technology.com\/pl\/zlacza-podwodne-subconn-2\/"]}]},{"@type":"BreadcrumbList","@id":"https:\/\/escort-technology.com\/pl\/zlacza-podwodne-subconn-2\/#breadcrumb","itemListElement":[{"@type":"ListItem","position":1,"name":"Strona g\u0142\u00f3wna","item":"https:\/\/escort-technology.com\/"},{"@type":"ListItem","position":2,"name":"Z\u0142\u0105cza podwodne Subconn"}]},{"@type":"WebSite","@id":"http:\/\/escort-technology.com\/de\/#website","url":"http:\/\/escort-technology.com\/de\/","name":"ESCORT TECHNOLOGY","description":"Onshore and offshore electronics","publisher":{"@id":"http:\/\/escort-technology.com\/de\/#organization"},"potentialAction":[{"@type":"SearchAction","target":{"@type":"EntryPoint","urlTemplate":"http:\/\/escort-technology.com\/de\/?s={search_term_string}"},"query-input":{"@type":"PropertyValueSpecification","valueRequired":true,"valueName":"search_term_string"}}],"inLanguage":"en-US"},{"@type":"Organization","@id":"http:\/\/escort-technology.com\/de\/#organization","name":"ESCORT TECHNOLOGY","url":"http:\/\/escort-technology.com\/de\/","logo":{"@type":"ImageObject","inLanguage":"en-US","@id":"http:\/\/escort-technology.com\/de\/#\/schema\/logo\/image\/","url":"https:\/\/escort-technology.com\/wp-content\/uploads\/logo-1.jpg","contentUrl":"https:\/\/escort-technology.com\/wp-content\/uploads\/logo-1.jpg","width":600,"height":165,"caption":"ESCORT TECHNOLOGY"},"image":{"@id":"http:\/\/escort-technology.com\/de\/#\/schema\/logo\/image\/"},"sameAs":["https:\/\/www.facebook.com\/elektronika.morska\/","https:\/\/www.linkedin.com\/company\/escort-sp-z-o-o-\/"]}]}},"_links":{"self":[{"href":"https:\/\/escort-technology.com\/en\/wp-json\/wp\/v2\/pages\/5875","targetHints":{"allow":["GET"]}}],"collection":[{"href":"https:\/\/escort-technology.com\/en\/wp-json\/wp\/v2\/pages"}],"about":[{"href":"https:\/\/escort-technology.com\/en\/wp-json\/wp\/v2\/types\/page"}],"author":[{"embeddable":true,"href":"https:\/\/escort-technology.com\/en\/wp-json\/wp\/v2\/users\/10"}],"replies":[{"embeddable":true,"href":"https:\/\/escort-technology.com\/en\/wp-json\/wp\/v2\/comments?post=5875"}],"version-history":[{"count":31,"href":"https:\/\/escort-technology.com\/en\/wp-json\/wp\/v2\/pages\/5875\/revisions"}],"predecessor-version":[{"id":13779,"href":"https:\/\/escort-technology.com\/en\/wp-json\/wp\/v2\/pages\/5875\/revisions\/13779"}],"wp:attachment":[{"href":"https:\/\/escort-technology.com\/en\/wp-json\/wp\/v2\/media?parent=5875"}],"curies":[{"name":"wp","href":"https:\/\/api.w.org\/{rel}","templated":true}]}}