{"id":5975,"date":"2020-05-28T10:01:42","date_gmt":"2020-05-28T08:01:42","guid":{"rendered":"https:\/\/escort-technology.com\/?page_id=5975"},"modified":"2020-05-28T10:01:42","modified_gmt":"2020-05-28T08:01:42","slug":"zlacza-subconn-seria-metal-shell","status":"publish","type":"page","link":"https:\/\/escort-technology.com\/en\/zlacza-subconn-seria-metal-shell\/","title":{"rendered":"Z\u0142\u0105cza SubConn seria Metal Shell"},"content":{"rendered":"<h1><strong>Z\u0142\u0105cza Subconn seria Metal Shell<\/strong><\/h1>\n<hr>\n<ul>\n<li>\n<p>        <img decoding=\"async\" src=\"wp-content\/uploads\/subconn_metal_shell_bcr20004f-1.jpg\" alt=\"\"><\/p>\n<\/li>\n<li>\n<p>        <img decoding=\"async\" src=\"wp-content\/uploads\/subconn_metal_shell_fcr1505m.jpg\" alt=\"\"><\/p>\n<\/li>\n<li>\n<p>        <img decoding=\"async\" src=\"wp-content\/uploads\/subconn_metal_shell_fcr2408m.jpg\" alt=\"\"><\/p>\n<\/li>\n<\/ul>\n<div>\n<p>Seria SubConn\u00ae Metal Shell stanowi alternatyw\u0119 dla z\u0142\u0105czy bulkhead z serii Circular, gdzie wymagane jest jeszcze bardziej wytrzyma\u0142e, spr\u0119\u017cyste i chronione rozwi\u0105zanie w zakresie po\u0142\u0105cze\u0144 podwodnych.<\/p>\n<p>Z\u0142\u0105cza serii SubConn\u00ae Metal Shell produkowane s\u0105 ze stali nierdzewnej i dost\u0119pne s\u0105 w trzech r\u00f3\u017cnych rozmiarach obudowy zgodnych z normami bran\u017cowymi. Z\u0142\u0105cza do monta\u017cu ko\u0142nierzowego oraz z\u0142\u0105cza grodziowe (m\u0119skie i \u017ce\u0144skie) s\u0105 dost\u0119pne jako wyposa\u017cenie standardowe, a konfiguracja z\u0142\u0105czy obejmuje od 2 do 12 spin\u00f3w o napi\u0119ciu znamionowym od 300 do 600 V do 5 do 10 A. Z\u0142\u0105cza SubConn\u00ae Metal Shell s\u0105 produkowane w celu po\u0142\u0105czenia ze standardowymi z\u0142\u0105czami inline i dummy.<\/p>\n<p>Z\u0142\u0105cza te posiadaj\u0105 zintegrowany gwint pier\u015bcienia blokuj\u0105cego na korpusie i s\u0105 wyposa\u017cone w specjaln\u0105 tulej\u0119 blokuj\u0105c\u0105 z polioksymetylenu (POM) lub stali nierdzewnej. Z\u0142\u0105cza SubConn\u00ae Metal Shell dostarczane s\u0105 z ponumerowanymi przewodami teflonowymi (PTFE) i charakteryzuj\u0105 si\u0119 du\u017c\u0105 g\u0142\u0119boko\u015bci\u0105 znamionow\u0105.<\/p>\n<p><strong>Zastosowania obejmuj\u0105<\/strong><\/p>\n<p>Dopasowanie do siebie wytrzyma\u0142ych z\u0142\u0105czy ko\u0142nierzowych z kablami i z\u0142\u0105czami wi\u0105zek liniowych<br \/>Systemy i wyposa\u017cenie obronne<br \/>Systemy zdalnie sterowanych pojazd\u00f3w (ROV)<br \/>Systemy, wyposa\u017cenie i rozwi\u0105zania w zakresie oceanografii<br \/>Podwodne kamery, systemy wideo i o\u015bwietlenia<br \/>Kable podwodne i systemy sejsmiczne<br \/>Zestawy slip ring<\/p>\n<p><strong>Opcje obejmuj\u0105<\/strong><\/p>\n<p>Materia\u0142\u00a0 z\u0142\u0105cza okre\u015blony przez klienta<br \/>Dostosowane do potrzeb klienta kabli<br \/>Okre\u015blone przez klienta kable, przewody drutowe i d\u0142ugo\u015bci gwintu grodziowego<br \/>Zako\u0144czenia napr\u0119\u017ce\u0144 elektromechanicznych<br \/>Certyfikowane pr\u00f3by ci\u015bnieniowe na okre\u015blonych g\u0142\u0119boko\u015bciach oceanicznych<\/p>\n<\/div>\n<p><img decoding=\"async\" src=\"wp-content\/uploads\/metal_shell_1500_2-3-4-5-6and8andg2-2-3and4_contacts-list.jpg\" alt=\"\"><\/p>\n<div>\n<p><strong>Z\u0142\u0105cza SubConn seria Metal Shell 1500 &#8211; 2, 3, 4, 5, 6 i 8pin oraz G2 2, 3\u00a0 4 pin<\/strong><\/p>\n<\/div>\n<p><img decoding=\"async\" src=\"wp-content\/uploads\/metal_shell_2000_2-3-4and-micro10and12_contacts-list.jpg\" alt=\"\"><\/p>\n<div>\n<p><strong>Z\u0142\u0105cza SubConn seria Metal Shell 2000 &#8211; 2, 3, 4 pin oraz Micro 10 i 12 pin<br \/><\/strong><\/p>\n<\/div>\n<p><img decoding=\"async\" src=\"wp-content\/uploads\/metal_shell_2400_6-8and10_contacts-list.jpg\" alt=\"\"><\/p>\n<div>\n<p><strong>Z\u0142\u0105cza SubConn seria Metal Shell 2400 &#8211; 6 ,8 i 10 pin <br \/><\/strong><\/p>\n<\/div>\n<p><!-- {\"type\":\"layout\",\"children\":[{\"type\":\"section\",\"props\":{\"style\":\"default\",\"width\":\"default\",\"vertical_align\":\"middle\",\"title_position\":\"top-left\",\"title_rotation\":\"left\",\"title_breakpoint\":\"xl\",\"image_position\":\"center-center\",\"text_color\":\"\",\"width_expand\":\"\",\"height\":\"\",\"padding\":\"\",\"header_transparent\":\"\",\"animation\":\"\",\"image_effect\":\"\"},\"children\":[{\"type\":\"row\",\"props\":{\"layout\":\"1-1\",\"breakpoint\":\"m\",\"fixed_width\":\"large\",\"gutter\":\"\",\"width\":\"\",\"width_expand\":\"\",\"height\":\"\",\"margin\":\"\"},\"children\":[{\"type\":\"column\",\"props\":{\"widths\":[\"1-1\"],\"image_position\":\"center-center\",\"media_overlay_gradient\":\"\",\"vertical_align\":\"\",\"style\":\"\",\"text_color\":\"\",\"padding\":\"\"},\"children\":[{\"type\":\"headline\",\"props\":{\"title_element\":\"h1\",\"title_style\":\"\",\"title_decoration\":\"\",\"title_color\":\"\",\"text_align\":\"\",\"text_align_breakpoint\":\"\",\"text_align_fallback\":\"\",\"maxwidth\":\"\",\"maxwidth_align\":\"\",\"maxwidth_breakpoint\":\"\",\"margin\":\"\",\"animation\":\"\",\"visibility\":\"\",\"content\":\"<strong>Z\\u0142\\u0105cza Subconn seria Metal Shell<\\\/strong>\"}},{\"type\":\"divider\",\"props\":{\"divider_element\":\"hr\",\"divider_style\":\"\",\"divider_align\":\"\",\"divider_align_breakpoint\":\"\",\"divider_align_fallback\":\"\",\"maxwidth\":\"\",\"maxwidth_align\":\"\",\"maxwidth_breakpoint\":\"\",\"margin\":\"\",\"animation\":\"\",\"visibility\":\"\"}}]}]},{\"type\":\"row\",\"props\":{\"layout\":\"1-1\",\"breakpoint\":\"m\",\"fixed_width\":\"large\",\"gutter\":\"\",\"width\":\"\",\"width_expand\":\"\",\"height\":\"\",\"margin\":\"\"},\"children\":[{\"type\":\"column\",\"props\":{\"widths\":[\"1-1\"],\"image_position\":\"center-center\",\"media_overlay_gradient\":\"\",\"vertical_align\":\"\",\"style\":\"\",\"text_color\":\"\",\"padding\":\"\"},\"children\":[{\"type\":\"slideshow\",\"props\":{\"show_title\":true,\"show_meta\":true,\"show_content\":true,\"show_link\":true,\"show_thumbnail\":true,\"slideshow_min_height\":\"200\",\"slideshow_autoplay_pause\":true,\"nav\":\"dotnav\",\"nav_position\":\"bottom-center\",\"nav_position_margin\":\"medium\",\"nav_align\":\"center\",\"nav_breakpoint\":\"s\",\"thumbnav_width\":\"100\",\"thumbnav_height\":\"75\",\"slidenav\":\"default\",\"slidenav_margin\":\"medium\",\"slidenav_breakpoint\":\"s\",\"slidenav_outside_breakpoint\":\"xl\",\"overlay_position\":\"center-left\",\"overlay_animation\":\"parallax\",\"title_element\":\"h3\",\"meta_style\":\"meta\",\"meta_align\":\"bottom\",\"link_text\":\"Read more\",\"link_style\":\"default\",\"margin\":\"default\",\"slideshow_height\":\"\",\"text_color\":\"\",\"slideshow_box_shadow\":\"\",\"slideshow_box_decoration\":\"\",\"slideshow_animation\":\"\",\"slideshow_kenburns\":\"\",\"nav_margin\":\"\",\"nav_color\":\"\",\"slidenav_outside_color\":\"\",\"overlay_container\":\"\",\"overlay_container_padding\":\"\",\"overlay_margin\":\"\",\"overlay_style\":\"\",\"overlay_padding\":\"\",\"overlay_width\":\"\",\"title_style\":\"\",\"title_decoration\":\"\",\"title_color\":\"\",\"meta_color\":\"\",\"meta_margin\":\"\",\"content_style\":\"\",\"link_size\":\"\",\"text_align\":\"\",\"text_align_breakpoint\":\"\",\"text_align_fallback\":\"\",\"maxwidth\":\"\",\"maxwidth_align\":\"\",\"maxwidth_breakpoint\":\"\",\"animation\":\"\",\"visibility\":\"\",\"slideshow_max_height\":\"500\"},\"children\":[{\"type\":\"slideshow_item\",\"props\":{\"text_color\":\"\",\"image\":\"wp-content\\\/uploads\\\/subconn_metal_shell_bcr20004f-1.jpg\"}},{\"type\":\"slideshow_item\",\"props\":{\"text_color\":\"\",\"image\":\"wp-content\\\/uploads\\\/subconn_metal_shell_fcr1505m.jpg\"}},{\"type\":\"slideshow_item\",\"props\":{\"text_color\":\"\",\"image\":\"wp-content\\\/uploads\\\/subconn_metal_shell_fcr2408m.jpg\"}}]},{\"type\":\"text\",\"props\":{\"margin\":\"default\",\"column_breakpoint\":\"m\",\"text_style\":\"\",\"text_color\":\"\",\"text_size\":\"\",\"column\":\"\",\"text_align\":\"\",\"text_align_breakpoint\":\"\",\"text_align_fallback\":\"\",\"maxwidth\":\"\",\"maxwidth_align\":\"\",\"maxwidth_breakpoint\":\"\",\"animation\":\"\",\"visibility\":\"\",\"content\":\"\n\n<p>Seria SubConn\\u00ae Metal Shell stanowi alternatyw\\u0119 dla z\\u0142\\u0105czy bulkhead z serii Circular, gdzie wymagane jest jeszcze bardziej wytrzyma\\u0142e, spr\\u0119\\u017cyste i chronione rozwi\\u0105zanie w zakresie po\\u0142\\u0105cze\\u0144 podwodnych.<\\\/p>\\n\n\n<p>Z\\u0142\\u0105cza serii SubConn\\u00ae Metal Shell produkowane s\\u0105 ze stali nierdzewnej i dost\\u0119pne s\\u0105 w trzech r\\u00f3\\u017cnych rozmiarach obudowy zgodnych z normami bran\\u017cowymi. Z\\u0142\\u0105cza do monta\\u017cu ko\\u0142nierzowego oraz z\\u0142\\u0105cza grodziowe (m\\u0119skie i \\u017ce\\u0144skie) s\\u0105 dost\\u0119pne jako wyposa\\u017cenie standardowe, a konfiguracja z\\u0142\\u0105czy obejmuje od 2 do 12 spin\\u00f3w o napi\\u0119ciu znamionowym od 300 do 600 V do 5 do 10 A. Z\\u0142\\u0105cza SubConn\\u00ae Metal Shell s\\u0105 produkowane w celu po\\u0142\\u0105czenia ze standardowymi z\\u0142\\u0105czami inline i dummy.<\\\/p>\\n\n\n<p>Z\\u0142\\u0105cza te posiadaj\\u0105 zintegrowany gwint pier\\u015bcienia blokuj\\u0105cego na korpusie i s\\u0105 wyposa\\u017cone w specjaln\\u0105 tulej\\u0119 blokuj\\u0105c\\u0105 z polioksymetylenu (POM) lub stali nierdzewnej. Z\\u0142\\u0105cza SubConn\\u00ae Metal Shell dostarczane s\\u0105 z ponumerowanymi przewodami teflonowymi (PTFE) i charakteryzuj\\u0105 si\\u0119 du\\u017c\\u0105 g\\u0142\\u0119boko\\u015bci\\u0105 znamionow\\u0105.<\\\/p>\\n\n\n<p><strong>Zastosowania obejmuj\\u0105<\\\/strong><\\\/p>\\n\n\n<p>Dopasowanie do siebie wytrzyma\\u0142ych z\\u0142\\u0105czy ko\\u0142nierzowych z kablami i z\\u0142\\u0105czami wi\\u0105zek liniowych<br \\\/>Systemy i wyposa\\u017cenie obronne<br \\\/>Systemy zdalnie sterowanych pojazd\\u00f3w (ROV)<br \\\/>Systemy, wyposa\\u017cenie i rozwi\\u0105zania w zakresie oceanografii<br \\\/>Podwodne kamery, systemy wideo i o\\u015bwietlenia<br \\\/>Kable podwodne i systemy sejsmiczne<br \\\/>Zestawy slip ring<\\\/p>\\n\n\n<p><strong>Opcje obejmuj\\u0105<\\\/strong><\\\/p>\\n\n\n<p>Materia\\u0142\\u00a0 z\\u0142\\u0105cza okre\\u015blony przez klienta<br \\\/>Dostosowane do potrzeb klienta kabli<br \\\/>Okre\\u015blone przez klienta kable, przewody drutowe i d\\u0142ugo\\u015bci gwintu grodziowego<br \\\/>Zako\\u0144czenia napr\\u0119\\u017ce\\u0144 elektromechanicznych<br \\\/>Certyfikowane pr\\u00f3by ci\\u015bnieniowe na okre\\u015blonych g\\u0142\\u0119boko\\u015bciach oceanicznych<\\\/p>\"}}]}]}]},{\"type\":\"section\",\"props\":{\"style\":\"default\",\"width\":\"default\",\"vertical_align\":\"middle\",\"title_position\":\"top-left\",\"title_rotation\":\"left\",\"title_breakpoint\":\"xl\",\"image_position\":\"center-center\",\"text_color\":\"\",\"width_expand\":\"\",\"height\":\"\",\"padding\":\"\",\"header_transparent\":\"\",\"animation\":\"\"},\"children\":[{\"type\":\"row\",\"props\":{\"layout\":\",,\",\"breakpoint\":\"m\",\"fixed_width\":\"large\",\"gutter\":\"\",\"width\":\"\",\"width_expand\":\"\",\"height\":\"\",\"margin\":\"\"},\"children\":[{\"type\":\"column\",\"props\":{\"widths\":[\"\"],\"image_position\":\"center-center\",\"media_overlay_gradient\":\"\",\"vertical_align\":\"\",\"style\":\"\",\"text_color\":\"\",\"padding\":\"\"},\"children\":[{\"type\":\"image\",\"props\":{\"margin\":\"default\",\"link_target\":\"\",\"image_border\":\"\",\"image_box_shadow\":\"\",\"image_hover_box_shadow\":\"\",\"image_box_decoration\":\"\",\"text_align\":\"\",\"text_align_breakpoint\":\"\",\"text_align_fallback\":\"\",\"maxwidth\":\"\",\"maxwidth_align\":\"\",\"maxwidth_breakpoint\":\"\",\"animation\":\"\",\"visibility\":\"\",\"image\":\"wp-content\\\/uploads\\\/metal_shell_1500_2-3-4-5-6and8andg2-2-3and4_contacts-list.jpg\"}},{\"type\":\"text\",\"props\":{\"margin\":\"default\",\"column_breakpoint\":\"m\",\"text_style\":\"\",\"text_color\":\"\",\"text_size\":\"\",\"column\":\"\",\"text_align\":\"\",\"text_align_breakpoint\":\"\",\"text_align_fallback\":\"\",\"maxwidth\":\"\",\"maxwidth_align\":\"\",\"maxwidth_breakpoint\":\"\",\"animation\":\"\",\"visibility\":\"\",\"content\":\"\n\n<p><strong>Z\\u0142\\u0105cza SubConn seria Metal Shell 1500 - 2, 3, 4, 5, 6 i 8pin oraz G2 2, 3\\u00a0 4 pin<\\\/strong><\\\/p>\"}}]},{\"type\":\"column\",\"props\":{\"widths\":[\"\"],\"image_position\":\"center-center\",\"media_overlay_gradient\":\"\",\"vertical_align\":\"\",\"style\":\"\",\"text_color\":\"\",\"padding\":\"\"},\"children\":[{\"type\":\"image\",\"props\":{\"margin\":\"default\",\"link_target\":\"\",\"image_border\":\"\",\"image_box_shadow\":\"\",\"image_hover_box_shadow\":\"\",\"image_box_decoration\":\"\",\"text_align\":\"\",\"text_align_breakpoint\":\"\",\"text_align_fallback\":\"\",\"maxwidth\":\"\",\"maxwidth_align\":\"\",\"maxwidth_breakpoint\":\"\",\"animation\":\"\",\"visibility\":\"\",\"image\":\"wp-content\\\/uploads\\\/metal_shell_2000_2-3-4and-micro10and12_contacts-list.jpg\"}},{\"type\":\"text\",\"props\":{\"margin\":\"default\",\"column_breakpoint\":\"m\",\"text_style\":\"\",\"text_color\":\"\",\"text_size\":\"\",\"column\":\"\",\"text_align\":\"\",\"text_align_breakpoint\":\"\",\"text_align_fallback\":\"\",\"maxwidth\":\"\",\"maxwidth_align\":\"\",\"maxwidth_breakpoint\":\"\",\"animation\":\"\",\"visibility\":\"\",\"content\":\"\n\n<p><strong>Z\\u0142\\u0105cza SubConn seria Metal Shell 2000 - 2, 3, 4 pin oraz Micro 10 i 12 pin<br \\\/><\\\/strong><\\\/p>\"}}]},{\"type\":\"column\",\"props\":{\"widths\":[\"\"],\"image_position\":\"center-center\",\"media_overlay_gradient\":\"\",\"vertical_align\":\"\",\"style\":\"\",\"text_color\":\"\",\"padding\":\"\"},\"children\":[{\"type\":\"image\",\"props\":{\"margin\":\"default\",\"link_target\":\"\",\"image_border\":\"\",\"image_box_shadow\":\"\",\"image_hover_box_shadow\":\"\",\"image_box_decoration\":\"\",\"text_align\":\"\",\"text_align_breakpoint\":\"\",\"text_align_fallback\":\"\",\"maxwidth\":\"\",\"maxwidth_align\":\"\",\"maxwidth_breakpoint\":\"\",\"animation\":\"\",\"visibility\":\"\",\"image\":\"wp-content\\\/uploads\\\/metal_shell_2400_6-8and10_contacts-list.jpg\"}},{\"type\":\"text\",\"props\":{\"margin\":\"default\",\"column_breakpoint\":\"m\",\"text_style\":\"\",\"text_color\":\"\",\"text_size\":\"\",\"column\":\"\",\"text_align\":\"\",\"text_align_breakpoint\":\"\",\"text_align_fallback\":\"\",\"maxwidth\":\"\",\"maxwidth_align\":\"\",\"maxwidth_breakpoint\":\"\",\"animation\":\"\",\"visibility\":\"\",\"content\":\"\n\n<p><strong>Z\\u0142\\u0105cza SubConn seria Metal Shell 2400 - 6 ,8 i 10 pin <br \\\/><\\\/strong><\\\/p>\"}}]}]}]}],\"props\":[],\"version\":\"1.18.0\"} --><\/p>\n","protected":false},"excerpt":{"rendered":"<p>Z\u0142\u0105cza Subconn seria Metal Shell Seria SubConn\u00ae Metal Shell stanowi alternatyw\u0119 dla z\u0142\u0105czy bulkhead z serii Circular, gdzie wymagane jest jeszcze bardziej wytrzyma\u0142e, spr\u0119\u017cyste i chronione rozwi\u0105zanie w zakresie po\u0142\u0105cze\u0144 podwodnych. Z\u0142\u0105cza serii SubConn\u00ae Metal Shell produkowane s\u0105 ze stali nierdzewnej i dost\u0119pne s\u0105 w trzech r\u00f3\u017cnych rozmiarach obudowy zgodnych z normami bran\u017cowymi. Z\u0142\u0105cza do [&hellip;]<\/p>\n","protected":false},"author":10,"featured_media":0,"parent":0,"menu_order":0,"comment_status":"closed","ping_status":"closed","template":"","meta":{"footnotes":""},"class_list":["post-5975","page","type-page","status-publish","hentry"],"yoast_head":"<!-- This site is optimized with the Yoast SEO plugin v27.5 - https:\/\/yoast.com\/product\/yoast-seo-wordpress\/ -->\n<title>Z\u0142\u0105cza SubConn seria Metal Shell - ESCORT TECHNOLOGY<\/title>\n<meta name=\"robots\" content=\"index, follow, max-snippet:-1, max-image-preview:large, max-video-preview:-1\" \/>\n<link rel=\"canonical\" href=\"http:\/\/escort-technology.com\/en\/zlacza-subconn-seria-metal-shell\/\" \/>\n<meta property=\"og:locale\" content=\"en_US\" \/>\n<meta property=\"og:type\" content=\"article\" \/>\n<meta property=\"og:title\" content=\"Z\u0142\u0105cza SubConn seria Metal Shell - ESCORT TECHNOLOGY\" \/>\n<meta property=\"og:description\" content=\"Z\u0142\u0105cza Subconn seria Metal Shell Seria SubConn\u00ae Metal Shell stanowi alternatyw\u0119 dla z\u0142\u0105czy bulkhead z serii Circular, gdzie wymagane jest jeszcze bardziej wytrzyma\u0142e, spr\u0119\u017cyste i chronione rozwi\u0105zanie w zakresie po\u0142\u0105cze\u0144 podwodnych. Z\u0142\u0105cza serii SubConn\u00ae Metal Shell produkowane s\u0105 ze stali nierdzewnej i dost\u0119pne s\u0105 w trzech r\u00f3\u017cnych rozmiarach obudowy zgodnych z normami bran\u017cowymi. Z\u0142\u0105cza do [&hellip;]\" \/>\n<meta property=\"og:url\" content=\"http:\/\/escort-technology.com\/en\/zlacza-subconn-seria-metal-shell\/\" \/>\n<meta property=\"og:site_name\" content=\"ESCORT TECHNOLOGY\" \/>\n<meta property=\"article:publisher\" content=\"https:\/\/www.facebook.com\/elektronika.morska\/\" \/>\n<meta property=\"og:image\" content=\"http:\/\/wp-content\/uploads\/subconn_metal_shell_bcr20004f-1.jpg\" \/>\n<meta name=\"twitter:card\" content=\"summary_large_image\" \/>\n<meta name=\"twitter:label1\" content=\"Est. reading time\" \/>\n\t<meta name=\"twitter:data1\" content=\"1 minute\" \/>\n<script type=\"application\/ld+json\" class=\"yoast-schema-graph\">{\"@context\":\"https:\\\/\\\/schema.org\",\"@graph\":[{\"@type\":\"WebPage\",\"@id\":\"http:\\\/\\\/escort-technology.com\\\/pl\\\/zlacza-subconn-seria-metal-shell\\\/\",\"url\":\"http:\\\/\\\/escort-technology.com\\\/pl\\\/zlacza-subconn-seria-metal-shell\\\/\",\"name\":\"Z\u0142\u0105cza SubConn seria Metal Shell - ESCORT TECHNOLOGY\",\"isPartOf\":{\"@id\":\"http:\\\/\\\/escort-technology.com\\\/de\\\/#website\"},\"datePublished\":\"2020-05-28T08:01:42+00:00\",\"breadcrumb\":{\"@id\":\"http:\\\/\\\/escort-technology.com\\\/pl\\\/zlacza-subconn-seria-metal-shell\\\/#breadcrumb\"},\"inLanguage\":\"en-US\",\"potentialAction\":[{\"@type\":\"ReadAction\",\"target\":[\"http:\\\/\\\/escort-technology.com\\\/pl\\\/zlacza-subconn-seria-metal-shell\\\/\"]}]},{\"@type\":\"BreadcrumbList\",\"@id\":\"http:\\\/\\\/escort-technology.com\\\/pl\\\/zlacza-subconn-seria-metal-shell\\\/#breadcrumb\",\"itemListElement\":[{\"@type\":\"ListItem\",\"position\":1,\"name\":\"Strona g\u0142\u00f3wna\",\"item\":\"https:\\\/\\\/escort-technology.com\\\/\"},{\"@type\":\"ListItem\",\"position\":2,\"name\":\"Z\u0142\u0105cza SubConn seria Metal Shell\"}]},{\"@type\":\"WebSite\",\"@id\":\"http:\\\/\\\/escort-technology.com\\\/de\\\/#website\",\"url\":\"http:\\\/\\\/escort-technology.com\\\/de\\\/\",\"name\":\"ESCORT TECHNOLOGY\",\"description\":\"Elektronika morska i l\u0105dowa\",\"publisher\":{\"@id\":\"http:\\\/\\\/escort-technology.com\\\/de\\\/#organization\"},\"potentialAction\":[{\"@type\":\"SearchAction\",\"target\":{\"@type\":\"EntryPoint\",\"urlTemplate\":\"http:\\\/\\\/escort-technology.com\\\/de\\\/?s={search_term_string}\"},\"query-input\":{\"@type\":\"PropertyValueSpecification\",\"valueRequired\":true,\"valueName\":\"search_term_string\"}}],\"inLanguage\":\"en-US\"},{\"@type\":\"Organization\",\"@id\":\"http:\\\/\\\/escort-technology.com\\\/de\\\/#organization\",\"name\":\"ESCORT TECHNOLOGY\",\"url\":\"http:\\\/\\\/escort-technology.com\\\/de\\\/\",\"logo\":{\"@type\":\"ImageObject\",\"inLanguage\":\"en-US\",\"@id\":\"http:\\\/\\\/escort-technology.com\\\/de\\\/#\\\/schema\\\/logo\\\/image\\\/\",\"url\":\"https:\\\/\\\/escort-technology.com\\\/wp-content\\\/uploads\\\/logo-1.jpg\",\"contentUrl\":\"https:\\\/\\\/escort-technology.com\\\/wp-content\\\/uploads\\\/logo-1.jpg\",\"width\":600,\"height\":165,\"caption\":\"ESCORT TECHNOLOGY\"},\"image\":{\"@id\":\"http:\\\/\\\/escort-technology.com\\\/de\\\/#\\\/schema\\\/logo\\\/image\\\/\"},\"sameAs\":[\"https:\\\/\\\/www.facebook.com\\\/elektronika.morska\\\/\",\"https:\\\/\\\/www.linkedin.com\\\/company\\\/escort-sp-z-o-o-\\\/\"]}]}<\/script>\n<!-- \/ Yoast SEO plugin. -->","yoast_head_json":{"title":"Z\u0142\u0105cza SubConn seria Metal Shell - ESCORT TECHNOLOGY","robots":{"index":"index","follow":"follow","max-snippet":"max-snippet:-1","max-image-preview":"max-image-preview:large","max-video-preview":"max-video-preview:-1"},"canonical":"http:\/\/escort-technology.com\/en\/zlacza-subconn-seria-metal-shell\/","og_locale":"en_US","og_type":"article","og_title":"Z\u0142\u0105cza SubConn seria Metal Shell - ESCORT TECHNOLOGY","og_description":"Z\u0142\u0105cza Subconn seria Metal Shell Seria SubConn\u00ae Metal Shell stanowi alternatyw\u0119 dla z\u0142\u0105czy bulkhead z serii Circular, gdzie wymagane jest jeszcze bardziej wytrzyma\u0142e, spr\u0119\u017cyste i chronione rozwi\u0105zanie w zakresie po\u0142\u0105cze\u0144 podwodnych. Z\u0142\u0105cza serii SubConn\u00ae Metal Shell produkowane s\u0105 ze stali nierdzewnej i dost\u0119pne s\u0105 w trzech r\u00f3\u017cnych rozmiarach obudowy zgodnych z normami bran\u017cowymi. Z\u0142\u0105cza do [&hellip;]","og_url":"http:\/\/escort-technology.com\/en\/zlacza-subconn-seria-metal-shell\/","og_site_name":"ESCORT TECHNOLOGY","article_publisher":"https:\/\/www.facebook.com\/elektronika.morska\/","og_image":[{"url":"wp-content\/uploads\/subconn_metal_shell_bcr20004f-1.jpg","type":"","width":"","height":""}],"twitter_card":"summary_large_image","twitter_misc":{"Est. reading time":"1 minute"},"schema":{"@context":"https:\/\/schema.org","@graph":[{"@type":"WebPage","@id":"http:\/\/escort-technology.com\/pl\/zlacza-subconn-seria-metal-shell\/","url":"http:\/\/escort-technology.com\/pl\/zlacza-subconn-seria-metal-shell\/","name":"Z\u0142\u0105cza SubConn seria Metal Shell - ESCORT TECHNOLOGY","isPartOf":{"@id":"http:\/\/escort-technology.com\/de\/#website"},"datePublished":"2020-05-28T08:01:42+00:00","breadcrumb":{"@id":"http:\/\/escort-technology.com\/pl\/zlacza-subconn-seria-metal-shell\/#breadcrumb"},"inLanguage":"en-US","potentialAction":[{"@type":"ReadAction","target":["http:\/\/escort-technology.com\/pl\/zlacza-subconn-seria-metal-shell\/"]}]},{"@type":"BreadcrumbList","@id":"http:\/\/escort-technology.com\/pl\/zlacza-subconn-seria-metal-shell\/#breadcrumb","itemListElement":[{"@type":"ListItem","position":1,"name":"Strona g\u0142\u00f3wna","item":"https:\/\/escort-technology.com\/"},{"@type":"ListItem","position":2,"name":"Z\u0142\u0105cza SubConn seria Metal Shell"}]},{"@type":"WebSite","@id":"http:\/\/escort-technology.com\/de\/#website","url":"http:\/\/escort-technology.com\/de\/","name":"ESCORT TECHNOLOGY","description":"Onshore and offshore electronics","publisher":{"@id":"http:\/\/escort-technology.com\/de\/#organization"},"potentialAction":[{"@type":"SearchAction","target":{"@type":"EntryPoint","urlTemplate":"http:\/\/escort-technology.com\/de\/?s={search_term_string}"},"query-input":{"@type":"PropertyValueSpecification","valueRequired":true,"valueName":"search_term_string"}}],"inLanguage":"en-US"},{"@type":"Organization","@id":"http:\/\/escort-technology.com\/de\/#organization","name":"ESCORT TECHNOLOGY","url":"http:\/\/escort-technology.com\/de\/","logo":{"@type":"ImageObject","inLanguage":"en-US","@id":"http:\/\/escort-technology.com\/de\/#\/schema\/logo\/image\/","url":"https:\/\/escort-technology.com\/wp-content\/uploads\/logo-1.jpg","contentUrl":"https:\/\/escort-technology.com\/wp-content\/uploads\/logo-1.jpg","width":600,"height":165,"caption":"ESCORT TECHNOLOGY"},"image":{"@id":"http:\/\/escort-technology.com\/de\/#\/schema\/logo\/image\/"},"sameAs":["https:\/\/www.facebook.com\/elektronika.morska\/","https:\/\/www.linkedin.com\/company\/escort-sp-z-o-o-\/"]}]}},"_links":{"self":[{"href":"https:\/\/escort-technology.com\/en\/wp-json\/wp\/v2\/pages\/5975","targetHints":{"allow":["GET"]}}],"collection":[{"href":"https:\/\/escort-technology.com\/en\/wp-json\/wp\/v2\/pages"}],"about":[{"href":"https:\/\/escort-technology.com\/en\/wp-json\/wp\/v2\/types\/page"}],"author":[{"embeddable":true,"href":"https:\/\/escort-technology.com\/en\/wp-json\/wp\/v2\/users\/10"}],"replies":[{"embeddable":true,"href":"https:\/\/escort-technology.com\/en\/wp-json\/wp\/v2\/comments?post=5975"}],"version-history":[{"count":6,"href":"https:\/\/escort-technology.com\/en\/wp-json\/wp\/v2\/pages\/5975\/revisions"}],"predecessor-version":[{"id":5988,"href":"https:\/\/escort-technology.com\/en\/wp-json\/wp\/v2\/pages\/5975\/revisions\/5988"}],"wp:attachment":[{"href":"https:\/\/escort-technology.com\/en\/wp-json\/wp\/v2\/media?parent=5975"}],"curies":[{"name":"wp","href":"https:\/\/api.w.org\/{rel}","templated":true}]}}