{"id":6027,"date":"2020-05-28T12:19:36","date_gmt":"2020-05-28T10:19:36","guid":{"rendered":"https:\/\/escort-technology.com\/?page_id=6027"},"modified":"2020-05-28T12:19:36","modified_gmt":"2020-05-28T10:19:36","slug":"zlacza-subconn-seria-coax","status":"publish","type":"page","link":"https:\/\/escort-technology.com\/en\/zlacza-subconn-seria-coax\/","title":{"rendered":"Z\u0142\u0105cza Subconn seria Coax"},"content":{"rendered":"<h1><strong>Z\u0142\u0105cza Subconn seria Coax<\/strong><\/h1>\n<hr>\n<ul>\n<li>\n<p>        <img decoding=\"async\" src=\"wp-content\/uploads\/coax_50-75_1.jpg\" alt=\"\"><\/p>\n<\/li>\n<li>\n<p>        <img decoding=\"async\" src=\"wp-content\/uploads\/coax_50-75_2.jpg\" alt=\"\"><\/p>\n<\/li>\n<li>\n<p>        <img decoding=\"async\" src=\"wp-content\/uploads\/coax_50-75_4-1.jpg\" alt=\"\"><\/p>\n<\/li>\n<\/ul>\n<div>\n<p>Seria SubConn\u00ae Coax jest stosowana przede wszystkim w celu u\u0142atwienia przesy\u0142ania sygna\u0142u wideo o wysokiej rozdzielczo\u015bci (HD) w systemach podwodnych i pomi\u0119dzy nimi oraz do \u0142\u0105czenia ze sob\u0105 urz\u0105dze\u0144 opartych na wideo HD, takich jak kamery i systemy telemetryczne. Z\u0142\u0105cza SubConn\u00ae Coax charakteryzuj\u0105 si\u0119 wysok\u0105 zakresem g\u0142\u0119boko\u015bci pracy i w pe\u0142ni wykorzystuj\u0105 solidn\u0105 jako\u015b\u0107 i podstawow\u0105 konstrukcj\u0119 SubConn\u00ae, kt\u00f3rej od dziesi\u0119cioleci ufaj\u0105 operatorzy z bran\u017cy morskiej.<\/p>\n<p>Seria z\u0142\u0105czy SubConn\u00ae Coax obejmuje dwa podstawowe modele z\u0142\u0105czy, w tym opcj\u0119 z\u0142\u0105cza tylko dla kabli koncentrycznych oraz opcj\u0119 z\u0142\u0105cza elektrycznego i koncentrycznego z sze\u015bcioma pinami elektrycznymi do obs\u0142ugi zasilania i sygna\u0142u na po\u0142\u0105czonym sprz\u0119cie. Ta ostatnia opcja pozwala u\u017cytkownikom na pe\u0142ne sterowanie i zasilanie urz\u0105dze\u0144 za pomoc\u0105 tylko jednego z\u0142\u0105cza, co pozwala na optymalizacj\u0119 projektowania system\u00f3w podwodnych. Oba typy z\u0142\u0105czy s\u0105 dost\u0119pne z impedancj\u0105 50 lub 75 om\u00f3w.<\/p>\n<p>Z\u0142\u0105cza SubConn\u00ae Coax s\u0105 tylko suche i nie mog\u0105 przyjmowa\u0107 otwartego ci\u015bnienia powierzchniowego.<\/p>\n<p>Z\u0142\u0105cza SubConn\u00ae Coax dostarczane s\u0105 z kolorowymi przewodami i cz\u0119sto dostarczane s\u0105 z za\u015blepkami i tulejami blokuj\u0105cymi z polioksymetylenu formowanego (POM) lub stali nierdzewnej (wymagane). Ponadto z\u0142\u0105czki SubConn\u00ae Coax s\u0105 dost\u0119pne ze specjalnie zaprojektowanymi kablami SubConn\u00ae coax- lub kombinowanymi kablami zasilaj\u0105cymi i koncentrycznymi wykonanymi z elastycznego i wodoodpornego poliuretanu (PUR).<\/p>\n<p><strong>Zastosowania obejmuj\u0105<\/strong><\/p>\n<p>Podwodne systemy wydobywcze ropy naftowej i gazu ziemnego, energii odnawialnej i systemy podwodne<br \/>Systemy i wyposa\u017cenie obronne<br \/>Systemy, wyposa\u017cenie i rozwi\u0105zania w zakresie oceanografii<br \/>Systemy zdalnie sterowanych pojazd\u00f3w (ROV) i zdalnie sterowanych pojazd\u00f3w holowanych (ROTV)<br \/>Podwodne kamery, systemy wideo i o\u015bwietlenia<br \/>Podwodne systemy telemetryczne<br \/>Aplikacje antenowe<br \/>Systemy i sprz\u0119t do nurkowania<\/p>\n<p><strong>Opcje obejmuj\u0105<\/strong><\/p>\n<p>Niestandardowe kable i bezpo\u015brednie zarabianie wybranych kabli poliuretanowych (PUR)<br \/>Okre\u015blone przez klienta kable, przewody drutowe i d\u0142ugo\u015bci gwintu grodziowego<br \/>Materia\u0142\u00a0 z\u0142\u0105cza okre\u015blony przez klienta<br \/>Certyfikowane pr\u00f3by ci\u015bnieniowe na okre\u015blonych g\u0142\u0119boko\u015bciach oceanicznych<\/p>\n<\/div>\n<p><img decoding=\"async\" src=\"wp-content\/uploads\/coax_and_coax-electric_50-ohm-list.jpg\" alt=\"\"><\/p>\n<div>\n<p><strong>Z\u0142\u0105cza Subconn seria Coax HF &#8211; 50 ohm<\/strong><\/p>\n<\/div>\n<p><img decoding=\"async\" src=\"wp-content\/uploads\/coax_and_coax-electric_75-ohm-list-1.jpg\" alt=\"\"><\/p>\n<div>\n<p><strong>Z\u0142\u0105cza Subconn seria Coax HF &#8211; 75 ohm<br \/><\/strong><\/p>\n<\/div>\n<p><!-- {\"type\":\"layout\",\"children\":[{\"type\":\"section\",\"props\":{\"style\":\"default\",\"width\":\"default\",\"vertical_align\":\"middle\",\"title_position\":\"top-left\",\"title_rotation\":\"left\",\"title_breakpoint\":\"xl\",\"image_position\":\"center-center\",\"text_color\":\"\",\"width_expand\":\"\",\"height\":\"\",\"padding\":\"\",\"header_transparent\":\"\",\"animation\":\"\"},\"children\":[{\"type\":\"row\",\"props\":{\"layout\":\"1-1\",\"breakpoint\":\"m\",\"fixed_width\":\"large\",\"gutter\":\"\",\"width\":\"\",\"width_expand\":\"\",\"height\":\"\",\"margin\":\"\"},\"children\":[{\"type\":\"column\",\"props\":{\"widths\":[\"1-1\"],\"image_position\":\"center-center\",\"media_overlay_gradient\":\"\",\"vertical_align\":\"\",\"style\":\"\",\"text_color\":\"\",\"padding\":\"\"},\"children\":[{\"type\":\"headline\",\"props\":{\"title_element\":\"h1\",\"title_style\":\"\",\"title_decoration\":\"\",\"title_color\":\"\",\"text_align\":\"\",\"text_align_breakpoint\":\"\",\"text_align_fallback\":\"\",\"maxwidth\":\"\",\"maxwidth_align\":\"\",\"maxwidth_breakpoint\":\"\",\"margin\":\"\",\"animation\":\"\",\"visibility\":\"\",\"content\":\"<strong>Z\\u0142\\u0105cza Subconn seria Coax<\\\/strong>\"}},{\"type\":\"divider\",\"props\":{\"divider_element\":\"hr\",\"divider_style\":\"\",\"divider_align\":\"\",\"divider_align_breakpoint\":\"\",\"divider_align_fallback\":\"\",\"maxwidth\":\"\",\"maxwidth_align\":\"\",\"maxwidth_breakpoint\":\"\",\"margin\":\"\",\"animation\":\"\",\"visibility\":\"\"}},{\"type\":\"slideshow\",\"props\":{\"show_title\":true,\"show_meta\":true,\"show_content\":true,\"show_link\":true,\"show_thumbnail\":true,\"slideshow_min_height\":\"200\",\"slideshow_autoplay_pause\":true,\"nav\":\"dotnav\",\"nav_position\":\"bottom-center\",\"nav_position_margin\":\"medium\",\"nav_align\":\"center\",\"nav_breakpoint\":\"s\",\"thumbnav_width\":\"100\",\"thumbnav_height\":\"75\",\"slidenav\":\"default\",\"slidenav_margin\":\"medium\",\"slidenav_breakpoint\":\"s\",\"slidenav_outside_breakpoint\":\"xl\",\"overlay_position\":\"center-left\",\"overlay_animation\":\"parallax\",\"title_element\":\"h3\",\"meta_style\":\"meta\",\"meta_align\":\"bottom\",\"link_text\":\"Read more\",\"link_style\":\"default\",\"margin\":\"default\",\"slideshow_height\":\"\",\"text_color\":\"\",\"slideshow_box_shadow\":\"\",\"slideshow_box_decoration\":\"\",\"slideshow_animation\":\"\",\"slideshow_kenburns\":\"\",\"nav_margin\":\"\",\"nav_color\":\"\",\"slidenav_outside_color\":\"\",\"overlay_container\":\"\",\"overlay_container_padding\":\"\",\"overlay_margin\":\"\",\"overlay_style\":\"\",\"overlay_padding\":\"\",\"overlay_width\":\"\",\"title_style\":\"\",\"title_decoration\":\"\",\"title_color\":\"\",\"meta_color\":\"\",\"meta_margin\":\"\",\"content_style\":\"\",\"link_size\":\"\",\"text_align\":\"\",\"text_align_breakpoint\":\"\",\"text_align_fallback\":\"\",\"maxwidth\":\"\",\"maxwidth_align\":\"\",\"maxwidth_breakpoint\":\"\",\"animation\":\"\",\"visibility\":\"\",\"slideshow_max_height\":\"500\"},\"children\":[{\"type\":\"slideshow_item\",\"props\":{\"text_color\":\"\",\"image\":\"wp-content\\\/uploads\\\/coax_50-75_1.jpg\"}},{\"type\":\"slideshow_item\",\"props\":{\"text_color\":\"\",\"image\":\"wp-content\\\/uploads\\\/coax_50-75_2.jpg\"}},{\"type\":\"slideshow_item\",\"props\":{\"text_color\":\"\",\"image\":\"wp-content\\\/uploads\\\/coax_50-75_4-1.jpg\"}}]},{\"type\":\"text\",\"props\":{\"margin\":\"default\",\"column_breakpoint\":\"m\",\"text_style\":\"\",\"text_color\":\"\",\"text_size\":\"\",\"column\":\"\",\"text_align\":\"\",\"text_align_breakpoint\":\"\",\"text_align_fallback\":\"\",\"maxwidth\":\"\",\"maxwidth_align\":\"\",\"maxwidth_breakpoint\":\"\",\"animation\":\"\",\"visibility\":\"\",\"content\":\"\n\n<p>Seria SubConn\\u00ae Coax jest stosowana przede wszystkim w celu u\\u0142atwienia przesy\\u0142ania sygna\\u0142u wideo o wysokiej rozdzielczo\\u015bci (HD) w systemach podwodnych i pomi\\u0119dzy nimi oraz do \\u0142\\u0105czenia ze sob\\u0105 urz\\u0105dze\\u0144 opartych na wideo HD, takich jak kamery i systemy telemetryczne. Z\\u0142\\u0105cza SubConn\\u00ae Coax charakteryzuj\\u0105 si\\u0119 wysok\\u0105 zakresem g\\u0142\\u0119boko\\u015bci pracy i w pe\\u0142ni wykorzystuj\\u0105 solidn\\u0105 jako\\u015b\\u0107 i podstawow\\u0105 konstrukcj\\u0119 SubConn\\u00ae, kt\\u00f3rej od dziesi\\u0119cioleci ufaj\\u0105 operatorzy z bran\\u017cy morskiej.<\\\/p>\\n\n\n<p>Seria z\\u0142\\u0105czy SubConn\\u00ae Coax obejmuje dwa podstawowe modele z\\u0142\\u0105czy, w tym opcj\\u0119 z\\u0142\\u0105cza tylko dla kabli koncentrycznych oraz opcj\\u0119 z\\u0142\\u0105cza elektrycznego i koncentrycznego z sze\\u015bcioma pinami elektrycznymi do obs\\u0142ugi zasilania i sygna\\u0142u na po\\u0142\\u0105czonym sprz\\u0119cie. Ta ostatnia opcja pozwala u\\u017cytkownikom na pe\\u0142ne sterowanie i zasilanie urz\\u0105dze\\u0144 za pomoc\\u0105 tylko jednego z\\u0142\\u0105cza, co pozwala na optymalizacj\\u0119 projektowania system\\u00f3w podwodnych. Oba typy z\\u0142\\u0105czy s\\u0105 dost\\u0119pne z impedancj\\u0105 50 lub 75 om\\u00f3w.<\\\/p>\\n\n\n<p>Z\\u0142\\u0105cza SubConn\\u00ae Coax s\\u0105 tylko suche i nie mog\\u0105 przyjmowa\\u0107 otwartego ci\\u015bnienia powierzchniowego.<\\\/p>\\n\n\n<p>Z\\u0142\\u0105cza SubConn\\u00ae Coax dostarczane s\\u0105 z kolorowymi przewodami i cz\\u0119sto dostarczane s\\u0105 z za\\u015blepkami i tulejami blokuj\\u0105cymi z polioksymetylenu formowanego (POM) lub stali nierdzewnej (wymagane). Ponadto z\\u0142\\u0105czki SubConn\\u00ae Coax s\\u0105 dost\\u0119pne ze specjalnie zaprojektowanymi kablami SubConn\\u00ae coax- lub kombinowanymi kablami zasilaj\\u0105cymi i koncentrycznymi wykonanymi z elastycznego i wodoodpornego poliuretanu (PUR).<\\\/p>\\n\n\n<p><strong>Zastosowania obejmuj\\u0105<\\\/strong><\\\/p>\\n\n\n<p>Podwodne systemy wydobywcze ropy naftowej i gazu ziemnego, energii odnawialnej i systemy podwodne<br \\\/>Systemy i wyposa\\u017cenie obronne<br \\\/>Systemy, wyposa\\u017cenie i rozwi\\u0105zania w zakresie oceanografii<br \\\/>Systemy zdalnie sterowanych pojazd\\u00f3w (ROV) i zdalnie sterowanych pojazd\\u00f3w holowanych (ROTV)<br \\\/>Podwodne kamery, systemy wideo i o\\u015bwietlenia<br \\\/>Podwodne systemy telemetryczne<br \\\/>Aplikacje antenowe<br \\\/>Systemy i sprz\\u0119t do nurkowania<\\\/p>\\n\n\n<p><strong>Opcje obejmuj\\u0105<\\\/strong><\\\/p>\\n\n\n<p>Niestandardowe kable i bezpo\\u015brednie zarabianie wybranych kabli poliuretanowych (PUR)<br \\\/>Okre\\u015blone przez klienta kable, przewody drutowe i d\\u0142ugo\\u015bci gwintu grodziowego<br \\\/>Materia\\u0142\\u00a0 z\\u0142\\u0105cza okre\\u015blony przez klienta<br \\\/>Certyfikowane pr\\u00f3by ci\\u015bnieniowe na okre\\u015blonych g\\u0142\\u0119boko\\u015bciach oceanicznych<\\\/p>\"}}]}]}]},{\"type\":\"section\",\"props\":{\"style\":\"default\",\"width\":\"default\",\"vertical_align\":\"middle\",\"title_position\":\"top-left\",\"title_rotation\":\"left\",\"title_breakpoint\":\"xl\",\"image_position\":\"center-center\",\"text_color\":\"\",\"width_expand\":\"\",\"height\":\"\",\"padding\":\"\",\"header_transparent\":\"\",\"animation\":\"\"},\"children\":[{\"type\":\"row\",\"props\":{\"layout\":\",\",\"breakpoint\":\"m\",\"fixed_width\":\"large\",\"gutter\":\"\",\"width\":\"\",\"width_expand\":\"\",\"height\":\"\",\"margin\":\"\"},\"children\":[{\"type\":\"column\",\"props\":{\"widths\":[\"\"],\"image_position\":\"center-center\",\"media_overlay_gradient\":\"\",\"vertical_align\":\"\",\"style\":\"\",\"text_color\":\"\",\"padding\":\"\"},\"children\":[{\"type\":\"image\",\"props\":{\"margin\":\"default\",\"link_target\":\"\",\"image_border\":\"\",\"image_box_shadow\":\"\",\"image_hover_box_shadow\":\"\",\"image_box_decoration\":\"\",\"text_align\":\"\",\"text_align_breakpoint\":\"\",\"text_align_fallback\":\"\",\"maxwidth\":\"\",\"maxwidth_align\":\"\",\"maxwidth_breakpoint\":\"\",\"animation\":\"\",\"visibility\":\"\",\"image\":\"wp-content\\\/uploads\\\/coax_and_coax-electric_50-ohm-list.jpg\"}},{\"type\":\"text\",\"props\":{\"margin\":\"default\",\"column_breakpoint\":\"m\",\"text_style\":\"\",\"text_color\":\"\",\"text_size\":\"\",\"column\":\"\",\"text_align\":\"\",\"text_align_breakpoint\":\"\",\"text_align_fallback\":\"\",\"maxwidth\":\"\",\"maxwidth_align\":\"\",\"maxwidth_breakpoint\":\"\",\"animation\":\"\",\"visibility\":\"\",\"content\":\"\n\n<p><strong>Z\\u0142\\u0105cza Subconn seria Coax HF - 50 ohm<\\\/strong><\\\/p>\"}}]},{\"type\":\"column\",\"props\":{\"widths\":[\"\"],\"image_position\":\"center-center\",\"media_overlay_gradient\":\"\",\"vertical_align\":\"\",\"style\":\"\",\"text_color\":\"\",\"padding\":\"\"},\"children\":[{\"type\":\"image\",\"props\":{\"margin\":\"default\",\"link_target\":\"\",\"image_border\":\"\",\"image_box_shadow\":\"\",\"image_hover_box_shadow\":\"\",\"image_box_decoration\":\"\",\"text_align\":\"\",\"text_align_breakpoint\":\"\",\"text_align_fallback\":\"\",\"maxwidth\":\"\",\"maxwidth_align\":\"\",\"maxwidth_breakpoint\":\"\",\"animation\":\"\",\"visibility\":\"\",\"image\":\"wp-content\\\/uploads\\\/coax_and_coax-electric_75-ohm-list-1.jpg\"}},{\"type\":\"text\",\"props\":{\"margin\":\"default\",\"column_breakpoint\":\"m\",\"text_style\":\"\",\"text_color\":\"\",\"text_size\":\"\",\"column\":\"\",\"text_align\":\"\",\"text_align_breakpoint\":\"\",\"text_align_fallback\":\"\",\"maxwidth\":\"\",\"maxwidth_align\":\"\",\"maxwidth_breakpoint\":\"\",\"animation\":\"\",\"visibility\":\"\",\"content\":\"\n\n<p><strong>Z\\u0142\\u0105cza Subconn seria Coax HF - 75 ohm<br \\\/><\\\/strong><\\\/p>\"}}]}]}]}]} --><\/p>\n","protected":false},"excerpt":{"rendered":"<p>Z\u0142\u0105cza Subconn seria Coax Seria SubConn\u00ae Coax jest stosowana przede wszystkim w celu u\u0142atwienia przesy\u0142ania sygna\u0142u wideo o wysokiej rozdzielczo\u015bci (HD) w systemach podwodnych i pomi\u0119dzy nimi oraz do \u0142\u0105czenia ze sob\u0105 urz\u0105dze\u0144 opartych na wideo HD, takich jak kamery i systemy telemetryczne. Z\u0142\u0105cza SubConn\u00ae Coax charakteryzuj\u0105 si\u0119 wysok\u0105 zakresem g\u0142\u0119boko\u015bci pracy i w pe\u0142ni [&hellip;]<\/p>\n","protected":false},"author":10,"featured_media":0,"parent":0,"menu_order":0,"comment_status":"closed","ping_status":"closed","template":"","meta":{"footnotes":""},"class_list":["post-6027","page","type-page","status-publish","hentry"],"yoast_head":"<!-- This site is optimized with the Yoast SEO plugin v27.5 - https:\/\/yoast.com\/product\/yoast-seo-wordpress\/ -->\n<title>Z\u0142\u0105cza Subconn seria Coax - ESCORT TECHNOLOGY<\/title>\n<meta name=\"robots\" content=\"index, follow, max-snippet:-1, max-image-preview:large, max-video-preview:-1\" \/>\n<link rel=\"canonical\" href=\"http:\/\/escort-technology.com\/en\/zlacza-subconn-seria-coax\/\" \/>\n<meta property=\"og:locale\" content=\"en_US\" \/>\n<meta property=\"og:type\" content=\"article\" \/>\n<meta property=\"og:title\" content=\"Z\u0142\u0105cza Subconn seria Coax - ESCORT TECHNOLOGY\" \/>\n<meta property=\"og:description\" content=\"Z\u0142\u0105cza Subconn seria Coax Seria SubConn\u00ae Coax jest stosowana przede wszystkim w celu u\u0142atwienia przesy\u0142ania sygna\u0142u wideo o wysokiej rozdzielczo\u015bci (HD) w systemach podwodnych i pomi\u0119dzy nimi oraz do \u0142\u0105czenia ze sob\u0105 urz\u0105dze\u0144 opartych na wideo HD, takich jak kamery i systemy telemetryczne. Z\u0142\u0105cza SubConn\u00ae Coax charakteryzuj\u0105 si\u0119 wysok\u0105 zakresem g\u0142\u0119boko\u015bci pracy i w pe\u0142ni [&hellip;]\" \/>\n<meta property=\"og:url\" content=\"http:\/\/escort-technology.com\/en\/zlacza-subconn-seria-coax\/\" \/>\n<meta property=\"og:site_name\" content=\"ESCORT TECHNOLOGY\" \/>\n<meta property=\"article:publisher\" content=\"https:\/\/www.facebook.com\/elektronika.morska\/\" \/>\n<meta property=\"og:image\" content=\"http:\/\/wp-content\/uploads\/coax_50-75_1.jpg\" \/>\n<meta name=\"twitter:card\" content=\"summary_large_image\" \/>\n<meta name=\"twitter:label1\" content=\"Est. reading time\" \/>\n\t<meta name=\"twitter:data1\" content=\"2 minutes\" \/>\n<script type=\"application\/ld+json\" class=\"yoast-schema-graph\">{\"@context\":\"https:\\\/\\\/schema.org\",\"@graph\":[{\"@type\":\"WebPage\",\"@id\":\"http:\\\/\\\/escort-technology.com\\\/pl\\\/zlacza-subconn-seria-coax\\\/\",\"url\":\"http:\\\/\\\/escort-technology.com\\\/pl\\\/zlacza-subconn-seria-coax\\\/\",\"name\":\"Z\u0142\u0105cza Subconn seria Coax - ESCORT TECHNOLOGY\",\"isPartOf\":{\"@id\":\"http:\\\/\\\/escort-technology.com\\\/de\\\/#website\"},\"datePublished\":\"2020-05-28T10:19:36+00:00\",\"breadcrumb\":{\"@id\":\"http:\\\/\\\/escort-technology.com\\\/pl\\\/zlacza-subconn-seria-coax\\\/#breadcrumb\"},\"inLanguage\":\"en-US\",\"potentialAction\":[{\"@type\":\"ReadAction\",\"target\":[\"http:\\\/\\\/escort-technology.com\\\/pl\\\/zlacza-subconn-seria-coax\\\/\"]}]},{\"@type\":\"BreadcrumbList\",\"@id\":\"http:\\\/\\\/escort-technology.com\\\/pl\\\/zlacza-subconn-seria-coax\\\/#breadcrumb\",\"itemListElement\":[{\"@type\":\"ListItem\",\"position\":1,\"name\":\"Strona g\u0142\u00f3wna\",\"item\":\"https:\\\/\\\/escort-technology.com\\\/\"},{\"@type\":\"ListItem\",\"position\":2,\"name\":\"Z\u0142\u0105cza Subconn seria Coax\"}]},{\"@type\":\"WebSite\",\"@id\":\"http:\\\/\\\/escort-technology.com\\\/de\\\/#website\",\"url\":\"http:\\\/\\\/escort-technology.com\\\/de\\\/\",\"name\":\"ESCORT TECHNOLOGY\",\"description\":\"Elektronika morska i l\u0105dowa\",\"publisher\":{\"@id\":\"http:\\\/\\\/escort-technology.com\\\/de\\\/#organization\"},\"potentialAction\":[{\"@type\":\"SearchAction\",\"target\":{\"@type\":\"EntryPoint\",\"urlTemplate\":\"http:\\\/\\\/escort-technology.com\\\/de\\\/?s={search_term_string}\"},\"query-input\":{\"@type\":\"PropertyValueSpecification\",\"valueRequired\":true,\"valueName\":\"search_term_string\"}}],\"inLanguage\":\"en-US\"},{\"@type\":\"Organization\",\"@id\":\"http:\\\/\\\/escort-technology.com\\\/de\\\/#organization\",\"name\":\"ESCORT TECHNOLOGY\",\"url\":\"http:\\\/\\\/escort-technology.com\\\/de\\\/\",\"logo\":{\"@type\":\"ImageObject\",\"inLanguage\":\"en-US\",\"@id\":\"http:\\\/\\\/escort-technology.com\\\/de\\\/#\\\/schema\\\/logo\\\/image\\\/\",\"url\":\"https:\\\/\\\/escort-technology.com\\\/wp-content\\\/uploads\\\/logo-1.jpg\",\"contentUrl\":\"https:\\\/\\\/escort-technology.com\\\/wp-content\\\/uploads\\\/logo-1.jpg\",\"width\":600,\"height\":165,\"caption\":\"ESCORT TECHNOLOGY\"},\"image\":{\"@id\":\"http:\\\/\\\/escort-technology.com\\\/de\\\/#\\\/schema\\\/logo\\\/image\\\/\"},\"sameAs\":[\"https:\\\/\\\/www.facebook.com\\\/elektronika.morska\\\/\",\"https:\\\/\\\/www.linkedin.com\\\/company\\\/escort-sp-z-o-o-\\\/\"]}]}<\/script>\n<!-- \/ Yoast SEO plugin. -->","yoast_head_json":{"title":"Z\u0142\u0105cza Subconn seria Coax - ESCORT TECHNOLOGY","robots":{"index":"index","follow":"follow","max-snippet":"max-snippet:-1","max-image-preview":"max-image-preview:large","max-video-preview":"max-video-preview:-1"},"canonical":"http:\/\/escort-technology.com\/en\/zlacza-subconn-seria-coax\/","og_locale":"en_US","og_type":"article","og_title":"Z\u0142\u0105cza Subconn seria Coax - ESCORT TECHNOLOGY","og_description":"Z\u0142\u0105cza Subconn seria Coax Seria SubConn\u00ae Coax jest stosowana przede wszystkim w celu u\u0142atwienia przesy\u0142ania sygna\u0142u wideo o wysokiej rozdzielczo\u015bci (HD) w systemach podwodnych i pomi\u0119dzy nimi oraz do \u0142\u0105czenia ze sob\u0105 urz\u0105dze\u0144 opartych na wideo HD, takich jak kamery i systemy telemetryczne. Z\u0142\u0105cza SubConn\u00ae Coax charakteryzuj\u0105 si\u0119 wysok\u0105 zakresem g\u0142\u0119boko\u015bci pracy i w pe\u0142ni [&hellip;]","og_url":"http:\/\/escort-technology.com\/en\/zlacza-subconn-seria-coax\/","og_site_name":"ESCORT TECHNOLOGY","article_publisher":"https:\/\/www.facebook.com\/elektronika.morska\/","og_image":[{"url":"wp-content\/uploads\/coax_50-75_1.jpg","type":"","width":"","height":""}],"twitter_card":"summary_large_image","twitter_misc":{"Est. reading time":"2 minutes"},"schema":{"@context":"https:\/\/schema.org","@graph":[{"@type":"WebPage","@id":"http:\/\/escort-technology.com\/pl\/zlacza-subconn-seria-coax\/","url":"http:\/\/escort-technology.com\/pl\/zlacza-subconn-seria-coax\/","name":"Z\u0142\u0105cza Subconn seria Coax - ESCORT TECHNOLOGY","isPartOf":{"@id":"http:\/\/escort-technology.com\/de\/#website"},"datePublished":"2020-05-28T10:19:36+00:00","breadcrumb":{"@id":"http:\/\/escort-technology.com\/pl\/zlacza-subconn-seria-coax\/#breadcrumb"},"inLanguage":"en-US","potentialAction":[{"@type":"ReadAction","target":["http:\/\/escort-technology.com\/pl\/zlacza-subconn-seria-coax\/"]}]},{"@type":"BreadcrumbList","@id":"http:\/\/escort-technology.com\/pl\/zlacza-subconn-seria-coax\/#breadcrumb","itemListElement":[{"@type":"ListItem","position":1,"name":"Strona g\u0142\u00f3wna","item":"https:\/\/escort-technology.com\/"},{"@type":"ListItem","position":2,"name":"Z\u0142\u0105cza Subconn seria Coax"}]},{"@type":"WebSite","@id":"http:\/\/escort-technology.com\/de\/#website","url":"http:\/\/escort-technology.com\/de\/","name":"ESCORT TECHNOLOGY","description":"Onshore and offshore electronics","publisher":{"@id":"http:\/\/escort-technology.com\/de\/#organization"},"potentialAction":[{"@type":"SearchAction","target":{"@type":"EntryPoint","urlTemplate":"http:\/\/escort-technology.com\/de\/?s={search_term_string}"},"query-input":{"@type":"PropertyValueSpecification","valueRequired":true,"valueName":"search_term_string"}}],"inLanguage":"en-US"},{"@type":"Organization","@id":"http:\/\/escort-technology.com\/de\/#organization","name":"ESCORT TECHNOLOGY","url":"http:\/\/escort-technology.com\/de\/","logo":{"@type":"ImageObject","inLanguage":"en-US","@id":"http:\/\/escort-technology.com\/de\/#\/schema\/logo\/image\/","url":"https:\/\/escort-technology.com\/wp-content\/uploads\/logo-1.jpg","contentUrl":"https:\/\/escort-technology.com\/wp-content\/uploads\/logo-1.jpg","width":600,"height":165,"caption":"ESCORT TECHNOLOGY"},"image":{"@id":"http:\/\/escort-technology.com\/de\/#\/schema\/logo\/image\/"},"sameAs":["https:\/\/www.facebook.com\/elektronika.morska\/","https:\/\/www.linkedin.com\/company\/escort-sp-z-o-o-\/"]}]}},"_links":{"self":[{"href":"https:\/\/escort-technology.com\/en\/wp-json\/wp\/v2\/pages\/6027","targetHints":{"allow":["GET"]}}],"collection":[{"href":"https:\/\/escort-technology.com\/en\/wp-json\/wp\/v2\/pages"}],"about":[{"href":"https:\/\/escort-technology.com\/en\/wp-json\/wp\/v2\/types\/page"}],"author":[{"embeddable":true,"href":"https:\/\/escort-technology.com\/en\/wp-json\/wp\/v2\/users\/10"}],"replies":[{"embeddable":true,"href":"https:\/\/escort-technology.com\/en\/wp-json\/wp\/v2\/comments?post=6027"}],"version-history":[{"count":4,"href":"https:\/\/escort-technology.com\/en\/wp-json\/wp\/v2\/pages\/6027\/revisions"}],"predecessor-version":[{"id":6036,"href":"https:\/\/escort-technology.com\/en\/wp-json\/wp\/v2\/pages\/6027\/revisions\/6036"}],"wp:attachment":[{"href":"https:\/\/escort-technology.com\/en\/wp-json\/wp\/v2\/media?parent=6027"}],"curies":[{"name":"wp","href":"https:\/\/api.w.org\/{rel}","templated":true}]}}