{"id":6075,"date":"2020-05-28T13:02:26","date_gmt":"2020-05-28T11:02:26","guid":{"rendered":"https:\/\/escort-technology.com\/?page_id=6075"},"modified":"2020-05-28T13:02:26","modified_gmt":"2020-05-28T11:02:26","slug":"zlacza-subconn-seria-penetrator","status":"publish","type":"page","link":"https:\/\/escort-technology.com\/en\/zlacza-subconn-seria-penetrator\/","title":{"rendered":"Z\u0142\u0105cza Subconn seria Penetrator"},"content":{"rendered":"<h1>Z\u0142\u0105cza Subconn seria Penetrator<\/h1>\n<hr>\n<ul>\n<li>\n<p>        <img decoding=\"async\" src=\"wp-content\/uploads\/subconn_penetrator_pnara.jpg\" alt=\"\"><\/p>\n<\/li>\n<li>\n<p>        <img decoding=\"async\" src=\"wp-content\/uploads\/subconn_penetrator_pnarat.jpg\" alt=\"\"><\/p>\n<\/li>\n<li>\n<p>        <img decoding=\"async\" src=\"wp-content\/uploads\/subconn_penetrator_pna-straight-1.jpg\" alt=\"\"><\/p>\n<\/li>\n<\/ul>\n<div>\n<p>Seria SubConn\u00ae Penetrator jest sta\u0142\u0105 alternatyw\u0105 monta\u017cow\u0105 dla z\u0142\u0105czy liniowych i grodziowych. Penetratory SubConn\u00ae Penetrators stosowane s\u0105 przede wszystkim w aplikacjach, w kt\u00f3rych k\u0142adzie si\u0119 nacisk na bezpo\u015brednie doprowadzanie sygna\u0142u i mocy powy\u017cej elastyczno\u015bci zapewnianej przez z\u0142\u0105cze typu mateable.<\/p>\n<p>Penetratory SubConn\u00ae produkowane s\u0105 z kauczuku chloroprenowego i oparte s\u0105 na standardowych, bran\u017cowych gwintach grodziowych, kt\u00f3re mog\u0105 by\u0107 dostarczane w r\u00f3\u017cnych materia\u0142ach. Seria sk\u0142ada si\u0119 z pi\u0119ciu standardowych rozmiar\u00f3w obud\u00f3w w konfiguracji prostej lub prostok\u0105tnej. Pozwala to na szerok\u0105 kombinacj\u0119 rozwi\u0105za\u0144.<\/p>\n<p>Konstrukcje Penetrator\u00f3w SubConn\u00ae nie s\u0105 \u015bci\u015ble ograniczone do wersji standardowych i mog\u0105 by\u0107 dostarczane rozwi\u0105zania niestandardowe. Na przyk\u0142ad, mo\u017cliwe jest \u0142\u0105czenie mocy i sygna\u0142u w ramach jednego urz\u0105dzenia.<\/p>\n<p>Wszystkie z\u0142\u0105cza typu Penetrator SubConn\u00ae s\u0105 przeznaczone maksymalnie do u\u017cycia 800 bar i cz\u0119sto dostarczane s\u0105 z dedykowanymi kablami SubConn\u00ae wykonanymi z elastycznego i wodoodpornego kauczuku chloroprenowego lub poliuretanu (PUR).<\/p>\n<p><strong>Zastosowania obejmuj\u0105<\/strong><\/p>\n<p>Zdalnie sterowane pojazdy (ROV) <br \/>Podwodne kamery, systemy wideo i o\u015bwietlenia<br \/>Systemy i sprz\u0119t do nurkowania<br \/>Systemy i wyposa\u017cenie obronne<br \/>Systemy, wyposa\u017cenie i rozwi\u0105zania w zakresie oceanografii<br \/>Kable oceaniczne i systemy sejsmiczne<br \/>Podwodne systemy telemetryczne<\/p>\n<p><strong>Opcje obejmuj\u0105<\/strong><\/p>\n<p>Materia\u0142 wykonania z\u0142\u0105cza Penetrator okre\u015blony przez klienta<br \/>Kable i profile z chloroprenu i poliuretanu (PUR)<br \/>Indywidualne projekty z\u0142\u0105cza<br \/>Certyfikowane pr\u00f3by ci\u015bnieniowe na okre\u015blonych g\u0142\u0119boko\u015bciach oceanicznych<\/p>\n<\/div>\n<p><img decoding=\"async\" src=\"wp-content\/uploads\/penetrator_water_blocked_right_angle-list.jpg\" alt=\"\"><\/p>\n<div>\n<p><strong>Z\u0142\u0105cza Subconn seria Penetrator<\/strong><\/p>\n<\/div>\n<p><img decoding=\"async\" src=\"wp-content\/uploads\/penetrator_water_blocked_straight-list.jpg\" alt=\"\"><\/p>\n<div>\n<p><strong>Z\u0142\u0105cza Subconn seria Penetrator<\/strong><\/p>\n<\/div>\n<p><!-- {\"type\":\"layout\",\"children\":[{\"type\":\"section\",\"props\":{\"style\":\"default\",\"width\":\"default\",\"vertical_align\":\"middle\",\"title_position\":\"top-left\",\"title_rotation\":\"left\",\"title_breakpoint\":\"xl\",\"image_position\":\"center-center\",\"text_color\":\"\",\"width_expand\":\"\",\"height\":\"\",\"padding\":\"\",\"header_transparent\":\"\",\"animation\":\"\"},\"children\":[{\"type\":\"row\",\"props\":{\"layout\":\"1-1\",\"breakpoint\":\"m\",\"fixed_width\":\"large\",\"gutter\":\"\",\"width\":\"\",\"width_expand\":\"\",\"height\":\"\",\"margin\":\"\"},\"children\":[{\"type\":\"column\",\"props\":{\"widths\":[\"1-1\"],\"image_position\":\"center-center\",\"media_overlay_gradient\":\"\",\"vertical_align\":\"\",\"style\":\"\",\"text_color\":\"\",\"padding\":\"\"},\"children\":[{\"type\":\"headline\",\"props\":{\"title_element\":\"h1\",\"title_style\":\"\",\"title_decoration\":\"\",\"title_color\":\"\",\"text_align\":\"\",\"text_align_breakpoint\":\"\",\"text_align_fallback\":\"\",\"maxwidth\":\"\",\"maxwidth_align\":\"\",\"maxwidth_breakpoint\":\"\",\"margin\":\"\",\"animation\":\"\",\"visibility\":\"\",\"content\":\"Z\\u0142\\u0105cza Subconn seria Penetrator\"}},{\"type\":\"divider\",\"props\":{\"divider_element\":\"hr\",\"divider_style\":\"\",\"divider_align\":\"\",\"divider_align_breakpoint\":\"\",\"divider_align_fallback\":\"\",\"maxwidth\":\"\",\"maxwidth_align\":\"\",\"maxwidth_breakpoint\":\"\",\"margin\":\"\",\"animation\":\"\",\"visibility\":\"\"}},{\"type\":\"slideshow\",\"props\":{\"show_title\":true,\"show_meta\":true,\"show_content\":true,\"show_link\":true,\"show_thumbnail\":true,\"slideshow_min_height\":\"200\",\"slideshow_autoplay_pause\":true,\"nav\":\"dotnav\",\"nav_position\":\"bottom-center\",\"nav_position_margin\":\"medium\",\"nav_align\":\"center\",\"nav_breakpoint\":\"s\",\"thumbnav_width\":\"100\",\"thumbnav_height\":\"75\",\"slidenav\":\"default\",\"slidenav_margin\":\"medium\",\"slidenav_breakpoint\":\"s\",\"slidenav_outside_breakpoint\":\"xl\",\"overlay_position\":\"center-left\",\"overlay_animation\":\"parallax\",\"title_element\":\"h3\",\"meta_style\":\"meta\",\"meta_align\":\"bottom\",\"link_text\":\"Read more\",\"link_style\":\"default\",\"margin\":\"default\",\"slideshow_height\":\"\",\"text_color\":\"\",\"slideshow_box_shadow\":\"\",\"slideshow_box_decoration\":\"\",\"slideshow_animation\":\"\",\"slideshow_kenburns\":\"\",\"nav_margin\":\"\",\"nav_color\":\"\",\"slidenav_outside_color\":\"\",\"overlay_container\":\"\",\"overlay_container_padding\":\"\",\"overlay_margin\":\"\",\"overlay_style\":\"\",\"overlay_padding\":\"\",\"overlay_width\":\"\",\"title_style\":\"\",\"title_decoration\":\"\",\"title_color\":\"\",\"meta_color\":\"\",\"meta_margin\":\"\",\"content_style\":\"\",\"link_size\":\"\",\"text_align\":\"\",\"text_align_breakpoint\":\"\",\"text_align_fallback\":\"\",\"maxwidth\":\"\",\"maxwidth_align\":\"\",\"maxwidth_breakpoint\":\"\",\"animation\":\"\",\"visibility\":\"\",\"slideshow_max_height\":\"500\"},\"children\":[{\"type\":\"slideshow_item\",\"props\":{\"text_color\":\"\",\"image\":\"wp-content\\\/uploads\\\/subconn_penetrator_pnara.jpg\"}},{\"type\":\"slideshow_item\",\"props\":{\"text_color\":\"\",\"image\":\"wp-content\\\/uploads\\\/subconn_penetrator_pnarat.jpg\"}},{\"type\":\"slideshow_item\",\"props\":{\"text_color\":\"\",\"image\":\"wp-content\\\/uploads\\\/subconn_penetrator_pna-straight-1.jpg\"}}]},{\"type\":\"text\",\"props\":{\"margin\":\"default\",\"column_breakpoint\":\"m\",\"text_style\":\"\",\"text_color\":\"\",\"text_size\":\"\",\"column\":\"\",\"text_align\":\"\",\"text_align_breakpoint\":\"\",\"text_align_fallback\":\"\",\"maxwidth\":\"\",\"maxwidth_align\":\"\",\"maxwidth_breakpoint\":\"\",\"animation\":\"\",\"visibility\":\"\",\"content\":\"\n\n<p>Seria SubConn\\u00ae Penetrator jest sta\\u0142\\u0105 alternatyw\\u0105 monta\\u017cow\\u0105 dla z\\u0142\\u0105czy liniowych i grodziowych. Penetratory SubConn\\u00ae Penetrators stosowane s\\u0105 przede wszystkim w aplikacjach, w kt\\u00f3rych k\\u0142adzie si\\u0119 nacisk na bezpo\\u015brednie doprowadzanie sygna\\u0142u i mocy powy\\u017cej elastyczno\\u015bci zapewnianej przez z\\u0142\\u0105cze typu mateable.<\\\/p>\\n\n\n<p>Penetratory SubConn\\u00ae produkowane s\\u0105 z kauczuku chloroprenowego i oparte s\\u0105 na standardowych, bran\\u017cowych gwintach grodziowych, kt\\u00f3re mog\\u0105 by\\u0107 dostarczane w r\\u00f3\\u017cnych materia\\u0142ach. Seria sk\\u0142ada si\\u0119 z pi\\u0119ciu standardowych rozmiar\\u00f3w obud\\u00f3w w konfiguracji prostej lub prostok\\u0105tnej. Pozwala to na szerok\\u0105 kombinacj\\u0119 rozwi\\u0105za\\u0144.<\\\/p>\\n\n\n<p>Konstrukcje Penetrator\\u00f3w SubConn\\u00ae nie s\\u0105 \\u015bci\\u015ble ograniczone do wersji standardowych i mog\\u0105 by\\u0107 dostarczane rozwi\\u0105zania niestandardowe. Na przyk\\u0142ad, mo\\u017cliwe jest \\u0142\\u0105czenie mocy i sygna\\u0142u w ramach jednego urz\\u0105dzenia.<\\\/p>\\n\n\n<p>Wszystkie z\\u0142\\u0105cza typu Penetrator SubConn\\u00ae s\\u0105 przeznaczone maksymalnie do u\\u017cycia 800 bar i cz\\u0119sto dostarczane s\\u0105 z dedykowanymi kablami SubConn\\u00ae wykonanymi z elastycznego i wodoodpornego kauczuku chloroprenowego lub poliuretanu (PUR).<\\\/p>\\n\n\n<p><strong>Zastosowania obejmuj\\u0105<\\\/strong><\\\/p>\\n\n\n<p>Zdalnie sterowane pojazdy (ROV) <br \\\/>Podwodne kamery, systemy wideo i o\\u015bwietlenia<br \\\/>Systemy i sprz\\u0119t do nurkowania<br \\\/>Systemy i wyposa\\u017cenie obronne<br \\\/>Systemy, wyposa\\u017cenie i rozwi\\u0105zania w zakresie oceanografii<br \\\/>Kable oceaniczne i systemy sejsmiczne<br \\\/>Podwodne systemy telemetryczne<\\\/p>\\n\n\n<p><strong>Opcje obejmuj\\u0105<\\\/strong><\\\/p>\\n\n\n<p>Materia\\u0142 wykonania z\\u0142\\u0105cza Penetrator okre\\u015blony przez klienta<br \\\/>Kable i profile z chloroprenu i poliuretanu (PUR)<br \\\/>Indywidualne projekty z\\u0142\\u0105cza<br \\\/>Certyfikowane pr\\u00f3by ci\\u015bnieniowe na okre\\u015blonych g\\u0142\\u0119boko\\u015bciach oceanicznych<\\\/p>\"}}]}]}]},{\"type\":\"section\",\"props\":{\"style\":\"default\",\"width\":\"default\",\"vertical_align\":\"middle\",\"title_position\":\"top-left\",\"title_rotation\":\"left\",\"title_breakpoint\":\"xl\",\"image_position\":\"center-center\",\"text_color\":\"\",\"width_expand\":\"\",\"height\":\"\",\"padding\":\"\",\"header_transparent\":\"\",\"animation\":\"\"},\"children\":[{\"type\":\"row\",\"props\":{\"layout\":\",\",\"breakpoint\":\"m\",\"fixed_width\":\"large\",\"gutter\":\"\",\"width\":\"\",\"width_expand\":\"\",\"height\":\"\",\"margin\":\"\"},\"children\":[{\"type\":\"column\",\"props\":{\"widths\":[\"\"],\"image_position\":\"center-center\",\"media_overlay_gradient\":\"\",\"vertical_align\":\"\",\"style\":\"\",\"text_color\":\"\",\"padding\":\"\"},\"children\":[{\"type\":\"image\",\"props\":{\"margin\":\"default\",\"link_target\":\"\",\"image_border\":\"\",\"image_box_shadow\":\"\",\"image_hover_box_shadow\":\"\",\"image_box_decoration\":\"\",\"text_align\":\"\",\"text_align_breakpoint\":\"\",\"text_align_fallback\":\"\",\"maxwidth\":\"\",\"maxwidth_align\":\"\",\"maxwidth_breakpoint\":\"\",\"animation\":\"\",\"visibility\":\"\",\"image\":\"wp-content\\\/uploads\\\/penetrator_water_blocked_right_angle-list.jpg\"}},{\"type\":\"text\",\"props\":{\"margin\":\"default\",\"column_breakpoint\":\"m\",\"text_style\":\"\",\"text_color\":\"\",\"text_size\":\"\",\"column\":\"\",\"text_align\":\"\",\"text_align_breakpoint\":\"\",\"text_align_fallback\":\"\",\"maxwidth\":\"\",\"maxwidth_align\":\"\",\"maxwidth_breakpoint\":\"\",\"animation\":\"\",\"visibility\":\"\",\"content\":\"\n\n<p><strong>Z\\u0142\\u0105cza Subconn seria Penetrator<\\\/strong><\\\/p>\"}}]},{\"type\":\"column\",\"props\":{\"widths\":[\"\"],\"image_position\":\"center-center\",\"media_overlay_gradient\":\"\",\"vertical_align\":\"\",\"style\":\"\",\"text_color\":\"\",\"padding\":\"\"},\"children\":[{\"type\":\"image\",\"props\":{\"margin\":\"default\",\"link_target\":\"\",\"image_border\":\"\",\"image_box_shadow\":\"\",\"image_hover_box_shadow\":\"\",\"image_box_decoration\":\"\",\"text_align\":\"\",\"text_align_breakpoint\":\"\",\"text_align_fallback\":\"\",\"maxwidth\":\"\",\"maxwidth_align\":\"\",\"maxwidth_breakpoint\":\"\",\"animation\":\"\",\"visibility\":\"\",\"image\":\"wp-content\\\/uploads\\\/penetrator_water_blocked_straight-list.jpg\"}},{\"type\":\"text\",\"props\":{\"margin\":\"default\",\"column_breakpoint\":\"m\",\"text_style\":\"\",\"text_color\":\"\",\"text_size\":\"\",\"column\":\"\",\"text_align\":\"\",\"text_align_breakpoint\":\"\",\"text_align_fallback\":\"\",\"maxwidth\":\"\",\"maxwidth_align\":\"\",\"maxwidth_breakpoint\":\"\",\"animation\":\"\",\"visibility\":\"\",\"content\":\"\n\n<p><strong>Z\\u0142\\u0105cza Subconn seria Penetrator<\\\/strong><\\\/p>\"}}]}]}]}]} --><\/p>\n","protected":false},"excerpt":{"rendered":"<p>Z\u0142\u0105cza Subconn seria Penetrator Seria SubConn\u00ae Penetrator jest sta\u0142\u0105 alternatyw\u0105 monta\u017cow\u0105 dla z\u0142\u0105czy liniowych i grodziowych. Penetratory SubConn\u00ae Penetrators stosowane s\u0105 przede wszystkim w aplikacjach, w kt\u00f3rych k\u0142adzie si\u0119 nacisk na bezpo\u015brednie doprowadzanie sygna\u0142u i mocy powy\u017cej elastyczno\u015bci zapewnianej przez z\u0142\u0105cze typu mateable. Penetratory SubConn\u00ae produkowane s\u0105 z kauczuku chloroprenowego i oparte s\u0105 na standardowych, [&hellip;]<\/p>\n","protected":false},"author":10,"featured_media":0,"parent":0,"menu_order":0,"comment_status":"closed","ping_status":"closed","template":"","meta":{"footnotes":""},"class_list":["post-6075","page","type-page","status-publish","hentry"],"yoast_head":"<!-- This site is optimized with the Yoast SEO plugin v27.5 - https:\/\/yoast.com\/product\/yoast-seo-wordpress\/ -->\n<title>Z\u0142\u0105cza Subconn seria Penetrator - ESCORT TECHNOLOGY<\/title>\n<meta name=\"robots\" content=\"index, follow, max-snippet:-1, max-image-preview:large, max-video-preview:-1\" \/>\n<link rel=\"canonical\" href=\"http:\/\/escort-technology.com\/en\/de\/zlacza-subconn-seria-penetrator\/\" \/>\n<meta property=\"og:locale\" content=\"en_US\" \/>\n<meta property=\"og:type\" content=\"article\" \/>\n<meta property=\"og:title\" content=\"Z\u0142\u0105cza Subconn seria Penetrator - ESCORT TECHNOLOGY\" \/>\n<meta property=\"og:description\" content=\"Z\u0142\u0105cza Subconn seria Penetrator Seria SubConn\u00ae Penetrator jest sta\u0142\u0105 alternatyw\u0105 monta\u017cow\u0105 dla z\u0142\u0105czy liniowych i grodziowych. Penetratory SubConn\u00ae Penetrators stosowane s\u0105 przede wszystkim w aplikacjach, w kt\u00f3rych k\u0142adzie si\u0119 nacisk na bezpo\u015brednie doprowadzanie sygna\u0142u i mocy powy\u017cej elastyczno\u015bci zapewnianej przez z\u0142\u0105cze typu mateable. Penetratory SubConn\u00ae produkowane s\u0105 z kauczuku chloroprenowego i oparte s\u0105 na standardowych, [&hellip;]\" \/>\n<meta property=\"og:url\" content=\"http:\/\/escort-technology.com\/en\/de\/zlacza-subconn-seria-penetrator\/\" \/>\n<meta property=\"og:site_name\" content=\"ESCORT TECHNOLOGY\" \/>\n<meta property=\"article:publisher\" content=\"https:\/\/www.facebook.com\/elektronika.morska\/\" \/>\n<meta property=\"og:image\" content=\"http:\/\/wp-content\/uploads\/subconn_penetrator_pnara.jpg\" \/>\n<meta name=\"twitter:card\" content=\"summary_large_image\" \/>\n<meta name=\"twitter:label1\" content=\"Est. reading time\" \/>\n\t<meta name=\"twitter:data1\" content=\"1 minute\" \/>\n<script type=\"application\/ld+json\" class=\"yoast-schema-graph\">{\"@context\":\"https:\\\/\\\/schema.org\",\"@graph\":[{\"@type\":\"WebPage\",\"@id\":\"http:\\\/\\\/escort-technology.com\\\/de\\\/zlacza-subconn-seria-penetrator\\\/\",\"url\":\"http:\\\/\\\/escort-technology.com\\\/de\\\/zlacza-subconn-seria-penetrator\\\/\",\"name\":\"Z\u0142\u0105cza Subconn seria Penetrator - ESCORT TECHNOLOGY\",\"isPartOf\":{\"@id\":\"http:\\\/\\\/escort-technology.com\\\/de\\\/#website\"},\"datePublished\":\"2020-05-28T11:02:26+00:00\",\"breadcrumb\":{\"@id\":\"http:\\\/\\\/escort-technology.com\\\/de\\\/zlacza-subconn-seria-penetrator\\\/#breadcrumb\"},\"inLanguage\":\"en-US\",\"potentialAction\":[{\"@type\":\"ReadAction\",\"target\":[\"http:\\\/\\\/escort-technology.com\\\/de\\\/zlacza-subconn-seria-penetrator\\\/\"]}]},{\"@type\":\"BreadcrumbList\",\"@id\":\"http:\\\/\\\/escort-technology.com\\\/de\\\/zlacza-subconn-seria-penetrator\\\/#breadcrumb\",\"itemListElement\":[{\"@type\":\"ListItem\",\"position\":1,\"name\":\"Strona g\u0142\u00f3wna\",\"item\":\"https:\\\/\\\/escort-technology.com\\\/\"},{\"@type\":\"ListItem\",\"position\":2,\"name\":\"Z\u0142\u0105cza Subconn seria Penetrator\"}]},{\"@type\":\"WebSite\",\"@id\":\"http:\\\/\\\/escort-technology.com\\\/de\\\/#website\",\"url\":\"http:\\\/\\\/escort-technology.com\\\/de\\\/\",\"name\":\"ESCORT TECHNOLOGY\",\"description\":\"Elektronika morska i l\u0105dowa\",\"publisher\":{\"@id\":\"http:\\\/\\\/escort-technology.com\\\/de\\\/#organization\"},\"potentialAction\":[{\"@type\":\"SearchAction\",\"target\":{\"@type\":\"EntryPoint\",\"urlTemplate\":\"http:\\\/\\\/escort-technology.com\\\/de\\\/?s={search_term_string}\"},\"query-input\":{\"@type\":\"PropertyValueSpecification\",\"valueRequired\":true,\"valueName\":\"search_term_string\"}}],\"inLanguage\":\"en-US\"},{\"@type\":\"Organization\",\"@id\":\"http:\\\/\\\/escort-technology.com\\\/de\\\/#organization\",\"name\":\"ESCORT TECHNOLOGY\",\"url\":\"http:\\\/\\\/escort-technology.com\\\/de\\\/\",\"logo\":{\"@type\":\"ImageObject\",\"inLanguage\":\"en-US\",\"@id\":\"http:\\\/\\\/escort-technology.com\\\/de\\\/#\\\/schema\\\/logo\\\/image\\\/\",\"url\":\"https:\\\/\\\/escort-technology.com\\\/wp-content\\\/uploads\\\/logo-1.jpg\",\"contentUrl\":\"https:\\\/\\\/escort-technology.com\\\/wp-content\\\/uploads\\\/logo-1.jpg\",\"width\":600,\"height\":165,\"caption\":\"ESCORT TECHNOLOGY\"},\"image\":{\"@id\":\"http:\\\/\\\/escort-technology.com\\\/de\\\/#\\\/schema\\\/logo\\\/image\\\/\"},\"sameAs\":[\"https:\\\/\\\/www.facebook.com\\\/elektronika.morska\\\/\",\"https:\\\/\\\/www.linkedin.com\\\/company\\\/escort-sp-z-o-o-\\\/\"]}]}<\/script>\n<!-- \/ Yoast SEO plugin. -->","yoast_head_json":{"title":"Z\u0142\u0105cza Subconn seria Penetrator - ESCORT TECHNOLOGY","robots":{"index":"index","follow":"follow","max-snippet":"max-snippet:-1","max-image-preview":"max-image-preview:large","max-video-preview":"max-video-preview:-1"},"canonical":"http:\/\/escort-technology.com\/en\/de\/zlacza-subconn-seria-penetrator\/","og_locale":"en_US","og_type":"article","og_title":"Z\u0142\u0105cza Subconn seria Penetrator - ESCORT TECHNOLOGY","og_description":"Z\u0142\u0105cza Subconn seria Penetrator Seria SubConn\u00ae Penetrator jest sta\u0142\u0105 alternatyw\u0105 monta\u017cow\u0105 dla z\u0142\u0105czy liniowych i grodziowych. Penetratory SubConn\u00ae Penetrators stosowane s\u0105 przede wszystkim w aplikacjach, w kt\u00f3rych k\u0142adzie si\u0119 nacisk na bezpo\u015brednie doprowadzanie sygna\u0142u i mocy powy\u017cej elastyczno\u015bci zapewnianej przez z\u0142\u0105cze typu mateable. Penetratory SubConn\u00ae produkowane s\u0105 z kauczuku chloroprenowego i oparte s\u0105 na standardowych, [&hellip;]","og_url":"http:\/\/escort-technology.com\/en\/de\/zlacza-subconn-seria-penetrator\/","og_site_name":"ESCORT TECHNOLOGY","article_publisher":"https:\/\/www.facebook.com\/elektronika.morska\/","og_image":[{"url":"wp-content\/uploads\/subconn_penetrator_pnara.jpg","type":"","width":"","height":""}],"twitter_card":"summary_large_image","twitter_misc":{"Est. reading time":"1 minute"},"schema":{"@context":"https:\/\/schema.org","@graph":[{"@type":"WebPage","@id":"http:\/\/escort-technology.com\/de\/zlacza-subconn-seria-penetrator\/","url":"http:\/\/escort-technology.com\/de\/zlacza-subconn-seria-penetrator\/","name":"Z\u0142\u0105cza Subconn seria Penetrator - ESCORT TECHNOLOGY","isPartOf":{"@id":"http:\/\/escort-technology.com\/de\/#website"},"datePublished":"2020-05-28T11:02:26+00:00","breadcrumb":{"@id":"http:\/\/escort-technology.com\/de\/zlacza-subconn-seria-penetrator\/#breadcrumb"},"inLanguage":"en-US","potentialAction":[{"@type":"ReadAction","target":["http:\/\/escort-technology.com\/de\/zlacza-subconn-seria-penetrator\/"]}]},{"@type":"BreadcrumbList","@id":"http:\/\/escort-technology.com\/de\/zlacza-subconn-seria-penetrator\/#breadcrumb","itemListElement":[{"@type":"ListItem","position":1,"name":"Strona g\u0142\u00f3wna","item":"https:\/\/escort-technology.com\/"},{"@type":"ListItem","position":2,"name":"Z\u0142\u0105cza Subconn seria Penetrator"}]},{"@type":"WebSite","@id":"http:\/\/escort-technology.com\/de\/#website","url":"http:\/\/escort-technology.com\/de\/","name":"ESCORT TECHNOLOGY","description":"Onshore and offshore electronics","publisher":{"@id":"http:\/\/escort-technology.com\/de\/#organization"},"potentialAction":[{"@type":"SearchAction","target":{"@type":"EntryPoint","urlTemplate":"http:\/\/escort-technology.com\/de\/?s={search_term_string}"},"query-input":{"@type":"PropertyValueSpecification","valueRequired":true,"valueName":"search_term_string"}}],"inLanguage":"en-US"},{"@type":"Organization","@id":"http:\/\/escort-technology.com\/de\/#organization","name":"ESCORT TECHNOLOGY","url":"http:\/\/escort-technology.com\/de\/","logo":{"@type":"ImageObject","inLanguage":"en-US","@id":"http:\/\/escort-technology.com\/de\/#\/schema\/logo\/image\/","url":"https:\/\/escort-technology.com\/wp-content\/uploads\/logo-1.jpg","contentUrl":"https:\/\/escort-technology.com\/wp-content\/uploads\/logo-1.jpg","width":600,"height":165,"caption":"ESCORT TECHNOLOGY"},"image":{"@id":"http:\/\/escort-technology.com\/de\/#\/schema\/logo\/image\/"},"sameAs":["https:\/\/www.facebook.com\/elektronika.morska\/","https:\/\/www.linkedin.com\/company\/escort-sp-z-o-o-\/"]}]}},"_links":{"self":[{"href":"https:\/\/escort-technology.com\/en\/wp-json\/wp\/v2\/pages\/6075","targetHints":{"allow":["GET"]}}],"collection":[{"href":"https:\/\/escort-technology.com\/en\/wp-json\/wp\/v2\/pages"}],"about":[{"href":"https:\/\/escort-technology.com\/en\/wp-json\/wp\/v2\/types\/page"}],"author":[{"embeddable":true,"href":"https:\/\/escort-technology.com\/en\/wp-json\/wp\/v2\/users\/10"}],"replies":[{"embeddable":true,"href":"https:\/\/escort-technology.com\/en\/wp-json\/wp\/v2\/comments?post=6075"}],"version-history":[{"count":5,"href":"https:\/\/escort-technology.com\/en\/wp-json\/wp\/v2\/pages\/6075\/revisions"}],"predecessor-version":[{"id":6085,"href":"https:\/\/escort-technology.com\/en\/wp-json\/wp\/v2\/pages\/6075\/revisions\/6085"}],"wp:attachment":[{"href":"https:\/\/escort-technology.com\/en\/wp-json\/wp\/v2\/media?parent=6075"}],"curies":[{"name":"wp","href":"https:\/\/api.w.org\/{rel}","templated":true}]}}