{"id":6088,"date":"2020-05-28T13:20:45","date_gmt":"2020-05-28T11:20:45","guid":{"rendered":"https:\/\/escort-technology.com\/?page_id=6088"},"modified":"2020-05-28T13:20:45","modified_gmt":"2020-05-28T11:20:45","slug":"kable-subconn","status":"publish","type":"page","link":"https:\/\/escort-technology.com\/en\/kable-subconn\/","title":{"rendered":"Kable SubConn"},"content":{"rendered":"<h1><strong>Kable SubConn<\/strong><\/h1>\n<hr>\n<p><img decoding=\"async\" src=\"wp-content\/uploads\/polyurethante_cables_intro.jpg\" alt=\"\"><\/p>\n<div>\n<p>Wszystkie z\u0142\u0105cza i penetratory SubConn\u00ae mog\u0105 by\u0107 dostarczane z dedykowanymi kablami podwodnymi r\u00f3\u017cnych typ\u00f3w i konfiguracji przewod\u00f3w. Standardowo wi\u0119kszo\u015b\u0107 z\u0142\u0105cz SubConn\u00ae jest dostarczana z kablami z kauczuku chloroprenowego, natomiast seria Ethernet i Coax s\u0105 standardowo wyposa\u017cone m.in. w kable poliuretanowe (PUR).<\/p>\n<p>Wszystkie produkty z serii SubConn\u00ae connector mog\u0105 by\u0107 r\u00f3wnie\u017c dostarczane ze specjalnymi kablami typu PUR, kt\u00f3re s\u0105 specjalnie zaprojektowane, wyprodukowane i przetestowane do stosowania ze z\u0142\u0105czami SubConn\u00ae.<\/p>\n<p>Firma SubConn posiada w magazynie ca\u0142\u0105 gam\u0119 wytrzyma\u0142ych, specjalnych kabli PUR, w tym kilka r\u00f3\u017cnych kombinacji i wymiar\u00f3w kabli zasilaj\u0105cych i sygna\u0142owych.<\/p>\n<p>W po\u0142\u0105czeniu ze z\u0142\u0105czami SubConn\u00ae lub penetratorami, ten szeroki zakres specjalnych opcji kablowych pozwala klientowi na monta\u017c optymalnego rozwi\u0105zania w zakresie po\u0142\u0105cze\u0144 podwodnych dla ka\u017cdego zadania lub zastosowania.<\/p>\n<p>Ponadto SubConn jest jednym z niewielu przedsi\u0119biorstw w bran\u017cy, kt\u00f3re opanowa\u0142y zaawansowan\u0105 technik\u0119 formowania gumowych z\u0142\u0105czy wtykowych do kabli PUR, co pozwala klientom na uzyskanie jeszcze bardziej elastycznych, wydajnych i wytrzyma\u0142ych rozwi\u0105za\u0144 po\u0142\u0105czeniowych.<\/p>\n<p><strong>Og\u00f3lne informacje o kablach<\/strong><\/p>\n<p>Nominalny promie\u0144 gi\u0119cia kabla = 15 x kabel OD<br \/>Prosimy o zapoznanie si\u0119 z nasz\u0105 specjaln\u0105 specyfikacj\u0105 kabli poliuretanowych (PUR) poni\u017cej<\/p>\n<p><strong>Og\u00f3lne informacje o monta\u017cu kabli<\/strong><\/p>\n<p>Wszystkie zespo\u0142y kablowe s\u0105 mierzone od czo\u0142a gumowego z\u0142\u0105cza do czo\u0142a gumowego z\u0142\u0105cza.<br \/>Nasze standardowe tolerancje monta\u017cu kabli wynosz\u0105 +\/- 1&#8243; (25,4 mm) na zam\u00f3wionej d\u0142ugo\u015bci kabla, ni\u017csze tolerancje wymagaj\u0105 zatwierdzenia przez dostawc\u0119.<\/p>\n<p><strong>Og\u00f3lne informacje o zako\u0144czeniu kabli<br \/><\/strong><\/p>\n<p>Maksymalny rozmiar \u017cy\u0142y w mikro z\u0142\u0105czach wynosi 18 AWG<br \/>Maksymalnie 2 ekrany lub \u017cy\u0142y mog\u0105 by\u0107 zako\u0144czone na jeden styk<\/p>\n<\/div>\n<p><img decoding=\"async\" src=\"wp-content\/uploads\/p2c20.jpg\" alt=\"\"><\/p>\n<div>\n<p><strong>Kable jedno\u017cy\u0142owe<\/strong><\/p>\n<\/div>\n<p><img decoding=\"async\" src=\"wp-content\/uploads\/p3c18-os.jpg\" alt=\"\"><\/p>\n<div>\n<p><strong>Ekranowane kable jedno\u017cy\u0142owe<\/strong><\/p>\n<\/div>\n<p><img decoding=\"async\" src=\"wp-content\/uploads\/p2tsp20.jpg\" alt=\"\"><\/p>\n<div>\n<p><strong>Ekranowane skr\u0119tki dwu\u017cy\u0142owe<\/strong><\/p>\n<\/div>\n<p><img decoding=\"async\" src=\"wp-content\/uploads\/p_hfcx75.jpg\" alt=\"\"><\/p>\n<div>\n<p><strong>Kable koncentryczne<\/strong><\/p>\n<\/div>\n<p><img decoding=\"async\" src=\"wp-content\/uploads\/d_p4tp24.jpg\" alt=\"\"><\/p>\n<div>\n<p><strong>Kable ethernetowe<\/strong><\/p>\n<\/div>\n<p><img decoding=\"async\" src=\"wp-content\/uploads\/p2quint22-_1triad22-_1triad20.jpg\" alt=\"\"><\/p>\n<div>\n<p><strong>Inne kable<\/strong><\/p>\n<\/div>\n<p><!-- {\"type\":\"layout\",\"children\":[{\"type\":\"section\",\"props\":{\"style\":\"default\",\"width\":\"default\",\"vertical_align\":\"middle\",\"title_position\":\"top-left\",\"title_rotation\":\"left\",\"title_breakpoint\":\"xl\",\"image_position\":\"center-center\",\"text_color\":\"\",\"width_expand\":\"\",\"height\":\"\",\"padding\":\"\",\"header_transparent\":\"\",\"animation\":\"\"},\"children\":[{\"type\":\"row\",\"props\":{\"layout\":\"1-1\",\"breakpoint\":\"m\",\"fixed_width\":\"large\",\"gutter\":\"\",\"width\":\"\",\"width_expand\":\"\",\"height\":\"\",\"margin\":\"\"},\"children\":[{\"type\":\"column\",\"props\":{\"widths\":[\"1-1\"],\"image_position\":\"center-center\",\"media_overlay_gradient\":\"\",\"vertical_align\":\"\",\"style\":\"\",\"text_color\":\"\",\"padding\":\"\"},\"children\":[{\"type\":\"headline\",\"props\":{\"title_element\":\"h1\",\"title_style\":\"\",\"title_decoration\":\"\",\"title_color\":\"\",\"text_align\":\"\",\"text_align_breakpoint\":\"\",\"text_align_fallback\":\"\",\"maxwidth\":\"\",\"maxwidth_align\":\"\",\"maxwidth_breakpoint\":\"\",\"margin\":\"\",\"animation\":\"\",\"visibility\":\"\",\"content\":\"<strong>Kable SubConn<\\\/strong>\"}},{\"type\":\"divider\",\"props\":{\"divider_element\":\"hr\",\"divider_style\":\"\",\"divider_align\":\"\",\"divider_align_breakpoint\":\"\",\"divider_align_fallback\":\"\",\"maxwidth\":\"\",\"maxwidth_align\":\"\",\"maxwidth_breakpoint\":\"\",\"margin\":\"\",\"animation\":\"\",\"visibility\":\"\"}},{\"type\":\"image\",\"props\":{\"margin\":\"default\",\"link_target\":\"\",\"image_border\":\"\",\"image_box_shadow\":\"\",\"image_hover_box_shadow\":\"\",\"image_box_decoration\":\"\",\"text_align\":\"\",\"text_align_breakpoint\":\"\",\"text_align_fallback\":\"\",\"maxwidth\":\"\",\"maxwidth_align\":\"\",\"maxwidth_breakpoint\":\"\",\"animation\":\"\",\"visibility\":\"\",\"image\":\"wp-content\\\/uploads\\\/polyurethante_cables_intro.jpg\"}},{\"type\":\"text\",\"props\":{\"margin\":\"default\",\"column_breakpoint\":\"m\",\"text_style\":\"\",\"text_color\":\"\",\"text_size\":\"\",\"column\":\"\",\"text_align\":\"\",\"text_align_breakpoint\":\"\",\"text_align_fallback\":\"\",\"maxwidth\":\"\",\"maxwidth_align\":\"\",\"maxwidth_breakpoint\":\"\",\"animation\":\"\",\"visibility\":\"\",\"content\":\"\n\n<p>Wszystkie z\\u0142\\u0105cza i penetratory SubConn\\u00ae mog\\u0105 by\\u0107 dostarczane z dedykowanymi kablami podwodnymi r\\u00f3\\u017cnych typ\\u00f3w i konfiguracji przewod\\u00f3w. Standardowo wi\\u0119kszo\\u015b\\u0107 z\\u0142\\u0105cz SubConn\\u00ae jest dostarczana z kablami z kauczuku chloroprenowego, natomiast seria Ethernet i Coax s\\u0105 standardowo wyposa\\u017cone m.in. w kable poliuretanowe (PUR).<\\\/p>\\n\n\n<p>Wszystkie produkty z serii SubConn\\u00ae connector mog\\u0105 by\\u0107 r\\u00f3wnie\\u017c dostarczane ze specjalnymi kablami typu PUR, kt\\u00f3re s\\u0105 specjalnie zaprojektowane, wyprodukowane i przetestowane do stosowania ze z\\u0142\\u0105czami SubConn\\u00ae.<\\\/p>\\n\n\n<p>Firma SubConn posiada w magazynie ca\\u0142\\u0105 gam\\u0119 wytrzyma\\u0142ych, specjalnych kabli PUR, w tym kilka r\\u00f3\\u017cnych kombinacji i wymiar\\u00f3w kabli zasilaj\\u0105cych i sygna\\u0142owych.<\\\/p>\\n\n\n<p>W po\\u0142\\u0105czeniu ze z\\u0142\\u0105czami SubConn\\u00ae lub penetratorami, ten szeroki zakres specjalnych opcji kablowych pozwala klientowi na monta\\u017c optymalnego rozwi\\u0105zania w zakresie po\\u0142\\u0105cze\\u0144 podwodnych dla ka\\u017cdego zadania lub zastosowania.<\\\/p>\\n\n\n<p>Ponadto SubConn jest jednym z niewielu przedsi\\u0119biorstw w bran\\u017cy, kt\\u00f3re opanowa\\u0142y zaawansowan\\u0105 technik\\u0119 formowania gumowych z\\u0142\\u0105czy wtykowych do kabli PUR, co pozwala klientom na uzyskanie jeszcze bardziej elastycznych, wydajnych i wytrzyma\\u0142ych rozwi\\u0105za\\u0144 po\\u0142\\u0105czeniowych.<\\\/p>\\n\n\n<p><strong>Og\\u00f3lne informacje o kablach<\\\/strong><\\\/p>\\n\n\n<p>Nominalny promie\\u0144 gi\\u0119cia kabla = 15 x kabel OD<br \\\/>Prosimy o zapoznanie si\\u0119 z nasz\\u0105 specjaln\\u0105 specyfikacj\\u0105 kabli poliuretanowych (PUR) poni\\u017cej<\\\/p>\\n\n\n<p><strong>Og\\u00f3lne informacje o monta\\u017cu kabli<\\\/strong><\\\/p>\\n\n\n<p>Wszystkie zespo\\u0142y kablowe s\\u0105 mierzone od czo\\u0142a gumowego z\\u0142\\u0105cza do czo\\u0142a gumowego z\\u0142\\u0105cza.<br \\\/>Nasze standardowe tolerancje monta\\u017cu kabli wynosz\\u0105 +\\\/- 1\\\" (25,4 mm) na zam\\u00f3wionej d\\u0142ugo\\u015bci kabla, ni\\u017csze tolerancje wymagaj\\u0105 zatwierdzenia przez dostawc\\u0119.<\\\/p>\\n\n\n<p><strong>Og\\u00f3lne informacje o zako\\u0144czeniu kabli<br \\\/><\\\/strong><\\\/p>\\n\n\n<p>Maksymalny rozmiar \\u017cy\\u0142y w mikro z\\u0142\\u0105czach wynosi 18 AWG<br \\\/>Maksymalnie 2 ekrany lub \\u017cy\\u0142y mog\\u0105 by\\u0107 zako\\u0144czone na jeden styk<\\\/p>\"}}]}]}]},{\"type\":\"section\",\"props\":{\"style\":\"default\",\"width\":\"default\",\"vertical_align\":\"middle\",\"title_position\":\"top-left\",\"title_rotation\":\"left\",\"title_breakpoint\":\"xl\",\"image_position\":\"center-center\",\"text_color\":\"\",\"width_expand\":\"\",\"height\":\"\",\"padding\":\"\",\"header_transparent\":\"\",\"animation\":\"\"},\"children\":[{\"type\":\"row\",\"props\":{\"layout\":\",,\",\"breakpoint\":\"m\",\"fixed_width\":\"large\",\"gutter\":\"\",\"width\":\"\",\"width_expand\":\"\",\"height\":\"\",\"margin\":\"\"},\"children\":[{\"type\":\"column\",\"props\":{\"widths\":[\"\"],\"image_position\":\"center-center\",\"media_overlay_gradient\":\"\",\"vertical_align\":\"\",\"style\":\"\",\"text_color\":\"\",\"padding\":\"\"},\"children\":[{\"type\":\"image\",\"props\":{\"margin\":\"default\",\"link_target\":\"\",\"image_border\":\"\",\"image_box_shadow\":\"\",\"image_hover_box_shadow\":\"\",\"image_box_decoration\":\"\",\"text_align\":\"\",\"text_align_breakpoint\":\"\",\"text_align_fallback\":\"\",\"maxwidth\":\"\",\"maxwidth_align\":\"\",\"maxwidth_breakpoint\":\"\",\"animation\":\"\",\"visibility\":\"\",\"image\":\"wp-content\\\/uploads\\\/p2c20.jpg\"}},{\"type\":\"text\",\"props\":{\"margin\":\"default\",\"column_breakpoint\":\"m\",\"text_style\":\"\",\"text_color\":\"\",\"text_size\":\"\",\"column\":\"\",\"text_align\":\"\",\"text_align_breakpoint\":\"\",\"text_align_fallback\":\"\",\"maxwidth\":\"\",\"maxwidth_align\":\"\",\"maxwidth_breakpoint\":\"\",\"animation\":\"\",\"visibility\":\"\",\"content\":\"\n\n<p><strong>Kable jedno\\u017cy\\u0142owe<\\\/strong><\\\/p>\"}}]},{\"type\":\"column\",\"props\":{\"widths\":[\"\"],\"image_position\":\"center-center\",\"media_overlay_gradient\":\"\",\"vertical_align\":\"\",\"style\":\"\",\"text_color\":\"\",\"padding\":\"\"},\"children\":[{\"type\":\"image\",\"props\":{\"margin\":\"default\",\"link_target\":\"\",\"image_border\":\"\",\"image_box_shadow\":\"\",\"image_hover_box_shadow\":\"\",\"image_box_decoration\":\"\",\"text_align\":\"\",\"text_align_breakpoint\":\"\",\"text_align_fallback\":\"\",\"maxwidth\":\"\",\"maxwidth_align\":\"\",\"maxwidth_breakpoint\":\"\",\"animation\":\"\",\"visibility\":\"\",\"image\":\"wp-content\\\/uploads\\\/p3c18-os.jpg\"}},{\"type\":\"text\",\"props\":{\"margin\":\"default\",\"column_breakpoint\":\"m\",\"text_style\":\"\",\"text_color\":\"\",\"text_size\":\"\",\"column\":\"\",\"text_align\":\"\",\"text_align_breakpoint\":\"\",\"text_align_fallback\":\"\",\"maxwidth\":\"\",\"maxwidth_align\":\"\",\"maxwidth_breakpoint\":\"\",\"animation\":\"\",\"visibility\":\"\",\"content\":\"\n\n<p><strong>Ekranowane kable jedno\\u017cy\\u0142owe<\\\/strong><\\\/p>\"}}]},{\"type\":\"column\",\"props\":{\"widths\":[\"\"],\"image_position\":\"center-center\",\"media_overlay_gradient\":\"\",\"vertical_align\":\"\",\"style\":\"\",\"text_color\":\"\",\"padding\":\"\"},\"children\":[{\"type\":\"image\",\"props\":{\"margin\":\"default\",\"link_target\":\"\",\"image_border\":\"\",\"image_box_shadow\":\"\",\"image_hover_box_shadow\":\"\",\"image_box_decoration\":\"\",\"text_align\":\"\",\"text_align_breakpoint\":\"\",\"text_align_fallback\":\"\",\"maxwidth\":\"\",\"maxwidth_align\":\"\",\"maxwidth_breakpoint\":\"\",\"animation\":\"\",\"visibility\":\"\",\"image\":\"wp-content\\\/uploads\\\/p2tsp20.jpg\"}},{\"type\":\"text\",\"props\":{\"margin\":\"default\",\"column_breakpoint\":\"m\",\"text_style\":\"\",\"text_color\":\"\",\"text_size\":\"\",\"column\":\"\",\"text_align\":\"\",\"text_align_breakpoint\":\"\",\"text_align_fallback\":\"\",\"maxwidth\":\"\",\"maxwidth_align\":\"\",\"maxwidth_breakpoint\":\"\",\"animation\":\"\",\"visibility\":\"\",\"content\":\"\n\n<p><strong>Ekranowane skr\\u0119tki dwu\\u017cy\\u0142owe<\\\/strong><\\\/p>\"}}]}]}]},{\"type\":\"section\",\"props\":{\"style\":\"default\",\"width\":\"default\",\"vertical_align\":\"middle\",\"title_position\":\"top-left\",\"title_rotation\":\"left\",\"title_breakpoint\":\"xl\",\"image_position\":\"center-center\",\"text_color\":\"\",\"width_expand\":\"\",\"height\":\"\",\"padding\":\"\",\"header_transparent\":\"\",\"animation\":\"\"},\"children\":[{\"type\":\"row\",\"props\":{\"layout\":\",,\",\"breakpoint\":\"m\",\"fixed_width\":\"large\",\"gutter\":\"\",\"width\":\"\",\"width_expand\":\"\",\"height\":\"\",\"margin\":\"\"},\"children\":[{\"type\":\"column\",\"props\":{\"widths\":[\"\"],\"image_position\":\"center-center\",\"media_overlay_gradient\":\"\",\"vertical_align\":\"\",\"style\":\"\",\"text_color\":\"\",\"padding\":\"\"},\"children\":[{\"type\":\"image\",\"props\":{\"margin\":\"default\",\"link_target\":\"\",\"image_border\":\"\",\"image_box_shadow\":\"\",\"image_hover_box_shadow\":\"\",\"image_box_decoration\":\"\",\"text_align\":\"\",\"text_align_breakpoint\":\"\",\"text_align_fallback\":\"\",\"maxwidth\":\"\",\"maxwidth_align\":\"\",\"maxwidth_breakpoint\":\"\",\"animation\":\"\",\"visibility\":\"\",\"image\":\"wp-content\\\/uploads\\\/p_hfcx75.jpg\"}},{\"type\":\"text\",\"props\":{\"margin\":\"default\",\"column_breakpoint\":\"m\",\"text_style\":\"\",\"text_color\":\"\",\"text_size\":\"\",\"column\":\"\",\"text_align\":\"\",\"text_align_breakpoint\":\"\",\"text_align_fallback\":\"\",\"maxwidth\":\"\",\"maxwidth_align\":\"\",\"maxwidth_breakpoint\":\"\",\"animation\":\"\",\"visibility\":\"\",\"content\":\"\n\n<p><strong>Kable koncentryczne<\\\/strong><\\\/p>\"}}]},{\"type\":\"column\",\"props\":{\"widths\":[\"\"],\"image_position\":\"center-center\",\"media_overlay_gradient\":\"\",\"vertical_align\":\"\",\"style\":\"\",\"text_color\":\"\",\"padding\":\"\"},\"children\":[{\"type\":\"image\",\"props\":{\"margin\":\"default\",\"link_target\":\"\",\"image_border\":\"\",\"image_box_shadow\":\"\",\"image_hover_box_shadow\":\"\",\"image_box_decoration\":\"\",\"text_align\":\"\",\"text_align_breakpoint\":\"\",\"text_align_fallback\":\"\",\"maxwidth\":\"\",\"maxwidth_align\":\"\",\"maxwidth_breakpoint\":\"\",\"animation\":\"\",\"visibility\":\"\",\"image\":\"wp-content\\\/uploads\\\/d_p4tp24.jpg\"}},{\"type\":\"text\",\"props\":{\"margin\":\"default\",\"column_breakpoint\":\"m\",\"text_style\":\"\",\"text_color\":\"\",\"text_size\":\"\",\"column\":\"\",\"text_align\":\"\",\"text_align_breakpoint\":\"\",\"text_align_fallback\":\"\",\"maxwidth\":\"\",\"maxwidth_align\":\"\",\"maxwidth_breakpoint\":\"\",\"animation\":\"\",\"visibility\":\"\",\"content\":\"\n\n<p><strong>Kable ethernetowe<\\\/strong><\\\/p>\"}}]},{\"type\":\"column\",\"props\":{\"widths\":[\"\"],\"image_position\":\"center-center\",\"media_overlay_gradient\":\"\",\"vertical_align\":\"\",\"style\":\"\",\"text_color\":\"\",\"padding\":\"\"},\"children\":[{\"type\":\"image\",\"props\":{\"margin\":\"default\",\"link_target\":\"\",\"image_border\":\"\",\"image_box_shadow\":\"\",\"image_hover_box_shadow\":\"\",\"image_box_decoration\":\"\",\"text_align\":\"\",\"text_align_breakpoint\":\"\",\"text_align_fallback\":\"\",\"maxwidth\":\"\",\"maxwidth_align\":\"\",\"maxwidth_breakpoint\":\"\",\"animation\":\"\",\"visibility\":\"\",\"image\":\"wp-content\\\/uploads\\\/p2quint22-_1triad22-_1triad20.jpg\"}},{\"type\":\"text\",\"props\":{\"margin\":\"default\",\"column_breakpoint\":\"m\",\"text_style\":\"\",\"text_color\":\"\",\"text_size\":\"\",\"column\":\"\",\"text_align\":\"\",\"text_align_breakpoint\":\"\",\"text_align_fallback\":\"\",\"maxwidth\":\"\",\"maxwidth_align\":\"\",\"maxwidth_breakpoint\":\"\",\"animation\":\"\",\"visibility\":\"\",\"content\":\"\n\n<p><strong>Inne kable<\\\/strong><\\\/p>\"}}]}]}]}]} --><\/p>\n","protected":false},"excerpt":{"rendered":"<p>Kable SubConn Wszystkie z\u0142\u0105cza i penetratory SubConn\u00ae mog\u0105 by\u0107 dostarczane z dedykowanymi kablami podwodnymi r\u00f3\u017cnych typ\u00f3w i konfiguracji przewod\u00f3w. Standardowo wi\u0119kszo\u015b\u0107 z\u0142\u0105cz SubConn\u00ae jest dostarczana z kablami z kauczuku chloroprenowego, natomiast seria Ethernet i Coax s\u0105 standardowo wyposa\u017cone m.in. w kable poliuretanowe (PUR). Wszystkie produkty z serii SubConn\u00ae connector mog\u0105 by\u0107 r\u00f3wnie\u017c dostarczane ze specjalnymi [&hellip;]<\/p>\n","protected":false},"author":10,"featured_media":0,"parent":0,"menu_order":0,"comment_status":"closed","ping_status":"closed","template":"","meta":{"footnotes":""},"class_list":["post-6088","page","type-page","status-publish","hentry"],"yoast_head":"<!-- This site is optimized with the Yoast SEO plugin v27.5 - https:\/\/yoast.com\/product\/yoast-seo-wordpress\/ -->\n<title>Kable SubConn - ESCORT TECHNOLOGY<\/title>\n<meta name=\"robots\" content=\"index, follow, max-snippet:-1, max-image-preview:large, max-video-preview:-1\" \/>\n<link rel=\"canonical\" href=\"https:\/\/escort-technology.com\/en\/kable-subconn\/\" \/>\n<meta property=\"og:locale\" content=\"en_US\" \/>\n<meta property=\"og:type\" content=\"article\" \/>\n<meta property=\"og:title\" content=\"Kable SubConn - ESCORT TECHNOLOGY\" \/>\n<meta property=\"og:description\" content=\"Kable SubConn Wszystkie z\u0142\u0105cza i penetratory SubConn\u00ae mog\u0105 by\u0107 dostarczane z dedykowanymi kablami podwodnymi r\u00f3\u017cnych typ\u00f3w i konfiguracji przewod\u00f3w. Standardowo wi\u0119kszo\u015b\u0107 z\u0142\u0105cz SubConn\u00ae jest dostarczana z kablami z kauczuku chloroprenowego, natomiast seria Ethernet i Coax s\u0105 standardowo wyposa\u017cone m.in. w kable poliuretanowe (PUR). Wszystkie produkty z serii SubConn\u00ae connector mog\u0105 by\u0107 r\u00f3wnie\u017c dostarczane ze specjalnymi [&hellip;]\" \/>\n<meta property=\"og:url\" content=\"https:\/\/escort-technology.com\/en\/kable-subconn\/\" \/>\n<meta property=\"og:site_name\" content=\"ESCORT TECHNOLOGY\" \/>\n<meta property=\"article:publisher\" content=\"https:\/\/www.facebook.com\/elektronika.morska\/\" \/>\n<meta property=\"og:image\" content=\"http:\/\/wp-content\/uploads\/polyurethante_cables_intro.jpg\" \/>\n<meta name=\"twitter:card\" content=\"summary_large_image\" \/>\n<meta name=\"twitter:label1\" content=\"Est. reading time\" \/>\n\t<meta name=\"twitter:data1\" content=\"2 minutes\" \/>\n<script type=\"application\/ld+json\" class=\"yoast-schema-graph\">{\"@context\":\"https:\\\/\\\/schema.org\",\"@graph\":[{\"@type\":\"WebPage\",\"@id\":\"https:\\\/\\\/escort-technology.com\\\/pl\\\/kable-subconn\\\/\",\"url\":\"https:\\\/\\\/escort-technology.com\\\/pl\\\/kable-subconn\\\/\",\"name\":\"Kable SubConn - ESCORT TECHNOLOGY\",\"isPartOf\":{\"@id\":\"http:\\\/\\\/escort-technology.com\\\/de\\\/#website\"},\"datePublished\":\"2020-05-28T11:20:45+00:00\",\"breadcrumb\":{\"@id\":\"https:\\\/\\\/escort-technology.com\\\/pl\\\/kable-subconn\\\/#breadcrumb\"},\"inLanguage\":\"en-US\",\"potentialAction\":[{\"@type\":\"ReadAction\",\"target\":[\"https:\\\/\\\/escort-technology.com\\\/pl\\\/kable-subconn\\\/\"]}]},{\"@type\":\"BreadcrumbList\",\"@id\":\"https:\\\/\\\/escort-technology.com\\\/pl\\\/kable-subconn\\\/#breadcrumb\",\"itemListElement\":[{\"@type\":\"ListItem\",\"position\":1,\"name\":\"Strona g\u0142\u00f3wna\",\"item\":\"https:\\\/\\\/escort-technology.com\\\/\"},{\"@type\":\"ListItem\",\"position\":2,\"name\":\"Kable SubConn\"}]},{\"@type\":\"WebSite\",\"@id\":\"http:\\\/\\\/escort-technology.com\\\/de\\\/#website\",\"url\":\"http:\\\/\\\/escort-technology.com\\\/de\\\/\",\"name\":\"ESCORT TECHNOLOGY\",\"description\":\"Elektronika morska i l\u0105dowa\",\"publisher\":{\"@id\":\"http:\\\/\\\/escort-technology.com\\\/de\\\/#organization\"},\"potentialAction\":[{\"@type\":\"SearchAction\",\"target\":{\"@type\":\"EntryPoint\",\"urlTemplate\":\"http:\\\/\\\/escort-technology.com\\\/de\\\/?s={search_term_string}\"},\"query-input\":{\"@type\":\"PropertyValueSpecification\",\"valueRequired\":true,\"valueName\":\"search_term_string\"}}],\"inLanguage\":\"en-US\"},{\"@type\":\"Organization\",\"@id\":\"http:\\\/\\\/escort-technology.com\\\/de\\\/#organization\",\"name\":\"ESCORT TECHNOLOGY\",\"url\":\"http:\\\/\\\/escort-technology.com\\\/de\\\/\",\"logo\":{\"@type\":\"ImageObject\",\"inLanguage\":\"en-US\",\"@id\":\"http:\\\/\\\/escort-technology.com\\\/de\\\/#\\\/schema\\\/logo\\\/image\\\/\",\"url\":\"https:\\\/\\\/escort-technology.com\\\/wp-content\\\/uploads\\\/logo-1.jpg\",\"contentUrl\":\"https:\\\/\\\/escort-technology.com\\\/wp-content\\\/uploads\\\/logo-1.jpg\",\"width\":600,\"height\":165,\"caption\":\"ESCORT TECHNOLOGY\"},\"image\":{\"@id\":\"http:\\\/\\\/escort-technology.com\\\/de\\\/#\\\/schema\\\/logo\\\/image\\\/\"},\"sameAs\":[\"https:\\\/\\\/www.facebook.com\\\/elektronika.morska\\\/\",\"https:\\\/\\\/www.linkedin.com\\\/company\\\/escort-sp-z-o-o-\\\/\"]}]}<\/script>\n<!-- \/ Yoast SEO plugin. -->","yoast_head_json":{"title":"Kable SubConn - ESCORT TECHNOLOGY","robots":{"index":"index","follow":"follow","max-snippet":"max-snippet:-1","max-image-preview":"max-image-preview:large","max-video-preview":"max-video-preview:-1"},"canonical":"https:\/\/escort-technology.com\/en\/kable-subconn\/","og_locale":"en_US","og_type":"article","og_title":"Kable SubConn - ESCORT TECHNOLOGY","og_description":"Kable SubConn Wszystkie z\u0142\u0105cza i penetratory SubConn\u00ae mog\u0105 by\u0107 dostarczane z dedykowanymi kablami podwodnymi r\u00f3\u017cnych typ\u00f3w i konfiguracji przewod\u00f3w. Standardowo wi\u0119kszo\u015b\u0107 z\u0142\u0105cz SubConn\u00ae jest dostarczana z kablami z kauczuku chloroprenowego, natomiast seria Ethernet i Coax s\u0105 standardowo wyposa\u017cone m.in. w kable poliuretanowe (PUR). Wszystkie produkty z serii SubConn\u00ae connector mog\u0105 by\u0107 r\u00f3wnie\u017c dostarczane ze specjalnymi [&hellip;]","og_url":"https:\/\/escort-technology.com\/en\/kable-subconn\/","og_site_name":"ESCORT TECHNOLOGY","article_publisher":"https:\/\/www.facebook.com\/elektronika.morska\/","og_image":[{"url":"wp-content\/uploads\/polyurethante_cables_intro.jpg","type":"","width":"","height":""}],"twitter_card":"summary_large_image","twitter_misc":{"Est. reading time":"2 minutes"},"schema":{"@context":"https:\/\/schema.org","@graph":[{"@type":"WebPage","@id":"https:\/\/escort-technology.com\/pl\/kable-subconn\/","url":"https:\/\/escort-technology.com\/pl\/kable-subconn\/","name":"Kable SubConn - ESCORT TECHNOLOGY","isPartOf":{"@id":"http:\/\/escort-technology.com\/de\/#website"},"datePublished":"2020-05-28T11:20:45+00:00","breadcrumb":{"@id":"https:\/\/escort-technology.com\/pl\/kable-subconn\/#breadcrumb"},"inLanguage":"en-US","potentialAction":[{"@type":"ReadAction","target":["https:\/\/escort-technology.com\/pl\/kable-subconn\/"]}]},{"@type":"BreadcrumbList","@id":"https:\/\/escort-technology.com\/pl\/kable-subconn\/#breadcrumb","itemListElement":[{"@type":"ListItem","position":1,"name":"Strona g\u0142\u00f3wna","item":"https:\/\/escort-technology.com\/"},{"@type":"ListItem","position":2,"name":"Kable SubConn"}]},{"@type":"WebSite","@id":"http:\/\/escort-technology.com\/de\/#website","url":"http:\/\/escort-technology.com\/de\/","name":"ESCORT TECHNOLOGY","description":"Onshore and offshore electronics","publisher":{"@id":"http:\/\/escort-technology.com\/de\/#organization"},"potentialAction":[{"@type":"SearchAction","target":{"@type":"EntryPoint","urlTemplate":"http:\/\/escort-technology.com\/de\/?s={search_term_string}"},"query-input":{"@type":"PropertyValueSpecification","valueRequired":true,"valueName":"search_term_string"}}],"inLanguage":"en-US"},{"@type":"Organization","@id":"http:\/\/escort-technology.com\/de\/#organization","name":"ESCORT TECHNOLOGY","url":"http:\/\/escort-technology.com\/de\/","logo":{"@type":"ImageObject","inLanguage":"en-US","@id":"http:\/\/escort-technology.com\/de\/#\/schema\/logo\/image\/","url":"https:\/\/escort-technology.com\/wp-content\/uploads\/logo-1.jpg","contentUrl":"https:\/\/escort-technology.com\/wp-content\/uploads\/logo-1.jpg","width":600,"height":165,"caption":"ESCORT TECHNOLOGY"},"image":{"@id":"http:\/\/escort-technology.com\/de\/#\/schema\/logo\/image\/"},"sameAs":["https:\/\/www.facebook.com\/elektronika.morska\/","https:\/\/www.linkedin.com\/company\/escort-sp-z-o-o-\/"]}]}},"_links":{"self":[{"href":"https:\/\/escort-technology.com\/en\/wp-json\/wp\/v2\/pages\/6088","targetHints":{"allow":["GET"]}}],"collection":[{"href":"https:\/\/escort-technology.com\/en\/wp-json\/wp\/v2\/pages"}],"about":[{"href":"https:\/\/escort-technology.com\/en\/wp-json\/wp\/v2\/types\/page"}],"author":[{"embeddable":true,"href":"https:\/\/escort-technology.com\/en\/wp-json\/wp\/v2\/users\/10"}],"replies":[{"embeddable":true,"href":"https:\/\/escort-technology.com\/en\/wp-json\/wp\/v2\/comments?post=6088"}],"version-history":[{"count":5,"href":"https:\/\/escort-technology.com\/en\/wp-json\/wp\/v2\/pages\/6088\/revisions"}],"predecessor-version":[{"id":6100,"href":"https:\/\/escort-technology.com\/en\/wp-json\/wp\/v2\/pages\/6088\/revisions\/6100"}],"wp:attachment":[{"href":"https:\/\/escort-technology.com\/en\/wp-json\/wp\/v2\/media?parent=6088"}],"curies":[{"name":"wp","href":"https:\/\/api.w.org\/{rel}","templated":true}]}}