{"id":6381,"date":"2020-07-03T09:07:33","date_gmt":"2020-07-03T07:07:33","guid":{"rendered":"https:\/\/escort-technology.com\/?page_id=6381"},"modified":"2025-11-04T11:35:01","modified_gmt":"2025-11-04T10:35:01","slug":"anteny-radarowe-marki-simrad","status":"publish","type":"page","link":"https:\/\/escort-technology.com\/en\/anteny-radarowe-marki-simrad\/","title":{"rendered":"Simrad radar antennas"},"content":{"rendered":"<h1>Anteny radarowe marki SIMRAD<\/h1>\n<div>\n<h2>Anteny zamkni\u0119te Simrad HALO<\/h2>\n<\/div>\n<p><a href=\"https:\/\/escort-technology.com\/?page_id=6671&#038;preview=true\"><img decoding=\"async\" src=\"\/wp-content\/uploads\/000-14537-001_01.jpg\" alt=\"\"><\/a><\/p>\n<div>\n<h3><span style=\"color: #000000;\"><a style=\"color: #000000;\" href=\"https:\/\/escort-technology.com\/?page_id=6671&amp;preview=true\">Antena HALO20<\/a><\/span><\/h3>\n<p>Antena radarowa zamkni\u0119ta, 20 stopowa, zasi\u0119g pracy 24 Mm. Bez szkodliwego promieniowania.<\/p>\n<\/div>\n<p><a href=\"https:\/\/escort-technology.com\/?page_id=6694&#038;preview=true\"><img decoding=\"async\" src=\"\/wp-content\/uploads\/000-14537-001_01-1.jpg\" alt=\"\"><\/a><\/p>\n<div>\n<div class=\"uk-margin\" data-id=\"page#13\">\n<h3><span style=\"color: #000000;\"><a style=\"color: #000000;\" href=\"https:\/\/escort-technology.com\/?page_id=6694&amp;preview=true\">Antena HALO20+<\/a><\/span><\/h3>\n<p>Antena radarowa zamkni\u0119ta, 20 stopowa, zasi\u0119g pracy 36 Mm, ilo\u015b\u0107 obrot\u00f3w anteny 60 RPM. Bez szkodliwego promieniowania.<\/p>\n<\/div>\n<\/div>\n<p><a href=\"http:\/\/escort-technology.com\/antena-radarowa-simrad-halo24\/\"><img decoding=\"async\" src=\"\/wp-content\/uploads\/000-14535-001_03-1.jpg\" alt=\"\"><\/a><\/p>\n<div>\n<div class=\"uk-margin\" data-id=\"page#13\">\n<h3><span style=\"color: #000000;\"><a style=\"color: #000000;\" href=\"http:\/\/escort-technology.com\/antena-radarowa-simrad-halo24\/\">Antena HALO24<\/a><\/span><\/h3>\n<p>Antena radarowa zamkni\u0119ta, 24 stopowa, zasi\u0119g pracy 36 Mm, ilo\u015b\u0107 obrot\u00f3w anteny 60 RPM. Bez szkodliwego promieniowania.<\/p>\n<\/div>\n<\/div>\n<div>\n<h2>Anteny otwarte Simrad HALO2000<\/h2>\n<\/div>\n<p><a href=\"http:\/\/escort-technology.com\/radary-simrad-halo\/\"><img decoding=\"async\" src=\"\/wp-content\/uploads\/000-11469-001.png\" alt=\"\"><\/a><\/p>\n<div>\n<h3><span style=\"color: #000000;\"><a style=\"color: #000000;\" href=\"http:\/\/escort-technology.com\/radary-simrad-halo\/\">Antena HALO2003<\/a><\/span><\/h3>\n<p>Antena radarowa, otwarta 50W, 3 stopy d\u0142ugo\u015bci, zasi\u0119g 48Mm. Technologia zw\u0119\u017cenia wi\u0105zki radarowej.<\/p>\n<\/div>\n<p><a href=\"http:\/\/escort-technology.com\/radary-simrad-halo\/\"><img decoding=\"async\" src=\"\/wp-content\/uploads\/000-11470-001.png\" alt=\"\"><\/a><\/p>\n<div>\n<div class=\"uk-margin\" data-id=\"page#28\">\n<h3><span style=\"color: #000000;\"><a style=\"color: #000000;\" href=\"http:\/\/escort-technology.com\/radary-simrad-halo\/\">Antena HALO2004<\/a><\/span><\/h3>\n<p>Antena radarowa, otwarta 50W, 4 stopy d\u0142ugo\u015bci, zasi\u0119g 64Mm. Technologia zw\u0119\u017cenia wi\u0105zki radarowej.<\/p>\n<\/div>\n<\/div>\n<p><a href=\"http:\/\/escort-technology.com\/radary-simrad-halo\/\"><img decoding=\"async\" src=\"\/wp-content\/uploads\/000-11471-001.png\" alt=\"\"><\/a><\/p>\n<div>\n<div class=\"uk-margin\" data-id=\"page#28\">\n<h3><a href=\"http:\/\/escort-technology.com\/radary-simrad-halo\/\"><span style=\"color: #000000;\">Antena HALO2006<\/span><\/a><\/h3>\n<p>Antena radarowa, otwarta 50W, 6 st\u00f3p d\u0142ugo\u015bci, zasi\u0119g 72Mm. Technologia zw\u0119\u017cenia wi\u0105zki radarowej.<\/p>\n<\/div>\n<\/div>\n<div>\n<h2>Anteny otwarte\u00a0 HALO3000<\/h2>\n<\/div>\n<p><a href=\"http:\/\/escort-technology.com\/radary-simrad-halo\/\"><img decoding=\"async\" src=\"\/wp-content\/uploads\/000-11470-001.png\" alt=\"\"><\/a><\/p>\n<div>\n<div class=\"uk-margin\" data-id=\"page#28\">\n<h3><span style=\"color: #000000;\"><a style=\"color: #000000;\" href=\"http:\/\/escort-technology.com\/radary-simrad-halo\/\">Antena HALO3004<\/a><\/span><\/h3>\n<p>Antena radarowa, otwarta 130W, 4 stopy d\u0142ugo\u015bci, zasi\u0119g 96Mm. Technologia zw\u0119\u017cenia wi\u0105zki radarowej.<\/p>\n<\/div>\n<\/div>\n<p><a href=\"http:\/\/escort-technology.com\/radary-simrad-halo\/\"><img decoding=\"async\" src=\"\/wp-content\/uploads\/000-11471-001.png\" alt=\"\"><\/a><\/p>\n<div>\n<div class=\"uk-margin\" data-id=\"page#28\">\n<h3><a href=\"http:\/\/escort-technology.com\/radary-simrad-halo\/\"><span style=\"color: #000000;\">Antena HALO3006<\/span><\/a><\/h3>\n<p>Antena radarowa, otwarta 130W, 6 st\u00f3p d\u0142ugo\u015bci, zasi\u0119g 96Mm. Technologia zw\u0119\u017cenia wi\u0105zki radarowej.<\/p>\n<\/div>\n<\/div>\n<p><!--more--><br \/>\n<!-- {\"type\":\"layout\",\"children\":[{\"type\":\"section\",\"props\":{\"image_position\":\"center-center\",\"style\":\"default\",\"title_breakpoint\":\"xl\",\"title_position\":\"top-left\",\"title_rotation\":\"left\",\"vertical_align\":\"middle\",\"width\":\"large\"},\"children\":[{\"type\":\"row\",\"children\":[{\"type\":\"column\",\"props\":{\"image_position\":\"center-center\",\"position_sticky_breakpoint\":\"m\",\"width_medium\":\"1-1\"},\"children\":[{\"type\":\"headline\",\"props\":{\"content\":\"Anteny radarowe marki SIMRAD\",\"title_element\":\"h1\"}}]}]}]},{\"type\":\"section\",\"props\":{\"image_position\":\"center-center\",\"style\":\"default\",\"title_breakpoint\":\"xl\",\"title_position\":\"top-left\",\"title_rotation\":\"left\",\"vertical_align\":\"middle\",\"width\":\"large\"},\"children\":[{\"type\":\"row\",\"children\":[{\"type\":\"column\",\"props\":{\"image_position\":\"center-center\",\"position_sticky_breakpoint\":\"m\",\"width_medium\":\"1-1\"},\"children\":[{\"type\":\"text\",\"props\":{\"column_breakpoint\":\"m\",\"content\":\"\n\n<h2>Anteny zamkni\\u0119te Simrad HALO<\\\/h2>\",\"margin\":\"default\"}}]}]}]},{\"type\":\"section\",\"props\":{\"image_position\":\"center-center\",\"style\":\"default\",\"title_breakpoint\":\"xl\",\"title_position\":\"top-left\",\"title_rotation\":\"left\",\"vertical_align\":\"middle\",\"width\":\"large\"},\"children\":[{\"type\":\"row\",\"props\":{\"layout\":\"1-3,1-3,1-3\"},\"children\":[{\"type\":\"column\",\"props\":{\"image_position\":\"center-center\",\"position_sticky_breakpoint\":\"m\",\"width_medium\":\"1-3\"},\"children\":[{\"type\":\"image\",\"props\":{\"image\":\"wp-content\\\/uploads\\\/000-14537-001_01.jpg\",\"image_svg_color\":\"emphasis\",\"link\":\"https:\\\/\\\/escort-technology.com\\\/?page_id=6671&preview=true\",\"margin\":\"default\",\"text_align\":\"center\"}},{\"type\":\"text\",\"props\":{\"column_breakpoint\":\"m\",\"content\":\"\n\n<h3><span style=\\\"color: #000000;\\\"><a style=\\\"color: #000000;\\\" href=\\\"https:\\\/\\\/escort-technology.com\\\/?page_id=6671&amp;preview=true\\\">Antena HALO20<\\\/a><\\\/span><\\\/h3>\\n\n\n<p>Antena radarowa zamkni\\u0119ta, 20 stopowa, zasi\\u0119g pracy 24 Mm. Bez szkodliwego promieniowania.<\\\/p>\",\"margin\":\"default\"}}]},{\"type\":\"column\",\"props\":{\"image_position\":\"center-center\",\"position_sticky_breakpoint\":\"m\",\"width_medium\":\"1-3\"},\"children\":[{\"type\":\"image\",\"props\":{\"image\":\"wp-content\\\/uploads\\\/000-14537-001_01-1.jpg\",\"image_svg_color\":\"emphasis\",\"link\":\"https:\\\/\\\/escort-technology.com\\\/?page_id=6694&preview=true\",\"margin\":\"default\",\"text_align\":\"center\"}},{\"type\":\"text\",\"props\":{\"column_breakpoint\":\"m\",\"content\":\"\n\n<div class=\\\"uk-margin\\\" data-id=\\\"page#13\\\">\\n\n\n<h3><span style=\\\"color: #000000;\\\"><a style=\\\"color: #000000;\\\" href=\\\"https:\\\/\\\/escort-technology.com\\\/?page_id=6694&amp;preview=true\\\">Antena HALO20+<\\\/a><\\\/span><\\\/h3>\\n\n\n<p>Antena radarowa zamkni\\u0119ta, 20 stopowa, zasi\\u0119g pracy 36 Mm, ilo\\u015b\\u0107 obrot\\u00f3w anteny 60 RPM. Bez szkodliwego promieniowania.<\\\/p>\\n<\\\/div>\",\"margin\":\"default\"}}]},{\"type\":\"column\",\"props\":{\"image_position\":\"center-center\",\"position_sticky_breakpoint\":\"m\",\"width_medium\":\"1-3\"},\"children\":[{\"type\":\"image\",\"props\":{\"image\":\"wp-content\\\/uploads\\\/000-14535-001_03-1.jpg\",\"image_svg_color\":\"emphasis\",\"link\":\"http:\\\/\\\/escort-technology.com\\\/antena-radarowa-simrad-halo24\\\/\",\"margin\":\"default\",\"text_align\":\"center\"}},{\"type\":\"text\",\"props\":{\"column_breakpoint\":\"m\",\"content\":\"\n\n<div class=\\\"uk-margin\\\" data-id=\\\"page#13\\\">\\n\n\n<h3><span style=\\\"color: #000000;\\\"><a style=\\\"color: #000000;\\\" href=\\\"http:\\\/\\\/escort-technology.com\\\/antena-radarowa-simrad-halo24\\\/\\\">Antena HALO24<\\\/a><\\\/span><\\\/h3>\\n\n\n<p>Antena radarowa zamkni\\u0119ta, 24 stopowa, zasi\\u0119g pracy 36 Mm, ilo\\u015b\\u0107 obrot\\u00f3w anteny 60 RPM. Bez szkodliwego promieniowania.<\\\/p>\\n<\\\/div>\",\"margin\":\"default\"}}]}]}]},{\"type\":\"section\",\"props\":{\"image_position\":\"center-center\",\"style\":\"default\",\"title_breakpoint\":\"xl\",\"title_position\":\"top-left\",\"title_rotation\":\"left\",\"vertical_align\":\"middle\",\"width\":\"large\"},\"children\":[{\"type\":\"row\",\"children\":[{\"type\":\"column\",\"props\":{\"image_position\":\"center-center\",\"position_sticky_breakpoint\":\"m\",\"width_medium\":\"1-1\"},\"children\":[{\"type\":\"text\",\"props\":{\"column_breakpoint\":\"m\",\"content\":\"\n\n<h2>Anteny otwarte Simrad HALO2000<\\\/h2>\",\"margin\":\"default\"}}]}]}]},{\"type\":\"section\",\"props\":{\"image_position\":\"center-center\",\"style\":\"default\",\"title_breakpoint\":\"xl\",\"title_position\":\"top-left\",\"title_rotation\":\"left\",\"vertical_align\":\"middle\",\"width\":\"large\"},\"children\":[{\"type\":\"row\",\"props\":{\"layout\":\"1-3,1-3,1-3\"},\"children\":[{\"type\":\"column\",\"props\":{\"image_position\":\"center-center\",\"position_sticky_breakpoint\":\"m\",\"width_medium\":\"1-3\"},\"children\":[{\"type\":\"image\",\"props\":{\"image\":\"wp-content\\\/uploads\\\/000-11469-001.png\",\"image_svg_color\":\"emphasis\",\"link\":\"http:\\\/\\\/escort-technology.com\\\/radary-simrad-halo\\\/\",\"margin\":\"default\",\"text_align\":\"center\"}},{\"type\":\"text\",\"props\":{\"column_breakpoint\":\"m\",\"content\":\"\n\n<h3><span style=\\\"color: #000000;\\\"><a style=\\\"color: #000000;\\\" href=\\\"http:\\\/\\\/escort-technology.com\\\/radary-simrad-halo\\\/\\\">Antena HALO2003<\\\/a><\\\/span><\\\/h3>\\n\n\n<p>Antena radarowa, otwarta 50W, 3 stopy d\\u0142ugo\\u015bci, zasi\\u0119g 48Mm. Technologia zw\\u0119\\u017cenia wi\\u0105zki radarowej.<\\\/p>\",\"margin\":\"default\"}}]},{\"type\":\"column\",\"props\":{\"image_position\":\"center-center\",\"position_sticky_breakpoint\":\"m\",\"width_medium\":\"1-3\"},\"children\":[{\"type\":\"image\",\"props\":{\"image\":\"wp-content\\\/uploads\\\/000-11470-001.png\",\"image_svg_color\":\"emphasis\",\"link\":\"http:\\\/\\\/escort-technology.com\\\/radary-simrad-halo\\\/\",\"margin\":\"default\",\"text_align\":\"center\"}},{\"type\":\"text\",\"props\":{\"column_breakpoint\":\"m\",\"content\":\"\n\n<div class=\\\"uk-margin\\\" data-id=\\\"page#28\\\">\\n\n\n<h3><span style=\\\"color: #000000;\\\"><a style=\\\"color: #000000;\\\" href=\\\"http:\\\/\\\/escort-technology.com\\\/radary-simrad-halo\\\/\\\">Antena HALO2004<\\\/a><\\\/span><\\\/h3>\\n\n\n<p>Antena radarowa, otwarta 50W, 4 stopy d\\u0142ugo\\u015bci, zasi\\u0119g 64Mm. Technologia zw\\u0119\\u017cenia wi\\u0105zki radarowej.<\\\/p>\\n<\\\/div>\",\"margin\":\"default\"}}]},{\"type\":\"column\",\"props\":{\"image_position\":\"center-center\",\"position_sticky_breakpoint\":\"m\",\"width_medium\":\"1-3\"},\"children\":[{\"type\":\"image\",\"props\":{\"image\":\"wp-content\\\/uploads\\\/000-11471-001.png\",\"image_svg_color\":\"emphasis\",\"link\":\"http:\\\/\\\/escort-technology.com\\\/radary-simrad-halo\\\/\",\"margin\":\"default\",\"text_align\":\"center\"}},{\"type\":\"text\",\"props\":{\"column_breakpoint\":\"m\",\"content\":\"\n\n<div class=\\\"uk-margin\\\" data-id=\\\"page#28\\\">\\n\n\n<h3><a href=\\\"http:\\\/\\\/escort-technology.com\\\/radary-simrad-halo\\\/\\\"><span style=\\\"color: #000000;\\\">Antena HALO2006<\\\/span><\\\/a><\\\/h3>\\n\n\n<p>Antena radarowa, otwarta 50W, 6 st\\u00f3p d\\u0142ugo\\u015bci, zasi\\u0119g 72Mm. Technologia zw\\u0119\\u017cenia wi\\u0105zki radarowej.<\\\/p>\\n<\\\/div>\",\"margin\":\"default\"}}]}]}]},{\"type\":\"section\",\"props\":{\"image_position\":\"center-center\",\"style\":\"default\",\"title_breakpoint\":\"xl\",\"title_position\":\"top-left\",\"title_rotation\":\"left\",\"vertical_align\":\"middle\",\"width\":\"large\"},\"children\":[{\"type\":\"row\",\"children\":[{\"type\":\"column\",\"props\":{\"image_position\":\"center-center\",\"position_sticky_breakpoint\":\"m\",\"width_medium\":\"1-1\"},\"children\":[{\"type\":\"text\",\"props\":{\"column_breakpoint\":\"m\",\"content\":\"\n\n<h2>Anteny otwarte\\u00a0 HALO3000<\\\/h2>\",\"margin\":\"default\"}}]}]}]},{\"type\":\"section\",\"props\":{\"image_position\":\"center-center\",\"style\":\"default\",\"title_breakpoint\":\"xl\",\"title_position\":\"top-left\",\"title_rotation\":\"left\",\"vertical_align\":\"middle\",\"width\":\"large\"},\"children\":[{\"type\":\"row\",\"props\":{\"layout\":\"1-2,1-2\"},\"children\":[{\"type\":\"column\",\"props\":{\"image_position\":\"center-center\",\"position_sticky_breakpoint\":\"m\",\"width_medium\":\"1-2\"},\"children\":[{\"type\":\"image\",\"props\":{\"image\":\"wp-content\\\/uploads\\\/000-11470-001.png\",\"image_svg_color\":\"emphasis\",\"link\":\"http:\\\/\\\/escort-technology.com\\\/radary-simrad-halo\\\/\",\"margin\":\"default\",\"text_align\":\"center\"}},{\"type\":\"text\",\"props\":{\"column_breakpoint\":\"m\",\"content\":\"\n\n<div class=\\\"uk-margin\\\" data-id=\\\"page#28\\\">\\n\n\n<h3><span style=\\\"color: #000000;\\\"><a style=\\\"color: #000000;\\\" href=\\\"http:\\\/\\\/escort-technology.com\\\/radary-simrad-halo\\\/\\\">Antena HALO3004<\\\/a><\\\/span><\\\/h3>\\n\n\n<p>Antena radarowa, otwarta 130W, 4 stopy d\\u0142ugo\\u015bci, zasi\\u0119g 96Mm. Technologia zw\\u0119\\u017cenia wi\\u0105zki radarowej.<\\\/p>\\n<\\\/div>\",\"margin\":\"default\"}}]},{\"type\":\"column\",\"props\":{\"image_position\":\"center-center\",\"position_sticky_breakpoint\":\"m\",\"width_medium\":\"1-2\"},\"children\":[{\"type\":\"image\",\"props\":{\"image\":\"wp-content\\\/uploads\\\/000-11471-001.png\",\"image_svg_color\":\"emphasis\",\"link\":\"http:\\\/\\\/escort-technology.com\\\/radary-simrad-halo\\\/\",\"margin\":\"default\",\"text_align\":\"center\"}},{\"type\":\"text\",\"props\":{\"column_breakpoint\":\"m\",\"content\":\"\n\n<div class=\\\"uk-margin\\\" data-id=\\\"page#28\\\">\\n\n\n<h3><a href=\\\"http:\\\/\\\/escort-technology.com\\\/radary-simrad-halo\\\/\\\"><span style=\\\"color: #000000;\\\">Antena HALO3006<\\\/span><\\\/a><\\\/h3>\\n\n\n<p>Antena radarowa, otwarta 130W, 6 st\\u00f3p d\\u0142ugo\\u015bci, zasi\\u0119g 96Mm. Technologia zw\\u0119\\u017cenia wi\\u0105zki radarowej.<\\\/p>\\n<\\\/div>\",\"margin\":\"default\"}}]}]}]}],\"version\":\"4.0.13\"} --><\/p>\n","protected":false},"excerpt":{"rendered":"<p>Anteny radarowe marki SIMRAD Anteny zamkni\u0119te Simrad HALO Antena HALO20 Antena radarowa zamkni\u0119ta, 20 stopowa, zasi\u0119g pracy 24 Mm. Bez szkodliwego promieniowania. Antena HALO20+ Antena radarowa zamkni\u0119ta, 20 stopowa, zasi\u0119g pracy 36 Mm, ilo\u015b\u0107 obrot\u00f3w anteny 60 RPM. Bez szkodliwego promieniowania. Antena HALO24 Antena radarowa zamkni\u0119ta, 24 stopowa, zasi\u0119g pracy 36 Mm, ilo\u015b\u0107 obrot\u00f3w anteny [&hellip;]<\/p>\n","protected":false},"author":10,"featured_media":0,"parent":0,"menu_order":0,"comment_status":"closed","ping_status":"closed","template":"","meta":{"footnotes":""},"class_list":["post-6381","page","type-page","status-publish","hentry"],"yoast_head":"<!-- This site is optimized with the Yoast SEO plugin v27.5 - https:\/\/yoast.com\/product\/yoast-seo-wordpress\/ -->\n<title>Anteny radarowe marki Simrad - ESCORT TECHNOLOGY<\/title>\n<meta name=\"robots\" content=\"index, follow, max-snippet:-1, max-image-preview:large, max-video-preview:-1\" \/>\n<link rel=\"canonical\" href=\"https:\/\/escort-technology.com\/en\/anteny-radarowe-marki-simrad\/\" \/>\n<meta property=\"og:locale\" content=\"en_US\" \/>\n<meta property=\"og:type\" content=\"article\" \/>\n<meta property=\"og:title\" content=\"Anteny radarowe marki Simrad - ESCORT TECHNOLOGY\" \/>\n<meta property=\"og:description\" content=\"Anteny radarowe marki SIMRAD Anteny zamkni\u0119te Simrad HALO Antena HALO20 Antena radarowa zamkni\u0119ta, 20 stopowa, zasi\u0119g pracy 24 Mm. Bez szkodliwego promieniowania. Antena HALO20+ Antena radarowa zamkni\u0119ta, 20 stopowa, zasi\u0119g pracy 36 Mm, ilo\u015b\u0107 obrot\u00f3w anteny 60 RPM. Bez szkodliwego promieniowania. Antena HALO24 Antena radarowa zamkni\u0119ta, 24 stopowa, zasi\u0119g pracy 36 Mm, ilo\u015b\u0107 obrot\u00f3w anteny [&hellip;]\" \/>\n<meta property=\"og:url\" content=\"https:\/\/escort-technology.com\/en\/anteny-radarowe-marki-simrad\/\" \/>\n<meta property=\"og:site_name\" content=\"ESCORT TECHNOLOGY\" \/>\n<meta property=\"article:publisher\" content=\"https:\/\/www.facebook.com\/elektronika.morska\/\" \/>\n<meta property=\"article:modified_time\" content=\"2025-11-04T10:35:01+00:00\" \/>\n<meta name=\"twitter:card\" content=\"summary_large_image\" \/>\n<meta name=\"twitter:label1\" content=\"Est. reading time\" \/>\n\t<meta name=\"twitter:data1\" content=\"1 minute\" \/>\n<script type=\"application\/ld+json\" class=\"yoast-schema-graph\">{\"@context\":\"https:\\\/\\\/schema.org\",\"@graph\":[{\"@type\":\"WebPage\",\"@id\":\"https:\\\/\\\/escort-technology.com\\\/anteny-radarowe-marki-simrad\\\/\",\"url\":\"https:\\\/\\\/escort-technology.com\\\/anteny-radarowe-marki-simrad\\\/\",\"name\":\"Anteny radarowe marki Simrad - ESCORT TECHNOLOGY\",\"isPartOf\":{\"@id\":\"http:\\\/\\\/escort-technology.com\\\/de\\\/#website\"},\"datePublished\":\"2020-07-03T07:07:33+00:00\",\"dateModified\":\"2025-11-04T10:35:01+00:00\",\"breadcrumb\":{\"@id\":\"https:\\\/\\\/escort-technology.com\\\/anteny-radarowe-marki-simrad\\\/#breadcrumb\"},\"inLanguage\":\"en-US\",\"potentialAction\":[{\"@type\":\"ReadAction\",\"target\":[\"https:\\\/\\\/escort-technology.com\\\/anteny-radarowe-marki-simrad\\\/\"]}]},{\"@type\":\"BreadcrumbList\",\"@id\":\"https:\\\/\\\/escort-technology.com\\\/anteny-radarowe-marki-simrad\\\/#breadcrumb\",\"itemListElement\":[{\"@type\":\"ListItem\",\"position\":1,\"name\":\"Strona g\u0142\u00f3wna\",\"item\":\"https:\\\/\\\/escort-technology.com\\\/\"},{\"@type\":\"ListItem\",\"position\":2,\"name\":\"Anteny radarowe marki Simrad\"}]},{\"@type\":\"WebSite\",\"@id\":\"http:\\\/\\\/escort-technology.com\\\/de\\\/#website\",\"url\":\"http:\\\/\\\/escort-technology.com\\\/de\\\/\",\"name\":\"ESCORT TECHNOLOGY\",\"description\":\"Elektronika morska i l\u0105dowa\",\"publisher\":{\"@id\":\"http:\\\/\\\/escort-technology.com\\\/de\\\/#organization\"},\"potentialAction\":[{\"@type\":\"SearchAction\",\"target\":{\"@type\":\"EntryPoint\",\"urlTemplate\":\"http:\\\/\\\/escort-technology.com\\\/de\\\/?s={search_term_string}\"},\"query-input\":{\"@type\":\"PropertyValueSpecification\",\"valueRequired\":true,\"valueName\":\"search_term_string\"}}],\"inLanguage\":\"en-US\"},{\"@type\":\"Organization\",\"@id\":\"http:\\\/\\\/escort-technology.com\\\/de\\\/#organization\",\"name\":\"ESCORT TECHNOLOGY\",\"url\":\"http:\\\/\\\/escort-technology.com\\\/de\\\/\",\"logo\":{\"@type\":\"ImageObject\",\"inLanguage\":\"en-US\",\"@id\":\"http:\\\/\\\/escort-technology.com\\\/de\\\/#\\\/schema\\\/logo\\\/image\\\/\",\"url\":\"https:\\\/\\\/escort-technology.com\\\/wp-content\\\/uploads\\\/logo-1.jpg\",\"contentUrl\":\"https:\\\/\\\/escort-technology.com\\\/wp-content\\\/uploads\\\/logo-1.jpg\",\"width\":600,\"height\":165,\"caption\":\"ESCORT TECHNOLOGY\"},\"image\":{\"@id\":\"http:\\\/\\\/escort-technology.com\\\/de\\\/#\\\/schema\\\/logo\\\/image\\\/\"},\"sameAs\":[\"https:\\\/\\\/www.facebook.com\\\/elektronika.morska\\\/\",\"https:\\\/\\\/www.linkedin.com\\\/company\\\/escort-sp-z-o-o-\\\/\"]}]}<\/script>\n<!-- \/ Yoast SEO plugin. -->","yoast_head_json":{"title":"Anteny radarowe marki Simrad - ESCORT TECHNOLOGY","robots":{"index":"index","follow":"follow","max-snippet":"max-snippet:-1","max-image-preview":"max-image-preview:large","max-video-preview":"max-video-preview:-1"},"canonical":"https:\/\/escort-technology.com\/en\/anteny-radarowe-marki-simrad\/","og_locale":"en_US","og_type":"article","og_title":"Anteny radarowe marki Simrad - ESCORT TECHNOLOGY","og_description":"Anteny radarowe marki SIMRAD Anteny zamkni\u0119te Simrad HALO Antena HALO20 Antena radarowa zamkni\u0119ta, 20 stopowa, zasi\u0119g pracy 24 Mm. Bez szkodliwego promieniowania. Antena HALO20+ Antena radarowa zamkni\u0119ta, 20 stopowa, zasi\u0119g pracy 36 Mm, ilo\u015b\u0107 obrot\u00f3w anteny 60 RPM. Bez szkodliwego promieniowania. Antena HALO24 Antena radarowa zamkni\u0119ta, 24 stopowa, zasi\u0119g pracy 36 Mm, ilo\u015b\u0107 obrot\u00f3w anteny [&hellip;]","og_url":"https:\/\/escort-technology.com\/en\/anteny-radarowe-marki-simrad\/","og_site_name":"ESCORT TECHNOLOGY","article_publisher":"https:\/\/www.facebook.com\/elektronika.morska\/","article_modified_time":"2025-11-04T10:35:01+00:00","twitter_card":"summary_large_image","twitter_misc":{"Est. reading time":"1 minute"},"schema":{"@context":"https:\/\/schema.org","@graph":[{"@type":"WebPage","@id":"https:\/\/escort-technology.com\/anteny-radarowe-marki-simrad\/","url":"https:\/\/escort-technology.com\/anteny-radarowe-marki-simrad\/","name":"Anteny radarowe marki Simrad - ESCORT TECHNOLOGY","isPartOf":{"@id":"http:\/\/escort-technology.com\/de\/#website"},"datePublished":"2020-07-03T07:07:33+00:00","dateModified":"2025-11-04T10:35:01+00:00","breadcrumb":{"@id":"https:\/\/escort-technology.com\/anteny-radarowe-marki-simrad\/#breadcrumb"},"inLanguage":"en-US","potentialAction":[{"@type":"ReadAction","target":["https:\/\/escort-technology.com\/anteny-radarowe-marki-simrad\/"]}]},{"@type":"BreadcrumbList","@id":"https:\/\/escort-technology.com\/anteny-radarowe-marki-simrad\/#breadcrumb","itemListElement":[{"@type":"ListItem","position":1,"name":"Strona g\u0142\u00f3wna","item":"https:\/\/escort-technology.com\/"},{"@type":"ListItem","position":2,"name":"Anteny radarowe marki Simrad"}]},{"@type":"WebSite","@id":"http:\/\/escort-technology.com\/de\/#website","url":"http:\/\/escort-technology.com\/de\/","name":"ESCORT TECHNOLOGY","description":"Onshore and offshore electronics","publisher":{"@id":"http:\/\/escort-technology.com\/de\/#organization"},"potentialAction":[{"@type":"SearchAction","target":{"@type":"EntryPoint","urlTemplate":"http:\/\/escort-technology.com\/de\/?s={search_term_string}"},"query-input":{"@type":"PropertyValueSpecification","valueRequired":true,"valueName":"search_term_string"}}],"inLanguage":"en-US"},{"@type":"Organization","@id":"http:\/\/escort-technology.com\/de\/#organization","name":"ESCORT TECHNOLOGY","url":"http:\/\/escort-technology.com\/de\/","logo":{"@type":"ImageObject","inLanguage":"en-US","@id":"http:\/\/escort-technology.com\/de\/#\/schema\/logo\/image\/","url":"https:\/\/escort-technology.com\/wp-content\/uploads\/logo-1.jpg","contentUrl":"https:\/\/escort-technology.com\/wp-content\/uploads\/logo-1.jpg","width":600,"height":165,"caption":"ESCORT TECHNOLOGY"},"image":{"@id":"http:\/\/escort-technology.com\/de\/#\/schema\/logo\/image\/"},"sameAs":["https:\/\/www.facebook.com\/elektronika.morska\/","https:\/\/www.linkedin.com\/company\/escort-sp-z-o-o-\/"]}]}},"_links":{"self":[{"href":"https:\/\/escort-technology.com\/en\/wp-json\/wp\/v2\/pages\/6381","targetHints":{"allow":["GET"]}}],"collection":[{"href":"https:\/\/escort-technology.com\/en\/wp-json\/wp\/v2\/pages"}],"about":[{"href":"https:\/\/escort-technology.com\/en\/wp-json\/wp\/v2\/types\/page"}],"author":[{"embeddable":true,"href":"https:\/\/escort-technology.com\/en\/wp-json\/wp\/v2\/users\/10"}],"replies":[{"embeddable":true,"href":"https:\/\/escort-technology.com\/en\/wp-json\/wp\/v2\/comments?post=6381"}],"version-history":[{"count":26,"href":"https:\/\/escort-technology.com\/en\/wp-json\/wp\/v2\/pages\/6381\/revisions"}],"predecessor-version":[{"id":14720,"href":"https:\/\/escort-technology.com\/en\/wp-json\/wp\/v2\/pages\/6381\/revisions\/14720"}],"wp:attachment":[{"href":"https:\/\/escort-technology.com\/en\/wp-json\/wp\/v2\/media?parent=6381"}],"curies":[{"name":"wp","href":"https:\/\/api.w.org\/{rel}","templated":true}]}}