{"id":6398,"date":"2020-07-03T11:22:03","date_gmt":"2020-07-03T09:22:03","guid":{"rendered":"https:\/\/escort-technology.com\/?page_id=6398"},"modified":"2020-07-03T11:34:49","modified_gmt":"2020-07-03T09:34:49","slug":"wskazniki-radarowe-marki-simrad","status":"publish","type":"page","link":"https:\/\/escort-technology.com\/en\/wskazniki-radarowe-marki-simrad\/","title":{"rendered":"Wska\u017aniki radarowe marki SIMRAD"},"content":{"rendered":"<h1>Wska\u017aniki radarowe marki Simrad<\/h1>\n<hr>\n<div>\n<h2>Wska\u017aniki dedykowane<\/h2>\n<\/div>\n<p><a href=\"http:\/\/escort-technology.com\/ekran-radarowy-simrad-r2009\/\"><img decoding=\"async\" src=\"wp-content\/uploads\/000-12186-001_1.png\" alt=\"\"><\/a><\/p>\n<div>\n<h3><a href=\"http:\/\/escort-technology.com\/ekran-radarowy-simrad-r2009\/\"><span style=\"color: #000000;\">Wska\u017anik radarowy R2009<\/span><\/a><\/h3>\n<p>Dedykowany wska\u017anik radarowy, przeznaczony do system\u00f3w Simrad, ekran 9 cali<\/p>\n<\/div>\n<p><a href=\"http:\/\/escort-technology.com\/ekran-radarowy-simrad-r3016\/\"><img decoding=\"async\" src=\"wp-content\/uploads\/000-12188-001_1.png\" alt=\"\"><\/a><\/p>\n<div>\n<div class=\"uk-margin\" data-id=\"page#14\">\n<h3><a href=\"http:\/\/escort-technology.com\/ekran-radarowy-simrad-r3016\/\"><span style=\"color: #000000;\">Wska\u017anik radarowy R3016<\/span><\/a><\/h3>\n<p>Dedykowany wska\u017anik radarowy, przeznaczony do system\u00f3w Simrad, ekran 16 cali<\/p>\n<\/div>\n<\/div>\n<div>\n<h2>Stacje nawigacyjne z funkcj\u0105 radaru<\/h2>\n<\/div>\n<p><a href=\"http:\/\/escort-technology.com\/stacje-nawigacyjne-serii-simrad-go\/\"><img decoding=\"async\" src=\"wp-content\/uploads\/GO12_Main_1-1.png\" alt=\"\"><\/a><\/p>\n<div>\n<h3>\u00a0<\/h3>\n<h3><span style=\"color: #000000;\"><a style=\"color: #000000;\" href=\"http:\/\/escort-technology.com\/stacje-nawigacyjne-serii-simrad-go\/\">Stacja nawigacyjna GO<\/a><\/span><\/h3>\n<p>Stacje nawigacyjne serii GO, pozwalaj\u0105 na integracj\u0119 systemu radarowego w modelach 7, 9, 12 calowych.<\/p>\n<\/div>\n<p><a href=\"http:\/\/escort-technology.com\/stacje-nawigacyjne-simrad-nss-evo3\/\"><img decoding=\"async\" src=\"wp-content\/uploads\/000-13237-001_0-2.jpg\" alt=\"\"><\/a><\/p>\n<div>\n<h3><span style=\"color: #000000;\"><a style=\"color: #000000;\" href=\"http:\/\/escort-technology.com\/stacje-nawigacyjne-simrad-nss-evo3\/\">Stacje nawigacyjne NSS evo3S<\/a><\/span><\/h3>\n<p>Pe\u0142na integracja z radarami marki Simrad. Dost\u0119pne modele z ekranem 7, 9, 12 i 16 cali.<\/p>\n<\/div>\n<p><a href=\"https:\/\/escort-technology.com\/stacja-nawigacyjna-simrad-nso-evo3s\/\"><img decoding=\"async\" src=\"wp-content\/uploads\/000-15047-001_1-1.jpg\" alt=\"\"><\/a><\/p>\n<div>\n<h3><span style=\"color: #000000;\"><a style=\"color: #000000;\" href=\"https:\/\/escort-technology.com\/stacja-nawigacyjna-simrad-nso-evo3s\/\">Stacje nawigacyjne NSO evo3S<\/a><\/span><\/h3>\n<p>Pe\u0142na kompatybilno\u015b\u0107 z radarami marki Simrad. Procesor systemu umo\u017cliwia integracj\u0119 z monitorami Simrad lub z innymi. Dost\u0119pne rodzaje 16, 19 i 24 cale.<\/p>\n<\/div>\n<p><!-- {\"type\":\"layout\",\"children\":[{\"type\":\"section\",\"props\":{\"style\":\"default\",\"width\":\"default\",\"vertical_align\":\"middle\",\"title_position\":\"top-left\",\"title_rotation\":\"left\",\"title_breakpoint\":\"xl\",\"image_position\":\"center-center\",\"text_color\":\"\",\"width_expand\":\"\",\"height\":\"\",\"padding\":\"\",\"header_transparent\":\"\",\"animation\":\"\",\"image_effect\":\"\"},\"children\":[{\"type\":\"row\",\"props\":{\"layout\":\"1-1\",\"breakpoint\":\"m\",\"fixed_width\":\"large\",\"gutter\":\"\",\"width\":\"\",\"width_expand\":\"\",\"height\":\"\",\"margin\":\"\"},\"children\":[{\"type\":\"column\",\"props\":{\"widths\":[\"1-1\"],\"image_position\":\"center-center\",\"media_overlay_gradient\":\"\",\"vertical_align\":\"\",\"style\":\"\",\"text_color\":\"\",\"padding\":\"\"},\"children\":[{\"type\":\"headline\",\"props\":{\"title_element\":\"h1\",\"title_style\":\"\",\"title_decoration\":\"\",\"title_color\":\"\",\"text_align\":\"\",\"text_align_breakpoint\":\"\",\"text_align_fallback\":\"\",\"maxwidth\":\"\",\"maxwidth_align\":\"\",\"maxwidth_breakpoint\":\"\",\"margin\":\"\",\"animation\":\"\",\"visibility\":\"\",\"content\":\"Wska\\u017aniki radarowe marki Simrad\"}},{\"type\":\"divider\",\"props\":{\"divider_element\":\"hr\",\"divider_style\":\"\",\"divider_align\":\"\",\"divider_align_breakpoint\":\"\",\"divider_align_fallback\":\"\",\"maxwidth\":\"\",\"maxwidth_align\":\"\",\"maxwidth_breakpoint\":\"\",\"margin\":\"\",\"animation\":\"\",\"visibility\":\"\"}}]}]}]},{\"type\":\"section\",\"props\":{\"style\":\"default\",\"width\":\"default\",\"vertical_align\":\"middle\",\"title_position\":\"top-left\",\"title_rotation\":\"left\",\"title_breakpoint\":\"xl\",\"image_position\":\"center-center\",\"text_color\":\"\",\"width_expand\":\"\",\"height\":\"\",\"padding\":\"\",\"header_transparent\":\"\",\"animation\":\"\",\"image_effect\":\"\"},\"children\":[{\"type\":\"row\",\"props\":{\"layout\":\"1-1\",\"breakpoint\":\"m\",\"fixed_width\":\"large\",\"gutter\":\"\",\"width\":\"\",\"width_expand\":\"\",\"height\":\"\",\"margin\":\"\"},\"children\":[{\"type\":\"column\",\"props\":{\"widths\":[\"1-1\"],\"image_position\":\"center-center\",\"media_overlay_gradient\":\"\",\"vertical_align\":\"\",\"style\":\"\",\"text_color\":\"\",\"padding\":\"\"},\"children\":[{\"type\":\"text\",\"props\":{\"margin\":\"default\",\"column_breakpoint\":\"m\",\"text_style\":\"\",\"text_color\":\"\",\"text_size\":\"\",\"column\":\"\",\"text_align\":\"\",\"text_align_breakpoint\":\"\",\"text_align_fallback\":\"\",\"maxwidth\":\"\",\"maxwidth_align\":\"\",\"maxwidth_breakpoint\":\"\",\"animation\":\"\",\"visibility\":\"\",\"content\":\"\n\n<h2>Wska\\u017aniki dedykowane<\\\/h2>\"}}]}]}]},{\"type\":\"section\",\"props\":{\"style\":\"default\",\"width\":\"default\",\"vertical_align\":\"middle\",\"title_position\":\"top-left\",\"title_rotation\":\"left\",\"title_breakpoint\":\"xl\",\"image_position\":\"center-center\",\"text_color\":\"\",\"width_expand\":\"\",\"height\":\"\",\"padding\":\"\",\"header_transparent\":\"\",\"animation\":\"\",\"image_effect\":\"\"},\"children\":[{\"type\":\"row\",\"props\":{\"layout\":\",\",\"breakpoint\":\"m\",\"fixed_width\":\"large\",\"gutter\":\"\",\"width\":\"\",\"width_expand\":\"\",\"height\":\"\",\"margin\":\"\"},\"children\":[{\"type\":\"column\",\"props\":{\"widths\":[\"\"],\"image_position\":\"center-center\",\"media_overlay_gradient\":\"\",\"vertical_align\":\"\",\"style\":\"\",\"text_color\":\"\",\"padding\":\"\"},\"children\":[{\"type\":\"image\",\"props\":{\"margin\":\"default\",\"link_target\":\"\",\"image_border\":\"\",\"image_box_shadow\":\"\",\"image_hover_box_shadow\":\"\",\"image_box_decoration\":\"\",\"text_align\":\"center\",\"text_align_breakpoint\":\"\",\"text_align_fallback\":\"\",\"maxwidth\":\"\",\"maxwidth_align\":\"\",\"maxwidth_breakpoint\":\"\",\"animation\":\"\",\"visibility\":\"\",\"image\":\"wp-content\\\/uploads\\\/000-12186-001_1.png\",\"link\":\"http:\\\/\\\/escort-technology.com\\\/ekran-radarowy-simrad-r2009\\\/\"}},{\"type\":\"text\",\"props\":{\"margin\":\"default\",\"column_breakpoint\":\"m\",\"text_style\":\"\",\"text_color\":\"\",\"text_size\":\"\",\"column\":\"\",\"text_align\":\"\",\"text_align_breakpoint\":\"\",\"text_align_fallback\":\"\",\"maxwidth\":\"\",\"maxwidth_align\":\"\",\"maxwidth_breakpoint\":\"\",\"animation\":\"\",\"visibility\":\"\",\"content\":\"\n\n<h3><a href=\\\"http:\\\/\\\/escort-technology.com\\\/ekran-radarowy-simrad-r2009\\\/\\\"><span style=\\\"color: #000000;\\\">Wska\\u017anik radarowy R2009<\\\/span><\\\/a><\\\/h3>\\n\n\n<p>Dedykowany wska\\u017anik radarowy, przeznaczony do system\\u00f3w Simrad, ekran 9 cali<\\\/p>\"}}]},{\"type\":\"column\",\"props\":{\"widths\":[\"\"],\"image_position\":\"center-center\",\"media_overlay_gradient\":\"\",\"vertical_align\":\"\",\"style\":\"\",\"text_color\":\"\",\"padding\":\"\"},\"children\":[{\"type\":\"image\",\"props\":{\"margin\":\"default\",\"link_target\":\"\",\"image_border\":\"\",\"image_box_shadow\":\"\",\"image_hover_box_shadow\":\"\",\"image_box_decoration\":\"\",\"text_align\":\"center\",\"text_align_breakpoint\":\"\",\"text_align_fallback\":\"\",\"maxwidth\":\"\",\"maxwidth_align\":\"\",\"maxwidth_breakpoint\":\"\",\"animation\":\"\",\"visibility\":\"\",\"image\":\"wp-content\\\/uploads\\\/000-12188-001_1.png\",\"link\":\"http:\\\/\\\/escort-technology.com\\\/ekran-radarowy-simrad-r3016\\\/\"}},{\"type\":\"text\",\"props\":{\"margin\":\"default\",\"column_breakpoint\":\"m\",\"text_style\":\"\",\"text_color\":\"\",\"text_size\":\"\",\"column\":\"\",\"text_align\":\"\",\"text_align_breakpoint\":\"\",\"text_align_fallback\":\"\",\"maxwidth\":\"\",\"maxwidth_align\":\"\",\"maxwidth_breakpoint\":\"\",\"animation\":\"\",\"visibility\":\"\",\"content\":\"\n\n<div class=\\\"uk-margin\\\" data-id=\\\"page#14\\\">\\n\n\n<h3><a href=\\\"http:\\\/\\\/escort-technology.com\\\/ekran-radarowy-simrad-r3016\\\/\\\"><span style=\\\"color: #000000;\\\">Wska\\u017anik radarowy R3016<\\\/span><\\\/a><\\\/h3>\\n\n\n<p>Dedykowany wska\\u017anik radarowy, przeznaczony do system\\u00f3w Simrad, ekran 16 cali<\\\/p>\\n<\\\/div>\"}}]}]}]},{\"type\":\"section\",\"props\":{\"style\":\"default\",\"width\":\"default\",\"vertical_align\":\"middle\",\"title_position\":\"top-left\",\"title_rotation\":\"left\",\"title_breakpoint\":\"xl\",\"image_position\":\"center-center\",\"text_color\":\"\",\"width_expand\":\"\",\"height\":\"\",\"padding\":\"\",\"header_transparent\":\"\",\"animation\":\"\",\"image_effect\":\"\"},\"children\":[{\"type\":\"row\",\"props\":{\"layout\":\"1-1\",\"breakpoint\":\"m\",\"fixed_width\":\"large\",\"gutter\":\"\",\"width\":\"\",\"width_expand\":\"\",\"height\":\"\",\"margin\":\"\"},\"children\":[{\"type\":\"column\",\"props\":{\"widths\":[\"1-1\"],\"image_position\":\"center-center\",\"media_overlay_gradient\":\"\",\"vertical_align\":\"\",\"style\":\"\",\"text_color\":\"\",\"padding\":\"\"},\"children\":[{\"type\":\"text\",\"props\":{\"margin\":\"default\",\"column_breakpoint\":\"m\",\"text_style\":\"\",\"text_color\":\"\",\"text_size\":\"\",\"column\":\"\",\"text_align\":\"\",\"text_align_breakpoint\":\"\",\"text_align_fallback\":\"\",\"maxwidth\":\"\",\"maxwidth_align\":\"\",\"maxwidth_breakpoint\":\"\",\"animation\":\"\",\"visibility\":\"\",\"content\":\"\n\n<h2>Stacje nawigacyjne z funkcj\\u0105 radaru<\\\/h2>\"}}]}]}]},{\"type\":\"section\",\"props\":{\"style\":\"default\",\"width\":\"default\",\"vertical_align\":\"middle\",\"title_position\":\"top-left\",\"title_rotation\":\"left\",\"title_breakpoint\":\"xl\",\"image_position\":\"center-center\",\"text_color\":\"\",\"width_expand\":\"\",\"height\":\"\",\"padding\":\"\",\"header_transparent\":\"\",\"animation\":\"\",\"image_effect\":\"\"},\"children\":[{\"type\":\"row\",\"props\":{\"layout\":\",,\",\"breakpoint\":\"m\",\"fixed_width\":\"large\",\"gutter\":\"\",\"width\":\"\",\"width_expand\":\"\",\"height\":\"\",\"margin\":\"\"},\"children\":[{\"type\":\"column\",\"props\":{\"widths\":[\"\"],\"image_position\":\"center-center\",\"media_overlay_gradient\":\"\",\"vertical_align\":\"\",\"style\":\"\",\"text_color\":\"\",\"padding\":\"\"},\"children\":[{\"type\":\"image\",\"props\":{\"margin\":\"default\",\"link_target\":\"\",\"image_border\":\"\",\"image_box_shadow\":\"\",\"image_hover_box_shadow\":\"\",\"image_box_decoration\":\"\",\"text_align\":\"\",\"text_align_breakpoint\":\"\",\"text_align_fallback\":\"\",\"maxwidth\":\"\",\"maxwidth_align\":\"\",\"maxwidth_breakpoint\":\"\",\"animation\":\"\",\"visibility\":\"\",\"image\":\"wp-content\\\/uploads\\\/GO12_Main_1-1.png\",\"image_width\":\"\",\"link\":\"http:\\\/\\\/escort-technology.com\\\/stacje-nawigacyjne-serii-simrad-go\\\/\"}},{\"type\":\"text\",\"props\":{\"margin\":\"default\",\"column_breakpoint\":\"m\",\"text_style\":\"\",\"text_color\":\"\",\"text_size\":\"\",\"column\":\"\",\"text_align\":\"\",\"text_align_breakpoint\":\"\",\"text_align_fallback\":\"\",\"maxwidth\":\"\",\"maxwidth_align\":\"\",\"maxwidth_breakpoint\":\"\",\"animation\":\"\",\"visibility\":\"\",\"content\":\"\n\n<h3>\\u00a0<\\\/h3>\\n\n\n<h3><span style=\\\"color: #000000;\\\"><a style=\\\"color: #000000;\\\" href=\\\"http:\\\/\\\/escort-technology.com\\\/stacje-nawigacyjne-serii-simrad-go\\\/\\\">Stacja nawigacyjna GO<\\\/a><\\\/span><\\\/h3>\\n\n\n<p>Stacje nawigacyjne serii GO, pozwalaj\\u0105 na integracj\\u0119 systemu radarowego w modelach 7, 9, 12 calowych.<\\\/p>\"}}]},{\"type\":\"column\",\"props\":{\"widths\":[\"\"],\"image_position\":\"center-center\",\"media_overlay_gradient\":\"\",\"vertical_align\":\"\",\"style\":\"\",\"text_color\":\"\",\"padding\":\"\"},\"children\":[{\"type\":\"image\",\"props\":{\"margin\":\"default\",\"link_target\":\"\",\"image_border\":\"\",\"image_box_shadow\":\"\",\"image_hover_box_shadow\":\"\",\"image_box_decoration\":\"\",\"text_align\":\"center\",\"text_align_breakpoint\":\"\",\"text_align_fallback\":\"\",\"maxwidth\":\"large\",\"maxwidth_align\":\"\",\"maxwidth_breakpoint\":\"\",\"animation\":\"\",\"visibility\":\"\",\"image\":\"wp-content\\\/uploads\\\/000-13237-001_0-2.jpg\",\"image_width\":\"\",\"link\":\"http:\\\/\\\/escort-technology.com\\\/stacje-nawigacyjne-simrad-nss-evo3\\\/\"}},{\"type\":\"text\",\"props\":{\"margin\":\"default\",\"column_breakpoint\":\"m\",\"text_style\":\"\",\"text_color\":\"\",\"text_size\":\"\",\"column\":\"\",\"text_align\":\"\",\"text_align_breakpoint\":\"\",\"text_align_fallback\":\"\",\"maxwidth\":\"\",\"maxwidth_align\":\"\",\"maxwidth_breakpoint\":\"\",\"animation\":\"\",\"visibility\":\"\",\"content\":\"\n\n<h3><span style=\\\"color: #000000;\\\"><a style=\\\"color: #000000;\\\" href=\\\"http:\\\/\\\/escort-technology.com\\\/stacje-nawigacyjne-simrad-nss-evo3\\\/\\\">Stacje nawigacyjne NSS evo3S<\\\/a><\\\/span><\\\/h3>\\n\n\n<p>Pe\\u0142na integracja z radarami marki Simrad. Dost\\u0119pne modele z ekranem 7, 9, 12 i 16 cali.<\\\/p>\"}}]},{\"type\":\"column\",\"props\":{\"widths\":[\"\"],\"image_position\":\"center-center\",\"media_overlay_gradient\":\"\",\"vertical_align\":\"\",\"style\":\"\",\"text_color\":\"\",\"padding\":\"\"},\"children\":[{\"type\":\"image\",\"props\":{\"margin\":\"default\",\"link_target\":\"\",\"image_border\":\"\",\"image_box_shadow\":\"\",\"image_hover_box_shadow\":\"\",\"image_box_decoration\":\"\",\"text_align\":\"center\",\"text_align_breakpoint\":\"\",\"text_align_fallback\":\"\",\"maxwidth\":\"\",\"maxwidth_align\":\"\",\"maxwidth_breakpoint\":\"\",\"animation\":\"\",\"visibility\":\"\",\"image\":\"wp-content\\\/uploads\\\/000-15047-001_1-1.jpg\",\"image_width\":\"300\",\"link\":\"https:\\\/\\\/escort-technology.com\\\/stacja-nawigacyjna-simrad-nso-evo3s\\\/\"}},{\"type\":\"text\",\"props\":{\"margin\":\"default\",\"column_breakpoint\":\"m\",\"text_style\":\"\",\"text_color\":\"\",\"text_size\":\"\",\"column\":\"\",\"text_align\":\"\",\"text_align_breakpoint\":\"\",\"text_align_fallback\":\"\",\"maxwidth\":\"\",\"maxwidth_align\":\"\",\"maxwidth_breakpoint\":\"\",\"animation\":\"\",\"visibility\":\"\",\"content\":\"\n\n<h3><span style=\\\"color: #000000;\\\"><a style=\\\"color: #000000;\\\" href=\\\"https:\\\/\\\/escort-technology.com\\\/stacja-nawigacyjna-simrad-nso-evo3s\\\/\\\">Stacje nawigacyjne NSO evo3S<\\\/a><\\\/span><\\\/h3>\\n\n\n<p>Pe\\u0142na kompatybilno\\u015b\\u0107 z radarami marki Simrad. Procesor systemu umo\\u017cliwia integracj\\u0119 z monitorami Simrad lub z innymi. Dost\\u0119pne rodzaje 16, 19 i 24 cale.<\\\/p>\"}}]}]}]}],\"props\":[],\"version\":\"1.18.0\"} --><\/p>\n","protected":false},"excerpt":{"rendered":"<p>Wska\u017aniki radarowe marki Simrad Wska\u017aniki dedykowane Wska\u017anik radarowy R2009 Dedykowany wska\u017anik radarowy, przeznaczony do system\u00f3w Simrad, ekran 9 cali Wska\u017anik radarowy R3016 Dedykowany wska\u017anik radarowy, przeznaczony do system\u00f3w Simrad, ekran 16 cali Stacje nawigacyjne z funkcj\u0105 radaru \u00a0 Stacja nawigacyjna GO Stacje nawigacyjne serii GO, pozwalaj\u0105 na integracj\u0119 systemu radarowego w modelach 7, 9, 12 [&hellip;]<\/p>\n","protected":false},"author":10,"featured_media":0,"parent":0,"menu_order":0,"comment_status":"closed","ping_status":"closed","template":"","meta":{"footnotes":""},"class_list":["post-6398","page","type-page","status-publish","hentry"],"yoast_head":"<!-- This site is optimized with the Yoast SEO plugin v27.5 - https:\/\/yoast.com\/product\/yoast-seo-wordpress\/ -->\n<title>Wska\u017aniki radarowe marki SIMRAD - ESCORT TECHNOLOGY<\/title>\n<meta name=\"robots\" content=\"index, follow, max-snippet:-1, max-image-preview:large, max-video-preview:-1\" \/>\n<link rel=\"canonical\" href=\"http:\/\/escort-technology.com\/en\/wskazniki-radarowe-marki-simrad\/\" \/>\n<meta property=\"og:locale\" content=\"en_US\" \/>\n<meta property=\"og:type\" content=\"article\" \/>\n<meta property=\"og:title\" content=\"Wska\u017aniki radarowe marki SIMRAD - ESCORT TECHNOLOGY\" \/>\n<meta property=\"og:description\" content=\"Wska\u017aniki radarowe marki Simrad Wska\u017aniki dedykowane Wska\u017anik radarowy R2009 Dedykowany wska\u017anik radarowy, przeznaczony do system\u00f3w Simrad, ekran 9 cali Wska\u017anik radarowy R3016 Dedykowany wska\u017anik radarowy, przeznaczony do system\u00f3w Simrad, ekran 16 cali Stacje nawigacyjne z funkcj\u0105 radaru \u00a0 Stacja nawigacyjna GO Stacje nawigacyjne serii GO, pozwalaj\u0105 na integracj\u0119 systemu radarowego w modelach 7, 9, 12 [&hellip;]\" \/>\n<meta property=\"og:url\" content=\"http:\/\/escort-technology.com\/en\/wskazniki-radarowe-marki-simrad\/\" \/>\n<meta property=\"og:site_name\" content=\"ESCORT TECHNOLOGY\" \/>\n<meta property=\"article:publisher\" content=\"https:\/\/www.facebook.com\/elektronika.morska\/\" \/>\n<meta property=\"article:modified_time\" content=\"2020-07-03T09:34:49+00:00\" \/>\n<meta property=\"og:image\" content=\"http:\/\/wp-content\/uploads\/000-12186-001_1.png\" \/>\n<meta name=\"twitter:card\" content=\"summary_large_image\" \/>\n<meta name=\"twitter:label1\" content=\"Est. reading time\" \/>\n\t<meta name=\"twitter:data1\" content=\"1 minute\" \/>\n<script type=\"application\/ld+json\" class=\"yoast-schema-graph\">{\"@context\":\"https:\\\/\\\/schema.org\",\"@graph\":[{\"@type\":\"WebPage\",\"@id\":\"http:\\\/\\\/escort-technology.com\\\/pl\\\/wskazniki-radarowe-marki-simrad\\\/\",\"url\":\"http:\\\/\\\/escort-technology.com\\\/pl\\\/wskazniki-radarowe-marki-simrad\\\/\",\"name\":\"Wska\u017aniki radarowe marki SIMRAD - ESCORT TECHNOLOGY\",\"isPartOf\":{\"@id\":\"http:\\\/\\\/escort-technology.com\\\/de\\\/#website\"},\"datePublished\":\"2020-07-03T09:22:03+00:00\",\"dateModified\":\"2020-07-03T09:34:49+00:00\",\"breadcrumb\":{\"@id\":\"http:\\\/\\\/escort-technology.com\\\/pl\\\/wskazniki-radarowe-marki-simrad\\\/#breadcrumb\"},\"inLanguage\":\"en-US\",\"potentialAction\":[{\"@type\":\"ReadAction\",\"target\":[\"http:\\\/\\\/escort-technology.com\\\/pl\\\/wskazniki-radarowe-marki-simrad\\\/\"]}]},{\"@type\":\"BreadcrumbList\",\"@id\":\"http:\\\/\\\/escort-technology.com\\\/pl\\\/wskazniki-radarowe-marki-simrad\\\/#breadcrumb\",\"itemListElement\":[{\"@type\":\"ListItem\",\"position\":1,\"name\":\"Strona g\u0142\u00f3wna\",\"item\":\"https:\\\/\\\/escort-technology.com\\\/\"},{\"@type\":\"ListItem\",\"position\":2,\"name\":\"Wska\u017aniki radarowe marki SIMRAD\"}]},{\"@type\":\"WebSite\",\"@id\":\"http:\\\/\\\/escort-technology.com\\\/de\\\/#website\",\"url\":\"http:\\\/\\\/escort-technology.com\\\/de\\\/\",\"name\":\"ESCORT TECHNOLOGY\",\"description\":\"Elektronika morska i l\u0105dowa\",\"publisher\":{\"@id\":\"http:\\\/\\\/escort-technology.com\\\/de\\\/#organization\"},\"potentialAction\":[{\"@type\":\"SearchAction\",\"target\":{\"@type\":\"EntryPoint\",\"urlTemplate\":\"http:\\\/\\\/escort-technology.com\\\/de\\\/?s={search_term_string}\"},\"query-input\":{\"@type\":\"PropertyValueSpecification\",\"valueRequired\":true,\"valueName\":\"search_term_string\"}}],\"inLanguage\":\"en-US\"},{\"@type\":\"Organization\",\"@id\":\"http:\\\/\\\/escort-technology.com\\\/de\\\/#organization\",\"name\":\"ESCORT TECHNOLOGY\",\"url\":\"http:\\\/\\\/escort-technology.com\\\/de\\\/\",\"logo\":{\"@type\":\"ImageObject\",\"inLanguage\":\"en-US\",\"@id\":\"http:\\\/\\\/escort-technology.com\\\/de\\\/#\\\/schema\\\/logo\\\/image\\\/\",\"url\":\"https:\\\/\\\/escort-technology.com\\\/wp-content\\\/uploads\\\/logo-1.jpg\",\"contentUrl\":\"https:\\\/\\\/escort-technology.com\\\/wp-content\\\/uploads\\\/logo-1.jpg\",\"width\":600,\"height\":165,\"caption\":\"ESCORT TECHNOLOGY\"},\"image\":{\"@id\":\"http:\\\/\\\/escort-technology.com\\\/de\\\/#\\\/schema\\\/logo\\\/image\\\/\"},\"sameAs\":[\"https:\\\/\\\/www.facebook.com\\\/elektronika.morska\\\/\",\"https:\\\/\\\/www.linkedin.com\\\/company\\\/escort-sp-z-o-o-\\\/\"]}]}<\/script>\n<!-- \/ Yoast SEO plugin. -->","yoast_head_json":{"title":"Wska\u017aniki radarowe marki SIMRAD - ESCORT TECHNOLOGY","robots":{"index":"index","follow":"follow","max-snippet":"max-snippet:-1","max-image-preview":"max-image-preview:large","max-video-preview":"max-video-preview:-1"},"canonical":"http:\/\/escort-technology.com\/en\/wskazniki-radarowe-marki-simrad\/","og_locale":"en_US","og_type":"article","og_title":"Wska\u017aniki radarowe marki SIMRAD - ESCORT TECHNOLOGY","og_description":"Wska\u017aniki radarowe marki Simrad Wska\u017aniki dedykowane Wska\u017anik radarowy R2009 Dedykowany wska\u017anik radarowy, przeznaczony do system\u00f3w Simrad, ekran 9 cali Wska\u017anik radarowy R3016 Dedykowany wska\u017anik radarowy, przeznaczony do system\u00f3w Simrad, ekran 16 cali Stacje nawigacyjne z funkcj\u0105 radaru \u00a0 Stacja nawigacyjna GO Stacje nawigacyjne serii GO, pozwalaj\u0105 na integracj\u0119 systemu radarowego w modelach 7, 9, 12 [&hellip;]","og_url":"http:\/\/escort-technology.com\/en\/wskazniki-radarowe-marki-simrad\/","og_site_name":"ESCORT TECHNOLOGY","article_publisher":"https:\/\/www.facebook.com\/elektronika.morska\/","article_modified_time":"2020-07-03T09:34:49+00:00","og_image":[{"url":"wp-content\/uploads\/000-12186-001_1.png","type":"","width":"","height":""}],"twitter_card":"summary_large_image","twitter_misc":{"Est. reading time":"1 minute"},"schema":{"@context":"https:\/\/schema.org","@graph":[{"@type":"WebPage","@id":"http:\/\/escort-technology.com\/pl\/wskazniki-radarowe-marki-simrad\/","url":"http:\/\/escort-technology.com\/pl\/wskazniki-radarowe-marki-simrad\/","name":"Wska\u017aniki radarowe marki SIMRAD - ESCORT TECHNOLOGY","isPartOf":{"@id":"http:\/\/escort-technology.com\/de\/#website"},"datePublished":"2020-07-03T09:22:03+00:00","dateModified":"2020-07-03T09:34:49+00:00","breadcrumb":{"@id":"http:\/\/escort-technology.com\/pl\/wskazniki-radarowe-marki-simrad\/#breadcrumb"},"inLanguage":"en-US","potentialAction":[{"@type":"ReadAction","target":["http:\/\/escort-technology.com\/pl\/wskazniki-radarowe-marki-simrad\/"]}]},{"@type":"BreadcrumbList","@id":"http:\/\/escort-technology.com\/pl\/wskazniki-radarowe-marki-simrad\/#breadcrumb","itemListElement":[{"@type":"ListItem","position":1,"name":"Strona g\u0142\u00f3wna","item":"https:\/\/escort-technology.com\/"},{"@type":"ListItem","position":2,"name":"Wska\u017aniki radarowe marki SIMRAD"}]},{"@type":"WebSite","@id":"http:\/\/escort-technology.com\/de\/#website","url":"http:\/\/escort-technology.com\/de\/","name":"ESCORT TECHNOLOGY","description":"Onshore and offshore electronics","publisher":{"@id":"http:\/\/escort-technology.com\/de\/#organization"},"potentialAction":[{"@type":"SearchAction","target":{"@type":"EntryPoint","urlTemplate":"http:\/\/escort-technology.com\/de\/?s={search_term_string}"},"query-input":{"@type":"PropertyValueSpecification","valueRequired":true,"valueName":"search_term_string"}}],"inLanguage":"en-US"},{"@type":"Organization","@id":"http:\/\/escort-technology.com\/de\/#organization","name":"ESCORT TECHNOLOGY","url":"http:\/\/escort-technology.com\/de\/","logo":{"@type":"ImageObject","inLanguage":"en-US","@id":"http:\/\/escort-technology.com\/de\/#\/schema\/logo\/image\/","url":"https:\/\/escort-technology.com\/wp-content\/uploads\/logo-1.jpg","contentUrl":"https:\/\/escort-technology.com\/wp-content\/uploads\/logo-1.jpg","width":600,"height":165,"caption":"ESCORT TECHNOLOGY"},"image":{"@id":"http:\/\/escort-technology.com\/de\/#\/schema\/logo\/image\/"},"sameAs":["https:\/\/www.facebook.com\/elektronika.morska\/","https:\/\/www.linkedin.com\/company\/escort-sp-z-o-o-\/"]}]}},"_links":{"self":[{"href":"https:\/\/escort-technology.com\/en\/wp-json\/wp\/v2\/pages\/6398","targetHints":{"allow":["GET"]}}],"collection":[{"href":"https:\/\/escort-technology.com\/en\/wp-json\/wp\/v2\/pages"}],"about":[{"href":"https:\/\/escort-technology.com\/en\/wp-json\/wp\/v2\/types\/page"}],"author":[{"embeddable":true,"href":"https:\/\/escort-technology.com\/en\/wp-json\/wp\/v2\/users\/10"}],"replies":[{"embeddable":true,"href":"https:\/\/escort-technology.com\/en\/wp-json\/wp\/v2\/comments?post=6398"}],"version-history":[{"count":11,"href":"https:\/\/escort-technology.com\/en\/wp-json\/wp\/v2\/pages\/6398\/revisions"}],"predecessor-version":[{"id":6420,"href":"https:\/\/escort-technology.com\/en\/wp-json\/wp\/v2\/pages\/6398\/revisions\/6420"}],"wp:attachment":[{"href":"https:\/\/escort-technology.com\/en\/wp-json\/wp\/v2\/media?parent=6398"}],"curies":[{"name":"wp","href":"https:\/\/api.w.org\/{rel}","templated":true}]}}