{"id":6560,"date":"2020-07-13T15:20:11","date_gmt":"2020-07-13T13:20:11","guid":{"rendered":"https:\/\/escort-technology.com\/?page_id=6560"},"modified":"2024-06-03T11:24:43","modified_gmt":"2024-06-03T09:24:43","slug":"echosondy-i-sonary-marki-simrad","status":"publish","type":"page","link":"https:\/\/escort-technology.com\/en\/echosondy-i-sonary-marki-simrad\/","title":{"rendered":"Echosondy i sonary marki SIMRAD"},"content":{"rendered":"<h1>Echosondy i sonary marki SIMRAD<\/h1>\n<hr>\n<div>\n<p>Firma Simrad oferuje szerok\u0105 gam\u0119 urz\u0105dze\u0144 pozwalaj\u0105cych na wy\u015bwietlanie echogramu i obrazu sonarowego. Poni\u017csze zestawienie zawiera podzia\u0142 na poszczeg\u00f3lne elementy, pozwalaj\u0105ce na z\u0142o\u017cenie ca\u0142ego systemu.<\/p>\n<p>\u00a0<\/p>\n<\/div>\n<p><a href=\"https:\/\/escort-technology.com\/stacje-nawigacyjne-marki-simrad\/\"><img decoding=\"async\" src=\"\/wp-content\/uploads\/GO12_Main_1-2.png\" alt=\"\"><\/a><\/p>\n<div>\n<h3><span style=\"color: #000000;\"><a style=\"color: #000000;\" href=\"https:\/\/escort-technology.com\/stacje-nawigacyjne-marki-simrad\/\">Stacje nawigacyjne z wbudowan\u0105 echosond\u0105 <\/a><\/span><\/h3>\n<p>Szeroka gama urz\u0105dze\u0144 z podzia\u0142em ze wzgl\u0119du na rozmiar ekranu i dodatkowe funkcje. Dost\u0119pne ekrany w rozmiarze 7, 9, 12, 16, 19<\/p>\n<\/div>\n<p><a href=\"https:\/\/escort-technology.com\/?page_id=6600&#038;preview=true\"><img decoding=\"async\" src=\"\/wp-content\/uploads\/Sonar_MFD_13837.png\" alt=\"\"><\/a><\/p>\n<div>\n<h3><span style=\"color: #000000;\"><a style=\"color: #000000;\" href=\"https:\/\/escort-technology.com\/?page_id=6600&amp;preview=true\">Ekrany dedykowane do echosond<\/a><\/span><\/h3>\n<p>Dost\u0119pne modele z ekranem 9 cali. Wystarczy pod\u0142\u0105czy\u0107 przetwornik.<\/p>\n<\/div>\n<p><a href=\"https:\/\/escort-technology.com\/?page_id=6611&#038;preview=true\"><img decoding=\"async\" src=\"\/wp-content\/uploads\/SONARHUB.png\" alt=\"\"><\/a><\/p>\n<div>\n<h3>\u00a0<\/h3>\n<h3><span style=\"color: #000000;\"><a style=\"color: #000000;\" href=\"https:\/\/escort-technology.com\/?page_id=6611&amp;preview=true\">Modu\u0142y sonaru i echosondy<\/a><\/span><\/h3>\n<p>Dodatkowe modu\u0142y do wsp\u00f3\u0142pracy ze stacjami nawigacyjnymi w celu uzyskania obrazu sonarowego i echogramu.<\/p>\n<\/div>\n<p><img decoding=\"async\" src=\"\/wp-content\/uploads\/b117-1.jpg\" alt=\"\"><\/p>\n<div>\n<h3>Przetworniki tradycyjne do echosondy<\/h3>\n<p>Szeroki wyb\u00f3r przetwornik\u00f3w do r\u00f3\u017cnego typu kad\u0142ub\u00f3w.\u00a0 Dost\u0119pne w technologi tradycyjnej dwucz\u0119stotliwo\u015bciowe i w technologii CHIRP.<\/p>\n<\/div>\n<p><a href=\"https:\/\/escort-technology.com\/przetworniki-simrad-chirp\/\"><img decoding=\"async\" src=\"\/wp-content\/uploads\/ACTIVE_IMAGING_3_1_DUCER_MAIN.png\" alt=\"\"><\/a><\/p>\n<div>\n<h3>\u00a0<\/h3>\n<h3>\u00a0<\/h3>\n<h3><span style=\"color: #000000;\"><a style=\"color: #000000;\" href=\"https:\/\/escort-technology.com\/przetworniki-simrad-chirp\/\">Przetworniki do sonaru oraz echosondy<\/a><\/span><\/h3>\n<p>Przetworniki \u0142\u0105cz\u0105ce kilka technologi naraz w jednym przetworniku.<\/p>\n<\/div>\n<p><img decoding=\"async\" src=\"\/wp-content\/uploads\/000_14414_001_01-1.png\" alt=\"\"><\/p>\n<div>\n<h3>\u00a0<\/h3>\n<h3>Okablowanie<\/h3>\n<p>Przetworniki wymagaj\u0105 wykorzystania r\u00f3\u017cnego typu przej\u015bci\u00f3wek lub kabli przed\u0142u\u017caj\u0105cych w celu dopasowania do odpowiedniej echosondy.<\/p>\n<\/div>\n<p><!--more--><br \/>\n<!-- {\"type\":\"layout\",\"children\":[{\"type\":\"section\",\"props\":{\"image_position\":\"center-center\",\"style\":\"default\",\"title_breakpoint\":\"xl\",\"title_position\":\"top-left\",\"title_rotation\":\"left\",\"vertical_align\":\"middle\",\"width\":\"large\"},\"children\":[{\"type\":\"row\",\"children\":[{\"type\":\"column\",\"props\":{\"image_position\":\"center-center\",\"position_sticky_breakpoint\":\"m\",\"width_medium\":\"1-1\"},\"children\":[{\"type\":\"headline\",\"props\":{\"content\":\"Echosondy i sonary marki SIMRAD\",\"title_element\":\"h1\"}},{\"type\":\"divider\",\"props\":{\"divider_element\":\"hr\"}}]}]}]},{\"type\":\"section\",\"props\":{\"image_position\":\"center-center\",\"style\":\"default\",\"title_breakpoint\":\"xl\",\"title_position\":\"top-left\",\"title_rotation\":\"left\",\"vertical_align\":\"middle\",\"width\":\"large\"},\"children\":[{\"type\":\"row\",\"children\":[{\"type\":\"column\",\"props\":{\"image_position\":\"center-center\",\"position_sticky_breakpoint\":\"m\",\"width_medium\":\"1-1\"},\"children\":[{\"type\":\"text\",\"props\":{\"column_breakpoint\":\"m\",\"content\":\"\n\n<p>Firma Simrad oferuje szerok\\u0105 gam\\u0119 urz\\u0105dze\\u0144 pozwalaj\\u0105cych na wy\\u015bwietlanie echogramu i obrazu sonarowego. Poni\\u017csze zestawienie zawiera podzia\\u0142 na poszczeg\\u00f3lne elementy, pozwalaj\\u0105ce na z\\u0142o\\u017cenie ca\\u0142ego systemu.<\\\/p>\\n\n\n<p>\\u00a0<\\\/p>\",\"margin\":\"default\"}}]}]}]},{\"type\":\"section\",\"props\":{\"image_position\":\"center-center\",\"style\":\"default\",\"title_breakpoint\":\"xl\",\"title_position\":\"top-left\",\"title_rotation\":\"left\",\"vertical_align\":\"middle\",\"width\":\"large\"},\"children\":[{\"type\":\"row\",\"props\":{\"layout\":\"1-3,1-3,1-3\"},\"children\":[{\"type\":\"column\",\"props\":{\"image_position\":\"center-center\",\"position_sticky_breakpoint\":\"m\",\"width_medium\":\"1-3\"},\"children\":[{\"type\":\"image\",\"props\":{\"image\":\"wp-content\\\/uploads\\\/GO12_Main_1-2.png\",\"image_svg_color\":\"emphasis\",\"link\":\"https:\\\/\\\/escort-technology.com\\\/stacje-nawigacyjne-marki-simrad\\\/\",\"margin\":\"default\"}},{\"type\":\"text\",\"props\":{\"column_breakpoint\":\"m\",\"content\":\"\n\n<h3><span style=\\\"color: #000000;\\\"><a style=\\\"color: #000000;\\\" href=\\\"https:\\\/\\\/escort-technology.com\\\/stacje-nawigacyjne-marki-simrad\\\/\\\">Stacje nawigacyjne z wbudowan\\u0105 echosond\\u0105 <\\\/a><\\\/span><\\\/h3>\\n\n\n<p>Szeroka gama urz\\u0105dze\\u0144 z podzia\\u0142em ze wzgl\\u0119du na rozmiar ekranu i dodatkowe funkcje. Dost\\u0119pne ekrany w rozmiarze 7, 9, 12, 16, 19<\\\/p>\",\"margin\":\"default\"}}]},{\"type\":\"column\",\"props\":{\"image_position\":\"center-center\",\"position_sticky_breakpoint\":\"m\",\"width_medium\":\"1-3\"},\"children\":[{\"type\":\"image\",\"props\":{\"image\":\"wp-content\\\/uploads\\\/Sonar_MFD_13837.png\",\"image_svg_color\":\"emphasis\",\"link\":\"https:\\\/\\\/escort-technology.com\\\/?page_id=6600&preview=true\",\"margin\":\"default\"}},{\"type\":\"text\",\"props\":{\"column_breakpoint\":\"m\",\"content\":\"\n\n<h3><span style=\\\"color: #000000;\\\"><a style=\\\"color: #000000;\\\" href=\\\"https:\\\/\\\/escort-technology.com\\\/?page_id=6600&amp;preview=true\\\">Ekrany dedykowane do echosond<\\\/a><\\\/span><\\\/h3>\\n\n\n<p>Dost\\u0119pne modele z ekranem 9 cali. Wystarczy pod\\u0142\\u0105czy\\u0107 przetwornik.<\\\/p>\",\"margin\":\"default\"}}]},{\"type\":\"column\",\"props\":{\"image_position\":\"center-center\",\"position_sticky_breakpoint\":\"m\",\"width_medium\":\"1-3\"},\"children\":[{\"type\":\"image\",\"props\":{\"image\":\"wp-content\\\/uploads\\\/SONARHUB.png\",\"image_svg_color\":\"emphasis\",\"image_width\":\"280\",\"link\":\"https:\\\/\\\/escort-technology.com\\\/?page_id=6611&preview=true\",\"margin\":\"default\",\"text_align\":\"left\"}},{\"type\":\"text\",\"props\":{\"column_breakpoint\":\"m\",\"content\":\"\n\n<h3>\\u00a0<\\\/h3>\\n\n\n<h3><span style=\\\"color: #000000;\\\"><a style=\\\"color: #000000;\\\" href=\\\"https:\\\/\\\/escort-technology.com\\\/?page_id=6611&amp;preview=true\\\">Modu\\u0142y sonaru i echosondy<\\\/a><\\\/span><\\\/h3>\\n\n\n<p>Dodatkowe modu\\u0142y do wsp\\u00f3\\u0142pracy ze stacjami nawigacyjnymi w celu uzyskania obrazu sonarowego i echogramu.<\\\/p>\",\"margin\":\"default\"}}]}]}]},{\"type\":\"section\",\"props\":{\"image_position\":\"center-center\",\"style\":\"default\",\"title_breakpoint\":\"xl\",\"title_position\":\"top-left\",\"title_rotation\":\"left\",\"vertical_align\":\"middle\",\"width\":\"large\"},\"children\":[{\"type\":\"row\",\"props\":{\"layout\":\"1-3,1-3,1-3\"},\"children\":[{\"type\":\"column\",\"props\":{\"image_position\":\"center-center\",\"position_sticky_breakpoint\":\"m\",\"width_medium\":\"1-3\"},\"children\":[{\"type\":\"image\",\"props\":{\"image\":\"wp-content\\\/uploads\\\/b117-1.jpg\",\"image_svg_color\":\"emphasis\",\"image_width\":\"300\",\"margin\":\"default\"}},{\"type\":\"text\",\"props\":{\"column_breakpoint\":\"m\",\"content\":\"\n\n<h3>Przetworniki tradycyjne do echosondy<\\\/h3>\\n\n\n<p>Szeroki wyb\\u00f3r przetwornik\\u00f3w do r\\u00f3\\u017cnego typu kad\\u0142ub\\u00f3w.\\u00a0 Dost\\u0119pne w technologi tradycyjnej dwucz\\u0119stotliwo\\u015bciowe i w technologii CHIRP.<\\\/p>\",\"margin\":\"default\"}}]},{\"type\":\"column\",\"props\":{\"image_position\":\"center-center\",\"position_sticky_breakpoint\":\"m\",\"width_medium\":\"1-3\"},\"children\":[{\"type\":\"image\",\"props\":{\"image\":\"wp-content\\\/uploads\\\/ACTIVE_IMAGING_3_1_DUCER_MAIN.png\",\"image_svg_color\":\"emphasis\",\"image_width\":\"300\",\"link\":\"https:\\\/\\\/escort-technology.com\\\/przetworniki-simrad-chirp\\\/\",\"margin\":\"default\"}},{\"type\":\"text\",\"props\":{\"column_breakpoint\":\"m\",\"content\":\"\n\n<h3>\\u00a0<\\\/h3>\\n\n\n<h3>\\u00a0<\\\/h3>\\n\n\n<h3><span style=\\\"color: #000000;\\\"><a style=\\\"color: #000000;\\\" href=\\\"https:\\\/\\\/escort-technology.com\\\/przetworniki-simrad-chirp\\\/\\\">Przetworniki do sonaru oraz echosondy<\\\/a><\\\/span><\\\/h3>\\n\n\n<p>Przetworniki \\u0142\\u0105cz\\u0105ce kilka technologi naraz w jednym przetworniku.<\\\/p>\",\"margin\":\"default\"}}]},{\"type\":\"column\",\"props\":{\"image_position\":\"center-center\",\"position_sticky_breakpoint\":\"m\",\"width_medium\":\"1-3\"},\"children\":[{\"type\":\"image\",\"props\":{\"image\":\"wp-content\\\/uploads\\\/000_14414_001_01-1.png\",\"image_svg_color\":\"emphasis\",\"margin\":\"default\"}},{\"type\":\"text\",\"props\":{\"column_breakpoint\":\"m\",\"content\":\"\n\n<h3>\\u00a0<\\\/h3>\\n\n\n<h3>Okablowanie<\\\/h3>\\n\n\n<p>Przetworniki wymagaj\\u0105 wykorzystania r\\u00f3\\u017cnego typu przej\\u015bci\\u00f3wek lub kabli przed\\u0142u\\u017caj\\u0105cych w celu dopasowania do odpowiedniej echosondy.<\\\/p>\",\"margin\":\"default\"}}]}]}]}],\"version\":\"4.0.13\"} --><\/p>\n","protected":false},"excerpt":{"rendered":"<p>Echosondy i sonary marki SIMRAD Firma Simrad oferuje szerok\u0105 gam\u0119 urz\u0105dze\u0144 pozwalaj\u0105cych na wy\u015bwietlanie echogramu i obrazu sonarowego. Poni\u017csze zestawienie zawiera podzia\u0142 na poszczeg\u00f3lne elementy, pozwalaj\u0105ce na z\u0142o\u017cenie ca\u0142ego systemu. \u00a0 Stacje nawigacyjne z wbudowan\u0105 echosond\u0105 Szeroka gama urz\u0105dze\u0144 z podzia\u0142em ze wzgl\u0119du na rozmiar ekranu i dodatkowe funkcje. Dost\u0119pne ekrany w rozmiarze 7, 9, [&hellip;]<\/p>\n","protected":false},"author":10,"featured_media":0,"parent":0,"menu_order":0,"comment_status":"closed","ping_status":"closed","template":"","meta":{"footnotes":""},"class_list":["post-6560","page","type-page","status-publish","hentry"],"yoast_head":"<!-- This site is optimized with the Yoast SEO plugin v27.6 - https:\/\/yoast.com\/product\/yoast-seo-wordpress\/ -->\n<title>Echosondy i sonary marki SIMRAD - ESCORT TECHNOLOGY<\/title>\n<meta name=\"robots\" content=\"index, follow, max-snippet:-1, max-image-preview:large, max-video-preview:-1\" \/>\n<link rel=\"canonical\" href=\"http:\/\/escort-technology.com\/en\/echosondy-i-sonary-marki-simrad\/\" \/>\n<meta property=\"og:locale\" content=\"en_US\" \/>\n<meta property=\"og:type\" content=\"article\" \/>\n<meta property=\"og:title\" content=\"Echosondy i sonary marki SIMRAD - ESCORT TECHNOLOGY\" \/>\n<meta property=\"og:description\" content=\"Echosondy i sonary marki SIMRAD Firma Simrad oferuje szerok\u0105 gam\u0119 urz\u0105dze\u0144 pozwalaj\u0105cych na wy\u015bwietlanie echogramu i obrazu sonarowego. Poni\u017csze zestawienie zawiera podzia\u0142 na poszczeg\u00f3lne elementy, pozwalaj\u0105ce na z\u0142o\u017cenie ca\u0142ego systemu. \u00a0 Stacje nawigacyjne z wbudowan\u0105 echosond\u0105 Szeroka gama urz\u0105dze\u0144 z podzia\u0142em ze wzgl\u0119du na rozmiar ekranu i dodatkowe funkcje. Dost\u0119pne ekrany w rozmiarze 7, 9, [&hellip;]\" \/>\n<meta property=\"og:url\" content=\"http:\/\/escort-technology.com\/en\/echosondy-i-sonary-marki-simrad\/\" \/>\n<meta property=\"og:site_name\" content=\"ESCORT TECHNOLOGY\" \/>\n<meta property=\"article:publisher\" content=\"https:\/\/www.facebook.com\/elektronika.morska\/\" \/>\n<meta property=\"article:modified_time\" content=\"2024-06-03T09:24:43+00:00\" \/>\n<meta property=\"og:image\" content=\"https:\/\/escort-technology.com\/wp-content\/uploads\/GO12_Main_1-2.png\" \/>\n<meta name=\"twitter:card\" content=\"summary_large_image\" \/>\n<meta name=\"twitter:label1\" content=\"Est. reading time\" \/>\n\t<meta name=\"twitter:data1\" content=\"1 minute\" \/>\n<script type=\"application\/ld+json\" class=\"yoast-schema-graph\">{\"@context\":\"https:\\\/\\\/schema.org\",\"@graph\":[{\"@type\":\"WebPage\",\"@id\":\"http:\\\/\\\/escort-technology.com\\\/en\\\/echosondy-i-sonary-marki-simrad\\\/\",\"url\":\"http:\\\/\\\/escort-technology.com\\\/en\\\/echosondy-i-sonary-marki-simrad\\\/\",\"name\":\"Echosondy i sonary marki SIMRAD - ESCORT TECHNOLOGY\",\"isPartOf\":{\"@id\":\"http:\\\/\\\/escort-technology.com\\\/de\\\/#website\"},\"datePublished\":\"2020-07-13T13:20:11+00:00\",\"dateModified\":\"2024-06-03T09:24:43+00:00\",\"breadcrumb\":{\"@id\":\"http:\\\/\\\/escort-technology.com\\\/en\\\/echosondy-i-sonary-marki-simrad\\\/#breadcrumb\"},\"inLanguage\":\"en-US\",\"potentialAction\":[{\"@type\":\"ReadAction\",\"target\":[\"http:\\\/\\\/escort-technology.com\\\/en\\\/echosondy-i-sonary-marki-simrad\\\/\"]}]},{\"@type\":\"BreadcrumbList\",\"@id\":\"http:\\\/\\\/escort-technology.com\\\/en\\\/echosondy-i-sonary-marki-simrad\\\/#breadcrumb\",\"itemListElement\":[{\"@type\":\"ListItem\",\"position\":1,\"name\":\"Strona g\u0142\u00f3wna\",\"item\":\"https:\\\/\\\/escort-technology.com\\\/\"},{\"@type\":\"ListItem\",\"position\":2,\"name\":\"Echosondy i sonary marki SIMRAD\"}]},{\"@type\":\"WebSite\",\"@id\":\"http:\\\/\\\/escort-technology.com\\\/de\\\/#website\",\"url\":\"http:\\\/\\\/escort-technology.com\\\/de\\\/\",\"name\":\"ESCORT TECHNOLOGY\",\"description\":\"Elektronika morska i l\u0105dowa\",\"publisher\":{\"@id\":\"http:\\\/\\\/escort-technology.com\\\/de\\\/#organization\"},\"potentialAction\":[{\"@type\":\"SearchAction\",\"target\":{\"@type\":\"EntryPoint\",\"urlTemplate\":\"http:\\\/\\\/escort-technology.com\\\/de\\\/?s={search_term_string}\"},\"query-input\":{\"@type\":\"PropertyValueSpecification\",\"valueRequired\":true,\"valueName\":\"search_term_string\"}}],\"inLanguage\":\"en-US\"},{\"@type\":\"Organization\",\"@id\":\"http:\\\/\\\/escort-technology.com\\\/de\\\/#organization\",\"name\":\"ESCORT TECHNOLOGY\",\"url\":\"http:\\\/\\\/escort-technology.com\\\/de\\\/\",\"logo\":{\"@type\":\"ImageObject\",\"inLanguage\":\"en-US\",\"@id\":\"http:\\\/\\\/escort-technology.com\\\/de\\\/#\\\/schema\\\/logo\\\/image\\\/\",\"url\":\"https:\\\/\\\/escort-technology.com\\\/wp-content\\\/uploads\\\/logo-1.jpg\",\"contentUrl\":\"https:\\\/\\\/escort-technology.com\\\/wp-content\\\/uploads\\\/logo-1.jpg\",\"width\":600,\"height\":165,\"caption\":\"ESCORT TECHNOLOGY\"},\"image\":{\"@id\":\"http:\\\/\\\/escort-technology.com\\\/de\\\/#\\\/schema\\\/logo\\\/image\\\/\"},\"sameAs\":[\"https:\\\/\\\/www.facebook.com\\\/elektronika.morska\\\/\",\"https:\\\/\\\/www.linkedin.com\\\/company\\\/escort-sp-z-o-o-\\\/\"]}]}<\/script>\n<!-- \/ Yoast SEO plugin. -->","yoast_head_json":{"title":"Echosondy i sonary marki SIMRAD - ESCORT TECHNOLOGY","robots":{"index":"index","follow":"follow","max-snippet":"max-snippet:-1","max-image-preview":"max-image-preview:large","max-video-preview":"max-video-preview:-1"},"canonical":"http:\/\/escort-technology.com\/en\/echosondy-i-sonary-marki-simrad\/","og_locale":"en_US","og_type":"article","og_title":"Echosondy i sonary marki SIMRAD - ESCORT TECHNOLOGY","og_description":"Echosondy i sonary marki SIMRAD Firma Simrad oferuje szerok\u0105 gam\u0119 urz\u0105dze\u0144 pozwalaj\u0105cych na wy\u015bwietlanie echogramu i obrazu sonarowego. Poni\u017csze zestawienie zawiera podzia\u0142 na poszczeg\u00f3lne elementy, pozwalaj\u0105ce na z\u0142o\u017cenie ca\u0142ego systemu. \u00a0 Stacje nawigacyjne z wbudowan\u0105 echosond\u0105 Szeroka gama urz\u0105dze\u0144 z podzia\u0142em ze wzgl\u0119du na rozmiar ekranu i dodatkowe funkcje. Dost\u0119pne ekrany w rozmiarze 7, 9, [&hellip;]","og_url":"http:\/\/escort-technology.com\/en\/echosondy-i-sonary-marki-simrad\/","og_site_name":"ESCORT TECHNOLOGY","article_publisher":"https:\/\/www.facebook.com\/elektronika.morska\/","article_modified_time":"2024-06-03T09:24:43+00:00","og_image":[{"url":"https:\/\/escort-technology.com\/wp-content\/uploads\/GO12_Main_1-2.png","type":"","width":"","height":""}],"twitter_card":"summary_large_image","twitter_misc":{"Est. reading time":"1 minute"},"schema":{"@context":"https:\/\/schema.org","@graph":[{"@type":"WebPage","@id":"http:\/\/escort-technology.com\/en\/echosondy-i-sonary-marki-simrad\/","url":"http:\/\/escort-technology.com\/en\/echosondy-i-sonary-marki-simrad\/","name":"Echosondy i sonary marki SIMRAD - ESCORT TECHNOLOGY","isPartOf":{"@id":"http:\/\/escort-technology.com\/de\/#website"},"datePublished":"2020-07-13T13:20:11+00:00","dateModified":"2024-06-03T09:24:43+00:00","breadcrumb":{"@id":"http:\/\/escort-technology.com\/en\/echosondy-i-sonary-marki-simrad\/#breadcrumb"},"inLanguage":"en-US","potentialAction":[{"@type":"ReadAction","target":["http:\/\/escort-technology.com\/en\/echosondy-i-sonary-marki-simrad\/"]}]},{"@type":"BreadcrumbList","@id":"http:\/\/escort-technology.com\/en\/echosondy-i-sonary-marki-simrad\/#breadcrumb","itemListElement":[{"@type":"ListItem","position":1,"name":"Strona g\u0142\u00f3wna","item":"https:\/\/escort-technology.com\/"},{"@type":"ListItem","position":2,"name":"Echosondy i sonary marki SIMRAD"}]},{"@type":"WebSite","@id":"http:\/\/escort-technology.com\/de\/#website","url":"http:\/\/escort-technology.com\/de\/","name":"ESCORT TECHNOLOGY","description":"Onshore and offshore electronics","publisher":{"@id":"http:\/\/escort-technology.com\/de\/#organization"},"potentialAction":[{"@type":"SearchAction","target":{"@type":"EntryPoint","urlTemplate":"http:\/\/escort-technology.com\/de\/?s={search_term_string}"},"query-input":{"@type":"PropertyValueSpecification","valueRequired":true,"valueName":"search_term_string"}}],"inLanguage":"en-US"},{"@type":"Organization","@id":"http:\/\/escort-technology.com\/de\/#organization","name":"ESCORT TECHNOLOGY","url":"http:\/\/escort-technology.com\/de\/","logo":{"@type":"ImageObject","inLanguage":"en-US","@id":"http:\/\/escort-technology.com\/de\/#\/schema\/logo\/image\/","url":"https:\/\/escort-technology.com\/wp-content\/uploads\/logo-1.jpg","contentUrl":"https:\/\/escort-technology.com\/wp-content\/uploads\/logo-1.jpg","width":600,"height":165,"caption":"ESCORT TECHNOLOGY"},"image":{"@id":"http:\/\/escort-technology.com\/de\/#\/schema\/logo\/image\/"},"sameAs":["https:\/\/www.facebook.com\/elektronika.morska\/","https:\/\/www.linkedin.com\/company\/escort-sp-z-o-o-\/"]}]}},"_links":{"self":[{"href":"https:\/\/escort-technology.com\/en\/wp-json\/wp\/v2\/pages\/6560","targetHints":{"allow":["GET"]}}],"collection":[{"href":"https:\/\/escort-technology.com\/en\/wp-json\/wp\/v2\/pages"}],"about":[{"href":"https:\/\/escort-technology.com\/en\/wp-json\/wp\/v2\/types\/page"}],"author":[{"embeddable":true,"href":"https:\/\/escort-technology.com\/en\/wp-json\/wp\/v2\/users\/10"}],"replies":[{"embeddable":true,"href":"https:\/\/escort-technology.com\/en\/wp-json\/wp\/v2\/comments?post=6560"}],"version-history":[{"count":15,"href":"https:\/\/escort-technology.com\/en\/wp-json\/wp\/v2\/pages\/6560\/revisions"}],"predecessor-version":[{"id":13890,"href":"https:\/\/escort-technology.com\/en\/wp-json\/wp\/v2\/pages\/6560\/revisions\/13890"}],"wp:attachment":[{"href":"https:\/\/escort-technology.com\/en\/wp-json\/wp\/v2\/media?parent=6560"}],"curies":[{"name":"wp","href":"https:\/\/api.w.org\/{rel}","templated":true}]}}