{"id":6611,"date":"2020-07-17T08:50:52","date_gmt":"2020-07-17T06:50:52","guid":{"rendered":"https:\/\/escort-technology.com\/?page_id=6611"},"modified":"2020-07-17T09:18:02","modified_gmt":"2020-07-17T07:18:02","slug":"moduly-echosondy-i-sonaru-marki-simrad","status":"publish","type":"page","link":"https:\/\/escort-technology.com\/en\/moduly-echosondy-i-sonaru-marki-simrad\/","title":{"rendered":"Modu\u0142y echosondy i sonaru marki SIMRAD"},"content":{"rendered":"<h1>Modu\u0142y echosondy i sonaru marki Simrad<\/h1>\n<hr>\n<p><img decoding=\"async\" src=\"wp-content\/uploads\/SONARHUB.png\" alt=\"\"><\/p>\n<div>\n<h2>Modu\u0142 SonarHub<\/h2>\n<p>Kompatybilny ze stacjami nawigacyjnymi Simrad NSS Sport, NSE Expert i NSO Offshore, rozwi\u0105zanie sieciowe typu plug-and-play u\u0142atwia identyfikacj\u0119\u00a0 obszar\u00f3w po\u0142owowych dzi\u0119ki \u0142\u0105czno\u015bci z najnowszymi technologiami sonarowymi Simrad &#8211; w tym StructureScan\u00ae HD i CHIRP.<\/p>\n<\/div>\n<p><a href=\"https:\/\/escort-technology.com\/modul-echosondy-simrad-s5100\/\"><img decoding=\"async\" src=\"wp-content\/uploads\/S5100.png\" alt=\"\"><\/a><\/p>\n<div>\n<h2><span style=\"color: #000000;\"><a style=\"color: #000000;\" href=\"https:\/\/escort-technology.com\/modul-echosondy-simrad-s5100\/\">Modu\u0142 S5100<\/a><\/span><\/h2>\n<p>S5100 jest wyposa\u017cony w trzy w pe\u0142ni niezale\u017cne kana\u0142y, kt\u00f3re mog\u0105 zapewni\u0107 pokrycie echosondy CHIRP o wysokiej rozdzielczo\u015bci w wielu zakresach g\u0142\u0119boko\u015bci. Mo\u017cna \u0142\u0105czy\u0107 i dopasowywa\u0107 do siebie nawet trzy przetworniki, aby zapewni\u0107 idealne pokrycie dla ka\u017cdego stylu \u0142owienia.<\/p>\n<\/div>\n<p><img decoding=\"async\" src=\"wp-content\/uploads\/STRUCTURESCAN_3D_BOX_MAIN.png\" alt=\"\"><\/p>\n<div>\n<h2>Modu\u0142 StructureScan 3D<\/h2>\n<p>Modu\u0142 StructureScan\u00ae 3D wsp\u00f3\u0142pracuje z ka\u017cdym z\u00a0 przetwornik\u00f3w StructureScan 3D w celu stworzenia wysokiej rozdzielczo\u015bci, tr\u00f3jwymiarowego widoku pod powierzchni\u0105.<\/p>\n<\/div>\n<p><!-- {\"type\":\"layout\",\"children\":[{\"type\":\"section\",\"props\":{\"style\":\"default\",\"width\":\"default\",\"vertical_align\":\"middle\",\"title_position\":\"top-left\",\"title_rotation\":\"left\",\"title_breakpoint\":\"xl\",\"image_position\":\"center-center\",\"text_color\":\"\",\"width_expand\":\"\",\"height\":\"\",\"padding\":\"\",\"header_transparent\":\"\",\"animation\":\"\",\"image_effect\":\"\"},\"children\":[{\"type\":\"row\",\"props\":{\"layout\":\"1-1\",\"breakpoint\":\"m\",\"fixed_width\":\"large\",\"gutter\":\"\",\"width\":\"\",\"width_expand\":\"\",\"height\":\"\",\"margin\":\"\"},\"children\":[{\"type\":\"column\",\"props\":{\"widths\":[\"1-1\"],\"image_position\":\"center-center\",\"media_overlay_gradient\":\"\",\"vertical_align\":\"\",\"style\":\"\",\"text_color\":\"\",\"padding\":\"\"},\"children\":[{\"type\":\"headline\",\"props\":{\"title_element\":\"h1\",\"title_style\":\"\",\"title_decoration\":\"\",\"title_color\":\"\",\"text_align\":\"\",\"text_align_breakpoint\":\"\",\"text_align_fallback\":\"\",\"maxwidth\":\"\",\"maxwidth_align\":\"\",\"maxwidth_breakpoint\":\"\",\"margin\":\"\",\"animation\":\"\",\"visibility\":\"\",\"content\":\"Modu\\u0142y echosondy i sonaru marki Simrad\"}},{\"type\":\"divider\",\"props\":{\"divider_element\":\"hr\",\"divider_style\":\"\",\"divider_align\":\"\",\"divider_align_breakpoint\":\"\",\"divider_align_fallback\":\"\",\"maxwidth\":\"\",\"maxwidth_align\":\"\",\"maxwidth_breakpoint\":\"\",\"margin\":\"\",\"animation\":\"\",\"visibility\":\"\"}}]}]}]},{\"type\":\"section\",\"props\":{\"style\":\"default\",\"width\":\"default\",\"vertical_align\":\"middle\",\"title_position\":\"top-left\",\"title_rotation\":\"left\",\"title_breakpoint\":\"xl\",\"image_position\":\"center-center\",\"text_color\":\"\",\"width_expand\":\"\",\"height\":\"\",\"padding\":\"\",\"header_transparent\":\"\",\"animation\":\"\",\"image_effect\":\"\"},\"children\":[{\"type\":\"row\",\"props\":{\"layout\":\",,\",\"breakpoint\":\"m\",\"fixed_width\":\"large\",\"gutter\":\"\",\"width\":\"\",\"width_expand\":\"\",\"height\":\"\",\"margin\":\"\"},\"children\":[{\"type\":\"column\",\"props\":{\"widths\":[\"\"],\"image_position\":\"center-center\",\"media_overlay_gradient\":\"\",\"vertical_align\":\"\",\"style\":\"\",\"text_color\":\"\",\"padding\":\"\"},\"children\":[{\"type\":\"image\",\"props\":{\"margin\":\"default\",\"link_target\":\"\",\"image_border\":\"\",\"image_box_shadow\":\"\",\"image_hover_box_shadow\":\"\",\"image_box_decoration\":\"\",\"text_align\":\"\",\"text_align_breakpoint\":\"\",\"text_align_fallback\":\"\",\"maxwidth\":\"\",\"maxwidth_align\":\"\",\"maxwidth_breakpoint\":\"\",\"animation\":\"\",\"visibility\":\"\",\"image\":\"wp-content\\\/uploads\\\/SONARHUB.png\",\"image_width\":\"275\"}},{\"type\":\"text\",\"props\":{\"margin\":\"default\",\"column_breakpoint\":\"m\",\"text_style\":\"\",\"text_color\":\"\",\"text_size\":\"\",\"column\":\"\",\"text_align\":\"\",\"text_align_breakpoint\":\"\",\"text_align_fallback\":\"\",\"maxwidth\":\"\",\"maxwidth_align\":\"\",\"maxwidth_breakpoint\":\"\",\"animation\":\"\",\"visibility\":\"\",\"content\":\"\n\n<h2>Modu\\u0142 SonarHub<\\\/h2>\\n\n\n<p>Kompatybilny ze stacjami nawigacyjnymi Simrad NSS Sport, NSE Expert i NSO Offshore, rozwi\\u0105zanie sieciowe typu plug-and-play u\\u0142atwia identyfikacj\\u0119\\u00a0 obszar\\u00f3w po\\u0142owowych dzi\\u0119ki \\u0142\\u0105czno\\u015bci z najnowszymi technologiami sonarowymi Simrad - w tym StructureScan\\u00ae HD i CHIRP.<\\\/p>\"}}]},{\"type\":\"column\",\"props\":{\"widths\":[\"\"],\"image_position\":\"center-center\",\"media_overlay_gradient\":\"\",\"vertical_align\":\"\",\"style\":\"\",\"text_color\":\"\",\"padding\":\"\"},\"children\":[{\"type\":\"image\",\"props\":{\"margin\":\"default\",\"link_target\":\"\",\"image_border\":\"\",\"image_box_shadow\":\"\",\"image_hover_box_shadow\":\"\",\"image_box_decoration\":\"\",\"text_align\":\"\",\"text_align_breakpoint\":\"\",\"text_align_fallback\":\"\",\"maxwidth\":\"\",\"maxwidth_align\":\"\",\"maxwidth_breakpoint\":\"\",\"animation\":\"\",\"visibility\":\"\",\"image\":\"wp-content\\\/uploads\\\/S5100.png\",\"image_width\":\"295\",\"link\":\"https:\\\/\\\/escort-technology.com\\\/modul-echosondy-simrad-s5100\\\/\"}},{\"type\":\"text\",\"props\":{\"margin\":\"default\",\"column_breakpoint\":\"m\",\"text_style\":\"\",\"text_color\":\"\",\"text_size\":\"\",\"column\":\"\",\"text_align\":\"\",\"text_align_breakpoint\":\"\",\"text_align_fallback\":\"\",\"maxwidth\":\"\",\"maxwidth_align\":\"\",\"maxwidth_breakpoint\":\"\",\"animation\":\"\",\"visibility\":\"\",\"content\":\"\n\n<h2><span style=\\\"color: #000000;\\\"><a style=\\\"color: #000000;\\\" href=\\\"https:\\\/\\\/escort-technology.com\\\/modul-echosondy-simrad-s5100\\\/\\\">Modu\\u0142 S5100<\\\/a><\\\/span><\\\/h2>\\n\n\n<p>S5100 jest wyposa\\u017cony w trzy w pe\\u0142ni niezale\\u017cne kana\\u0142y, kt\\u00f3re mog\\u0105 zapewni\\u0107 pokrycie echosondy CHIRP o wysokiej rozdzielczo\\u015bci w wielu zakresach g\\u0142\\u0119boko\\u015bci. Mo\\u017cna \\u0142\\u0105czy\\u0107 i dopasowywa\\u0107 do siebie nawet trzy przetworniki, aby zapewni\\u0107 idealne pokrycie dla ka\\u017cdego stylu \\u0142owienia.<\\\/p>\"}}]},{\"type\":\"column\",\"props\":{\"widths\":[\"\"],\"image_position\":\"center-center\",\"media_overlay_gradient\":\"\",\"vertical_align\":\"\",\"style\":\"\",\"text_color\":\"\",\"padding\":\"\"},\"children\":[{\"type\":\"image\",\"props\":{\"margin\":\"default\",\"link_target\":\"\",\"image_border\":\"\",\"image_box_shadow\":\"\",\"image_hover_box_shadow\":\"\",\"image_box_decoration\":\"\",\"text_align\":\"\",\"text_align_breakpoint\":\"\",\"text_align_fallback\":\"\",\"maxwidth\":\"\",\"maxwidth_align\":\"\",\"maxwidth_breakpoint\":\"\",\"animation\":\"\",\"visibility\":\"\",\"image\":\"wp-content\\\/uploads\\\/STRUCTURESCAN_3D_BOX_MAIN.png\",\"image_width\":\"350\"}},{\"type\":\"text\",\"props\":{\"margin\":\"default\",\"column_breakpoint\":\"m\",\"text_style\":\"\",\"text_color\":\"\",\"text_size\":\"\",\"column\":\"\",\"text_align\":\"\",\"text_align_breakpoint\":\"\",\"text_align_fallback\":\"\",\"maxwidth\":\"\",\"maxwidth_align\":\"\",\"maxwidth_breakpoint\":\"\",\"animation\":\"\",\"visibility\":\"\",\"content\":\"\n\n<h2>Modu\\u0142 StructureScan 3D<\\\/h2>\\n\n\n<p>Modu\\u0142 StructureScan\\u00ae 3D wsp\\u00f3\\u0142pracuje z ka\\u017cdym z\\u00a0 przetwornik\\u00f3w StructureScan 3D w celu stworzenia wysokiej rozdzielczo\\u015bci, tr\\u00f3jwymiarowego widoku pod powierzchni\\u0105.<\\\/p>\"}}]}]}]}],\"props\":[],\"version\":\"1.18.0\"} --><\/p>\n","protected":false},"excerpt":{"rendered":"<p>Modu\u0142y echosondy i sonaru marki Simrad Modu\u0142 SonarHub Kompatybilny ze stacjami nawigacyjnymi Simrad NSS Sport, NSE Expert i NSO Offshore, rozwi\u0105zanie sieciowe typu plug-and-play u\u0142atwia identyfikacj\u0119\u00a0 obszar\u00f3w po\u0142owowych dzi\u0119ki \u0142\u0105czno\u015bci z najnowszymi technologiami sonarowymi Simrad &#8211; w tym StructureScan\u00ae HD i CHIRP. Modu\u0142 S5100 S5100 jest wyposa\u017cony w trzy w pe\u0142ni niezale\u017cne kana\u0142y, kt\u00f3re mog\u0105 [&hellip;]<\/p>\n","protected":false},"author":10,"featured_media":0,"parent":0,"menu_order":0,"comment_status":"closed","ping_status":"closed","template":"","meta":{"footnotes":""},"class_list":["post-6611","page","type-page","status-publish","hentry"],"yoast_head":"<!-- This site is optimized with the Yoast SEO plugin v27.5 - https:\/\/yoast.com\/product\/yoast-seo-wordpress\/ -->\n<title>Modu\u0142y echosondy i sonaru marki SIMRAD - ESCORT TECHNOLOGY<\/title>\n<meta name=\"robots\" content=\"index, follow, max-snippet:-1, max-image-preview:large, max-video-preview:-1\" \/>\n<link rel=\"canonical\" href=\"https:\/\/escort-technology.com\/en\/moduly-echosondy-i-sonaru-marki-simrad\/\" \/>\n<meta property=\"og:locale\" content=\"en_US\" \/>\n<meta property=\"og:type\" content=\"article\" \/>\n<meta property=\"og:title\" content=\"Modu\u0142y echosondy i sonaru marki SIMRAD - ESCORT TECHNOLOGY\" \/>\n<meta property=\"og:description\" content=\"Modu\u0142y echosondy i sonaru marki Simrad Modu\u0142 SonarHub Kompatybilny ze stacjami nawigacyjnymi Simrad NSS Sport, NSE Expert i NSO Offshore, rozwi\u0105zanie sieciowe typu plug-and-play u\u0142atwia identyfikacj\u0119\u00a0 obszar\u00f3w po\u0142owowych dzi\u0119ki \u0142\u0105czno\u015bci z najnowszymi technologiami sonarowymi Simrad &#8211; w tym StructureScan\u00ae HD i CHIRP. Modu\u0142 S5100 S5100 jest wyposa\u017cony w trzy w pe\u0142ni niezale\u017cne kana\u0142y, kt\u00f3re mog\u0105 [&hellip;]\" \/>\n<meta property=\"og:url\" content=\"https:\/\/escort-technology.com\/en\/moduly-echosondy-i-sonaru-marki-simrad\/\" \/>\n<meta property=\"og:site_name\" content=\"ESCORT TECHNOLOGY\" \/>\n<meta property=\"article:publisher\" content=\"https:\/\/www.facebook.com\/elektronika.morska\/\" \/>\n<meta property=\"article:modified_time\" content=\"2020-07-17T07:18:02+00:00\" \/>\n<meta property=\"og:image\" content=\"http:\/\/wp-content\/uploads\/SONARHUB.png\" \/>\n<meta name=\"twitter:card\" content=\"summary_large_image\" \/>\n<meta name=\"twitter:label1\" content=\"Est. reading time\" \/>\n\t<meta name=\"twitter:data1\" content=\"1 minute\" \/>\n<script type=\"application\/ld+json\" class=\"yoast-schema-graph\">{\"@context\":\"https:\\\/\\\/schema.org\",\"@graph\":[{\"@type\":\"WebPage\",\"@id\":\"https:\\\/\\\/escort-technology.com\\\/en\\\/moduly-echosondy-i-sonaru-marki-simrad\\\/\",\"url\":\"https:\\\/\\\/escort-technology.com\\\/en\\\/moduly-echosondy-i-sonaru-marki-simrad\\\/\",\"name\":\"Modu\u0142y echosondy i sonaru marki SIMRAD - ESCORT TECHNOLOGY\",\"isPartOf\":{\"@id\":\"http:\\\/\\\/escort-technology.com\\\/de\\\/#website\"},\"datePublished\":\"2020-07-17T06:50:52+00:00\",\"dateModified\":\"2020-07-17T07:18:02+00:00\",\"breadcrumb\":{\"@id\":\"https:\\\/\\\/escort-technology.com\\\/en\\\/moduly-echosondy-i-sonaru-marki-simrad\\\/#breadcrumb\"},\"inLanguage\":\"en-US\",\"potentialAction\":[{\"@type\":\"ReadAction\",\"target\":[\"https:\\\/\\\/escort-technology.com\\\/en\\\/moduly-echosondy-i-sonaru-marki-simrad\\\/\"]}]},{\"@type\":\"BreadcrumbList\",\"@id\":\"https:\\\/\\\/escort-technology.com\\\/en\\\/moduly-echosondy-i-sonaru-marki-simrad\\\/#breadcrumb\",\"itemListElement\":[{\"@type\":\"ListItem\",\"position\":1,\"name\":\"Strona g\u0142\u00f3wna\",\"item\":\"https:\\\/\\\/escort-technology.com\\\/\"},{\"@type\":\"ListItem\",\"position\":2,\"name\":\"Modu\u0142y echosondy i sonaru marki SIMRAD\"}]},{\"@type\":\"WebSite\",\"@id\":\"http:\\\/\\\/escort-technology.com\\\/de\\\/#website\",\"url\":\"http:\\\/\\\/escort-technology.com\\\/de\\\/\",\"name\":\"ESCORT TECHNOLOGY\",\"description\":\"Elektronika morska i l\u0105dowa\",\"publisher\":{\"@id\":\"http:\\\/\\\/escort-technology.com\\\/de\\\/#organization\"},\"potentialAction\":[{\"@type\":\"SearchAction\",\"target\":{\"@type\":\"EntryPoint\",\"urlTemplate\":\"http:\\\/\\\/escort-technology.com\\\/de\\\/?s={search_term_string}\"},\"query-input\":{\"@type\":\"PropertyValueSpecification\",\"valueRequired\":true,\"valueName\":\"search_term_string\"}}],\"inLanguage\":\"en-US\"},{\"@type\":\"Organization\",\"@id\":\"http:\\\/\\\/escort-technology.com\\\/de\\\/#organization\",\"name\":\"ESCORT TECHNOLOGY\",\"url\":\"http:\\\/\\\/escort-technology.com\\\/de\\\/\",\"logo\":{\"@type\":\"ImageObject\",\"inLanguage\":\"en-US\",\"@id\":\"http:\\\/\\\/escort-technology.com\\\/de\\\/#\\\/schema\\\/logo\\\/image\\\/\",\"url\":\"https:\\\/\\\/escort-technology.com\\\/wp-content\\\/uploads\\\/logo-1.jpg\",\"contentUrl\":\"https:\\\/\\\/escort-technology.com\\\/wp-content\\\/uploads\\\/logo-1.jpg\",\"width\":600,\"height\":165,\"caption\":\"ESCORT TECHNOLOGY\"},\"image\":{\"@id\":\"http:\\\/\\\/escort-technology.com\\\/de\\\/#\\\/schema\\\/logo\\\/image\\\/\"},\"sameAs\":[\"https:\\\/\\\/www.facebook.com\\\/elektronika.morska\\\/\",\"https:\\\/\\\/www.linkedin.com\\\/company\\\/escort-sp-z-o-o-\\\/\"]}]}<\/script>\n<!-- \/ Yoast SEO plugin. -->","yoast_head_json":{"title":"Modu\u0142y echosondy i sonaru marki SIMRAD - ESCORT TECHNOLOGY","robots":{"index":"index","follow":"follow","max-snippet":"max-snippet:-1","max-image-preview":"max-image-preview:large","max-video-preview":"max-video-preview:-1"},"canonical":"https:\/\/escort-technology.com\/en\/moduly-echosondy-i-sonaru-marki-simrad\/","og_locale":"en_US","og_type":"article","og_title":"Modu\u0142y echosondy i sonaru marki SIMRAD - ESCORT TECHNOLOGY","og_description":"Modu\u0142y echosondy i sonaru marki Simrad Modu\u0142 SonarHub Kompatybilny ze stacjami nawigacyjnymi Simrad NSS Sport, NSE Expert i NSO Offshore, rozwi\u0105zanie sieciowe typu plug-and-play u\u0142atwia identyfikacj\u0119\u00a0 obszar\u00f3w po\u0142owowych dzi\u0119ki \u0142\u0105czno\u015bci z najnowszymi technologiami sonarowymi Simrad &#8211; w tym StructureScan\u00ae HD i CHIRP. Modu\u0142 S5100 S5100 jest wyposa\u017cony w trzy w pe\u0142ni niezale\u017cne kana\u0142y, kt\u00f3re mog\u0105 [&hellip;]","og_url":"https:\/\/escort-technology.com\/en\/moduly-echosondy-i-sonaru-marki-simrad\/","og_site_name":"ESCORT TECHNOLOGY","article_publisher":"https:\/\/www.facebook.com\/elektronika.morska\/","article_modified_time":"2020-07-17T07:18:02+00:00","og_image":[{"url":"wp-content\/uploads\/SONARHUB.png","type":"","width":"","height":""}],"twitter_card":"summary_large_image","twitter_misc":{"Est. reading time":"1 minute"},"schema":{"@context":"https:\/\/schema.org","@graph":[{"@type":"WebPage","@id":"https:\/\/escort-technology.com\/en\/moduly-echosondy-i-sonaru-marki-simrad\/","url":"https:\/\/escort-technology.com\/en\/moduly-echosondy-i-sonaru-marki-simrad\/","name":"Modu\u0142y echosondy i sonaru marki SIMRAD - ESCORT TECHNOLOGY","isPartOf":{"@id":"http:\/\/escort-technology.com\/de\/#website"},"datePublished":"2020-07-17T06:50:52+00:00","dateModified":"2020-07-17T07:18:02+00:00","breadcrumb":{"@id":"https:\/\/escort-technology.com\/en\/moduly-echosondy-i-sonaru-marki-simrad\/#breadcrumb"},"inLanguage":"en-US","potentialAction":[{"@type":"ReadAction","target":["https:\/\/escort-technology.com\/en\/moduly-echosondy-i-sonaru-marki-simrad\/"]}]},{"@type":"BreadcrumbList","@id":"https:\/\/escort-technology.com\/en\/moduly-echosondy-i-sonaru-marki-simrad\/#breadcrumb","itemListElement":[{"@type":"ListItem","position":1,"name":"Strona g\u0142\u00f3wna","item":"https:\/\/escort-technology.com\/"},{"@type":"ListItem","position":2,"name":"Modu\u0142y echosondy i sonaru marki SIMRAD"}]},{"@type":"WebSite","@id":"http:\/\/escort-technology.com\/de\/#website","url":"http:\/\/escort-technology.com\/de\/","name":"ESCORT TECHNOLOGY","description":"Onshore and offshore electronics","publisher":{"@id":"http:\/\/escort-technology.com\/de\/#organization"},"potentialAction":[{"@type":"SearchAction","target":{"@type":"EntryPoint","urlTemplate":"http:\/\/escort-technology.com\/de\/?s={search_term_string}"},"query-input":{"@type":"PropertyValueSpecification","valueRequired":true,"valueName":"search_term_string"}}],"inLanguage":"en-US"},{"@type":"Organization","@id":"http:\/\/escort-technology.com\/de\/#organization","name":"ESCORT TECHNOLOGY","url":"http:\/\/escort-technology.com\/de\/","logo":{"@type":"ImageObject","inLanguage":"en-US","@id":"http:\/\/escort-technology.com\/de\/#\/schema\/logo\/image\/","url":"https:\/\/escort-technology.com\/wp-content\/uploads\/logo-1.jpg","contentUrl":"https:\/\/escort-technology.com\/wp-content\/uploads\/logo-1.jpg","width":600,"height":165,"caption":"ESCORT TECHNOLOGY"},"image":{"@id":"http:\/\/escort-technology.com\/de\/#\/schema\/logo\/image\/"},"sameAs":["https:\/\/www.facebook.com\/elektronika.morska\/","https:\/\/www.linkedin.com\/company\/escort-sp-z-o-o-\/"]}]}},"_links":{"self":[{"href":"https:\/\/escort-technology.com\/en\/wp-json\/wp\/v2\/pages\/6611","targetHints":{"allow":["GET"]}}],"collection":[{"href":"https:\/\/escort-technology.com\/en\/wp-json\/wp\/v2\/pages"}],"about":[{"href":"https:\/\/escort-technology.com\/en\/wp-json\/wp\/v2\/types\/page"}],"author":[{"embeddable":true,"href":"https:\/\/escort-technology.com\/en\/wp-json\/wp\/v2\/users\/10"}],"replies":[{"embeddable":true,"href":"https:\/\/escort-technology.com\/en\/wp-json\/wp\/v2\/comments?post=6611"}],"version-history":[{"count":4,"href":"https:\/\/escort-technology.com\/en\/wp-json\/wp\/v2\/pages\/6611\/revisions"}],"predecessor-version":[{"id":6629,"href":"https:\/\/escort-technology.com\/en\/wp-json\/wp\/v2\/pages\/6611\/revisions\/6629"}],"wp:attachment":[{"href":"https:\/\/escort-technology.com\/en\/wp-json\/wp\/v2\/media?parent=6611"}],"curies":[{"name":"wp","href":"https:\/\/api.w.org\/{rel}","templated":true}]}}