{"id":6889,"date":"2020-09-04T13:54:54","date_gmt":"2020-09-04T11:54:54","guid":{"rendered":"https:\/\/escort-technology.com\/?page_id=6889"},"modified":"2020-09-04T14:16:15","modified_gmt":"2020-09-04T12:16:15","slug":"zlacza-subconn-micro-circular-2-3-4-5-6-i-8-oraz-g2-2-3-i-4-pin","status":"publish","type":"page","link":"https:\/\/escort-technology.com\/en\/zlacza-subconn-micro-circular-2-3-4-5-6-i-8-oraz-g2-2-3-i-4-pin\/","title":{"rendered":"Z\u0142\u0105cza SubConn Micro Circular &#8211; 2, 3, 4, 5, 6 i 8 oraz G2 2, 3 i 4 pin"},"content":{"rendered":"<h1>\n<p>Z\u0142\u0105cza SubConn Micro Circular 2, 3, 4, 5, 6 i 8 z\u0142\u0105cza G2 2, 3 i 4 pinowe<\/p>\n<\/h1>\n<hr>\n<p><img decoding=\"async\" src=\"wp-content\/uploads\/micro_circular_2-3-4-5-6and8andg2-2-3and4_contacts-2.jpg\" alt=\"\"><\/p>\n<div>\n<p><strong>Opis rysunk\u00f3w<\/strong><br \/>Wymiary w mm (1 mm = 0,03937 cala)<br \/>Gwinty w calach (1 cal = 25,4 mm)<\/p>\n<p>\u00a0<\/p>\n<p><strong>Specyfikacje z\u0142\u0105czy<\/strong><\/p>\n<p>\u00a0\u00a0\u00a0 Napi\u0119cie znamionowe: 300 V DC\/AC rms<br \/>\u00a0\u00a0\u00a0 2, 3 i 4 styki pr\u0105d znamionowy: 10 A na styk (maks. 20 A na z\u0142\u0105cze)<br \/>\u00a0\u00a0\u00a0 5, 6 i 8 styk\u00f3w pr\u0105d znamionowy: 5 A na styk (maks. 20 A na z\u0142\u0105cze)<br \/>\u00a0\u00a0\u00a0 G2 2, 3 i 4 styki pr\u0105dowe: 5 A na styk (maks. 20 A na z\u0142\u0105cze)<br \/>\u00a0\u00a0\u00a0 Odporno\u015b\u0107 izolacji: &gt; 200 Mohm<br \/>\u00a0\u00a0\u00a0 Odporno\u015b\u0107 na dotyk: &lt; 0,01 om<br \/>\u00a0\u00a0\u00a0 Wet mat: &gt; 500<br \/>\u00a0\u00a0\u00a0 Temperatura znamionowa (woda): &#8211; 4 do 60\u02daC, 25 do 140\u02daF<br \/>\u00a0\u00a0\u00a0 Temperatura znamionowa (powietrze): &#8211; 40 do 60\u02daC, &#8211; 40 do 140\u02daF<br \/>\u00a0\u00a0\u00a0 Temperatura przechowywania: &#8211; 40 do 60\u02daC, &#8211; 40 do 140\u02daF<br \/>\u00a0\u00a0\u00a0 Kwalifikowany test ci\u015bnieniowy: 800 bar, 11 600 psi<br \/>\u00a0\u00a0\u00a0 Rating g\u0142\u0119boko\u015bci PEEK: 300 bar\u00f3w, 4 350 psi<\/p>\n<p>\u00a0<\/p>\n<p><strong>Specyfikacje materia\u0142owe<\/strong><\/p>\n<p>\u00a0\u00a0\u00a0 Materia\u0142 obudowy: Kauczuk chloroprenowy<br \/>\u00a0\u00a0\u00a0 Materia\u0142 z\u0142\u0105cza typu bulkhead: Mosi\u0105dz, stal nierdzewna, tytan, aluminium anodowane lub PEEK<br \/>\u00a0\u00a0\u00a0 2, 3 i 4 styki: Mosi\u0105dz platerowany z\u0142otem UNS &#8211; C36000<br \/>\u00a0\u00a0\u00a0 5, 6, 8 styk\u00f3w i G2 2, 3 i 4 styki: Gniazda \u017ce\u0144skie z mosi\u0105dzu z\u0142oconego &#8211; UNS C36000, sworznie m\u0119skie z poz\u0142acanego berylu z miedzi<br \/>\u00a0\u00a0\u00a0 Szpilka lokalizacyjna: Stal nierdzewna AISI 303<br \/>\u00a0\u00a0\u00a0 O-rings: Nitryl<br \/>\u00a0\u00a0\u00a0 R\u0119kawy blokuj\u0105ce: ABS lub stal nierdzewna<br \/>\u00a0\u00a0\u00a0 Snap ring: Stal nierdzewna AISI 302<br \/>\u00a0\u00a0\u00a0 Kabel 2, 3 i 4 \u017cy\u0142owy inline (60 cm, 2 stopy): 18 AWG 0,82 mm2 gumy chloroprenowej<br \/>\u00a0\u00a0\u00a0 5, 6 i 8 \u017cy\u0142owy przew\u00f3d inline (60 cm, 2 stopy): 20 AWG 0,52 mm2 gumy chloroprenowej<br \/>\u00a0\u00a0\u00a0 G2 2, 3 i 4 \u017cy\u0142owy przew\u00f3d inline (60 cm, 2 ft): 20 AWG 0,52 mm2 gumy chloroprenowej<br \/>\u00a0\u00a0\u00a0 2, 3 i 4 przewody grodzi stykowej (30 cm, 1 ft): 20 AWG 0,52 mm2 kolorowy PTFE<br \/>\u00a0\u00a0\u00a0 5, 6 i 8 stykowych przewod\u00f3w grodziowych (30 cm, 1 ft): 22 AWG 0,33 mm2 kolorowy PTFE<br \/>\u00a0\u00a0\u00a0 G2 2, 3 i 4 przewody grodzi stykowej (30 cm, 1 ft): 20 AWG 0,52 mm2 kolorowy PTFE<\/p>\n<p>\u00a0<\/p>\n<p>Widok z przodu (z\u0142\u0105cze m\u0119skie)<\/p>\n<p>\u00a0<img loading=\"lazy\" decoding=\"async\" id=\"__mcenew\" src=\"https:\/\/www.macartney.com\/media\/6557\/micro_circular_2-3-4-5-6and8andg2-2-3and4_contacts-1.jpg\" alt=\"\" width=\"738\" height=\"171\" data-udi=\"umb:\/\/media\/7b2d6f1fed6a4279bc84418a0a61247d\" \/><\/p>\n<p><strong>Kod kolorystyczny kabla<\/strong><\/p>\n<p>1: Czarny<br \/>2: Bia\u0142y<br \/>3: Czerwony<br \/>4: Zielony<br \/>5: Pomara\u0144czowy<br \/>6: Niebieski<br \/>7: Bia\u0142y\/czarny<br \/>8: Czerwony\/czarny<br \/>**(3 \u017cy\u0142y kabla kod kolorystyczny: 1 czarny, 2 bia\u0142e, 3 zielone)<\/p>\n<p>\u00a0\u00a0 <br \/><strong>Nominalna \u015brednica zewn\u0119trzna przewodu (OD)<\/strong><\/p>\n<p>2 przew\u00f3d \u017cy\u0142owy 0,340&#8221;, 8,6 mm<br \/>3 przew\u00f3d \u017cy\u0142owy 0,360&#8221;, 9,1 mm<br \/>4 przew\u00f3d \u017cy\u0142owy 0,385&#8221;, 9,8 mm<br \/>G2 2 przew\u00f3d \u017cy\u0142owy 0,230&#8221;, 6,1 mm<br \/>G2 3 przew\u00f3d \u017cy\u0142owy 0,250&#8221;, 6,4 mm<br \/>G2 4 przew\u00f3d \u017cy\u0142owy 0,260&#8221;, 6,6 mm<br \/>5 \u017cy\u0142owy przew\u00f3d 0,312&#8221;, 7,9 mm<br \/>6 \u017cy\u0142owy przew\u00f3d 0,315&#8221;, 8,0 mm<br \/>8 \u017cy\u0142owy przew\u00f3d 0,363&#8221;, 9,2 mm<\/p>\n<\/div>\n<p>\n    <a href=\"https:\/\/www.macartney.com\/media\/6573\/micro_circular_2-3-4-5-6and8andg2-2-3and4_contacts.pdf\">Broszura<\/a>\n<\/p>\n<p>\n    <a href=\"https:\/\/shop.escort-technology.com\/pl\/c\/Zlacza-Subconn\/74\">Sprawd\u017a w sklepie<\/a>\n<\/p>\n<p><!-- {\"type\":\"layout\",\"children\":[{\"type\":\"section\",\"props\":{\"style\":\"default\",\"width\":\"default\",\"vertical_align\":\"middle\",\"title_position\":\"top-left\",\"title_rotation\":\"left\",\"title_breakpoint\":\"xl\",\"image_position\":\"center-center\",\"text_color\":\"\",\"width_expand\":\"\",\"height\":\"\",\"padding\":\"\",\"header_transparent\":\"\",\"animation\":\"\"},\"children\":[{\"type\":\"row\",\"props\":{\"layout\":\"1-1\",\"breakpoint\":\"m\",\"fixed_width\":\"large\",\"gutter\":\"\",\"width\":\"\",\"width_expand\":\"\",\"height\":\"\",\"margin\":\"\"},\"children\":[{\"type\":\"column\",\"props\":{\"widths\":[\"1-1\"],\"image_position\":\"center-center\",\"media_overlay_gradient\":\"\",\"vertical_align\":\"\",\"style\":\"\",\"text_color\":\"\",\"padding\":\"\"},\"children\":[{\"type\":\"headline\",\"props\":{\"title_element\":\"h1\",\"title_style\":\"\",\"title_decoration\":\"\",\"title_color\":\"\",\"text_align\":\"\",\"text_align_breakpoint\":\"\",\"text_align_fallback\":\"\",\"maxwidth\":\"\",\"maxwidth_align\":\"\",\"maxwidth_breakpoint\":\"\",\"margin\":\"\",\"animation\":\"\",\"visibility\":\"\",\"content\":\"\n\n<p>Z\\u0142\\u0105cza SubConn Micro Circular 2, 3, 4, 5, 6 i 8 z\\u0142\\u0105cza G2 2, 3 i 4 pinowe<\\\/p>\"}},{\"type\":\"divider\",\"props\":{\"divider_element\":\"hr\",\"divider_style\":\"\",\"divider_align\":\"\",\"divider_align_breakpoint\":\"\",\"divider_align_fallback\":\"\",\"maxwidth\":\"\",\"maxwidth_align\":\"\",\"maxwidth_breakpoint\":\"\",\"margin\":\"\",\"animation\":\"\",\"visibility\":\"\"}}]}]}]},{\"type\":\"section\",\"props\":{\"style\":\"default\",\"width\":\"default\",\"vertical_align\":\"middle\",\"title_position\":\"top-left\",\"title_rotation\":\"left\",\"title_breakpoint\":\"xl\",\"image_position\":\"center-center\",\"text_color\":\"\",\"width_expand\":\"\",\"height\":\"\",\"padding\":\"\",\"header_transparent\":\"\",\"animation\":\"\"},\"children\":[{\"type\":\"row\",\"props\":{\"layout\":\"1-1\",\"breakpoint\":\"m\",\"fixed_width\":\"large\",\"gutter\":\"\",\"width\":\"\",\"width_expand\":\"\",\"height\":\"\",\"margin\":\"\"},\"children\":[{\"type\":\"column\",\"props\":{\"widths\":[\"1-1\"],\"image_position\":\"center-center\",\"media_overlay_gradient\":\"\",\"vertical_align\":\"\",\"style\":\"\",\"text_color\":\"\",\"padding\":\"\"},\"children\":[{\"type\":\"image\",\"props\":{\"margin\":\"default\",\"link_target\":\"\",\"image_border\":\"\",\"image_box_shadow\":\"\",\"image_hover_box_shadow\":\"\",\"image_box_decoration\":\"\",\"text_align\":\"center\",\"text_align_breakpoint\":\"\",\"text_align_fallback\":\"\",\"maxwidth\":\"\",\"maxwidth_align\":\"\",\"maxwidth_breakpoint\":\"\",\"animation\":\"\",\"visibility\":\"\",\"image\":\"wp-content\\\/uploads\\\/micro_circular_2-3-4-5-6and8andg2-2-3and4_contacts-2.jpg\",\"image_height\":\"1100\"}},{\"type\":\"text\",\"props\":{\"margin\":\"default\",\"column_breakpoint\":\"m\",\"text_style\":\"\",\"text_color\":\"\",\"text_size\":\"\",\"column\":\"\",\"text_align\":\"\",\"text_align_breakpoint\":\"\",\"text_align_fallback\":\"\",\"maxwidth\":\"\",\"maxwidth_align\":\"\",\"maxwidth_breakpoint\":\"\",\"animation\":\"\",\"visibility\":\"\",\"content\":\"\n\n<p><strong>Opis rysunk\\u00f3w<\\\/strong><br \\\/>Wymiary w mm (1 mm = 0,03937 cala)<br \\\/>Gwinty w calach (1 cal = 25,4 mm)<br \\\/><br \\\/>\\u00a0<br \\\/><br \\\/><strong>Specyfikacje z\\u0142\\u0105czy<\\\/strong><br \\\/><br \\\/>\\u00a0\\u00a0\\u00a0 Napi\\u0119cie znamionowe: 300 V DC\\\/AC rms<br \\\/>\\u00a0\\u00a0\\u00a0 2, 3 i 4 styki pr\\u0105d znamionowy: 10 A na styk (maks. 20 A na z\\u0142\\u0105cze)<br \\\/>\\u00a0\\u00a0\\u00a0 5, 6 i 8 styk\\u00f3w pr\\u0105d znamionowy: 5 A na styk (maks. 20 A na z\\u0142\\u0105cze)<br \\\/>\\u00a0\\u00a0\\u00a0 G2 2, 3 i 4 styki pr\\u0105dowe: 5 A na styk (maks. 20 A na z\\u0142\\u0105cze)<br \\\/>\\u00a0\\u00a0\\u00a0 Odporno\\u015b\\u0107 izolacji: &gt; 200 Mohm<br \\\/>\\u00a0\\u00a0\\u00a0 Odporno\\u015b\\u0107 na dotyk: &lt; 0,01 om<br \\\/>\\u00a0\\u00a0\\u00a0 Wet mat: &gt; 500<br \\\/>\\u00a0\\u00a0\\u00a0 Temperatura znamionowa (woda): - 4 do 60\\u02daC, 25 do 140\\u02daF<br \\\/>\\u00a0\\u00a0\\u00a0 Temperatura znamionowa (powietrze): - 40 do 60\\u02daC, - 40 do 140\\u02daF<br \\\/>\\u00a0\\u00a0\\u00a0 Temperatura przechowywania: - 40 do 60\\u02daC, - 40 do 140\\u02daF<br \\\/>\\u00a0\\u00a0\\u00a0 Kwalifikowany test ci\\u015bnieniowy: 800 bar, 11 600 psi<br \\\/>\\u00a0\\u00a0\\u00a0 Rating g\\u0142\\u0119boko\\u015bci PEEK: 300 bar\\u00f3w, 4 350 psi<br \\\/><br \\\/>\\u00a0<br \\\/><br \\\/><strong>Specyfikacje materia\\u0142owe<\\\/strong><br \\\/><br \\\/>\\u00a0\\u00a0\\u00a0 Materia\\u0142 obudowy: Kauczuk chloroprenowy<br \\\/>\\u00a0\\u00a0\\u00a0 Materia\\u0142 z\\u0142\\u0105cza typu bulkhead: Mosi\\u0105dz, stal nierdzewna, tytan, aluminium anodowane lub PEEK<br \\\/>\\u00a0\\u00a0\\u00a0 2, 3 i 4 styki: Mosi\\u0105dz platerowany z\\u0142otem UNS - C36000<br \\\/>\\u00a0\\u00a0\\u00a0 5, 6, 8 styk\\u00f3w i G2 2, 3 i 4 styki: Gniazda \\u017ce\\u0144skie z mosi\\u0105dzu z\\u0142oconego - UNS C36000, sworznie m\\u0119skie z poz\\u0142acanego berylu z miedzi<br \\\/>\\u00a0\\u00a0\\u00a0 Szpilka lokalizacyjna: Stal nierdzewna AISI 303<br \\\/>\\u00a0\\u00a0\\u00a0 O-rings: Nitryl<br \\\/>\\u00a0\\u00a0\\u00a0 R\\u0119kawy blokuj\\u0105ce: ABS lub stal nierdzewna<br \\\/>\\u00a0\\u00a0\\u00a0 Snap ring: Stal nierdzewna AISI 302<br \\\/>\\u00a0\\u00a0\\u00a0 Kabel 2, 3 i 4 \\u017cy\\u0142owy inline (60 cm, 2 stopy): 18 AWG 0,82 mm2 gumy chloroprenowej<br \\\/>\\u00a0\\u00a0\\u00a0 5, 6 i 8 \\u017cy\\u0142owy przew\\u00f3d inline (60 cm, 2 stopy): 20 AWG 0,52 mm2 gumy chloroprenowej<br \\\/>\\u00a0\\u00a0\\u00a0 G2 2, 3 i 4 \\u017cy\\u0142owy przew\\u00f3d inline (60 cm, 2 ft): 20 AWG 0,52 mm2 gumy chloroprenowej<br \\\/>\\u00a0\\u00a0\\u00a0 2, 3 i 4 przewody grodzi stykowej (30 cm, 1 ft): 20 AWG 0,52 mm2 kolorowy PTFE<br \\\/>\\u00a0\\u00a0\\u00a0 5, 6 i 8 stykowych przewod\\u00f3w grodziowych (30 cm, 1 ft): 22 AWG 0,33 mm2 kolorowy PTFE<br \\\/>\\u00a0\\u00a0\\u00a0 G2 2, 3 i 4 przewody grodzi stykowej (30 cm, 1 ft): 20 AWG 0,52 mm2 kolorowy PTFE<br \\\/><br \\\/>\\u00a0<br \\\/><br \\\/>Widok z przodu (z\\u0142\\u0105cze m\\u0119skie)<br \\\/><br \\\/>\\u00a0<img id=\\\"__mcenew\\\" src=\\\"https:\\\/\\\/www.macartney.com\\\/media\\\/6557\\\/micro_circular_2-3-4-5-6and8andg2-2-3and4_contacts-1.jpg\\\" alt=\\\"\\\" width=\\\"738\\\" height=\\\"171\\\" data-udi=\\\"umb:\\\/\\\/media\\\/7b2d6f1fed6a4279bc84418a0a61247d\\\" \\\/><br \\\/><br \\\/><strong>Kod kolorystyczny kabla<\\\/strong><br \\\/><br \\\/>1: Czarny<br \\\/>2: Bia\\u0142y<br \\\/>3: Czerwony<br \\\/>4: Zielony<br \\\/>5: Pomara\\u0144czowy<br \\\/>6: Niebieski<br \\\/>7: Bia\\u0142y\\\/czarny<br \\\/>8: Czerwony\\\/czarny<br \\\/>**(3 \\u017cy\\u0142y kabla kod kolorystyczny: 1 czarny, 2 bia\\u0142e, 3 zielone)<br \\\/><br \\\/>\\u00a0\\u00a0 <br \\\/><strong>Nominalna \\u015brednica zewn\\u0119trzna przewodu (OD)<\\\/strong><br \\\/><br \\\/>2 przew\\u00f3d \\u017cy\\u0142owy 0,340'', 8,6 mm<br \\\/>3 przew\\u00f3d \\u017cy\\u0142owy 0,360'', 9,1 mm<br \\\/>4 przew\\u00f3d \\u017cy\\u0142owy 0,385'', 9,8 mm<br \\\/>G2 2 przew\\u00f3d \\u017cy\\u0142owy 0,230'', 6,1 mm<br \\\/>G2 3 przew\\u00f3d \\u017cy\\u0142owy 0,250'', 6,4 mm<br \\\/>G2 4 przew\\u00f3d \\u017cy\\u0142owy 0,260'', 6,6 mm<br \\\/>5 \\u017cy\\u0142owy przew\\u00f3d 0,312'', 7,9 mm<br \\\/>6 \\u017cy\\u0142owy przew\\u00f3d 0,315'', 8,0 mm<br \\\/>8 \\u017cy\\u0142owy przew\\u00f3d 0,363'', 9,2 mm<\\\/p>\"}},{\"type\":\"button\",\"props\":{\"gutter\":\"small\",\"margin\":\"default\",\"button_size\":\"\",\"text_align\":\"center\",\"text_align_breakpoint\":\"\",\"text_align_fallback\":\"\",\"maxwidth\":\"\",\"maxwidth_align\":\"\",\"maxwidth_breakpoint\":\"\",\"animation\":\"\",\"visibility\":\"\"},\"children\":[{\"type\":\"button_item\",\"props\":{\"button_style\":\"default\",\"icon_align\":\"left\",\"link_target\":\"\",\"content\":\"Broszura\",\"link\":\"https:\\\/\\\/www.macartney.com\\\/media\\\/6573\\\/micro_circular_2-3-4-5-6and8andg2-2-3and4_contacts.pdf\"}}]},{\"type\":\"button\",\"props\":{\"gutter\":\"small\",\"margin\":\"default\",\"button_size\":\"\",\"text_align\":\"center\",\"text_align_breakpoint\":\"\",\"text_align_fallback\":\"\",\"maxwidth\":\"\",\"maxwidth_align\":\"\",\"maxwidth_breakpoint\":\"\",\"animation\":\"\",\"visibility\":\"\"},\"children\":[{\"type\":\"button_item\",\"props\":{\"button_style\":\"default\",\"icon_align\":\"left\",\"link_target\":\"\",\"content\":\"Sprawd\\u017a w sklepie\",\"link\":\"https:\\\/\\\/shop.escort-technology.com\\\/pl\\\/c\\\/Zlacza-Subconn\\\/74\"}}]}]}]}]}]} --><\/p>\n","protected":false},"excerpt":{"rendered":"<p>Z\u0142\u0105cza SubConn Micro Circular 2, 3, 4, 5, 6 i 8 z\u0142\u0105cza G2 2, 3 i 4 pinowe Opis rysunk\u00f3wWymiary w mm (1 mm = 0,03937 cala)Gwinty w calach (1 cal = 25,4 mm) \u00a0 Specyfikacje z\u0142\u0105czy \u00a0\u00a0\u00a0 Napi\u0119cie znamionowe: 300 V DC\/AC rms\u00a0\u00a0\u00a0 2, 3 i 4 styki pr\u0105d znamionowy: 10 A na styk [&hellip;]<\/p>\n","protected":false},"author":10,"featured_media":0,"parent":0,"menu_order":0,"comment_status":"closed","ping_status":"closed","template":"","meta":{"footnotes":""},"class_list":["post-6889","page","type-page","status-publish","hentry"],"yoast_head":"<!-- This site is optimized with the Yoast SEO plugin v27.5 - https:\/\/yoast.com\/product\/yoast-seo-wordpress\/ -->\n<title>Z\u0142\u0105cza SubConn Micro Circular - 2, 3, 4, 5, 6 i 8 oraz G2 2, 3 i 4 pin - ESCORT TECHNOLOGY<\/title>\n<meta name=\"robots\" content=\"index, follow, max-snippet:-1, max-image-preview:large, max-video-preview:-1\" \/>\n<link rel=\"canonical\" href=\"https:\/\/escort-technology.com\/en\/zlacza-subconn-micro-circular-2-3-4-5-6-i-8-oraz-g2-2-3-i-4-pin\/\" \/>\n<meta property=\"og:locale\" content=\"en_US\" \/>\n<meta property=\"og:type\" content=\"article\" \/>\n<meta property=\"og:title\" content=\"Z\u0142\u0105cza SubConn Micro Circular - 2, 3, 4, 5, 6 i 8 oraz G2 2, 3 i 4 pin - ESCORT TECHNOLOGY\" \/>\n<meta property=\"og:description\" content=\"Z\u0142\u0105cza SubConn Micro Circular 2, 3, 4, 5, 6 i 8 z\u0142\u0105cza G2 2, 3 i 4 pinowe Opis rysunk\u00f3wWymiary w mm (1 mm = 0,03937 cala)Gwinty w calach (1 cal = 25,4 mm) \u00a0 Specyfikacje z\u0142\u0105czy \u00a0\u00a0\u00a0 Napi\u0119cie znamionowe: 300 V DC\/AC rms\u00a0\u00a0\u00a0 2, 3 i 4 styki pr\u0105d znamionowy: 10 A na styk [&hellip;]\" \/>\n<meta property=\"og:url\" content=\"https:\/\/escort-technology.com\/en\/zlacza-subconn-micro-circular-2-3-4-5-6-i-8-oraz-g2-2-3-i-4-pin\/\" \/>\n<meta property=\"og:site_name\" content=\"ESCORT TECHNOLOGY\" \/>\n<meta property=\"article:publisher\" content=\"https:\/\/www.facebook.com\/elektronika.morska\/\" \/>\n<meta property=\"article:modified_time\" content=\"2020-09-04T12:16:15+00:00\" \/>\n<meta property=\"og:image\" content=\"http:\/\/wp-content\/uploads\/micro_circular_2-3-4-5-6and8andg2-2-3and4_contacts-2.jpg\" \/>\n<meta name=\"twitter:card\" content=\"summary_large_image\" \/>\n<meta name=\"twitter:label1\" content=\"Est. reading time\" \/>\n\t<meta name=\"twitter:data1\" content=\"2 minutes\" \/>\n<script type=\"application\/ld+json\" class=\"yoast-schema-graph\">{\"@context\":\"https:\\\/\\\/schema.org\",\"@graph\":[{\"@type\":\"WebPage\",\"@id\":\"https:\\\/\\\/escort-technology.com\\\/pl\\\/zlacza-subconn-micro-circular-2-3-4-5-6-i-8-oraz-g2-2-3-i-4-pin\\\/\",\"url\":\"https:\\\/\\\/escort-technology.com\\\/pl\\\/zlacza-subconn-micro-circular-2-3-4-5-6-i-8-oraz-g2-2-3-i-4-pin\\\/\",\"name\":\"Z\u0142\u0105cza SubConn Micro Circular - 2, 3, 4, 5, 6 i 8 oraz G2 2, 3 i 4 pin - ESCORT TECHNOLOGY\",\"isPartOf\":{\"@id\":\"http:\\\/\\\/escort-technology.com\\\/de\\\/#website\"},\"primaryImageOfPage\":{\"@id\":\"https:\\\/\\\/escort-technology.com\\\/pl\\\/zlacza-subconn-micro-circular-2-3-4-5-6-i-8-oraz-g2-2-3-i-4-pin\\\/#primaryimage\"},\"image\":{\"@id\":\"https:\\\/\\\/escort-technology.com\\\/pl\\\/zlacza-subconn-micro-circular-2-3-4-5-6-i-8-oraz-g2-2-3-i-4-pin\\\/#primaryimage\"},\"thumbnailUrl\":\"https:\\\/\\\/www.macartney.com\\\/media\\\/6557\\\/micro_circular_2-3-4-5-6and8andg2-2-3and4_contacts-1.jpg\",\"datePublished\":\"2020-09-04T11:54:54+00:00\",\"dateModified\":\"2020-09-04T12:16:15+00:00\",\"breadcrumb\":{\"@id\":\"https:\\\/\\\/escort-technology.com\\\/pl\\\/zlacza-subconn-micro-circular-2-3-4-5-6-i-8-oraz-g2-2-3-i-4-pin\\\/#breadcrumb\"},\"inLanguage\":\"en-US\",\"potentialAction\":[{\"@type\":\"ReadAction\",\"target\":[\"https:\\\/\\\/escort-technology.com\\\/pl\\\/zlacza-subconn-micro-circular-2-3-4-5-6-i-8-oraz-g2-2-3-i-4-pin\\\/\"]}]},{\"@type\":\"ImageObject\",\"inLanguage\":\"en-US\",\"@id\":\"https:\\\/\\\/escort-technology.com\\\/pl\\\/zlacza-subconn-micro-circular-2-3-4-5-6-i-8-oraz-g2-2-3-i-4-pin\\\/#primaryimage\",\"url\":\"https:\\\/\\\/www.macartney.com\\\/media\\\/6557\\\/micro_circular_2-3-4-5-6and8andg2-2-3and4_contacts-1.jpg\",\"contentUrl\":\"https:\\\/\\\/www.macartney.com\\\/media\\\/6557\\\/micro_circular_2-3-4-5-6and8andg2-2-3and4_contacts-1.jpg\"},{\"@type\":\"BreadcrumbList\",\"@id\":\"https:\\\/\\\/escort-technology.com\\\/pl\\\/zlacza-subconn-micro-circular-2-3-4-5-6-i-8-oraz-g2-2-3-i-4-pin\\\/#breadcrumb\",\"itemListElement\":[{\"@type\":\"ListItem\",\"position\":1,\"name\":\"Strona g\u0142\u00f3wna\",\"item\":\"https:\\\/\\\/escort-technology.com\\\/\"},{\"@type\":\"ListItem\",\"position\":2,\"name\":\"Z\u0142\u0105cza SubConn Micro Circular &#8211; 2, 3, 4, 5, 6 i 8 oraz G2 2, 3 i 4 pin\"}]},{\"@type\":\"WebSite\",\"@id\":\"http:\\\/\\\/escort-technology.com\\\/de\\\/#website\",\"url\":\"http:\\\/\\\/escort-technology.com\\\/de\\\/\",\"name\":\"ESCORT TECHNOLOGY\",\"description\":\"Elektronika morska i l\u0105dowa\",\"publisher\":{\"@id\":\"http:\\\/\\\/escort-technology.com\\\/de\\\/#organization\"},\"potentialAction\":[{\"@type\":\"SearchAction\",\"target\":{\"@type\":\"EntryPoint\",\"urlTemplate\":\"http:\\\/\\\/escort-technology.com\\\/de\\\/?s={search_term_string}\"},\"query-input\":{\"@type\":\"PropertyValueSpecification\",\"valueRequired\":true,\"valueName\":\"search_term_string\"}}],\"inLanguage\":\"en-US\"},{\"@type\":\"Organization\",\"@id\":\"http:\\\/\\\/escort-technology.com\\\/de\\\/#organization\",\"name\":\"ESCORT TECHNOLOGY\",\"url\":\"http:\\\/\\\/escort-technology.com\\\/de\\\/\",\"logo\":{\"@type\":\"ImageObject\",\"inLanguage\":\"en-US\",\"@id\":\"http:\\\/\\\/escort-technology.com\\\/de\\\/#\\\/schema\\\/logo\\\/image\\\/\",\"url\":\"https:\\\/\\\/escort-technology.com\\\/wp-content\\\/uploads\\\/logo-1.jpg\",\"contentUrl\":\"https:\\\/\\\/escort-technology.com\\\/wp-content\\\/uploads\\\/logo-1.jpg\",\"width\":600,\"height\":165,\"caption\":\"ESCORT TECHNOLOGY\"},\"image\":{\"@id\":\"http:\\\/\\\/escort-technology.com\\\/de\\\/#\\\/schema\\\/logo\\\/image\\\/\"},\"sameAs\":[\"https:\\\/\\\/www.facebook.com\\\/elektronika.morska\\\/\",\"https:\\\/\\\/www.linkedin.com\\\/company\\\/escort-sp-z-o-o-\\\/\"]}]}<\/script>\n<!-- \/ Yoast SEO plugin. -->","yoast_head_json":{"title":"Z\u0142\u0105cza SubConn Micro Circular - 2, 3, 4, 5, 6 i 8 oraz G2 2, 3 i 4 pin - ESCORT TECHNOLOGY","robots":{"index":"index","follow":"follow","max-snippet":"max-snippet:-1","max-image-preview":"max-image-preview:large","max-video-preview":"max-video-preview:-1"},"canonical":"https:\/\/escort-technology.com\/en\/zlacza-subconn-micro-circular-2-3-4-5-6-i-8-oraz-g2-2-3-i-4-pin\/","og_locale":"en_US","og_type":"article","og_title":"Z\u0142\u0105cza SubConn Micro Circular - 2, 3, 4, 5, 6 i 8 oraz G2 2, 3 i 4 pin - ESCORT TECHNOLOGY","og_description":"Z\u0142\u0105cza SubConn Micro Circular 2, 3, 4, 5, 6 i 8 z\u0142\u0105cza G2 2, 3 i 4 pinowe Opis rysunk\u00f3wWymiary w mm (1 mm = 0,03937 cala)Gwinty w calach (1 cal = 25,4 mm) \u00a0 Specyfikacje z\u0142\u0105czy \u00a0\u00a0\u00a0 Napi\u0119cie znamionowe: 300 V DC\/AC rms\u00a0\u00a0\u00a0 2, 3 i 4 styki pr\u0105d znamionowy: 10 A na styk [&hellip;]","og_url":"https:\/\/escort-technology.com\/en\/zlacza-subconn-micro-circular-2-3-4-5-6-i-8-oraz-g2-2-3-i-4-pin\/","og_site_name":"ESCORT TECHNOLOGY","article_publisher":"https:\/\/www.facebook.com\/elektronika.morska\/","article_modified_time":"2020-09-04T12:16:15+00:00","og_image":[{"url":"wp-content\/uploads\/micro_circular_2-3-4-5-6and8andg2-2-3and4_contacts-2.jpg","type":"","width":"","height":""}],"twitter_card":"summary_large_image","twitter_misc":{"Est. reading time":"2 minutes"},"schema":{"@context":"https:\/\/schema.org","@graph":[{"@type":"WebPage","@id":"https:\/\/escort-technology.com\/pl\/zlacza-subconn-micro-circular-2-3-4-5-6-i-8-oraz-g2-2-3-i-4-pin\/","url":"https:\/\/escort-technology.com\/pl\/zlacza-subconn-micro-circular-2-3-4-5-6-i-8-oraz-g2-2-3-i-4-pin\/","name":"Z\u0142\u0105cza SubConn Micro Circular - 2, 3, 4, 5, 6 i 8 oraz G2 2, 3 i 4 pin - ESCORT TECHNOLOGY","isPartOf":{"@id":"http:\/\/escort-technology.com\/de\/#website"},"primaryImageOfPage":{"@id":"https:\/\/escort-technology.com\/pl\/zlacza-subconn-micro-circular-2-3-4-5-6-i-8-oraz-g2-2-3-i-4-pin\/#primaryimage"},"image":{"@id":"https:\/\/escort-technology.com\/pl\/zlacza-subconn-micro-circular-2-3-4-5-6-i-8-oraz-g2-2-3-i-4-pin\/#primaryimage"},"thumbnailUrl":"https:\/\/www.macartney.com\/media\/6557\/micro_circular_2-3-4-5-6and8andg2-2-3and4_contacts-1.jpg","datePublished":"2020-09-04T11:54:54+00:00","dateModified":"2020-09-04T12:16:15+00:00","breadcrumb":{"@id":"https:\/\/escort-technology.com\/pl\/zlacza-subconn-micro-circular-2-3-4-5-6-i-8-oraz-g2-2-3-i-4-pin\/#breadcrumb"},"inLanguage":"en-US","potentialAction":[{"@type":"ReadAction","target":["https:\/\/escort-technology.com\/pl\/zlacza-subconn-micro-circular-2-3-4-5-6-i-8-oraz-g2-2-3-i-4-pin\/"]}]},{"@type":"ImageObject","inLanguage":"en-US","@id":"https:\/\/escort-technology.com\/pl\/zlacza-subconn-micro-circular-2-3-4-5-6-i-8-oraz-g2-2-3-i-4-pin\/#primaryimage","url":"https:\/\/www.macartney.com\/media\/6557\/micro_circular_2-3-4-5-6and8andg2-2-3and4_contacts-1.jpg","contentUrl":"https:\/\/www.macartney.com\/media\/6557\/micro_circular_2-3-4-5-6and8andg2-2-3and4_contacts-1.jpg"},{"@type":"BreadcrumbList","@id":"https:\/\/escort-technology.com\/pl\/zlacza-subconn-micro-circular-2-3-4-5-6-i-8-oraz-g2-2-3-i-4-pin\/#breadcrumb","itemListElement":[{"@type":"ListItem","position":1,"name":"Strona g\u0142\u00f3wna","item":"https:\/\/escort-technology.com\/"},{"@type":"ListItem","position":2,"name":"Z\u0142\u0105cza SubConn Micro Circular &#8211; 2, 3, 4, 5, 6 i 8 oraz G2 2, 3 i 4 pin"}]},{"@type":"WebSite","@id":"http:\/\/escort-technology.com\/de\/#website","url":"http:\/\/escort-technology.com\/de\/","name":"ESCORT TECHNOLOGY","description":"Onshore and offshore electronics","publisher":{"@id":"http:\/\/escort-technology.com\/de\/#organization"},"potentialAction":[{"@type":"SearchAction","target":{"@type":"EntryPoint","urlTemplate":"http:\/\/escort-technology.com\/de\/?s={search_term_string}"},"query-input":{"@type":"PropertyValueSpecification","valueRequired":true,"valueName":"search_term_string"}}],"inLanguage":"en-US"},{"@type":"Organization","@id":"http:\/\/escort-technology.com\/de\/#organization","name":"ESCORT TECHNOLOGY","url":"http:\/\/escort-technology.com\/de\/","logo":{"@type":"ImageObject","inLanguage":"en-US","@id":"http:\/\/escort-technology.com\/de\/#\/schema\/logo\/image\/","url":"https:\/\/escort-technology.com\/wp-content\/uploads\/logo-1.jpg","contentUrl":"https:\/\/escort-technology.com\/wp-content\/uploads\/logo-1.jpg","width":600,"height":165,"caption":"ESCORT TECHNOLOGY"},"image":{"@id":"http:\/\/escort-technology.com\/de\/#\/schema\/logo\/image\/"},"sameAs":["https:\/\/www.facebook.com\/elektronika.morska\/","https:\/\/www.linkedin.com\/company\/escort-sp-z-o-o-\/"]}]}},"_links":{"self":[{"href":"https:\/\/escort-technology.com\/en\/wp-json\/wp\/v2\/pages\/6889","targetHints":{"allow":["GET"]}}],"collection":[{"href":"https:\/\/escort-technology.com\/en\/wp-json\/wp\/v2\/pages"}],"about":[{"href":"https:\/\/escort-technology.com\/en\/wp-json\/wp\/v2\/types\/page"}],"author":[{"embeddable":true,"href":"https:\/\/escort-technology.com\/en\/wp-json\/wp\/v2\/users\/10"}],"replies":[{"embeddable":true,"href":"https:\/\/escort-technology.com\/en\/wp-json\/wp\/v2\/comments?post=6889"}],"version-history":[{"count":2,"href":"https:\/\/escort-technology.com\/en\/wp-json\/wp\/v2\/pages\/6889\/revisions"}],"predecessor-version":[{"id":6895,"href":"https:\/\/escort-technology.com\/en\/wp-json\/wp\/v2\/pages\/6889\/revisions\/6895"}],"wp:attachment":[{"href":"https:\/\/escort-technology.com\/en\/wp-json\/wp\/v2\/media?parent=6889"}],"curies":[{"name":"wp","href":"https:\/\/api.w.org\/{rel}","templated":true}]}}