{"id":6896,"date":"2020-09-04T14:40:14","date_gmt":"2020-09-04T12:40:14","guid":{"rendered":"https:\/\/escort-technology.com\/?page_id=6896"},"modified":"2020-09-04T14:40:14","modified_gmt":"2020-09-04T12:40:14","slug":"zlacza-subconn-micro-circular-10-12-i-16-piny","status":"publish","type":"page","link":"https:\/\/escort-technology.com\/en\/zlacza-subconn-micro-circular-10-12-i-16-piny\/","title":{"rendered":"Z\u0142\u0105cza SubConn Micro Circular &#8211; 10, 12 i 16 piny"},"content":{"rendered":"<h1>\n<h1>Z\u0142\u0105cza SubConn Micro Circular &#8211; 10, 12 i 16 pin\u00f3w<\/h1>\n<p>\u00a0<\/p>\n<\/h1>\n<hr>\n<p><img decoding=\"async\" src=\"wp-content\/uploads\/micro_circular_10-12and16_contacts-2.jpg\" alt=\"\"><\/p>\n<div>\n<p><strong>Opis rysunku<\/strong><\/p>\n<p>Wymiary w mm (1 mm = 0,03937 cala)<br \/>Gwinty w calach (1 cal = 25,4 mm)<\/p>\n<p><strong>Specyfikacje z\u0142\u0105czy<\/strong><\/p>\n<p>Napi\u0119cie znamionowe: 300 V DC\/AC rms<br \/>Aktualny rating: 5 A na styk (maks. 30 A na z\u0142\u0105cze)<br \/>Odporno\u015b\u0107 izolacji: &gt; 200 Mohm<br \/>Odporno\u015b\u0107 na dotyk: &lt; 0,01 ohm<br \/>Wet Mat: &gt; 500<br \/>Temperatura znamionowa (woda): &#8211; 4 do 60\u02daC, 25 do 140\u02daF<br \/>Temperatura znamionowa (powietrze): &#8211; 40 do 60\u02daC, &#8211; 40 do 140\u02daF<br \/>Temperatura przechowywania: &#8211; 40 do 60\u02daC, &#8211; 40 do 140\u02daF<br \/>Kwalifikowany test ci\u015bnieniowy: 800 bar, 11 600 psi<br \/>Rating g\u0142\u0119boko\u015bci PEEK: 300 bar\u00f3w, 4 350 psi<\/p>\n<p><strong>Specyfikacje materia\u0142owe<\/strong><\/p>\n<p>Obudowa : Kauczuk chloroprenowy<br \/>Wersja Bulkhead: Mosi\u0105dz, stal nierdzewna, tytan, aluminium anodowane lub PEEK<br \/>Z\u0142\u0105cza: Gniazda \u017ce\u0144skie z poz\u0142acanego mosi\u0105dzu UNS &#8211; C36000, sworznie m\u0119skie z poz\u0142acanego berylu z miedzi:<br \/>O-ringi: Nitryl<br \/>R\u0119kawy blokuj\u0105ce: POM lub stal nierdzewna<br \/>Snap ring: Stal nierdzewna AISI 302<br \/>Kabel szeregowy (60 cm, 2 stopy): 20 AWG 0,52 mm2 gumy chloroprenowej<br \/>Ko\u0144c\u00f3wki przegrody (30 cm, 1 ft): 20 AWG 0,52 mm2 kolorowy PTFE<\/p>\n<p><strong>Widok z przodu ( z\u0142\u0105cze m\u0119skie)<\/strong> <\/p>\n<\/div>\n<p><img decoding=\"async\" src=\"wp-content\/uploads\/micro_circular_10-12and16_contacts-1.jpg\" alt=\"\"><\/p>\n<div>\n<p><strong>Kod kolorystyczny kabla <br \/><\/strong><\/p>\n<p>1: Czarny<br \/>2: Bia\u0142y<br \/>3: Czerwony<br \/>4: Zielony<br \/>5: Pomara\u0144czowy<br \/>6: Niebieski<br \/>7: Bia\u0142y\/czarny<br \/>8: Czerwony\/czarny<br \/>9: Zielony\/czarny<br \/>10: Pomara\u0144czowy\/czarny<br \/>11: Niebieski\/czarny<br \/>12: Czarny\/bia\u0142y<br \/>13: Czerwony\/bia\u0142y<br \/>14: Zielony\/bia\u0142y<br \/>15: Niebieski\/bia\u0142y<br \/>16: Czarny\/czerwony<\/p>\n<p><strong>Nominalna \u015brednica zewn\u0119trzna przewodu (OD)<\/strong><\/p>\n<p>10 \u017cy\u0142owy przew\u00f3d 0,406&#8221;, 10,3 mm<br \/>12 \u017cy\u0142owy przew\u00f3d 0,436&#8221;, 11,0 mm<br \/>16 \u017cy\u0142owy przew\u00f3d 0,472&#8221;, 12,0 mm<\/p>\n<\/div>\n<p>\n    <a href=\"https:\/\/www.macartney.com\/media\/6574\/micro_circular_10-12and16_contacts.pdf\">Broszura<\/a>\n<\/p>\n<p>\n    <a href=\"https:\/\/shop.escort-technology.com\/pl\/c\/Zlacza-Subconn\/74\">Sprawd\u017a w sklepie<\/a>\n<\/p>\n<p><!-- {\"type\":\"layout\",\"children\":[{\"type\":\"section\",\"props\":{\"style\":\"default\",\"width\":\"default\",\"vertical_align\":\"middle\",\"title_position\":\"top-left\",\"title_rotation\":\"left\",\"title_breakpoint\":\"xl\",\"image_position\":\"center-center\",\"text_color\":\"\",\"width_expand\":\"\",\"height\":\"\",\"padding\":\"\",\"header_transparent\":\"\",\"animation\":\"\"},\"children\":[{\"type\":\"row\",\"props\":{\"layout\":\"1-1\",\"breakpoint\":\"m\",\"fixed_width\":\"large\",\"gutter\":\"\",\"width\":\"\",\"width_expand\":\"\",\"height\":\"\",\"margin\":\"\"},\"children\":[{\"type\":\"column\",\"props\":{\"widths\":[\"1-1\"],\"image_position\":\"center-center\",\"media_overlay_gradient\":\"\",\"vertical_align\":\"\",\"style\":\"\",\"text_color\":\"\",\"padding\":\"\"},\"children\":[{\"type\":\"headline\",\"props\":{\"title_element\":\"h1\",\"title_style\":\"\",\"title_decoration\":\"\",\"title_color\":\"\",\"text_align\":\"\",\"text_align_breakpoint\":\"\",\"text_align_fallback\":\"\",\"maxwidth\":\"\",\"maxwidth_align\":\"\",\"maxwidth_breakpoint\":\"\",\"margin\":\"\",\"animation\":\"\",\"visibility\":\"\",\"content\":\"\n\n<h1>Z\\u0142\\u0105cza SubConn Micro Circular - 10, 12 i 16 pin\\u00f3w<\\\/h1>\\n\n\n<p>\\u00a0<\\\/p>\"}},{\"type\":\"divider\",\"props\":{\"divider_element\":\"hr\",\"divider_style\":\"\",\"divider_align\":\"\",\"divider_align_breakpoint\":\"\",\"divider_align_fallback\":\"\",\"maxwidth\":\"\",\"maxwidth_align\":\"\",\"maxwidth_breakpoint\":\"\",\"margin\":\"\",\"animation\":\"\",\"visibility\":\"\"}}]}]}]},{\"type\":\"section\",\"props\":{\"style\":\"default\",\"width\":\"default\",\"vertical_align\":\"middle\",\"title_position\":\"top-left\",\"title_rotation\":\"left\",\"title_breakpoint\":\"xl\",\"image_position\":\"center-center\",\"text_color\":\"\",\"width_expand\":\"\",\"height\":\"\",\"padding\":\"\",\"header_transparent\":\"\",\"animation\":\"\"},\"children\":[{\"type\":\"row\",\"props\":{\"layout\":\"1-1\",\"breakpoint\":\"m\",\"fixed_width\":\"large\",\"gutter\":\"\",\"width\":\"\",\"width_expand\":\"\",\"height\":\"\",\"margin\":\"\"},\"children\":[{\"type\":\"column\",\"props\":{\"widths\":[\"1-1\"],\"image_position\":\"center-center\",\"media_overlay_gradient\":\"\",\"vertical_align\":\"\",\"style\":\"\",\"text_color\":\"\",\"padding\":\"\"},\"children\":[{\"type\":\"image\",\"props\":{\"margin\":\"default\",\"link_target\":\"\",\"image_border\":\"\",\"image_box_shadow\":\"\",\"image_hover_box_shadow\":\"\",\"image_box_decoration\":\"\",\"text_align\":\"center\",\"text_align_breakpoint\":\"\",\"text_align_fallback\":\"\",\"maxwidth\":\"\",\"maxwidth_align\":\"\",\"maxwidth_breakpoint\":\"\",\"animation\":\"\",\"visibility\":\"\",\"image\":\"wp-content\\\/uploads\\\/micro_circular_10-12and16_contacts-2.jpg\",\"image_height\":\"1100\"}},{\"type\":\"text\",\"props\":{\"margin\":\"default\",\"column_breakpoint\":\"m\",\"text_style\":\"\",\"text_color\":\"\",\"text_size\":\"\",\"column\":\"\",\"text_align\":\"\",\"text_align_breakpoint\":\"\",\"text_align_fallback\":\"\",\"maxwidth\":\"\",\"maxwidth_align\":\"\",\"maxwidth_breakpoint\":\"\",\"animation\":\"\",\"visibility\":\"\",\"content\":\"\n\n<p><strong>Opis rysunku<\\\/strong><\\\/p>\\n\n\n<p>Wymiary w mm (1 mm = 0,03937 cala)<br \\\/>Gwinty w calach (1 cal = 25,4 mm)<\\\/p>\\n\n\n<p><strong>Specyfikacje z\\u0142\\u0105czy<\\\/strong><\\\/p>\\n\n\n<p>Napi\\u0119cie znamionowe: 300 V DC\\\/AC rms<br \\\/>Aktualny rating: 5 A na styk (maks. 30 A na z\\u0142\\u0105cze)<br \\\/>Odporno\\u015b\\u0107 izolacji: &gt; 200 Mohm<br \\\/>Odporno\\u015b\\u0107 na dotyk: &lt; 0,01 ohm<br \\\/>Wet Mat: &gt; 500<br \\\/>Temperatura znamionowa (woda): - 4 do 60\\u02daC, 25 do 140\\u02daF<br \\\/>Temperatura znamionowa (powietrze): - 40 do 60\\u02daC, - 40 do 140\\u02daF<br \\\/>Temperatura przechowywania: - 40 do 60\\u02daC, - 40 do 140\\u02daF<br \\\/>Kwalifikowany test ci\\u015bnieniowy: 800 bar, 11 600 psi<br \\\/>Rating g\\u0142\\u0119boko\\u015bci PEEK: 300 bar\\u00f3w, 4 350 psi<\\\/p>\\n\n\n<p><strong>Specyfikacje materia\\u0142owe<\\\/strong><\\\/p>\\n\n\n<p>Obudowa : Kauczuk chloroprenowy<br \\\/>Wersja Bulkhead: Mosi\\u0105dz, stal nierdzewna, tytan, aluminium anodowane lub PEEK<br \\\/>Z\\u0142\\u0105cza: Gniazda \\u017ce\\u0144skie z poz\\u0142acanego mosi\\u0105dzu UNS - C36000, sworznie m\\u0119skie z poz\\u0142acanego berylu z miedzi:<br \\\/>O-ringi: Nitryl<br \\\/>R\\u0119kawy blokuj\\u0105ce: POM lub stal nierdzewna<br \\\/>Snap ring: Stal nierdzewna AISI 302<br \\\/>Kabel szeregowy (60 cm, 2 stopy): 20 AWG 0,52 mm2 gumy chloroprenowej<br \\\/>Ko\\u0144c\\u00f3wki przegrody (30 cm, 1 ft): 20 AWG 0,52 mm2 kolorowy PTFE<\\\/p>\\n\n\n<p><strong>Widok z przodu ( z\\u0142\\u0105cze m\\u0119skie)<\\\/strong> <\\\/p>\"}},{\"type\":\"image\",\"props\":{\"margin\":\"default\",\"link_target\":\"\",\"image_border\":\"\",\"image_box_shadow\":\"\",\"image_hover_box_shadow\":\"\",\"image_box_decoration\":\"\",\"text_align\":\"\",\"text_align_breakpoint\":\"\",\"text_align_fallback\":\"\",\"maxwidth\":\"\",\"maxwidth_align\":\"\",\"maxwidth_breakpoint\":\"\",\"animation\":\"\",\"visibility\":\"\",\"image\":\"wp-content\\\/uploads\\\/micro_circular_10-12and16_contacts-1.jpg\"}},{\"type\":\"text\",\"props\":{\"margin\":\"default\",\"column_breakpoint\":\"m\",\"text_style\":\"\",\"text_color\":\"\",\"text_size\":\"\",\"column\":\"\",\"text_align\":\"\",\"text_align_breakpoint\":\"\",\"text_align_fallback\":\"\",\"maxwidth\":\"\",\"maxwidth_align\":\"\",\"maxwidth_breakpoint\":\"\",\"animation\":\"\",\"visibility\":\"\",\"content\":\"\n\n<p><strong>Kod kolorystyczny kabla <br \\\/><\\\/strong><\\\/p>\\n\n\n<p>1: Czarny<br \\\/>2: Bia\\u0142y<br \\\/>3: Czerwony<br \\\/>4: Zielony<br \\\/>5: Pomara\\u0144czowy<br \\\/>6: Niebieski<br \\\/>7: Bia\\u0142y\\\/czarny<br \\\/>8: Czerwony\\\/czarny<br \\\/>9: Zielony\\\/czarny<br \\\/>10: Pomara\\u0144czowy\\\/czarny<br \\\/>11: Niebieski\\\/czarny<br \\\/>12: Czarny\\\/bia\\u0142y<br \\\/>13: Czerwony\\\/bia\\u0142y<br \\\/>14: Zielony\\\/bia\\u0142y<br \\\/>15: Niebieski\\\/bia\\u0142y<br \\\/>16: Czarny\\\/czerwony<\\\/p>\\n\n\n<p><strong>Nominalna \\u015brednica zewn\\u0119trzna przewodu (OD)<\\\/strong><\\\/p>\\n\n\n<p>10 \\u017cy\\u0142owy przew\\u00f3d 0,406'', 10,3 mm<br \\\/>12 \\u017cy\\u0142owy przew\\u00f3d 0,436'', 11,0 mm<br \\\/>16 \\u017cy\\u0142owy przew\\u00f3d 0,472'', 12,0 mm<\\\/p>\"}}]}]}]},{\"type\":\"section\",\"props\":{\"style\":\"default\",\"width\":\"default\",\"vertical_align\":\"middle\",\"title_position\":\"top-left\",\"title_rotation\":\"left\",\"title_breakpoint\":\"xl\",\"image_position\":\"center-center\",\"text_color\":\"\",\"width_expand\":\"\",\"height\":\"\",\"padding\":\"\",\"header_transparent\":\"\",\"animation\":\"\"},\"children\":[{\"type\":\"row\",\"props\":{\"layout\":\"1-1\",\"breakpoint\":\"m\",\"fixed_width\":\"large\",\"gutter\":\"\",\"width\":\"\",\"width_expand\":\"\",\"height\":\"\",\"margin\":\"\"},\"children\":[{\"type\":\"column\",\"props\":{\"widths\":[\"1-1\"],\"image_position\":\"center-center\",\"media_overlay_gradient\":\"\",\"vertical_align\":\"\",\"style\":\"\",\"text_color\":\"\",\"padding\":\"\"},\"children\":[{\"type\":\"button\",\"props\":{\"gutter\":\"small\",\"margin\":\"default\",\"button_size\":\"\",\"text_align\":\"center\",\"text_align_breakpoint\":\"\",\"text_align_fallback\":\"\",\"maxwidth\":\"\",\"maxwidth_align\":\"\",\"maxwidth_breakpoint\":\"\",\"animation\":\"\",\"visibility\":\"\"},\"children\":[{\"type\":\"button_item\",\"props\":{\"button_style\":\"default\",\"icon_align\":\"left\",\"link_target\":\"\",\"content\":\"Broszura\",\"link\":\"https:\\\/\\\/www.macartney.com\\\/media\\\/6574\\\/micro_circular_10-12and16_contacts.pdf\"}}]},{\"type\":\"button\",\"props\":{\"gutter\":\"small\",\"margin\":\"default\",\"button_size\":\"\",\"text_align\":\"center\",\"text_align_breakpoint\":\"\",\"text_align_fallback\":\"\",\"maxwidth\":\"\",\"maxwidth_align\":\"\",\"maxwidth_breakpoint\":\"\",\"animation\":\"\",\"visibility\":\"\"},\"children\":[{\"type\":\"button_item\",\"props\":{\"button_style\":\"default\",\"icon_align\":\"left\",\"link_target\":\"\",\"content\":\"Sprawd\\u017a w sklepie\",\"link\":\"https:\\\/\\\/shop.escort-technology.com\\\/pl\\\/c\\\/Zlacza-Subconn\\\/74\"}}]}]}]}]}]} --><\/p>\n","protected":false},"excerpt":{"rendered":"<p>Z\u0142\u0105cza SubConn Micro Circular &#8211; 10, 12 i 16 pin\u00f3w \u00a0 Opis rysunku Wymiary w mm (1 mm = 0,03937 cala)Gwinty w calach (1 cal = 25,4 mm) Specyfikacje z\u0142\u0105czy Napi\u0119cie znamionowe: 300 V DC\/AC rmsAktualny rating: 5 A na styk (maks. 30 A na z\u0142\u0105cze)Odporno\u015b\u0107 izolacji: &gt; 200 MohmOdporno\u015b\u0107 na dotyk: &lt; 0,01 ohmWet [&hellip;]<\/p>\n","protected":false},"author":10,"featured_media":0,"parent":0,"menu_order":0,"comment_status":"closed","ping_status":"closed","template":"","meta":{"footnotes":""},"class_list":["post-6896","page","type-page","status-publish","hentry"],"yoast_head":"<!-- This site is optimized with the Yoast SEO plugin v27.5 - https:\/\/yoast.com\/product\/yoast-seo-wordpress\/ -->\n<title>Z\u0142\u0105cza SubConn Micro Circular - 10, 12 i 16 piny - ESCORT TECHNOLOGY<\/title>\n<meta name=\"robots\" content=\"index, follow, max-snippet:-1, max-image-preview:large, max-video-preview:-1\" \/>\n<link rel=\"canonical\" href=\"https:\/\/escort-technology.com\/en\/zlacza-subconn-micro-circular-10-12-i-16-piny\/\" \/>\n<meta property=\"og:locale\" content=\"en_US\" \/>\n<meta property=\"og:type\" content=\"article\" \/>\n<meta property=\"og:title\" content=\"Z\u0142\u0105cza SubConn Micro Circular - 10, 12 i 16 piny - ESCORT TECHNOLOGY\" \/>\n<meta property=\"og:description\" content=\"Z\u0142\u0105cza SubConn Micro Circular &#8211; 10, 12 i 16 pin\u00f3w \u00a0 Opis rysunku Wymiary w mm (1 mm = 0,03937 cala)Gwinty w calach (1 cal = 25,4 mm) Specyfikacje z\u0142\u0105czy Napi\u0119cie znamionowe: 300 V DC\/AC rmsAktualny rating: 5 A na styk (maks. 30 A na z\u0142\u0105cze)Odporno\u015b\u0107 izolacji: &gt; 200 MohmOdporno\u015b\u0107 na dotyk: &lt; 0,01 ohmWet [&hellip;]\" \/>\n<meta property=\"og:url\" content=\"https:\/\/escort-technology.com\/en\/zlacza-subconn-micro-circular-10-12-i-16-piny\/\" \/>\n<meta property=\"og:site_name\" content=\"ESCORT TECHNOLOGY\" \/>\n<meta property=\"article:publisher\" content=\"https:\/\/www.facebook.com\/elektronika.morska\/\" \/>\n<meta property=\"og:image\" content=\"http:\/\/wp-content\/uploads\/micro_circular_10-12and16_contacts-2.jpg\" \/>\n<meta name=\"twitter:card\" content=\"summary_large_image\" \/>\n<meta name=\"twitter:label1\" content=\"Est. reading time\" \/>\n\t<meta name=\"twitter:data1\" content=\"1 minute\" \/>\n<script type=\"application\/ld+json\" class=\"yoast-schema-graph\">{\"@context\":\"https:\\\/\\\/schema.org\",\"@graph\":[{\"@type\":\"WebPage\",\"@id\":\"https:\\\/\\\/escort-technology.com\\\/pl\\\/zlacza-subconn-micro-circular-10-12-i-16-piny\\\/\",\"url\":\"https:\\\/\\\/escort-technology.com\\\/pl\\\/zlacza-subconn-micro-circular-10-12-i-16-piny\\\/\",\"name\":\"Z\u0142\u0105cza SubConn Micro Circular - 10, 12 i 16 piny - ESCORT TECHNOLOGY\",\"isPartOf\":{\"@id\":\"http:\\\/\\\/escort-technology.com\\\/de\\\/#website\"},\"datePublished\":\"2020-09-04T12:40:14+00:00\",\"breadcrumb\":{\"@id\":\"https:\\\/\\\/escort-technology.com\\\/pl\\\/zlacza-subconn-micro-circular-10-12-i-16-piny\\\/#breadcrumb\"},\"inLanguage\":\"en-US\",\"potentialAction\":[{\"@type\":\"ReadAction\",\"target\":[\"https:\\\/\\\/escort-technology.com\\\/pl\\\/zlacza-subconn-micro-circular-10-12-i-16-piny\\\/\"]}]},{\"@type\":\"BreadcrumbList\",\"@id\":\"https:\\\/\\\/escort-technology.com\\\/pl\\\/zlacza-subconn-micro-circular-10-12-i-16-piny\\\/#breadcrumb\",\"itemListElement\":[{\"@type\":\"ListItem\",\"position\":1,\"name\":\"Strona g\u0142\u00f3wna\",\"item\":\"https:\\\/\\\/escort-technology.com\\\/\"},{\"@type\":\"ListItem\",\"position\":2,\"name\":\"Z\u0142\u0105cza SubConn Micro Circular &#8211; 10, 12 i 16 piny\"}]},{\"@type\":\"WebSite\",\"@id\":\"http:\\\/\\\/escort-technology.com\\\/de\\\/#website\",\"url\":\"http:\\\/\\\/escort-technology.com\\\/de\\\/\",\"name\":\"ESCORT TECHNOLOGY\",\"description\":\"Elektronika morska i l\u0105dowa\",\"publisher\":{\"@id\":\"http:\\\/\\\/escort-technology.com\\\/de\\\/#organization\"},\"potentialAction\":[{\"@type\":\"SearchAction\",\"target\":{\"@type\":\"EntryPoint\",\"urlTemplate\":\"http:\\\/\\\/escort-technology.com\\\/de\\\/?s={search_term_string}\"},\"query-input\":{\"@type\":\"PropertyValueSpecification\",\"valueRequired\":true,\"valueName\":\"search_term_string\"}}],\"inLanguage\":\"en-US\"},{\"@type\":\"Organization\",\"@id\":\"http:\\\/\\\/escort-technology.com\\\/de\\\/#organization\",\"name\":\"ESCORT TECHNOLOGY\",\"url\":\"http:\\\/\\\/escort-technology.com\\\/de\\\/\",\"logo\":{\"@type\":\"ImageObject\",\"inLanguage\":\"en-US\",\"@id\":\"http:\\\/\\\/escort-technology.com\\\/de\\\/#\\\/schema\\\/logo\\\/image\\\/\",\"url\":\"https:\\\/\\\/escort-technology.com\\\/wp-content\\\/uploads\\\/logo-1.jpg\",\"contentUrl\":\"https:\\\/\\\/escort-technology.com\\\/wp-content\\\/uploads\\\/logo-1.jpg\",\"width\":600,\"height\":165,\"caption\":\"ESCORT TECHNOLOGY\"},\"image\":{\"@id\":\"http:\\\/\\\/escort-technology.com\\\/de\\\/#\\\/schema\\\/logo\\\/image\\\/\"},\"sameAs\":[\"https:\\\/\\\/www.facebook.com\\\/elektronika.morska\\\/\",\"https:\\\/\\\/www.linkedin.com\\\/company\\\/escort-sp-z-o-o-\\\/\"]}]}<\/script>\n<!-- \/ Yoast SEO plugin. -->","yoast_head_json":{"title":"Z\u0142\u0105cza SubConn Micro Circular - 10, 12 i 16 piny - ESCORT TECHNOLOGY","robots":{"index":"index","follow":"follow","max-snippet":"max-snippet:-1","max-image-preview":"max-image-preview:large","max-video-preview":"max-video-preview:-1"},"canonical":"https:\/\/escort-technology.com\/en\/zlacza-subconn-micro-circular-10-12-i-16-piny\/","og_locale":"en_US","og_type":"article","og_title":"Z\u0142\u0105cza SubConn Micro Circular - 10, 12 i 16 piny - ESCORT TECHNOLOGY","og_description":"Z\u0142\u0105cza SubConn Micro Circular &#8211; 10, 12 i 16 pin\u00f3w \u00a0 Opis rysunku Wymiary w mm (1 mm = 0,03937 cala)Gwinty w calach (1 cal = 25,4 mm) Specyfikacje z\u0142\u0105czy Napi\u0119cie znamionowe: 300 V DC\/AC rmsAktualny rating: 5 A na styk (maks. 30 A na z\u0142\u0105cze)Odporno\u015b\u0107 izolacji: &gt; 200 MohmOdporno\u015b\u0107 na dotyk: &lt; 0,01 ohmWet [&hellip;]","og_url":"https:\/\/escort-technology.com\/en\/zlacza-subconn-micro-circular-10-12-i-16-piny\/","og_site_name":"ESCORT TECHNOLOGY","article_publisher":"https:\/\/www.facebook.com\/elektronika.morska\/","og_image":[{"url":"wp-content\/uploads\/micro_circular_10-12and16_contacts-2.jpg","type":"","width":"","height":""}],"twitter_card":"summary_large_image","twitter_misc":{"Est. reading time":"1 minute"},"schema":{"@context":"https:\/\/schema.org","@graph":[{"@type":"WebPage","@id":"https:\/\/escort-technology.com\/pl\/zlacza-subconn-micro-circular-10-12-i-16-piny\/","url":"https:\/\/escort-technology.com\/pl\/zlacza-subconn-micro-circular-10-12-i-16-piny\/","name":"Z\u0142\u0105cza SubConn Micro Circular - 10, 12 i 16 piny - ESCORT TECHNOLOGY","isPartOf":{"@id":"http:\/\/escort-technology.com\/de\/#website"},"datePublished":"2020-09-04T12:40:14+00:00","breadcrumb":{"@id":"https:\/\/escort-technology.com\/pl\/zlacza-subconn-micro-circular-10-12-i-16-piny\/#breadcrumb"},"inLanguage":"en-US","potentialAction":[{"@type":"ReadAction","target":["https:\/\/escort-technology.com\/pl\/zlacza-subconn-micro-circular-10-12-i-16-piny\/"]}]},{"@type":"BreadcrumbList","@id":"https:\/\/escort-technology.com\/pl\/zlacza-subconn-micro-circular-10-12-i-16-piny\/#breadcrumb","itemListElement":[{"@type":"ListItem","position":1,"name":"Strona g\u0142\u00f3wna","item":"https:\/\/escort-technology.com\/"},{"@type":"ListItem","position":2,"name":"Z\u0142\u0105cza SubConn Micro Circular &#8211; 10, 12 i 16 piny"}]},{"@type":"WebSite","@id":"http:\/\/escort-technology.com\/de\/#website","url":"http:\/\/escort-technology.com\/de\/","name":"ESCORT TECHNOLOGY","description":"Onshore and offshore electronics","publisher":{"@id":"http:\/\/escort-technology.com\/de\/#organization"},"potentialAction":[{"@type":"SearchAction","target":{"@type":"EntryPoint","urlTemplate":"http:\/\/escort-technology.com\/de\/?s={search_term_string}"},"query-input":{"@type":"PropertyValueSpecification","valueRequired":true,"valueName":"search_term_string"}}],"inLanguage":"en-US"},{"@type":"Organization","@id":"http:\/\/escort-technology.com\/de\/#organization","name":"ESCORT TECHNOLOGY","url":"http:\/\/escort-technology.com\/de\/","logo":{"@type":"ImageObject","inLanguage":"en-US","@id":"http:\/\/escort-technology.com\/de\/#\/schema\/logo\/image\/","url":"https:\/\/escort-technology.com\/wp-content\/uploads\/logo-1.jpg","contentUrl":"https:\/\/escort-technology.com\/wp-content\/uploads\/logo-1.jpg","width":600,"height":165,"caption":"ESCORT TECHNOLOGY"},"image":{"@id":"http:\/\/escort-technology.com\/de\/#\/schema\/logo\/image\/"},"sameAs":["https:\/\/www.facebook.com\/elektronika.morska\/","https:\/\/www.linkedin.com\/company\/escort-sp-z-o-o-\/"]}]}},"_links":{"self":[{"href":"https:\/\/escort-technology.com\/en\/wp-json\/wp\/v2\/pages\/6896","targetHints":{"allow":["GET"]}}],"collection":[{"href":"https:\/\/escort-technology.com\/en\/wp-json\/wp\/v2\/pages"}],"about":[{"href":"https:\/\/escort-technology.com\/en\/wp-json\/wp\/v2\/types\/page"}],"author":[{"embeddable":true,"href":"https:\/\/escort-technology.com\/en\/wp-json\/wp\/v2\/users\/10"}],"replies":[{"embeddable":true,"href":"https:\/\/escort-technology.com\/en\/wp-json\/wp\/v2\/comments?post=6896"}],"version-history":[{"count":6,"href":"https:\/\/escort-technology.com\/en\/wp-json\/wp\/v2\/pages\/6896\/revisions"}],"predecessor-version":[{"id":6905,"href":"https:\/\/escort-technology.com\/en\/wp-json\/wp\/v2\/pages\/6896\/revisions\/6905"}],"wp:attachment":[{"href":"https:\/\/escort-technology.com\/en\/wp-json\/wp\/v2\/media?parent=6896"}],"curies":[{"name":"wp","href":"https:\/\/api.w.org\/{rel}","templated":true}]}}