{"id":7042,"date":"2020-09-23T09:59:11","date_gmt":"2020-09-23T07:59:11","guid":{"rendered":"https:\/\/escort-technology.com\/?page_id=7042"},"modified":"2024-04-08T13:46:59","modified_gmt":"2024-04-08T11:46:59","slug":"odbiornik-modulowy-trimble-sps855","status":"publish","type":"page","link":"https:\/\/escort-technology.com\/en\/odbiornik-modulowy-trimble-sps855\/","title":{"rendered":"Odbiornik modu\u0142owy Trimble SPS750 GNSS"},"content":{"rendered":"<h1>Odbiornik modu\u0142owy Trimble R750 GNSS<\/h1>\n<hr>\n<p><img decoding=\"async\" src=\"\/wp-content\/uploads\/2022\/01\/R750-1040x1040-1.png\" alt=\"\"><\/p>\n<div>\n<\/p>\n<p><strong>Odbiornik modu\u0142owy GNSS R750<\/strong><\/p>\n<p>Oszcz\u0119dzaj czas i pieni\u0105dze dzi\u0119ki modu\u0142owemu odbiornikowi GNSS Trimble R750 &#8211; niezawodnemu, \u0142atwemu w obs\u0142udze rozwi\u0105zaniu stacji bazowej firmy Trimble. Dzi\u0119ki zdalnemu monitorowaniu i alarmom, wewn\u0119trznemu radiu, modemowi LTE i mo\u017cliwo\u015bci pracy z odbiornikiem typu rover, R750 jest w stanie sprosta\u0107 wszystkim Twoim potrzebom.<\/p>\n<\/div>\n<p><img decoding=\"async\" src=\"\/wp-content\/uploads\/SPS855-FB1-576x324-1.jpg\" alt=\"\"><\/p>\n<div>\n<h3>Wszechstronna i modu\u0142owa konstrukcja<\/h3>\n<p>Mo\u017cna go u\u017cywa\u0107 w r\u00f3\u017cnych miejscach &#8211; w kabinach, na przyczepach, w pojazdach lub na lekkich maszynach.<br \/>Umie\u015b\u0107 odbiornik w miejscu, w kt\u00f3rym jest chroniony przed kradzie\u017c\u0105 i warunkami atmosferycznymi, a nast\u0119pnie umie\u015b\u0107 zewn\u0119trzn\u0105 anten\u0119 GNSS w miejscu zapewniaj\u0105cym dobr\u0105 widoczno\u015b\u0107 na niebo <br \/>U\u017cyj go jako wysoce niezawodn\u0105 stacj\u0119 bazow\u0105 lub rower.<\/p>\n<\/div>\n<p><img decoding=\"async\" src=\"\/wp-content\/uploads\/sps855-FB4-576x324-1.jpg\" alt=\"\"><\/p>\n<div>\n<h3>Zdalny monitoring i alarmy<\/h3>\n<p>Narz\u0119dzie Web UI daje dost\u0119p do bazy bez wzgl\u0119du na to, gdzie jeste\u015b<br \/>Otrzymywanie powiadomie\u0144 e-mail, zdalne monitorowanie i rekonfiguracja stacji bazowych w celu wyeliminowania przestoj\u00f3w.<\/p>\n<\/div>\n<p><img decoding=\"async\" src=\"\/wp-content\/uploads\/SPS855-576x324-1.png\" alt=\"\"><\/p>\n<div>\n<h3>Future-Proof<\/h3>\n<p>SPS855 wykorzystuje wszystkie obecnie dost\u0119pne sygna\u0142y satelitarne, w tym L1, L2 i zmodernizowany kod L2C GPS.<br \/>Mo\u017ce by\u0107 wzbogacony o sygna\u0142y GPS GLONASS i L5 w celu optymalizacji wydajno\u015bci w obszarach o trudnych warunkach pracy tylko z GPS.<br \/>Opcjonalny system nawigacji satelitarnej GLONASS, Galileo, BeiDou<\/p>\n<\/div>\n<p><img decoding=\"async\" src=\"\/wp-content\/uploads\/sps855-FB2-576x324-1.jpg\" alt=\"\"><\/p>\n<div>\n<p><strong>Technologia Trimble xFill<\/strong><\/p>\n<p>Opcjonalna technologia Trimble xFill&#x2122; zwi\u0119ksza wydajno\u015b\u0107 pracy\u00a0 poprzez umo\u017cliwienie kr\u00f3tkich zmian po\u0142o\u017cenia w inne miejsca, w kt\u00f3rych poprawki GNSS nie by\u0142y wcze\u015bniej dost\u0119pne.<\/p>\n<\/div>\n<div>\n<h2 style=\"text-align: center;\"><strong>Odbiornik modu\u0142owy GNSS R750<\/strong><\/h2>\n<h2 style=\"text-align: center;\">Pobieranie\u00a0<\/h2>\n<\/div>\n<p>\n    <a href=\"https:\/\/receiverhelp.trimble.com\/r750-gnss\/Welcome.html\">Dokumentacja<\/a>\n<\/p>\n<div>\n<h2>Informacje techniczne<\/h2>\n<p>Trimble R750 Modular GNSS Receiver to odbiornik z mo\u017cliwo\u015bci\u0105 pe\u0142nej rozbudowy, kt\u00f3ry mo\u017ce by\u0107 skonfigurowany na wiele sposob\u00f3w:<\/p>\n<p>Jako odbiornik bazowy Premium Precise, obejmuj\u0105cy wszystkie konstelacje<br \/>Jako odbiornik typu rover Premium Precise, w tym wszystkie konstelacje (bez pochylenia)<br \/>Jako baza i rover Premium Precise, z uwzgl\u0119dnieniem wszystkich konstelacji (bez pochylenia)<br \/>Precyzyjna baza, w tym GPS i GLONASS<br \/>Precyzyjny rover, w tym GPS i GLONASS<\/p>\n<\/div>\n<p><!--more--><br \/>\n<!-- {\"type\":\"layout\",\"children\":[{\"type\":\"section\",\"props\":{\"style\":\"default\",\"width\":\"large\",\"vertical_align\":\"middle\",\"title_position\":\"top-left\",\"title_rotation\":\"left\",\"title_breakpoint\":\"xl\",\"image_position\":\"center-center\"},\"children\":[{\"type\":\"row\",\"children\":[{\"type\":\"column\",\"props\":{\"image_position\":\"center-center\",\"media_overlay_gradient\":\"\",\"width_medium\":\"1-1\"},\"children\":[{\"type\":\"headline\",\"props\":{\"title_element\":\"h1\",\"content\":\"Odbiornik modu\\u0142owy Trimble R750 GNSS\"}},{\"type\":\"divider\",\"props\":{\"divider_element\":\"hr\",\"divider_style\":\"\",\"divider_align\":\"\",\"divider_align_breakpoint\":\"\",\"divider_align_fallback\":\"\"}}]}]}]},{\"type\":\"section\",\"props\":{\"style\":\"default\",\"width\":\"large\",\"vertical_align\":\"middle\",\"title_position\":\"top-left\",\"title_rotation\":\"left\",\"title_breakpoint\":\"xl\",\"image_position\":\"center-center\"},\"children\":[{\"type\":\"row\",\"props\":{\"layout\":\"1-2,1-2\"},\"children\":[{\"type\":\"column\",\"props\":{\"image_position\":\"center-center\",\"media_overlay_gradient\":\"\",\"width_medium\":\"1-2\"},\"children\":[{\"type\":\"image\",\"props\":{\"margin\":\"default\",\"image\":\"wp-content\\\/uploads\\\/2022\\\/01\\\/R750-1040x1040-1.png\",\"image_svg_color\":\"emphasis\",\"image_height\":\"400\"}}]},{\"type\":\"column\",\"props\":{\"image_position\":\"center-center\",\"media_overlay_gradient\":\"\",\"width_medium\":\"1-2\"},\"children\":[{\"type\":\"text\",\"props\":{\"margin\":\"default\",\"column_breakpoint\":\"m\",\"content\":\"\n\n<p><\\\/p>\\n\n\n<p><\\\/p>\\n\n\n<p><strong>Odbiornik modu\\u0142owy GNSS R750<\\\/strong><\\\/p>\\n\n\n<p>Oszcz\\u0119dzaj czas i pieni\\u0105dze dzi\\u0119ki modu\\u0142owemu odbiornikowi GNSS Trimble R750 - niezawodnemu, \\u0142atwemu w obs\\u0142udze rozwi\\u0105zaniu stacji bazowej firmy Trimble. Dzi\\u0119ki zdalnemu monitorowaniu i alarmom, wewn\\u0119trznemu radiu, modemowi LTE i mo\\u017cliwo\\u015bci pracy z odbiornikiem typu rover, R750 jest w stanie sprosta\\u0107 wszystkim Twoim potrzebom.<\\\/p>\"}}]}]}]},{\"type\":\"section\",\"props\":{\"style\":\"secondary\",\"width\":\"large\",\"vertical_align\":\"middle\",\"title_position\":\"top-left\",\"title_rotation\":\"left\",\"title_breakpoint\":\"xl\",\"image_position\":\"center-center\"},\"children\":[{\"type\":\"row\",\"props\":{\"layout\":\"1-3,1-3,1-3\"},\"children\":[{\"type\":\"column\",\"props\":{\"image_position\":\"center-center\",\"media_overlay_gradient\":\"\",\"width_medium\":\"1-3\"},\"children\":[{\"type\":\"image\",\"props\":{\"margin\":\"default\",\"image\":\"wp-content\\\/uploads\\\/SPS855-FB1-576x324-1.jpg\",\"image_svg_color\":\"emphasis\"}},{\"type\":\"text\",\"props\":{\"margin\":\"default\",\"column_breakpoint\":\"m\",\"content\":\"\n\n<h3>Wszechstronna i modu\\u0142owa konstrukcja<\\\/h3>\\n\n\n<p>Mo\\u017cna go u\\u017cywa\\u0107 w r\\u00f3\\u017cnych miejscach - w kabinach, na przyczepach, w pojazdach lub na lekkich maszynach.<br \\\/>Umie\\u015b\\u0107 odbiornik w miejscu, w kt\\u00f3rym jest chroniony przed kradzie\\u017c\\u0105 i warunkami atmosferycznymi, a nast\\u0119pnie umie\\u015b\\u0107 zewn\\u0119trzn\\u0105 anten\\u0119 GNSS w miejscu zapewniaj\\u0105cym dobr\\u0105 widoczno\\u015b\\u0107 na niebo <br \\\/>U\\u017cyj go jako wysoce niezawodn\\u0105 stacj\\u0119 bazow\\u0105 lub rower.<\\\/p>\"}}]},{\"type\":\"column\",\"props\":{\"image_position\":\"center-center\",\"media_overlay_gradient\":\"\",\"width_medium\":\"1-3\"},\"children\":[{\"type\":\"image\",\"props\":{\"margin\":\"default\",\"image\":\"wp-content\\\/uploads\\\/sps855-FB4-576x324-1.jpg\",\"image_svg_color\":\"emphasis\"}},{\"type\":\"text\",\"props\":{\"margin\":\"default\",\"column_breakpoint\":\"m\",\"content\":\"\n\n<h3>Zdalny monitoring i alarmy<\\\/h3>\\n\n\n<p>Narz\\u0119dzie Web UI daje dost\\u0119p do bazy bez wzgl\\u0119du na to, gdzie jeste\\u015b<br \\\/>Otrzymywanie powiadomie\\u0144 e-mail, zdalne monitorowanie i rekonfiguracja stacji bazowych w celu wyeliminowania przestoj\\u00f3w.<\\\/p>\"}},{\"type\":\"image\",\"props\":{\"margin\":\"default\",\"image\":\"wp-content\\\/uploads\\\/SPS855-576x324-1.png\",\"image_svg_color\":\"emphasis\"}},{\"type\":\"text\",\"props\":{\"margin\":\"default\",\"column_breakpoint\":\"m\",\"content\":\"\n\n<h3>Future-Proof<\\\/h3>\\n\n\n<p>SPS855 wykorzystuje wszystkie obecnie dost\\u0119pne sygna\\u0142y satelitarne, w tym L1, L2 i zmodernizowany kod L2C GPS.<br \\\/>Mo\\u017ce by\\u0107 wzbogacony o sygna\\u0142y GPS GLONASS i L5 w celu optymalizacji wydajno\\u015bci w obszarach o trudnych warunkach pracy tylko z GPS.<br \\\/>Opcjonalny system nawigacji satelitarnej GLONASS, Galileo, BeiDou<\\\/p>\"}}]},{\"type\":\"column\",\"props\":{\"image_position\":\"center-center\",\"media_overlay_gradient\":\"\",\"width_medium\":\"1-3\"},\"children\":[{\"type\":\"image\",\"props\":{\"margin\":\"default\",\"image\":\"wp-content\\\/uploads\\\/sps855-FB2-576x324-1.jpg\",\"image_svg_color\":\"emphasis\"}},{\"type\":\"text\",\"props\":{\"margin\":\"default\",\"column_breakpoint\":\"m\",\"content\":\"\n\n<p><strong>Technologia Trimble xFill<\\\/strong><\\\/p>\\n\n\n<p>Opcjonalna technologia Trimble xFill\\u2122 zwi\\u0119ksza wydajno\\u015b\\u0107 pracy\\u00a0 poprzez umo\\u017cliwienie kr\\u00f3tkich zmian po\\u0142o\\u017cenia w inne miejsca, w kt\\u00f3rych poprawki GNSS nie by\\u0142y wcze\\u015bniej dost\\u0119pne.<\\\/p>\"}}]}]}]},{\"type\":\"section\",\"props\":{\"style\":\"default\",\"width\":\"large\",\"vertical_align\":\"middle\",\"title_position\":\"top-left\",\"title_rotation\":\"left\",\"title_breakpoint\":\"xl\",\"image_position\":\"center-center\"},\"children\":[{\"type\":\"row\",\"children\":[{\"type\":\"column\",\"props\":{\"image_position\":\"center-center\",\"media_overlay_gradient\":\"\",\"width_medium\":\"1-1\"},\"children\":[{\"type\":\"text\",\"props\":{\"margin\":\"default\",\"column_breakpoint\":\"m\",\"content\":\"\n\n<h2 style=\\\"text-align: center;\\\"><strong>Odbiornik modu\\u0142owy GNSS R750<\\\/strong><\\\/h2>\\n\n\n<h2 style=\\\"text-align: center;\\\">Pobieranie\\u00a0<\\\/h2>\"}},{\"type\":\"button\",\"props\":{\"margin\":\"default\",\"text_align\":\"center\",\"grid_column_gap\":\"small\",\"grid_row_gap\":\"small\"},\"children\":[{\"type\":\"button_item\",\"props\":{\"button_style\":\"default\",\"icon_align\":\"left\",\"content\":\"Dokumentacja\",\"link\":\"https:\\\/\\\/receiverhelp.trimble.com\\\/r750-gnss\\\/Welcome.html\"}}]}]}]}]},{\"type\":\"section\",\"props\":{\"style\":\"default\",\"width\":\"large\",\"vertical_align\":\"middle\",\"title_position\":\"top-left\",\"title_rotation\":\"left\",\"title_breakpoint\":\"xl\",\"image_position\":\"center-center\"},\"children\":[{\"type\":\"row\",\"props\":{\"layout\":\"1-3,1-3,1-3\"},\"children\":[{\"type\":\"column\",\"props\":{\"image_position\":\"center-center\",\"media_overlay_gradient\":\"\",\"width_medium\":\"1-3\"},\"children\":[]},{\"type\":\"column\",\"props\":{\"image_position\":\"center-center\",\"media_overlay_gradient\":\"\",\"style\":\"muted\",\"width_medium\":\"1-3\"},\"children\":[{\"type\":\"text\",\"props\":{\"margin\":\"default\",\"column_breakpoint\":\"m\",\"content\":\"\n\n<h2>Informacje techniczne<\\\/h2>\\n\n\n<p>Trimble R750 Modular GNSS Receiver to odbiornik z mo\\u017cliwo\\u015bci\\u0105 pe\\u0142nej rozbudowy, kt\\u00f3ry mo\\u017ce by\\u0107 skonfigurowany na wiele sposob\\u00f3w:<\\\/p>\\n\n\n<p>Jako odbiornik bazowy Premium Precise, obejmuj\\u0105cy wszystkie konstelacje<br \\\/>Jako odbiornik typu rover Premium Precise, w tym wszystkie konstelacje (bez pochylenia)<br \\\/>Jako baza i rover Premium Precise, z uwzgl\\u0119dnieniem wszystkich konstelacji (bez pochylenia)<br \\\/>Precyzyjna baza, w tym GPS i GLONASS<br \\\/>Precyzyjny rover, w tym GPS i GLONASS<\\\/p>\"}}]},{\"type\":\"column\",\"props\":{\"image_position\":\"center-center\",\"media_overlay_gradient\":\"\",\"width_medium\":\"1-3\"},\"children\":[]}]}]}],\"version\":\"2.6.7\"} --><\/p>\n","protected":false},"excerpt":{"rendered":"<p>Odbiornik modu\u0142owy Trimble R750 GNSS Odbiornik modu\u0142owy GNSS R750 Oszcz\u0119dzaj czas i pieni\u0105dze dzi\u0119ki modu\u0142owemu odbiornikowi GNSS Trimble R750 &#8211; niezawodnemu, \u0142atwemu w obs\u0142udze rozwi\u0105zaniu stacji bazowej firmy Trimble. Dzi\u0119ki zdalnemu monitorowaniu i alarmom, wewn\u0119trznemu radiu, modemowi LTE i mo\u017cliwo\u015bci pracy z odbiornikiem typu rover, R750 jest w stanie sprosta\u0107 wszystkim Twoim potrzebom. Wszechstronna i [&hellip;]<\/p>\n","protected":false},"author":10,"featured_media":0,"parent":0,"menu_order":0,"comment_status":"closed","ping_status":"closed","template":"","meta":{"footnotes":""},"class_list":["post-7042","page","type-page","status-publish","hentry"],"yoast_head":"<!-- This site is optimized with the Yoast SEO plugin v27.6 - https:\/\/yoast.com\/product\/yoast-seo-wordpress\/ -->\n<title>Odbiornik modu\u0142owy Trimble SPS750 GNSS - ESCORT TECHNOLOGY<\/title>\n<meta name=\"robots\" content=\"index, follow, max-snippet:-1, max-image-preview:large, max-video-preview:-1\" \/>\n<link rel=\"canonical\" href=\"https:\/\/escort-technology.com\/en\/odbiornik-modulowy-trimble-sps855\/\" \/>\n<meta property=\"og:locale\" content=\"en_US\" \/>\n<meta property=\"og:type\" content=\"article\" \/>\n<meta property=\"og:title\" content=\"Odbiornik modu\u0142owy Trimble SPS750 GNSS - ESCORT TECHNOLOGY\" \/>\n<meta property=\"og:description\" content=\"Odbiornik modu\u0142owy Trimble R750 GNSS Odbiornik modu\u0142owy GNSS R750 Oszcz\u0119dzaj czas i pieni\u0105dze dzi\u0119ki modu\u0142owemu odbiornikowi GNSS Trimble R750 &#8211; niezawodnemu, \u0142atwemu w obs\u0142udze rozwi\u0105zaniu stacji bazowej firmy Trimble. Dzi\u0119ki zdalnemu monitorowaniu i alarmom, wewn\u0119trznemu radiu, modemowi LTE i mo\u017cliwo\u015bci pracy z odbiornikiem typu rover, R750 jest w stanie sprosta\u0107 wszystkim Twoim potrzebom. Wszechstronna i [&hellip;]\" \/>\n<meta property=\"og:url\" content=\"https:\/\/escort-technology.com\/en\/odbiornik-modulowy-trimble-sps855\/\" \/>\n<meta property=\"og:site_name\" content=\"ESCORT TECHNOLOGY\" \/>\n<meta property=\"article:publisher\" content=\"https:\/\/www.facebook.com\/elektronika.morska\/\" \/>\n<meta property=\"article:modified_time\" content=\"2024-04-08T11:46:59+00:00\" \/>\n<meta property=\"og:image\" content=\"https:\/\/escort-technology.com\/wp-content\/uploads\/2022\/01\/R750-1040x1040-1.png\" \/>\n<meta name=\"twitter:card\" content=\"summary_large_image\" \/>\n<meta name=\"twitter:label1\" content=\"Est. reading time\" \/>\n\t<meta name=\"twitter:data1\" content=\"2 minutes\" \/>\n<script type=\"application\/ld+json\" class=\"yoast-schema-graph\">{\"@context\":\"https:\\\/\\\/schema.org\",\"@graph\":[{\"@type\":\"WebPage\",\"@id\":\"https:\\\/\\\/escort-technology.com\\\/odbiornik-modulowy-trimble-sps855\\\/\",\"url\":\"https:\\\/\\\/escort-technology.com\\\/odbiornik-modulowy-trimble-sps855\\\/\",\"name\":\"Odbiornik modu\u0142owy Trimble SPS750 GNSS - ESCORT TECHNOLOGY\",\"isPartOf\":{\"@id\":\"http:\\\/\\\/escort-technology.com\\\/de\\\/#website\"},\"datePublished\":\"2020-09-23T07:59:11+00:00\",\"dateModified\":\"2024-04-08T11:46:59+00:00\",\"breadcrumb\":{\"@id\":\"https:\\\/\\\/escort-technology.com\\\/odbiornik-modulowy-trimble-sps855\\\/#breadcrumb\"},\"inLanguage\":\"en-US\",\"potentialAction\":[{\"@type\":\"ReadAction\",\"target\":[\"https:\\\/\\\/escort-technology.com\\\/odbiornik-modulowy-trimble-sps855\\\/\"]}]},{\"@type\":\"BreadcrumbList\",\"@id\":\"https:\\\/\\\/escort-technology.com\\\/odbiornik-modulowy-trimble-sps855\\\/#breadcrumb\",\"itemListElement\":[{\"@type\":\"ListItem\",\"position\":1,\"name\":\"Strona g\u0142\u00f3wna\",\"item\":\"https:\\\/\\\/escort-technology.com\\\/\"},{\"@type\":\"ListItem\",\"position\":2,\"name\":\"Odbiornik modu\u0142owy Trimble SPS855\"}]},{\"@type\":\"WebSite\",\"@id\":\"http:\\\/\\\/escort-technology.com\\\/de\\\/#website\",\"url\":\"http:\\\/\\\/escort-technology.com\\\/de\\\/\",\"name\":\"ESCORT TECHNOLOGY\",\"description\":\"Elektronika morska i l\u0105dowa\",\"publisher\":{\"@id\":\"http:\\\/\\\/escort-technology.com\\\/de\\\/#organization\"},\"potentialAction\":[{\"@type\":\"SearchAction\",\"target\":{\"@type\":\"EntryPoint\",\"urlTemplate\":\"http:\\\/\\\/escort-technology.com\\\/de\\\/?s={search_term_string}\"},\"query-input\":{\"@type\":\"PropertyValueSpecification\",\"valueRequired\":true,\"valueName\":\"search_term_string\"}}],\"inLanguage\":\"en-US\"},{\"@type\":\"Organization\",\"@id\":\"http:\\\/\\\/escort-technology.com\\\/de\\\/#organization\",\"name\":\"ESCORT TECHNOLOGY\",\"url\":\"http:\\\/\\\/escort-technology.com\\\/de\\\/\",\"logo\":{\"@type\":\"ImageObject\",\"inLanguage\":\"en-US\",\"@id\":\"http:\\\/\\\/escort-technology.com\\\/de\\\/#\\\/schema\\\/logo\\\/image\\\/\",\"url\":\"https:\\\/\\\/escort-technology.com\\\/wp-content\\\/uploads\\\/logo-1.jpg\",\"contentUrl\":\"https:\\\/\\\/escort-technology.com\\\/wp-content\\\/uploads\\\/logo-1.jpg\",\"width\":600,\"height\":165,\"caption\":\"ESCORT TECHNOLOGY\"},\"image\":{\"@id\":\"http:\\\/\\\/escort-technology.com\\\/de\\\/#\\\/schema\\\/logo\\\/image\\\/\"},\"sameAs\":[\"https:\\\/\\\/www.facebook.com\\\/elektronika.morska\\\/\",\"https:\\\/\\\/www.linkedin.com\\\/company\\\/escort-sp-z-o-o-\\\/\"]}]}<\/script>\n<!-- \/ Yoast SEO plugin. -->","yoast_head_json":{"title":"Odbiornik modu\u0142owy Trimble SPS750 GNSS - ESCORT TECHNOLOGY","robots":{"index":"index","follow":"follow","max-snippet":"max-snippet:-1","max-image-preview":"max-image-preview:large","max-video-preview":"max-video-preview:-1"},"canonical":"https:\/\/escort-technology.com\/en\/odbiornik-modulowy-trimble-sps855\/","og_locale":"en_US","og_type":"article","og_title":"Odbiornik modu\u0142owy Trimble SPS750 GNSS - ESCORT TECHNOLOGY","og_description":"Odbiornik modu\u0142owy Trimble R750 GNSS Odbiornik modu\u0142owy GNSS R750 Oszcz\u0119dzaj czas i pieni\u0105dze dzi\u0119ki modu\u0142owemu odbiornikowi GNSS Trimble R750 &#8211; niezawodnemu, \u0142atwemu w obs\u0142udze rozwi\u0105zaniu stacji bazowej firmy Trimble. Dzi\u0119ki zdalnemu monitorowaniu i alarmom, wewn\u0119trznemu radiu, modemowi LTE i mo\u017cliwo\u015bci pracy z odbiornikiem typu rover, R750 jest w stanie sprosta\u0107 wszystkim Twoim potrzebom. Wszechstronna i [&hellip;]","og_url":"https:\/\/escort-technology.com\/en\/odbiornik-modulowy-trimble-sps855\/","og_site_name":"ESCORT TECHNOLOGY","article_publisher":"https:\/\/www.facebook.com\/elektronika.morska\/","article_modified_time":"2024-04-08T11:46:59+00:00","og_image":[{"url":"https:\/\/escort-technology.com\/wp-content\/uploads\/2022\/01\/R750-1040x1040-1.png","type":"","width":"","height":""}],"twitter_card":"summary_large_image","twitter_misc":{"Est. reading time":"2 minutes"},"schema":{"@context":"https:\/\/schema.org","@graph":[{"@type":"WebPage","@id":"https:\/\/escort-technology.com\/odbiornik-modulowy-trimble-sps855\/","url":"https:\/\/escort-technology.com\/odbiornik-modulowy-trimble-sps855\/","name":"Odbiornik modu\u0142owy Trimble SPS750 GNSS - ESCORT TECHNOLOGY","isPartOf":{"@id":"http:\/\/escort-technology.com\/de\/#website"},"datePublished":"2020-09-23T07:59:11+00:00","dateModified":"2024-04-08T11:46:59+00:00","breadcrumb":{"@id":"https:\/\/escort-technology.com\/odbiornik-modulowy-trimble-sps855\/#breadcrumb"},"inLanguage":"en-US","potentialAction":[{"@type":"ReadAction","target":["https:\/\/escort-technology.com\/odbiornik-modulowy-trimble-sps855\/"]}]},{"@type":"BreadcrumbList","@id":"https:\/\/escort-technology.com\/odbiornik-modulowy-trimble-sps855\/#breadcrumb","itemListElement":[{"@type":"ListItem","position":1,"name":"Strona g\u0142\u00f3wna","item":"https:\/\/escort-technology.com\/"},{"@type":"ListItem","position":2,"name":"Odbiornik modu\u0142owy Trimble SPS855"}]},{"@type":"WebSite","@id":"http:\/\/escort-technology.com\/de\/#website","url":"http:\/\/escort-technology.com\/de\/","name":"ESCORT TECHNOLOGY","description":"Onshore and offshore electronics","publisher":{"@id":"http:\/\/escort-technology.com\/de\/#organization"},"potentialAction":[{"@type":"SearchAction","target":{"@type":"EntryPoint","urlTemplate":"http:\/\/escort-technology.com\/de\/?s={search_term_string}"},"query-input":{"@type":"PropertyValueSpecification","valueRequired":true,"valueName":"search_term_string"}}],"inLanguage":"en-US"},{"@type":"Organization","@id":"http:\/\/escort-technology.com\/de\/#organization","name":"ESCORT TECHNOLOGY","url":"http:\/\/escort-technology.com\/de\/","logo":{"@type":"ImageObject","inLanguage":"en-US","@id":"http:\/\/escort-technology.com\/de\/#\/schema\/logo\/image\/","url":"https:\/\/escort-technology.com\/wp-content\/uploads\/logo-1.jpg","contentUrl":"https:\/\/escort-technology.com\/wp-content\/uploads\/logo-1.jpg","width":600,"height":165,"caption":"ESCORT TECHNOLOGY"},"image":{"@id":"http:\/\/escort-technology.com\/de\/#\/schema\/logo\/image\/"},"sameAs":["https:\/\/www.facebook.com\/elektronika.morska\/","https:\/\/www.linkedin.com\/company\/escort-sp-z-o-o-\/"]}]}},"_links":{"self":[{"href":"https:\/\/escort-technology.com\/en\/wp-json\/wp\/v2\/pages\/7042","targetHints":{"allow":["GET"]}}],"collection":[{"href":"https:\/\/escort-technology.com\/en\/wp-json\/wp\/v2\/pages"}],"about":[{"href":"https:\/\/escort-technology.com\/en\/wp-json\/wp\/v2\/types\/page"}],"author":[{"embeddable":true,"href":"https:\/\/escort-technology.com\/en\/wp-json\/wp\/v2\/users\/10"}],"replies":[{"embeddable":true,"href":"https:\/\/escort-technology.com\/en\/wp-json\/wp\/v2\/comments?post=7042"}],"version-history":[{"count":14,"href":"https:\/\/escort-technology.com\/en\/wp-json\/wp\/v2\/pages\/7042\/revisions"}],"predecessor-version":[{"id":13583,"href":"https:\/\/escort-technology.com\/en\/wp-json\/wp\/v2\/pages\/7042\/revisions\/13583"}],"wp:attachment":[{"href":"https:\/\/escort-technology.com\/en\/wp-json\/wp\/v2\/media?parent=7042"}],"curies":[{"name":"wp","href":"https:\/\/api.w.org\/{rel}","templated":true}]}}