{"id":7131,"date":"2020-09-28T10:06:42","date_gmt":"2020-09-28T08:06:42","guid":{"rendered":"https:\/\/escort-technology.com\/?page_id=7131"},"modified":"2020-09-28T10:08:12","modified_gmt":"2020-09-28T08:08:12","slug":"badania-hydrograficzne-jedno-i-wielowiazkowe","status":"publish","type":"page","link":"https:\/\/escort-technology.com\/en\/badania-hydrograficzne-jedno-i-wielowiazkowe\/","title":{"rendered":"Badania hydrograficzne jedno i wielowi\u0105zkowe"},"content":{"rendered":"<h1>Badania hydrograficzne jedno i wielowi\u0105zkowe<\/h1>\n<hr>\n<p><img decoding=\"async\" src=\"wp-content\/uploads\/hydro-survey-solutions-1024x768-1.jpg\" alt=\"\"><\/p>\n<div>\n<h2>Hydrograficzne badania jedno- i wielowi\u0105zkowe<br \/>Trimble Marine Construction Systems<\/h2>\n<p>Niezawodne i efektywne planowanie bada\u0144, pozyskiwanie danych, edycja, przetwarzanie danych i obliczanie obj\u0119to\u015bci.<\/p>\n<\/div>\n<div>\n<h2 style=\"text-align: center;\">Cechy charakterystyczne<\/h2>\n<h2 style=\"text-align: center;\">Oprogramowanie Trimble Marine Construction Software jest narz\u0119dziem do wykonywania efektywnych bada\u0144 morskich na p\u0142ytkich i g\u0142\u0119bokich wodach. Jest to kompletny pakiet oprogramowania do efektywnego pozyskiwania danych.<\/h2>\n<\/div>\n<p><img decoding=\"async\" src=\"wp-content\/uploads\/intuitive-feature-280x162-1.jpg\" alt=\"\"><\/p>\n<div>\n<h3>Intuicyjny przep\u0142yw pracy<\/h3>\n<p>Oprogramowanie oferuje funkcje pomiar\u00f3w jednowi\u0105zkowych w standardzie oraz pomiar\u00f3w wielowi\u0105zkowych jako osobn\u0105 licencj\u0119. Post\u0119p w czasie rzeczywistym jest pokazywany w widokach 2D i 3D za pomoc\u0105 kodowanego kolorami Cyfrowego Modelu Terenu (DTM). Wiele wy\u015bwietlaczy dostarcza operatorowi informacji zwrotnych, a modu\u0142 edycji wektor\u00f3w oferuje narz\u0119dzia do edycji i czyszczenia danych. Po przetworzeniu danych mo\u017cna wygenerowa\u0107 modele siatki, wykona\u0107 interpolacje, a dane s\u0105 dost\u0119pne do oblicze\u0144 obj\u0119to\u015bci, przetwarzania i eksportu.<\/p>\n<\/div>\n<p><img decoding=\"async\" src=\"wp-content\/uploads\/hyd-survey-interface-feature-280x162-1.jpg\" alt=\"\"><\/p>\n<div>\n<h3>Elastyczny system, konfigurowalny interfejs<\/h3>\n<p>Wiele monitor\u00f3w o niezale\u017cnych uk\u0142adach mo\u017ce by\u0107 dostosowanych do potrzeb geodety. Oprogramowanie Trimble Marine Construction mo\u017ce r\u00f3wnie\u017c wy\u015bwietla\u0107 ekrany prezentacyjne w czasie rzeczywistym. Kodowany kolorami widok planu i widok 3D podkre\u015bla wysokie i niskie punkty w stosunku do projektu.<\/p>\n<p>Edycja danych z pojedynczej wi\u0105zki<br \/>Interpolacja danych z magnetometru<br \/>Obliczenia obj\u0119to\u015bciowe z linii \u017ceglugowych lub modeli siatki<br \/>Odpowiednie do zastosowa\u0144 na p\u0142ytkiej i g\u0142\u0119bokiej wodzie<br \/>Obs\u0142uguje czujniki inercyjne Trimble do wykrywania roll, pitch, heave.<\/p>\n<\/div>\n<p><img decoding=\"async\" src=\"wp-content\/uploads\/layered-data-feature-280x162-1.jpg\" alt=\"\"><\/p>\n<div>\n<h3>Dane warstwowe<\/h3>\n<p>Tw\u00f3rz proste linie prowadz\u0105ce, punkty orientacyjne i trasy oraz wsp\u00f3\u0142pracuj z geodet\u0105 w celu stworzenia dodatkowych warstw informacyjnych do nawigacji w widoku terenu, w tym modelu badanej siatki, elektronicznej mapy nawigacyjnej, warstwy klina obrazu sonarowego.<\/p>\n<\/div>\n<p><img decoding=\"async\" src=\"wp-content\/uploads\/TMC-wizard-feature-280x162-1.jpg\" alt=\"\"><\/p>\n<div>\n<h3>Niezawodny i \u0142atwy w u\u017cyciu<\/h3>\n<p>Kreatory konfiguracji, szablony urz\u0105dze\u0144 i import kszta\u0142tu statku\u00a0 (DXF) sprawiaj\u0105, \u017ce oprogramowanie jest \u0142atwe w u\u017cyciu.<\/p>\n<p>Zarz\u0105dzanie du\u017cymi zestawami danych<br \/>Skuteczne i dok\u0142adne pomiary<br \/>Solidny, aby zmaksymalizowa\u0107 wydajno\u015b\u0107<\/p>\n<\/div>\n<p><!-- {\"type\":\"layout\",\"children\":[{\"type\":\"section\",\"props\":{\"style\":\"default\",\"width\":\"default\",\"vertical_align\":\"middle\",\"title_position\":\"top-left\",\"title_rotation\":\"left\",\"title_breakpoint\":\"xl\",\"image_position\":\"center-center\",\"text_color\":\"\",\"width_expand\":\"\",\"height\":\"\",\"padding\":\"\",\"header_transparent\":\"\",\"animation\":\"\",\"image_effect\":\"\"},\"children\":[{\"type\":\"row\",\"props\":{\"layout\":\"1-1\",\"breakpoint\":\"m\",\"fixed_width\":\"large\",\"gutter\":\"\",\"width\":\"\",\"width_expand\":\"\",\"height\":\"\",\"margin\":\"\"},\"children\":[{\"type\":\"column\",\"props\":{\"widths\":[\"1-1\"],\"image_position\":\"center-center\",\"media_overlay_gradient\":\"\",\"vertical_align\":\"\",\"style\":\"\",\"text_color\":\"\",\"padding\":\"\"},\"children\":[{\"type\":\"headline\",\"props\":{\"title_element\":\"h1\",\"title_style\":\"\",\"title_decoration\":\"\",\"title_color\":\"\",\"text_align\":\"\",\"text_align_breakpoint\":\"\",\"text_align_fallback\":\"\",\"maxwidth\":\"\",\"maxwidth_align\":\"\",\"maxwidth_breakpoint\":\"\",\"margin\":\"\",\"animation\":\"\",\"visibility\":\"\",\"content\":\"Badania hydrograficzne jedno i wielowi\\u0105zkowe\"}},{\"type\":\"divider\",\"props\":{\"divider_element\":\"hr\",\"divider_style\":\"\",\"divider_align\":\"\",\"divider_align_breakpoint\":\"\",\"divider_align_fallback\":\"\",\"maxwidth\":\"\",\"maxwidth_align\":\"\",\"maxwidth_breakpoint\":\"\",\"margin\":\"\",\"animation\":\"\",\"visibility\":\"\"}}]}]}]},{\"type\":\"section\",\"props\":{\"style\":\"default\",\"width\":\"default\",\"vertical_align\":\"middle\",\"title_position\":\"top-left\",\"title_rotation\":\"left\",\"title_breakpoint\":\"xl\",\"image_position\":\"center-center\",\"text_color\":\"\",\"width_expand\":\"\",\"height\":\"\",\"padding\":\"\",\"header_transparent\":\"\",\"animation\":\"\",\"image_effect\":\"\"},\"children\":[{\"type\":\"row\",\"props\":{\"layout\":\",\",\"breakpoint\":\"m\",\"fixed_width\":\"large\",\"gutter\":\"\",\"width\":\"\",\"width_expand\":\"\",\"height\":\"\",\"margin\":\"\"},\"children\":[{\"type\":\"column\",\"props\":{\"widths\":[\"\"],\"image_position\":\"center-center\",\"media_overlay_gradient\":\"\",\"vertical_align\":\"\",\"style\":\"\",\"text_color\":\"\",\"padding\":\"\"},\"children\":[{\"type\":\"image\",\"props\":{\"margin\":\"default\",\"link_target\":\"\",\"image_border\":\"\",\"image_box_shadow\":\"\",\"image_hover_box_shadow\":\"\",\"image_box_decoration\":\"\",\"text_align\":\"\",\"text_align_breakpoint\":\"\",\"text_align_fallback\":\"\",\"maxwidth\":\"\",\"maxwidth_align\":\"\",\"maxwidth_breakpoint\":\"\",\"animation\":\"\",\"visibility\":\"\",\"image\":\"wp-content\\\/uploads\\\/hydro-survey-solutions-1024x768-1.jpg\"}}]},{\"type\":\"column\",\"props\":{\"widths\":[\"\"],\"image_position\":\"center-center\",\"media_overlay_gradient\":\"\",\"vertical_align\":\"\",\"style\":\"\",\"text_color\":\"\",\"padding\":\"\"},\"children\":[{\"type\":\"text\",\"props\":{\"margin\":\"default\",\"column_breakpoint\":\"m\",\"text_style\":\"\",\"text_color\":\"\",\"text_size\":\"\",\"column\":\"\",\"text_align\":\"\",\"text_align_breakpoint\":\"\",\"text_align_fallback\":\"\",\"maxwidth\":\"\",\"maxwidth_align\":\"\",\"maxwidth_breakpoint\":\"\",\"animation\":\"\",\"visibility\":\"\",\"content\":\"\n\n<h2>Hydrograficzne badania jedno- i wielowi\\u0105zkowe<br \\\/>Trimble Marine Construction Systems<\\\/h2>\\n\n\n<p>Niezawodne i efektywne planowanie bada\\u0144, pozyskiwanie danych, edycja, przetwarzanie danych i obliczanie obj\\u0119to\\u015bci.<\\\/p>\"}}]}]}]},{\"type\":\"section\",\"props\":{\"style\":\"default\",\"width\":\"default\",\"vertical_align\":\"middle\",\"title_position\":\"top-left\",\"title_rotation\":\"left\",\"title_breakpoint\":\"xl\",\"image_position\":\"center-center\",\"text_color\":\"\",\"width_expand\":\"\",\"height\":\"\",\"padding\":\"\",\"header_transparent\":\"\",\"animation\":\"\",\"image_effect\":\"\"},\"children\":[{\"type\":\"row\",\"props\":{\"layout\":\"1-1\",\"breakpoint\":\"m\",\"fixed_width\":\"large\",\"gutter\":\"\",\"width\":\"\",\"width_expand\":\"\",\"height\":\"\",\"margin\":\"\"},\"children\":[{\"type\":\"column\",\"props\":{\"widths\":[\"1-1\"],\"image_position\":\"center-center\",\"media_overlay_gradient\":\"\",\"vertical_align\":\"\",\"style\":\"\",\"text_color\":\"\",\"padding\":\"\"},\"children\":[{\"type\":\"text\",\"props\":{\"margin\":\"default\",\"column_breakpoint\":\"m\",\"text_style\":\"\",\"text_color\":\"\",\"text_size\":\"\",\"column\":\"\",\"text_align\":\"\",\"text_align_breakpoint\":\"\",\"text_align_fallback\":\"\",\"maxwidth\":\"\",\"maxwidth_align\":\"\",\"maxwidth_breakpoint\":\"\",\"animation\":\"\",\"visibility\":\"\",\"content\":\"\n\n<h2 style=\\\"text-align: center;\\\">Cechy charakterystyczne<\\\/h2>\\n\n\n<h2 style=\\\"text-align: center;\\\">Oprogramowanie Trimble Marine Construction Software jest narz\\u0119dziem do wykonywania efektywnych bada\\u0144 morskich na p\\u0142ytkich i g\\u0142\\u0119bokich wodach. Jest to kompletny pakiet oprogramowania do efektywnego pozyskiwania danych.<\\\/h2>\"}}]}]}]},{\"type\":\"section\",\"props\":{\"style\":\"secondary\",\"width\":\"default\",\"vertical_align\":\"middle\",\"title_position\":\"top-left\",\"title_rotation\":\"left\",\"title_breakpoint\":\"xl\",\"image_position\":\"center-center\",\"text_color\":\"\",\"width_expand\":\"\",\"height\":\"\",\"padding\":\"\",\"header_transparent\":\"\",\"animation\":\"\",\"image_effect\":\"\"},\"children\":[{\"type\":\"row\",\"props\":{\"layout\":\",,\",\"breakpoint\":\"m\",\"fixed_width\":\"large\",\"gutter\":\"\",\"width\":\"\",\"width_expand\":\"\",\"height\":\"\",\"margin\":\"\"},\"children\":[{\"type\":\"column\",\"props\":{\"widths\":[\"\"],\"image_position\":\"center-center\",\"media_overlay_gradient\":\"\",\"vertical_align\":\"\",\"style\":\"\",\"text_color\":\"\",\"padding\":\"\"},\"children\":[{\"type\":\"image\",\"props\":{\"margin\":\"default\",\"link_target\":\"\",\"image_border\":\"\",\"image_box_shadow\":\"\",\"image_hover_box_shadow\":\"\",\"image_box_decoration\":\"\",\"text_align\":\"\",\"text_align_breakpoint\":\"\",\"text_align_fallback\":\"\",\"maxwidth\":\"\",\"maxwidth_align\":\"\",\"maxwidth_breakpoint\":\"\",\"animation\":\"\",\"visibility\":\"\",\"image\":\"wp-content\\\/uploads\\\/intuitive-feature-280x162-1.jpg\"}},{\"type\":\"text\",\"props\":{\"margin\":\"default\",\"column_breakpoint\":\"m\",\"text_style\":\"\",\"text_color\":\"\",\"text_size\":\"\",\"column\":\"\",\"text_align\":\"\",\"text_align_breakpoint\":\"\",\"text_align_fallback\":\"\",\"maxwidth\":\"\",\"maxwidth_align\":\"\",\"maxwidth_breakpoint\":\"\",\"animation\":\"\",\"visibility\":\"\",\"content\":\"\n\n<h3>Intuicyjny przep\\u0142yw pracy<\\\/h3>\\n\n\n<p>Oprogramowanie oferuje funkcje pomiar\\u00f3w jednowi\\u0105zkowych w standardzie oraz pomiar\\u00f3w wielowi\\u0105zkowych jako osobn\\u0105 licencj\\u0119. Post\\u0119p w czasie rzeczywistym jest pokazywany w widokach 2D i 3D za pomoc\\u0105 kodowanego kolorami Cyfrowego Modelu Terenu (DTM). Wiele wy\\u015bwietlaczy dostarcza operatorowi informacji zwrotnych, a modu\\u0142 edycji wektor\\u00f3w oferuje narz\\u0119dzia do edycji i czyszczenia danych. Po przetworzeniu danych mo\\u017cna wygenerowa\\u0107 modele siatki, wykona\\u0107 interpolacje, a dane s\\u0105 dost\\u0119pne do oblicze\\u0144 obj\\u0119to\\u015bci, przetwarzania i eksportu.<\\\/p>\"}}]},{\"type\":\"column\",\"props\":{\"widths\":[\"\"],\"image_position\":\"center-center\",\"media_overlay_gradient\":\"\",\"vertical_align\":\"\",\"style\":\"\",\"text_color\":\"\",\"padding\":\"\"},\"children\":[{\"type\":\"image\",\"props\":{\"margin\":\"default\",\"link_target\":\"\",\"image_border\":\"\",\"image_box_shadow\":\"\",\"image_hover_box_shadow\":\"\",\"image_box_decoration\":\"\",\"text_align\":\"\",\"text_align_breakpoint\":\"\",\"text_align_fallback\":\"\",\"maxwidth\":\"\",\"maxwidth_align\":\"\",\"maxwidth_breakpoint\":\"\",\"animation\":\"\",\"visibility\":\"\",\"image\":\"wp-content\\\/uploads\\\/hyd-survey-interface-feature-280x162-1.jpg\"}},{\"type\":\"text\",\"props\":{\"margin\":\"default\",\"column_breakpoint\":\"m\",\"text_style\":\"\",\"text_color\":\"\",\"text_size\":\"\",\"column\":\"\",\"text_align\":\"\",\"text_align_breakpoint\":\"\",\"text_align_fallback\":\"\",\"maxwidth\":\"\",\"maxwidth_align\":\"\",\"maxwidth_breakpoint\":\"\",\"animation\":\"\",\"visibility\":\"\",\"content\":\"\n\n<h3>Elastyczny system, konfigurowalny interfejs<\\\/h3>\\n\n\n<p>Wiele monitor\\u00f3w o niezale\\u017cnych uk\\u0142adach mo\\u017ce by\\u0107 dostosowanych do potrzeb geodety. Oprogramowanie Trimble Marine Construction mo\\u017ce r\\u00f3wnie\\u017c wy\\u015bwietla\\u0107 ekrany prezentacyjne w czasie rzeczywistym. Kodowany kolorami widok planu i widok 3D podkre\\u015bla wysokie i niskie punkty w stosunku do projektu.<\\\/p>\\n\n\n<p>Edycja danych z pojedynczej wi\\u0105zki<br \\\/>Interpolacja danych z magnetometru<br \\\/>Obliczenia obj\\u0119to\\u015bciowe z linii \\u017ceglugowych lub modeli siatki<br \\\/>Odpowiednie do zastosowa\\u0144 na p\\u0142ytkiej i g\\u0142\\u0119bokiej wodzie<br \\\/>Obs\\u0142uguje czujniki inercyjne Trimble do wykrywania roll, pitch, heave.<\\\/p>\"}},{\"type\":\"image\",\"props\":{\"margin\":\"default\",\"link_target\":\"\",\"image_border\":\"\",\"image_box_shadow\":\"\",\"image_hover_box_shadow\":\"\",\"image_box_decoration\":\"\",\"text_align\":\"\",\"text_align_breakpoint\":\"\",\"text_align_fallback\":\"\",\"maxwidth\":\"\",\"maxwidth_align\":\"\",\"maxwidth_breakpoint\":\"\",\"animation\":\"\",\"visibility\":\"\",\"image\":\"wp-content\\\/uploads\\\/layered-data-feature-280x162-1.jpg\"}},{\"type\":\"text\",\"props\":{\"margin\":\"default\",\"column_breakpoint\":\"m\",\"text_style\":\"\",\"text_color\":\"\",\"text_size\":\"\",\"column\":\"\",\"text_align\":\"\",\"text_align_breakpoint\":\"\",\"text_align_fallback\":\"\",\"maxwidth\":\"\",\"maxwidth_align\":\"\",\"maxwidth_breakpoint\":\"\",\"animation\":\"\",\"visibility\":\"\",\"content\":\"\n\n<h3>Dane warstwowe<\\\/h3>\\n\n\n<p>Tw\\u00f3rz proste linie prowadz\\u0105ce, punkty orientacyjne i trasy oraz wsp\\u00f3\\u0142pracuj z geodet\\u0105 w celu stworzenia dodatkowych warstw informacyjnych do nawigacji w widoku terenu, w tym modelu badanej siatki, elektronicznej mapy nawigacyjnej, warstwy klina obrazu sonarowego.<\\\/p>\"}}]},{\"type\":\"column\",\"props\":{\"widths\":[\"\"],\"image_position\":\"center-center\",\"media_overlay_gradient\":\"\",\"vertical_align\":\"\",\"style\":\"\",\"text_color\":\"\",\"padding\":\"\"},\"children\":[{\"type\":\"image\",\"props\":{\"margin\":\"default\",\"link_target\":\"\",\"image_border\":\"\",\"image_box_shadow\":\"\",\"image_hover_box_shadow\":\"\",\"image_box_decoration\":\"\",\"text_align\":\"\",\"text_align_breakpoint\":\"\",\"text_align_fallback\":\"\",\"maxwidth\":\"\",\"maxwidth_align\":\"\",\"maxwidth_breakpoint\":\"\",\"animation\":\"\",\"visibility\":\"\",\"image\":\"wp-content\\\/uploads\\\/TMC-wizard-feature-280x162-1.jpg\"}},{\"type\":\"text\",\"props\":{\"margin\":\"default\",\"column_breakpoint\":\"m\",\"text_style\":\"\",\"text_color\":\"\",\"text_size\":\"\",\"column\":\"\",\"text_align\":\"\",\"text_align_breakpoint\":\"\",\"text_align_fallback\":\"\",\"maxwidth\":\"\",\"maxwidth_align\":\"\",\"maxwidth_breakpoint\":\"\",\"animation\":\"\",\"visibility\":\"\",\"content\":\"\n\n<h3>Niezawodny i \\u0142atwy w u\\u017cyciu<\\\/h3>\\n\n\n<p>Kreatory konfiguracji, szablony urz\\u0105dze\\u0144 i import kszta\\u0142tu statku\\u00a0 (DXF) sprawiaj\\u0105, \\u017ce oprogramowanie jest \\u0142atwe w u\\u017cyciu.<\\\/p>\\n\n\n<p>Zarz\\u0105dzanie du\\u017cymi zestawami danych<br \\\/>Skuteczne i dok\\u0142adne pomiary<br \\\/>Solidny, aby zmaksymalizowa\\u0107 wydajno\\u015b\\u0107<\\\/p>\"}}]}]}]}],\"props\":[],\"version\":\"1.18.0\"} --><\/p>\n","protected":false},"excerpt":{"rendered":"<p>Badania hydrograficzne jedno i wielowi\u0105zkowe Hydrograficzne badania jedno- i wielowi\u0105zkoweTrimble Marine Construction Systems Niezawodne i efektywne planowanie bada\u0144, pozyskiwanie danych, edycja, przetwarzanie danych i obliczanie obj\u0119to\u015bci. Cechy charakterystyczne Oprogramowanie Trimble Marine Construction Software jest narz\u0119dziem do wykonywania efektywnych bada\u0144 morskich na p\u0142ytkich i g\u0142\u0119bokich wodach. Jest to kompletny pakiet oprogramowania do efektywnego pozyskiwania danych. Intuicyjny [&hellip;]<\/p>\n","protected":false},"author":10,"featured_media":0,"parent":0,"menu_order":0,"comment_status":"closed","ping_status":"closed","template":"","meta":{"footnotes":""},"class_list":["post-7131","page","type-page","status-publish","hentry"],"yoast_head":"<!-- This site is optimized with the Yoast SEO plugin v27.6 - https:\/\/yoast.com\/product\/yoast-seo-wordpress\/ -->\n<title>Badania hydrograficzne jedno i wielowi\u0105zkowe - ESCORT TECHNOLOGY<\/title>\n<meta name=\"robots\" content=\"index, follow, max-snippet:-1, max-image-preview:large, max-video-preview:-1\" \/>\n<link rel=\"canonical\" href=\"http:\/\/escort-technology.com\/en\/de\/badania-hydrograficzne-jedno-i-wielowiazkowe\/\" \/>\n<meta property=\"og:locale\" content=\"en_US\" \/>\n<meta property=\"og:type\" content=\"article\" \/>\n<meta property=\"og:title\" content=\"Badania hydrograficzne jedno i wielowi\u0105zkowe - ESCORT TECHNOLOGY\" \/>\n<meta property=\"og:description\" content=\"Badania hydrograficzne jedno i wielowi\u0105zkowe Hydrograficzne badania jedno- i wielowi\u0105zkoweTrimble Marine Construction Systems Niezawodne i efektywne planowanie bada\u0144, pozyskiwanie danych, edycja, przetwarzanie danych i obliczanie obj\u0119to\u015bci. Cechy charakterystyczne Oprogramowanie Trimble Marine Construction Software jest narz\u0119dziem do wykonywania efektywnych bada\u0144 morskich na p\u0142ytkich i g\u0142\u0119bokich wodach. Jest to kompletny pakiet oprogramowania do efektywnego pozyskiwania danych. Intuicyjny [&hellip;]\" \/>\n<meta property=\"og:url\" content=\"http:\/\/escort-technology.com\/en\/de\/badania-hydrograficzne-jedno-i-wielowiazkowe\/\" \/>\n<meta property=\"og:site_name\" content=\"ESCORT TECHNOLOGY\" \/>\n<meta property=\"article:publisher\" content=\"https:\/\/www.facebook.com\/elektronika.morska\/\" \/>\n<meta property=\"article:modified_time\" content=\"2020-09-28T08:08:12+00:00\" \/>\n<meta property=\"og:image\" content=\"http:\/\/wp-content\/uploads\/hydro-survey-solutions-1024x768-1.jpg\" \/>\n<meta name=\"twitter:card\" content=\"summary_large_image\" \/>\n<meta name=\"twitter:label1\" content=\"Est. reading time\" \/>\n\t<meta name=\"twitter:data1\" content=\"2 minutes\" \/>\n<script type=\"application\/ld+json\" class=\"yoast-schema-graph\">{\"@context\":\"https:\\\/\\\/schema.org\",\"@graph\":[{\"@type\":\"WebPage\",\"@id\":\"http:\\\/\\\/escort-technology.com\\\/de\\\/badania-hydrograficzne-jedno-i-wielowiazkowe\\\/\",\"url\":\"http:\\\/\\\/escort-technology.com\\\/de\\\/badania-hydrograficzne-jedno-i-wielowiazkowe\\\/\",\"name\":\"Badania hydrograficzne jedno i wielowi\u0105zkowe - ESCORT TECHNOLOGY\",\"isPartOf\":{\"@id\":\"http:\\\/\\\/escort-technology.com\\\/de\\\/#website\"},\"datePublished\":\"2020-09-28T08:06:42+00:00\",\"dateModified\":\"2020-09-28T08:08:12+00:00\",\"breadcrumb\":{\"@id\":\"http:\\\/\\\/escort-technology.com\\\/de\\\/badania-hydrograficzne-jedno-i-wielowiazkowe\\\/#breadcrumb\"},\"inLanguage\":\"en-US\",\"potentialAction\":[{\"@type\":\"ReadAction\",\"target\":[\"http:\\\/\\\/escort-technology.com\\\/de\\\/badania-hydrograficzne-jedno-i-wielowiazkowe\\\/\"]}]},{\"@type\":\"BreadcrumbList\",\"@id\":\"http:\\\/\\\/escort-technology.com\\\/de\\\/badania-hydrograficzne-jedno-i-wielowiazkowe\\\/#breadcrumb\",\"itemListElement\":[{\"@type\":\"ListItem\",\"position\":1,\"name\":\"Strona g\u0142\u00f3wna\",\"item\":\"https:\\\/\\\/escort-technology.com\\\/\"},{\"@type\":\"ListItem\",\"position\":2,\"name\":\"Badania hydrograficzne jedno i wielowi\u0105zkowe\"}]},{\"@type\":\"WebSite\",\"@id\":\"http:\\\/\\\/escort-technology.com\\\/de\\\/#website\",\"url\":\"http:\\\/\\\/escort-technology.com\\\/de\\\/\",\"name\":\"ESCORT TECHNOLOGY\",\"description\":\"Elektronika morska i l\u0105dowa\",\"publisher\":{\"@id\":\"http:\\\/\\\/escort-technology.com\\\/de\\\/#organization\"},\"potentialAction\":[{\"@type\":\"SearchAction\",\"target\":{\"@type\":\"EntryPoint\",\"urlTemplate\":\"http:\\\/\\\/escort-technology.com\\\/de\\\/?s={search_term_string}\"},\"query-input\":{\"@type\":\"PropertyValueSpecification\",\"valueRequired\":true,\"valueName\":\"search_term_string\"}}],\"inLanguage\":\"en-US\"},{\"@type\":\"Organization\",\"@id\":\"http:\\\/\\\/escort-technology.com\\\/de\\\/#organization\",\"name\":\"ESCORT TECHNOLOGY\",\"url\":\"http:\\\/\\\/escort-technology.com\\\/de\\\/\",\"logo\":{\"@type\":\"ImageObject\",\"inLanguage\":\"en-US\",\"@id\":\"http:\\\/\\\/escort-technology.com\\\/de\\\/#\\\/schema\\\/logo\\\/image\\\/\",\"url\":\"https:\\\/\\\/escort-technology.com\\\/wp-content\\\/uploads\\\/logo-1.jpg\",\"contentUrl\":\"https:\\\/\\\/escort-technology.com\\\/wp-content\\\/uploads\\\/logo-1.jpg\",\"width\":600,\"height\":165,\"caption\":\"ESCORT TECHNOLOGY\"},\"image\":{\"@id\":\"http:\\\/\\\/escort-technology.com\\\/de\\\/#\\\/schema\\\/logo\\\/image\\\/\"},\"sameAs\":[\"https:\\\/\\\/www.facebook.com\\\/elektronika.morska\\\/\",\"https:\\\/\\\/www.linkedin.com\\\/company\\\/escort-sp-z-o-o-\\\/\"]}]}<\/script>\n<!-- \/ Yoast SEO plugin. -->","yoast_head_json":{"title":"Badania hydrograficzne jedno i wielowi\u0105zkowe - ESCORT TECHNOLOGY","robots":{"index":"index","follow":"follow","max-snippet":"max-snippet:-1","max-image-preview":"max-image-preview:large","max-video-preview":"max-video-preview:-1"},"canonical":"http:\/\/escort-technology.com\/en\/de\/badania-hydrograficzne-jedno-i-wielowiazkowe\/","og_locale":"en_US","og_type":"article","og_title":"Badania hydrograficzne jedno i wielowi\u0105zkowe - ESCORT TECHNOLOGY","og_description":"Badania hydrograficzne jedno i wielowi\u0105zkowe Hydrograficzne badania jedno- i wielowi\u0105zkoweTrimble Marine Construction Systems Niezawodne i efektywne planowanie bada\u0144, pozyskiwanie danych, edycja, przetwarzanie danych i obliczanie obj\u0119to\u015bci. Cechy charakterystyczne Oprogramowanie Trimble Marine Construction Software jest narz\u0119dziem do wykonywania efektywnych bada\u0144 morskich na p\u0142ytkich i g\u0142\u0119bokich wodach. Jest to kompletny pakiet oprogramowania do efektywnego pozyskiwania danych. Intuicyjny [&hellip;]","og_url":"http:\/\/escort-technology.com\/en\/de\/badania-hydrograficzne-jedno-i-wielowiazkowe\/","og_site_name":"ESCORT TECHNOLOGY","article_publisher":"https:\/\/www.facebook.com\/elektronika.morska\/","article_modified_time":"2020-09-28T08:08:12+00:00","og_image":[{"url":"wp-content\/uploads\/hydro-survey-solutions-1024x768-1.jpg","type":"","width":"","height":""}],"twitter_card":"summary_large_image","twitter_misc":{"Est. reading time":"2 minutes"},"schema":{"@context":"https:\/\/schema.org","@graph":[{"@type":"WebPage","@id":"http:\/\/escort-technology.com\/de\/badania-hydrograficzne-jedno-i-wielowiazkowe\/","url":"http:\/\/escort-technology.com\/de\/badania-hydrograficzne-jedno-i-wielowiazkowe\/","name":"Badania hydrograficzne jedno i wielowi\u0105zkowe - ESCORT TECHNOLOGY","isPartOf":{"@id":"http:\/\/escort-technology.com\/de\/#website"},"datePublished":"2020-09-28T08:06:42+00:00","dateModified":"2020-09-28T08:08:12+00:00","breadcrumb":{"@id":"http:\/\/escort-technology.com\/de\/badania-hydrograficzne-jedno-i-wielowiazkowe\/#breadcrumb"},"inLanguage":"en-US","potentialAction":[{"@type":"ReadAction","target":["http:\/\/escort-technology.com\/de\/badania-hydrograficzne-jedno-i-wielowiazkowe\/"]}]},{"@type":"BreadcrumbList","@id":"http:\/\/escort-technology.com\/de\/badania-hydrograficzne-jedno-i-wielowiazkowe\/#breadcrumb","itemListElement":[{"@type":"ListItem","position":1,"name":"Strona g\u0142\u00f3wna","item":"https:\/\/escort-technology.com\/"},{"@type":"ListItem","position":2,"name":"Badania hydrograficzne jedno i wielowi\u0105zkowe"}]},{"@type":"WebSite","@id":"http:\/\/escort-technology.com\/de\/#website","url":"http:\/\/escort-technology.com\/de\/","name":"ESCORT TECHNOLOGY","description":"Onshore and offshore electronics","publisher":{"@id":"http:\/\/escort-technology.com\/de\/#organization"},"potentialAction":[{"@type":"SearchAction","target":{"@type":"EntryPoint","urlTemplate":"http:\/\/escort-technology.com\/de\/?s={search_term_string}"},"query-input":{"@type":"PropertyValueSpecification","valueRequired":true,"valueName":"search_term_string"}}],"inLanguage":"en-US"},{"@type":"Organization","@id":"http:\/\/escort-technology.com\/de\/#organization","name":"ESCORT TECHNOLOGY","url":"http:\/\/escort-technology.com\/de\/","logo":{"@type":"ImageObject","inLanguage":"en-US","@id":"http:\/\/escort-technology.com\/de\/#\/schema\/logo\/image\/","url":"https:\/\/escort-technology.com\/wp-content\/uploads\/logo-1.jpg","contentUrl":"https:\/\/escort-technology.com\/wp-content\/uploads\/logo-1.jpg","width":600,"height":165,"caption":"ESCORT TECHNOLOGY"},"image":{"@id":"http:\/\/escort-technology.com\/de\/#\/schema\/logo\/image\/"},"sameAs":["https:\/\/www.facebook.com\/elektronika.morska\/","https:\/\/www.linkedin.com\/company\/escort-sp-z-o-o-\/"]}]}},"_links":{"self":[{"href":"https:\/\/escort-technology.com\/en\/wp-json\/wp\/v2\/pages\/7131","targetHints":{"allow":["GET"]}}],"collection":[{"href":"https:\/\/escort-technology.com\/en\/wp-json\/wp\/v2\/pages"}],"about":[{"href":"https:\/\/escort-technology.com\/en\/wp-json\/wp\/v2\/types\/page"}],"author":[{"embeddable":true,"href":"https:\/\/escort-technology.com\/en\/wp-json\/wp\/v2\/users\/10"}],"replies":[{"embeddable":true,"href":"https:\/\/escort-technology.com\/en\/wp-json\/wp\/v2\/comments?post=7131"}],"version-history":[{"count":4,"href":"https:\/\/escort-technology.com\/en\/wp-json\/wp\/v2\/pages\/7131\/revisions"}],"predecessor-version":[{"id":7141,"href":"https:\/\/escort-technology.com\/en\/wp-json\/wp\/v2\/pages\/7131\/revisions\/7141"}],"wp:attachment":[{"href":"https:\/\/escort-technology.com\/en\/wp-json\/wp\/v2\/media?parent=7131"}],"curies":[{"name":"wp","href":"https:\/\/api.w.org\/{rel}","templated":true}]}}