{"id":7176,"date":"2020-09-28T15:25:03","date_gmt":"2020-09-28T13:25:03","guid":{"rendered":"https:\/\/escort-technology.com\/?page_id=7176"},"modified":"2020-09-28T15:25:03","modified_gmt":"2020-09-28T13:25:03","slug":"system-pozycjonowania-morskiego-trimble","status":"publish","type":"page","link":"https:\/\/escort-technology.com\/en\/system-pozycjonowania-morskiego-trimble\/","title":{"rendered":"System pozycjonowania morskiego Trimble"},"content":{"rendered":"<h1>\n<h2>System pozycjonowania morskiego Trimble<\/h2>\n<\/h1>\n<hr>\n<p><img decoding=\"async\" src=\"wp-content\/uploads\/Trimble-Marine-Construction-for-Positioning-1040x1040_0.png\" alt=\"\"><\/p>\n<div>\n<p>\u00a0<\/p>\n<h3>\u00a0<\/h3>\n<h3>\u00a0<\/h3>\n<h3>Trimble Marine Construction System for Positioning<\/h3>\n<p>Wykonaj w\u0142asne badania hydrograficzne przed\/po zako\u0144czeniu budowy.<\/p>\n<\/div>\n<div>\n<h2 style=\"text-align: center;\">Cechy i korzy\u015bci<\/h2>\n<p style=\"text-align: center;\">System pozycjonowania morskiego Trimble pozwala wykonawcom na produktywno\u015b\u0107 podczas pracy na echosondzie jednowi\u0105zkowej (SBES) do pomiar\u00f3w hydrograficznych. Oprogramowanie obejmuje akwizycj\u0119 SBES, edycj\u0119 danych i obliczenia obj\u0119to\u015bci pog\u0142\u0119biania.<\/p>\n<\/div>\n<p><img decoding=\"async\" src=\"wp-content\/uploads\/Trimble-Marine-Construction-for-Positioning-576x324-1.png\" alt=\"\"><\/p>\n<div>\n<h3>Zwi\u0119kszona precyzja i wydajno\u015b\u0107<\/h3>\n<ul>\n<li>Edycja danych i obj\u0119to\u015bci pog\u0142\u0119biania<\/li>\n<li>Dok\u0142adne obliczenia obj\u0119to\u015bci pog\u0142\u0119biarki<\/li>\n<li>Szybkie generowanie schemat\u00f3w linii przebiegu przed lub w trakcie badania w celu zapewnienia precyzyjnej nawigacji i wi\u0119kszej wydajno\u015bci<\/li>\n<li>Z\u0142o\u017cone schematy linii startowych mog\u0105 by\u0107 szybko generowane przed lub w trakcie badania<\/li>\n<\/ul>\n<\/div>\n<p><img decoding=\"async\" src=\"wp-content\/uploads\/TMC-Software-13-576x324-1.png\" alt=\"\"><\/p>\n<div>\n<h3>Elastyczno\u015b\u0107 w wymagaj\u0105cych \u015brodowiskach<\/h3>\n<ul>\n<li>Obs\u0142uga elektronicznych map abonamentowych, map open-source i system\u00f3w automatycznej identyfikacji (AIS) dla poprawy bezpiecze\u0144stwa i nawigacji na zat\u0142oczonych drogach wodnych<\/li>\n<li>Kompatybilny z szerok\u0105 gam\u0105 czujnik\u00f3w Trimble i innych producent\u00f3w (jednowi\u0105zkowe sygnalizatory echa, odbiorniki GNSS Trimble, czujniki po\u0142o\u017cenia itp.)<\/li>\n<li>Niezawodne i stabilne rozwi\u0105zanie odpowiednie do wyzwa\u0144 zwi\u0105zanych z budownictwem morskim du\u017ce zestawy danych<\/li>\n<li>Zaawansowane funkcje wykres\u00f3w i raportowania<\/li>\n<\/ul>\n<\/div>\n<div>\n<h2 style=\"text-align: center;\">Zastosowanie<\/h2>\n<p>System pozycjonowania morskiego Trimble jest idealny do zada\u0144 nawigacyjnych takich jak:<\/p>\n<ul>\n<li>Wyra\u017ane i precyzyjne pozycjonowanie i orientacja \u0142odzi pomiarowej, \u0142odzi roboczej lub barki w miejscu pog\u0142\u0119biania\/ budowy<\/li>\n<li>Pomoc w nawigacji (boje ATON) i umieszczanie kotwic<\/li>\n<li>Wsparcie pog\u0142\u0119biania dla bada\u0144 poprzedzaj\u0105cych lub nast\u0119puj\u0105cych po pog\u0142\u0119bianiu w celu zidentyfikowania miejsc wysokich i niskich<\/li>\n<li>Obliczanie wielko\u015bci post\u0119pu i przesy\u0142anie aktualizacji modelu sieci zar\u00f3wno do biura, jak i do\u00a0 pog\u0142\u0119biarki<\/li>\n<li>Budownictwo i nawigacja w zakresie akwakultury (np. hodowle ostryg, ma\u0142\u017cy)<\/li>\n<\/ul>\n<\/div>\n<p><!-- {\"type\":\"layout\",\"children\":[{\"type\":\"section\",\"props\":{\"style\":\"default\",\"width\":\"default\",\"vertical_align\":\"middle\",\"title_position\":\"top-left\",\"title_rotation\":\"left\",\"title_breakpoint\":\"xl\",\"image_position\":\"center-center\",\"text_color\":\"\",\"width_expand\":\"\",\"height\":\"\",\"padding\":\"\",\"header_transparent\":\"\",\"animation\":\"\"},\"children\":[{\"type\":\"row\",\"props\":{\"layout\":\"1-1\",\"breakpoint\":\"m\",\"fixed_width\":\"large\",\"gutter\":\"\",\"width\":\"\",\"width_expand\":\"\",\"height\":\"\",\"margin\":\"\"},\"children\":[{\"type\":\"column\",\"props\":{\"widths\":[\"1-1\"],\"image_position\":\"center-center\",\"media_overlay_gradient\":\"\",\"vertical_align\":\"\",\"style\":\"\",\"text_color\":\"\",\"padding\":\"\"},\"children\":[{\"type\":\"headline\",\"props\":{\"title_element\":\"h1\",\"title_style\":\"\",\"title_decoration\":\"\",\"title_color\":\"\",\"text_align\":\"\",\"text_align_breakpoint\":\"\",\"text_align_fallback\":\"\",\"maxwidth\":\"\",\"maxwidth_align\":\"\",\"maxwidth_breakpoint\":\"\",\"margin\":\"\",\"animation\":\"\",\"visibility\":\"\",\"content\":\"\n\n<h2>System pozycjonowania morskiego Trimble<\\\/h2>\"}},{\"type\":\"divider\",\"props\":{\"divider_element\":\"hr\",\"divider_style\":\"\",\"divider_align\":\"\",\"divider_align_breakpoint\":\"\",\"divider_align_fallback\":\"\",\"maxwidth\":\"\",\"maxwidth_align\":\"\",\"maxwidth_breakpoint\":\"\",\"margin\":\"\",\"animation\":\"\",\"visibility\":\"\"}}]}]}]},{\"type\":\"section\",\"props\":{\"style\":\"default\",\"width\":\"default\",\"vertical_align\":\"middle\",\"title_position\":\"top-left\",\"title_rotation\":\"left\",\"title_breakpoint\":\"xl\",\"image_position\":\"center-center\",\"text_color\":\"\",\"width_expand\":\"\",\"height\":\"\",\"padding\":\"\",\"header_transparent\":\"\",\"animation\":\"\"},\"children\":[{\"type\":\"row\",\"props\":{\"layout\":\",\",\"breakpoint\":\"m\",\"fixed_width\":\"large\",\"gutter\":\"\",\"width\":\"\",\"width_expand\":\"\",\"height\":\"\",\"margin\":\"\"},\"children\":[{\"type\":\"column\",\"props\":{\"widths\":[\"\"],\"image_position\":\"center-center\",\"media_overlay_gradient\":\"\",\"vertical_align\":\"\",\"style\":\"\",\"text_color\":\"\",\"padding\":\"\"},\"children\":[{\"type\":\"image\",\"props\":{\"margin\":\"default\",\"link_target\":\"\",\"image_border\":\"\",\"image_box_shadow\":\"\",\"image_hover_box_shadow\":\"\",\"image_box_decoration\":\"\",\"text_align\":\"\",\"text_align_breakpoint\":\"\",\"text_align_fallback\":\"\",\"maxwidth\":\"\",\"maxwidth_align\":\"\",\"maxwidth_breakpoint\":\"\",\"animation\":\"\",\"visibility\":\"\",\"image\":\"wp-content\\\/uploads\\\/Trimble-Marine-Construction-for-Positioning-1040x1040_0.png\"}}]},{\"type\":\"column\",\"props\":{\"widths\":[\"\"],\"image_position\":\"center-center\",\"media_overlay_gradient\":\"\",\"vertical_align\":\"\",\"style\":\"\",\"text_color\":\"\",\"padding\":\"\"},\"children\":[{\"type\":\"text\",\"props\":{\"margin\":\"default\",\"column_breakpoint\":\"m\",\"text_style\":\"\",\"text_color\":\"\",\"text_size\":\"\",\"column\":\"\",\"text_align\":\"\",\"text_align_breakpoint\":\"\",\"text_align_fallback\":\"\",\"maxwidth\":\"\",\"maxwidth_align\":\"\",\"maxwidth_breakpoint\":\"\",\"animation\":\"\",\"visibility\":\"\",\"content\":\"\n\n<p>\\u00a0<\\\/p>\\n\n\n<h3>\\u00a0<\\\/h3>\\n\n\n<h3>\\u00a0<\\\/h3>\\n\n\n<h3>Trimble Marine Construction System for Positioning<\\\/h3>\\n\n\n<p>Wykonaj w\\u0142asne badania hydrograficzne przed\\\/po zako\\u0144czeniu budowy.<\\\/p>\"}}]}]}]},{\"type\":\"section\",\"props\":{\"style\":\"secondary\",\"width\":\"default\",\"vertical_align\":\"middle\",\"title_position\":\"top-left\",\"title_rotation\":\"left\",\"title_breakpoint\":\"xl\",\"image_position\":\"center-center\",\"text_color\":\"\",\"width_expand\":\"\",\"height\":\"\",\"padding\":\"\",\"header_transparent\":\"\",\"animation\":\"\"},\"children\":[{\"type\":\"row\",\"props\":{\"layout\":\"1-1\",\"breakpoint\":\"m\",\"fixed_width\":\"large\",\"gutter\":\"\",\"width\":\"\",\"width_expand\":\"\",\"height\":\"\",\"margin\":\"\"},\"children\":[{\"type\":\"column\",\"props\":{\"widths\":[\"1-1\"],\"image_position\":\"center-center\",\"media_overlay_gradient\":\"\",\"vertical_align\":\"\",\"style\":\"\",\"text_color\":\"\",\"padding\":\"\"},\"children\":[{\"type\":\"text\",\"props\":{\"margin\":\"default\",\"column_breakpoint\":\"m\",\"text_style\":\"\",\"text_color\":\"\",\"text_size\":\"\",\"column\":\"\",\"text_align\":\"\",\"text_align_breakpoint\":\"\",\"text_align_fallback\":\"\",\"maxwidth\":\"\",\"maxwidth_align\":\"\",\"maxwidth_breakpoint\":\"\",\"animation\":\"\",\"visibility\":\"\",\"content\":\"\n\n<h2 style=\\\"text-align: center;\\\">Cechy i korzy\\u015bci<\\\/h2>\\n\n\n<p style=\\\"text-align: center;\\\"><br \\\/>System pozycjonowania morskiego Trimble pozwala wykonawcom na produktywno\\u015b\\u0107 podczas pracy na echosondzie jednowi\\u0105zkowej (SBES) do pomiar\\u00f3w hydrograficznych. Oprogramowanie obejmuje akwizycj\\u0119 SBES, edycj\\u0119 danych i obliczenia obj\\u0119to\\u015bci pog\\u0142\\u0119biania.<\\\/p>\"}}]}]}]},{\"type\":\"section\",\"props\":{\"style\":\"secondary\",\"width\":\"default\",\"vertical_align\":\"middle\",\"title_position\":\"top-left\",\"title_rotation\":\"left\",\"title_breakpoint\":\"xl\",\"image_position\":\"center-center\",\"text_color\":\"\",\"width_expand\":\"\",\"height\":\"\",\"padding\":\"\",\"header_transparent\":\"\",\"animation\":\"\"},\"children\":[{\"type\":\"row\",\"props\":{\"layout\":\",\",\"breakpoint\":\"m\",\"fixed_width\":\"large\",\"gutter\":\"\",\"width\":\"\",\"width_expand\":\"\",\"height\":\"\",\"margin\":\"\"},\"children\":[{\"type\":\"column\",\"props\":{\"widths\":[\"\"],\"image_position\":\"center-center\",\"media_overlay_gradient\":\"\",\"vertical_align\":\"\",\"style\":\"\",\"text_color\":\"\",\"padding\":\"\"},\"children\":[{\"type\":\"image\",\"props\":{\"margin\":\"default\",\"link_target\":\"\",\"image_border\":\"\",\"image_box_shadow\":\"\",\"image_hover_box_shadow\":\"\",\"image_box_decoration\":\"\",\"text_align\":\"\",\"text_align_breakpoint\":\"\",\"text_align_fallback\":\"\",\"maxwidth\":\"\",\"maxwidth_align\":\"\",\"maxwidth_breakpoint\":\"\",\"animation\":\"\",\"visibility\":\"\",\"image\":\"wp-content\\\/uploads\\\/Trimble-Marine-Construction-for-Positioning-576x324-1.png\"}},{\"type\":\"text\",\"props\":{\"margin\":\"default\",\"column_breakpoint\":\"m\",\"text_style\":\"\",\"text_color\":\"\",\"text_size\":\"\",\"column\":\"\",\"text_align\":\"\",\"text_align_breakpoint\":\"\",\"text_align_fallback\":\"\",\"maxwidth\":\"\",\"maxwidth_align\":\"\",\"maxwidth_breakpoint\":\"\",\"animation\":\"\",\"visibility\":\"\",\"content\":\"\n\n<h3>Zwi\\u0119kszona precyzja i wydajno\\u015b\\u0107<\\\/h3>\\n\n\n<ul>\\n\n\n<li>Edycja danych i obj\\u0119to\\u015bci pog\\u0142\\u0119biania<\\\/li>\\n\n\n<li>Dok\\u0142adne obliczenia obj\\u0119to\\u015bci pog\\u0142\\u0119biarki<\\\/li>\\n\n\n<li>Szybkie generowanie schemat\\u00f3w linii przebiegu przed lub w trakcie badania w celu zapewnienia precyzyjnej nawigacji i wi\\u0119kszej wydajno\\u015bci<\\\/li>\\n\n\n<li>Z\\u0142o\\u017cone schematy linii startowych mog\\u0105 by\\u0107 szybko generowane przed lub w trakcie badania<\\\/li>\\n<\\\/ul>\"}}]},{\"type\":\"column\",\"props\":{\"widths\":[\"\"],\"image_position\":\"center-center\",\"media_overlay_gradient\":\"\",\"vertical_align\":\"\",\"style\":\"\",\"text_color\":\"\",\"padding\":\"\"},\"children\":[{\"type\":\"image\",\"props\":{\"margin\":\"default\",\"link_target\":\"\",\"image_border\":\"\",\"image_box_shadow\":\"\",\"image_hover_box_shadow\":\"\",\"image_box_decoration\":\"\",\"text_align\":\"\",\"text_align_breakpoint\":\"\",\"text_align_fallback\":\"\",\"maxwidth\":\"\",\"maxwidth_align\":\"\",\"maxwidth_breakpoint\":\"\",\"animation\":\"\",\"visibility\":\"\",\"image\":\"wp-content\\\/uploads\\\/TMC-Software-13-576x324-1.png\"}},{\"type\":\"text\",\"props\":{\"margin\":\"default\",\"column_breakpoint\":\"m\",\"text_style\":\"\",\"text_color\":\"\",\"text_size\":\"\",\"column\":\"\",\"text_align\":\"\",\"text_align_breakpoint\":\"\",\"text_align_fallback\":\"\",\"maxwidth\":\"\",\"maxwidth_align\":\"\",\"maxwidth_breakpoint\":\"\",\"animation\":\"\",\"visibility\":\"\",\"content\":\"\n\n<h3>Elastyczno\\u015b\\u0107 w wymagaj\\u0105cych \\u015brodowiskach<\\\/h3>\\n\n\n<ul>\\n\n\n<li>Obs\\u0142uga elektronicznych map abonamentowych, map open-source i system\\u00f3w automatycznej identyfikacji (AIS) dla poprawy bezpiecze\\u0144stwa i nawigacji na zat\\u0142oczonych drogach wodnych<\\\/li>\\n\n\n<li>Kompatybilny z szerok\\u0105 gam\\u0105 czujnik\\u00f3w Trimble i innych producent\\u00f3w (jednowi\\u0105zkowe sygnalizatory echa, odbiorniki GNSS Trimble, czujniki po\\u0142o\\u017cenia itp.)<\\\/li>\\n\n\n<li>Niezawodne i stabilne rozwi\\u0105zanie odpowiednie do wyzwa\\u0144 zwi\\u0105zanych z budownictwem morskim du\\u017ce zestawy danych<\\\/li>\\n\n\n<li>Zaawansowane funkcje wykres\\u00f3w i raportowania<\\\/li>\\n<\\\/ul>\"}}]}]}]},{\"type\":\"section\",\"props\":{\"style\":\"muted\",\"width\":\"default\",\"vertical_align\":\"middle\",\"title_position\":\"top-left\",\"title_rotation\":\"left\",\"title_breakpoint\":\"xl\",\"image_position\":\"center-center\",\"text_color\":\"\",\"width_expand\":\"\",\"height\":\"\",\"padding\":\"\",\"header_transparent\":\"\",\"animation\":\"\"},\"children\":[{\"type\":\"row\",\"props\":{\"layout\":\"1-1\",\"breakpoint\":\"m\",\"fixed_width\":\"large\",\"gutter\":\"\",\"width\":\"\",\"width_expand\":\"\",\"height\":\"\",\"margin\":\"\"},\"children\":[{\"type\":\"column\",\"props\":{\"widths\":[\"1-1\"],\"image_position\":\"center-center\",\"media_overlay_gradient\":\"\",\"vertical_align\":\"\",\"style\":\"\",\"text_color\":\"\",\"padding\":\"\"},\"children\":[{\"type\":\"text\",\"props\":{\"margin\":\"default\",\"column_breakpoint\":\"m\",\"text_style\":\"\",\"text_color\":\"\",\"text_size\":\"\",\"column\":\"\",\"text_align\":\"\",\"text_align_breakpoint\":\"\",\"text_align_fallback\":\"\",\"maxwidth\":\"\",\"maxwidth_align\":\"\",\"maxwidth_breakpoint\":\"\",\"animation\":\"\",\"visibility\":\"\",\"content\":\"\n\n<h2 style=\\\"text-align: center;\\\">Zastosowanie<\\\/h2>\\n\n\n<p>System pozycjonowania morskiego Trimble jest idealny do zada\\u0144 nawigacyjnych takich jak:<\\\/p>\\n\n\n<ul>\\n\n\n<li>Wyra\\u017ane i precyzyjne pozycjonowanie i orientacja \\u0142odzi pomiarowej, \\u0142odzi roboczej lub barki w miejscu pog\\u0142\\u0119biania\\\/ budowy<\\\/li>\\n\n\n<li>Pomoc w nawigacji (boje ATON) i umieszczanie kotwic<\\\/li>\\n\n\n<li>Wsparcie pog\\u0142\\u0119biania dla bada\\u0144 poprzedzaj\\u0105cych lub nast\\u0119puj\\u0105cych po pog\\u0142\\u0119bianiu w celu zidentyfikowania miejsc wysokich i niskich<\\\/li>\\n\n\n<li>Obliczanie wielko\\u015bci post\\u0119pu i przesy\\u0142anie aktualizacji modelu sieci zar\\u00f3wno do biura, jak i do\\u00a0 pog\\u0142\\u0119biarki<\\\/li>\\n\n\n<li>Budownictwo i nawigacja w zakresie akwakultury (np. hodowle ostryg, ma\\u0142\\u017cy)<\\\/li>\\n<\\\/ul>\"}}]}]}]}]} --><\/p>\n","protected":false},"excerpt":{"rendered":"<p>System pozycjonowania morskiego Trimble \u00a0 \u00a0 \u00a0 Trimble Marine Construction System for Positioning Wykonaj w\u0142asne badania hydrograficzne przed\/po zako\u0144czeniu budowy. Cechy i korzy\u015bci System pozycjonowania morskiego Trimble pozwala wykonawcom na produktywno\u015b\u0107 podczas pracy na echosondzie jednowi\u0105zkowej (SBES) do pomiar\u00f3w hydrograficznych. Oprogramowanie obejmuje akwizycj\u0119 SBES, edycj\u0119 danych i obliczenia obj\u0119to\u015bci pog\u0142\u0119biania. Zwi\u0119kszona precyzja i wydajno\u015b\u0107 Edycja [&hellip;]<\/p>\n","protected":false},"author":10,"featured_media":0,"parent":0,"menu_order":0,"comment_status":"closed","ping_status":"closed","template":"","meta":{"footnotes":""},"class_list":["post-7176","page","type-page","status-publish","hentry"],"yoast_head":"<!-- This site is optimized with the Yoast SEO plugin v27.6 - https:\/\/yoast.com\/product\/yoast-seo-wordpress\/ -->\n<title>System pozycjonowania morskiego Trimble - ESCORT TECHNOLOGY<\/title>\n<meta name=\"robots\" content=\"index, follow, max-snippet:-1, max-image-preview:large, max-video-preview:-1\" \/>\n<link rel=\"canonical\" href=\"http:\/\/escort-technology.com\/en\/system-pozycjonowania-morskiego-trimble\/\" \/>\n<meta property=\"og:locale\" content=\"en_US\" \/>\n<meta property=\"og:type\" content=\"article\" \/>\n<meta property=\"og:title\" content=\"System pozycjonowania morskiego Trimble - ESCORT TECHNOLOGY\" \/>\n<meta property=\"og:description\" content=\"System pozycjonowania morskiego Trimble \u00a0 \u00a0 \u00a0 Trimble Marine Construction System for Positioning Wykonaj w\u0142asne badania hydrograficzne przed\/po zako\u0144czeniu budowy. Cechy i korzy\u015bci System pozycjonowania morskiego Trimble pozwala wykonawcom na produktywno\u015b\u0107 podczas pracy na echosondzie jednowi\u0105zkowej (SBES) do pomiar\u00f3w hydrograficznych. Oprogramowanie obejmuje akwizycj\u0119 SBES, edycj\u0119 danych i obliczenia obj\u0119to\u015bci pog\u0142\u0119biania. Zwi\u0119kszona precyzja i wydajno\u015b\u0107 Edycja [&hellip;]\" \/>\n<meta property=\"og:url\" content=\"http:\/\/escort-technology.com\/en\/system-pozycjonowania-morskiego-trimble\/\" \/>\n<meta property=\"og:site_name\" content=\"ESCORT TECHNOLOGY\" \/>\n<meta property=\"article:publisher\" content=\"https:\/\/www.facebook.com\/elektronika.morska\/\" \/>\n<meta property=\"og:image\" content=\"http:\/\/wp-content\/uploads\/Trimble-Marine-Construction-for-Positioning-1040x1040_0.png\" \/>\n<meta name=\"twitter:card\" content=\"summary_large_image\" \/>\n<meta name=\"twitter:label1\" content=\"Est. reading time\" \/>\n\t<meta name=\"twitter:data1\" content=\"1 minute\" \/>\n<script type=\"application\/ld+json\" class=\"yoast-schema-graph\">{\"@context\":\"https:\\\/\\\/schema.org\",\"@graph\":[{\"@type\":\"WebPage\",\"@id\":\"http:\\\/\\\/escort-technology.com\\\/en\\\/system-pozycjonowania-morskiego-trimble\\\/\",\"url\":\"http:\\\/\\\/escort-technology.com\\\/en\\\/system-pozycjonowania-morskiego-trimble\\\/\",\"name\":\"System pozycjonowania morskiego Trimble - ESCORT TECHNOLOGY\",\"isPartOf\":{\"@id\":\"http:\\\/\\\/escort-technology.com\\\/de\\\/#website\"},\"datePublished\":\"2020-09-28T13:25:03+00:00\",\"breadcrumb\":{\"@id\":\"http:\\\/\\\/escort-technology.com\\\/en\\\/system-pozycjonowania-morskiego-trimble\\\/#breadcrumb\"},\"inLanguage\":\"en-US\",\"potentialAction\":[{\"@type\":\"ReadAction\",\"target\":[\"http:\\\/\\\/escort-technology.com\\\/en\\\/system-pozycjonowania-morskiego-trimble\\\/\"]}]},{\"@type\":\"BreadcrumbList\",\"@id\":\"http:\\\/\\\/escort-technology.com\\\/en\\\/system-pozycjonowania-morskiego-trimble\\\/#breadcrumb\",\"itemListElement\":[{\"@type\":\"ListItem\",\"position\":1,\"name\":\"Strona g\u0142\u00f3wna\",\"item\":\"https:\\\/\\\/escort-technology.com\\\/\"},{\"@type\":\"ListItem\",\"position\":2,\"name\":\"System pozycjonowania morskiego Trimble\"}]},{\"@type\":\"WebSite\",\"@id\":\"http:\\\/\\\/escort-technology.com\\\/de\\\/#website\",\"url\":\"http:\\\/\\\/escort-technology.com\\\/de\\\/\",\"name\":\"ESCORT TECHNOLOGY\",\"description\":\"Elektronika morska i l\u0105dowa\",\"publisher\":{\"@id\":\"http:\\\/\\\/escort-technology.com\\\/de\\\/#organization\"},\"potentialAction\":[{\"@type\":\"SearchAction\",\"target\":{\"@type\":\"EntryPoint\",\"urlTemplate\":\"http:\\\/\\\/escort-technology.com\\\/de\\\/?s={search_term_string}\"},\"query-input\":{\"@type\":\"PropertyValueSpecification\",\"valueRequired\":true,\"valueName\":\"search_term_string\"}}],\"inLanguage\":\"en-US\"},{\"@type\":\"Organization\",\"@id\":\"http:\\\/\\\/escort-technology.com\\\/de\\\/#organization\",\"name\":\"ESCORT TECHNOLOGY\",\"url\":\"http:\\\/\\\/escort-technology.com\\\/de\\\/\",\"logo\":{\"@type\":\"ImageObject\",\"inLanguage\":\"en-US\",\"@id\":\"http:\\\/\\\/escort-technology.com\\\/de\\\/#\\\/schema\\\/logo\\\/image\\\/\",\"url\":\"https:\\\/\\\/escort-technology.com\\\/wp-content\\\/uploads\\\/logo-1.jpg\",\"contentUrl\":\"https:\\\/\\\/escort-technology.com\\\/wp-content\\\/uploads\\\/logo-1.jpg\",\"width\":600,\"height\":165,\"caption\":\"ESCORT TECHNOLOGY\"},\"image\":{\"@id\":\"http:\\\/\\\/escort-technology.com\\\/de\\\/#\\\/schema\\\/logo\\\/image\\\/\"},\"sameAs\":[\"https:\\\/\\\/www.facebook.com\\\/elektronika.morska\\\/\",\"https:\\\/\\\/www.linkedin.com\\\/company\\\/escort-sp-z-o-o-\\\/\"]}]}<\/script>\n<!-- \/ Yoast SEO plugin. -->","yoast_head_json":{"title":"System pozycjonowania morskiego Trimble - ESCORT TECHNOLOGY","robots":{"index":"index","follow":"follow","max-snippet":"max-snippet:-1","max-image-preview":"max-image-preview:large","max-video-preview":"max-video-preview:-1"},"canonical":"http:\/\/escort-technology.com\/en\/system-pozycjonowania-morskiego-trimble\/","og_locale":"en_US","og_type":"article","og_title":"System pozycjonowania morskiego Trimble - ESCORT TECHNOLOGY","og_description":"System pozycjonowania morskiego Trimble \u00a0 \u00a0 \u00a0 Trimble Marine Construction System for Positioning Wykonaj w\u0142asne badania hydrograficzne przed\/po zako\u0144czeniu budowy. Cechy i korzy\u015bci System pozycjonowania morskiego Trimble pozwala wykonawcom na produktywno\u015b\u0107 podczas pracy na echosondzie jednowi\u0105zkowej (SBES) do pomiar\u00f3w hydrograficznych. Oprogramowanie obejmuje akwizycj\u0119 SBES, edycj\u0119 danych i obliczenia obj\u0119to\u015bci pog\u0142\u0119biania. Zwi\u0119kszona precyzja i wydajno\u015b\u0107 Edycja [&hellip;]","og_url":"http:\/\/escort-technology.com\/en\/system-pozycjonowania-morskiego-trimble\/","og_site_name":"ESCORT TECHNOLOGY","article_publisher":"https:\/\/www.facebook.com\/elektronika.morska\/","og_image":[{"url":"wp-content\/uploads\/Trimble-Marine-Construction-for-Positioning-1040x1040_0.png","type":"","width":"","height":""}],"twitter_card":"summary_large_image","twitter_misc":{"Est. reading time":"1 minute"},"schema":{"@context":"https:\/\/schema.org","@graph":[{"@type":"WebPage","@id":"http:\/\/escort-technology.com\/en\/system-pozycjonowania-morskiego-trimble\/","url":"http:\/\/escort-technology.com\/en\/system-pozycjonowania-morskiego-trimble\/","name":"System pozycjonowania morskiego Trimble - ESCORT TECHNOLOGY","isPartOf":{"@id":"http:\/\/escort-technology.com\/de\/#website"},"datePublished":"2020-09-28T13:25:03+00:00","breadcrumb":{"@id":"http:\/\/escort-technology.com\/en\/system-pozycjonowania-morskiego-trimble\/#breadcrumb"},"inLanguage":"en-US","potentialAction":[{"@type":"ReadAction","target":["http:\/\/escort-technology.com\/en\/system-pozycjonowania-morskiego-trimble\/"]}]},{"@type":"BreadcrumbList","@id":"http:\/\/escort-technology.com\/en\/system-pozycjonowania-morskiego-trimble\/#breadcrumb","itemListElement":[{"@type":"ListItem","position":1,"name":"Strona g\u0142\u00f3wna","item":"https:\/\/escort-technology.com\/"},{"@type":"ListItem","position":2,"name":"System pozycjonowania morskiego Trimble"}]},{"@type":"WebSite","@id":"http:\/\/escort-technology.com\/de\/#website","url":"http:\/\/escort-technology.com\/de\/","name":"ESCORT TECHNOLOGY","description":"Onshore and offshore electronics","publisher":{"@id":"http:\/\/escort-technology.com\/de\/#organization"},"potentialAction":[{"@type":"SearchAction","target":{"@type":"EntryPoint","urlTemplate":"http:\/\/escort-technology.com\/de\/?s={search_term_string}"},"query-input":{"@type":"PropertyValueSpecification","valueRequired":true,"valueName":"search_term_string"}}],"inLanguage":"en-US"},{"@type":"Organization","@id":"http:\/\/escort-technology.com\/de\/#organization","name":"ESCORT TECHNOLOGY","url":"http:\/\/escort-technology.com\/de\/","logo":{"@type":"ImageObject","inLanguage":"en-US","@id":"http:\/\/escort-technology.com\/de\/#\/schema\/logo\/image\/","url":"https:\/\/escort-technology.com\/wp-content\/uploads\/logo-1.jpg","contentUrl":"https:\/\/escort-technology.com\/wp-content\/uploads\/logo-1.jpg","width":600,"height":165,"caption":"ESCORT TECHNOLOGY"},"image":{"@id":"http:\/\/escort-technology.com\/de\/#\/schema\/logo\/image\/"},"sameAs":["https:\/\/www.facebook.com\/elektronika.morska\/","https:\/\/www.linkedin.com\/company\/escort-sp-z-o-o-\/"]}]}},"_links":{"self":[{"href":"https:\/\/escort-technology.com\/en\/wp-json\/wp\/v2\/pages\/7176","targetHints":{"allow":["GET"]}}],"collection":[{"href":"https:\/\/escort-technology.com\/en\/wp-json\/wp\/v2\/pages"}],"about":[{"href":"https:\/\/escort-technology.com\/en\/wp-json\/wp\/v2\/types\/page"}],"author":[{"embeddable":true,"href":"https:\/\/escort-technology.com\/en\/wp-json\/wp\/v2\/users\/10"}],"replies":[{"embeddable":true,"href":"https:\/\/escort-technology.com\/en\/wp-json\/wp\/v2\/comments?post=7176"}],"version-history":[{"count":2,"href":"https:\/\/escort-technology.com\/en\/wp-json\/wp\/v2\/pages\/7176\/revisions"}],"predecessor-version":[{"id":7181,"href":"https:\/\/escort-technology.com\/en\/wp-json\/wp\/v2\/pages\/7176\/revisions\/7181"}],"wp:attachment":[{"href":"https:\/\/escort-technology.com\/en\/wp-json\/wp\/v2\/media?parent=7176"}],"curies":[{"name":"wp","href":"https:\/\/api.w.org\/{rel}","templated":true}]}}