{"id":7562,"date":"2020-10-28T08:46:51","date_gmt":"2020-10-28T07:46:51","guid":{"rendered":"https:\/\/escort-technology.com\/?page_id=7562"},"modified":"2021-02-08T15:38:26","modified_gmt":"2021-02-08T14:38:26","slug":"seafloor-nowosc-w-ofercie","status":"publish","type":"page","link":"https:\/\/escort-technology.com\/en\/seafloor-nowosc-w-ofercie\/","title":{"rendered":"Seafloor -Nowo\u015b\u0107 w ofercie"},"content":{"rendered":"<h1>Seafloor w naszej ofercie<\/h1>\n<hr>\n<h1><a href=\"https:\/\/escort-technology.com\/?page_id=8227&#038;preview=true\"><\/p>\n<h2 style=\"text-align: center;\">Bezza\u0142ogowe statki pomiarowe -Wi\u0119cej<\/h2>\n<p><\/a><\/h1>\n<p><img decoding=\"async\" src=\"\/wp-content\/uploads\/Seafloor1.jpg\" alt=\"\"><\/p>\n<div>\n<p>Seafloor specjalizuje si\u0119 w zastosowaniach sonar\u00f3w jedno- i wielowi\u0105zkowych. Jako integratorzy system\u00f3w oferuj\u0105 sprawdzone rozwi\u0105zania i komponenty z\u00a0 portfolio zaufanych partner\u00f3w zewn\u0119trznych. Zestawy urz\u0105dze\u0144 hydrograficznych i geoprzestrzennych mog\u0105 by\u0107 skalowane tak, aby pasowa\u0142y do ka\u017cdego projektu pod wzgl\u0119dem wydajno\u015bci i bud\u017cetu.<\/p>\n<p>Od ponad dziesi\u0119ciu lat firma Seafloor buduje Bezza\u0142ogowe Statki Nawodne (USV). B\u0119d\u0105c liderem na rynku dzi\u0119ki dynamicznym platformom, kt\u00f3re rozszerzaj\u0105 mo\u017cliwo\u015bci tradycyjnego sprz\u0119tu pomiarowego i umo\u017cliwiaj\u0105 geodetom zdaln\u0105 nawigacj\u0119 w trudnych warunkach. Platformy USV &#8222;pod klucz&#8221; firmy Seafloor integruj\u0105 profesjonaln\u0105 technologi\u0119 do efektywnego prowadzenia misji na wodzie.<\/p>\n<\/div>\n<div>\n<h2>Seafloor Floor Systems, Inc. oferuje kompletn\u0105 technologi\u0119 bada\u0144 batymetrycznych od hydrograf\u00f3w, dla hydrograf\u00f3w.<\/h2>\n<p>Firma posiada zesp\u00f3\u0142 in\u017cynier\u00f3w i by\u0142ych geodet\u00f3w, kt\u00f3ra pracuje nad rozszerzeniem oferty.\u00a0 Od hydroakustycznych urz\u0105dze\u0144 sonarowych po rosn\u0105c\u0105 flot\u0119 bezza\u0142ogowych statk\u00f3w pomiarowych, posiadaj\u0105c wachlarz produkt\u00f3w i us\u0142ug, kt\u00f3re zapewni\u0105 sukces Pa\u0144stwa projektu hydrograficznego &#8211; du\u017cego lub ma\u0142ego.<\/p>\n<p>\u00a0<\/p>\n<\/div>\n<p><img decoding=\"async\" src=\"\/wp-content\/uploads\/Seafloor2.jpg\" alt=\"\"><\/p>\n<div>\n<p>Wkr\u00f3tce na stronie wi\u0119cej artyku\u0142\u00f3w i informacji na temat produkt\u00f3w marki Seafloor.<\/p>\n<\/div>\n<p><!-- {\"type\":\"layout\",\"children\":[{\"type\":\"section\",\"props\":{\"style\":\"default\",\"width\":\"large\",\"vertical_align\":\"middle\",\"title_position\":\"top-left\",\"title_rotation\":\"left\",\"title_breakpoint\":\"xl\",\"image_position\":\"center-center\"},\"children\":[{\"type\":\"row\",\"children\":[{\"type\":\"column\",\"props\":{\"image_position\":\"center-center\",\"media_overlay_gradient\":\"\",\"width_medium\":\"1-1\"},\"children\":[{\"type\":\"headline\",\"props\":{\"title_element\":\"h1\",\"content\":\"Seafloor w naszej ofercie\"}},{\"type\":\"divider\",\"props\":{\"divider_element\":\"hr\",\"divider_style\":\"\",\"divider_align\":\"\",\"divider_align_breakpoint\":\"\",\"divider_align_fallback\":\"\"}}]}]}]},{\"type\":\"section\",\"props\":{\"style\":\"default\",\"width\":\"default\",\"vertical_align\":\"middle\",\"title_position\":\"top-left\",\"title_rotation\":\"left\",\"title_breakpoint\":\"xl\",\"image_position\":\"center-center\"},\"children\":[{\"type\":\"row\",\"children\":[{\"type\":\"column\",\"props\":{\"image_position\":\"center-center\",\"media_overlay_gradient\":\"\"},\"children\":[{\"type\":\"headline\",\"props\":{\"title_element\":\"h1\",\"content\":\"\n\n<h2 style=\\\"text-align: center;\\\">Bezza\\u0142ogowe statki pomiarowe -Wi\\u0119cej<\\\/h2>\",\"link\":\"https:\\\/\\\/escort-technology.com\\\/?page_id=8227&preview=true\"}}]}]}]},{\"type\":\"section\",\"props\":{\"style\":\"default\",\"width\":\"large\",\"vertical_align\":\"middle\",\"title_position\":\"top-left\",\"title_rotation\":\"left\",\"title_breakpoint\":\"xl\",\"image_position\":\"center-center\"},\"children\":[{\"type\":\"row\",\"props\":{\"layout\":\"1-2,1-2\"},\"children\":[{\"type\":\"column\",\"props\":{\"image_position\":\"center-center\",\"media_overlay_gradient\":\"\",\"width_medium\":\"1-2\"},\"children\":[{\"type\":\"image\",\"props\":{\"margin\":\"default\",\"image\":\"wp-content\\\/uploads\\\/Seafloor1.jpg\",\"image_svg_color\":\"emphasis\"}},{\"type\":\"text\",\"props\":{\"margin\":\"default\",\"column_breakpoint\":\"m\",\"content\":\"\n\n<p>Seafloor specjalizuje si\\u0119 w zastosowaniach sonar\\u00f3w jedno- i wielowi\\u0105zkowych. Jako integratorzy system\\u00f3w oferuj\\u0105 sprawdzone rozwi\\u0105zania i komponenty z\\u00a0 portfolio zaufanych partner\\u00f3w zewn\\u0119trznych. Zestawy urz\\u0105dze\\u0144 hydrograficznych i geoprzestrzennych mog\\u0105 by\\u0107 skalowane tak, aby pasowa\\u0142y do ka\\u017cdego projektu pod wzgl\\u0119dem wydajno\\u015bci i bud\\u017cetu.<\\\/p>\\n\n\n<p>Od ponad dziesi\\u0119ciu lat firma Seafloor buduje Bezza\\u0142ogowe Statki Nawodne (USV). B\\u0119d\\u0105c liderem na rynku dzi\\u0119ki dynamicznym platformom, kt\\u00f3re rozszerzaj\\u0105 mo\\u017cliwo\\u015bci tradycyjnego sprz\\u0119tu pomiarowego i umo\\u017cliwiaj\\u0105 geodetom zdaln\\u0105 nawigacj\\u0119 w trudnych warunkach. Platformy USV \\\"pod klucz\\\" firmy Seafloor integruj\\u0105 profesjonaln\\u0105 technologi\\u0119 do efektywnego prowadzenia misji na wodzie.<\\\/p>\"}}]},{\"type\":\"column\",\"props\":{\"image_position\":\"center-center\",\"media_overlay_gradient\":\"\",\"width_medium\":\"1-2\"},\"children\":[{\"type\":\"text\",\"props\":{\"margin\":\"default\",\"column_breakpoint\":\"m\",\"content\":\"\n\n<h2>Seafloor Floor Systems, Inc. oferuje kompletn\\u0105 technologi\\u0119 bada\\u0144 batymetrycznych od hydrograf\\u00f3w, dla hydrograf\\u00f3w.<\\\/h2>\\n\n\n<p>Firma posiada zesp\\u00f3\\u0142 in\\u017cynier\\u00f3w i by\\u0142ych geodet\\u00f3w, kt\\u00f3ra pracuje nad rozszerzeniem oferty.\\u00a0 Od hydroakustycznych urz\\u0105dze\\u0144 sonarowych po rosn\\u0105c\\u0105 flot\\u0119 bezza\\u0142ogowych statk\\u00f3w pomiarowych, posiadaj\\u0105c wachlarz produkt\\u00f3w i us\\u0142ug, kt\\u00f3re zapewni\\u0105 sukces Pa\\u0144stwa projektu hydrograficznego - du\\u017cego lub ma\\u0142ego.<\\\/p>\\n\n\n<p>\\u00a0<\\\/p>\"}},{\"type\":\"image\",\"props\":{\"margin\":\"default\",\"image\":\"wp-content\\\/uploads\\\/Seafloor2.jpg\",\"image_svg_color\":\"emphasis\"}}]}]}]},{\"type\":\"section\",\"props\":{\"style\":\"default\",\"width\":\"large\",\"vertical_align\":\"middle\",\"title_position\":\"top-left\",\"title_rotation\":\"left\",\"title_breakpoint\":\"xl\",\"image_position\":\"center-center\"},\"children\":[{\"type\":\"row\",\"children\":[{\"type\":\"column\",\"props\":{\"image_position\":\"center-center\",\"media_overlay_gradient\":\"\",\"width_medium\":\"1-1\"},\"children\":[{\"type\":\"text\",\"props\":{\"margin\":\"default\",\"column_breakpoint\":\"m\",\"content\":\"\n\n<p>Wkr\\u00f3tce na stronie wi\\u0119cej artyku\\u0142\\u00f3w i informacji na temat produkt\\u00f3w marki Seafloor.<\\\/p>\"}}]}]}]}],\"version\":\"2.3.25\"} --><\/p>\n","protected":false},"excerpt":{"rendered":"<p>Seafloor w naszej ofercie Bezza\u0142ogowe statki pomiarowe -Wi\u0119cej Seafloor specjalizuje si\u0119 w zastosowaniach sonar\u00f3w jedno- i wielowi\u0105zkowych. Jako integratorzy system\u00f3w oferuj\u0105 sprawdzone rozwi\u0105zania i komponenty z\u00a0 portfolio zaufanych partner\u00f3w zewn\u0119trznych. Zestawy urz\u0105dze\u0144 hydrograficznych i geoprzestrzennych mog\u0105 by\u0107 skalowane tak, aby pasowa\u0142y do ka\u017cdego projektu pod wzgl\u0119dem wydajno\u015bci i bud\u017cetu. Od ponad dziesi\u0119ciu lat firma Seafloor [&hellip;]<\/p>\n","protected":false},"author":10,"featured_media":0,"parent":0,"menu_order":0,"comment_status":"closed","ping_status":"closed","template":"","meta":{"footnotes":""},"class_list":["post-7562","page","type-page","status-publish","hentry"],"yoast_head":"<!-- This site is optimized with the Yoast SEO plugin v27.6 - https:\/\/yoast.com\/product\/yoast-seo-wordpress\/ -->\n<title>Seafloor -Nowo\u015b\u0107 w ofercie - ESCORT TECHNOLOGY<\/title>\n<meta name=\"robots\" content=\"index, follow, max-snippet:-1, max-image-preview:large, max-video-preview:-1\" \/>\n<link rel=\"canonical\" href=\"https:\/\/escort-technology.com\/en\/seafloor-nowosc-w-ofercie\/\" \/>\n<meta property=\"og:locale\" content=\"en_US\" \/>\n<meta property=\"og:type\" content=\"article\" \/>\n<meta property=\"og:title\" content=\"Seafloor -Nowo\u015b\u0107 w ofercie - ESCORT TECHNOLOGY\" \/>\n<meta property=\"og:description\" content=\"Seafloor w naszej ofercie Bezza\u0142ogowe statki pomiarowe -Wi\u0119cej Seafloor specjalizuje si\u0119 w zastosowaniach sonar\u00f3w jedno- i wielowi\u0105zkowych. Jako integratorzy system\u00f3w oferuj\u0105 sprawdzone rozwi\u0105zania i komponenty z\u00a0 portfolio zaufanych partner\u00f3w zewn\u0119trznych. Zestawy urz\u0105dze\u0144 hydrograficznych i geoprzestrzennych mog\u0105 by\u0107 skalowane tak, aby pasowa\u0142y do ka\u017cdego projektu pod wzgl\u0119dem wydajno\u015bci i bud\u017cetu. Od ponad dziesi\u0119ciu lat firma Seafloor [&hellip;]\" \/>\n<meta property=\"og:url\" content=\"https:\/\/escort-technology.com\/en\/seafloor-nowosc-w-ofercie\/\" \/>\n<meta property=\"og:site_name\" content=\"ESCORT TECHNOLOGY\" \/>\n<meta property=\"article:publisher\" content=\"https:\/\/www.facebook.com\/elektronika.morska\/\" \/>\n<meta property=\"article:modified_time\" content=\"2021-02-08T14:38:26+00:00\" \/>\n<meta property=\"og:image\" content=\"https:\/\/escort-technology.com\/wp-content\/uploads\/Seafloor1.jpg\" \/>\n<meta name=\"twitter:card\" content=\"summary_large_image\" \/>\n<meta name=\"twitter:label1\" content=\"Est. reading time\" \/>\n\t<meta name=\"twitter:data1\" content=\"1 minute\" \/>\n<script type=\"application\/ld+json\" class=\"yoast-schema-graph\">{\"@context\":\"https:\\\/\\\/schema.org\",\"@graph\":[{\"@type\":\"WebPage\",\"@id\":\"https:\\\/\\\/escort-technology.com\\\/en\\\/seafloor-nowosc-w-ofercie\\\/\",\"url\":\"https:\\\/\\\/escort-technology.com\\\/en\\\/seafloor-nowosc-w-ofercie\\\/\",\"name\":\"Seafloor -Nowo\u015b\u0107 w ofercie - ESCORT TECHNOLOGY\",\"isPartOf\":{\"@id\":\"http:\\\/\\\/escort-technology.com\\\/de\\\/#website\"},\"datePublished\":\"2020-10-28T07:46:51+00:00\",\"dateModified\":\"2021-02-08T14:38:26+00:00\",\"breadcrumb\":{\"@id\":\"https:\\\/\\\/escort-technology.com\\\/en\\\/seafloor-nowosc-w-ofercie\\\/#breadcrumb\"},\"inLanguage\":\"en-US\",\"potentialAction\":[{\"@type\":\"ReadAction\",\"target\":[\"https:\\\/\\\/escort-technology.com\\\/en\\\/seafloor-nowosc-w-ofercie\\\/\"]}]},{\"@type\":\"BreadcrumbList\",\"@id\":\"https:\\\/\\\/escort-technology.com\\\/en\\\/seafloor-nowosc-w-ofercie\\\/#breadcrumb\",\"itemListElement\":[{\"@type\":\"ListItem\",\"position\":1,\"name\":\"Strona g\u0142\u00f3wna\",\"item\":\"https:\\\/\\\/escort-technology.com\\\/\"},{\"@type\":\"ListItem\",\"position\":2,\"name\":\"Seafloor -Nowo\u015b\u0107 w ofercie\"}]},{\"@type\":\"WebSite\",\"@id\":\"http:\\\/\\\/escort-technology.com\\\/de\\\/#website\",\"url\":\"http:\\\/\\\/escort-technology.com\\\/de\\\/\",\"name\":\"ESCORT TECHNOLOGY\",\"description\":\"Elektronika morska i l\u0105dowa\",\"publisher\":{\"@id\":\"http:\\\/\\\/escort-technology.com\\\/de\\\/#organization\"},\"potentialAction\":[{\"@type\":\"SearchAction\",\"target\":{\"@type\":\"EntryPoint\",\"urlTemplate\":\"http:\\\/\\\/escort-technology.com\\\/de\\\/?s={search_term_string}\"},\"query-input\":{\"@type\":\"PropertyValueSpecification\",\"valueRequired\":true,\"valueName\":\"search_term_string\"}}],\"inLanguage\":\"en-US\"},{\"@type\":\"Organization\",\"@id\":\"http:\\\/\\\/escort-technology.com\\\/de\\\/#organization\",\"name\":\"ESCORT TECHNOLOGY\",\"url\":\"http:\\\/\\\/escort-technology.com\\\/de\\\/\",\"logo\":{\"@type\":\"ImageObject\",\"inLanguage\":\"en-US\",\"@id\":\"http:\\\/\\\/escort-technology.com\\\/de\\\/#\\\/schema\\\/logo\\\/image\\\/\",\"url\":\"https:\\\/\\\/escort-technology.com\\\/wp-content\\\/uploads\\\/logo-1.jpg\",\"contentUrl\":\"https:\\\/\\\/escort-technology.com\\\/wp-content\\\/uploads\\\/logo-1.jpg\",\"width\":600,\"height\":165,\"caption\":\"ESCORT TECHNOLOGY\"},\"image\":{\"@id\":\"http:\\\/\\\/escort-technology.com\\\/de\\\/#\\\/schema\\\/logo\\\/image\\\/\"},\"sameAs\":[\"https:\\\/\\\/www.facebook.com\\\/elektronika.morska\\\/\",\"https:\\\/\\\/www.linkedin.com\\\/company\\\/escort-sp-z-o-o-\\\/\"]}]}<\/script>\n<!-- \/ Yoast SEO plugin. -->","yoast_head_json":{"title":"Seafloor -Nowo\u015b\u0107 w ofercie - ESCORT TECHNOLOGY","robots":{"index":"index","follow":"follow","max-snippet":"max-snippet:-1","max-image-preview":"max-image-preview:large","max-video-preview":"max-video-preview:-1"},"canonical":"https:\/\/escort-technology.com\/en\/seafloor-nowosc-w-ofercie\/","og_locale":"en_US","og_type":"article","og_title":"Seafloor -Nowo\u015b\u0107 w ofercie - ESCORT TECHNOLOGY","og_description":"Seafloor w naszej ofercie Bezza\u0142ogowe statki pomiarowe -Wi\u0119cej Seafloor specjalizuje si\u0119 w zastosowaniach sonar\u00f3w jedno- i wielowi\u0105zkowych. Jako integratorzy system\u00f3w oferuj\u0105 sprawdzone rozwi\u0105zania i komponenty z\u00a0 portfolio zaufanych partner\u00f3w zewn\u0119trznych. Zestawy urz\u0105dze\u0144 hydrograficznych i geoprzestrzennych mog\u0105 by\u0107 skalowane tak, aby pasowa\u0142y do ka\u017cdego projektu pod wzgl\u0119dem wydajno\u015bci i bud\u017cetu. Od ponad dziesi\u0119ciu lat firma Seafloor [&hellip;]","og_url":"https:\/\/escort-technology.com\/en\/seafloor-nowosc-w-ofercie\/","og_site_name":"ESCORT TECHNOLOGY","article_publisher":"https:\/\/www.facebook.com\/elektronika.morska\/","article_modified_time":"2021-02-08T14:38:26+00:00","og_image":[{"url":"https:\/\/escort-technology.com\/wp-content\/uploads\/Seafloor1.jpg","type":"","width":"","height":""}],"twitter_card":"summary_large_image","twitter_misc":{"Est. reading time":"1 minute"},"schema":{"@context":"https:\/\/schema.org","@graph":[{"@type":"WebPage","@id":"https:\/\/escort-technology.com\/en\/seafloor-nowosc-w-ofercie\/","url":"https:\/\/escort-technology.com\/en\/seafloor-nowosc-w-ofercie\/","name":"Seafloor -Nowo\u015b\u0107 w ofercie - ESCORT TECHNOLOGY","isPartOf":{"@id":"http:\/\/escort-technology.com\/de\/#website"},"datePublished":"2020-10-28T07:46:51+00:00","dateModified":"2021-02-08T14:38:26+00:00","breadcrumb":{"@id":"https:\/\/escort-technology.com\/en\/seafloor-nowosc-w-ofercie\/#breadcrumb"},"inLanguage":"en-US","potentialAction":[{"@type":"ReadAction","target":["https:\/\/escort-technology.com\/en\/seafloor-nowosc-w-ofercie\/"]}]},{"@type":"BreadcrumbList","@id":"https:\/\/escort-technology.com\/en\/seafloor-nowosc-w-ofercie\/#breadcrumb","itemListElement":[{"@type":"ListItem","position":1,"name":"Strona g\u0142\u00f3wna","item":"https:\/\/escort-technology.com\/"},{"@type":"ListItem","position":2,"name":"Seafloor -Nowo\u015b\u0107 w ofercie"}]},{"@type":"WebSite","@id":"http:\/\/escort-technology.com\/de\/#website","url":"http:\/\/escort-technology.com\/de\/","name":"ESCORT TECHNOLOGY","description":"Onshore and offshore electronics","publisher":{"@id":"http:\/\/escort-technology.com\/de\/#organization"},"potentialAction":[{"@type":"SearchAction","target":{"@type":"EntryPoint","urlTemplate":"http:\/\/escort-technology.com\/de\/?s={search_term_string}"},"query-input":{"@type":"PropertyValueSpecification","valueRequired":true,"valueName":"search_term_string"}}],"inLanguage":"en-US"},{"@type":"Organization","@id":"http:\/\/escort-technology.com\/de\/#organization","name":"ESCORT TECHNOLOGY","url":"http:\/\/escort-technology.com\/de\/","logo":{"@type":"ImageObject","inLanguage":"en-US","@id":"http:\/\/escort-technology.com\/de\/#\/schema\/logo\/image\/","url":"https:\/\/escort-technology.com\/wp-content\/uploads\/logo-1.jpg","contentUrl":"https:\/\/escort-technology.com\/wp-content\/uploads\/logo-1.jpg","width":600,"height":165,"caption":"ESCORT TECHNOLOGY"},"image":{"@id":"http:\/\/escort-technology.com\/de\/#\/schema\/logo\/image\/"},"sameAs":["https:\/\/www.facebook.com\/elektronika.morska\/","https:\/\/www.linkedin.com\/company\/escort-sp-z-o-o-\/"]}]}},"_links":{"self":[{"href":"https:\/\/escort-technology.com\/en\/wp-json\/wp\/v2\/pages\/7562","targetHints":{"allow":["GET"]}}],"collection":[{"href":"https:\/\/escort-technology.com\/en\/wp-json\/wp\/v2\/pages"}],"about":[{"href":"https:\/\/escort-technology.com\/en\/wp-json\/wp\/v2\/types\/page"}],"author":[{"embeddable":true,"href":"https:\/\/escort-technology.com\/en\/wp-json\/wp\/v2\/users\/10"}],"replies":[{"embeddable":true,"href":"https:\/\/escort-technology.com\/en\/wp-json\/wp\/v2\/comments?post=7562"}],"version-history":[{"count":3,"href":"https:\/\/escort-technology.com\/en\/wp-json\/wp\/v2\/pages\/7562\/revisions"}],"predecessor-version":[{"id":8240,"href":"https:\/\/escort-technology.com\/en\/wp-json\/wp\/v2\/pages\/7562\/revisions\/8240"}],"wp:attachment":[{"href":"https:\/\/escort-technology.com\/en\/wp-json\/wp\/v2\/media?parent=7562"}],"curies":[{"name":"wp","href":"https:\/\/api.w.org\/{rel}","templated":true}]}}