{"id":7921,"date":"2020-11-25T13:36:39","date_gmt":"2020-11-25T12:36:39","guid":{"rendered":"https:\/\/escort-technology.com\/?page_id=7921"},"modified":"2020-11-25T13:57:18","modified_gmt":"2020-11-25T12:57:18","slug":"urzadzenie-do-sledzenia-plaw-em-trak-bt100","status":"publish","type":"page","link":"https:\/\/escort-technology.com\/en\/urzadzenie-do-sledzenia-plaw-em-trak-bt100\/","title":{"rendered":"Urz\u0105dzenie do \u015bledzenia p\u0142aw EM-TRAK BT100"},"content":{"rendered":"<h1>\n<h2 class=\"uk-article-title\">Urz\u0105dzenie do \u015bledzenia p\u0142aw EM-TRAK BT100<\/h2>\n<\/h1>\n<hr>\n<div>\n<p>CERTYFIKOWANE URZ\u0104DZENIE \u015aLEDZ\u0104CE P\u0141AWY RYBACKIE<\/p>\n<p>SERIA BT100\u00a0 Fishing Buoy Tracker BT100<\/p>\n<p>BUOY-Tracker to zaprojektowany i certyfikowany transponder AIS do oznaczania i lokalizowania boi. Umo\u017cliwia on precyzyjne \u015bledzenie, lokalizowanie i zabezpieczanie boi i sprz\u0119tu za pomoc\u0105 istniej\u0105cego na pok\u0142adzie komunikatu AIS, kt\u00f3ry jest wy\u015bwietlany jako ikona boi na wszystkich wy\u015bwietlaczach nawigacyjnych.<\/p>\n<p>BUOY-Tracker jest odporny na ci\u0105g\u0142e u\u017cytkowanie komercyjne i zasilany przez w\u0142asn\u0105 bateri\u0119 wewn\u0119trzn\u0105, kt\u00f3ra jest \u0142atwo \u0142adowana za pomoc\u0105 stacji dokuj\u0105cej i b\u0119dzie dzia\u0142a\u0107 nieprzerwanie przez 5 dni pomi\u0119dzy kolejnymi \u0142adowaniami.<\/p>\n<p>UWAGA: do obs\u0142ugi urz\u0105dzenia BUOY-Tracker potrzebny jest uchwyt i \u0142adowarka. Przed u\u017cyciem BUOY-Tracker musi by\u0107 zaprogramowany, a do wykonania tego \u0107wiczenia potrzebny jest stacja dokuj\u0105ca. Docisk Programistyczny mo\u017ce by\u0107 u\u017cywany do programowania wielu urz\u0105dze\u0144 BUOY-Tracker i dzia\u0142a r\u00f3wnie\u017c jako \u0142adowarka. BUOY-Tracker jest u\u017cywany na ca\u0142ym \u015bwiecie w r\u00f3\u017cnych aplikacjach, a akcesoria em-tracker\u00f3w pozwalaj\u0105 na stworzenie w\u0142asnej kombinacji BUOY-Tracker\u00f3w, \u0142adowarek i wspornik\u00f3w odpowiednich dla Twoich indywidualnych potrzeb.<\/p>\n<p>\u00a0<\/p>\n<p>\u00a0<\/p>\n<\/div>\n<p>\n    <a href=\"wp-content\/uploads\/Em-trak_Product_Datasheet_BT100.pdf\">BROSZURA<\/a>\n<\/p>\n<ul>\n<li>\n<p>        <img decoding=\"async\" src=\"wp-content\/uploads\/BT100-front-1.png\" alt=\"\"><\/p>\n<\/li>\n<li>\n<p>        <img decoding=\"async\" src=\"wp-content\/uploads\/BT100-cradle.png\" alt=\"\"><\/p>\n<\/li>\n<\/ul>\n<ul>\n<li>\n<h3>Cechy<\/h3>\n<div>\n<ul>\n<li>Globalnie certyfikowany AIS Aids to Navigation Transponder typu 1<\/li>\n<li>Proste w konfiguracji i u\u017cytkowaniu &#8211; automatycznie w\u0142\u0105cza si\u0119 po zamocowaniu w uchwycie do boi<\/li>\n<li>Precyzyjna lokalizacja i identyfikacja boi wy\u015bwietlana na istniej\u0105cych mapach nawigacyjnych w czasie rzeczywistym za pomoc\u0105 AIS<\/li>\n<li>120 godzin pracy pomi\u0119dzy \u0142adowaniami &#8211; wewn\u0119trzne \u0142adowanie akumulator\u00f3w za pomoc\u0105 do\u0142\u0105czonego do zestawu doku\u00a0 w ci\u0105gu 5 godzin<\/li>\n<li>IPx8 odporny na d\u0142ugotrwa\u0142\u0105 prac\u0119 na morzu nawet w najtrudniejszych warunkach pogodowych<\/li>\n<\/ul>\n<\/div>\n<\/li>\n<li>\n<h3>Specyfikacja<\/h3>\n<div>\n<p>SPECYFIKACJA FIZYCZNA I \u015aRODOWISKOWA<br \/>Wielko\u015b\u0107 (wys. x szer.) &#8211; 370 x 67 mm<br \/>Waga &#8211; 355g<br \/>Temperatura pracy &#8211; -25\u00b0C do +55\u00b0C<br \/>Temperatura przechowywania &#8211; -25\u00b0C do +70\u00b0C<br \/>Stopie\u0144 ochrony &#8211; IPx6 i IPx8<\/p>\n<p>SPECYFIKACJA ELEKTRYCZNA<br \/>Pojemno\u015b\u0107 akumulatora &#8211; 2300mAh<br \/>Typ akumulatora &#8211; 3,7 V Li-Ion \u0142adowalny<br \/>\u017bywotno\u015b\u0107 baterii (domy\u015blne warunki pracy) &#8211; 120 godzin<\/p>\n<p>PRZESTRZEGANIE STANDARD\u00d3W<br \/>Normy AIS &#8211; IEC 692320-2 Ed. 2<br \/>Normy bezpiecze\u0144stwa wyrob\u00f3w &#8211; EN60950-1 2006 +A11:2009 +A1:2010 +A12:2011 +A2:2013<br \/>Normy \u015brodowiskowe &#8211; IEC 60945 Ed. 4<br \/>Normy dzia\u0142ania GNSS &#8211; IEC 61108-1 Ed 2.0<\/p>\n<p>GNSS<br \/>Obs\u0142ugiwane systemy &#8211; GPS<br \/>Kana\u0142y &#8211; 50<br \/>Antena wewn\u0119trzna\/zewn\u0119trzna &#8211; Tylko wewn\u0119trzna<br \/>Czas na pierwsz\u0105 napraw\u0119 od zimnego startu &#8211; 37s<\/p>\n<p>VHF NADAWCZO-ODBIORCZY<br \/>System dost\u0119pu VDL &#8211; FATDMA<br \/>Cz\u0119stotliwo\u015b\u0107 pracy &#8211; 156,025MHz &#8211; 162,025MHz<br \/>Szeroko\u015b\u0107 pasma kana\u0142u &#8211; 25kHz<br \/>Odbiorniki\/ nadajniki &#8211; 1 x nadajnik<br \/>Moc nadajnika AIS &#8211; 1W (30dBm wypromieniowana)<\/p>\n<p>INTERFEJS U\u017bYTKOWNIK\u00d3W<br \/>Przyciski &#8211; SOS<br \/>Wska\u017aniki &#8211; Wska\u017anik stanu<\/p>\n<p>\u0141ADOWANIE DOKU<br \/>Wielko\u015b\u0107 (wys. x szer. x g\u0142.) &#8211; 110 mm x 120 mm x 78 mm<br \/>Waga &#8211; 360g<br \/>Zasilanie &#8211; 115V \/ 240V AC<\/p>\n<p>DOK KONFIGURACYJNY<br \/>Wielko\u015b\u0107 (wys. x szer. x g\u0142.) &#8211; 110 mm x 120 mm x 78 mm<br \/>Waga &#8211; 360g<br \/>Zasilanie &#8211; 115V \/ 240V AC<br \/>Interfejs PC &#8211; USB (kabel w zestawie)<\/p>\n<\/div>\n<\/li>\n<li>\n<h3>W zestawie <\/h3>\n<div>\n<ul>\n<li>1 x AIS Transceiver<\/li>\n<\/ul>\n<\/div>\n<\/li>\n<\/ul>\n<p><!-- {\"type\":\"layout\",\"children\":[{\"type\":\"section\",\"props\":{\"style\":\"default\",\"width\":\"default\",\"vertical_align\":\"middle\",\"title_position\":\"top-left\",\"title_rotation\":\"left\",\"title_breakpoint\":\"xl\",\"image_position\":\"center-center\",\"text_color\":\"\",\"width_expand\":\"\",\"height\":\"\",\"padding\":\"\",\"header_transparent\":\"\",\"animation\":\"\"},\"children\":[{\"type\":\"row\",\"props\":{\"layout\":\"1-1\",\"breakpoint\":\"m\",\"fixed_width\":\"large\",\"gutter\":\"\",\"width\":\"\",\"width_expand\":\"\",\"height\":\"\",\"margin\":\"\"},\"children\":[{\"type\":\"column\",\"props\":{\"widths\":[\"1-1\"],\"image_position\":\"center-center\",\"media_overlay_gradient\":\"\",\"vertical_align\":\"\",\"style\":\"\",\"text_color\":\"\",\"padding\":\"\"},\"children\":[{\"type\":\"headline\",\"props\":{\"title_element\":\"h1\",\"title_style\":\"\",\"title_decoration\":\"\",\"title_color\":\"\",\"text_align\":\"\",\"text_align_breakpoint\":\"\",\"text_align_fallback\":\"\",\"maxwidth\":\"\",\"maxwidth_align\":\"\",\"maxwidth_breakpoint\":\"\",\"margin\":\"\",\"animation\":\"\",\"visibility\":\"\",\"content\":\"\n\n<h2 class=\\\"uk-article-title\\\">Urz\\u0105dzenie do \\u015bledzenia p\\u0142aw EM-TRAK BT100<\\\/h2>\"}},{\"type\":\"divider\",\"props\":{\"divider_element\":\"hr\",\"divider_style\":\"\",\"divider_align\":\"\",\"divider_align_breakpoint\":\"\",\"divider_align_fallback\":\"\",\"maxwidth\":\"\",\"maxwidth_align\":\"\",\"maxwidth_breakpoint\":\"\",\"margin\":\"\",\"animation\":\"\",\"visibility\":\"\"}}]}]}]},{\"type\":\"section\",\"props\":{\"style\":\"muted\",\"width\":\"default\",\"vertical_align\":\"middle\",\"title_position\":\"top-left\",\"title_rotation\":\"left\",\"title_breakpoint\":\"xl\",\"image_position\":\"center-center\",\"text_color\":\"\",\"width_expand\":\"\",\"height\":\"\",\"padding\":\"\",\"header_transparent\":\"\",\"animation\":\"\"},\"children\":[{\"type\":\"row\",\"props\":{\"layout\":\",\",\"breakpoint\":\"m\",\"fixed_width\":\"large\",\"gutter\":\"\",\"width\":\"\",\"width_expand\":\"\",\"height\":\"\",\"margin\":\"\"},\"children\":[{\"type\":\"column\",\"props\":{\"widths\":[\"\"],\"image_position\":\"center-center\",\"media_overlay_gradient\":\"\",\"vertical_align\":\"\",\"style\":\"\",\"text_color\":\"\",\"padding\":\"\"},\"children\":[{\"type\":\"text\",\"props\":{\"margin\":\"default\",\"column_breakpoint\":\"m\",\"text_style\":\"\",\"text_color\":\"\",\"text_size\":\"\",\"column\":\"\",\"text_align\":\"\",\"text_align_breakpoint\":\"\",\"text_align_fallback\":\"\",\"maxwidth\":\"\",\"maxwidth_align\":\"\",\"maxwidth_breakpoint\":\"\",\"animation\":\"\",\"visibility\":\"\",\"content\":\"\n\n<p>CERTYFIKOWANE URZ\\u0104DZENIE \\u015aLEDZ\\u0104CE P\\u0141AWY RYBACKIE<\\\/p>\\n\n\n<p>SERIA BT100\\u00a0 Fishing Buoy Tracker BT100<\\\/p>\\n\n\n<p>BUOY-Tracker to zaprojektowany i certyfikowany transponder AIS do oznaczania i lokalizowania boi. Umo\\u017cliwia on precyzyjne \\u015bledzenie, lokalizowanie i zabezpieczanie boi i sprz\\u0119tu za pomoc\\u0105 istniej\\u0105cego na pok\\u0142adzie komunikatu AIS, kt\\u00f3ry jest wy\\u015bwietlany jako ikona boi na wszystkich wy\\u015bwietlaczach nawigacyjnych.<\\\/p>\\n\n\n<p>BUOY-Tracker jest odporny na ci\\u0105g\\u0142e u\\u017cytkowanie komercyjne i zasilany przez w\\u0142asn\\u0105 bateri\\u0119 wewn\\u0119trzn\\u0105, kt\\u00f3ra jest \\u0142atwo \\u0142adowana za pomoc\\u0105 stacji dokuj\\u0105cej i b\\u0119dzie dzia\\u0142a\\u0107 nieprzerwanie przez 5 dni pomi\\u0119dzy kolejnymi \\u0142adowaniami.<\\\/p>\\n\n\n<p><br \\\/>UWAGA: do obs\\u0142ugi urz\\u0105dzenia BUOY-Tracker potrzebny jest uchwyt i \\u0142adowarka. Przed u\\u017cyciem BUOY-Tracker musi by\\u0107 zaprogramowany, a do wykonania tego \\u0107wiczenia potrzebny jest stacja dokuj\\u0105ca. Docisk Programistyczny mo\\u017ce by\\u0107 u\\u017cywany do programowania wielu urz\\u0105dze\\u0144 BUOY-Tracker i dzia\\u0142a r\\u00f3wnie\\u017c jako \\u0142adowarka. BUOY-Tracker jest u\\u017cywany na ca\\u0142ym \\u015bwiecie w r\\u00f3\\u017cnych aplikacjach, a akcesoria em-tracker\\u00f3w pozwalaj\\u0105 na stworzenie w\\u0142asnej kombinacji BUOY-Tracker\\u00f3w, \\u0142adowarek i wspornik\\u00f3w odpowiednich dla Twoich indywidualnych potrzeb.<\\\/p>\\n\n\n<p>\\u00a0<\\\/p>\\n\n\n<p>\\u00a0<\\\/p>\"}},{\"type\":\"button\",\"props\":{\"gutter\":\"small\",\"margin\":\"default\",\"button_size\":\"\",\"text_align\":\"center\",\"text_align_breakpoint\":\"\",\"text_align_fallback\":\"\",\"maxwidth\":\"\",\"maxwidth_align\":\"\",\"maxwidth_breakpoint\":\"\",\"animation\":\"\",\"visibility\":\"\"},\"children\":[{\"type\":\"button_item\",\"props\":{\"button_style\":\"default\",\"icon_align\":\"left\",\"link_target\":\"\",\"content\":\"BROSZURA\",\"link\":\"wp-content\\\/uploads\\\/Em-trak_Product_Datasheet_BT100.pdf\"}}]}]},{\"type\":\"column\",\"props\":{\"widths\":[\"\"],\"image_position\":\"center-center\",\"media_overlay_gradient\":\"\",\"vertical_align\":\"\",\"style\":\"\",\"text_color\":\"\",\"padding\":\"\"},\"children\":[{\"type\":\"slideshow\",\"props\":{\"show_title\":true,\"show_meta\":true,\"show_content\":true,\"show_link\":true,\"show_thumbnail\":true,\"slideshow_min_height\":300,\"slideshow_autoplay_pause\":true,\"nav\":\"dotnav\",\"nav_position\":\"bottom-center\",\"nav_position_margin\":\"medium\",\"nav_align\":\"center\",\"nav_breakpoint\":\"s\",\"thumbnav_width\":\"100\",\"thumbnav_height\":\"75\",\"slidenav\":\"default\",\"slidenav_margin\":\"medium\",\"slidenav_breakpoint\":\"s\",\"slidenav_outside_breakpoint\":\"xl\",\"overlay_position\":\"center-left\",\"overlay_animation\":\"parallax\",\"title_element\":\"h3\",\"meta_style\":\"meta\",\"meta_align\":\"bottom\",\"link_text\":\"Read more\",\"link_style\":\"default\",\"margin\":\"default\",\"slideshow_height\":\"percent\",\"text_color\":\"\",\"slideshow_box_shadow\":\"\",\"slideshow_box_decoration\":\"\",\"slideshow_animation\":\"\",\"slideshow_kenburns\":\"\",\"nav_margin\":\"\",\"nav_color\":\"\",\"slidenav_outside_color\":\"\",\"overlay_container\":\"\",\"overlay_container_padding\":\"\",\"overlay_margin\":\"\",\"overlay_style\":\"\",\"overlay_padding\":\"\",\"overlay_width\":\"\",\"title_style\":\"\",\"title_decoration\":\"\",\"title_color\":\"\",\"meta_color\":\"\",\"meta_margin\":\"\",\"content_style\":\"\",\"link_size\":\"\",\"text_align\":\"\",\"text_align_breakpoint\":\"\",\"text_align_fallback\":\"\",\"maxwidth\":\"\",\"maxwidth_align\":\"\",\"maxwidth_breakpoint\":\"\",\"animation\":\"\",\"visibility\":\"\"},\"children\":[{\"type\":\"slideshow_item\",\"props\":{\"text_color\":\"\",\"image\":\"wp-content\\\/uploads\\\/BT100-front-1.png\"}},{\"type\":\"slideshow_item\",\"props\":{\"text_color\":\"\",\"image\":\"wp-content\\\/uploads\\\/BT100-cradle.png\"}}]}]}]}]},{\"type\":\"section\",\"props\":{\"style\":\"default\",\"width\":\"default\",\"vertical_align\":\"middle\",\"title_position\":\"top-left\",\"title_rotation\":\"left\",\"title_breakpoint\":\"xl\",\"image_position\":\"center-center\",\"text_color\":\"\",\"width_expand\":\"\",\"height\":\"\",\"padding\":\"\",\"header_transparent\":\"\",\"animation\":\"\"},\"children\":[{\"type\":\"row\",\"props\":{\"layout\":\"1-1\",\"breakpoint\":\"m\",\"fixed_width\":\"large\",\"gutter\":\"\",\"width\":\"\",\"width_expand\":\"\",\"height\":\"\",\"margin\":\"\"},\"children\":[{\"type\":\"column\",\"props\":{\"widths\":[\"1-1\"],\"image_position\":\"center-center\",\"media_overlay_gradient\":\"\",\"vertical_align\":\"\",\"style\":\"\",\"text_color\":\"\",\"padding\":\"\"},\"children\":[{\"type\":\"switcher\",\"props\":{\"show_title\":true,\"show_meta\":true,\"show_content\":true,\"show_image\":true,\"show_link\":true,\"show_label\":true,\"show_thumbnail\":true,\"switcher_style\":\"tab\",\"switcher_position\":\"top\",\"switcher_align\":\"left\",\"switcher_grid_width\":\"auto\",\"switcher_breakpoint\":\"m\",\"switcher_animation\":\"fade\",\"switcher_height\":true,\"title_element\":\"h3\",\"meta_style\":\"meta\",\"meta_align\":\"bottom\",\"image_align\":\"top\",\"image_grid_width\":\"1-2\",\"image_breakpoint\":\"m\",\"switcher_thumbnail_width\":\"100\",\"switcher_thumbnail_height\":\"75\",\"link_text\":\"Read more\",\"link_style\":\"default\",\"margin\":\"default\",\"switcher_margin\":\"\",\"switcher_gutter\":\"\",\"title_style\":\"\",\"title_decoration\":\"\",\"title_color\":\"\",\"meta_color\":\"\",\"meta_margin\":\"\",\"content_style\":\"\",\"image_border\":\"\",\"image_box_shadow\":\"\",\"image_box_decoration\":\"\",\"image_gutter\":\"\",\"link_size\":\"\",\"text_align\":\"\",\"text_align_breakpoint\":\"\",\"text_align_fallback\":\"\",\"maxwidth\":\"\",\"maxwidth_align\":\"\",\"maxwidth_breakpoint\":\"\",\"animation\":\"\",\"visibility\":\"\"},\"children\":[{\"type\":\"switcher_item\",\"props\":{\"title\":\"Cechy\",\"content\":\"\n\n<ul>\\n\n\n<li>Globalnie certyfikowany AIS Aids to Navigation Transponder typu 1<\\\/li>\\n\n\n<li>Proste w konfiguracji i u\\u017cytkowaniu - automatycznie w\\u0142\\u0105cza si\\u0119 po zamocowaniu w uchwycie do boi<\\\/li>\\n\n\n<li>Precyzyjna lokalizacja i identyfikacja boi wy\\u015bwietlana na istniej\\u0105cych mapach nawigacyjnych w czasie rzeczywistym za pomoc\\u0105 AIS<\\\/li>\\n\n\n<li>120 godzin pracy pomi\\u0119dzy \\u0142adowaniami - wewn\\u0119trzne \\u0142adowanie akumulator\\u00f3w za pomoc\\u0105 do\\u0142\\u0105czonego do zestawu doku\\u00a0 w ci\\u0105gu 5 godzin<\\\/li>\\n\n\n<li>IPx8 odporny na d\\u0142ugotrwa\\u0142\\u0105 prac\\u0119 na morzu nawet w najtrudniejszych warunkach pogodowych<\\\/li>\\n<\\\/ul>\"}},{\"type\":\"switcher_item\",\"props\":{\"title\":\"Specyfikacja\",\"content\":\"\n\n<p>SPECYFIKACJA FIZYCZNA I \\u015aRODOWISKOWA<br \\\/>Wielko\\u015b\\u0107 (wys. x szer.) - 370 x 67 mm<br \\\/>Waga - 355g<br \\\/>Temperatura pracy - -25\\u00b0C do +55\\u00b0C<br \\\/>Temperatura przechowywania - -25\\u00b0C do +70\\u00b0C<br \\\/>Stopie\\u0144 ochrony - IPx6 i IPx8<\\\/p>\\n\n\n<p>SPECYFIKACJA ELEKTRYCZNA<br \\\/>Pojemno\\u015b\\u0107 akumulatora - 2300mAh<br \\\/>Typ akumulatora - 3,7 V Li-Ion \\u0142adowalny<br \\\/>\\u017bywotno\\u015b\\u0107 baterii (domy\\u015blne warunki pracy) - 120 godzin<\\\/p>\\n\n\n<p>PRZESTRZEGANIE STANDARD\\u00d3W<br \\\/>Normy AIS - IEC 692320-2 Ed. 2<br \\\/>Normy bezpiecze\\u0144stwa wyrob\\u00f3w - EN60950-1 2006 +A11:2009 +A1:2010 +A12:2011 +A2:2013<br \\\/>Normy \\u015brodowiskowe - IEC 60945 Ed. 4<br \\\/>Normy dzia\\u0142ania GNSS - IEC 61108-1 Ed 2.0<\\\/p>\\n\n\n<p>GNSS<br \\\/>Obs\\u0142ugiwane systemy - GPS<br \\\/>Kana\\u0142y - 50<br \\\/>Antena wewn\\u0119trzna\\\/zewn\\u0119trzna - Tylko wewn\\u0119trzna<br \\\/>Czas na pierwsz\\u0105 napraw\\u0119 od zimnego startu - 37s<\\\/p>\\n\n\n<p>VHF NADAWCZO-ODBIORCZY<br \\\/>System dost\\u0119pu VDL - FATDMA<br \\\/>Cz\\u0119stotliwo\\u015b\\u0107 pracy - 156,025MHz - 162,025MHz<br \\\/>Szeroko\\u015b\\u0107 pasma kana\\u0142u - 25kHz<br \\\/>Odbiorniki\\\/ nadajniki - 1 x nadajnik<br \\\/>Moc nadajnika AIS - 1W (30dBm wypromieniowana)<\\\/p>\\n\n\n<p>INTERFEJS U\\u017bYTKOWNIK\\u00d3W<br \\\/>Przyciski - SOS<br \\\/>Wska\\u017aniki - Wska\\u017anik stanu<\\\/p>\\n\n\n<p>\\u0141ADOWANIE DOKU<br \\\/>Wielko\\u015b\\u0107 (wys. x szer. x g\\u0142.) - 110 mm x 120 mm x 78 mm<br \\\/>Waga - 360g<br \\\/>Zasilanie - 115V \\\/ 240V AC<\\\/p>\\n\n\n<p>DOK KONFIGURACYJNY<br \\\/>Wielko\\u015b\\u0107 (wys. x szer. x g\\u0142.) - 110 mm x 120 mm x 78 mm<br \\\/>Waga - 360g<br \\\/>Zasilanie - 115V \\\/ 240V AC<br \\\/>Interfejs PC - USB (kabel w zestawie)<\\\/p>\"}},{\"type\":\"switcher_item\",\"props\":{\"title\":\"W zestawie \",\"content\":\"\n\n<ul>\\n\n\n<li>1 x AIS Transceiver<\\\/li>\\n<\\\/ul>\"}}]}]}]}]}]} --><\/p>\n","protected":false},"excerpt":{"rendered":"<p>Urz\u0105dzenie do \u015bledzenia p\u0142aw EM-TRAK BT100 CERTYFIKOWANE URZ\u0104DZENIE \u015aLEDZ\u0104CE P\u0141AWY RYBACKIE SERIA BT100\u00a0 Fishing Buoy Tracker BT100 BUOY-Tracker to zaprojektowany i certyfikowany transponder AIS do oznaczania i lokalizowania boi. Umo\u017cliwia on precyzyjne \u015bledzenie, lokalizowanie i zabezpieczanie boi i sprz\u0119tu za pomoc\u0105 istniej\u0105cego na pok\u0142adzie komunikatu AIS, kt\u00f3ry jest wy\u015bwietlany jako ikona boi na wszystkich wy\u015bwietlaczach [&hellip;]<\/p>\n","protected":false},"author":10,"featured_media":0,"parent":0,"menu_order":0,"comment_status":"closed","ping_status":"closed","template":"","meta":{"footnotes":""},"class_list":["post-7921","page","type-page","status-publish","hentry"],"yoast_head":"<!-- This site is optimized with the Yoast SEO plugin v27.6 - https:\/\/yoast.com\/product\/yoast-seo-wordpress\/ -->\n<title>Urz\u0105dzenie do \u015bledzenia p\u0142aw EM-TRAK BT100 - ESCORT TECHNOLOGY<\/title>\n<meta name=\"robots\" content=\"index, follow, max-snippet:-1, max-image-preview:large, max-video-preview:-1\" \/>\n<link rel=\"canonical\" href=\"http:\/\/escort-technology.com\/en\/de\/urzadzenie-do-sledzenia-plaw-em-trak-bt100\/\" \/>\n<meta property=\"og:locale\" content=\"en_US\" \/>\n<meta property=\"og:type\" content=\"article\" \/>\n<meta property=\"og:title\" content=\"Urz\u0105dzenie do \u015bledzenia p\u0142aw EM-TRAK BT100 - ESCORT TECHNOLOGY\" \/>\n<meta property=\"og:description\" content=\"Urz\u0105dzenie do \u015bledzenia p\u0142aw EM-TRAK BT100 CERTYFIKOWANE URZ\u0104DZENIE \u015aLEDZ\u0104CE P\u0141AWY RYBACKIE SERIA BT100\u00a0 Fishing Buoy Tracker BT100 BUOY-Tracker to zaprojektowany i certyfikowany transponder AIS do oznaczania i lokalizowania boi. Umo\u017cliwia on precyzyjne \u015bledzenie, lokalizowanie i zabezpieczanie boi i sprz\u0119tu za pomoc\u0105 istniej\u0105cego na pok\u0142adzie komunikatu AIS, kt\u00f3ry jest wy\u015bwietlany jako ikona boi na wszystkich wy\u015bwietlaczach [&hellip;]\" \/>\n<meta property=\"og:url\" content=\"http:\/\/escort-technology.com\/en\/de\/urzadzenie-do-sledzenia-plaw-em-trak-bt100\/\" \/>\n<meta property=\"og:site_name\" content=\"ESCORT TECHNOLOGY\" \/>\n<meta property=\"article:publisher\" content=\"https:\/\/www.facebook.com\/elektronika.morska\/\" \/>\n<meta property=\"article:modified_time\" content=\"2020-11-25T12:57:18+00:00\" \/>\n<meta property=\"og:image\" content=\"http:\/\/wp-content\/uploads\/BT100-front-1.png\" \/>\n<meta name=\"twitter:card\" content=\"summary_large_image\" \/>\n<meta name=\"twitter:label1\" content=\"Est. reading time\" \/>\n\t<meta name=\"twitter:data1\" content=\"2 minutes\" \/>\n<script type=\"application\/ld+json\" class=\"yoast-schema-graph\">{\"@context\":\"https:\\\/\\\/schema.org\",\"@graph\":[{\"@type\":\"WebPage\",\"@id\":\"http:\\\/\\\/escort-technology.com\\\/de\\\/urzadzenie-do-sledzenia-plaw-em-trak-bt100\\\/\",\"url\":\"http:\\\/\\\/escort-technology.com\\\/de\\\/urzadzenie-do-sledzenia-plaw-em-trak-bt100\\\/\",\"name\":\"Urz\u0105dzenie do \u015bledzenia p\u0142aw EM-TRAK BT100 - ESCORT TECHNOLOGY\",\"isPartOf\":{\"@id\":\"http:\\\/\\\/escort-technology.com\\\/de\\\/#website\"},\"datePublished\":\"2020-11-25T12:36:39+00:00\",\"dateModified\":\"2020-11-25T12:57:18+00:00\",\"breadcrumb\":{\"@id\":\"http:\\\/\\\/escort-technology.com\\\/de\\\/urzadzenie-do-sledzenia-plaw-em-trak-bt100\\\/#breadcrumb\"},\"inLanguage\":\"en-US\",\"potentialAction\":[{\"@type\":\"ReadAction\",\"target\":[\"http:\\\/\\\/escort-technology.com\\\/de\\\/urzadzenie-do-sledzenia-plaw-em-trak-bt100\\\/\"]}]},{\"@type\":\"BreadcrumbList\",\"@id\":\"http:\\\/\\\/escort-technology.com\\\/de\\\/urzadzenie-do-sledzenia-plaw-em-trak-bt100\\\/#breadcrumb\",\"itemListElement\":[{\"@type\":\"ListItem\",\"position\":1,\"name\":\"Strona g\u0142\u00f3wna\",\"item\":\"https:\\\/\\\/escort-technology.com\\\/\"},{\"@type\":\"ListItem\",\"position\":2,\"name\":\"Urz\u0105dzenie do \u015bledzenia p\u0142aw EM-TRAK BT100\"}]},{\"@type\":\"WebSite\",\"@id\":\"http:\\\/\\\/escort-technology.com\\\/de\\\/#website\",\"url\":\"http:\\\/\\\/escort-technology.com\\\/de\\\/\",\"name\":\"ESCORT TECHNOLOGY\",\"description\":\"Elektronika morska i l\u0105dowa\",\"publisher\":{\"@id\":\"http:\\\/\\\/escort-technology.com\\\/de\\\/#organization\"},\"potentialAction\":[{\"@type\":\"SearchAction\",\"target\":{\"@type\":\"EntryPoint\",\"urlTemplate\":\"http:\\\/\\\/escort-technology.com\\\/de\\\/?s={search_term_string}\"},\"query-input\":{\"@type\":\"PropertyValueSpecification\",\"valueRequired\":true,\"valueName\":\"search_term_string\"}}],\"inLanguage\":\"en-US\"},{\"@type\":\"Organization\",\"@id\":\"http:\\\/\\\/escort-technology.com\\\/de\\\/#organization\",\"name\":\"ESCORT TECHNOLOGY\",\"url\":\"http:\\\/\\\/escort-technology.com\\\/de\\\/\",\"logo\":{\"@type\":\"ImageObject\",\"inLanguage\":\"en-US\",\"@id\":\"http:\\\/\\\/escort-technology.com\\\/de\\\/#\\\/schema\\\/logo\\\/image\\\/\",\"url\":\"https:\\\/\\\/escort-technology.com\\\/wp-content\\\/uploads\\\/logo-1.jpg\",\"contentUrl\":\"https:\\\/\\\/escort-technology.com\\\/wp-content\\\/uploads\\\/logo-1.jpg\",\"width\":600,\"height\":165,\"caption\":\"ESCORT TECHNOLOGY\"},\"image\":{\"@id\":\"http:\\\/\\\/escort-technology.com\\\/de\\\/#\\\/schema\\\/logo\\\/image\\\/\"},\"sameAs\":[\"https:\\\/\\\/www.facebook.com\\\/elektronika.morska\\\/\",\"https:\\\/\\\/www.linkedin.com\\\/company\\\/escort-sp-z-o-o-\\\/\"]}]}<\/script>\n<!-- \/ Yoast SEO plugin. -->","yoast_head_json":{"title":"Urz\u0105dzenie do \u015bledzenia p\u0142aw EM-TRAK BT100 - ESCORT TECHNOLOGY","robots":{"index":"index","follow":"follow","max-snippet":"max-snippet:-1","max-image-preview":"max-image-preview:large","max-video-preview":"max-video-preview:-1"},"canonical":"http:\/\/escort-technology.com\/en\/de\/urzadzenie-do-sledzenia-plaw-em-trak-bt100\/","og_locale":"en_US","og_type":"article","og_title":"Urz\u0105dzenie do \u015bledzenia p\u0142aw EM-TRAK BT100 - ESCORT TECHNOLOGY","og_description":"Urz\u0105dzenie do \u015bledzenia p\u0142aw EM-TRAK BT100 CERTYFIKOWANE URZ\u0104DZENIE \u015aLEDZ\u0104CE P\u0141AWY RYBACKIE SERIA BT100\u00a0 Fishing Buoy Tracker BT100 BUOY-Tracker to zaprojektowany i certyfikowany transponder AIS do oznaczania i lokalizowania boi. Umo\u017cliwia on precyzyjne \u015bledzenie, lokalizowanie i zabezpieczanie boi i sprz\u0119tu za pomoc\u0105 istniej\u0105cego na pok\u0142adzie komunikatu AIS, kt\u00f3ry jest wy\u015bwietlany jako ikona boi na wszystkich wy\u015bwietlaczach [&hellip;]","og_url":"http:\/\/escort-technology.com\/en\/de\/urzadzenie-do-sledzenia-plaw-em-trak-bt100\/","og_site_name":"ESCORT TECHNOLOGY","article_publisher":"https:\/\/www.facebook.com\/elektronika.morska\/","article_modified_time":"2020-11-25T12:57:18+00:00","og_image":[{"url":"wp-content\/uploads\/BT100-front-1.png","type":"","width":"","height":""}],"twitter_card":"summary_large_image","twitter_misc":{"Est. reading time":"2 minutes"},"schema":{"@context":"https:\/\/schema.org","@graph":[{"@type":"WebPage","@id":"http:\/\/escort-technology.com\/de\/urzadzenie-do-sledzenia-plaw-em-trak-bt100\/","url":"http:\/\/escort-technology.com\/de\/urzadzenie-do-sledzenia-plaw-em-trak-bt100\/","name":"Urz\u0105dzenie do \u015bledzenia p\u0142aw EM-TRAK BT100 - ESCORT TECHNOLOGY","isPartOf":{"@id":"http:\/\/escort-technology.com\/de\/#website"},"datePublished":"2020-11-25T12:36:39+00:00","dateModified":"2020-11-25T12:57:18+00:00","breadcrumb":{"@id":"http:\/\/escort-technology.com\/de\/urzadzenie-do-sledzenia-plaw-em-trak-bt100\/#breadcrumb"},"inLanguage":"en-US","potentialAction":[{"@type":"ReadAction","target":["http:\/\/escort-technology.com\/de\/urzadzenie-do-sledzenia-plaw-em-trak-bt100\/"]}]},{"@type":"BreadcrumbList","@id":"http:\/\/escort-technology.com\/de\/urzadzenie-do-sledzenia-plaw-em-trak-bt100\/#breadcrumb","itemListElement":[{"@type":"ListItem","position":1,"name":"Strona g\u0142\u00f3wna","item":"https:\/\/escort-technology.com\/"},{"@type":"ListItem","position":2,"name":"Urz\u0105dzenie do \u015bledzenia p\u0142aw EM-TRAK BT100"}]},{"@type":"WebSite","@id":"http:\/\/escort-technology.com\/de\/#website","url":"http:\/\/escort-technology.com\/de\/","name":"ESCORT TECHNOLOGY","description":"Onshore and offshore electronics","publisher":{"@id":"http:\/\/escort-technology.com\/de\/#organization"},"potentialAction":[{"@type":"SearchAction","target":{"@type":"EntryPoint","urlTemplate":"http:\/\/escort-technology.com\/de\/?s={search_term_string}"},"query-input":{"@type":"PropertyValueSpecification","valueRequired":true,"valueName":"search_term_string"}}],"inLanguage":"en-US"},{"@type":"Organization","@id":"http:\/\/escort-technology.com\/de\/#organization","name":"ESCORT TECHNOLOGY","url":"http:\/\/escort-technology.com\/de\/","logo":{"@type":"ImageObject","inLanguage":"en-US","@id":"http:\/\/escort-technology.com\/de\/#\/schema\/logo\/image\/","url":"https:\/\/escort-technology.com\/wp-content\/uploads\/logo-1.jpg","contentUrl":"https:\/\/escort-technology.com\/wp-content\/uploads\/logo-1.jpg","width":600,"height":165,"caption":"ESCORT TECHNOLOGY"},"image":{"@id":"http:\/\/escort-technology.com\/de\/#\/schema\/logo\/image\/"},"sameAs":["https:\/\/www.facebook.com\/elektronika.morska\/","https:\/\/www.linkedin.com\/company\/escort-sp-z-o-o-\/"]}]}},"_links":{"self":[{"href":"https:\/\/escort-technology.com\/en\/wp-json\/wp\/v2\/pages\/7921","targetHints":{"allow":["GET"]}}],"collection":[{"href":"https:\/\/escort-technology.com\/en\/wp-json\/wp\/v2\/pages"}],"about":[{"href":"https:\/\/escort-technology.com\/en\/wp-json\/wp\/v2\/types\/page"}],"author":[{"embeddable":true,"href":"https:\/\/escort-technology.com\/en\/wp-json\/wp\/v2\/users\/10"}],"replies":[{"embeddable":true,"href":"https:\/\/escort-technology.com\/en\/wp-json\/wp\/v2\/comments?post=7921"}],"version-history":[{"count":5,"href":"https:\/\/escort-technology.com\/en\/wp-json\/wp\/v2\/pages\/7921\/revisions"}],"predecessor-version":[{"id":7931,"href":"https:\/\/escort-technology.com\/en\/wp-json\/wp\/v2\/pages\/7921\/revisions\/7931"}],"wp:attachment":[{"href":"https:\/\/escort-technology.com\/en\/wp-json\/wp\/v2\/media?parent=7921"}],"curies":[{"name":"wp","href":"https:\/\/api.w.org\/{rel}","templated":true}]}}