{"id":7937,"date":"2020-11-25T14:32:33","date_gmt":"2020-11-25T13:32:33","guid":{"rendered":"https:\/\/escort-technology.com\/?page_id=7937"},"modified":"2021-05-07T09:48:53","modified_gmt":"2021-05-07T07:48:53","slug":"transponder-ais-icom-ma-510tr","status":"publish","type":"page","link":"https:\/\/escort-technology.com\/en\/transponder-ais-icom-ma-510tr\/","title":{"rendered":"Transponder AIS ICOM MA-510TR"},"content":{"rendered":"<h1>Transponder AIS klasy B ICOM MA-510TR<\/h1>\n<hr>\n<div>\n<h2>\u00a0<\/h2>\n<h2>\u00a0<\/h2>\n<h2>TRANSPONDER KLASY B AIS<br \/>MA-510TR<\/h2>\n<h3>Transponder AIS klasy B z<br \/>Szerokok\u0105tnym, kolorowym wy\u015bwietlaczem TFT LCD<br \/>Odbieranie sygna\u0142\u00f3w AIS klasy A i B<\/h3>\n<\/div>\n<p>\n    <a href=\"\/wp-content\/uploads\/MA-510TR-1PL.pdf\">BROSZURA<\/a>\n<\/p>\n<p><img decoding=\"async\" src=\"\/wp-content\/uploads\/20200703084217_90731.png\" alt=\"\"><\/p>\n<div>\n<h2>CECHY:\u00a0<\/h2>\n<h3>Korzy\u015bci p\u0142yn\u0105ce z AIS (system automatycznej identyfikacji)<\/h3>\n<p>Transponder AIS na Pa\u0144stwa statku automatycznie odbiera informacje nadawane przez inne stacje p\u0142ywaj\u0105ce i bazowe wyposa\u017cone w system AIS, a wszystko to podczas przesy\u0142ania statycznych i dynamicznych informacji o Pa\u0144stwa statku. Za pomoc\u0105 transpondera AIS mo\u017cna znale\u017a\u0107 ma\u0142e \u0142odzie i boje wyposa\u017cone w system AIS, kt\u00f3re s\u0105 trudne do wykrycia za pomoc\u0105 radaru morskiego. MA-510TR mo\u017ce odbiera\u0107 zar\u00f3wno sygna\u0142y AIS klasy A jak i B, co zwi\u0119ksza bezpiecze\u0144stwo na morzu.<\/p>\n<h3>4,3-calowy wy\u015bwietlacz TFT LCD typu Color<\/h3>\n<p>Szeroki, 4,3-calowy, kolorowy wy\u015bwietlacz TFT o wysokiej rozdzielczo\u015bci wyra\u017anie pokazuje pozycj\u0119 Pa\u0144stwa i innych statk\u00f3w. Potencjalnie niebezpieczne statki s\u0105 wy\u015bwietlane na czerwono, a statki zarejestrowane jako wasi przyjaciele na \u017c\u00f3\u0142to. Wy\u015bwietlacz w trybie dziennym jest czytelny w bezpo\u015brednim \u015bwietle s\u0142onecznym, a wy\u015bwietlacz w trybie nocnym zapewnia dobr\u0105 czytelno\u015b\u0107 w ciemno\u015bci dla dalszej wygody.<\/p>\n<h3>Lista docelowa i dane szczeg\u00f3\u0142owe AIS<\/h3>\n<p>Ekran listy &#8222;Cel&#8221; pokazuje wszystkie wykryte statki i cele wyposa\u017cone w AIS. Ekran listy &#8222;Niebezpiecze\u0144stwo&#8221; przedstawia list\u0119 statk\u00f3w znajduj\u0105cych si\u0119 w promieniu sze\u015bciu mil morskich od najbli\u017cszego punktu podej\u015bcia (CPA) oraz sze\u015b\u0107dziesi\u0119ciu minut czasu do najbli\u017cszego punktu podej\u015bcia (TCPA) od Pa\u0144stwa statku. Na ekranie listy &#8222;Friend&#8221; (Znajomy) wy\u015bwietlane s\u0105 wykryte cele AIS, kt\u00f3re u\u017cytkownik ustawi\u0142 jako znajomych. Aby zobaczy\u0107 szczeg\u00f3\u0142y celu, nale\u017cy wybra\u0107 cel za pomoc\u0105 kursora i nacisn\u0105\u0107 klawisz [ENT].<\/p>\n<h3>Funkcja uproszczonej nawigacji<\/h3>\n<p>Funkcja Nawigacja prowadzi u\u017cytkownika do okre\u015blonego punktu trasy lub celu AIS. Jako punkty orientacyjne mo\u017cna przypisa\u0107 maksymalnie 100 ulubionych miejsc po\u0142owowych lub cel\u00f3w podr\u00f3\u017cy. Funkcja Nawigacja jest po prostu uruchamiana przez wybranie na wy\u015bwietlaczu punktu trasy lub celu AIS.<\/p>\n<h3>Nawigacja do punktu trasy MOB<\/h3>\n<p>Po przytrzymaniu przycisku [WPT\/MOB], MA-510TR automatycznie zaznacza punkt orientacyjny aktualnej pozycji statku i aktywuje funkcj\u0119 nawigacyjn\u0105 MOB (Man Overboard) do miejsca, w kt\u00f3rym nast\u0105pi\u0142o zdarzenie MOB.<\/p>\n<h3>Tryb cichy dla bezpiecze\u0144stwa i ochrony prywatno\u015bci<\/h3>\n<p>Tryb cichy wy\u0142\u0105cza nadajnik AIS i pozwala na czasowe przerwanie przekazywania informacji o pozycji statku. Funkcja ta jest przydatna, gdy nie chcesz ujawnia\u0107 swoich miejsc po\u0142owowych innym statkom. Mo\u017cesz otrzymywa\u0107 raporty AIS innych statk\u00f3w r\u00f3wnie\u017c wtedy, gdy tryb cichy jest w\u0142\u0105czony.<\/p>\n<h3>Funkcja alarmu kolizyjnego<\/h3>\n<p>Gdy statek znajdzie si\u0119 w zasi\u0119gu CPA lub TCPA, ikona statku miga na wy\u015bwietlaczu plotera i s\u0142ycha\u0107 sygna\u0142 d\u017awi\u0119kowy. Po pod\u0142\u0105czeniu do zewn\u0119trznego sprz\u0119tu audio zainstalowanego na stole wykresowym lub mostku lataj\u0105cym, funkcja alarmu kolizyjnego zaalarmuje Ci\u0119, nawet je\u015bli znajdujesz si\u0119 z dala od transpondera AIS.<\/p>\n<h3>Inne cechy<\/h3>\n<p>Kompatybilny zar\u00f3wno ze \u017ar\u00f3d\u0142ami zasilania 12 V, jak i 24 V<br \/>Wieloj\u0119zyczny interfejs u\u017cytkownika (angielski, francuski, indonezyjski, hiszpa\u0144ski i wietnamski)<br \/>Funkcja wachty kotwicznej w\u0142\u0105cza alarm, gdy wasz statek jest na kotwicy, ale dryfuje.<br \/>Wodoszczelno\u015b\u0107 IPX7 (do 1 m g\u0142\u0119boko\u015bci wody przez 30 minut; z wyj\u0105tkiem z\u0142\u0105czy)<\/p>\n<\/div>\n<p><!--more--><br \/>\n<!-- {\"type\":\"layout\",\"children\":[{\"type\":\"section\",\"props\":{\"style\":\"default\",\"width\":\"large\",\"vertical_align\":\"middle\",\"title_position\":\"top-left\",\"title_rotation\":\"left\",\"title_breakpoint\":\"xl\",\"image_position\":\"center-center\"},\"children\":[{\"type\":\"row\",\"children\":[{\"type\":\"column\",\"props\":{\"image_position\":\"center-center\",\"media_overlay_gradient\":\"\",\"width_medium\":\"1-1\"},\"children\":[{\"type\":\"headline\",\"props\":{\"title_element\":\"h1\",\"content\":\"Transponder AIS klasy B ICOM MA-510TR\"}},{\"type\":\"divider\",\"props\":{\"divider_element\":\"hr\",\"divider_style\":\"\",\"divider_align\":\"\",\"divider_align_breakpoint\":\"\",\"divider_align_fallback\":\"\"}}]}]}]},{\"type\":\"section\",\"props\":{\"style\":\"default\",\"width\":\"large\",\"vertical_align\":\"middle\",\"title_position\":\"top-left\",\"title_rotation\":\"left\",\"title_breakpoint\":\"xl\",\"image_position\":\"center-center\"},\"children\":[{\"type\":\"row\",\"props\":{\"layout\":\"1-2,1-2\"},\"children\":[{\"type\":\"column\",\"props\":{\"image_position\":\"center-center\",\"media_overlay_gradient\":\"\",\"width_medium\":\"1-2\"},\"children\":[{\"type\":\"text\",\"props\":{\"margin\":\"default\",\"column_breakpoint\":\"m\",\"content\":\"\n\n<h2>\\u00a0<\\\/h2>\\n\n\n<h2>\\u00a0<\\\/h2>\\n\n\n<h2>TRANSPONDER KLASY B AIS<br \\\/>MA-510TR<\\\/h2>\\n\n\n<h3><br \\\/>Transponder AIS klasy B z<br \\\/>Szerokok\\u0105tnym, kolorowym wy\\u015bwietlaczem TFT LCD<br \\\/>Odbieranie sygna\\u0142\\u00f3w AIS klasy A i B<\\\/h3>\"}},{\"type\":\"button\",\"props\":{\"margin\":\"default\",\"text_align\":\"center\",\"grid_column_gap\":\"small\",\"grid_row_gap\":\"small\"},\"children\":[{\"type\":\"button_item\",\"props\":{\"button_style\":\"default\",\"icon_align\":\"left\",\"content\":\"BROSZURA\",\"link\":\"wp-content\\\/uploads\\\/MA-510TR-1PL.pdf\"}}]}]},{\"type\":\"column\",\"props\":{\"image_position\":\"center-center\",\"media_overlay_gradient\":\"\",\"width_medium\":\"1-2\"},\"children\":[{\"type\":\"image\",\"props\":{\"margin\":\"default\",\"image\":\"wp-content\\\/uploads\\\/20200703084217_90731.png\",\"image_svg_color\":\"emphasis\"}}]}]}]},{\"type\":\"section\",\"props\":{\"style\":\"default\",\"width\":\"large\",\"vertical_align\":\"middle\",\"title_position\":\"top-left\",\"title_rotation\":\"left\",\"title_breakpoint\":\"xl\",\"image_position\":\"center-center\"},\"children\":[{\"type\":\"row\",\"children\":[{\"type\":\"column\",\"props\":{\"image_position\":\"center-center\",\"media_overlay_gradient\":\"\",\"width_medium\":\"1-1\"},\"children\":[{\"type\":\"text\",\"props\":{\"margin\":\"default\",\"column_breakpoint\":\"m\",\"content\":\"\n\n<h2>CECHY:\\u00a0<\\\/h2>\\n\n\n<h3>Korzy\\u015bci p\\u0142yn\\u0105ce z AIS (system automatycznej identyfikacji)<\\\/h3>\\n\n\n<p>Transponder AIS na Pa\\u0144stwa statku automatycznie odbiera informacje nadawane przez inne stacje p\\u0142ywaj\\u0105ce i bazowe wyposa\\u017cone w system AIS, a wszystko to podczas przesy\\u0142ania statycznych i dynamicznych informacji o Pa\\u0144stwa statku. Za pomoc\\u0105 transpondera AIS mo\\u017cna znale\\u017a\\u0107 ma\\u0142e \\u0142odzie i boje wyposa\\u017cone w system AIS, kt\\u00f3re s\\u0105 trudne do wykrycia za pomoc\\u0105 radaru morskiego. MA-510TR mo\\u017ce odbiera\\u0107 zar\\u00f3wno sygna\\u0142y AIS klasy A jak i B, co zwi\\u0119ksza bezpiecze\\u0144stwo na morzu.<\\\/p>\\n\n\n<h3>4,3-calowy wy\\u015bwietlacz TFT LCD typu Color<\\\/h3>\\n\n\n<p>Szeroki, 4,3-calowy, kolorowy wy\\u015bwietlacz TFT o wysokiej rozdzielczo\\u015bci wyra\\u017anie pokazuje pozycj\\u0119 Pa\\u0144stwa i innych statk\\u00f3w. Potencjalnie niebezpieczne statki s\\u0105 wy\\u015bwietlane na czerwono, a statki zarejestrowane jako wasi przyjaciele na \\u017c\\u00f3\\u0142to. Wy\\u015bwietlacz w trybie dziennym jest czytelny w bezpo\\u015brednim \\u015bwietle s\\u0142onecznym, a wy\\u015bwietlacz w trybie nocnym zapewnia dobr\\u0105 czytelno\\u015b\\u0107 w ciemno\\u015bci dla dalszej wygody.<\\\/p>\\n\n\n<h3>Lista docelowa i dane szczeg\\u00f3\\u0142owe AIS<\\\/h3>\\n\n\n<p>Ekran listy \\\"Cel\\\" pokazuje wszystkie wykryte statki i cele wyposa\\u017cone w AIS. Ekran listy \\\"Niebezpiecze\\u0144stwo\\\" przedstawia list\\u0119 statk\\u00f3w znajduj\\u0105cych si\\u0119 w promieniu sze\\u015bciu mil morskich od najbli\\u017cszego punktu podej\\u015bcia (CPA) oraz sze\\u015b\\u0107dziesi\\u0119ciu minut czasu do najbli\\u017cszego punktu podej\\u015bcia (TCPA) od Pa\\u0144stwa statku. Na ekranie listy \\\"Friend\\\" (Znajomy) wy\\u015bwietlane s\\u0105 wykryte cele AIS, kt\\u00f3re u\\u017cytkownik ustawi\\u0142 jako znajomych. Aby zobaczy\\u0107 szczeg\\u00f3\\u0142y celu, nale\\u017cy wybra\\u0107 cel za pomoc\\u0105 kursora i nacisn\\u0105\\u0107 klawisz [ENT].<\\\/p>\\n\n\n<h3>Funkcja uproszczonej nawigacji<\\\/h3>\\n\n\n<p>Funkcja Nawigacja prowadzi u\\u017cytkownika do okre\\u015blonego punktu trasy lub celu AIS. Jako punkty orientacyjne mo\\u017cna przypisa\\u0107 maksymalnie 100 ulubionych miejsc po\\u0142owowych lub cel\\u00f3w podr\\u00f3\\u017cy. Funkcja Nawigacja jest po prostu uruchamiana przez wybranie na wy\\u015bwietlaczu punktu trasy lub celu AIS.<\\\/p>\\n\n\n<h3>Nawigacja do punktu trasy MOB<\\\/h3>\\n\n\n<p>Po przytrzymaniu przycisku [WPT\\\/MOB], MA-510TR automatycznie zaznacza punkt orientacyjny aktualnej pozycji statku i aktywuje funkcj\\u0119 nawigacyjn\\u0105 MOB (Man Overboard) do miejsca, w kt\\u00f3rym nast\\u0105pi\\u0142o zdarzenie MOB.<\\\/p>\\n\n\n<h3>Tryb cichy dla bezpiecze\\u0144stwa i ochrony prywatno\\u015bci<\\\/h3>\\n\n\n<p>Tryb cichy wy\\u0142\\u0105cza nadajnik AIS i pozwala na czasowe przerwanie przekazywania informacji o pozycji statku. Funkcja ta jest przydatna, gdy nie chcesz ujawnia\\u0107 swoich miejsc po\\u0142owowych innym statkom. Mo\\u017cesz otrzymywa\\u0107 raporty AIS innych statk\\u00f3w r\\u00f3wnie\\u017c wtedy, gdy tryb cichy jest w\\u0142\\u0105czony.<\\\/p>\\n\n\n<h3>Funkcja alarmu kolizyjnego<\\\/h3>\\n\n\n<p>Gdy statek znajdzie si\\u0119 w zasi\\u0119gu CPA lub TCPA, ikona statku miga na wy\\u015bwietlaczu plotera i s\\u0142ycha\\u0107 sygna\\u0142 d\\u017awi\\u0119kowy. Po pod\\u0142\\u0105czeniu do zewn\\u0119trznego sprz\\u0119tu audio zainstalowanego na stole wykresowym lub mostku lataj\\u0105cym, funkcja alarmu kolizyjnego zaalarmuje Ci\\u0119, nawet je\\u015bli znajdujesz si\\u0119 z dala od transpondera AIS.<\\\/p>\\n\n\n<h3>Inne cechy<\\\/h3>\\n\n\n<p>Kompatybilny zar\\u00f3wno ze \\u017ar\\u00f3d\\u0142ami zasilania 12 V, jak i 24 V<br \\\/>Wieloj\\u0119zyczny interfejs u\\u017cytkownika (angielski, francuski, indonezyjski, hiszpa\\u0144ski i wietnamski)<br \\\/>Funkcja wachty kotwicznej w\\u0142\\u0105cza alarm, gdy wasz statek jest na kotwicy, ale dryfuje.<br \\\/>Wodoszczelno\\u015b\\u0107 IPX7 (do 1 m g\\u0142\\u0119boko\\u015bci wody przez 30 minut; z wyj\\u0105tkiem z\\u0142\\u0105czy)<\\\/p>\"}}]}]}]}],\"version\":\"2.4.14\"} --><\/p>\n","protected":false},"excerpt":{"rendered":"<p>Transponder AIS klasy B ICOM MA-510TR \u00a0 \u00a0 TRANSPONDER KLASY B AISMA-510TR Transponder AIS klasy B zSzerokok\u0105tnym, kolorowym wy\u015bwietlaczem TFT LCDOdbieranie sygna\u0142\u00f3w AIS klasy A i B BROSZURA CECHY:\u00a0 Korzy\u015bci p\u0142yn\u0105ce z AIS (system automatycznej identyfikacji) Transponder AIS na Pa\u0144stwa statku automatycznie odbiera informacje nadawane przez inne stacje p\u0142ywaj\u0105ce i bazowe wyposa\u017cone w system AIS, [&hellip;]<\/p>\n","protected":false},"author":10,"featured_media":0,"parent":0,"menu_order":0,"comment_status":"closed","ping_status":"closed","template":"","meta":{"footnotes":""},"class_list":["post-7937","page","type-page","status-publish","hentry"],"yoast_head":"<!-- This site is optimized with the Yoast SEO plugin v27.6 - https:\/\/yoast.com\/product\/yoast-seo-wordpress\/ -->\n<title>Transponder AIS ICOM MA-510TR - ESCORT TECHNOLOGY<\/title>\n<meta name=\"robots\" content=\"index, follow, max-snippet:-1, max-image-preview:large, max-video-preview:-1\" \/>\n<link rel=\"canonical\" href=\"http:\/\/escort-technology.com\/en\/transponder-ais-icom-ma-510tr\/\" \/>\n<meta property=\"og:locale\" content=\"en_US\" \/>\n<meta property=\"og:type\" content=\"article\" \/>\n<meta property=\"og:title\" content=\"Transponder AIS ICOM MA-510TR - ESCORT TECHNOLOGY\" \/>\n<meta property=\"og:description\" content=\"Transponder AIS klasy B ICOM MA-510TR \u00a0 \u00a0 TRANSPONDER KLASY B AISMA-510TR Transponder AIS klasy B zSzerokok\u0105tnym, kolorowym wy\u015bwietlaczem TFT LCDOdbieranie sygna\u0142\u00f3w AIS klasy A i B BROSZURA CECHY:\u00a0 Korzy\u015bci p\u0142yn\u0105ce z AIS (system automatycznej identyfikacji) Transponder AIS na Pa\u0144stwa statku automatycznie odbiera informacje nadawane przez inne stacje p\u0142ywaj\u0105ce i bazowe wyposa\u017cone w system AIS, [&hellip;]\" \/>\n<meta property=\"og:url\" content=\"http:\/\/escort-technology.com\/en\/transponder-ais-icom-ma-510tr\/\" \/>\n<meta property=\"og:site_name\" content=\"ESCORT TECHNOLOGY\" \/>\n<meta property=\"article:publisher\" content=\"https:\/\/www.facebook.com\/elektronika.morska\/\" \/>\n<meta property=\"article:modified_time\" content=\"2021-05-07T07:48:53+00:00\" \/>\n<meta property=\"og:image\" content=\"https:\/\/escort-technology.com\/wp-content\/uploads\/20200703084217_90731.png\" \/>\n<meta name=\"twitter:card\" content=\"summary_large_image\" \/>\n<meta name=\"twitter:label1\" content=\"Est. reading time\" \/>\n\t<meta name=\"twitter:data1\" content=\"3 minutes\" \/>\n<script type=\"application\/ld+json\" class=\"yoast-schema-graph\">{\"@context\":\"https:\\\/\\\/schema.org\",\"@graph\":[{\"@type\":\"WebPage\",\"@id\":\"http:\\\/\\\/escort-technology.com\\\/en\\\/transponder-ais-icom-ma-510tr\\\/\",\"url\":\"http:\\\/\\\/escort-technology.com\\\/en\\\/transponder-ais-icom-ma-510tr\\\/\",\"name\":\"Transponder AIS ICOM MA-510TR - ESCORT TECHNOLOGY\",\"isPartOf\":{\"@id\":\"http:\\\/\\\/escort-technology.com\\\/de\\\/#website\"},\"datePublished\":\"2020-11-25T13:32:33+00:00\",\"dateModified\":\"2021-05-07T07:48:53+00:00\",\"breadcrumb\":{\"@id\":\"http:\\\/\\\/escort-technology.com\\\/en\\\/transponder-ais-icom-ma-510tr\\\/#breadcrumb\"},\"inLanguage\":\"en-US\",\"potentialAction\":[{\"@type\":\"ReadAction\",\"target\":[\"http:\\\/\\\/escort-technology.com\\\/en\\\/transponder-ais-icom-ma-510tr\\\/\"]}]},{\"@type\":\"BreadcrumbList\",\"@id\":\"http:\\\/\\\/escort-technology.com\\\/en\\\/transponder-ais-icom-ma-510tr\\\/#breadcrumb\",\"itemListElement\":[{\"@type\":\"ListItem\",\"position\":1,\"name\":\"Strona g\u0142\u00f3wna\",\"item\":\"https:\\\/\\\/escort-technology.com\\\/\"},{\"@type\":\"ListItem\",\"position\":2,\"name\":\"Transponder AIS ICOM MA-510TR\"}]},{\"@type\":\"WebSite\",\"@id\":\"http:\\\/\\\/escort-technology.com\\\/de\\\/#website\",\"url\":\"http:\\\/\\\/escort-technology.com\\\/de\\\/\",\"name\":\"ESCORT TECHNOLOGY\",\"description\":\"Elektronika morska i l\u0105dowa\",\"publisher\":{\"@id\":\"http:\\\/\\\/escort-technology.com\\\/de\\\/#organization\"},\"potentialAction\":[{\"@type\":\"SearchAction\",\"target\":{\"@type\":\"EntryPoint\",\"urlTemplate\":\"http:\\\/\\\/escort-technology.com\\\/de\\\/?s={search_term_string}\"},\"query-input\":{\"@type\":\"PropertyValueSpecification\",\"valueRequired\":true,\"valueName\":\"search_term_string\"}}],\"inLanguage\":\"en-US\"},{\"@type\":\"Organization\",\"@id\":\"http:\\\/\\\/escort-technology.com\\\/de\\\/#organization\",\"name\":\"ESCORT TECHNOLOGY\",\"url\":\"http:\\\/\\\/escort-technology.com\\\/de\\\/\",\"logo\":{\"@type\":\"ImageObject\",\"inLanguage\":\"en-US\",\"@id\":\"http:\\\/\\\/escort-technology.com\\\/de\\\/#\\\/schema\\\/logo\\\/image\\\/\",\"url\":\"https:\\\/\\\/escort-technology.com\\\/wp-content\\\/uploads\\\/logo-1.jpg\",\"contentUrl\":\"https:\\\/\\\/escort-technology.com\\\/wp-content\\\/uploads\\\/logo-1.jpg\",\"width\":600,\"height\":165,\"caption\":\"ESCORT TECHNOLOGY\"},\"image\":{\"@id\":\"http:\\\/\\\/escort-technology.com\\\/de\\\/#\\\/schema\\\/logo\\\/image\\\/\"},\"sameAs\":[\"https:\\\/\\\/www.facebook.com\\\/elektronika.morska\\\/\",\"https:\\\/\\\/www.linkedin.com\\\/company\\\/escort-sp-z-o-o-\\\/\"]}]}<\/script>\n<!-- \/ Yoast SEO plugin. -->","yoast_head_json":{"title":"Transponder AIS ICOM MA-510TR - ESCORT TECHNOLOGY","robots":{"index":"index","follow":"follow","max-snippet":"max-snippet:-1","max-image-preview":"max-image-preview:large","max-video-preview":"max-video-preview:-1"},"canonical":"http:\/\/escort-technology.com\/en\/transponder-ais-icom-ma-510tr\/","og_locale":"en_US","og_type":"article","og_title":"Transponder AIS ICOM MA-510TR - ESCORT TECHNOLOGY","og_description":"Transponder AIS klasy B ICOM MA-510TR \u00a0 \u00a0 TRANSPONDER KLASY B AISMA-510TR Transponder AIS klasy B zSzerokok\u0105tnym, kolorowym wy\u015bwietlaczem TFT LCDOdbieranie sygna\u0142\u00f3w AIS klasy A i B BROSZURA CECHY:\u00a0 Korzy\u015bci p\u0142yn\u0105ce z AIS (system automatycznej identyfikacji) Transponder AIS na Pa\u0144stwa statku automatycznie odbiera informacje nadawane przez inne stacje p\u0142ywaj\u0105ce i bazowe wyposa\u017cone w system AIS, [&hellip;]","og_url":"http:\/\/escort-technology.com\/en\/transponder-ais-icom-ma-510tr\/","og_site_name":"ESCORT TECHNOLOGY","article_publisher":"https:\/\/www.facebook.com\/elektronika.morska\/","article_modified_time":"2021-05-07T07:48:53+00:00","og_image":[{"url":"https:\/\/escort-technology.com\/wp-content\/uploads\/20200703084217_90731.png","type":"","width":"","height":""}],"twitter_card":"summary_large_image","twitter_misc":{"Est. reading time":"3 minutes"},"schema":{"@context":"https:\/\/schema.org","@graph":[{"@type":"WebPage","@id":"http:\/\/escort-technology.com\/en\/transponder-ais-icom-ma-510tr\/","url":"http:\/\/escort-technology.com\/en\/transponder-ais-icom-ma-510tr\/","name":"Transponder AIS ICOM MA-510TR - ESCORT TECHNOLOGY","isPartOf":{"@id":"http:\/\/escort-technology.com\/de\/#website"},"datePublished":"2020-11-25T13:32:33+00:00","dateModified":"2021-05-07T07:48:53+00:00","breadcrumb":{"@id":"http:\/\/escort-technology.com\/en\/transponder-ais-icom-ma-510tr\/#breadcrumb"},"inLanguage":"en-US","potentialAction":[{"@type":"ReadAction","target":["http:\/\/escort-technology.com\/en\/transponder-ais-icom-ma-510tr\/"]}]},{"@type":"BreadcrumbList","@id":"http:\/\/escort-technology.com\/en\/transponder-ais-icom-ma-510tr\/#breadcrumb","itemListElement":[{"@type":"ListItem","position":1,"name":"Strona g\u0142\u00f3wna","item":"https:\/\/escort-technology.com\/"},{"@type":"ListItem","position":2,"name":"Transponder AIS ICOM MA-510TR"}]},{"@type":"WebSite","@id":"http:\/\/escort-technology.com\/de\/#website","url":"http:\/\/escort-technology.com\/de\/","name":"ESCORT TECHNOLOGY","description":"Onshore and offshore electronics","publisher":{"@id":"http:\/\/escort-technology.com\/de\/#organization"},"potentialAction":[{"@type":"SearchAction","target":{"@type":"EntryPoint","urlTemplate":"http:\/\/escort-technology.com\/de\/?s={search_term_string}"},"query-input":{"@type":"PropertyValueSpecification","valueRequired":true,"valueName":"search_term_string"}}],"inLanguage":"en-US"},{"@type":"Organization","@id":"http:\/\/escort-technology.com\/de\/#organization","name":"ESCORT TECHNOLOGY","url":"http:\/\/escort-technology.com\/de\/","logo":{"@type":"ImageObject","inLanguage":"en-US","@id":"http:\/\/escort-technology.com\/de\/#\/schema\/logo\/image\/","url":"https:\/\/escort-technology.com\/wp-content\/uploads\/logo-1.jpg","contentUrl":"https:\/\/escort-technology.com\/wp-content\/uploads\/logo-1.jpg","width":600,"height":165,"caption":"ESCORT TECHNOLOGY"},"image":{"@id":"http:\/\/escort-technology.com\/de\/#\/schema\/logo\/image\/"},"sameAs":["https:\/\/www.facebook.com\/elektronika.morska\/","https:\/\/www.linkedin.com\/company\/escort-sp-z-o-o-\/"]}]}},"_links":{"self":[{"href":"https:\/\/escort-technology.com\/en\/wp-json\/wp\/v2\/pages\/7937","targetHints":{"allow":["GET"]}}],"collection":[{"href":"https:\/\/escort-technology.com\/en\/wp-json\/wp\/v2\/pages"}],"about":[{"href":"https:\/\/escort-technology.com\/en\/wp-json\/wp\/v2\/types\/page"}],"author":[{"embeddable":true,"href":"https:\/\/escort-technology.com\/en\/wp-json\/wp\/v2\/users\/10"}],"replies":[{"embeddable":true,"href":"https:\/\/escort-technology.com\/en\/wp-json\/wp\/v2\/comments?post=7937"}],"version-history":[{"count":9,"href":"https:\/\/escort-technology.com\/en\/wp-json\/wp\/v2\/pages\/7937\/revisions"}],"predecessor-version":[{"id":9155,"href":"https:\/\/escort-technology.com\/en\/wp-json\/wp\/v2\/pages\/7937\/revisions\/9155"}],"wp:attachment":[{"href":"https:\/\/escort-technology.com\/en\/wp-json\/wp\/v2\/media?parent=7937"}],"curies":[{"name":"wp","href":"https:\/\/api.w.org\/{rel}","templated":true}]}}