{"id":8067,"date":"2021-01-12T12:36:22","date_gmt":"2021-01-12T11:36:22","guid":{"rendered":"https:\/\/escort-technology.com\/?page_id=8067"},"modified":"2021-01-12T12:36:22","modified_gmt":"2021-01-12T11:36:22","slug":"kompas-magnetyczny-precision-9-compass","status":"publish","type":"page","link":"https:\/\/escort-technology.com\/en\/kompas-magnetyczny-precision-9-compass\/","title":{"rendered":"Kompas magnetyczny PRECISION-9 COMPASS"},"content":{"rendered":"<h1><strong>Kompas magnetyczny PRECISION-9 COMPASS<\/strong><\/h1>\n<hr>\n<ul>\n<li>\n<p>        <img decoding=\"async\" src=\"\/wp-content\/uploads\/2021\/01\/000-12607-001_0.png\" alt=\"\"><\/p>\n<\/li>\n<li>\n<p>        <img decoding=\"async\" src=\"\/wp-content\/uploads\/2021\/01\/000-12607-001_2.png\" alt=\"\"><\/p>\n<\/li>\n<li>\n<p>        <img decoding=\"async\" src=\"\/wp-content\/uploads\/2021\/01\/000-12607-001_1.png\" alt=\"\"><\/p>\n<\/li>\n<\/ul>\n<div>\n<p>\u00a0<\/p>\n<p><strong>Kompas Precision-9 dostarcza dok\u0142adnych informacji o kursie i wsp\u00f3\u0142czynniku skr\u0119tu, w oparciu o wewn\u0119trzny uk\u0142ad p\u00f3\u0142przewodnikowych czujnik\u00f3w, kt\u00f3re mierz\u0105 ruch i orientacj\u0119 w dziewi\u0119ciu osiach. \u0141atwo regulowany wspornik monta\u017cowy i \u0142\u0105czno\u015b\u0107 NMEA 2000\u00ae umo\u017cliwiaj\u0105 prost\u0105 instalacj\u0119 na ka\u017cdej \u0142odzi, w tym opcj\u0119 monta\u017cu na maszcie dla statk\u00f3w o stalowym kad\u0142ubie. <\/strong><\/p>\n<\/div>\n<ul>\n<li>\n<h3>Opis urz\u0105dzenia <\/h3>\n<div>\n<h3>Czujnik kierunku z pr\u0119dko\u015bci\u0105 obrotow\u0105<\/h3>\n<p>Ten kompaktowy pakiet czujnik\u00f3w dostarcza danych o kursie, pr\u0119dko\u015bci obrotu, skoku i przechyle do urz\u0105dze\u0144 pod\u0142\u0105czonych do standardowej sieci NMEA 2000\u00ae. Wi\u0119cej ni\u017c tylko kompas, Precision-9 jest idealnym \u017ar\u00f3d\u0142em danych o kursie i ruchu dla autopilot\u00f3w Simrad, system\u00f3w radarowych, wy\u015bwietlaczy wielofunkcyjnych i innych system\u00f3w.<\/p>\n<h3>Technologia czujnik\u00f3w p\u00f3\u0142przewodnikowych (Solid-State Sensor)<\/h3>\n<p>Urz\u0105dzenie Precision-9 mierzy ruch na dziewi\u0119ciu oddzielnych osiach w celu obliczenia najdok\u0142adniejszych mo\u017cliwych informacji o kursie i wsp\u00f3\u0142czynniku skr\u0119tu. Jego zaawansowana p\u00f3\u0142przewodnikowa konstrukcja pozwala unikn\u0105\u0107 wielu powszechnych ogranicze\u0144 konwencjonalnych kompas\u00f3w elektronicznych\u00a0 i zapewnia dok\u0142adno\u015b\u0107 pomiaru kierunku \u00b12 stopni po kalibracji.<\/p>\n<h3>Monta\u017c prawie wsz\u0119dzie<\/h3>\n<p>\u0141atwo regulowany uchwyt monta\u017cowy pozwala na zainstalowanie Precision-9 na ka\u017cdym statku, prawie w ka\u017cdym miejscu. Precision-9 mo\u017ce by\u0107 r\u00f3wnie\u017c montowana bezpo\u015brednio na ka\u017cdej p\u0142askiej powierzchni, a dzi\u0119ki stopniowi wodoszczelno\u015bci IPX7 mo\u017cliwa jest zewn\u0119trzna instalacja masztowa na stalowym kad\u0142ubie w celu unikni\u0119cia zak\u0142\u00f3ce\u0144 magnetycznych.<\/p>\n<\/div>\n<\/li>\n<li>\n<h3>Specyfikacja<\/h3>\n<\/li>\n<li>\n<h3>Zestaw zawiera<\/h3>\n<div>\n<table id=\"detail_list\">\n<tbody>\n<tr class=\"part_row\">\n<td class=\"image\"><img loading=\"lazy\" decoding=\"async\" class=\"\" src=\"https:\/\/systembuilder.navico.com\/systembuilder-core\/image\/part\/N2K_T_RD.png\" width=\"59\" height=\"35\" \/><\/td>\n<td class=\"partNumber\">000-0119-79<\/td>\n<td class=\"description\">\n<div class=\"description_column_wrapper\">\n<div class=\"description_content_row\"><strong>N2K-MICRO-C, T-JOINER<\/strong><\/p>\n<p>N2K-T-RD &#8211; Micro-C T-connector do pod\u0142\u0105czenia dodatkowego urz\u0105dzenia do sieci.\u00a0<\/p>\n<\/div>\n<\/div>\n<\/td>\n<td class=\"part_list_price hidden_xs\">\u00a0<\/td>\n<td class=\"part_list_price\">\n<div class=\"price_column_wrapper\">\u00a0<\/div>\n<\/td>\n<\/tr>\n<tr class=\"part_row\">\n<td class=\"image\"><img loading=\"lazy\" decoding=\"async\" class=\"\" src=\"https:\/\/systembuilder.navico.com\/systembuilder-core\/image\/part\/N2KEXT_25RD.png\" width=\"53\" height=\"54\" \/><\/td>\n<td class=\"partNumber\">000-0119-86<\/td>\n<td class=\"description\">\n<div class=\"description_column_wrapper\">\n<div class=\"description_content_row\"><strong>N2KEXT-15RD, Cable, Micro-C, 4.5 m (15 ft)<\/strong><\/p>\n<p>N2KEXT-15RD &#8211; 4.55 m (15-ft) NMEA 2000\u00ae kabel do przed\u0142u\u017cenia sieci lub do pod\u0142\u0105czenia dodatkowego urz\u0105dzenia sieciowego<\/p>\n<\/div>\n<\/div>\n<\/td>\n<\/tr>\n<\/tbody>\n<\/table>\n<\/div>\n<\/li>\n<li>\n<h3>Do pobrania <\/h3>\n<div>\n<p><a href=\"ftp:\/\/software.simrad-yachting.com\/documents\/Precision-9_IG_EN_988-10984-002.pdf\">Instrukcja instalacyjna<\/a><\/p>\n<\/div>\n<\/li>\n<\/ul>\n<p><!-- {\"type\":\"layout\",\"children\":[{\"type\":\"section\",\"props\":{\"style\":\"default\",\"width\":\"default\",\"vertical_align\":\"middle\",\"title_position\":\"top-left\",\"title_rotation\":\"left\",\"title_breakpoint\":\"xl\",\"image_position\":\"center-center\"},\"children\":[{\"type\":\"row\",\"children\":[{\"type\":\"column\",\"props\":{\"image_position\":\"center-center\",\"media_overlay_gradient\":\"\"},\"children\":[{\"type\":\"headline\",\"props\":{\"title_element\":\"h1\",\"content\":\"<strong>Kompas magnetyczny PRECISION-9 COMPASS<\\\/strong>\"}},{\"type\":\"divider\",\"props\":{\"divider_element\":\"hr\"}}]}]}]},{\"type\":\"section\",\"props\":{\"style\":\"default\",\"width\":\"default\",\"vertical_align\":\"middle\",\"title_position\":\"top-left\",\"title_rotation\":\"left\",\"title_breakpoint\":\"xl\",\"image_position\":\"center-center\"},\"children\":[{\"type\":\"row\",\"props\":{\"layout\":\"1-2,1-2\"},\"children\":[{\"type\":\"column\",\"props\":{\"image_position\":\"center-center\",\"media_overlay_gradient\":\"\",\"width_medium\":\"1-2\"},\"children\":[{\"type\":\"slideshow\",\"props\":{\"show_title\":true,\"show_meta\":true,\"show_content\":true,\"show_link\":true,\"show_thumbnail\":true,\"slideshow_min_height\":300,\"slideshow_autoplay_pause\":true,\"nav\":\"dotnav\",\"nav_position\":\"bottom-center\",\"nav_position_margin\":\"medium\",\"nav_align\":\"center\",\"nav_breakpoint\":\"s\",\"thumbnav_width\":\"100\",\"thumbnav_height\":\"75\",\"thumbnav_svg_color\":\"emphasis\",\"slidenav\":\"default\",\"slidenav_margin\":\"medium\",\"slidenav_breakpoint\":\"s\",\"slidenav_outside_breakpoint\":\"xl\",\"overlay_position\":\"center-left\",\"overlay_animation\":\"parallax\",\"title_element\":\"h3\",\"meta_style\":\"meta\",\"meta_align\":\"below-title\",\"meta_element\":\"div\",\"link_text\":\"Read more\",\"link_style\":\"default\",\"margin\":\"default\"},\"children\":[{\"type\":\"slideshow_item\",\"props\":{\"image\":\"wp-content\\\/uploads\\\/2021\\\/01\\\/000-12607-001_0.png\"}},{\"type\":\"slideshow_item\",\"props\":{\"image\":\"wp-content\\\/uploads\\\/2021\\\/01\\\/000-12607-001_2.png\"}},{\"type\":\"slideshow_item\",\"props\":{\"image\":\"wp-content\\\/uploads\\\/2021\\\/01\\\/000-12607-001_1.png\"}}]}]},{\"type\":\"column\",\"props\":{\"image_position\":\"center-center\",\"media_overlay_gradient\":\"\",\"width_medium\":\"1-2\"},\"children\":[{\"type\":\"text\",\"props\":{\"margin\":\"default\",\"column_breakpoint\":\"m\",\"content\":\"\n\n<p>\\u00a0<\\\/p>\\n\n\n<p><strong>Kompas Precision-9 dostarcza dok\\u0142adnych informacji o kursie i wsp\\u00f3\\u0142czynniku skr\\u0119tu, w oparciu o wewn\\u0119trzny uk\\u0142ad p\\u00f3\\u0142przewodnikowych czujnik\\u00f3w, kt\\u00f3re mierz\\u0105 ruch i orientacj\\u0119 w dziewi\\u0119ciu osiach. \\u0141atwo regulowany wspornik monta\\u017cowy i \\u0142\\u0105czno\\u015b\\u0107 NMEA 2000\\u00ae umo\\u017cliwiaj\\u0105 prost\\u0105 instalacj\\u0119 na ka\\u017cdej \\u0142odzi, w tym opcj\\u0119 monta\\u017cu na maszcie dla statk\\u00f3w o stalowym kad\\u0142ubie. <\\\/strong><\\\/p>\"}}]}]}]},{\"type\":\"section\",\"props\":{\"style\":\"default\",\"width\":\"default\",\"vertical_align\":\"middle\",\"title_position\":\"top-left\",\"title_rotation\":\"left\",\"title_breakpoint\":\"xl\",\"image_position\":\"center-center\"},\"children\":[{\"type\":\"row\",\"children\":[{\"type\":\"column\",\"props\":{\"image_position\":\"center-center\",\"media_overlay_gradient\":\"\"},\"children\":[{\"type\":\"switcher\",\"props\":{\"show_title\":true,\"show_meta\":true,\"show_content\":true,\"show_image\":true,\"show_link\":true,\"show_label\":true,\"show_thumbnail\":true,\"switcher_style\":\"tab\",\"switcher_thumbnail_svg_color\":\"emphasis\",\"switcher_position\":\"top\",\"switcher_align\":\"left\",\"switcher_grid_width\":\"auto\",\"switcher_grid_breakpoint\":\"m\",\"switcher_animation\":\"fade\",\"switcher_height\":true,\"title_element\":\"h3\",\"title_align\":\"top\",\"title_grid_width\":\"1-2\",\"title_grid_breakpoint\":\"m\",\"meta_style\":\"meta\",\"meta_align\":\"below-title\",\"meta_element\":\"div\",\"content_column_breakpoint\":\"m\",\"image_svg_color\":\"emphasis\",\"image_align\":\"top\",\"image_grid_width\":\"1-2\",\"image_grid_breakpoint\":\"m\",\"switcher_thumbnail_width\":\"100\",\"switcher_thumbnail_height\":\"75\",\"link_text\":\"Read more\",\"link_style\":\"default\",\"margin\":\"default\"},\"children\":[{\"type\":\"switcher_item\",\"props\":{\"title\":\"Opis urz\\u0105dzenia \",\"content\":\"\n\n<h3>Czujnik kierunku z pr\\u0119dko\\u015bci\\u0105 obrotow\\u0105<\\\/h3>\\n\n\n<p><br \\\/>Ten kompaktowy pakiet czujnik\\u00f3w dostarcza danych o kursie, pr\\u0119dko\\u015bci obrotu, skoku i przechyle do urz\\u0105dze\\u0144 pod\\u0142\\u0105czonych do standardowej sieci NMEA 2000\\u00ae. Wi\\u0119cej ni\\u017c tylko kompas, Precision-9 jest idealnym \\u017ar\\u00f3d\\u0142em danych o kursie i ruchu dla autopilot\\u00f3w Simrad, system\\u00f3w radarowych, wy\\u015bwietlaczy wielofunkcyjnych i innych system\\u00f3w.<\\\/p>\\n\n\n<h3>Technologia czujnik\\u00f3w p\\u00f3\\u0142przewodnikowych (Solid-State Sensor)<\\\/h3>\\n\n\n<p>Urz\\u0105dzenie Precision-9 mierzy ruch na dziewi\\u0119ciu oddzielnych osiach w celu obliczenia najdok\\u0142adniejszych mo\\u017cliwych informacji o kursie i wsp\\u00f3\\u0142czynniku skr\\u0119tu. Jego zaawansowana p\\u00f3\\u0142przewodnikowa konstrukcja pozwala unikn\\u0105\\u0107 wielu powszechnych ogranicze\\u0144 konwencjonalnych kompas\\u00f3w elektronicznych\\u00a0 i zapewnia dok\\u0142adno\\u015b\\u0107 pomiaru kierunku \\u00b12 stopni po kalibracji.<\\\/p>\\n\n\n<h3>Monta\\u017c prawie wsz\\u0119dzie<\\\/h3>\\n\n\n<p>\\u0141atwo regulowany uchwyt monta\\u017cowy pozwala na zainstalowanie Precision-9 na ka\\u017cdym statku, prawie w ka\\u017cdym miejscu. Precision-9 mo\\u017ce by\\u0107 r\\u00f3wnie\\u017c montowana bezpo\\u015brednio na ka\\u017cdej p\\u0142askiej powierzchni, a dzi\\u0119ki stopniowi wodoszczelno\\u015bci IPX7 mo\\u017cliwa jest zewn\\u0119trzna instalacja masztowa na stalowym kad\\u0142ubie w celu unikni\\u0119cia zak\\u0142\\u00f3ce\\u0144 magnetycznych.<\\\/p>\"}},{\"type\":\"switcher_item\",\"props\":{\"title\":\"Specyfikacja\"}},{\"type\":\"switcher_item\",\"props\":{\"title\":\"Zestaw zawiera\",\"content\":\"\n\n<table id=\\\"detail_list\\\">\\n\n\n<tbody>\\n\n\n<tr class=\\\"part_row\\\">\\n\n\n<td class=\\\"image\\\"><img class=\\\"\\\" src=\\\"https:\\\/\\\/systembuilder.navico.com\\\/systembuilder-core\\\/image\\\/part\\\/N2K_T_RD.png\\\" width=\\\"59\\\" height=\\\"35\\\" \\\/><\\\/td>\\n\n\n<td class=\\\"partNumber\\\">000-0119-79<\\\/td>\\n\n\n<td class=\\\"description\\\">\\n\n\n<div class=\\\"description_column_wrapper\\\">\\n\n\n<div class=\\\"description_content_row\\\"><strong>N2K-MICRO-C, T-JOINER<\\\/strong>\\n\n\n<p>N2K-T-RD - Micro-C T-connector do pod\\u0142\\u0105czenia dodatkowego urz\\u0105dzenia do sieci.\\u00a0<\\\/p>\\n<\\\/div>\\n<\\\/div>\\n<\\\/td>\\n\n\n<td class=\\\"part_list_price hidden_xs\\\">\\u00a0<\\\/td>\\n\n\n<td class=\\\"part_list_price\\\">\\n\n\n<div class=\\\"price_column_wrapper\\\">\\u00a0<\\\/div>\\n<\\\/td>\\n<\\\/tr>\\n\n\n<tr class=\\\"part_row\\\">\\n\n\n<td class=\\\"image\\\"><img class=\\\"\\\" src=\\\"https:\\\/\\\/systembuilder.navico.com\\\/systembuilder-core\\\/image\\\/part\\\/N2KEXT_25RD.png\\\" width=\\\"53\\\" height=\\\"54\\\" \\\/><\\\/td>\\n\n\n<td class=\\\"partNumber\\\">000-0119-86<\\\/td>\\n\n\n<td class=\\\"description\\\">\\n\n\n<div class=\\\"description_column_wrapper\\\">\\n\n\n<div class=\\\"description_content_row\\\"><strong>N2KEXT-15RD, Cable, Micro-C, 4.5 m (15 ft)<\\\/strong>\\n\n\n<p>N2KEXT-15RD - 4.55 m (15-ft) NMEA 2000\\u00ae kabel do przed\\u0142u\\u017cenia sieci lub do pod\\u0142\\u0105czenia dodatkowego urz\\u0105dzenia sieciowego<\\\/p>\\n<\\\/div>\\n<\\\/div>\\n<\\\/td>\\n<\\\/tr>\\n<\\\/tbody>\\n<\\\/table>\"}},{\"type\":\"switcher_item\",\"props\":{\"title\":\"Do pobrania \",\"content\":\"\n\n<p><a href=\\\"ftp:\\\/\\\/software.simrad-yachting.com\\\/documents\\\/Precision-9_IG_EN_988-10984-002.pdf\\\">Instrukcja instalacyjna<\\\/a><\\\/p>\"}}]}]}]}]}],\"version\":\"2.3.25\"} --><\/p>\n","protected":false},"excerpt":{"rendered":"<p>Kompas magnetyczny PRECISION-9 COMPASS \u00a0 Kompas Precision-9 dostarcza dok\u0142adnych informacji o kursie i wsp\u00f3\u0142czynniku skr\u0119tu, w oparciu o wewn\u0119trzny uk\u0142ad p\u00f3\u0142przewodnikowych czujnik\u00f3w, kt\u00f3re mierz\u0105 ruch i orientacj\u0119 w dziewi\u0119ciu osiach. \u0141atwo regulowany wspornik monta\u017cowy i \u0142\u0105czno\u015b\u0107 NMEA 2000\u00ae umo\u017cliwiaj\u0105 prost\u0105 instalacj\u0119 na ka\u017cdej \u0142odzi, w tym opcj\u0119 monta\u017cu na maszcie dla statk\u00f3w o stalowym kad\u0142ubie. [&hellip;]<\/p>\n","protected":false},"author":10,"featured_media":0,"parent":0,"menu_order":0,"comment_status":"closed","ping_status":"closed","template":"","meta":{"footnotes":""},"class_list":["post-8067","page","type-page","status-publish","hentry"],"yoast_head":"<!-- This site is optimized with the Yoast SEO plugin v27.5 - https:\/\/yoast.com\/product\/yoast-seo-wordpress\/ -->\n<title>Kompas magnetyczny PRECISION-9 COMPASS - ESCORT TECHNOLOGY<\/title>\n<meta name=\"robots\" content=\"index, follow, max-snippet:-1, max-image-preview:large, max-video-preview:-1\" \/>\n<link rel=\"canonical\" href=\"https:\/\/escort-technology.com\/en\/de\/kompas-magnetyczny-precision-9-compass\/\" \/>\n<meta property=\"og:locale\" content=\"en_US\" \/>\n<meta property=\"og:type\" content=\"article\" \/>\n<meta property=\"og:title\" content=\"Kompas magnetyczny PRECISION-9 COMPASS - ESCORT TECHNOLOGY\" \/>\n<meta property=\"og:description\" content=\"Kompas magnetyczny PRECISION-9 COMPASS \u00a0 Kompas Precision-9 dostarcza dok\u0142adnych informacji o kursie i wsp\u00f3\u0142czynniku skr\u0119tu, w oparciu o wewn\u0119trzny uk\u0142ad p\u00f3\u0142przewodnikowych czujnik\u00f3w, kt\u00f3re mierz\u0105 ruch i orientacj\u0119 w dziewi\u0119ciu osiach. \u0141atwo regulowany wspornik monta\u017cowy i \u0142\u0105czno\u015b\u0107 NMEA 2000\u00ae umo\u017cliwiaj\u0105 prost\u0105 instalacj\u0119 na ka\u017cdej \u0142odzi, w tym opcj\u0119 monta\u017cu na maszcie dla statk\u00f3w o stalowym kad\u0142ubie. [&hellip;]\" \/>\n<meta property=\"og:url\" content=\"https:\/\/escort-technology.com\/en\/de\/kompas-magnetyczny-precision-9-compass\/\" \/>\n<meta property=\"og:site_name\" content=\"ESCORT TECHNOLOGY\" \/>\n<meta property=\"article:publisher\" content=\"https:\/\/www.facebook.com\/elektronika.morska\/\" \/>\n<meta property=\"og:image\" content=\"https:\/\/escort-technology.com\/wp-content\/uploads\/2021\/01\/000-12607-001_0.png\" \/>\n<meta name=\"twitter:card\" content=\"summary_large_image\" \/>\n<meta name=\"twitter:label1\" content=\"Est. reading time\" \/>\n\t<meta name=\"twitter:data1\" content=\"2 minutes\" \/>\n<script type=\"application\/ld+json\" class=\"yoast-schema-graph\">{\"@context\":\"https:\\\/\\\/schema.org\",\"@graph\":[{\"@type\":\"WebPage\",\"@id\":\"https:\\\/\\\/escort-technology.com\\\/de\\\/kompas-magnetyczny-precision-9-compass\\\/\",\"url\":\"https:\\\/\\\/escort-technology.com\\\/de\\\/kompas-magnetyczny-precision-9-compass\\\/\",\"name\":\"Kompas magnetyczny PRECISION-9 COMPASS - ESCORT TECHNOLOGY\",\"isPartOf\":{\"@id\":\"http:\\\/\\\/escort-technology.com\\\/de\\\/#website\"},\"primaryImageOfPage\":{\"@id\":\"https:\\\/\\\/escort-technology.com\\\/de\\\/kompas-magnetyczny-precision-9-compass\\\/#primaryimage\"},\"image\":{\"@id\":\"https:\\\/\\\/escort-technology.com\\\/de\\\/kompas-magnetyczny-precision-9-compass\\\/#primaryimage\"},\"thumbnailUrl\":\"https:\\\/\\\/systembuilder.navico.com\\\/systembuilder-core\\\/image\\\/part\\\/N2K_T_RD.png\",\"datePublished\":\"2021-01-12T11:36:22+00:00\",\"breadcrumb\":{\"@id\":\"https:\\\/\\\/escort-technology.com\\\/de\\\/kompas-magnetyczny-precision-9-compass\\\/#breadcrumb\"},\"inLanguage\":\"en-US\",\"potentialAction\":[{\"@type\":\"ReadAction\",\"target\":[\"https:\\\/\\\/escort-technology.com\\\/de\\\/kompas-magnetyczny-precision-9-compass\\\/\"]}]},{\"@type\":\"ImageObject\",\"inLanguage\":\"en-US\",\"@id\":\"https:\\\/\\\/escort-technology.com\\\/de\\\/kompas-magnetyczny-precision-9-compass\\\/#primaryimage\",\"url\":\"https:\\\/\\\/systembuilder.navico.com\\\/systembuilder-core\\\/image\\\/part\\\/N2K_T_RD.png\",\"contentUrl\":\"https:\\\/\\\/systembuilder.navico.com\\\/systembuilder-core\\\/image\\\/part\\\/N2K_T_RD.png\"},{\"@type\":\"BreadcrumbList\",\"@id\":\"https:\\\/\\\/escort-technology.com\\\/de\\\/kompas-magnetyczny-precision-9-compass\\\/#breadcrumb\",\"itemListElement\":[{\"@type\":\"ListItem\",\"position\":1,\"name\":\"Strona g\u0142\u00f3wna\",\"item\":\"https:\\\/\\\/escort-technology.com\\\/\"},{\"@type\":\"ListItem\",\"position\":2,\"name\":\"Kompas magnetyczny PRECISION-9 COMPASS\"}]},{\"@type\":\"WebSite\",\"@id\":\"http:\\\/\\\/escort-technology.com\\\/de\\\/#website\",\"url\":\"http:\\\/\\\/escort-technology.com\\\/de\\\/\",\"name\":\"ESCORT TECHNOLOGY\",\"description\":\"Elektronika morska i l\u0105dowa\",\"publisher\":{\"@id\":\"http:\\\/\\\/escort-technology.com\\\/de\\\/#organization\"},\"potentialAction\":[{\"@type\":\"SearchAction\",\"target\":{\"@type\":\"EntryPoint\",\"urlTemplate\":\"http:\\\/\\\/escort-technology.com\\\/de\\\/?s={search_term_string}\"},\"query-input\":{\"@type\":\"PropertyValueSpecification\",\"valueRequired\":true,\"valueName\":\"search_term_string\"}}],\"inLanguage\":\"en-US\"},{\"@type\":\"Organization\",\"@id\":\"http:\\\/\\\/escort-technology.com\\\/de\\\/#organization\",\"name\":\"ESCORT TECHNOLOGY\",\"url\":\"http:\\\/\\\/escort-technology.com\\\/de\\\/\",\"logo\":{\"@type\":\"ImageObject\",\"inLanguage\":\"en-US\",\"@id\":\"http:\\\/\\\/escort-technology.com\\\/de\\\/#\\\/schema\\\/logo\\\/image\\\/\",\"url\":\"https:\\\/\\\/escort-technology.com\\\/wp-content\\\/uploads\\\/logo-1.jpg\",\"contentUrl\":\"https:\\\/\\\/escort-technology.com\\\/wp-content\\\/uploads\\\/logo-1.jpg\",\"width\":600,\"height\":165,\"caption\":\"ESCORT TECHNOLOGY\"},\"image\":{\"@id\":\"http:\\\/\\\/escort-technology.com\\\/de\\\/#\\\/schema\\\/logo\\\/image\\\/\"},\"sameAs\":[\"https:\\\/\\\/www.facebook.com\\\/elektronika.morska\\\/\",\"https:\\\/\\\/www.linkedin.com\\\/company\\\/escort-sp-z-o-o-\\\/\"]}]}<\/script>\n<!-- \/ Yoast SEO plugin. -->","yoast_head_json":{"title":"Kompas magnetyczny PRECISION-9 COMPASS - ESCORT TECHNOLOGY","robots":{"index":"index","follow":"follow","max-snippet":"max-snippet:-1","max-image-preview":"max-image-preview:large","max-video-preview":"max-video-preview:-1"},"canonical":"https:\/\/escort-technology.com\/en\/de\/kompas-magnetyczny-precision-9-compass\/","og_locale":"en_US","og_type":"article","og_title":"Kompas magnetyczny PRECISION-9 COMPASS - ESCORT TECHNOLOGY","og_description":"Kompas magnetyczny PRECISION-9 COMPASS \u00a0 Kompas Precision-9 dostarcza dok\u0142adnych informacji o kursie i wsp\u00f3\u0142czynniku skr\u0119tu, w oparciu o wewn\u0119trzny uk\u0142ad p\u00f3\u0142przewodnikowych czujnik\u00f3w, kt\u00f3re mierz\u0105 ruch i orientacj\u0119 w dziewi\u0119ciu osiach. \u0141atwo regulowany wspornik monta\u017cowy i \u0142\u0105czno\u015b\u0107 NMEA 2000\u00ae umo\u017cliwiaj\u0105 prost\u0105 instalacj\u0119 na ka\u017cdej \u0142odzi, w tym opcj\u0119 monta\u017cu na maszcie dla statk\u00f3w o stalowym kad\u0142ubie. [&hellip;]","og_url":"https:\/\/escort-technology.com\/en\/de\/kompas-magnetyczny-precision-9-compass\/","og_site_name":"ESCORT TECHNOLOGY","article_publisher":"https:\/\/www.facebook.com\/elektronika.morska\/","og_image":[{"url":"https:\/\/escort-technology.com\/wp-content\/uploads\/2021\/01\/000-12607-001_0.png","type":"","width":"","height":""}],"twitter_card":"summary_large_image","twitter_misc":{"Est. reading time":"2 minutes"},"schema":{"@context":"https:\/\/schema.org","@graph":[{"@type":"WebPage","@id":"https:\/\/escort-technology.com\/de\/kompas-magnetyczny-precision-9-compass\/","url":"https:\/\/escort-technology.com\/de\/kompas-magnetyczny-precision-9-compass\/","name":"Kompas magnetyczny PRECISION-9 COMPASS - ESCORT TECHNOLOGY","isPartOf":{"@id":"http:\/\/escort-technology.com\/de\/#website"},"primaryImageOfPage":{"@id":"https:\/\/escort-technology.com\/de\/kompas-magnetyczny-precision-9-compass\/#primaryimage"},"image":{"@id":"https:\/\/escort-technology.com\/de\/kompas-magnetyczny-precision-9-compass\/#primaryimage"},"thumbnailUrl":"https:\/\/systembuilder.navico.com\/systembuilder-core\/image\/part\/N2K_T_RD.png","datePublished":"2021-01-12T11:36:22+00:00","breadcrumb":{"@id":"https:\/\/escort-technology.com\/de\/kompas-magnetyczny-precision-9-compass\/#breadcrumb"},"inLanguage":"en-US","potentialAction":[{"@type":"ReadAction","target":["https:\/\/escort-technology.com\/de\/kompas-magnetyczny-precision-9-compass\/"]}]},{"@type":"ImageObject","inLanguage":"en-US","@id":"https:\/\/escort-technology.com\/de\/kompas-magnetyczny-precision-9-compass\/#primaryimage","url":"https:\/\/systembuilder.navico.com\/systembuilder-core\/image\/part\/N2K_T_RD.png","contentUrl":"https:\/\/systembuilder.navico.com\/systembuilder-core\/image\/part\/N2K_T_RD.png"},{"@type":"BreadcrumbList","@id":"https:\/\/escort-technology.com\/de\/kompas-magnetyczny-precision-9-compass\/#breadcrumb","itemListElement":[{"@type":"ListItem","position":1,"name":"Strona g\u0142\u00f3wna","item":"https:\/\/escort-technology.com\/"},{"@type":"ListItem","position":2,"name":"Kompas magnetyczny PRECISION-9 COMPASS"}]},{"@type":"WebSite","@id":"http:\/\/escort-technology.com\/de\/#website","url":"http:\/\/escort-technology.com\/de\/","name":"ESCORT TECHNOLOGY","description":"Onshore and offshore electronics","publisher":{"@id":"http:\/\/escort-technology.com\/de\/#organization"},"potentialAction":[{"@type":"SearchAction","target":{"@type":"EntryPoint","urlTemplate":"http:\/\/escort-technology.com\/de\/?s={search_term_string}"},"query-input":{"@type":"PropertyValueSpecification","valueRequired":true,"valueName":"search_term_string"}}],"inLanguage":"en-US"},{"@type":"Organization","@id":"http:\/\/escort-technology.com\/de\/#organization","name":"ESCORT TECHNOLOGY","url":"http:\/\/escort-technology.com\/de\/","logo":{"@type":"ImageObject","inLanguage":"en-US","@id":"http:\/\/escort-technology.com\/de\/#\/schema\/logo\/image\/","url":"https:\/\/escort-technology.com\/wp-content\/uploads\/logo-1.jpg","contentUrl":"https:\/\/escort-technology.com\/wp-content\/uploads\/logo-1.jpg","width":600,"height":165,"caption":"ESCORT TECHNOLOGY"},"image":{"@id":"http:\/\/escort-technology.com\/de\/#\/schema\/logo\/image\/"},"sameAs":["https:\/\/www.facebook.com\/elektronika.morska\/","https:\/\/www.linkedin.com\/company\/escort-sp-z-o-o-\/"]}]}},"_links":{"self":[{"href":"https:\/\/escort-technology.com\/en\/wp-json\/wp\/v2\/pages\/8067","targetHints":{"allow":["GET"]}}],"collection":[{"href":"https:\/\/escort-technology.com\/en\/wp-json\/wp\/v2\/pages"}],"about":[{"href":"https:\/\/escort-technology.com\/en\/wp-json\/wp\/v2\/types\/page"}],"author":[{"embeddable":true,"href":"https:\/\/escort-technology.com\/en\/wp-json\/wp\/v2\/users\/10"}],"replies":[{"embeddable":true,"href":"https:\/\/escort-technology.com\/en\/wp-json\/wp\/v2\/comments?post=8067"}],"version-history":[{"count":2,"href":"https:\/\/escort-technology.com\/en\/wp-json\/wp\/v2\/pages\/8067\/revisions"}],"predecessor-version":[{"id":8074,"href":"https:\/\/escort-technology.com\/en\/wp-json\/wp\/v2\/pages\/8067\/revisions\/8074"}],"wp:attachment":[{"href":"https:\/\/escort-technology.com\/en\/wp-json\/wp\/v2\/media?parent=8067"}],"curies":[{"name":"wp","href":"https:\/\/api.w.org\/{rel}","templated":true}]}}