{"id":8075,"date":"2021-01-14T09:23:59","date_gmt":"2021-01-14T08:23:59","guid":{"rendered":"https:\/\/escort-technology.com\/?page_id=8075"},"modified":"2021-01-14T11:26:36","modified_gmt":"2021-01-14T10:26:36","slug":"promocja-na-radiotelefony-icom-ic-f3002-4002","status":"publish","type":"page","link":"https:\/\/escort-technology.com\/en\/promocja-na-radiotelefony-icom-ic-f3002-4002\/","title":{"rendered":"Promocja na radiotelefony ICOM IC-F3002\/4002"},"content":{"rendered":"<h1>\n<h1 class=\"uk-article-title\">Promocja na radiotelefony ICOM IC-F3002\/4002<\/h1>\n<\/h1>\n<hr>\n<p><video src=\"\/wp-content\/uploads\/2021\/01\/KODEN-KRD-10-1.mp4\" poster=\"\"><\/video><\/p>\n<div>\n<p>Zapraszamy do skorzystania z noworocznej promocji na radiotelefony marki ICOM. Urz\u0105dzenia obj\u0119te promocj\u0105:<\/p>\n<p>&#8211; IC-F3002 #08 (w komplecie akumulator BP-265 &#8211; 2000 mAh)<br \/>&#8211; IC-F4002 #72 (w komplecie akumulator BP-298 &#8211; 2250 mAh)<\/p>\n<p>Oferta wa\u017cna do wyczerpania zapas\u00f3w.<\/p>\n<p>Po wi\u0119cej informacji zapraszamy do kontaktu:<\/p>\n<p>e-mail: sales@ecort.com.pl<\/p>\n<\/div>\n<p><!-- {\"type\":\"layout\",\"children\":[{\"type\":\"section\",\"props\":{\"style\":\"default\",\"width\":\"default\",\"vertical_align\":\"middle\",\"title_position\":\"top-left\",\"title_rotation\":\"left\",\"title_breakpoint\":\"xl\",\"image_position\":\"center-center\"},\"children\":[{\"type\":\"row\",\"children\":[{\"type\":\"column\",\"props\":{\"image_position\":\"center-center\",\"media_overlay_gradient\":\"\"},\"children\":[{\"type\":\"headline\",\"props\":{\"title_element\":\"h1\",\"content\":\"\n\n<h1 class=\\\"uk-article-title\\\">Promocja na radiotelefony ICOM IC-F3002\\\/4002<\\\/h1>\"}},{\"type\":\"divider\",\"props\":{\"divider_element\":\"hr\"}}]}]}]},{\"type\":\"section\",\"props\":{\"style\":\"default\",\"width\":\"default\",\"vertical_align\":\"middle\",\"title_position\":\"top-left\",\"title_rotation\":\"left\",\"title_breakpoint\":\"xl\",\"image_position\":\"center-center\"},\"children\":[{\"type\":\"row\",\"props\":{\"layout\":\"1-2,1-2\"},\"children\":[{\"type\":\"column\",\"props\":{\"image_position\":\"center-center\",\"media_overlay_gradient\":\"\",\"width_medium\":\"1-2\"},\"children\":[{\"type\":\"video\",\"props\":{\"video_controls\":false,\"margin\":\"default\",\"video\":\"wp-content\\\/uploads\\\/2021\\\/01\\\/KODEN-KRD-10-1.mp4\",\"video_loop\":true,\"video_autoplay\":true,\"video_lazyload\":false}}]},{\"type\":\"column\",\"props\":{\"image_position\":\"center-center\",\"media_overlay_gradient\":\"\",\"width_medium\":\"1-2\"},\"children\":[{\"type\":\"text\",\"props\":{\"margin\":\"default\",\"column_breakpoint\":\"m\",\"content\":\"\n\n<p>Zapraszamy do skorzystania z noworocznej promocji na radiotelefony marki ICOM. Urz\\u0105dzenia obj\\u0119te promocj\\u0105:<\\\/p>\\n\n\n<p>- IC-F3002 #08 (w komplecie akumulator BP-265 - 2000 mAh)<br \\\/>- IC-F4002 #72 (w komplecie akumulator BP-298 - 2250 mAh)<\\\/p>\\n\n\n<p>Oferta wa\\u017cna do wyczerpania zapas\\u00f3w.<\\\/p>\\n\n\n<p>Po wi\\u0119cej informacji zapraszamy do kontaktu:<\\\/p>\\n\n\n<p>e-mail: sales@ecort.com.pl<\\\/p>\"}}]}]}]}],\"version\":\"2.3.25\"} --><\/p>\n","protected":false},"excerpt":{"rendered":"<p>Promocja na radiotelefony ICOM IC-F3002\/4002 Zapraszamy do skorzystania z noworocznej promocji na radiotelefony marki ICOM. Urz\u0105dzenia obj\u0119te promocj\u0105: &#8211; IC-F3002 #08 (w komplecie akumulator BP-265 &#8211; 2000 mAh)&#8211; IC-F4002 #72 (w komplecie akumulator BP-298 &#8211; 2250 mAh) Oferta wa\u017cna do wyczerpania zapas\u00f3w. Po wi\u0119cej informacji zapraszamy do kontaktu: e-mail: sales@ecort.com.pl<\/p>","protected":false},"author":10,"featured_media":0,"parent":0,"menu_order":0,"comment_status":"closed","ping_status":"closed","template":"","meta":{"footnotes":""},"class_list":["post-8075","page","type-page","status-publish","hentry"],"yoast_head":"<!-- This site is optimized with the Yoast SEO plugin v27.6 - https:\/\/yoast.com\/product\/yoast-seo-wordpress\/ -->\n<title>Promocja na radiotelefony ICOM IC-F3002\/4002 - ESCORT TECHNOLOGY<\/title>\n<meta name=\"robots\" content=\"index, follow, max-snippet:-1, max-image-preview:large, max-video-preview:-1\" \/>\n<link rel=\"canonical\" href=\"http:\/\/escort-technology.com\/en\/de\/promocja-na-radiotelefony-icom-ic-f3002-4002\/\" \/>\n<meta property=\"og:locale\" content=\"en_US\" \/>\n<meta property=\"og:type\" content=\"article\" \/>\n<meta property=\"og:title\" content=\"Promocja na radiotelefony ICOM IC-F3002\/4002 - ESCORT TECHNOLOGY\" \/>\n<meta property=\"og:description\" content=\"Promocja na radiotelefony ICOM IC-F3002\/4002 Zapraszamy do skorzystania z noworocznej promocji na radiotelefony marki ICOM. Urz\u0105dzenia obj\u0119te promocj\u0105: &#8211; IC-F3002 #08 (w komplecie akumulator BP-265 &#8211; 2000 mAh)&#8211; IC-F4002 #72 (w komplecie akumulator BP-298 &#8211; 2250 mAh) Oferta wa\u017cna do wyczerpania zapas\u00f3w. Po wi\u0119cej informacji zapraszamy do kontaktu: e-mail: sales@ecort.com.pl\" \/>\n<meta property=\"og:url\" content=\"http:\/\/escort-technology.com\/en\/de\/promocja-na-radiotelefony-icom-ic-f3002-4002\/\" \/>\n<meta property=\"og:site_name\" content=\"ESCORT TECHNOLOGY\" \/>\n<meta property=\"article:publisher\" content=\"https:\/\/www.facebook.com\/elektronika.morska\/\" \/>\n<meta property=\"article:modified_time\" content=\"2021-01-14T10:26:36+00:00\" \/>\n<meta name=\"twitter:card\" content=\"summary_large_image\" \/>\n<script type=\"application\/ld+json\" class=\"yoast-schema-graph\">{\"@context\":\"https:\\\/\\\/schema.org\",\"@graph\":[{\"@type\":\"WebPage\",\"@id\":\"http:\\\/\\\/escort-technology.com\\\/de\\\/promocja-na-radiotelefony-icom-ic-f3002-4002\\\/\",\"url\":\"http:\\\/\\\/escort-technology.com\\\/de\\\/promocja-na-radiotelefony-icom-ic-f3002-4002\\\/\",\"name\":\"Promocja na radiotelefony ICOM IC-F3002\\\/4002 - ESCORT TECHNOLOGY\",\"isPartOf\":{\"@id\":\"http:\\\/\\\/escort-technology.com\\\/de\\\/#website\"},\"datePublished\":\"2021-01-14T08:23:59+00:00\",\"dateModified\":\"2021-01-14T10:26:36+00:00\",\"breadcrumb\":{\"@id\":\"http:\\\/\\\/escort-technology.com\\\/de\\\/promocja-na-radiotelefony-icom-ic-f3002-4002\\\/#breadcrumb\"},\"inLanguage\":\"en-US\",\"potentialAction\":[{\"@type\":\"ReadAction\",\"target\":[\"http:\\\/\\\/escort-technology.com\\\/de\\\/promocja-na-radiotelefony-icom-ic-f3002-4002\\\/\"]}]},{\"@type\":\"BreadcrumbList\",\"@id\":\"http:\\\/\\\/escort-technology.com\\\/de\\\/promocja-na-radiotelefony-icom-ic-f3002-4002\\\/#breadcrumb\",\"itemListElement\":[{\"@type\":\"ListItem\",\"position\":1,\"name\":\"Strona g\u0142\u00f3wna\",\"item\":\"https:\\\/\\\/escort-technology.com\\\/\"},{\"@type\":\"ListItem\",\"position\":2,\"name\":\"Promocja na radiotelefony ICOM IC-F3002\\\/4002\"}]},{\"@type\":\"WebSite\",\"@id\":\"http:\\\/\\\/escort-technology.com\\\/de\\\/#website\",\"url\":\"http:\\\/\\\/escort-technology.com\\\/de\\\/\",\"name\":\"ESCORT TECHNOLOGY\",\"description\":\"Elektronika morska i l\u0105dowa\",\"publisher\":{\"@id\":\"http:\\\/\\\/escort-technology.com\\\/de\\\/#organization\"},\"potentialAction\":[{\"@type\":\"SearchAction\",\"target\":{\"@type\":\"EntryPoint\",\"urlTemplate\":\"http:\\\/\\\/escort-technology.com\\\/de\\\/?s={search_term_string}\"},\"query-input\":{\"@type\":\"PropertyValueSpecification\",\"valueRequired\":true,\"valueName\":\"search_term_string\"}}],\"inLanguage\":\"en-US\"},{\"@type\":\"Organization\",\"@id\":\"http:\\\/\\\/escort-technology.com\\\/de\\\/#organization\",\"name\":\"ESCORT TECHNOLOGY\",\"url\":\"http:\\\/\\\/escort-technology.com\\\/de\\\/\",\"logo\":{\"@type\":\"ImageObject\",\"inLanguage\":\"en-US\",\"@id\":\"http:\\\/\\\/escort-technology.com\\\/de\\\/#\\\/schema\\\/logo\\\/image\\\/\",\"url\":\"https:\\\/\\\/escort-technology.com\\\/wp-content\\\/uploads\\\/logo-1.jpg\",\"contentUrl\":\"https:\\\/\\\/escort-technology.com\\\/wp-content\\\/uploads\\\/logo-1.jpg\",\"width\":600,\"height\":165,\"caption\":\"ESCORT TECHNOLOGY\"},\"image\":{\"@id\":\"http:\\\/\\\/escort-technology.com\\\/de\\\/#\\\/schema\\\/logo\\\/image\\\/\"},\"sameAs\":[\"https:\\\/\\\/www.facebook.com\\\/elektronika.morska\\\/\",\"https:\\\/\\\/www.linkedin.com\\\/company\\\/escort-sp-z-o-o-\\\/\"]}]}<\/script>\n<!-- \/ Yoast SEO plugin. -->","yoast_head_json":{"title":"Promocja na radiotelefony ICOM IC-F3002\/4002 - ESCORT TECHNOLOGY","robots":{"index":"index","follow":"follow","max-snippet":"max-snippet:-1","max-image-preview":"max-image-preview:large","max-video-preview":"max-video-preview:-1"},"canonical":"http:\/\/escort-technology.com\/en\/de\/promocja-na-radiotelefony-icom-ic-f3002-4002\/","og_locale":"en_US","og_type":"article","og_title":"Promocja na radiotelefony ICOM IC-F3002\/4002 - ESCORT TECHNOLOGY","og_description":"Promocja na radiotelefony ICOM IC-F3002\/4002 Zapraszamy do skorzystania z noworocznej promocji na radiotelefony marki ICOM. Urz\u0105dzenia obj\u0119te promocj\u0105: &#8211; IC-F3002 #08 (w komplecie akumulator BP-265 &#8211; 2000 mAh)&#8211; IC-F4002 #72 (w komplecie akumulator BP-298 &#8211; 2250 mAh) Oferta wa\u017cna do wyczerpania zapas\u00f3w. Po wi\u0119cej informacji zapraszamy do kontaktu: e-mail: sales@ecort.com.pl","og_url":"http:\/\/escort-technology.com\/en\/de\/promocja-na-radiotelefony-icom-ic-f3002-4002\/","og_site_name":"ESCORT TECHNOLOGY","article_publisher":"https:\/\/www.facebook.com\/elektronika.morska\/","article_modified_time":"2021-01-14T10:26:36+00:00","twitter_card":"summary_large_image","schema":{"@context":"https:\/\/schema.org","@graph":[{"@type":"WebPage","@id":"http:\/\/escort-technology.com\/de\/promocja-na-radiotelefony-icom-ic-f3002-4002\/","url":"http:\/\/escort-technology.com\/de\/promocja-na-radiotelefony-icom-ic-f3002-4002\/","name":"Promocja na radiotelefony ICOM IC-F3002\/4002 - ESCORT TECHNOLOGY","isPartOf":{"@id":"http:\/\/escort-technology.com\/de\/#website"},"datePublished":"2021-01-14T08:23:59+00:00","dateModified":"2021-01-14T10:26:36+00:00","breadcrumb":{"@id":"http:\/\/escort-technology.com\/de\/promocja-na-radiotelefony-icom-ic-f3002-4002\/#breadcrumb"},"inLanguage":"en-US","potentialAction":[{"@type":"ReadAction","target":["http:\/\/escort-technology.com\/de\/promocja-na-radiotelefony-icom-ic-f3002-4002\/"]}]},{"@type":"BreadcrumbList","@id":"http:\/\/escort-technology.com\/de\/promocja-na-radiotelefony-icom-ic-f3002-4002\/#breadcrumb","itemListElement":[{"@type":"ListItem","position":1,"name":"Strona g\u0142\u00f3wna","item":"https:\/\/escort-technology.com\/"},{"@type":"ListItem","position":2,"name":"Promocja na radiotelefony ICOM IC-F3002\/4002"}]},{"@type":"WebSite","@id":"http:\/\/escort-technology.com\/de\/#website","url":"http:\/\/escort-technology.com\/de\/","name":"ESCORT TECHNOLOGY","description":"Onshore and offshore electronics","publisher":{"@id":"http:\/\/escort-technology.com\/de\/#organization"},"potentialAction":[{"@type":"SearchAction","target":{"@type":"EntryPoint","urlTemplate":"http:\/\/escort-technology.com\/de\/?s={search_term_string}"},"query-input":{"@type":"PropertyValueSpecification","valueRequired":true,"valueName":"search_term_string"}}],"inLanguage":"en-US"},{"@type":"Organization","@id":"http:\/\/escort-technology.com\/de\/#organization","name":"ESCORT TECHNOLOGY","url":"http:\/\/escort-technology.com\/de\/","logo":{"@type":"ImageObject","inLanguage":"en-US","@id":"http:\/\/escort-technology.com\/de\/#\/schema\/logo\/image\/","url":"https:\/\/escort-technology.com\/wp-content\/uploads\/logo-1.jpg","contentUrl":"https:\/\/escort-technology.com\/wp-content\/uploads\/logo-1.jpg","width":600,"height":165,"caption":"ESCORT TECHNOLOGY"},"image":{"@id":"http:\/\/escort-technology.com\/de\/#\/schema\/logo\/image\/"},"sameAs":["https:\/\/www.facebook.com\/elektronika.morska\/","https:\/\/www.linkedin.com\/company\/escort-sp-z-o-o-\/"]}]}},"_links":{"self":[{"href":"https:\/\/escort-technology.com\/en\/wp-json\/wp\/v2\/pages\/8075","targetHints":{"allow":["GET"]}}],"collection":[{"href":"https:\/\/escort-technology.com\/en\/wp-json\/wp\/v2\/pages"}],"about":[{"href":"https:\/\/escort-technology.com\/en\/wp-json\/wp\/v2\/types\/page"}],"author":[{"embeddable":true,"href":"https:\/\/escort-technology.com\/en\/wp-json\/wp\/v2\/users\/10"}],"replies":[{"embeddable":true,"href":"https:\/\/escort-technology.com\/en\/wp-json\/wp\/v2\/comments?post=8075"}],"version-history":[{"count":6,"href":"https:\/\/escort-technology.com\/en\/wp-json\/wp\/v2\/pages\/8075\/revisions"}],"predecessor-version":[{"id":8090,"href":"https:\/\/escort-technology.com\/en\/wp-json\/wp\/v2\/pages\/8075\/revisions\/8090"}],"wp:attachment":[{"href":"https:\/\/escort-technology.com\/en\/wp-json\/wp\/v2\/media?parent=8075"}],"curies":[{"name":"wp","href":"https:\/\/api.w.org\/{rel}","templated":true}]}}