{"id":8319,"date":"2021-02-12T15:36:09","date_gmt":"2021-02-12T14:36:09","guid":{"rendered":"https:\/\/escort-technology.com\/?page_id=8319"},"modified":"2021-02-12T15:58:27","modified_gmt":"2021-02-12T14:58:27","slug":"echosonda-szerokopasmowa-koden-cvs-128b","status":"publish","type":"page","link":"https:\/\/escort-technology.com\/en\/echosonda-szerokopasmowa-koden-cvs-128b\/","title":{"rendered":"Echosonda szerokopasmowa KODEN CVS-128B"},"content":{"rendered":"<h1>\n<form id=\"customize-controls\" class=\"wrap wp-full-overlay-sidebar\">\n<div id=\"widgets-right\" class=\"wp-clearfix\">\n<div class=\"wp-full-overlay-sidebar-content\" tabindex=\"-1\">\n<div class=\"uk-noconflict\">\n<div class=\"yo-wp-sidebar yo-open\">\n<div>\n<div class=\"yo-sidebar-section yo-wp-sidebar-section\" data-width=\"500\">\n<p>Echosonda szerokopasmowa KODEN CVS-128B<\/p>\n<\/div>\n<\/div>\n<\/div>\n<\/div>\n<\/div>\n<\/div>\n<\/form>\n<\/h1>\n<hr>\n<p><img decoding=\"async\" src=\"\/wp-content\/uploads\/2021\/02\/CVS-128.jpg\" alt=\"\"><\/p>\n<p>\n    <a href=\"https:\/\/www.koden-electronics.co.jp\/cms\/wp-content\/uploads\/2019\/02\/CVS-128B_1410B_01_20141.pdf\">Broszura<\/a>\n<\/p>\n<div>\n<h3>Cechy<\/h3>\n<ul>\n<li>Dost\u0119pne s\u0105 dwa typy przetwornika szerokopasmowego do wyboru. Dwie selektywne cz\u0119stotliwo\u015bci mog\u0105 by\u0107 ustawiane i zmieniane podczas pracy w poni\u017cszych zakresach.<br \/>TDM-071 (38 do 65 kHz)<br \/>TDM-091D (42 do 65 kHz, 130 do 210 kHz)<br \/>Elastyczny wyb\u00f3r cz\u0119stotliwo\u015bci z krokiem co 0,1kHz pozwala u\u017cytkownikowi na unikni\u0119cie interferencji z echosondami na innych jednostkach p\u0142ywaj\u0105cych.<\/li>\n<li>Koden Digital Filtering (KDF&#x2122;)\u00a0 \u00a0Technologia Koden Digital Filtering (KDF&#x2122;) pozwoli\u0142a na uzyskanie niskiego poziomu szum\u00f3w, wysokiej rozdzielczo\u015bci i wyj\u0105tkowej odleg\u0142o\u015bci wykrywania.<\/li>\n<li>Wy\u015bwietlanie obszaru detekcji. Poznaj dok\u0142adnie obszar dna pokryty przez wi\u0105zki d\u017awi\u0119kowe o niskiej i wysokiej cz\u0119stotliwo\u015bci. Mo\u017ce to pom\u00f3c w namierzeniu ryby bezpo\u015brednio pod \u0142odzi\u0105 lub z boku.<\/li>\n<li>Przechowywanie obraz\u00f3w. Zapisuje do 10 obraz\u00f3w z ekranu we wbudowanej pami\u0119ci, aby przywo\u0142a\u0107 je p\u00f3\u017aniej za pomoc\u0105 jednego dotkni\u0119cia.<\/li>\n<li>Sona-Tone&#x2122; Ekskluzywny Sona-Tone identyfikuje, co znajduje si\u0119 pod \u0142odzi\u0105, dzi\u0119ki r\u00f3\u017cnym d\u017awi\u0119kom dla ryb i \u0142awic ryb.<\/li>\n<li>Funkcja Auto. Uwalnia od zgadywania, jak obs\u0142ugiwa\u0107 echosond\u0119. Nawet pocz\u0105tkuj\u0105cy u\u017cytkownik mo\u017ce osi\u0105gn\u0105\u0107 profesjonalne rezultaty, pozwalaj\u0105c CVS-128B wybra\u0107 optymalne ustawienia dla takich funkcji jak Range, Shift i TVG.<\/li>\n<li>Po\u0142\u0105czenie z JB-38. Mo\u017cesz po\u0142\u0105czy\u0107 si\u0119 z istniej\u0105cymi przetwornikami za pomoc\u0105 JB-38 (opcja).<\/li>\n<\/ul>\n<\/div>\n<p><!-- {\"type\":\"layout\",\"children\":[{\"type\":\"section\",\"props\":{\"style\":\"default\",\"width\":\"default\",\"vertical_align\":\"middle\",\"title_position\":\"top-left\",\"title_rotation\":\"left\",\"title_breakpoint\":\"xl\",\"image_position\":\"center-center\"},\"children\":[{\"type\":\"row\",\"children\":[{\"type\":\"column\",\"props\":{\"image_position\":\"center-center\",\"media_overlay_gradient\":\"\"},\"children\":[{\"type\":\"headline\",\"props\":{\"title_element\":\"h1\",\"content\":\"\n\n<form id=\\\"customize-controls\\\" class=\\\"wrap wp-full-overlay-sidebar\\\">\\n\n\n<div id=\\\"widgets-right\\\" class=\\\"wp-clearfix\\\">\\n\n\n<div class=\\\"wp-full-overlay-sidebar-content\\\" tabindex=\\\"-1\\\">\\n\n\n<div class=\\\"uk-noconflict\\\">\\n\n\n<div class=\\\"yo-wp-sidebar yo-open\\\">\\n\n\n<div>\\n\n\n<div class=\\\"yo-sidebar-section yo-wp-sidebar-section\\\" data-width=\\\"500\\\">\\n\n\n<p>Echosonda szerokopasmowa KODEN CVS-128B<\\\/p>\\n<\\\/div>\\n<\\\/div>\\n<\\\/div>\\n<\\\/div>\\n<\\\/div>\\n<\\\/div>\\n<\\\/form>\"}},{\"type\":\"divider\",\"props\":{\"divider_element\":\"hr\"}}]}]}]},{\"type\":\"section\",\"props\":{\"style\":\"default\",\"width\":\"default\",\"vertical_align\":\"middle\",\"title_position\":\"top-left\",\"title_rotation\":\"left\",\"title_breakpoint\":\"xl\",\"image_position\":\"center-center\"},\"children\":[{\"type\":\"row\",\"props\":{\"layout\":\"1-2,1-2\"},\"children\":[{\"type\":\"column\",\"props\":{\"image_position\":\"center-center\",\"media_overlay_gradient\":\"\",\"width_medium\":\"1-2\"},\"children\":[{\"type\":\"image\",\"props\":{\"margin\":\"default\",\"image_svg_color\":\"emphasis\",\"image\":\"wp-content\\\/uploads\\\/2021\\\/02\\\/CVS-128.jpg\",\"image_width\":\"400\",\"text_align\":\"center\"}},{\"type\":\"button\",\"props\":{\"grid_column_gap\":\"small\",\"grid_row_gap\":\"small\",\"margin\":\"default\",\"text_align\":\"center\"},\"children\":[{\"type\":\"button_item\",\"props\":{\"button_style\":\"default\",\"icon_align\":\"left\",\"content\":\"Broszura\",\"link\":\"https:\\\/\\\/www.koden-electronics.co.jp\\\/cms\\\/wp-content\\\/uploads\\\/2019\\\/02\\\/CVS-128B_1410B_01_20141.pdf\"}}]}]},{\"type\":\"column\",\"props\":{\"image_position\":\"center-center\",\"media_overlay_gradient\":\"\",\"width_medium\":\"1-2\"},\"children\":[{\"type\":\"text\",\"props\":{\"margin\":\"default\",\"column_breakpoint\":\"m\",\"content\":\"\n\n<h3>Cechy<\\\/h3>\\n\n\n<ul>\\n\n\n<li>Dost\\u0119pne s\\u0105 dwa typy przetwornika szerokopasmowego do wyboru. Dwie selektywne cz\\u0119stotliwo\\u015bci mog\\u0105 by\\u0107 ustawiane i zmieniane podczas pracy w poni\\u017cszych zakresach.<br \\\/>TDM-071 (38 do 65 kHz)<br \\\/>TDM-091D (42 do 65 kHz, 130 do 210 kHz)<br \\\/>Elastyczny wyb\\u00f3r cz\\u0119stotliwo\\u015bci z krokiem co 0,1kHz pozwala u\\u017cytkownikowi na unikni\\u0119cie interferencji z echosondami na innych jednostkach p\\u0142ywaj\\u0105cych.<\\\/li>\\n\n\n<li>Koden Digital Filtering (KDF\\u2122)\\u00a0 \\u00a0Technologia Koden Digital Filtering (KDF\\u2122) pozwoli\\u0142a na uzyskanie niskiego poziomu szum\\u00f3w, wysokiej rozdzielczo\\u015bci i wyj\\u0105tkowej odleg\\u0142o\\u015bci wykrywania.<\\\/li>\\n\n\n<li>Wy\\u015bwietlanie obszaru detekcji. Poznaj dok\\u0142adnie obszar dna pokryty przez wi\\u0105zki d\\u017awi\\u0119kowe o niskiej i wysokiej cz\\u0119stotliwo\\u015bci. Mo\\u017ce to pom\\u00f3c w namierzeniu ryby bezpo\\u015brednio pod \\u0142odzi\\u0105 lub z boku.<\\\/li>\\n\n\n<li>Przechowywanie obraz\\u00f3w. Zapisuje do 10 obraz\\u00f3w z ekranu we wbudowanej pami\\u0119ci, aby przywo\\u0142a\\u0107 je p\\u00f3\\u017aniej za pomoc\\u0105 jednego dotkni\\u0119cia.<\\\/li>\\n\n\n<li>Sona-Tone\\u2122 Ekskluzywny Sona-Tone identyfikuje, co znajduje si\\u0119 pod \\u0142odzi\\u0105, dzi\\u0119ki r\\u00f3\\u017cnym d\\u017awi\\u0119kom dla ryb i \\u0142awic ryb.<\\\/li>\\n\n\n<li>Funkcja Auto. Uwalnia od zgadywania, jak obs\\u0142ugiwa\\u0107 echosond\\u0119. Nawet pocz\\u0105tkuj\\u0105cy u\\u017cytkownik mo\\u017ce osi\\u0105gn\\u0105\\u0107 profesjonalne rezultaty, pozwalaj\\u0105c CVS-128B wybra\\u0107 optymalne ustawienia dla takich funkcji jak Range, Shift i TVG.<\\\/li>\\n\n\n<li>Po\\u0142\\u0105czenie z JB-38. Mo\\u017cesz po\\u0142\\u0105czy\\u0107 si\\u0119 z istniej\\u0105cymi przetwornikami za pomoc\\u0105 JB-38 (opcja).<\\\/li>\\n<\\\/ul>\"}}]}]}]}],\"version\":\"2.3.25\"} --><\/p>\n","protected":false},"excerpt":{"rendered":"<p>Echosonda szerokopasmowa KODEN CVS-128B Broszura Cechy Dost\u0119pne s\u0105 dwa typy przetwornika szerokopasmowego do wyboru. Dwie selektywne cz\u0119stotliwo\u015bci mog\u0105 by\u0107 ustawiane i zmieniane podczas pracy w poni\u017cszych zakresach.TDM-071 (38 do 65 kHz)TDM-091D (42 do 65 kHz, 130 do 210 kHz)Elastyczny wyb\u00f3r cz\u0119stotliwo\u015bci z krokiem co 0,1kHz pozwala u\u017cytkownikowi na unikni\u0119cie interferencji z echosondami na innych jednostkach [&hellip;]<\/p>\n","protected":false},"author":10,"featured_media":0,"parent":0,"menu_order":0,"comment_status":"closed","ping_status":"closed","template":"","meta":{"footnotes":""},"class_list":["post-8319","page","type-page","status-publish","hentry"],"yoast_head":"<!-- This site is optimized with the Yoast SEO plugin v27.5 - https:\/\/yoast.com\/product\/yoast-seo-wordpress\/ -->\n<title>Echosonda szerokopasmowa KODEN CVS-128B - ESCORT TECHNOLOGY<\/title>\n<meta name=\"robots\" content=\"index, follow, max-snippet:-1, max-image-preview:large, max-video-preview:-1\" \/>\n<link rel=\"canonical\" href=\"https:\/\/escort-technology.com\/en\/echosonda-szerokopasmowa-koden-cvs-128b\/\" \/>\n<meta property=\"og:locale\" content=\"en_US\" \/>\n<meta property=\"og:type\" content=\"article\" \/>\n<meta property=\"og:title\" content=\"Echosonda szerokopasmowa KODEN CVS-128B - ESCORT TECHNOLOGY\" \/>\n<meta property=\"og:description\" content=\"Echosonda szerokopasmowa KODEN CVS-128B Broszura Cechy Dost\u0119pne s\u0105 dwa typy przetwornika szerokopasmowego do wyboru. Dwie selektywne cz\u0119stotliwo\u015bci mog\u0105 by\u0107 ustawiane i zmieniane podczas pracy w poni\u017cszych zakresach.TDM-071 (38 do 65 kHz)TDM-091D (42 do 65 kHz, 130 do 210 kHz)Elastyczny wyb\u00f3r cz\u0119stotliwo\u015bci z krokiem co 0,1kHz pozwala u\u017cytkownikowi na unikni\u0119cie interferencji z echosondami na innych jednostkach [&hellip;]\" \/>\n<meta property=\"og:url\" content=\"https:\/\/escort-technology.com\/en\/echosonda-szerokopasmowa-koden-cvs-128b\/\" \/>\n<meta property=\"og:site_name\" content=\"ESCORT TECHNOLOGY\" \/>\n<meta property=\"article:publisher\" content=\"https:\/\/www.facebook.com\/elektronika.morska\/\" \/>\n<meta property=\"article:modified_time\" content=\"2021-02-12T14:58:27+00:00\" \/>\n<meta property=\"og:image\" content=\"https:\/\/escort-technology.com\/wp-content\/uploads\/2021\/02\/CVS-128.jpg\" \/>\n<meta name=\"twitter:card\" content=\"summary_large_image\" \/>\n<meta name=\"twitter:label1\" content=\"Est. reading time\" \/>\n\t<meta name=\"twitter:data1\" content=\"1 minute\" \/>\n<script type=\"application\/ld+json\" class=\"yoast-schema-graph\">{\"@context\":\"https:\\\/\\\/schema.org\",\"@graph\":[{\"@type\":\"WebPage\",\"@id\":\"https:\\\/\\\/escort-technology.com\\\/en\\\/echosonda-szerokopasmowa-koden-cvs-128b\\\/\",\"url\":\"https:\\\/\\\/escort-technology.com\\\/en\\\/echosonda-szerokopasmowa-koden-cvs-128b\\\/\",\"name\":\"Echosonda szerokopasmowa KODEN CVS-128B - ESCORT TECHNOLOGY\",\"isPartOf\":{\"@id\":\"http:\\\/\\\/escort-technology.com\\\/de\\\/#website\"},\"datePublished\":\"2021-02-12T14:36:09+00:00\",\"dateModified\":\"2021-02-12T14:58:27+00:00\",\"breadcrumb\":{\"@id\":\"https:\\\/\\\/escort-technology.com\\\/en\\\/echosonda-szerokopasmowa-koden-cvs-128b\\\/#breadcrumb\"},\"inLanguage\":\"en-US\",\"potentialAction\":[{\"@type\":\"ReadAction\",\"target\":[\"https:\\\/\\\/escort-technology.com\\\/en\\\/echosonda-szerokopasmowa-koden-cvs-128b\\\/\"]}]},{\"@type\":\"BreadcrumbList\",\"@id\":\"https:\\\/\\\/escort-technology.com\\\/en\\\/echosonda-szerokopasmowa-koden-cvs-128b\\\/#breadcrumb\",\"itemListElement\":[{\"@type\":\"ListItem\",\"position\":1,\"name\":\"Strona g\u0142\u00f3wna\",\"item\":\"https:\\\/\\\/escort-technology.com\\\/\"},{\"@type\":\"ListItem\",\"position\":2,\"name\":\"Echosonda szerokopasmowa KODEN CVS-128B\"}]},{\"@type\":\"WebSite\",\"@id\":\"http:\\\/\\\/escort-technology.com\\\/de\\\/#website\",\"url\":\"http:\\\/\\\/escort-technology.com\\\/de\\\/\",\"name\":\"ESCORT TECHNOLOGY\",\"description\":\"Elektronika morska i l\u0105dowa\",\"publisher\":{\"@id\":\"http:\\\/\\\/escort-technology.com\\\/de\\\/#organization\"},\"potentialAction\":[{\"@type\":\"SearchAction\",\"target\":{\"@type\":\"EntryPoint\",\"urlTemplate\":\"http:\\\/\\\/escort-technology.com\\\/de\\\/?s={search_term_string}\"},\"query-input\":{\"@type\":\"PropertyValueSpecification\",\"valueRequired\":true,\"valueName\":\"search_term_string\"}}],\"inLanguage\":\"en-US\"},{\"@type\":\"Organization\",\"@id\":\"http:\\\/\\\/escort-technology.com\\\/de\\\/#organization\",\"name\":\"ESCORT TECHNOLOGY\",\"url\":\"http:\\\/\\\/escort-technology.com\\\/de\\\/\",\"logo\":{\"@type\":\"ImageObject\",\"inLanguage\":\"en-US\",\"@id\":\"http:\\\/\\\/escort-technology.com\\\/de\\\/#\\\/schema\\\/logo\\\/image\\\/\",\"url\":\"https:\\\/\\\/escort-technology.com\\\/wp-content\\\/uploads\\\/logo-1.jpg\",\"contentUrl\":\"https:\\\/\\\/escort-technology.com\\\/wp-content\\\/uploads\\\/logo-1.jpg\",\"width\":600,\"height\":165,\"caption\":\"ESCORT TECHNOLOGY\"},\"image\":{\"@id\":\"http:\\\/\\\/escort-technology.com\\\/de\\\/#\\\/schema\\\/logo\\\/image\\\/\"},\"sameAs\":[\"https:\\\/\\\/www.facebook.com\\\/elektronika.morska\\\/\",\"https:\\\/\\\/www.linkedin.com\\\/company\\\/escort-sp-z-o-o-\\\/\"]}]}<\/script>\n<!-- \/ Yoast SEO plugin. -->","yoast_head_json":{"title":"Echosonda szerokopasmowa KODEN CVS-128B - ESCORT TECHNOLOGY","robots":{"index":"index","follow":"follow","max-snippet":"max-snippet:-1","max-image-preview":"max-image-preview:large","max-video-preview":"max-video-preview:-1"},"canonical":"https:\/\/escort-technology.com\/en\/echosonda-szerokopasmowa-koden-cvs-128b\/","og_locale":"en_US","og_type":"article","og_title":"Echosonda szerokopasmowa KODEN CVS-128B - ESCORT TECHNOLOGY","og_description":"Echosonda szerokopasmowa KODEN CVS-128B Broszura Cechy Dost\u0119pne s\u0105 dwa typy przetwornika szerokopasmowego do wyboru. Dwie selektywne cz\u0119stotliwo\u015bci mog\u0105 by\u0107 ustawiane i zmieniane podczas pracy w poni\u017cszych zakresach.TDM-071 (38 do 65 kHz)TDM-091D (42 do 65 kHz, 130 do 210 kHz)Elastyczny wyb\u00f3r cz\u0119stotliwo\u015bci z krokiem co 0,1kHz pozwala u\u017cytkownikowi na unikni\u0119cie interferencji z echosondami na innych jednostkach [&hellip;]","og_url":"https:\/\/escort-technology.com\/en\/echosonda-szerokopasmowa-koden-cvs-128b\/","og_site_name":"ESCORT TECHNOLOGY","article_publisher":"https:\/\/www.facebook.com\/elektronika.morska\/","article_modified_time":"2021-02-12T14:58:27+00:00","og_image":[{"url":"https:\/\/escort-technology.com\/wp-content\/uploads\/2021\/02\/CVS-128.jpg","type":"","width":"","height":""}],"twitter_card":"summary_large_image","twitter_misc":{"Est. reading time":"1 minute"},"schema":{"@context":"https:\/\/schema.org","@graph":[{"@type":"WebPage","@id":"https:\/\/escort-technology.com\/en\/echosonda-szerokopasmowa-koden-cvs-128b\/","url":"https:\/\/escort-technology.com\/en\/echosonda-szerokopasmowa-koden-cvs-128b\/","name":"Echosonda szerokopasmowa KODEN CVS-128B - ESCORT TECHNOLOGY","isPartOf":{"@id":"http:\/\/escort-technology.com\/de\/#website"},"datePublished":"2021-02-12T14:36:09+00:00","dateModified":"2021-02-12T14:58:27+00:00","breadcrumb":{"@id":"https:\/\/escort-technology.com\/en\/echosonda-szerokopasmowa-koden-cvs-128b\/#breadcrumb"},"inLanguage":"en-US","potentialAction":[{"@type":"ReadAction","target":["https:\/\/escort-technology.com\/en\/echosonda-szerokopasmowa-koden-cvs-128b\/"]}]},{"@type":"BreadcrumbList","@id":"https:\/\/escort-technology.com\/en\/echosonda-szerokopasmowa-koden-cvs-128b\/#breadcrumb","itemListElement":[{"@type":"ListItem","position":1,"name":"Strona g\u0142\u00f3wna","item":"https:\/\/escort-technology.com\/"},{"@type":"ListItem","position":2,"name":"Echosonda szerokopasmowa KODEN CVS-128B"}]},{"@type":"WebSite","@id":"http:\/\/escort-technology.com\/de\/#website","url":"http:\/\/escort-technology.com\/de\/","name":"ESCORT TECHNOLOGY","description":"Onshore and offshore electronics","publisher":{"@id":"http:\/\/escort-technology.com\/de\/#organization"},"potentialAction":[{"@type":"SearchAction","target":{"@type":"EntryPoint","urlTemplate":"http:\/\/escort-technology.com\/de\/?s={search_term_string}"},"query-input":{"@type":"PropertyValueSpecification","valueRequired":true,"valueName":"search_term_string"}}],"inLanguage":"en-US"},{"@type":"Organization","@id":"http:\/\/escort-technology.com\/de\/#organization","name":"ESCORT TECHNOLOGY","url":"http:\/\/escort-technology.com\/de\/","logo":{"@type":"ImageObject","inLanguage":"en-US","@id":"http:\/\/escort-technology.com\/de\/#\/schema\/logo\/image\/","url":"https:\/\/escort-technology.com\/wp-content\/uploads\/logo-1.jpg","contentUrl":"https:\/\/escort-technology.com\/wp-content\/uploads\/logo-1.jpg","width":600,"height":165,"caption":"ESCORT TECHNOLOGY"},"image":{"@id":"http:\/\/escort-technology.com\/de\/#\/schema\/logo\/image\/"},"sameAs":["https:\/\/www.facebook.com\/elektronika.morska\/","https:\/\/www.linkedin.com\/company\/escort-sp-z-o-o-\/"]}]}},"_links":{"self":[{"href":"https:\/\/escort-technology.com\/en\/wp-json\/wp\/v2\/pages\/8319","targetHints":{"allow":["GET"]}}],"collection":[{"href":"https:\/\/escort-technology.com\/en\/wp-json\/wp\/v2\/pages"}],"about":[{"href":"https:\/\/escort-technology.com\/en\/wp-json\/wp\/v2\/types\/page"}],"author":[{"embeddable":true,"href":"https:\/\/escort-technology.com\/en\/wp-json\/wp\/v2\/users\/10"}],"replies":[{"embeddable":true,"href":"https:\/\/escort-technology.com\/en\/wp-json\/wp\/v2\/comments?post=8319"}],"version-history":[{"count":5,"href":"https:\/\/escort-technology.com\/en\/wp-json\/wp\/v2\/pages\/8319\/revisions"}],"predecessor-version":[{"id":8324,"href":"https:\/\/escort-technology.com\/en\/wp-json\/wp\/v2\/pages\/8319\/revisions\/8324"}],"wp:attachment":[{"href":"https:\/\/escort-technology.com\/en\/wp-json\/wp\/v2\/media?parent=8319"}],"curies":[{"name":"wp","href":"https:\/\/api.w.org\/{rel}","templated":true}]}}