{"id":8367,"date":"2021-02-18T15:45:35","date_gmt":"2021-02-18T14:45:35","guid":{"rendered":"https:\/\/escort-technology.com\/?page_id=8367"},"modified":"2021-03-16T15:02:53","modified_gmt":"2021-03-16T14:02:53","slug":"nowosci-innomar","status":"publish","type":"page","link":"https:\/\/escort-technology.com\/en\/nowosci-innomar\/","title":{"rendered":"Nowo\u015bci Innomar"},"content":{"rendered":"<h1>Nowo\u015bci w ofercie Innomar<\/h1>\n<hr>\n<p><img decoding=\"async\" src=\"\/wp-content\/uploads\/2021\/02\/Innomar_medium-100_topside-left.png\" alt=\"\"><\/p>\n<h1><a href=\"https:\/\/escort-technology.com\/echosonda-parametryczna-innomar-medium-100\/\"><\/p>\n<h3>Medium-100 Sub-Bottom Profiler<\/h3>\n<p><\/a><\/h1>\n<div>\n<p>Echosonda parametryczna Innomar medium-100 jest przeznaczona do zastosowa\u0144 morskich do g\u0142\u0119boko\u015bci 2000m. Przetwornik mo\u017ce by\u0107 zamontowany zar\u00f3wno z boku jak i w kad\u0142ubie.<\/p>\n<p>Innomar medium-100 SBP pozyskuje dane w postaci pe\u0142nych fal (24 bit), kt\u00f3re mog\u0105 by\u0107 przetwarzane przez dowolne oprogramowanie (format SEG-Y). Innomar dostarcza r\u00f3wnie\u017c oprogramowanie do postprocessingu ISE, kt\u00f3re specjalizuje si\u0119 w obr\u00f3bce danych Innomar SBP.<\/p>\n<\/div>\n<h1><a href=\"https:\/\/escort-technology.com\/echosonda-parametryczna-innomar-medium-70\/\"><\/p>\n<h3>Medium-70 Sub-Bottom Profiler<\/h3>\n<p><\/a><\/h1>\n<div>\n<p>Echosonda parametryczna Innomar medium-70 jest przeznaczona do zastosowa\u0144 morskich do g\u0142\u0119boko\u015bci 2500m. Model ten jest dost\u0119pny w dw\u00f3ch wersjach. Wersja podstawowa posiada kompensacj\u0119 przechy\u0142\u00f3w i ko\u0142ysa\u0144, natomiast wersja &#8222;POM&#8221; oferuje dodatkow\u0105 kompensacj\u0119 wychyle\u0144.<\/p>\n<p>Innomar medium-70 SBP zbiera dane w postaci pe\u0142nofalowej, kt\u00f3re mog\u0105 by\u0107 przetwarzane przez dowolne oprogramowanie\u00a0 (format SEG-Y). Innomar dostarcza r\u00f3wnie\u017c oprogramowanie do postprocessingu ISE, kt\u00f3re specjalizuje si\u0119 w przetwarzaniu danych z Innomar SBP.<\/p>\n<\/div>\n<p><img decoding=\"async\" src=\"\/wp-content\/uploads\/2021\/02\/Innomar_medium-70_topside-left.png\" alt=\"\"><br \/>\n<img decoding=\"async\" src=\"\/wp-content\/uploads\/2021\/02\/Innomar_standard_topside-left.png\" alt=\"\"><\/p>\n<h1><a href=\"https:\/\/escort-technology.com\/echosonda-parametryczna-innomar-standard\/\"><\/p>\n<h3>Standard Sub-Bottom Profiler<\/h3>\n<p><\/a><\/h1>\n<div>\n<p>Echosonda parametryczna Innomar,\u00a0 model Innomar Standard jest najbardziej wszechstronny: jest wystarczaj\u0105co ma\u0142y, aby m\u00f3g\u0142 by\u0107 u\u017cywany na ma\u0142ych \u0142odziach do bada\u0144 przybrze\u017cnych, ale r\u00f3wnie\u017c wystarczaj\u0105co wydajny, aby m\u00f3g\u0142 by\u0107 stosowany do bada\u0144 morskich do g\u0142\u0119boko\u015bci 500 metr\u00f3w. Wysoka cz\u0119stotliwo\u015b\u0107 ping\u00f3w, niewielki rozmiar i mo\u017cliwo\u015b\u0107 transmisji impuls\u00f3w d\u017awi\u0119kowych w szerokim zakresie cz\u0119stotliwo\u015bci zapewniaj\u0105 dane o dnie morza z doskona\u0142\u0105 rozdzielczo\u015bci\u0105 i bardzo dobr\u0105 penetracj\u0105 osad\u00f3w. Elektroniczna stabilizacja wi\u0105zki daje dobre wyniki r\u00f3wnie\u017c w z\u0142ych warunkach pogodowych.<\/p>\n<p>Przyjazne dla u\u017cytkownika oprogramowanie do akwizycji danych i sterowania systemem (SESWIN) umo\u017cliwia zdaln\u0105 prac\u0119 w sieci, jak r\u00f3wnie\u017c zdaln\u0105 wizualizacj\u0119 danych. Standardowy model Innomar pozyskuje dane pe\u0142nofalowe, kt\u00f3re mog\u0105 by\u0107 przetwarzane przez dowolne oprogramowanie (format SEG-Y). Innomar dostarcza r\u00f3wnie\u017c oprogramowanie do postprocessingu ISE specjalizowane dla danych Innomar SBP.<\/p>\n<\/div>\n<h1><a href=\"https:\/\/escort-technology.com\/echosonda-parametryczna-innomar-compact\/\"><\/p>\n<h3>Compact Sub-Bottom Profiler<\/h3>\n<p><\/a><\/h1>\n<div>\n<p>Kompaktowy model Innomar zosta\u0142 zaprojektowany do bada\u0144 przybrze\u017cnych w p\u0142ytkich wodach o g\u0142\u0119boko\u015bci do 400 metr\u00f3w, ale mo\u017ce by\u0107 r\u00f3wnie\u017c u\u017cywany w obszarach przybrze\u017cnych. Dzi\u0119ki niewielkim rozmiarom i wadze system ten jest wygodny nawet na ma\u0142ych \u0142odziach. Sterowany przez Ethernet za pomoc\u0105 dowolnego komputera PC lub laptopa z systemem Windows, jest przyjazny dla u\u017cytkownika i ma przyst\u0119pn\u0105 cen\u0119.<\/p>\n<p>Kompaktowy model Innomar gromadzi dane w postaci pe\u0142nych fal, kt\u00f3re mog\u0105 by\u0107 przetwarzane przez dowolne oprogramowanie (format SEG-Y). Innomar dostarcza r\u00f3wnie\u017c oprogramowanie do post-processingu ISE, kt\u00f3re specjalizuje si\u0119 w obr\u00f3bce danych SBP.<\/p>\n<\/div>\n<p><img decoding=\"async\" src=\"\/wp-content\/uploads\/2021\/02\/Innomar_compact_topside-left.png\" alt=\"\"><br \/>\n<img decoding=\"async\" src=\"\/wp-content\/uploads\/2021\/02\/Innomar_smart_topside-left.png\" alt=\"\"><\/p>\n<h1><a href=\"https:\/\/escort-technology.com\/?page_id=8456&#038;preview=true\"><\/p>\n<h3>Smart Sub-Bottom Profiler<\/h3>\n<p><\/a><\/h1>\n<div>\n<p>Model Innomar jest najmniejszym urz\u0105dzeniem z\u00a0 rodziny echosond parametrycznych Innomar. Zosta\u0142 on zaprojektowany do bada\u0144 przybrze\u017cnych w p\u0142ytkich wodach o g\u0142\u0119boko\u015bci do 100 metr\u00f3w przy u\u017cyciu ma\u0142ych \u0142odzi, ale mo\u017ce by\u0107 r\u00f3wnie\u017c u\u017cywany w obszarach przybrze\u017cnych. Dzi\u0119ki niewielkim rozmiarom i wadze system ten jest wygodny do zamontowania nawet na najmniejszej \u0142odzi oraz na zdalnie sterowanych lub autonomicznych pojazdach bez za\u0142ogi (USV\/ASV). Sterowanie urz\u0105dzeniem odbywa si\u0119 poprzez sie\u0107 Ethernet (LAN \/ WiFi) za pomoc\u0105 komputera PC lub tabletu z systemem Windows.<\/p>\n<p>Model Innomar pozyskuje dane pe\u0142nofalowe, kt\u00f3re mog\u0105 by\u0107 przetwarzane za pomoc\u0105 dowolnego oprogramowania\u00a0 (format SEG-Y). Innomar dostarcza r\u00f3wnie\u017c oprogramowanie do post-processingu ISE specjalizuj\u0105ce si\u0119 w danych Innomar SBP.<\/p>\n<\/div>\n<p><!-- {\"type\":\"layout\",\"children\":[{\"type\":\"section\",\"props\":{\"style\":\"default\",\"width\":\"default\",\"vertical_align\":\"middle\",\"title_position\":\"top-left\",\"title_rotation\":\"left\",\"title_breakpoint\":\"xl\",\"image_position\":\"center-center\"},\"children\":[{\"type\":\"row\",\"children\":[{\"type\":\"column\",\"props\":{\"image_position\":\"center-center\",\"media_overlay_gradient\":\"\"},\"children\":[{\"type\":\"headline\",\"props\":{\"title_element\":\"h1\",\"content\":\"Nowo\\u015bci w ofercie Innomar\"}},{\"type\":\"divider\",\"props\":{\"divider_element\":\"hr\"}}]}]}]},{\"type\":\"section\",\"props\":{\"style\":\"default\",\"width\":\"default\",\"vertical_align\":\"middle\",\"title_position\":\"top-left\",\"title_rotation\":\"left\",\"title_breakpoint\":\"xl\",\"image_position\":\"center-center\"},\"children\":[{\"type\":\"row\",\"props\":{\"layout\":\"1-3,2-3\"},\"children\":[{\"type\":\"column\",\"props\":{\"image_position\":\"center-center\",\"media_overlay_gradient\":\"\",\"width_medium\":\"1-3\"},\"children\":[{\"type\":\"image\",\"props\":{\"margin\":\"default\",\"image_svg_color\":\"emphasis\",\"image\":\"wp-content\\\/uploads\\\/2021\\\/02\\\/Innomar_medium-100_topside-left.png\",\"text_align\":\"center\",\"image_width\":\"280\"}}]},{\"type\":\"column\",\"props\":{\"image_position\":\"center-center\",\"media_overlay_gradient\":\"\",\"width_medium\":\"2-3\"},\"children\":[{\"type\":\"headline\",\"props\":{\"title_element\":\"h1\",\"content\":\"\n\n<h3>Medium-100 Sub-Bottom Profiler<\\\/h3>\",\"link\":\"https:\\\/\\\/escort-technology.com\\\/echosonda-parametryczna-innomar-medium-100\\\/\"}},{\"type\":\"text\",\"props\":{\"margin\":\"default\",\"column_breakpoint\":\"m\",\"content\":\"\n\n<p>Echosonda parametryczna Innomar medium-100 jest przeznaczona do zastosowa\\u0144 morskich do g\\u0142\\u0119boko\\u015bci 2000m. Przetwornik mo\\u017ce by\\u0107 zamontowany zar\\u00f3wno z boku jak i w kad\\u0142ubie.<\\\/p>\\n\n\n<p>Innomar medium-100 SBP pozyskuje dane w postaci pe\\u0142nych fal (24 bit), kt\\u00f3re mog\\u0105 by\\u0107 przetwarzane przez dowolne oprogramowanie (format SEG-Y). Innomar dostarcza r\\u00f3wnie\\u017c oprogramowanie do postprocessingu ISE, kt\\u00f3re specjalizuje si\\u0119 w obr\\u00f3bce danych Innomar SBP.<\\\/p>\"}}]}]}]},{\"type\":\"section\",\"props\":{\"style\":\"default\",\"width\":\"default\",\"vertical_align\":\"middle\",\"title_position\":\"top-left\",\"title_rotation\":\"left\",\"title_breakpoint\":\"xl\",\"image_position\":\"center-center\"},\"children\":[{\"type\":\"row\",\"props\":{\"layout\":\"2-3,1-3\"},\"children\":[{\"type\":\"column\",\"props\":{\"image_position\":\"center-center\",\"media_overlay_gradient\":\"\",\"width_medium\":\"2-3\"},\"children\":[{\"type\":\"headline\",\"props\":{\"title_element\":\"h1\",\"content\":\"\n\n<h3>Medium-70 Sub-Bottom Profiler<\\\/h3>\",\"link\":\"https:\\\/\\\/escort-technology.com\\\/echosonda-parametryczna-innomar-medium-70\\\/\"}},{\"type\":\"text\",\"props\":{\"margin\":\"default\",\"column_breakpoint\":\"m\",\"content\":\"\n\n<p>Echosonda parametryczna Innomar medium-70 jest przeznaczona do zastosowa\\u0144 morskich do g\\u0142\\u0119boko\\u015bci 2500m. Model ten jest dost\\u0119pny w dw\\u00f3ch wersjach. Wersja podstawowa posiada kompensacj\\u0119 przechy\\u0142\\u00f3w i ko\\u0142ysa\\u0144, natomiast wersja \\\"POM\\\" oferuje dodatkow\\u0105 kompensacj\\u0119 wychyle\\u0144.<\\\/p>\\n\n\n<p>Innomar medium-70 SBP zbiera dane w postaci pe\\u0142nofalowej, kt\\u00f3re mog\\u0105 by\\u0107 przetwarzane przez dowolne oprogramowanie\\u00a0 (format SEG-Y). Innomar dostarcza r\\u00f3wnie\\u017c oprogramowanie do postprocessingu ISE, kt\\u00f3re specjalizuje si\\u0119 w przetwarzaniu danych z Innomar SBP.<\\\/p>\"}}]},{\"type\":\"column\",\"props\":{\"image_position\":\"center-center\",\"media_overlay_gradient\":\"\",\"width_medium\":\"1-3\"},\"children\":[{\"type\":\"image\",\"props\":{\"margin\":\"default\",\"image_svg_color\":\"emphasis\",\"image\":\"wp-content\\\/uploads\\\/2021\\\/02\\\/Innomar_medium-70_topside-left.png\",\"text_align\":\"center\",\"image_width\":\"300\"}}]}]}]},{\"type\":\"section\",\"props\":{\"style\":\"default\",\"width\":\"default\",\"vertical_align\":\"middle\",\"title_position\":\"top-left\",\"title_rotation\":\"left\",\"title_breakpoint\":\"xl\",\"image_position\":\"center-center\"},\"children\":[{\"type\":\"row\",\"props\":{\"layout\":\"1-3,2-3\"},\"children\":[{\"type\":\"column\",\"props\":{\"image_position\":\"center-center\",\"media_overlay_gradient\":\"\",\"width_medium\":\"1-3\"},\"children\":[{\"type\":\"image\",\"props\":{\"margin\":\"default\",\"image_svg_color\":\"emphasis\",\"image\":\"wp-content\\\/uploads\\\/2021\\\/02\\\/Innomar_standard_topside-left.png\",\"image_width\":\"350\"}}]},{\"type\":\"column\",\"props\":{\"image_position\":\"center-center\",\"media_overlay_gradient\":\"\",\"width_medium\":\"2-3\"},\"children\":[{\"type\":\"headline\",\"props\":{\"title_element\":\"h1\",\"content\":\"\n\n<h3>Standard Sub-Bottom Profiler<\\\/h3>\",\"link\":\"https:\\\/\\\/escort-technology.com\\\/echosonda-parametryczna-innomar-standard\\\/\"}},{\"type\":\"text\",\"props\":{\"margin\":\"default\",\"column_breakpoint\":\"m\",\"content\":\"\n\n<p>Echosonda parametryczna Innomar,\\u00a0 model Innomar Standard jest najbardziej wszechstronny: jest wystarczaj\\u0105co ma\\u0142y, aby m\\u00f3g\\u0142 by\\u0107 u\\u017cywany na ma\\u0142ych \\u0142odziach do bada\\u0144 przybrze\\u017cnych, ale r\\u00f3wnie\\u017c wystarczaj\\u0105co wydajny, aby m\\u00f3g\\u0142 by\\u0107 stosowany do bada\\u0144 morskich do g\\u0142\\u0119boko\\u015bci 500 metr\\u00f3w. Wysoka cz\\u0119stotliwo\\u015b\\u0107 ping\\u00f3w, niewielki rozmiar i mo\\u017cliwo\\u015b\\u0107 transmisji impuls\\u00f3w d\\u017awi\\u0119kowych w szerokim zakresie cz\\u0119stotliwo\\u015bci zapewniaj\\u0105 dane o dnie morza z doskona\\u0142\\u0105 rozdzielczo\\u015bci\\u0105 i bardzo dobr\\u0105 penetracj\\u0105 osad\\u00f3w. Elektroniczna stabilizacja wi\\u0105zki daje dobre wyniki r\\u00f3wnie\\u017c w z\\u0142ych warunkach pogodowych.<\\\/p>\\n\n\n<p>Przyjazne dla u\\u017cytkownika oprogramowanie do akwizycji danych i sterowania systemem (SESWIN) umo\\u017cliwia zdaln\\u0105 prac\\u0119 w sieci, jak r\\u00f3wnie\\u017c zdaln\\u0105 wizualizacj\\u0119 danych. Standardowy model Innomar pozyskuje dane pe\\u0142nofalowe, kt\\u00f3re mog\\u0105 by\\u0107 przetwarzane przez dowolne oprogramowanie (format SEG-Y). Innomar dostarcza r\\u00f3wnie\\u017c oprogramowanie do postprocessingu ISE specjalizowane dla danych Innomar SBP.<\\\/p>\"}}]}]}]},{\"type\":\"section\",\"props\":{\"style\":\"default\",\"width\":\"default\",\"vertical_align\":\"middle\",\"title_position\":\"top-left\",\"title_rotation\":\"left\",\"title_breakpoint\":\"xl\",\"image_position\":\"center-center\"},\"children\":[{\"type\":\"row\",\"props\":{\"layout\":\"2-3,1-3\"},\"children\":[{\"type\":\"column\",\"props\":{\"image_position\":\"center-center\",\"media_overlay_gradient\":\"\",\"width_medium\":\"2-3\"},\"children\":[{\"type\":\"headline\",\"props\":{\"title_element\":\"h1\",\"content\":\"\n\n<h3>Compact Sub-Bottom Profiler<\\\/h3>\",\"link\":\"https:\\\/\\\/escort-technology.com\\\/echosonda-parametryczna-innomar-compact\\\/\"}},{\"type\":\"text\",\"props\":{\"margin\":\"default\",\"column_breakpoint\":\"m\",\"content\":\"\n\n<p>Kompaktowy model Innomar zosta\\u0142 zaprojektowany do bada\\u0144 przybrze\\u017cnych w p\\u0142ytkich wodach o g\\u0142\\u0119boko\\u015bci do 400 metr\\u00f3w, ale mo\\u017ce by\\u0107 r\\u00f3wnie\\u017c u\\u017cywany w obszarach przybrze\\u017cnych. Dzi\\u0119ki niewielkim rozmiarom i wadze system ten jest wygodny nawet na ma\\u0142ych \\u0142odziach. Sterowany przez Ethernet za pomoc\\u0105 dowolnego komputera PC lub laptopa z systemem Windows, jest przyjazny dla u\\u017cytkownika i ma przyst\\u0119pn\\u0105 cen\\u0119.<\\\/p>\\n\n\n<p>Kompaktowy model Innomar gromadzi dane w postaci pe\\u0142nych fal, kt\\u00f3re mog\\u0105 by\\u0107 przetwarzane przez dowolne oprogramowanie (format SEG-Y). Innomar dostarcza r\\u00f3wnie\\u017c oprogramowanie do post-processingu ISE, kt\\u00f3re specjalizuje si\\u0119 w obr\\u00f3bce danych SBP.<\\\/p>\"}}]},{\"type\":\"column\",\"props\":{\"image_position\":\"center-center\",\"media_overlay_gradient\":\"\",\"width_medium\":\"1-3\"},\"children\":[{\"type\":\"image\",\"props\":{\"margin\":\"default\",\"image_svg_color\":\"emphasis\",\"image\":\"wp-content\\\/uploads\\\/2021\\\/02\\\/Innomar_compact_topside-left.png\"}}]}]}]},{\"type\":\"section\",\"props\":{\"style\":\"default\",\"width\":\"default\",\"vertical_align\":\"middle\",\"title_position\":\"top-left\",\"title_rotation\":\"left\",\"title_breakpoint\":\"xl\",\"image_position\":\"center-center\"},\"children\":[{\"type\":\"row\",\"props\":{\"layout\":\"1-3,2-3\"},\"children\":[{\"type\":\"column\",\"props\":{\"image_position\":\"center-center\",\"media_overlay_gradient\":\"\",\"width_medium\":\"1-3\"},\"children\":[{\"type\":\"image\",\"props\":{\"margin\":\"default\",\"image_svg_color\":\"emphasis\",\"image\":\"wp-content\\\/uploads\\\/2021\\\/02\\\/Innomar_smart_topside-left.png\",\"image_svg_inline\":true,\"image_svg_animate\":false,\"maxwidth\":\"medium\",\"block_align\":\"center\"}}]},{\"type\":\"column\",\"props\":{\"image_position\":\"center-center\",\"media_overlay_gradient\":\"\",\"width_medium\":\"2-3\"},\"children\":[{\"type\":\"headline\",\"props\":{\"title_element\":\"h1\",\"content\":\"\n\n<h3>Smart Sub-Bottom Profiler<\\\/h3>\",\"link\":\"https:\\\/\\\/escort-technology.com\\\/?page_id=8456&preview=true\"}},{\"type\":\"text\",\"props\":{\"margin\":\"default\",\"column_breakpoint\":\"m\",\"content\":\"\n\n<p>Model Innomar jest najmniejszym urz\\u0105dzeniem z\\u00a0 rodziny echosond parametrycznych Innomar. Zosta\\u0142 on zaprojektowany do bada\\u0144 przybrze\\u017cnych w p\\u0142ytkich wodach o g\\u0142\\u0119boko\\u015bci do 100 metr\\u00f3w przy u\\u017cyciu ma\\u0142ych \\u0142odzi, ale mo\\u017ce by\\u0107 r\\u00f3wnie\\u017c u\\u017cywany w obszarach przybrze\\u017cnych. Dzi\\u0119ki niewielkim rozmiarom i wadze system ten jest wygodny do zamontowania nawet na najmniejszej \\u0142odzi oraz na zdalnie sterowanych lub autonomicznych pojazdach bez za\\u0142ogi (USV\\\/ASV). Sterowanie urz\\u0105dzeniem odbywa si\\u0119 poprzez sie\\u0107 Ethernet (LAN \\\/ WiFi) za pomoc\\u0105 komputera PC lub tabletu z systemem Windows.<\\\/p>\\n\n\n<p>Model Innomar pozyskuje dane pe\\u0142nofalowe, kt\\u00f3re mog\\u0105 by\\u0107 przetwarzane za pomoc\\u0105 dowolnego oprogramowania\\u00a0 (format SEG-Y). Innomar dostarcza r\\u00f3wnie\\u017c oprogramowanie do post-processingu ISE specjalizuj\\u0105ce si\\u0119 w danych Innomar SBP.<\\\/p>\"}}]}]}]}],\"version\":\"2.3.25\"} --><\/p>\n","protected":false},"excerpt":{"rendered":"<p>Nowo\u015bci w ofercie Innomar Medium-100 Sub-Bottom Profiler Echosonda parametryczna Innomar medium-100 jest przeznaczona do zastosowa\u0144 morskich do g\u0142\u0119boko\u015bci 2000m. Przetwornik mo\u017ce by\u0107 zamontowany zar\u00f3wno z boku jak i w kad\u0142ubie. Innomar medium-100 SBP pozyskuje dane w postaci pe\u0142nych fal (24 bit), kt\u00f3re mog\u0105 by\u0107 przetwarzane przez dowolne oprogramowanie (format SEG-Y). Innomar dostarcza r\u00f3wnie\u017c oprogramowanie do [&hellip;]<\/p>\n","protected":false},"author":10,"featured_media":0,"parent":0,"menu_order":0,"comment_status":"closed","ping_status":"closed","template":"","meta":{"footnotes":""},"class_list":["post-8367","page","type-page","status-publish","hentry"],"yoast_head":"<!-- This site is optimized with the Yoast SEO plugin v27.6 - https:\/\/yoast.com\/product\/yoast-seo-wordpress\/ -->\n<title>Nowo\u015bci Innomar - ESCORT TECHNOLOGY<\/title>\n<meta name=\"robots\" content=\"index, follow, max-snippet:-1, max-image-preview:large, max-video-preview:-1\" \/>\n<link rel=\"canonical\" href=\"https:\/\/escort-technology.com\/en\/nowosci-innomar\/\" \/>\n<meta property=\"og:locale\" content=\"en_US\" \/>\n<meta property=\"og:type\" content=\"article\" \/>\n<meta property=\"og:title\" content=\"Nowo\u015bci Innomar - ESCORT TECHNOLOGY\" \/>\n<meta property=\"og:description\" content=\"Nowo\u015bci w ofercie Innomar Medium-100 Sub-Bottom Profiler Echosonda parametryczna Innomar medium-100 jest przeznaczona do zastosowa\u0144 morskich do g\u0142\u0119boko\u015bci 2000m. Przetwornik mo\u017ce by\u0107 zamontowany zar\u00f3wno z boku jak i w kad\u0142ubie. Innomar medium-100 SBP pozyskuje dane w postaci pe\u0142nych fal (24 bit), kt\u00f3re mog\u0105 by\u0107 przetwarzane przez dowolne oprogramowanie (format SEG-Y). Innomar dostarcza r\u00f3wnie\u017c oprogramowanie do [&hellip;]\" \/>\n<meta property=\"og:url\" content=\"https:\/\/escort-technology.com\/en\/nowosci-innomar\/\" \/>\n<meta property=\"og:site_name\" content=\"ESCORT TECHNOLOGY\" \/>\n<meta property=\"article:publisher\" content=\"https:\/\/www.facebook.com\/elektronika.morska\/\" \/>\n<meta property=\"article:modified_time\" content=\"2021-03-16T14:02:53+00:00\" \/>\n<meta property=\"og:image\" content=\"https:\/\/escort-technology.com\/wp-content\/uploads\/2021\/02\/Innomar_medium-100_topside-left.png\" \/>\n<meta name=\"twitter:card\" content=\"summary_large_image\" \/>\n<meta name=\"twitter:label1\" content=\"Est. reading time\" \/>\n\t<meta name=\"twitter:data1\" content=\"3 minutes\" \/>\n<script type=\"application\/ld+json\" class=\"yoast-schema-graph\">{\"@context\":\"https:\\\/\\\/schema.org\",\"@graph\":[{\"@type\":\"WebPage\",\"@id\":\"https:\\\/\\\/escort-technology.com\\\/pl\\\/nowosci-innomar\\\/\",\"url\":\"https:\\\/\\\/escort-technology.com\\\/pl\\\/nowosci-innomar\\\/\",\"name\":\"Nowo\u015bci Innomar - ESCORT TECHNOLOGY\",\"isPartOf\":{\"@id\":\"http:\\\/\\\/escort-technology.com\\\/de\\\/#website\"},\"datePublished\":\"2021-02-18T14:45:35+00:00\",\"dateModified\":\"2021-03-16T14:02:53+00:00\",\"breadcrumb\":{\"@id\":\"https:\\\/\\\/escort-technology.com\\\/pl\\\/nowosci-innomar\\\/#breadcrumb\"},\"inLanguage\":\"en-US\",\"potentialAction\":[{\"@type\":\"ReadAction\",\"target\":[\"https:\\\/\\\/escort-technology.com\\\/pl\\\/nowosci-innomar\\\/\"]}]},{\"@type\":\"BreadcrumbList\",\"@id\":\"https:\\\/\\\/escort-technology.com\\\/pl\\\/nowosci-innomar\\\/#breadcrumb\",\"itemListElement\":[{\"@type\":\"ListItem\",\"position\":1,\"name\":\"Strona g\u0142\u00f3wna\",\"item\":\"https:\\\/\\\/escort-technology.com\\\/\"},{\"@type\":\"ListItem\",\"position\":2,\"name\":\"Nowo\u015bci Innomar\"}]},{\"@type\":\"WebSite\",\"@id\":\"http:\\\/\\\/escort-technology.com\\\/de\\\/#website\",\"url\":\"http:\\\/\\\/escort-technology.com\\\/de\\\/\",\"name\":\"ESCORT TECHNOLOGY\",\"description\":\"Elektronika morska i l\u0105dowa\",\"publisher\":{\"@id\":\"http:\\\/\\\/escort-technology.com\\\/de\\\/#organization\"},\"potentialAction\":[{\"@type\":\"SearchAction\",\"target\":{\"@type\":\"EntryPoint\",\"urlTemplate\":\"http:\\\/\\\/escort-technology.com\\\/de\\\/?s={search_term_string}\"},\"query-input\":{\"@type\":\"PropertyValueSpecification\",\"valueRequired\":true,\"valueName\":\"search_term_string\"}}],\"inLanguage\":\"en-US\"},{\"@type\":\"Organization\",\"@id\":\"http:\\\/\\\/escort-technology.com\\\/de\\\/#organization\",\"name\":\"ESCORT TECHNOLOGY\",\"url\":\"http:\\\/\\\/escort-technology.com\\\/de\\\/\",\"logo\":{\"@type\":\"ImageObject\",\"inLanguage\":\"en-US\",\"@id\":\"http:\\\/\\\/escort-technology.com\\\/de\\\/#\\\/schema\\\/logo\\\/image\\\/\",\"url\":\"https:\\\/\\\/escort-technology.com\\\/wp-content\\\/uploads\\\/logo-1.jpg\",\"contentUrl\":\"https:\\\/\\\/escort-technology.com\\\/wp-content\\\/uploads\\\/logo-1.jpg\",\"width\":600,\"height\":165,\"caption\":\"ESCORT TECHNOLOGY\"},\"image\":{\"@id\":\"http:\\\/\\\/escort-technology.com\\\/de\\\/#\\\/schema\\\/logo\\\/image\\\/\"},\"sameAs\":[\"https:\\\/\\\/www.facebook.com\\\/elektronika.morska\\\/\",\"https:\\\/\\\/www.linkedin.com\\\/company\\\/escort-sp-z-o-o-\\\/\"]}]}<\/script>\n<!-- \/ Yoast SEO plugin. -->","yoast_head_json":{"title":"Nowo\u015bci Innomar - ESCORT TECHNOLOGY","robots":{"index":"index","follow":"follow","max-snippet":"max-snippet:-1","max-image-preview":"max-image-preview:large","max-video-preview":"max-video-preview:-1"},"canonical":"https:\/\/escort-technology.com\/en\/nowosci-innomar\/","og_locale":"en_US","og_type":"article","og_title":"Nowo\u015bci Innomar - ESCORT TECHNOLOGY","og_description":"Nowo\u015bci w ofercie Innomar Medium-100 Sub-Bottom Profiler Echosonda parametryczna Innomar medium-100 jest przeznaczona do zastosowa\u0144 morskich do g\u0142\u0119boko\u015bci 2000m. Przetwornik mo\u017ce by\u0107 zamontowany zar\u00f3wno z boku jak i w kad\u0142ubie. Innomar medium-100 SBP pozyskuje dane w postaci pe\u0142nych fal (24 bit), kt\u00f3re mog\u0105 by\u0107 przetwarzane przez dowolne oprogramowanie (format SEG-Y). Innomar dostarcza r\u00f3wnie\u017c oprogramowanie do [&hellip;]","og_url":"https:\/\/escort-technology.com\/en\/nowosci-innomar\/","og_site_name":"ESCORT TECHNOLOGY","article_publisher":"https:\/\/www.facebook.com\/elektronika.morska\/","article_modified_time":"2021-03-16T14:02:53+00:00","og_image":[{"url":"https:\/\/escort-technology.com\/wp-content\/uploads\/2021\/02\/Innomar_medium-100_topside-left.png","type":"","width":"","height":""}],"twitter_card":"summary_large_image","twitter_misc":{"Est. reading time":"3 minutes"},"schema":{"@context":"https:\/\/schema.org","@graph":[{"@type":"WebPage","@id":"https:\/\/escort-technology.com\/pl\/nowosci-innomar\/","url":"https:\/\/escort-technology.com\/pl\/nowosci-innomar\/","name":"Nowo\u015bci Innomar - ESCORT TECHNOLOGY","isPartOf":{"@id":"http:\/\/escort-technology.com\/de\/#website"},"datePublished":"2021-02-18T14:45:35+00:00","dateModified":"2021-03-16T14:02:53+00:00","breadcrumb":{"@id":"https:\/\/escort-technology.com\/pl\/nowosci-innomar\/#breadcrumb"},"inLanguage":"en-US","potentialAction":[{"@type":"ReadAction","target":["https:\/\/escort-technology.com\/pl\/nowosci-innomar\/"]}]},{"@type":"BreadcrumbList","@id":"https:\/\/escort-technology.com\/pl\/nowosci-innomar\/#breadcrumb","itemListElement":[{"@type":"ListItem","position":1,"name":"Strona g\u0142\u00f3wna","item":"https:\/\/escort-technology.com\/"},{"@type":"ListItem","position":2,"name":"Nowo\u015bci Innomar"}]},{"@type":"WebSite","@id":"http:\/\/escort-technology.com\/de\/#website","url":"http:\/\/escort-technology.com\/de\/","name":"ESCORT TECHNOLOGY","description":"Onshore and offshore electronics","publisher":{"@id":"http:\/\/escort-technology.com\/de\/#organization"},"potentialAction":[{"@type":"SearchAction","target":{"@type":"EntryPoint","urlTemplate":"http:\/\/escort-technology.com\/de\/?s={search_term_string}"},"query-input":{"@type":"PropertyValueSpecification","valueRequired":true,"valueName":"search_term_string"}}],"inLanguage":"en-US"},{"@type":"Organization","@id":"http:\/\/escort-technology.com\/de\/#organization","name":"ESCORT TECHNOLOGY","url":"http:\/\/escort-technology.com\/de\/","logo":{"@type":"ImageObject","inLanguage":"en-US","@id":"http:\/\/escort-technology.com\/de\/#\/schema\/logo\/image\/","url":"https:\/\/escort-technology.com\/wp-content\/uploads\/logo-1.jpg","contentUrl":"https:\/\/escort-technology.com\/wp-content\/uploads\/logo-1.jpg","width":600,"height":165,"caption":"ESCORT TECHNOLOGY"},"image":{"@id":"http:\/\/escort-technology.com\/de\/#\/schema\/logo\/image\/"},"sameAs":["https:\/\/www.facebook.com\/elektronika.morska\/","https:\/\/www.linkedin.com\/company\/escort-sp-z-o-o-\/"]}]}},"_links":{"self":[{"href":"https:\/\/escort-technology.com\/en\/wp-json\/wp\/v2\/pages\/8367","targetHints":{"allow":["GET"]}}],"collection":[{"href":"https:\/\/escort-technology.com\/en\/wp-json\/wp\/v2\/pages"}],"about":[{"href":"https:\/\/escort-technology.com\/en\/wp-json\/wp\/v2\/types\/page"}],"author":[{"embeddable":true,"href":"https:\/\/escort-technology.com\/en\/wp-json\/wp\/v2\/users\/10"}],"replies":[{"embeddable":true,"href":"https:\/\/escort-technology.com\/en\/wp-json\/wp\/v2\/comments?post=8367"}],"version-history":[{"count":14,"href":"https:\/\/escort-technology.com\/en\/wp-json\/wp\/v2\/pages\/8367\/revisions"}],"predecessor-version":[{"id":8597,"href":"https:\/\/escort-technology.com\/en\/wp-json\/wp\/v2\/pages\/8367\/revisions\/8597"}],"wp:attachment":[{"href":"https:\/\/escort-technology.com\/en\/wp-json\/wp\/v2\/media?parent=8367"}],"curies":[{"name":"wp","href":"https:\/\/api.w.org\/{rel}","templated":true}]}}