{"id":8731,"date":"2021-04-28T13:59:43","date_gmt":"2021-04-28T11:59:43","guid":{"rendered":"https:\/\/escort-technology.com\/?page_id=8731"},"modified":"2021-07-13T14:01:41","modified_gmt":"2021-07-13T12:01:41","slug":"radiotelefony-serii-sp3500-atex","status":"publish","type":"page","link":"https:\/\/escort-technology.com\/en\/radiotelefony-serii-sp3500-atex\/","title":{"rendered":"Radiotelefony serii SP3500 ATEX"},"content":{"rendered":"<h1>\n<p class=\"uk-article-title\">Radiotelefony serii SP3500 ATEX<\/p>\n<\/h1>\n<hr>\n<p><img decoding=\"async\" src=\"\/wp-content\/uploads\/2021\/04\/sp3530.jpg\" alt=\"\"><\/p>\n<p>\n    <a href=\"\/wp-content\/uploads\/2021\/04\/71-128189_sailor_sp3500_atex_portables_lo.pdf\">Karta katalogowa <\/a>\n<\/p>\n<div>\n<p>Wszystkie wersje SAILOR SP3500 ATEX s\u0105 zaprojektowane z my\u015bl\u0105 o u\u017cytkowniku pracuj\u0105cym w niebezpiecznym \u015brodowisku morskim. Unikalny SAILOR SP3540 VHF jest zatwierdzony zar\u00f3wno przez ATEX jak i GMDSS, wi\u0119c mo\u017ce by\u0107 u\u017cywany do komunikacji na pok\u0142adzie i do spe\u0142nienia wymog\u00f3w bezpiecze\u0144stwa, w razie wypadku.<br \/>Z du\u017cymi dotykowymi przyciskami i pokr\u0119t\u0142ami w po\u0142\u0105czeniu z przyjaznym dla u\u017cytkownika interfejsem, obs\u0142uga SAILOR SP3500 ATEX nie mo\u017ce by\u0107 prostsza.<br \/>Gdy jeste\u015b w trakcie wa\u017cnej operacji, czy to operacji bunkrowania, transferu niebezpiecznego \u0142adunku lub usuwania rozlewu olejowego, skomplikowana obs\u0142uga radiotelefonu jest ostatni\u0105 rzecz\u0105, jakiej potrzebujesz. Ka\u017cdy radiotelefon SAILOR SP3500<br \/>wyposa\u017cony jest r\u00f3wnie\u017c w du\u017cy, czytelny wy\u015bwietlacz z czerwonym pod\u015bwietleniem, aby chroni Tw\u00f3j wzrok w nocy.<\/p>\n<\/div>\n<p><!--more--><br \/>\n<!-- {\"type\":\"layout\",\"children\":[{\"type\":\"section\",\"props\":{\"style\":\"default\",\"width\":\"default\",\"vertical_align\":\"middle\",\"title_position\":\"top-left\",\"title_rotation\":\"left\",\"title_breakpoint\":\"xl\",\"image_position\":\"center-center\"},\"children\":[{\"type\":\"row\",\"children\":[{\"type\":\"column\",\"props\":{\"image_position\":\"center-center\",\"media_overlay_gradient\":\"\"},\"children\":[{\"type\":\"headline\",\"props\":{\"title_element\":\"h1\",\"content\":\"\n\n<p class=\\\"uk-article-title\\\">Radiotelefony serii SP3500 ATEX<\\\/p>\"}},{\"type\":\"divider\",\"props\":{\"divider_element\":\"hr\"}}]}]}]},{\"type\":\"section\",\"props\":{\"style\":\"default\",\"width\":\"default\",\"vertical_align\":\"middle\",\"title_position\":\"top-left\",\"title_rotation\":\"left\",\"title_breakpoint\":\"xl\",\"image_position\":\"center-center\"},\"children\":[{\"type\":\"row\",\"props\":{\"layout\":\"1-2,1-2\"},\"children\":[{\"type\":\"column\",\"props\":{\"image_position\":\"center-center\",\"media_overlay_gradient\":\"\",\"width_medium\":\"1-2\"},\"children\":[{\"type\":\"image\",\"props\":{\"margin\":\"default\",\"image_svg_color\":\"emphasis\",\"image\":\"wp-content\\\/uploads\\\/2021\\\/04\\\/sp3530.jpg\"}},{\"type\":\"button\",\"props\":{\"grid_column_gap\":\"small\",\"grid_row_gap\":\"small\",\"margin\":\"default\",\"text_align\":\"center\"},\"children\":[{\"type\":\"button_item\",\"props\":{\"button_style\":\"default\",\"icon_align\":\"left\",\"link\":\"wp-content\\\/uploads\\\/2021\\\/04\\\/71-128189_sailor_sp3500_atex_portables_lo.pdf\",\"content\":\"Karta katalogowa \"}}]}]},{\"type\":\"column\",\"props\":{\"image_position\":\"center-center\",\"media_overlay_gradient\":\"\",\"width_medium\":\"1-2\"},\"children\":[{\"type\":\"text\",\"props\":{\"margin\":\"default\",\"column_breakpoint\":\"m\",\"content\":\"\n\n<p>Wszystkie wersje SAILOR SP3500 ATEX s\\u0105 zaprojektowane z my\\u015bl\\u0105 o u\\u017cytkowniku pracuj\\u0105cym w niebezpiecznym \\u015brodowisku morskim. Unikalny SAILOR SP3540 VHF jest zatwierdzony zar\\u00f3wno przez ATEX jak i GMDSS, wi\\u0119c mo\\u017ce by\\u0107 u\\u017cywany do komunikacji na pok\\u0142adzie i do spe\\u0142nienia wymog\\u00f3w bezpiecze\\u0144stwa, w razie wypadku.<br \\\/>Z du\\u017cymi dotykowymi przyciskami i pokr\\u0119t\\u0142ami w po\\u0142\\u0105czeniu z przyjaznym dla u\\u017cytkownika interfejsem, obs\\u0142uga SAILOR SP3500 ATEX nie mo\\u017ce by\\u0107 prostsza.<br \\\/>Gdy jeste\\u015b w trakcie wa\\u017cnej operacji, czy to operacji bunkrowania, transferu niebezpiecznego \\u0142adunku lub usuwania rozlewu olejowego, skomplikowana obs\\u0142uga radiotelefonu jest ostatni\\u0105 rzecz\\u0105, jakiej potrzebujesz. Ka\\u017cdy radiotelefon SAILOR SP3500<br \\\/>wyposa\\u017cony jest r\\u00f3wnie\\u017c w du\\u017cy, czytelny wy\\u015bwietlacz z czerwonym pod\\u015bwietleniem, aby chroni Tw\\u00f3j wzrok w nocy.<\\\/p>\"}}]}]}]}],\"version\":\"2.4.14\"} --><\/p>\n","protected":false},"excerpt":{"rendered":"<p>Radiotelefony serii SP3500 ATEX Karta katalogowa Wszystkie wersje SAILOR SP3500 ATEX s\u0105 zaprojektowane z my\u015bl\u0105 o u\u017cytkowniku pracuj\u0105cym w niebezpiecznym \u015brodowisku morskim. Unikalny SAILOR SP3540 VHF jest zatwierdzony zar\u00f3wno przez ATEX jak i GMDSS, wi\u0119c mo\u017ce by\u0107 u\u017cywany do komunikacji na pok\u0142adzie i do spe\u0142nienia wymog\u00f3w bezpiecze\u0144stwa, w razie wypadku.Z du\u017cymi dotykowymi przyciskami i pokr\u0119t\u0142ami [&hellip;]<\/p>\n","protected":false},"author":10,"featured_media":0,"parent":0,"menu_order":0,"comment_status":"closed","ping_status":"closed","template":"","meta":{"footnotes":""},"class_list":["post-8731","page","type-page","status-publish","hentry"],"yoast_head":"<!-- This site is optimized with the Yoast SEO plugin v27.5 - https:\/\/yoast.com\/product\/yoast-seo-wordpress\/ -->\n<title>Radiotelefony serii SP3500 ATEX - ESCORT TECHNOLOGY<\/title>\n<meta name=\"robots\" content=\"index, follow, max-snippet:-1, max-image-preview:large, max-video-preview:-1\" \/>\n<link rel=\"canonical\" href=\"https:\/\/escort-technology.com\/en\/radiotelefony-serii-sp3500-atex\/\" \/>\n<meta property=\"og:locale\" content=\"en_US\" \/>\n<meta property=\"og:type\" content=\"article\" \/>\n<meta property=\"og:title\" content=\"Radiotelefony serii SP3500 ATEX - ESCORT TECHNOLOGY\" \/>\n<meta property=\"og:description\" content=\"Radiotelefony serii SP3500 ATEX Karta katalogowa Wszystkie wersje SAILOR SP3500 ATEX s\u0105 zaprojektowane z my\u015bl\u0105 o u\u017cytkowniku pracuj\u0105cym w niebezpiecznym \u015brodowisku morskim. Unikalny SAILOR SP3540 VHF jest zatwierdzony zar\u00f3wno przez ATEX jak i GMDSS, wi\u0119c mo\u017ce by\u0107 u\u017cywany do komunikacji na pok\u0142adzie i do spe\u0142nienia wymog\u00f3w bezpiecze\u0144stwa, w razie wypadku.Z du\u017cymi dotykowymi przyciskami i pokr\u0119t\u0142ami [&hellip;]\" \/>\n<meta property=\"og:url\" content=\"https:\/\/escort-technology.com\/en\/radiotelefony-serii-sp3500-atex\/\" \/>\n<meta property=\"og:site_name\" content=\"ESCORT TECHNOLOGY\" \/>\n<meta property=\"article:publisher\" content=\"https:\/\/www.facebook.com\/elektronika.morska\/\" \/>\n<meta property=\"article:modified_time\" content=\"2021-07-13T12:01:41+00:00\" \/>\n<meta property=\"og:image\" content=\"https:\/\/escort-technology.com\/wp-content\/uploads\/2021\/04\/sp3530.jpg\" \/>\n<meta name=\"twitter:card\" content=\"summary_large_image\" \/>\n<meta name=\"twitter:label1\" content=\"Est. reading time\" \/>\n\t<meta name=\"twitter:data1\" content=\"1 minute\" \/>\n<script type=\"application\/ld+json\" class=\"yoast-schema-graph\">{\"@context\":\"https:\\\/\\\/schema.org\",\"@graph\":[{\"@type\":\"WebPage\",\"@id\":\"https:\\\/\\\/escort-technology.com\\\/pl\\\/radiotelefony-serii-sp3500-atex\\\/\",\"url\":\"https:\\\/\\\/escort-technology.com\\\/pl\\\/radiotelefony-serii-sp3500-atex\\\/\",\"name\":\"Radiotelefony serii SP3500 ATEX - ESCORT TECHNOLOGY\",\"isPartOf\":{\"@id\":\"http:\\\/\\\/escort-technology.com\\\/de\\\/#website\"},\"datePublished\":\"2021-04-28T11:59:43+00:00\",\"dateModified\":\"2021-07-13T12:01:41+00:00\",\"breadcrumb\":{\"@id\":\"https:\\\/\\\/escort-technology.com\\\/pl\\\/radiotelefony-serii-sp3500-atex\\\/#breadcrumb\"},\"inLanguage\":\"en-US\",\"potentialAction\":[{\"@type\":\"ReadAction\",\"target\":[\"https:\\\/\\\/escort-technology.com\\\/pl\\\/radiotelefony-serii-sp3500-atex\\\/\"]}]},{\"@type\":\"BreadcrumbList\",\"@id\":\"https:\\\/\\\/escort-technology.com\\\/pl\\\/radiotelefony-serii-sp3500-atex\\\/#breadcrumb\",\"itemListElement\":[{\"@type\":\"ListItem\",\"position\":1,\"name\":\"Strona g\u0142\u00f3wna\",\"item\":\"https:\\\/\\\/escort-technology.com\\\/\"},{\"@type\":\"ListItem\",\"position\":2,\"name\":\"Radiotelefony serii SP3500 ATEX\"}]},{\"@type\":\"WebSite\",\"@id\":\"http:\\\/\\\/escort-technology.com\\\/de\\\/#website\",\"url\":\"http:\\\/\\\/escort-technology.com\\\/de\\\/\",\"name\":\"ESCORT TECHNOLOGY\",\"description\":\"Elektronika morska i l\u0105dowa\",\"publisher\":{\"@id\":\"http:\\\/\\\/escort-technology.com\\\/de\\\/#organization\"},\"potentialAction\":[{\"@type\":\"SearchAction\",\"target\":{\"@type\":\"EntryPoint\",\"urlTemplate\":\"http:\\\/\\\/escort-technology.com\\\/de\\\/?s={search_term_string}\"},\"query-input\":{\"@type\":\"PropertyValueSpecification\",\"valueRequired\":true,\"valueName\":\"search_term_string\"}}],\"inLanguage\":\"en-US\"},{\"@type\":\"Organization\",\"@id\":\"http:\\\/\\\/escort-technology.com\\\/de\\\/#organization\",\"name\":\"ESCORT TECHNOLOGY\",\"url\":\"http:\\\/\\\/escort-technology.com\\\/de\\\/\",\"logo\":{\"@type\":\"ImageObject\",\"inLanguage\":\"en-US\",\"@id\":\"http:\\\/\\\/escort-technology.com\\\/de\\\/#\\\/schema\\\/logo\\\/image\\\/\",\"url\":\"https:\\\/\\\/escort-technology.com\\\/wp-content\\\/uploads\\\/logo-1.jpg\",\"contentUrl\":\"https:\\\/\\\/escort-technology.com\\\/wp-content\\\/uploads\\\/logo-1.jpg\",\"width\":600,\"height\":165,\"caption\":\"ESCORT TECHNOLOGY\"},\"image\":{\"@id\":\"http:\\\/\\\/escort-technology.com\\\/de\\\/#\\\/schema\\\/logo\\\/image\\\/\"},\"sameAs\":[\"https:\\\/\\\/www.facebook.com\\\/elektronika.morska\\\/\",\"https:\\\/\\\/www.linkedin.com\\\/company\\\/escort-sp-z-o-o-\\\/\"]}]}<\/script>\n<!-- \/ Yoast SEO plugin. -->","yoast_head_json":{"title":"Radiotelefony serii SP3500 ATEX - ESCORT TECHNOLOGY","robots":{"index":"index","follow":"follow","max-snippet":"max-snippet:-1","max-image-preview":"max-image-preview:large","max-video-preview":"max-video-preview:-1"},"canonical":"https:\/\/escort-technology.com\/en\/radiotelefony-serii-sp3500-atex\/","og_locale":"en_US","og_type":"article","og_title":"Radiotelefony serii SP3500 ATEX - ESCORT TECHNOLOGY","og_description":"Radiotelefony serii SP3500 ATEX Karta katalogowa Wszystkie wersje SAILOR SP3500 ATEX s\u0105 zaprojektowane z my\u015bl\u0105 o u\u017cytkowniku pracuj\u0105cym w niebezpiecznym \u015brodowisku morskim. Unikalny SAILOR SP3540 VHF jest zatwierdzony zar\u00f3wno przez ATEX jak i GMDSS, wi\u0119c mo\u017ce by\u0107 u\u017cywany do komunikacji na pok\u0142adzie i do spe\u0142nienia wymog\u00f3w bezpiecze\u0144stwa, w razie wypadku.Z du\u017cymi dotykowymi przyciskami i pokr\u0119t\u0142ami [&hellip;]","og_url":"https:\/\/escort-technology.com\/en\/radiotelefony-serii-sp3500-atex\/","og_site_name":"ESCORT TECHNOLOGY","article_publisher":"https:\/\/www.facebook.com\/elektronika.morska\/","article_modified_time":"2021-07-13T12:01:41+00:00","og_image":[{"url":"https:\/\/escort-technology.com\/wp-content\/uploads\/2021\/04\/sp3530.jpg","type":"","width":"","height":""}],"twitter_card":"summary_large_image","twitter_misc":{"Est. reading time":"1 minute"},"schema":{"@context":"https:\/\/schema.org","@graph":[{"@type":"WebPage","@id":"https:\/\/escort-technology.com\/pl\/radiotelefony-serii-sp3500-atex\/","url":"https:\/\/escort-technology.com\/pl\/radiotelefony-serii-sp3500-atex\/","name":"Radiotelefony serii SP3500 ATEX - ESCORT TECHNOLOGY","isPartOf":{"@id":"http:\/\/escort-technology.com\/de\/#website"},"datePublished":"2021-04-28T11:59:43+00:00","dateModified":"2021-07-13T12:01:41+00:00","breadcrumb":{"@id":"https:\/\/escort-technology.com\/pl\/radiotelefony-serii-sp3500-atex\/#breadcrumb"},"inLanguage":"en-US","potentialAction":[{"@type":"ReadAction","target":["https:\/\/escort-technology.com\/pl\/radiotelefony-serii-sp3500-atex\/"]}]},{"@type":"BreadcrumbList","@id":"https:\/\/escort-technology.com\/pl\/radiotelefony-serii-sp3500-atex\/#breadcrumb","itemListElement":[{"@type":"ListItem","position":1,"name":"Strona g\u0142\u00f3wna","item":"https:\/\/escort-technology.com\/"},{"@type":"ListItem","position":2,"name":"Radiotelefony serii SP3500 ATEX"}]},{"@type":"WebSite","@id":"http:\/\/escort-technology.com\/de\/#website","url":"http:\/\/escort-technology.com\/de\/","name":"ESCORT TECHNOLOGY","description":"Onshore and offshore electronics","publisher":{"@id":"http:\/\/escort-technology.com\/de\/#organization"},"potentialAction":[{"@type":"SearchAction","target":{"@type":"EntryPoint","urlTemplate":"http:\/\/escort-technology.com\/de\/?s={search_term_string}"},"query-input":{"@type":"PropertyValueSpecification","valueRequired":true,"valueName":"search_term_string"}}],"inLanguage":"en-US"},{"@type":"Organization","@id":"http:\/\/escort-technology.com\/de\/#organization","name":"ESCORT TECHNOLOGY","url":"http:\/\/escort-technology.com\/de\/","logo":{"@type":"ImageObject","inLanguage":"en-US","@id":"http:\/\/escort-technology.com\/de\/#\/schema\/logo\/image\/","url":"https:\/\/escort-technology.com\/wp-content\/uploads\/logo-1.jpg","contentUrl":"https:\/\/escort-technology.com\/wp-content\/uploads\/logo-1.jpg","width":600,"height":165,"caption":"ESCORT TECHNOLOGY"},"image":{"@id":"http:\/\/escort-technology.com\/de\/#\/schema\/logo\/image\/"},"sameAs":["https:\/\/www.facebook.com\/elektronika.morska\/","https:\/\/www.linkedin.com\/company\/escort-sp-z-o-o-\/"]}]}},"_links":{"self":[{"href":"https:\/\/escort-technology.com\/en\/wp-json\/wp\/v2\/pages\/8731","targetHints":{"allow":["GET"]}}],"collection":[{"href":"https:\/\/escort-technology.com\/en\/wp-json\/wp\/v2\/pages"}],"about":[{"href":"https:\/\/escort-technology.com\/en\/wp-json\/wp\/v2\/types\/page"}],"author":[{"embeddable":true,"href":"https:\/\/escort-technology.com\/en\/wp-json\/wp\/v2\/users\/10"}],"replies":[{"embeddable":true,"href":"https:\/\/escort-technology.com\/en\/wp-json\/wp\/v2\/comments?post=8731"}],"version-history":[{"count":5,"href":"https:\/\/escort-technology.com\/en\/wp-json\/wp\/v2\/pages\/8731\/revisions"}],"predecessor-version":[{"id":9412,"href":"https:\/\/escort-technology.com\/en\/wp-json\/wp\/v2\/pages\/8731\/revisions\/9412"}],"wp:attachment":[{"href":"https:\/\/escort-technology.com\/en\/wp-json\/wp\/v2\/media?parent=8731"}],"curies":[{"name":"wp","href":"https:\/\/api.w.org\/{rel}","templated":true}]}}