{"id":8801,"date":"2021-04-27T14:02:14","date_gmt":"2021-04-27T12:02:14","guid":{"rendered":"https:\/\/escort-technology.com\/?page_id=8801"},"modified":"2021-04-29T15:42:56","modified_gmt":"2021-04-29T13:42:56","slug":"system-monitorowania-wloka-simrad-pi50","status":"publish","type":"page","link":"https:\/\/escort-technology.com\/en\/system-monitorowania-wloka-simrad-pi50\/","title":{"rendered":"System monitorowania w\u0142oka SIMRAD PI50"},"content":{"rendered":"<h1>\n<p class=\"uk-article-title\">System monitorowania w\u0142oka SIMRAD PI50<\/p>\n<\/h1>\n<hr>\n<div>\n<ul>\n<li>Nowy interfejs u\u017cytkownika<\/li>\n<li>System menu w r\u00f3\u017cnych j\u0119zykach<\/li>\n<li>Nowa jednostka odbiorcza PI50<\/li>\n<li>Innowacyjna technologia<\/li>\n<li>Oprogramowanie dzia\u0142a na komputerze osobistym<\/li>\n<li>Wsp\u00f3\u0142pracuje z kolorowymi wy\u015bwietlaczami<\/li>\n<li>Przygotowany do pracy na szerokich ekranach (16:9)<\/li>\n<li>Aby \u0142owi\u0107 efektywnie, wa\u017cne jest, aby wiedzie\u0107, jak Tw\u00f3j sprz\u0119t zachowuje si\u0119 w morzu.<\/li>\n<\/ul>\n<p>System Simrad PI50 dostarcza Ci istotnych informacji. Mo\u017ce to by\u0107 na przyk\u0142ad stabilno\u015b\u0107\u00a0 desek, ilo\u015b\u0107 i jako\u015b\u0107 Twojego po\u0142owu, zachowanie Twojego w\u0142oka dennego lub pelagicznego, lub w\u0142a\u015bciwe wyczucie czasu dla okr\u0119\u017cnicy.<\/p>\n<p>Dla Simrad PI50 dost\u0119pny jest du\u017cy wyb\u00f3r czujnik\u00f3w bezprzewodowych. Umieszczone na w\u0142oku lub okr\u0119\u017cnicy dostarcz\u0105 Ci cennych i dok\u0142adnych informacji o narz\u0119dziu po\u0142owowym, jego zachowaniu i \u015brodowisku.<\/p>\n<\/div>\n<p>\n    <a href=\"https:\/\/www.kongsberg.com\/contentassets\/de111239215b463f9424bb648a5e0398\/338012aa_pi50_data_sheet_english.pdf\">Karta katalogowa<\/a>\n<\/p>\n<p><img decoding=\"async\" src=\"\/wp-content\/uploads\/2021\/04\/px50czujnik.jpg\" alt=\"\"><br \/>\n<img decoding=\"async\" src=\"\/wp-content\/uploads\/2021\/04\/bm012111-003_0500_pi50_screen_capture.jpg\" alt=\"\"><\/p>\n<div>\n<p style=\"text-align: center;\">Zrzut ekranu (z symulowanego \u015brodowiska) pokazuje urz\u0105dzenie Simrad PI50 ustawione do pracy z zestawem czujnik\u00f3w: G\u0142\u0119boko\u015b\u0107, Rozpi\u0119to\u015b\u0107, Wysoko\u015b\u0107, Temperatura i zestawem Geometrii. Du\u017ce i wyra\u017ane cyfry zapewniaj\u0105 Ci natychmiastow\u0105 informacj\u0119 zwrotn\u0105 z narz\u0119dzia. Jako dodatkow\u0105 cech\u0119, mo\u017cesz otworzy\u0107 dowoln\u0105 liczb\u0119 wykres\u00f3w, aby zobaczy\u0107 ostatnie ruchy wybranych czujnik\u00f3w.<\/p>\n<\/div>\n<p><img decoding=\"async\" src=\"\/wp-content\/uploads\/2021\/04\/px50.jpg\" alt=\"\"><\/p>\n<div>\n<p>Czujniki systemu PI50 s\u0105 niewielkie i mo\u017cna je \u0142atwo zamontowa\u0107 na wszystkich statkach rybackich.<\/p>\n<p>Przedstawiony jest podstawowy schemat systemu PI50. Mo\u017cliwo\u015bci interfejsu, zasilacze i kable zasilaj\u0105ce nie s\u0105 pokazane.<\/p>\n<p>Simrad PI50 sk\u0142ada si\u0119 z nast\u0119puj\u0105cych jednostek:<\/p>\n<p>A. Wy\u015bwietlacz<br \/>B. Jednostka procesorowa (komputer)<br \/>C. Odbiornik czujnika<br \/>D. Zasilacz<br \/>E. Hydrofon<br \/>F. Czujniki monitoruj\u0105ce po\u0142\u00f3w<\/p>\n<p>Hydrofon jest montowany pod kad\u0142ubem statku.<\/p>\n<p>Dodatkowe i\/lub opcjonalne urz\u0105dzenia obejmuj\u0105:<\/p>\n<p>\u0141adowark\u0119(i) akumulator\u00f3w czujnika<br \/>Wybierak hydrofonu<br \/>G\u0142o\u015bnik<\/p>\n<\/div>\n<div>\n<h3>Jak dzia\u0142a system monitoringu w\u0142oka?\u00a0<\/h3>\n<p>System monitorowania po\u0142owu Simrad PI50 mo\u017ce odbiera\u0107 sze\u015b\u0107 pomiar\u00f3w jednocze\u015bnie z czujnik\u00f3w PS, PI lub PX. Czujniki s\u0105 zasilane przez wbudowane baterie akumulatorowe. S\u0105 one umieszczone w tytanowych obudowach i zaprojektowane przy u\u017cyciu zaawansowanych materia\u0142\u00f3w absorbuj\u0105cych wstrz\u0105sy. Informacje zbierane przez czujniki s\u0105 przesy\u0142ane przez wod\u0119 do hydrofonu za pomoc\u0105 zakodowanych fal d\u017awi\u0119kowych.<\/p>\n<p>Odbiornik czujnika PI50 wzmacnia i dekoduje informacje, konwertuje je na format cyfrowy i wysy\u0142a do jednostki przetwarzaj\u0105cej (komputera). Komputer interpretuje informacje, a nast\u0119pnie przedstawia je u\u017cytkownikowi.<\/p>\n<p>Je\u015bli u\u017cytkownik chce s\u0142ysze\u0107 alarmy d\u017awi\u0119kowe, musi zainstalowa\u0107 g\u0142o\u015bnik. Nale\u017cy pami\u0119ta\u0107, \u017ce g\u0142o\u015bnik nie mo\u017ce by\u0107 pod\u0142\u0105czony bezpo\u015brednio do komputera. Konieczne jest zastosowanie wzmacniacza.<\/p>\n<\/div>\n<h1>\n<h2 style=\"text-align: center;\">Podzia\u0142 czujnik\u00f3w i ich funkcji\u00a0<\/h2>\n<\/h1>\n<p><img decoding=\"async\" src=\"\/wp-content\/uploads\/2021\/04\/PX-Kongsberg.jpg\" alt=\"\"><\/p>\n<p><!--more--><br \/>\n<!-- {\"type\":\"layout\",\"children\":[{\"type\":\"section\",\"props\":{\"style\":\"default\",\"width\":\"default\",\"vertical_align\":\"middle\",\"title_position\":\"top-left\",\"title_rotation\":\"left\",\"title_breakpoint\":\"xl\",\"image_position\":\"center-center\"},\"children\":[{\"type\":\"row\",\"children\":[{\"type\":\"column\",\"props\":{\"image_position\":\"center-center\",\"media_overlay_gradient\":\"\"},\"children\":[{\"type\":\"headline\",\"props\":{\"title_element\":\"h1\",\"content\":\"\n\n<p class=\\\"uk-article-title\\\">System monitorowania w\\u0142oka SIMRAD PI50<\\\/p>\"}},{\"type\":\"divider\",\"props\":{\"divider_element\":\"hr\"}}]}]}]},{\"type\":\"section\",\"props\":{\"style\":\"default\",\"width\":\"default\",\"vertical_align\":\"middle\",\"title_position\":\"top-left\",\"title_rotation\":\"left\",\"title_breakpoint\":\"xl\",\"image_position\":\"center-center\"},\"children\":[{\"type\":\"row\",\"props\":{\"layout\":\"1-2,1-2\"},\"children\":[{\"type\":\"column\",\"props\":{\"image_position\":\"center-center\",\"media_overlay_gradient\":\"\",\"width_medium\":\"1-2\"},\"children\":[{\"type\":\"text\",\"props\":{\"margin\":\"default\",\"column_breakpoint\":\"m\",\"content\":\"\n\n<ul>\\n\n\n<li>Nowy interfejs u\\u017cytkownika<\\\/li>\\n\n\n<li>System menu w r\\u00f3\\u017cnych j\\u0119zykach<\\\/li>\\n\n\n<li>Nowa jednostka odbiorcza PI50<\\\/li>\\n\n\n<li>Innowacyjna technologia<\\\/li>\\n\n\n<li>Oprogramowanie dzia\\u0142a na komputerze osobistym<\\\/li>\\n\n\n<li>Wsp\\u00f3\\u0142pracuje z kolorowymi wy\\u015bwietlaczami<\\\/li>\\n\n\n<li>Przygotowany do pracy na szerokich ekranach (16:9)<\\\/li>\\n\n\n<li>Aby \\u0142owi\\u0107 efektywnie, wa\\u017cne jest, aby wiedzie\\u0107, jak Tw\\u00f3j sprz\\u0119t zachowuje si\\u0119 w morzu.<\\\/li>\\n<\\\/ul>\\n\n\n<p>System Simrad PI50 dostarcza Ci istotnych informacji. Mo\\u017ce to by\\u0107 na przyk\\u0142ad stabilno\\u015b\\u0107\\u00a0 desek, ilo\\u015b\\u0107 i jako\\u015b\\u0107 Twojego po\\u0142owu, zachowanie Twojego w\\u0142oka dennego lub pelagicznego, lub w\\u0142a\\u015bciwe wyczucie czasu dla okr\\u0119\\u017cnicy.<\\\/p>\\n\n\n<p>Dla Simrad PI50 dost\\u0119pny jest du\\u017cy wyb\\u00f3r czujnik\\u00f3w bezprzewodowych. Umieszczone na w\\u0142oku lub okr\\u0119\\u017cnicy dostarcz\\u0105 Ci cennych i dok\\u0142adnych informacji o narz\\u0119dziu po\\u0142owowym, jego zachowaniu i \\u015brodowisku.<\\\/p>\"}},{\"type\":\"button\",\"props\":{\"grid_column_gap\":\"small\",\"grid_row_gap\":\"small\",\"margin\":\"default\",\"text_align\":\"center\"},\"children\":[{\"type\":\"button_item\",\"props\":{\"button_style\":\"default\",\"icon_align\":\"left\",\"content\":\"Karta katalogowa\",\"link\":\"https:\\\/\\\/www.kongsberg.com\\\/contentassets\\\/de111239215b463f9424bb648a5e0398\\\/338012aa_pi50_data_sheet_english.pdf\"}}]}]},{\"type\":\"column\",\"props\":{\"image_position\":\"center-center\",\"media_overlay_gradient\":\"\",\"width_medium\":\"1-2\"},\"children\":[{\"type\":\"image\",\"props\":{\"margin\":\"default\",\"image_svg_color\":\"emphasis\",\"image\":\"wp-content\\\/uploads\\\/2021\\\/04\\\/px50czujnik.jpg\"}}]}]}]},{\"type\":\"section\",\"props\":{\"style\":\"default\",\"width\":\"default\",\"vertical_align\":\"middle\",\"title_position\":\"top-left\",\"title_rotation\":\"left\",\"title_breakpoint\":\"xl\",\"image_position\":\"center-center\"},\"children\":[{\"type\":\"row\",\"children\":[{\"type\":\"column\",\"props\":{\"image_position\":\"center-center\",\"media_overlay_gradient\":\"\"},\"children\":[{\"type\":\"image\",\"props\":{\"margin\":\"default\",\"image_svg_color\":\"emphasis\",\"image\":\"wp-content\\\/uploads\\\/2021\\\/04\\\/bm012111-003_0500_pi50_screen_capture.jpg\",\"text_align\":\"center\"}},{\"type\":\"text\",\"props\":{\"margin\":\"default\",\"column_breakpoint\":\"m\",\"content\":\"\n\n<p style=\\\"text-align: center;\\\"><br \\\/>Zrzut ekranu (z symulowanego \\u015brodowiska) pokazuje urz\\u0105dzenie Simrad PI50 ustawione do pracy z zestawem czujnik\\u00f3w: G\\u0142\\u0119boko\\u015b\\u0107, Rozpi\\u0119to\\u015b\\u0107, Wysoko\\u015b\\u0107, Temperatura i zestawem Geometrii. Du\\u017ce i wyra\\u017ane cyfry zapewniaj\\u0105 Ci natychmiastow\\u0105 informacj\\u0119 zwrotn\\u0105 z narz\\u0119dzia. Jako dodatkow\\u0105 cech\\u0119, mo\\u017cesz otworzy\\u0107 dowoln\\u0105 liczb\\u0119 wykres\\u00f3w, aby zobaczy\\u0107 ostatnie ruchy wybranych czujnik\\u00f3w.<\\\/p>\"}}]}]}]},{\"type\":\"section\",\"props\":{\"style\":\"default\",\"width\":\"default\",\"vertical_align\":\"middle\",\"title_position\":\"top-left\",\"title_rotation\":\"left\",\"title_breakpoint\":\"xl\",\"image_position\":\"center-center\"},\"children\":[{\"type\":\"row\",\"props\":{\"layout\":\"1-2,1-2\"},\"children\":[{\"type\":\"column\",\"props\":{\"image_position\":\"center-center\",\"media_overlay_gradient\":\"\",\"width_medium\":\"1-2\"},\"children\":[{\"type\":\"image\",\"props\":{\"margin\":\"default\",\"image_svg_color\":\"emphasis\",\"image\":\"wp-content\\\/uploads\\\/2021\\\/04\\\/px50.jpg\",\"text_align\":\"center\"}}]},{\"type\":\"column\",\"props\":{\"image_position\":\"center-center\",\"media_overlay_gradient\":\"\",\"width_medium\":\"1-2\"},\"children\":[{\"type\":\"text\",\"props\":{\"margin\":\"default\",\"column_breakpoint\":\"m\",\"content\":\"\n\n<p>Czujniki systemu PI50 s\\u0105 niewielkie i mo\\u017cna je \\u0142atwo zamontowa\\u0107 na wszystkich statkach rybackich.<\\\/p>\\n\n\n<p>Przedstawiony jest podstawowy schemat systemu PI50. Mo\\u017cliwo\\u015bci interfejsu, zasilacze i kable zasilaj\\u0105ce nie s\\u0105 pokazane.<\\\/p>\\n\n\n<p>Simrad PI50 sk\\u0142ada si\\u0119 z nast\\u0119puj\\u0105cych jednostek:<\\\/p>\\n\n\n<p>A. Wy\\u015bwietlacz<br \\\/>B. Jednostka procesorowa (komputer)<br \\\/>C. Odbiornik czujnika<br \\\/>D. Zasilacz<br \\\/>E. Hydrofon<br \\\/>F. Czujniki monitoruj\\u0105ce po\\u0142\\u00f3w<\\\/p>\\n\n\n<p>Hydrofon jest montowany pod kad\\u0142ubem statku.<\\\/p>\\n\n\n<p>Dodatkowe i\\\/lub opcjonalne urz\\u0105dzenia obejmuj\\u0105:<\\\/p>\\n\n\n<p>\\u0141adowark\\u0119(i) akumulator\\u00f3w czujnika<br \\\/>Wybierak hydrofonu<br \\\/>G\\u0142o\\u015bnik<\\\/p>\"}}]}]}]},{\"type\":\"section\",\"props\":{\"style\":\"default\",\"width\":\"default\",\"vertical_align\":\"middle\",\"title_position\":\"top-left\",\"title_rotation\":\"left\",\"title_breakpoint\":\"xl\",\"image_position\":\"center-center\"},\"children\":[{\"type\":\"row\",\"children\":[{\"type\":\"column\",\"props\":{\"image_position\":\"center-center\",\"media_overlay_gradient\":\"\"},\"children\":[{\"type\":\"text\",\"props\":{\"margin\":\"default\",\"column_breakpoint\":\"m\",\"content\":\"\n\n<h3>Jak dzia\\u0142a system monitoringu w\\u0142oka?\\u00a0<\\\/h3>\\n\n\n<p>System monitorowania po\\u0142owu Simrad PI50 mo\\u017ce odbiera\\u0107 sze\\u015b\\u0107 pomiar\\u00f3w jednocze\\u015bnie z czujnik\\u00f3w PS, PI lub PX. Czujniki s\\u0105 zasilane przez wbudowane baterie akumulatorowe. S\\u0105 one umieszczone w tytanowych obudowach i zaprojektowane przy u\\u017cyciu zaawansowanych materia\\u0142\\u00f3w absorbuj\\u0105cych wstrz\\u0105sy. Informacje zbierane przez czujniki s\\u0105 przesy\\u0142ane przez wod\\u0119 do hydrofonu za pomoc\\u0105 zakodowanych fal d\\u017awi\\u0119kowych.<\\\/p>\\n\n\n<p>Odbiornik czujnika PI50 wzmacnia i dekoduje informacje, konwertuje je na format cyfrowy i wysy\\u0142a do jednostki przetwarzaj\\u0105cej (komputera). Komputer interpretuje informacje, a nast\\u0119pnie przedstawia je u\\u017cytkownikowi.<\\\/p>\\n\n\n<p>Je\\u015bli u\\u017cytkownik chce s\\u0142ysze\\u0107 alarmy d\\u017awi\\u0119kowe, musi zainstalowa\\u0107 g\\u0142o\\u015bnik. Nale\\u017cy pami\\u0119ta\\u0107, \\u017ce g\\u0142o\\u015bnik nie mo\\u017ce by\\u0107 pod\\u0142\\u0105czony bezpo\\u015brednio do komputera. Konieczne jest zastosowanie wzmacniacza.<\\\/p>\"}}]}]}]},{\"type\":\"section\",\"props\":{\"style\":\"default\",\"width\":\"default\",\"vertical_align\":\"middle\",\"title_position\":\"top-left\",\"title_rotation\":\"left\",\"title_breakpoint\":\"xl\",\"image_position\":\"center-center\"},\"children\":[{\"type\":\"row\",\"children\":[{\"type\":\"column\",\"props\":{\"image_position\":\"center-center\",\"media_overlay_gradient\":\"\"},\"children\":[{\"type\":\"headline\",\"props\":{\"title_element\":\"h1\",\"content\":\"\n\n<h2 style=\\\"text-align: center;\\\">Podzia\\u0142 czujnik\\u00f3w i ich funkcji\\u00a0<\\\/h2>\"}},{\"type\":\"image\",\"props\":{\"margin\":\"default\",\"image_svg_color\":\"emphasis\",\"image\":\"wp-content\\\/uploads\\\/2021\\\/04\\\/PX-Kongsberg.jpg\",\"image_width\":\"700\",\"text_align\":\"center\"}}]}]}]}],\"version\":\"2.4.14\"} --><\/p>\n","protected":false},"excerpt":{"rendered":"<p>System monitorowania w\u0142oka SIMRAD PI50 Nowy interfejs u\u017cytkownika System menu w r\u00f3\u017cnych j\u0119zykach Nowa jednostka odbiorcza PI50 Innowacyjna technologia Oprogramowanie dzia\u0142a na komputerze osobistym Wsp\u00f3\u0142pracuje z kolorowymi wy\u015bwietlaczami Przygotowany do pracy na szerokich ekranach (16:9) Aby \u0142owi\u0107 efektywnie, wa\u017cne jest, aby wiedzie\u0107, jak Tw\u00f3j sprz\u0119t zachowuje si\u0119 w morzu. System Simrad PI50 dostarcza Ci istotnych [&hellip;]<\/p>\n","protected":false},"author":10,"featured_media":0,"parent":0,"menu_order":0,"comment_status":"closed","ping_status":"closed","template":"","meta":{"footnotes":""},"class_list":["post-8801","page","type-page","status-publish","hentry"],"yoast_head":"<!-- This site is optimized with the Yoast SEO plugin v27.6 - https:\/\/yoast.com\/product\/yoast-seo-wordpress\/ -->\n<title>System monitorowania w\u0142oka SIMRAD PI50 - ESCORT TECHNOLOGY<\/title>\n<meta name=\"robots\" content=\"index, follow, max-snippet:-1, max-image-preview:large, max-video-preview:-1\" \/>\n<link rel=\"canonical\" href=\"http:\/\/escort-technology.com\/en\/system-monitorowania-wloka-simrad-pi50\/\" \/>\n<meta property=\"og:locale\" content=\"en_US\" \/>\n<meta property=\"og:type\" content=\"article\" \/>\n<meta property=\"og:title\" content=\"System monitorowania w\u0142oka SIMRAD PI50 - ESCORT TECHNOLOGY\" \/>\n<meta property=\"og:description\" content=\"System monitorowania w\u0142oka SIMRAD PI50 Nowy interfejs u\u017cytkownika System menu w r\u00f3\u017cnych j\u0119zykach Nowa jednostka odbiorcza PI50 Innowacyjna technologia Oprogramowanie dzia\u0142a na komputerze osobistym Wsp\u00f3\u0142pracuje z kolorowymi wy\u015bwietlaczami Przygotowany do pracy na szerokich ekranach (16:9) Aby \u0142owi\u0107 efektywnie, wa\u017cne jest, aby wiedzie\u0107, jak Tw\u00f3j sprz\u0119t zachowuje si\u0119 w morzu. System Simrad PI50 dostarcza Ci istotnych [&hellip;]\" \/>\n<meta property=\"og:url\" content=\"http:\/\/escort-technology.com\/en\/system-monitorowania-wloka-simrad-pi50\/\" \/>\n<meta property=\"og:site_name\" content=\"ESCORT TECHNOLOGY\" \/>\n<meta property=\"article:publisher\" content=\"https:\/\/www.facebook.com\/elektronika.morska\/\" \/>\n<meta property=\"article:modified_time\" content=\"2021-04-29T13:42:56+00:00\" \/>\n<meta property=\"og:image\" content=\"https:\/\/escort-technology.com\/wp-content\/uploads\/2021\/04\/px50czujnik.jpg\" \/>\n<meta name=\"twitter:card\" content=\"summary_large_image\" \/>\n<meta name=\"twitter:label1\" content=\"Est. reading time\" \/>\n\t<meta name=\"twitter:data1\" content=\"2 minutes\" \/>\n<script type=\"application\/ld+json\" class=\"yoast-schema-graph\">{\"@context\":\"https:\\\/\\\/schema.org\",\"@graph\":[{\"@type\":\"WebPage\",\"@id\":\"http:\\\/\\\/escort-technology.com\\\/pl\\\/system-monitorowania-wloka-simrad-pi50\\\/\",\"url\":\"http:\\\/\\\/escort-technology.com\\\/pl\\\/system-monitorowania-wloka-simrad-pi50\\\/\",\"name\":\"System monitorowania w\u0142oka SIMRAD PI50 - ESCORT TECHNOLOGY\",\"isPartOf\":{\"@id\":\"http:\\\/\\\/escort-technology.com\\\/de\\\/#website\"},\"datePublished\":\"2021-04-27T12:02:14+00:00\",\"dateModified\":\"2021-04-29T13:42:56+00:00\",\"breadcrumb\":{\"@id\":\"http:\\\/\\\/escort-technology.com\\\/pl\\\/system-monitorowania-wloka-simrad-pi50\\\/#breadcrumb\"},\"inLanguage\":\"en-US\",\"potentialAction\":[{\"@type\":\"ReadAction\",\"target\":[\"http:\\\/\\\/escort-technology.com\\\/pl\\\/system-monitorowania-wloka-simrad-pi50\\\/\"]}]},{\"@type\":\"BreadcrumbList\",\"@id\":\"http:\\\/\\\/escort-technology.com\\\/pl\\\/system-monitorowania-wloka-simrad-pi50\\\/#breadcrumb\",\"itemListElement\":[{\"@type\":\"ListItem\",\"position\":1,\"name\":\"Strona g\u0142\u00f3wna\",\"item\":\"https:\\\/\\\/escort-technology.com\\\/\"},{\"@type\":\"ListItem\",\"position\":2,\"name\":\"System monitorowania w\u0142oka SIMRAD PI50\"}]},{\"@type\":\"WebSite\",\"@id\":\"http:\\\/\\\/escort-technology.com\\\/de\\\/#website\",\"url\":\"http:\\\/\\\/escort-technology.com\\\/de\\\/\",\"name\":\"ESCORT TECHNOLOGY\",\"description\":\"Elektronika morska i l\u0105dowa\",\"publisher\":{\"@id\":\"http:\\\/\\\/escort-technology.com\\\/de\\\/#organization\"},\"potentialAction\":[{\"@type\":\"SearchAction\",\"target\":{\"@type\":\"EntryPoint\",\"urlTemplate\":\"http:\\\/\\\/escort-technology.com\\\/de\\\/?s={search_term_string}\"},\"query-input\":{\"@type\":\"PropertyValueSpecification\",\"valueRequired\":true,\"valueName\":\"search_term_string\"}}],\"inLanguage\":\"en-US\"},{\"@type\":\"Organization\",\"@id\":\"http:\\\/\\\/escort-technology.com\\\/de\\\/#organization\",\"name\":\"ESCORT TECHNOLOGY\",\"url\":\"http:\\\/\\\/escort-technology.com\\\/de\\\/\",\"logo\":{\"@type\":\"ImageObject\",\"inLanguage\":\"en-US\",\"@id\":\"http:\\\/\\\/escort-technology.com\\\/de\\\/#\\\/schema\\\/logo\\\/image\\\/\",\"url\":\"https:\\\/\\\/escort-technology.com\\\/wp-content\\\/uploads\\\/logo-1.jpg\",\"contentUrl\":\"https:\\\/\\\/escort-technology.com\\\/wp-content\\\/uploads\\\/logo-1.jpg\",\"width\":600,\"height\":165,\"caption\":\"ESCORT TECHNOLOGY\"},\"image\":{\"@id\":\"http:\\\/\\\/escort-technology.com\\\/de\\\/#\\\/schema\\\/logo\\\/image\\\/\"},\"sameAs\":[\"https:\\\/\\\/www.facebook.com\\\/elektronika.morska\\\/\",\"https:\\\/\\\/www.linkedin.com\\\/company\\\/escort-sp-z-o-o-\\\/\"]}]}<\/script>\n<!-- \/ Yoast SEO plugin. -->","yoast_head_json":{"title":"System monitorowania w\u0142oka SIMRAD PI50 - ESCORT TECHNOLOGY","robots":{"index":"index","follow":"follow","max-snippet":"max-snippet:-1","max-image-preview":"max-image-preview:large","max-video-preview":"max-video-preview:-1"},"canonical":"http:\/\/escort-technology.com\/en\/system-monitorowania-wloka-simrad-pi50\/","og_locale":"en_US","og_type":"article","og_title":"System monitorowania w\u0142oka SIMRAD PI50 - ESCORT TECHNOLOGY","og_description":"System monitorowania w\u0142oka SIMRAD PI50 Nowy interfejs u\u017cytkownika System menu w r\u00f3\u017cnych j\u0119zykach Nowa jednostka odbiorcza PI50 Innowacyjna technologia Oprogramowanie dzia\u0142a na komputerze osobistym Wsp\u00f3\u0142pracuje z kolorowymi wy\u015bwietlaczami Przygotowany do pracy na szerokich ekranach (16:9) Aby \u0142owi\u0107 efektywnie, wa\u017cne jest, aby wiedzie\u0107, jak Tw\u00f3j sprz\u0119t zachowuje si\u0119 w morzu. System Simrad PI50 dostarcza Ci istotnych [&hellip;]","og_url":"http:\/\/escort-technology.com\/en\/system-monitorowania-wloka-simrad-pi50\/","og_site_name":"ESCORT TECHNOLOGY","article_publisher":"https:\/\/www.facebook.com\/elektronika.morska\/","article_modified_time":"2021-04-29T13:42:56+00:00","og_image":[{"url":"https:\/\/escort-technology.com\/wp-content\/uploads\/2021\/04\/px50czujnik.jpg","type":"","width":"","height":""}],"twitter_card":"summary_large_image","twitter_misc":{"Est. reading time":"2 minutes"},"schema":{"@context":"https:\/\/schema.org","@graph":[{"@type":"WebPage","@id":"http:\/\/escort-technology.com\/pl\/system-monitorowania-wloka-simrad-pi50\/","url":"http:\/\/escort-technology.com\/pl\/system-monitorowania-wloka-simrad-pi50\/","name":"System monitorowania w\u0142oka SIMRAD PI50 - ESCORT TECHNOLOGY","isPartOf":{"@id":"http:\/\/escort-technology.com\/de\/#website"},"datePublished":"2021-04-27T12:02:14+00:00","dateModified":"2021-04-29T13:42:56+00:00","breadcrumb":{"@id":"http:\/\/escort-technology.com\/pl\/system-monitorowania-wloka-simrad-pi50\/#breadcrumb"},"inLanguage":"en-US","potentialAction":[{"@type":"ReadAction","target":["http:\/\/escort-technology.com\/pl\/system-monitorowania-wloka-simrad-pi50\/"]}]},{"@type":"BreadcrumbList","@id":"http:\/\/escort-technology.com\/pl\/system-monitorowania-wloka-simrad-pi50\/#breadcrumb","itemListElement":[{"@type":"ListItem","position":1,"name":"Strona g\u0142\u00f3wna","item":"https:\/\/escort-technology.com\/"},{"@type":"ListItem","position":2,"name":"System monitorowania w\u0142oka SIMRAD PI50"}]},{"@type":"WebSite","@id":"http:\/\/escort-technology.com\/de\/#website","url":"http:\/\/escort-technology.com\/de\/","name":"ESCORT TECHNOLOGY","description":"Onshore and offshore electronics","publisher":{"@id":"http:\/\/escort-technology.com\/de\/#organization"},"potentialAction":[{"@type":"SearchAction","target":{"@type":"EntryPoint","urlTemplate":"http:\/\/escort-technology.com\/de\/?s={search_term_string}"},"query-input":{"@type":"PropertyValueSpecification","valueRequired":true,"valueName":"search_term_string"}}],"inLanguage":"en-US"},{"@type":"Organization","@id":"http:\/\/escort-technology.com\/de\/#organization","name":"ESCORT TECHNOLOGY","url":"http:\/\/escort-technology.com\/de\/","logo":{"@type":"ImageObject","inLanguage":"en-US","@id":"http:\/\/escort-technology.com\/de\/#\/schema\/logo\/image\/","url":"https:\/\/escort-technology.com\/wp-content\/uploads\/logo-1.jpg","contentUrl":"https:\/\/escort-technology.com\/wp-content\/uploads\/logo-1.jpg","width":600,"height":165,"caption":"ESCORT TECHNOLOGY"},"image":{"@id":"http:\/\/escort-technology.com\/de\/#\/schema\/logo\/image\/"},"sameAs":["https:\/\/www.facebook.com\/elektronika.morska\/","https:\/\/www.linkedin.com\/company\/escort-sp-z-o-o-\/"]}]}},"_links":{"self":[{"href":"https:\/\/escort-technology.com\/en\/wp-json\/wp\/v2\/pages\/8801","targetHints":{"allow":["GET"]}}],"collection":[{"href":"https:\/\/escort-technology.com\/en\/wp-json\/wp\/v2\/pages"}],"about":[{"href":"https:\/\/escort-technology.com\/en\/wp-json\/wp\/v2\/types\/page"}],"author":[{"embeddable":true,"href":"https:\/\/escort-technology.com\/en\/wp-json\/wp\/v2\/users\/10"}],"replies":[{"embeddable":true,"href":"https:\/\/escort-technology.com\/en\/wp-json\/wp\/v2\/comments?post=8801"}],"version-history":[{"count":12,"href":"https:\/\/escort-technology.com\/en\/wp-json\/wp\/v2\/pages\/8801\/revisions"}],"predecessor-version":[{"id":9074,"href":"https:\/\/escort-technology.com\/en\/wp-json\/wp\/v2\/pages\/8801\/revisions\/9074"}],"wp:attachment":[{"href":"https:\/\/escort-technology.com\/en\/wp-json\/wp\/v2\/media?parent=8801"}],"curies":[{"name":"wp","href":"https:\/\/api.w.org\/{rel}","templated":true}]}}