{"id":8931,"date":"2021-04-28T13:44:48","date_gmt":"2021-04-28T11:44:48","guid":{"rendered":"https:\/\/escort-technology.com\/?page_id=8931"},"modified":"2021-04-28T13:56:22","modified_gmt":"2021-04-28T11:56:22","slug":"wskazniki-marki-skipper","status":"publish","type":"page","link":"https:\/\/escort-technology.com\/en\/wskazniki-marki-skipper\/","title":{"rendered":"Wska\u017aniki marki Skipper"},"content":{"rendered":"<h1>Wska\u017aniki marki Skipper<\/h1>\n<hr>\n<p><img decoding=\"async\" src=\"\/wp-content\/uploads\/2021\/04\/thumb_SKIPPER-CD401MR-SB.jpg\" alt=\"\"><\/p>\n<h1>\n<h3 itemprop=\"name\">Multi Repeater CD401MR-SB<\/h3>\n<\/h1>\n<div>\n<p>&#8211; G\u0142\u0119boko\u015b\u0107 pod powierzchni\u0105, st\u0119pk\u0105 i przetwornikiem<br \/>&#8211; Pr\u0119dko\u015b\u0107 nad dnem i w wodzie<br \/>&#8211; Odleg\u0142o\u015b\u0107, ca\u0142kowita\/przej\u015bciowa zar\u00f3wno dla l\u0105du jak i wody<br \/>&#8211; Kurs, prawdziwy, magnetyczny i wzgl\u0119dny<br \/>&#8211; Obr\u00f3t, pr\u0119dko\u015b\u0107 zwrotu i kierunek<br \/>&#8211; Pr\u0119dko\u015b\u0107 i kierunek wiatru (rzeczywisty, magnetyczny i wzgl\u0119dny)<br \/>&#8211; Temperatura w wodzie i powietrzu<br \/>&#8211; Nap\u0119d, obr\/min, skok \u015bruby i po\u0142o\u017cenie steru<br \/>&#8211; Zegar UTC, czas lokalny i spodziewany czas przybycia<br \/>&#8211; Pr\u0105d, kierunek i pr\u0119dko\u015b\u0107<\/p>\n<\/div>\n<p><img decoding=\"async\" src=\"\/wp-content\/uploads\/2021\/04\/thumb_SKIPPER-ENIR301-SA.jpg\" alt=\"\"><\/p>\n<h1>\n<h3 itemprop=\"name\">Wska\u017anik g\u0142\u0119boko\u015bci SKIPPER IR301<\/h3>\n<\/h1>\n<div>\n<p>&#8211; Wskazanie g\u0142\u0119boko\u015bci<br \/>&#8211; Alarmy<br \/>&#8211; Pokazuje pozycj\u0119 przetwornika w u\u017cyciu<br \/>&#8211; Monta\u017c na wsporniku lub panelu<\/p>\n<\/div>\n<p><img decoding=\"async\" src=\"\/wp-content\/uploads\/2021\/04\/thumb_SKIPPER-DGR-360.jpg\" alt=\"\"><\/p>\n<h1>\n<h3 itemprop=\"name\">Cyfrowy wska\u017anik \u017cyro DGR360<\/h3>\n<\/h1>\n<div>\n<p>&#8211; K\u0105t kursowy<br \/>&#8211; Wizualne wskazanie pr\u0119dko\u015bci obrotowej<br \/>&#8211; Sygna\u0142y HDT\/THS\/HDM<br \/>&#8211; Monta\u017c na wsporniku lub panelu<\/p>\n<\/div>\n<p><img decoding=\"async\" src=\"\/wp-content\/uploads\/2021\/04\/thumb_SKIPPER-ENIR300PD-SA.jpg\" alt=\"\"><\/p>\n<h1>\n<h3 itemprop=\"name\">Wska\u017anik pr\u0119dko\u015bci SKIPPER IR300<\/h3>\n<\/h1>\n<div>\n<p>&#8211; Wska\u017anik pr\u0119dko\u015bci<br \/>&#8211; Alarmy &#8211; Alarm pr\u0119dko\u015bci<br \/>&#8211; Licznik podr\u00f3\u017cy<br \/>&#8211; Licznik odleg\u0142o\u015bci<br \/>&#8211; Wskazanie jednej, dw\u00f3ch lub trzech osi<br \/>&#8211; Monta\u017c na wsporniku lub na panelu<\/p>\n<\/div>\n<p><!--more--><br \/>\n<!-- {\"type\":\"layout\",\"children\":[{\"type\":\"section\",\"props\":{\"style\":\"default\",\"width\":\"default\",\"vertical_align\":\"middle\",\"title_position\":\"top-left\",\"title_rotation\":\"left\",\"title_breakpoint\":\"xl\",\"image_position\":\"center-center\"},\"children\":[{\"type\":\"row\",\"children\":[{\"type\":\"column\",\"props\":{\"image_position\":\"center-center\",\"media_overlay_gradient\":\"\"},\"children\":[{\"type\":\"headline\",\"props\":{\"title_element\":\"h1\",\"content\":\"Wska\\u017aniki marki Skipper\"}},{\"type\":\"divider\",\"props\":{\"divider_element\":\"hr\"}}]}]}]},{\"type\":\"section\",\"props\":{\"style\":\"default\",\"width\":\"default\",\"vertical_align\":\"middle\",\"title_position\":\"top-left\",\"title_rotation\":\"left\",\"title_breakpoint\":\"xl\",\"image_position\":\"center-center\"},\"children\":[{\"type\":\"row\",\"props\":{\"layout\":\"1-4,1-4,1-4,1-4|1-2,1-2,1-2,1-2\"},\"children\":[{\"type\":\"column\",\"props\":{\"image_position\":\"center-center\",\"media_overlay_gradient\":\"\",\"width_medium\":\"1-4\",\"width_small\":\"1-2\"},\"children\":[{\"type\":\"image\",\"props\":{\"margin\":\"default\",\"image_svg_color\":\"emphasis\",\"image\":\"wp-content\\\/uploads\\\/2021\\\/04\\\/thumb_SKIPPER-CD401MR-SB.jpg\"}},{\"type\":\"headline\",\"props\":{\"title_element\":\"h1\",\"content\":\"\n\n<h3 itemprop=\\\"name\\\">Multi Repeater CD401MR-SB<\\\/h3>\"}}]},{\"type\":\"column\",\"props\":{\"image_position\":\"center-center\",\"media_overlay_gradient\":\"\",\"width_medium\":\"1-4\",\"width_small\":\"1-2\"},\"children\":[{\"type\":\"text\",\"props\":{\"margin\":\"default\",\"column_breakpoint\":\"m\",\"content\":\"\n\n<p>- G\\u0142\\u0119boko\\u015b\\u0107 pod powierzchni\\u0105, st\\u0119pk\\u0105 i przetwornikiem<br \\\/>- Pr\\u0119dko\\u015b\\u0107 nad dnem i w wodzie<br \\\/>- Odleg\\u0142o\\u015b\\u0107, ca\\u0142kowita\\\/przej\\u015bciowa zar\\u00f3wno dla l\\u0105du jak i wody<br \\\/>- Kurs, prawdziwy, magnetyczny i wzgl\\u0119dny<br \\\/>- Obr\\u00f3t, pr\\u0119dko\\u015b\\u0107 zwrotu i kierunek<br \\\/>- Pr\\u0119dko\\u015b\\u0107 i kierunek wiatru (rzeczywisty, magnetyczny i wzgl\\u0119dny)<br \\\/>- Temperatura w wodzie i powietrzu<br \\\/>- Nap\\u0119d, obr\\\/min, skok \\u015bruby i po\\u0142o\\u017cenie steru<br \\\/>- Zegar UTC, czas lokalny i spodziewany czas przybycia<br \\\/>- Pr\\u0105d, kierunek i pr\\u0119dko\\u015b\\u0107<\\\/p>\"}}]},{\"type\":\"column\",\"props\":{\"image_position\":\"center-center\",\"media_overlay_gradient\":\"\",\"width_medium\":\"1-4\",\"width_small\":\"1-2\"},\"children\":[{\"type\":\"image\",\"props\":{\"margin\":\"default\",\"image_svg_color\":\"emphasis\",\"image\":\"wp-content\\\/uploads\\\/2021\\\/04\\\/thumb_SKIPPER-ENIR301-SA.jpg\"}},{\"type\":\"headline\",\"props\":{\"title_element\":\"h1\",\"content\":\"\n\n<h3 itemprop=\\\"name\\\">Wska\\u017anik g\\u0142\\u0119boko\\u015bci SKIPPER IR301<\\\/h3>\"}}]},{\"type\":\"column\",\"props\":{\"image_position\":\"center-center\",\"media_overlay_gradient\":\"\",\"width_medium\":\"1-4\",\"width_small\":\"1-2\"},\"children\":[{\"type\":\"text\",\"props\":{\"margin\":\"default\",\"column_breakpoint\":\"m\",\"content\":\"\n\n<p>- Wskazanie g\\u0142\\u0119boko\\u015bci<br \\\/>- Alarmy<br \\\/>- Pokazuje pozycj\\u0119 przetwornika w u\\u017cyciu<br \\\/>- Monta\\u017c na wsporniku lub panelu<\\\/p>\"}}]}]}]},{\"type\":\"section\",\"props\":{\"style\":\"default\",\"width\":\"default\",\"vertical_align\":\"middle\",\"title_position\":\"top-left\",\"title_rotation\":\"left\",\"title_breakpoint\":\"xl\",\"image_position\":\"center-center\"},\"children\":[{\"type\":\"row\",\"props\":{\"layout\":\"1-4,1-4,1-4,1-4|1-2,1-2,1-2,1-2\"},\"children\":[{\"type\":\"column\",\"props\":{\"image_position\":\"center-center\",\"media_overlay_gradient\":\"\",\"width_medium\":\"1-4\",\"width_small\":\"1-2\"},\"children\":[{\"type\":\"image\",\"props\":{\"margin\":\"default\",\"image_svg_color\":\"emphasis\",\"image\":\"wp-content\\\/uploads\\\/2021\\\/04\\\/thumb_SKIPPER-DGR-360.jpg\"}},{\"type\":\"headline\",\"props\":{\"title_element\":\"h1\",\"content\":\"\n\n<h3 itemprop=\\\"name\\\">Cyfrowy wska\\u017anik \\u017cyro DGR360<\\\/h3>\"}}]},{\"type\":\"column\",\"props\":{\"image_position\":\"center-center\",\"media_overlay_gradient\":\"\",\"width_medium\":\"1-4\",\"width_small\":\"1-2\"},\"children\":[{\"type\":\"text\",\"props\":{\"margin\":\"default\",\"column_breakpoint\":\"m\",\"content\":\"\n\n<p>- K\\u0105t kursowy<br \\\/>- Wizualne wskazanie pr\\u0119dko\\u015bci obrotowej<br \\\/>- Sygna\\u0142y HDT\\\/THS\\\/HDM<br \\\/>- Monta\\u017c na wsporniku lub panelu<\\\/p>\"}}]},{\"type\":\"column\",\"props\":{\"image_position\":\"center-center\",\"media_overlay_gradient\":\"\",\"width_medium\":\"1-4\",\"width_small\":\"1-2\"},\"children\":[{\"type\":\"image\",\"props\":{\"margin\":\"default\",\"image_svg_color\":\"emphasis\",\"image\":\"wp-content\\\/uploads\\\/2021\\\/04\\\/thumb_SKIPPER-ENIR300PD-SA.jpg\"}},{\"type\":\"headline\",\"props\":{\"title_element\":\"h1\",\"content\":\"\n\n<h3 itemprop=\\\"name\\\">Wska\\u017anik pr\\u0119dko\\u015bci SKIPPER IR300<\\\/h3>\"}}]},{\"type\":\"column\",\"props\":{\"image_position\":\"center-center\",\"media_overlay_gradient\":\"\",\"width_medium\":\"1-4\",\"width_small\":\"1-2\"},\"children\":[{\"type\":\"text\",\"props\":{\"margin\":\"default\",\"column_breakpoint\":\"m\",\"content\":\"\n\n<p>- Wska\\u017anik pr\\u0119dko\\u015bci<br \\\/>- Alarmy - Alarm pr\\u0119dko\\u015bci<br \\\/>- Licznik podr\\u00f3\\u017cy<br \\\/>- Licznik odleg\\u0142o\\u015bci<br \\\/>- Wskazanie jednej, dw\\u00f3ch lub trzech osi<br \\\/>- Monta\\u017c na wsporniku lub na panelu<\\\/p>\"}}]}]}]}],\"version\":\"2.4.14\"} --><\/p>\n","protected":false},"excerpt":{"rendered":"<p>Wska\u017aniki marki Skipper Multi Repeater CD401MR-SB &#8211; G\u0142\u0119boko\u015b\u0107 pod powierzchni\u0105, st\u0119pk\u0105 i przetwornikiem&#8211; Pr\u0119dko\u015b\u0107 nad dnem i w wodzie&#8211; Odleg\u0142o\u015b\u0107, ca\u0142kowita\/przej\u015bciowa zar\u00f3wno dla l\u0105du jak i wody&#8211; Kurs, prawdziwy, magnetyczny i wzgl\u0119dny&#8211; Obr\u00f3t, pr\u0119dko\u015b\u0107 zwrotu i kierunek&#8211; Pr\u0119dko\u015b\u0107 i kierunek wiatru (rzeczywisty, magnetyczny i wzgl\u0119dny)&#8211; Temperatura w wodzie i powietrzu&#8211; Nap\u0119d, obr\/min, skok \u015bruby i [&hellip;]<\/p>\n","protected":false},"author":10,"featured_media":0,"parent":0,"menu_order":0,"comment_status":"closed","ping_status":"closed","template":"","meta":{"footnotes":""},"class_list":["post-8931","page","type-page","status-publish","hentry"],"yoast_head":"<!-- This site is optimized with the Yoast SEO plugin v27.5 - https:\/\/yoast.com\/product\/yoast-seo-wordpress\/ -->\n<title>Wska\u017aniki marki Skipper - ESCORT TECHNOLOGY<\/title>\n<meta name=\"robots\" content=\"index, follow, max-snippet:-1, max-image-preview:large, max-video-preview:-1\" \/>\n<link rel=\"canonical\" href=\"https:\/\/escort-technology.com\/en\/wskazniki-marki-skipper\/\" \/>\n<meta property=\"og:locale\" content=\"en_US\" \/>\n<meta property=\"og:type\" content=\"article\" \/>\n<meta property=\"og:title\" content=\"Wska\u017aniki marki Skipper - ESCORT TECHNOLOGY\" \/>\n<meta property=\"og:description\" content=\"Wska\u017aniki marki Skipper Multi Repeater CD401MR-SB &#8211; G\u0142\u0119boko\u015b\u0107 pod powierzchni\u0105, st\u0119pk\u0105 i przetwornikiem&#8211; Pr\u0119dko\u015b\u0107 nad dnem i w wodzie&#8211; Odleg\u0142o\u015b\u0107, ca\u0142kowita\/przej\u015bciowa zar\u00f3wno dla l\u0105du jak i wody&#8211; Kurs, prawdziwy, magnetyczny i wzgl\u0119dny&#8211; Obr\u00f3t, pr\u0119dko\u015b\u0107 zwrotu i kierunek&#8211; Pr\u0119dko\u015b\u0107 i kierunek wiatru (rzeczywisty, magnetyczny i wzgl\u0119dny)&#8211; Temperatura w wodzie i powietrzu&#8211; Nap\u0119d, obr\/min, skok \u015bruby i [&hellip;]\" \/>\n<meta property=\"og:url\" content=\"https:\/\/escort-technology.com\/en\/wskazniki-marki-skipper\/\" \/>\n<meta property=\"og:site_name\" content=\"ESCORT TECHNOLOGY\" \/>\n<meta property=\"article:publisher\" content=\"https:\/\/www.facebook.com\/elektronika.morska\/\" \/>\n<meta property=\"article:modified_time\" content=\"2021-04-28T11:56:22+00:00\" \/>\n<meta property=\"og:image\" content=\"https:\/\/escort-technology.com\/wp-content\/uploads\/2021\/04\/thumb_SKIPPER-CD401MR-SB.jpg\" \/>\n<meta name=\"twitter:card\" content=\"summary_large_image\" \/>\n<meta name=\"twitter:label1\" content=\"Est. reading time\" \/>\n\t<meta name=\"twitter:data1\" content=\"1 minute\" \/>\n<script type=\"application\/ld+json\" class=\"yoast-schema-graph\">{\"@context\":\"https:\\\/\\\/schema.org\",\"@graph\":[{\"@type\":\"WebPage\",\"@id\":\"https:\\\/\\\/escort-technology.com\\\/pl\\\/wskazniki-marki-skipper\\\/\",\"url\":\"https:\\\/\\\/escort-technology.com\\\/pl\\\/wskazniki-marki-skipper\\\/\",\"name\":\"Wska\u017aniki marki Skipper - ESCORT TECHNOLOGY\",\"isPartOf\":{\"@id\":\"http:\\\/\\\/escort-technology.com\\\/de\\\/#website\"},\"datePublished\":\"2021-04-28T11:44:48+00:00\",\"dateModified\":\"2021-04-28T11:56:22+00:00\",\"breadcrumb\":{\"@id\":\"https:\\\/\\\/escort-technology.com\\\/pl\\\/wskazniki-marki-skipper\\\/#breadcrumb\"},\"inLanguage\":\"en-US\",\"potentialAction\":[{\"@type\":\"ReadAction\",\"target\":[\"https:\\\/\\\/escort-technology.com\\\/pl\\\/wskazniki-marki-skipper\\\/\"]}]},{\"@type\":\"BreadcrumbList\",\"@id\":\"https:\\\/\\\/escort-technology.com\\\/pl\\\/wskazniki-marki-skipper\\\/#breadcrumb\",\"itemListElement\":[{\"@type\":\"ListItem\",\"position\":1,\"name\":\"Strona g\u0142\u00f3wna\",\"item\":\"https:\\\/\\\/escort-technology.com\\\/\"},{\"@type\":\"ListItem\",\"position\":2,\"name\":\"Wska\u017aniki marki Skipper\"}]},{\"@type\":\"WebSite\",\"@id\":\"http:\\\/\\\/escort-technology.com\\\/de\\\/#website\",\"url\":\"http:\\\/\\\/escort-technology.com\\\/de\\\/\",\"name\":\"ESCORT TECHNOLOGY\",\"description\":\"Elektronika morska i l\u0105dowa\",\"publisher\":{\"@id\":\"http:\\\/\\\/escort-technology.com\\\/de\\\/#organization\"},\"potentialAction\":[{\"@type\":\"SearchAction\",\"target\":{\"@type\":\"EntryPoint\",\"urlTemplate\":\"http:\\\/\\\/escort-technology.com\\\/de\\\/?s={search_term_string}\"},\"query-input\":{\"@type\":\"PropertyValueSpecification\",\"valueRequired\":true,\"valueName\":\"search_term_string\"}}],\"inLanguage\":\"en-US\"},{\"@type\":\"Organization\",\"@id\":\"http:\\\/\\\/escort-technology.com\\\/de\\\/#organization\",\"name\":\"ESCORT TECHNOLOGY\",\"url\":\"http:\\\/\\\/escort-technology.com\\\/de\\\/\",\"logo\":{\"@type\":\"ImageObject\",\"inLanguage\":\"en-US\",\"@id\":\"http:\\\/\\\/escort-technology.com\\\/de\\\/#\\\/schema\\\/logo\\\/image\\\/\",\"url\":\"https:\\\/\\\/escort-technology.com\\\/wp-content\\\/uploads\\\/logo-1.jpg\",\"contentUrl\":\"https:\\\/\\\/escort-technology.com\\\/wp-content\\\/uploads\\\/logo-1.jpg\",\"width\":600,\"height\":165,\"caption\":\"ESCORT TECHNOLOGY\"},\"image\":{\"@id\":\"http:\\\/\\\/escort-technology.com\\\/de\\\/#\\\/schema\\\/logo\\\/image\\\/\"},\"sameAs\":[\"https:\\\/\\\/www.facebook.com\\\/elektronika.morska\\\/\",\"https:\\\/\\\/www.linkedin.com\\\/company\\\/escort-sp-z-o-o-\\\/\"]}]}<\/script>\n<!-- \/ Yoast SEO plugin. -->","yoast_head_json":{"title":"Wska\u017aniki marki Skipper - ESCORT TECHNOLOGY","robots":{"index":"index","follow":"follow","max-snippet":"max-snippet:-1","max-image-preview":"max-image-preview:large","max-video-preview":"max-video-preview:-1"},"canonical":"https:\/\/escort-technology.com\/en\/wskazniki-marki-skipper\/","og_locale":"en_US","og_type":"article","og_title":"Wska\u017aniki marki Skipper - ESCORT TECHNOLOGY","og_description":"Wska\u017aniki marki Skipper Multi Repeater CD401MR-SB &#8211; G\u0142\u0119boko\u015b\u0107 pod powierzchni\u0105, st\u0119pk\u0105 i przetwornikiem&#8211; Pr\u0119dko\u015b\u0107 nad dnem i w wodzie&#8211; Odleg\u0142o\u015b\u0107, ca\u0142kowita\/przej\u015bciowa zar\u00f3wno dla l\u0105du jak i wody&#8211; Kurs, prawdziwy, magnetyczny i wzgl\u0119dny&#8211; Obr\u00f3t, pr\u0119dko\u015b\u0107 zwrotu i kierunek&#8211; Pr\u0119dko\u015b\u0107 i kierunek wiatru (rzeczywisty, magnetyczny i wzgl\u0119dny)&#8211; Temperatura w wodzie i powietrzu&#8211; Nap\u0119d, obr\/min, skok \u015bruby i [&hellip;]","og_url":"https:\/\/escort-technology.com\/en\/wskazniki-marki-skipper\/","og_site_name":"ESCORT TECHNOLOGY","article_publisher":"https:\/\/www.facebook.com\/elektronika.morska\/","article_modified_time":"2021-04-28T11:56:22+00:00","og_image":[{"url":"https:\/\/escort-technology.com\/wp-content\/uploads\/2021\/04\/thumb_SKIPPER-CD401MR-SB.jpg","type":"","width":"","height":""}],"twitter_card":"summary_large_image","twitter_misc":{"Est. reading time":"1 minute"},"schema":{"@context":"https:\/\/schema.org","@graph":[{"@type":"WebPage","@id":"https:\/\/escort-technology.com\/pl\/wskazniki-marki-skipper\/","url":"https:\/\/escort-technology.com\/pl\/wskazniki-marki-skipper\/","name":"Wska\u017aniki marki Skipper - ESCORT TECHNOLOGY","isPartOf":{"@id":"http:\/\/escort-technology.com\/de\/#website"},"datePublished":"2021-04-28T11:44:48+00:00","dateModified":"2021-04-28T11:56:22+00:00","breadcrumb":{"@id":"https:\/\/escort-technology.com\/pl\/wskazniki-marki-skipper\/#breadcrumb"},"inLanguage":"en-US","potentialAction":[{"@type":"ReadAction","target":["https:\/\/escort-technology.com\/pl\/wskazniki-marki-skipper\/"]}]},{"@type":"BreadcrumbList","@id":"https:\/\/escort-technology.com\/pl\/wskazniki-marki-skipper\/#breadcrumb","itemListElement":[{"@type":"ListItem","position":1,"name":"Strona g\u0142\u00f3wna","item":"https:\/\/escort-technology.com\/"},{"@type":"ListItem","position":2,"name":"Wska\u017aniki marki Skipper"}]},{"@type":"WebSite","@id":"http:\/\/escort-technology.com\/de\/#website","url":"http:\/\/escort-technology.com\/de\/","name":"ESCORT TECHNOLOGY","description":"Onshore and offshore electronics","publisher":{"@id":"http:\/\/escort-technology.com\/de\/#organization"},"potentialAction":[{"@type":"SearchAction","target":{"@type":"EntryPoint","urlTemplate":"http:\/\/escort-technology.com\/de\/?s={search_term_string}"},"query-input":{"@type":"PropertyValueSpecification","valueRequired":true,"valueName":"search_term_string"}}],"inLanguage":"en-US"},{"@type":"Organization","@id":"http:\/\/escort-technology.com\/de\/#organization","name":"ESCORT TECHNOLOGY","url":"http:\/\/escort-technology.com\/de\/","logo":{"@type":"ImageObject","inLanguage":"en-US","@id":"http:\/\/escort-technology.com\/de\/#\/schema\/logo\/image\/","url":"https:\/\/escort-technology.com\/wp-content\/uploads\/logo-1.jpg","contentUrl":"https:\/\/escort-technology.com\/wp-content\/uploads\/logo-1.jpg","width":600,"height":165,"caption":"ESCORT TECHNOLOGY"},"image":{"@id":"http:\/\/escort-technology.com\/de\/#\/schema\/logo\/image\/"},"sameAs":["https:\/\/www.facebook.com\/elektronika.morska\/","https:\/\/www.linkedin.com\/company\/escort-sp-z-o-o-\/"]}]}},"_links":{"self":[{"href":"https:\/\/escort-technology.com\/en\/wp-json\/wp\/v2\/pages\/8931","targetHints":{"allow":["GET"]}}],"collection":[{"href":"https:\/\/escort-technology.com\/en\/wp-json\/wp\/v2\/pages"}],"about":[{"href":"https:\/\/escort-technology.com\/en\/wp-json\/wp\/v2\/types\/page"}],"author":[{"embeddable":true,"href":"https:\/\/escort-technology.com\/en\/wp-json\/wp\/v2\/users\/10"}],"replies":[{"embeddable":true,"href":"https:\/\/escort-technology.com\/en\/wp-json\/wp\/v2\/comments?post=8931"}],"version-history":[{"count":4,"href":"https:\/\/escort-technology.com\/en\/wp-json\/wp\/v2\/pages\/8931\/revisions"}],"predecessor-version":[{"id":8941,"href":"https:\/\/escort-technology.com\/en\/wp-json\/wp\/v2\/pages\/8931\/revisions\/8941"}],"wp:attachment":[{"href":"https:\/\/escort-technology.com\/en\/wp-json\/wp\/v2\/media?parent=8931"}],"curies":[{"name":"wp","href":"https:\/\/api.w.org\/{rel}","templated":true}]}}