{"id":9005,"date":"2021-05-06T09:06:08","date_gmt":"2021-05-06T07:06:08","guid":{"rendered":"https:\/\/escort-technology.com\/?page_id=9005"},"modified":"2021-05-06T09:06:08","modified_gmt":"2021-05-06T07:06:08","slug":"log-skipper-dl2","status":"publish","type":"page","link":"https:\/\/escort-technology.com\/en\/log-skipper-dl2\/","title":{"rendered":"Log SKIPPER DL2"},"content":{"rendered":"<h1>\n<h1 class=\"uk-article-title\">Log SKIPPER DL2<\/h1>\n<\/h1>\n<hr>\n<p><img decoding=\"async\" src=\"\/wp-content\/uploads\/2021\/04\/SD21-screen.gif\" alt=\"\"><\/p>\n<p>\n    <a href=\"http:\/\/www.skipper-service.no\/skipdoc\/data\/\/\/\/Product%20Brochures\/\/Navigational%20Speed%20Logs\/DL2_Brochure_2019_11_12.pdf\">Broszura <\/a>\n<\/p>\n<div>\n<ul>\n<li>Spe\u0142nia wymogi IMO MED-B<\/li>\n<li>Rejestr pr\u0119dko\u015bci wody w dw\u00f3ch osiach (STW)<\/li>\n<li>Pr\u0119dko\u015b\u0107 wzgl\u0119dem dna w dw\u00f3ch osiach (SOG)<\/li>\n<li>Funkcja dokowania jako standard (trzy osie w STW i SOG)<\/li>\n<li>Odczyt temperatury morskiej z czujnika<\/li>\n<li>Wy\u015bwietlacz dotykowy<\/li>\n<li>RMRS i CCS dost\u0119pne na \u017cyczenie<\/li>\n<li>Wyj\u015bcie LAN i NMEA0183<\/li>\n<li>Przyjazne dla u\u017cytkownika programowalne wy\u015bwietlacze i zintegrowane menu<\/li>\n<li>W pe\u0142ni automatyczne ustawienia<\/li>\n<li>Wynikowy pr\u0105d morski z pr\u0119dko\u015bci\u0105 i kierunkiem<\/li>\n<\/ul>\n<\/div>\n<div>\n<p>&#8211; Czujnik Dopplera<br \/>&#8211; Jednostka elektroniczna z wszystkimi wymaganymi wej\u015bciami\/wyj\u015bciami<br \/>&#8211; Jednostka steruj\u0105ca z ekranem dotykowym.<br \/>&#8211; Komunikacja IBS ready LAN.<br \/>&#8211; Ruch poprzeczny statku w kierunku rufy (dokowanie)<\/p>\n<\/div>\n<p><!--more--><br \/>\n<!-- {\"type\":\"layout\",\"children\":[{\"type\":\"section\",\"props\":{\"style\":\"default\",\"width\":\"default\",\"vertical_align\":\"middle\",\"title_position\":\"top-left\",\"title_rotation\":\"left\",\"title_breakpoint\":\"xl\",\"image_position\":\"center-center\"},\"children\":[{\"type\":\"row\",\"children\":[{\"type\":\"column\",\"props\":{\"image_position\":\"center-center\",\"media_overlay_gradient\":\"\"},\"children\":[{\"type\":\"headline\",\"props\":{\"title_element\":\"h1\",\"content\":\"\n\n<h1 class=\\\"uk-article-title\\\">Log SKIPPER DL2<\\\/h1>\"}},{\"type\":\"divider\",\"props\":{\"divider_element\":\"hr\"}}]}]}]},{\"type\":\"section\",\"props\":{\"style\":\"default\",\"width\":\"default\",\"vertical_align\":\"middle\",\"title_position\":\"top-left\",\"title_rotation\":\"left\",\"title_breakpoint\":\"xl\",\"image_position\":\"center-center\"},\"children\":[{\"type\":\"row\",\"props\":{\"layout\":\"1-2,1-2\"},\"children\":[{\"type\":\"column\",\"props\":{\"image_position\":\"center-center\",\"media_overlay_gradient\":\"\",\"width_medium\":\"1-2\"},\"children\":[{\"type\":\"image\",\"props\":{\"margin\":\"default\",\"image_svg_color\":\"emphasis\",\"image\":\"wp-content\\\/uploads\\\/2021\\\/04\\\/SD21-screen.gif\"}},{\"type\":\"button\",\"props\":{\"grid_column_gap\":\"small\",\"grid_row_gap\":\"small\",\"margin\":\"default\",\"text_align\":\"center\"},\"children\":[{\"type\":\"button_item\",\"props\":{\"button_style\":\"default\",\"icon_align\":\"left\",\"content\":\"Broszura \",\"link\":\"http:\\\/\\\/www.skipper-service.no\\\/skipdoc\\\/data\\\/\\\/\\\/\\\/Product%20Brochures\\\/\\\/Navigational%20Speed%20Logs\\\/DL2_Brochure_2019_11_12.pdf\"}}]}]},{\"type\":\"column\",\"props\":{\"image_position\":\"center-center\",\"media_overlay_gradient\":\"\",\"width_medium\":\"1-2\"},\"children\":[{\"type\":\"text\",\"props\":{\"margin\":\"default\",\"column_breakpoint\":\"m\",\"content\":\"\n\n<ul>\\n\n\n<li>Spe\\u0142nia wymogi IMO MED-B<\\\/li>\\n\n\n<li>Rejestr pr\\u0119dko\\u015bci wody w dw\\u00f3ch osiach (STW)<\\\/li>\\n\n\n<li>Pr\\u0119dko\\u015b\\u0107 wzgl\\u0119dem dna w dw\\u00f3ch osiach (SOG)<\\\/li>\\n\n\n<li>Funkcja dokowania jako standard (trzy osie w STW i SOG)<\\\/li>\\n\n\n<li>Odczyt temperatury morskiej z czujnika<\\\/li>\\n\n\n<li>Wy\\u015bwietlacz dotykowy<\\\/li>\\n\n\n<li>RMRS i CCS dost\\u0119pne na \\u017cyczenie<\\\/li>\\n\n\n<li>Wyj\\u015bcie LAN i NMEA0183<\\\/li>\\n\n\n<li>Przyjazne dla u\\u017cytkownika programowalne wy\\u015bwietlacze i zintegrowane menu<\\\/li>\\n\n\n<li>W pe\\u0142ni automatyczne ustawienia<\\\/li>\\n\n\n<li>Wynikowy pr\\u0105d morski z pr\\u0119dko\\u015bci\\u0105 i kierunkiem<\\\/li>\\n<\\\/ul>\"}}]}]}]},{\"type\":\"section\",\"props\":{\"style\":\"default\",\"width\":\"default\",\"vertical_align\":\"middle\",\"title_position\":\"top-left\",\"title_rotation\":\"left\",\"title_breakpoint\":\"xl\",\"image_position\":\"center-center\"},\"children\":[{\"type\":\"row\",\"children\":[{\"type\":\"column\",\"props\":{\"image_position\":\"center-center\",\"media_overlay_gradient\":\"\"},\"children\":[{\"type\":\"text\",\"props\":{\"margin\":\"default\",\"column_breakpoint\":\"m\",\"content\":\"\n\n<p>- Czujnik Dopplera<br \\\/>- Jednostka elektroniczna z wszystkimi wymaganymi wej\\u015bciami\\\/wyj\\u015bciami<br \\\/>- Jednostka steruj\\u0105ca z ekranem dotykowym.<br \\\/>- Komunikacja IBS ready LAN.<br \\\/>- Ruch poprzeczny statku w kierunku rufy (dokowanie)<\\\/p>\"}}]}]}]}],\"version\":\"2.4.14\"} --><\/p>\n","protected":false},"excerpt":{"rendered":"<p>Log SKIPPER DL2 Broszura Spe\u0142nia wymogi IMO MED-B Rejestr pr\u0119dko\u015bci wody w dw\u00f3ch osiach (STW) Pr\u0119dko\u015b\u0107 wzgl\u0119dem dna w dw\u00f3ch osiach (SOG) Funkcja dokowania jako standard (trzy osie w STW i SOG) Odczyt temperatury morskiej z czujnika Wy\u015bwietlacz dotykowy RMRS i CCS dost\u0119pne na \u017cyczenie Wyj\u015bcie LAN i NMEA0183 Przyjazne dla u\u017cytkownika programowalne wy\u015bwietlacze i [&hellip;]<\/p>\n","protected":false},"author":10,"featured_media":0,"parent":0,"menu_order":0,"comment_status":"closed","ping_status":"closed","template":"","meta":{"footnotes":""},"class_list":["post-9005","page","type-page","status-publish","hentry"],"yoast_head":"<!-- This site is optimized with the Yoast SEO plugin v27.5 - https:\/\/yoast.com\/product\/yoast-seo-wordpress\/ -->\n<title>Log SKIPPER DL2 - ESCORT TECHNOLOGY<\/title>\n<meta name=\"robots\" content=\"index, follow, max-snippet:-1, max-image-preview:large, max-video-preview:-1\" \/>\n<link rel=\"canonical\" href=\"https:\/\/escort-technology.com\/en\/log-skipper-dl2\/\" \/>\n<meta property=\"og:locale\" content=\"en_US\" \/>\n<meta property=\"og:type\" content=\"article\" \/>\n<meta property=\"og:title\" content=\"Log SKIPPER DL2 - ESCORT TECHNOLOGY\" \/>\n<meta property=\"og:description\" content=\"Log SKIPPER DL2 Broszura Spe\u0142nia wymogi IMO MED-B Rejestr pr\u0119dko\u015bci wody w dw\u00f3ch osiach (STW) Pr\u0119dko\u015b\u0107 wzgl\u0119dem dna w dw\u00f3ch osiach (SOG) Funkcja dokowania jako standard (trzy osie w STW i SOG) Odczyt temperatury morskiej z czujnika Wy\u015bwietlacz dotykowy RMRS i CCS dost\u0119pne na \u017cyczenie Wyj\u015bcie LAN i NMEA0183 Przyjazne dla u\u017cytkownika programowalne wy\u015bwietlacze i [&hellip;]\" \/>\n<meta property=\"og:url\" content=\"https:\/\/escort-technology.com\/en\/log-skipper-dl2\/\" \/>\n<meta property=\"og:site_name\" content=\"ESCORT TECHNOLOGY\" \/>\n<meta property=\"article:publisher\" content=\"https:\/\/www.facebook.com\/elektronika.morska\/\" \/>\n<meta property=\"og:image\" content=\"https:\/\/escort-technology.com\/wp-content\/uploads\/2021\/04\/SD21-screen.gif\" \/>\n<meta name=\"twitter:card\" content=\"summary_large_image\" \/>\n<meta name=\"twitter:label1\" content=\"Est. reading time\" \/>\n\t<meta name=\"twitter:data1\" content=\"1 minute\" \/>\n<script type=\"application\/ld+json\" class=\"yoast-schema-graph\">{\"@context\":\"https:\\\/\\\/schema.org\",\"@graph\":[{\"@type\":\"WebPage\",\"@id\":\"https:\\\/\\\/escort-technology.com\\\/en\\\/log-skipper-dl2\\\/\",\"url\":\"https:\\\/\\\/escort-technology.com\\\/en\\\/log-skipper-dl2\\\/\",\"name\":\"Log SKIPPER DL2 - ESCORT TECHNOLOGY\",\"isPartOf\":{\"@id\":\"http:\\\/\\\/escort-technology.com\\\/de\\\/#website\"},\"datePublished\":\"2021-05-06T07:06:08+00:00\",\"breadcrumb\":{\"@id\":\"https:\\\/\\\/escort-technology.com\\\/en\\\/log-skipper-dl2\\\/#breadcrumb\"},\"inLanguage\":\"en-US\",\"potentialAction\":[{\"@type\":\"ReadAction\",\"target\":[\"https:\\\/\\\/escort-technology.com\\\/en\\\/log-skipper-dl2\\\/\"]}]},{\"@type\":\"BreadcrumbList\",\"@id\":\"https:\\\/\\\/escort-technology.com\\\/en\\\/log-skipper-dl2\\\/#breadcrumb\",\"itemListElement\":[{\"@type\":\"ListItem\",\"position\":1,\"name\":\"Strona g\u0142\u00f3wna\",\"item\":\"https:\\\/\\\/escort-technology.com\\\/\"},{\"@type\":\"ListItem\",\"position\":2,\"name\":\"Log SKIPPER DL2\"}]},{\"@type\":\"WebSite\",\"@id\":\"http:\\\/\\\/escort-technology.com\\\/de\\\/#website\",\"url\":\"http:\\\/\\\/escort-technology.com\\\/de\\\/\",\"name\":\"ESCORT TECHNOLOGY\",\"description\":\"Elektronika morska i l\u0105dowa\",\"publisher\":{\"@id\":\"http:\\\/\\\/escort-technology.com\\\/de\\\/#organization\"},\"potentialAction\":[{\"@type\":\"SearchAction\",\"target\":{\"@type\":\"EntryPoint\",\"urlTemplate\":\"http:\\\/\\\/escort-technology.com\\\/de\\\/?s={search_term_string}\"},\"query-input\":{\"@type\":\"PropertyValueSpecification\",\"valueRequired\":true,\"valueName\":\"search_term_string\"}}],\"inLanguage\":\"en-US\"},{\"@type\":\"Organization\",\"@id\":\"http:\\\/\\\/escort-technology.com\\\/de\\\/#organization\",\"name\":\"ESCORT TECHNOLOGY\",\"url\":\"http:\\\/\\\/escort-technology.com\\\/de\\\/\",\"logo\":{\"@type\":\"ImageObject\",\"inLanguage\":\"en-US\",\"@id\":\"http:\\\/\\\/escort-technology.com\\\/de\\\/#\\\/schema\\\/logo\\\/image\\\/\",\"url\":\"https:\\\/\\\/escort-technology.com\\\/wp-content\\\/uploads\\\/logo-1.jpg\",\"contentUrl\":\"https:\\\/\\\/escort-technology.com\\\/wp-content\\\/uploads\\\/logo-1.jpg\",\"width\":600,\"height\":165,\"caption\":\"ESCORT TECHNOLOGY\"},\"image\":{\"@id\":\"http:\\\/\\\/escort-technology.com\\\/de\\\/#\\\/schema\\\/logo\\\/image\\\/\"},\"sameAs\":[\"https:\\\/\\\/www.facebook.com\\\/elektronika.morska\\\/\",\"https:\\\/\\\/www.linkedin.com\\\/company\\\/escort-sp-z-o-o-\\\/\"]}]}<\/script>\n<!-- \/ Yoast SEO plugin. -->","yoast_head_json":{"title":"Log SKIPPER DL2 - ESCORT TECHNOLOGY","robots":{"index":"index","follow":"follow","max-snippet":"max-snippet:-1","max-image-preview":"max-image-preview:large","max-video-preview":"max-video-preview:-1"},"canonical":"https:\/\/escort-technology.com\/en\/log-skipper-dl2\/","og_locale":"en_US","og_type":"article","og_title":"Log SKIPPER DL2 - ESCORT TECHNOLOGY","og_description":"Log SKIPPER DL2 Broszura Spe\u0142nia wymogi IMO MED-B Rejestr pr\u0119dko\u015bci wody w dw\u00f3ch osiach (STW) Pr\u0119dko\u015b\u0107 wzgl\u0119dem dna w dw\u00f3ch osiach (SOG) Funkcja dokowania jako standard (trzy osie w STW i SOG) Odczyt temperatury morskiej z czujnika Wy\u015bwietlacz dotykowy RMRS i CCS dost\u0119pne na \u017cyczenie Wyj\u015bcie LAN i NMEA0183 Przyjazne dla u\u017cytkownika programowalne wy\u015bwietlacze i [&hellip;]","og_url":"https:\/\/escort-technology.com\/en\/log-skipper-dl2\/","og_site_name":"ESCORT TECHNOLOGY","article_publisher":"https:\/\/www.facebook.com\/elektronika.morska\/","og_image":[{"url":"https:\/\/escort-technology.com\/wp-content\/uploads\/2021\/04\/SD21-screen.gif","type":"","width":"","height":""}],"twitter_card":"summary_large_image","twitter_misc":{"Est. reading time":"1 minute"},"schema":{"@context":"https:\/\/schema.org","@graph":[{"@type":"WebPage","@id":"https:\/\/escort-technology.com\/en\/log-skipper-dl2\/","url":"https:\/\/escort-technology.com\/en\/log-skipper-dl2\/","name":"Log SKIPPER DL2 - ESCORT TECHNOLOGY","isPartOf":{"@id":"http:\/\/escort-technology.com\/de\/#website"},"datePublished":"2021-05-06T07:06:08+00:00","breadcrumb":{"@id":"https:\/\/escort-technology.com\/en\/log-skipper-dl2\/#breadcrumb"},"inLanguage":"en-US","potentialAction":[{"@type":"ReadAction","target":["https:\/\/escort-technology.com\/en\/log-skipper-dl2\/"]}]},{"@type":"BreadcrumbList","@id":"https:\/\/escort-technology.com\/en\/log-skipper-dl2\/#breadcrumb","itemListElement":[{"@type":"ListItem","position":1,"name":"Strona g\u0142\u00f3wna","item":"https:\/\/escort-technology.com\/"},{"@type":"ListItem","position":2,"name":"Log SKIPPER DL2"}]},{"@type":"WebSite","@id":"http:\/\/escort-technology.com\/de\/#website","url":"http:\/\/escort-technology.com\/de\/","name":"ESCORT TECHNOLOGY","description":"Onshore and offshore electronics","publisher":{"@id":"http:\/\/escort-technology.com\/de\/#organization"},"potentialAction":[{"@type":"SearchAction","target":{"@type":"EntryPoint","urlTemplate":"http:\/\/escort-technology.com\/de\/?s={search_term_string}"},"query-input":{"@type":"PropertyValueSpecification","valueRequired":true,"valueName":"search_term_string"}}],"inLanguage":"en-US"},{"@type":"Organization","@id":"http:\/\/escort-technology.com\/de\/#organization","name":"ESCORT TECHNOLOGY","url":"http:\/\/escort-technology.com\/de\/","logo":{"@type":"ImageObject","inLanguage":"en-US","@id":"http:\/\/escort-technology.com\/de\/#\/schema\/logo\/image\/","url":"https:\/\/escort-technology.com\/wp-content\/uploads\/logo-1.jpg","contentUrl":"https:\/\/escort-technology.com\/wp-content\/uploads\/logo-1.jpg","width":600,"height":165,"caption":"ESCORT TECHNOLOGY"},"image":{"@id":"http:\/\/escort-technology.com\/de\/#\/schema\/logo\/image\/"},"sameAs":["https:\/\/www.facebook.com\/elektronika.morska\/","https:\/\/www.linkedin.com\/company\/escort-sp-z-o-o-\/"]}]}},"_links":{"self":[{"href":"https:\/\/escort-technology.com\/en\/wp-json\/wp\/v2\/pages\/9005","targetHints":{"allow":["GET"]}}],"collection":[{"href":"https:\/\/escort-technology.com\/en\/wp-json\/wp\/v2\/pages"}],"about":[{"href":"https:\/\/escort-technology.com\/en\/wp-json\/wp\/v2\/types\/page"}],"author":[{"embeddable":true,"href":"https:\/\/escort-technology.com\/en\/wp-json\/wp\/v2\/users\/10"}],"replies":[{"embeddable":true,"href":"https:\/\/escort-technology.com\/en\/wp-json\/wp\/v2\/comments?post=9005"}],"version-history":[{"count":3,"href":"https:\/\/escort-technology.com\/en\/wp-json\/wp\/v2\/pages\/9005\/revisions"}],"predecessor-version":[{"id":9010,"href":"https:\/\/escort-technology.com\/en\/wp-json\/wp\/v2\/pages\/9005\/revisions\/9010"}],"wp:attachment":[{"href":"https:\/\/escort-technology.com\/en\/wp-json\/wp\/v2\/media?parent=9005"}],"curies":[{"name":"wp","href":"https:\/\/api.w.org\/{rel}","templated":true}]}}